{"id":83843,"date":"2024-07-23T06:31:22","date_gmt":"2024-07-23T06:31:22","guid":{"rendered":"https:\/\/pet24.md\/?post_type=product&#038;p=83843"},"modified":"2024-09-22T22:14:45","modified_gmt":"2024-09-22T22:14:45","slug":"suhoj-korm-dlya-sobak-brit-care-dog-s-lososem-12-kg","status":"publish","type":"product","link":"https:\/\/pet24.md\/ro\/produs\/suhoj-korm-dlya-sobak-brit-care-dog-s-lososem-12-kg\/","title":{"rendered":"Brit Care Dog Hrana uscata pentru caini cu somon 12 kg"},"content":{"rendered":"<h2>Hrana uscata pentru caini Brit Care Dog Grain Free Junior Breed Somon, 12 kg<\/h2>\n<h3>Principalele caracteristici ale hranei uscate pentru c\u00e2ini Brit Care Dog cu somon<\/h3>\n<ul>\n<li><strong>V\u00e2rsta c\u00e2inelui<\/strong>: C\u00e2ini tineri de talie mare (3 luni - 2 ani), cu o greutate mai mare de 25 kg.<\/li>\n<li><strong>Formula fara cereale<\/strong>: Somon \u0219i cartofi.<\/li>\n<\/ul>\n<h3>Beneficiile produsului<\/h3>\n<ul>\n<li><strong>Valoare nutritiv\u0103 ridicat\u0103<\/strong>: Sprijin\u0103 cre\u0219terea \u0219i dezvoltarea s\u0103n\u0103toas\u0103.<\/li>\n<li><strong>Ideal pentru cainii de rasa mare<\/strong>: Ajut\u0103 la \u00eent\u0103rirea oaselor \u0219i articula\u021biilor.<\/li>\n<\/ul>\n<h3>Compus<\/h3>\n<ul>\n<li><strong>Somon uscat (35%)<\/strong>: Sursa principala de proteine.<\/li>\n<li><strong>Cartofi (32%)<\/strong>: Surs\u0103 natural\u0103 de carbohidra\u021bi.<\/li>\n<li><strong>Ingrediente suplimentare<\/strong>: Proteine din somon, gr\u0103sime de pui, ulei de pe\u0219te, mere uscate, arome naturale \u0219i drojdie.<\/li>\n<\/ul>\n<h3>Componente analitice<\/h3>\n<ul>\n<li><strong>Proteine brute<\/strong>: 28%<\/li>\n<li><strong>Gr\u0103sime brut\u0103<\/strong>: 15%<\/li>\n<li><strong>Umiditate<\/strong>: 10%<\/li>\n<li><strong>Cenu\u0219\u0103 crud\u0103<\/strong>: 7,4%<\/li>\n<li><strong>Fibr\u0103 brut\u0103<\/strong>: 2,5%<\/li>\n<li><strong>Calciu<\/strong>: 1,2%<\/li>\n<li><strong>Fosfor<\/strong>: 1,0%<\/li>\n<\/ul>\n<h3>Nutrien\u021bi<\/h3>\n<ul>\n<li><strong>Vitamina A<\/strong>: 23.000 UI<\/li>\n<li><strong>Vitamina D3<\/strong>: 1.800 UI<\/li>\n<li><strong>Vitamina E<\/strong>: 600 mg<\/li>\n<li><strong>Vitamina C<\/strong>: 300 mg<\/li>\n<li><strong>Clorura de colina<\/strong>: 700 mg<\/li>\n<li><strong>Biotina<\/strong>: 0,75 mg<\/li>\n<li><strong>Vitamina B1<\/strong>: 1,2 mg<\/li>\n<li><strong>Vitamina B2<\/strong>: 4,5 mg<\/li>\n<li><strong>Niacinamid\u0103<\/strong>: 15 mg<\/li>\n<li><strong>pantotenat de calciu<\/strong>: 12 mg<\/li>\n<li><strong>Vitamina B6<\/strong>: 1,2 mg<\/li>\n<li><strong>Acid folic<\/strong>: 0,6 mg<\/li>\n<li><strong>Vitamina B12<\/strong>: 0,05 mg<\/li>\n<li><strong>Zinc<\/strong>: 100 mg<\/li>\n<li><strong>Fier<\/strong>: 90 mg<\/li>\n<li><strong>Mangan<\/strong>: 45 mg<\/li>\n<li><strong>Iod<\/strong>: 0,8 mg<\/li>\n<li><strong>Cupru<\/strong>: 18 mg<\/li>\n<li><strong>Seleniu<\/strong>: 0,3 mg<\/li>\n<\/ul>\n<p>Brit Care Dog Grain Free Junior Large Breed cu somon \u0219i cartofi ofer\u0103 c\u00e2inilor tineri de rase mari to\u021bi nutrien\u021bii esen\u021biali pentru o cre\u0219tere \u0219i o dezvoltare s\u0103n\u0103toas\u0103.<\/p>","protected":false},"excerpt":{"rendered":"<p>Brit Care Dog Grain Free Junior Large Breed cu somon \u0219i cartofi ofer\u0103 tinerilor c\u00e2ini de talie mare (3 luni - 2 ani) to\u021bi nutrien\u021bii esen\u021biali pentru o cre\u0219tere \u0219i o dezvoltare s\u0103n\u0103toas\u0103. Hran\u0103 complet\u0103 bogat\u0103 \u00een proteine \u0219i vitamine pentru a sus\u021bine oasele \u0219i articula\u021biile.<\/p>","protected":false},"featured_media":91318,"comment_status":"closed","ping_status":"closed","template":"","meta":[],"product_brand":[],"product_cat":[136,293,337],"product_tag":[638,345,480,325],"class_list":{"0":"post-83843","1":"product","2":"type-product","3":"status-publish","4":"has-post-thumbnail","6":"product_cat-dog","7":"product_cat-dogfood","8":"product_cat-dogdry","9":"product_tag-brit","10":"product_tag-losos","11":"product_tag-sobaka","12":"product_tag-suhoj-korm","13":"pa_age-pet-vzroslyj","14":"pa_brand-brit-care","15":"pa_breed-size-dlya-vseh-porod","16":"pa_feed-class-super-premium","17":"pa_meat-ingredients-losos","18":"pa_packaging-meshok","19":"pa_pet-sobaka","20":"pa_pet-feature-zdorovyj-pitomecz","21":"pa_plant-ingredient-kartofel","22":"pa_type-feed-suhoj-korm","23":"pa_weight-12-kg","25":"first","26":"instock","27":"sale","28":"shipping-taxable","29":"product-type-simple"},"yoast_head":"<!-- This site is optimized with the Yoast SEO Premium plugin v23.7 (Yoast SEO v27.5) - https:\/\/yoast.com\/product\/yoast-seo-premium-wordpress\/ -->\n<title>Brit Care Dog \u0441\u0443\u0445\u043e\u0439 \u043a\u043e\u0440\u043c \u0434\u043b\u044f \u0441\u043e\u0431\u0430\u043a \u0441 \u043b\u043e\u0441\u043e\u0441\u0435\u043c, 12 \u043a\u0433<\/title>\n<meta name=\"description\" content=\"\u041a\u0443\u043f\u0438\u0442\u044c Brit Care Dog \u0441\u0443\u0445\u043e\u0439 \u043a\u043e\u0440\u043c \u0434\u043b\u044f \u0441\u043e\u0431\u0430\u043a \u0441 \u043b\u043e\u0441\u043e\u0441\u0435\u043c, 12 \u043a\u0433 \u0441 \u0434\u043e\u0441\u0442\u0430\u0432\u043a\u043e\u0439 \u043f\u043e \u041a\u0438\u0448\u0438\u043d\u0435\u0432\u0443 \u0438 \u0432\u0441\u0435\u0439 \u041c\u043e\u043b\u0434\u043e\u0432\u0435 \u043d\u0430 Pet24\" \/>\n<meta name=\"robots\" content=\"index, follow, max-snippet:-1, max-image-preview:large, max-video-preview:-1\" \/>\n<link rel=\"canonical\" href=\"https:\/\/pet24.md\/ro\/produs\/suhoj-korm-dlya-sobak-brit-care-dog-s-lososem-12-kg\/\" \/>\n<meta property=\"og:locale\" content=\"ro_RO\" \/>\n<meta property=\"og:type\" content=\"article\" \/>\n<meta property=\"og:title\" content=\"Brit Care Dog \u0441\u0443\u0445\u043e\u0439 \u043a\u043e\u0440\u043c \u0434\u043b\u044f \u0441\u043e\u0431\u0430\u043a \u0441 \u043b\u043e\u0441\u043e\u0441\u0435\u043c, 12 \u043a\u0433\" \/>\n<meta property=\"og:description\" content=\"\u041a\u0443\u043f\u0438\u0442\u044c Brit Care Dog \u0441\u0443\u0445\u043e\u0439 \u043a\u043e\u0440\u043c \u0434\u043b\u044f \u0441\u043e\u0431\u0430\u043a \u0441 \u043b\u043e\u0441\u043e\u0441\u0435\u043c, 12 \u043a\u0433 \u0441 \u0434\u043e\u0441\u0442\u0430\u0432\u043a\u043e\u0439 \u043f\u043e \u041a\u0438\u0448\u0438\u043d\u0435\u0432\u0443 \u0438 \u0432\u0441\u0435\u0439 \u041c\u043e\u043b\u0434\u043e\u0432\u0435 \u043d\u0430 Pet24\" \/>\n<meta property=\"og:url\" content=\"https:\/\/pet24.md\/ro\/produs\/suhoj-korm-dlya-sobak-brit-care-dog-s-lososem-12-kg\/\" \/>\n<meta property=\"og:site_name\" content=\"Pet24\" \/>\n<meta property=\"article:publisher\" content=\"https:\/\/www.facebook.com\/pet24.md\" \/>\n<meta property=\"article:modified_time\" content=\"2024-09-22T22:14:45+00:00\" \/>\n<meta property=\"og:image\" content=\"https:\/\/pet24.md\/wp-content\/uploads\/2024\/07\/suhoj-korm-dlya-sobak-brit-care-dog-s-lososem-12-kg.png\" \/>\n\t<meta property=\"og:image:width\" content=\"500\" \/>\n\t<meta property=\"og:image:height\" content=\"500\" \/>\n\t<meta property=\"og:image:type\" content=\"image\/png\" \/>\n<meta name=\"twitter:card\" content=\"summary_large_image\" \/>\n<script type=\"application\/ld+json\" class=\"yoast-schema-graph\">{\"@context\":\"https:\\\/\\\/schema.org\",\"@graph\":[{\"@type\":\"WebPage\",\"@id\":\"https:\\\/\\\/pet24.md\\\/product\\\/suhoj-korm-dlya-sobak-brit-care-dog-s-lososem-12-kg\\\/\",\"url\":\"https:\\\/\\\/pet24.md\\\/product\\\/suhoj-korm-dlya-sobak-brit-care-dog-s-lososem-12-kg\\\/\",\"name\":\"Brit Care Dog \u0441\u0443\u0445\u043e\u0439 \u043a\u043e\u0440\u043c \u0434\u043b\u044f \u0441\u043e\u0431\u0430\u043a \u0441 \u043b\u043e\u0441\u043e\u0441\u0435\u043c, 12 \u043a\u0433\",\"isPartOf\":{\"@id\":\"https:\\\/\\\/pet24.md\\\/#website\"},\"primaryImageOfPage\":{\"@id\":\"https:\\\/\\\/pet24.md\\\/product\\\/suhoj-korm-dlya-sobak-brit-care-dog-s-lososem-12-kg\\\/#primaryimage\"},\"image\":{\"@id\":\"https:\\\/\\\/pet24.md\\\/product\\\/suhoj-korm-dlya-sobak-brit-care-dog-s-lososem-12-kg\\\/#primaryimage\"},\"thumbnailUrl\":\"https:\\\/\\\/pet24.md\\\/wp-content\\\/uploads\\\/2024\\\/07\\\/suhoj-korm-dlya-sobak-brit-care-dog-s-lososem-12-kg.png\",\"datePublished\":\"2024-07-23T06:31:22+00:00\",\"dateModified\":\"2024-09-22T22:14:45+00:00\",\"description\":\"\u041a\u0443\u043f\u0438\u0442\u044c Brit Care Dog \u0441\u0443\u0445\u043e\u0439 \u043a\u043e\u0440\u043c \u0434\u043b\u044f \u0441\u043e\u0431\u0430\u043a \u0441 \u043b\u043e\u0441\u043e\u0441\u0435\u043c, 12 \u043a\u0433 \u0441 \u0434\u043e\u0441\u0442\u0430\u0432\u043a\u043e\u0439 \u043f\u043e \u041a\u0438\u0448\u0438\u043d\u0435\u0432\u0443 \u0438 \u0432\u0441\u0435\u0439 \u041c\u043e\u043b\u0434\u043e\u0432\u0435 \u043d\u0430 Pet24\",\"breadcrumb\":{\"@id\":\"https:\\\/\\\/pet24.md\\\/product\\\/suhoj-korm-dlya-sobak-brit-care-dog-s-lososem-12-kg\\\/#breadcrumb\"},\"inLanguage\":\"ro-RO\",\"potentialAction\":[{\"@type\":\"ReadAction\",\"target\":[\"https:\\\/\\\/pet24.md\\\/product\\\/suhoj-korm-dlya-sobak-brit-care-dog-s-lososem-12-kg\\\/\"]}]},{\"@type\":\"ImageObject\",\"inLanguage\":\"ro-RO\",\"@id\":\"https:\\\/\\\/pet24.md\\\/product\\\/suhoj-korm-dlya-sobak-brit-care-dog-s-lososem-12-kg\\\/#primaryimage\",\"url\":\"https:\\\/\\\/pet24.md\\\/wp-content\\\/uploads\\\/2024\\\/07\\\/suhoj-korm-dlya-sobak-brit-care-dog-s-lososem-12-kg.png\",\"contentUrl\":\"https:\\\/\\\/pet24.md\\\/wp-content\\\/uploads\\\/2024\\\/07\\\/suhoj-korm-dlya-sobak-brit-care-dog-s-lososem-12-kg.png\",\"width\":500,\"height\":500},{\"@type\":\"BreadcrumbList\",\"@id\":\"https:\\\/\\\/pet24.md\\\/product\\\/suhoj-korm-dlya-sobak-brit-care-dog-s-lososem-12-kg\\\/#breadcrumb\",\"itemListElement\":[{\"@type\":\"ListItem\",\"position\":1,\"name\":\"\u0413\u043b\u0430\u0432\u043d\u0430\u044f \u0441\u0442\u0440\u0430\u043d\u0438\u0446\u0430\",\"item\":\"https:\\\/\\\/pet24.md\\\/\"},{\"@type\":\"ListItem\",\"position\":2,\"name\":\"\u041c\u0430\u0433\u0430\u0437\u0438\u043d\",\"item\":\"https:\\\/\\\/pet24.md\\\/shop\\\/\"},{\"@type\":\"ListItem\",\"position\":3,\"name\":\"Brit Care Dog \u0441\u0443\u0445\u043e\u0439 \u043a\u043e\u0440\u043c \u0434\u043b\u044f \u0441\u043e\u0431\u0430\u043a \u0441 \u043b\u043e\u0441\u043e\u0441\u0435\u043c, 12 \u043a\u0433\"}]},{\"@type\":\"WebSite\",\"@id\":\"https:\\\/\\\/pet24.md\\\/#website\",\"url\":\"https:\\\/\\\/pet24.md\\\/\",\"name\":\"Pet24\",\"description\":\"\u0417\u043e\u043e\u043c\u0430\u0433\u0430\u0437\u0438\u043d \u0442\u043e\u0432\u0430\u0440\u043e\u0432 \u0434\u043b\u044f \u0434\u043e\u043c\u0430\u0448\u043d\u0438\u0445 \u043f\u0438\u0442\u043e\u043c\u0446\u0435\u0432\",\"publisher\":{\"@id\":\"https:\\\/\\\/pet24.md\\\/#organization\"},\"potentialAction\":[{\"@type\":\"SearchAction\",\"target\":{\"@type\":\"EntryPoint\",\"urlTemplate\":\"https:\\\/\\\/pet24.md\\\/?s={search_term_string}\"},\"query-input\":{\"@type\":\"PropertyValueSpecification\",\"valueRequired\":true,\"valueName\":\"search_term_string\"}}],\"inLanguage\":\"ro-RO\"},{\"@type\":\"Organization\",\"@id\":\"https:\\\/\\\/pet24.md\\\/#organization\",\"name\":\"Pet24\",\"url\":\"https:\\\/\\\/pet24.md\\\/\",\"logo\":{\"@type\":\"ImageObject\",\"inLanguage\":\"ro-RO\",\"@id\":\"https:\\\/\\\/pet24.md\\\/#\\\/schema\\\/logo\\\/image\\\/\",\"url\":\"https:\\\/\\\/pet24.md\\\/wp-content\\\/uploads\\\/2024\\\/09\\\/logo.svg\",\"contentUrl\":\"https:\\\/\\\/pet24.md\\\/wp-content\\\/uploads\\\/2024\\\/09\\\/logo.svg\",\"width\":215,\"height\":66,\"caption\":\"Pet24\"},\"image\":{\"@id\":\"https:\\\/\\\/pet24.md\\\/#\\\/schema\\\/logo\\\/image\\\/\"},\"sameAs\":[\"https:\\\/\\\/www.facebook.com\\\/pet24.md\",\"https:\\\/\\\/www.instagram.com\\\/pet24.md\\\/\"],\"telephone\":\"+37360508880\"}]}<\/script>\n<!-- \/ Yoast SEO Premium plugin. -->","yoast_head_json":{"title":"Brit Care Dog Hrana uscata pentru caini cu somon 12 kg","description":"\u041a\u0443\u043f\u0438\u0442\u044c Brit Care Dog \u0441\u0443\u0445\u043e\u0439 \u043a\u043e\u0440\u043c \u0434\u043b\u044f \u0441\u043e\u0431\u0430\u043a \u0441 \u043b\u043e\u0441\u043e\u0441\u0435\u043c, 12 \u043a\u0433 \u0441 \u0434\u043e\u0441\u0442\u0430\u0432\u043a\u043e\u0439 \u043f\u043e \u041a\u0438\u0448\u0438\u043d\u0435\u0432\u0443 \u0438 \u0432\u0441\u0435\u0439 \u041c\u043e\u043b\u0434\u043e\u0432\u0435 \u043d\u0430 Pet24","robots":{"index":"index","follow":"follow","max-snippet":"max-snippet:-1","max-image-preview":"max-image-preview:large","max-video-preview":"max-video-preview:-1"},"canonical":"https:\/\/pet24.md\/ro\/produs\/suhoj-korm-dlya-sobak-brit-care-dog-s-lososem-12-kg\/","og_locale":"ro_RO","og_type":"article","og_title":"Brit Care Dog \u0441\u0443\u0445\u043e\u0439 \u043a\u043e\u0440\u043c \u0434\u043b\u044f \u0441\u043e\u0431\u0430\u043a \u0441 \u043b\u043e\u0441\u043e\u0441\u0435\u043c, 12 \u043a\u0433","og_description":"\u041a\u0443\u043f\u0438\u0442\u044c Brit Care Dog \u0441\u0443\u0445\u043e\u0439 \u043a\u043e\u0440\u043c \u0434\u043b\u044f \u0441\u043e\u0431\u0430\u043a \u0441 \u043b\u043e\u0441\u043e\u0441\u0435\u043c, 12 \u043a\u0433 \u0441 \u0434\u043e\u0441\u0442\u0430\u0432\u043a\u043e\u0439 \u043f\u043e \u041a\u0438\u0448\u0438\u043d\u0435\u0432\u0443 \u0438 \u0432\u0441\u0435\u0439 \u041c\u043e\u043b\u0434\u043e\u0432\u0435 \u043d\u0430 Pet24","og_url":"https:\/\/pet24.md\/ro\/produs\/suhoj-korm-dlya-sobak-brit-care-dog-s-lososem-12-kg\/","og_site_name":"Pet24","article_publisher":"https:\/\/www.facebook.com\/pet24.md","article_modified_time":"2024-09-22T22:14:45+00:00","og_image":[{"width":500,"height":500,"url":"https:\/\/pet24.md\/wp-content\/uploads\/2024\/07\/suhoj-korm-dlya-sobak-brit-care-dog-s-lososem-12-kg.png","type":"image\/png"}],"twitter_card":"summary_large_image","schema":{"@context":"https:\/\/schema.org","@graph":[{"@type":"WebPage","@id":"https:\/\/pet24.md\/product\/suhoj-korm-dlya-sobak-brit-care-dog-s-lososem-12-kg\/","url":"https:\/\/pet24.md\/product\/suhoj-korm-dlya-sobak-brit-care-dog-s-lososem-12-kg\/","name":"Brit Care Dog Hrana uscata pentru caini cu somon 12 kg","isPartOf":{"@id":"https:\/\/pet24.md\/#website"},"primaryImageOfPage":{"@id":"https:\/\/pet24.md\/product\/suhoj-korm-dlya-sobak-brit-care-dog-s-lososem-12-kg\/#primaryimage"},"image":{"@id":"https:\/\/pet24.md\/product\/suhoj-korm-dlya-sobak-brit-care-dog-s-lososem-12-kg\/#primaryimage"},"thumbnailUrl":"https:\/\/pet24.md\/wp-content\/uploads\/2024\/07\/suhoj-korm-dlya-sobak-brit-care-dog-s-lososem-12-kg.png","datePublished":"2024-07-23T06:31:22+00:00","dateModified":"2024-09-22T22:14:45+00:00","description":"\u041a\u0443\u043f\u0438\u0442\u044c Brit Care Dog \u0441\u0443\u0445\u043e\u0439 \u043a\u043e\u0440\u043c \u0434\u043b\u044f \u0441\u043e\u0431\u0430\u043a \u0441 \u043b\u043e\u0441\u043e\u0441\u0435\u043c, 12 \u043a\u0433 \u0441 \u0434\u043e\u0441\u0442\u0430\u0432\u043a\u043e\u0439 \u043f\u043e \u041a\u0438\u0448\u0438\u043d\u0435\u0432\u0443 \u0438 \u0432\u0441\u0435\u0439 \u041c\u043e\u043b\u0434\u043e\u0432\u0435 \u043d\u0430 Pet24","breadcrumb":{"@id":"https:\/\/pet24.md\/product\/suhoj-korm-dlya-sobak-brit-care-dog-s-lososem-12-kg\/#breadcrumb"},"inLanguage":"ro-RO","potentialAction":[{"@type":"ReadAction","target":["https:\/\/pet24.md\/product\/suhoj-korm-dlya-sobak-brit-care-dog-s-lososem-12-kg\/"]}]},{"@type":"ImageObject","inLanguage":"ro-RO","@id":"https:\/\/pet24.md\/product\/suhoj-korm-dlya-sobak-brit-care-dog-s-lososem-12-kg\/#primaryimage","url":"https:\/\/pet24.md\/wp-content\/uploads\/2024\/07\/suhoj-korm-dlya-sobak-brit-care-dog-s-lososem-12-kg.png","contentUrl":"https:\/\/pet24.md\/wp-content\/uploads\/2024\/07\/suhoj-korm-dlya-sobak-brit-care-dog-s-lososem-12-kg.png","width":500,"height":500},{"@type":"BreadcrumbList","@id":"https:\/\/pet24.md\/product\/suhoj-korm-dlya-sobak-brit-care-dog-s-lososem-12-kg\/#breadcrumb","itemListElement":[{"@type":"ListItem","position":1,"name":"\u0413\u043b\u0430\u0432\u043d\u0430\u044f \u0441\u0442\u0440\u0430\u043d\u0438\u0446\u0430","item":"https:\/\/pet24.md\/"},{"@type":"ListItem","position":2,"name":"\u041c\u0430\u0433\u0430\u0437\u0438\u043d","item":"https:\/\/pet24.md\/shop\/"},{"@type":"ListItem","position":3,"name":"Brit Care Dog \u0441\u0443\u0445\u043e\u0439 \u043a\u043e\u0440\u043c \u0434\u043b\u044f \u0441\u043e\u0431\u0430\u043a \u0441 \u043b\u043e\u0441\u043e\u0441\u0435\u043c, 12 \u043a\u0433"}]},{"@type":"WebSite","@id":"https:\/\/pet24.md\/#website","url":"https:\/\/pet24.md\/","name":"Pet24","description":"Magazin de animale de companie","publisher":{"@id":"https:\/\/pet24.md\/#organization"},"potentialAction":[{"@type":"SearchAction","target":{"@type":"EntryPoint","urlTemplate":"https:\/\/pet24.md\/?s={search_term_string}"},"query-input":{"@type":"PropertyValueSpecification","valueRequired":true,"valueName":"search_term_string"}}],"inLanguage":"ro-RO"},{"@type":"Organization","@id":"https:\/\/pet24.md\/#organization","name":"Pet24","url":"https:\/\/pet24.md\/","logo":{"@type":"ImageObject","inLanguage":"ro-RO","@id":"https:\/\/pet24.md\/#\/schema\/logo\/image\/","url":"https:\/\/pet24.md\/wp-content\/uploads\/2024\/09\/logo.svg","contentUrl":"https:\/\/pet24.md\/wp-content\/uploads\/2024\/09\/logo.svg","width":215,"height":66,"caption":"Pet24"},"image":{"@id":"https:\/\/pet24.md\/#\/schema\/logo\/image\/"},"sameAs":["https:\/\/www.facebook.com\/pet24.md","https:\/\/www.instagram.com\/pet24.md\/"],"telephone":"+37360508880"}]}},"_links":{"self":[{"href":"https:\/\/pet24.md\/ro\/wp-json\/wp\/v2\/product\/83843","targetHints":{"allow":["GET"]}}],"collection":[{"href":"https:\/\/pet24.md\/ro\/wp-json\/wp\/v2\/product"}],"about":[{"href":"https:\/\/pet24.md\/ro\/wp-json\/wp\/v2\/types\/product"}],"replies":[{"embeddable":true,"href":"https:\/\/pet24.md\/ro\/wp-json\/wp\/v2\/comments?post=83843"}],"wp:featuredmedia":[{"embeddable":true,"href":"https:\/\/pet24.md\/ro\/wp-json\/wp\/v2\/media\/91318"}],"wp:attachment":[{"href":"https:\/\/pet24.md\/ro\/wp-json\/wp\/v2\/media?parent=83843"}],"wp:term":[{"taxonomy":"product_brand","embeddable":true,"href":"https:\/\/pet24.md\/ro\/wp-json\/wp\/v2\/product_brand?post=83843"},{"taxonomy":"product_cat","embeddable":true,"href":"https:\/\/pet24.md\/ro\/wp-json\/wp\/v2\/product_cat?post=83843"},{"taxonomy":"product_tag","embeddable":true,"href":"https:\/\/pet24.md\/ro\/wp-json\/wp\/v2\/product_tag?post=83843"}],"curies":[{"name":"wp","href":"https:\/\/api.w.org\/{rel}","templated":true}]}}