{"id":83879,"date":"2024-07-23T09:05:21","date_gmt":"2024-07-23T09:05:21","guid":{"rendered":"https:\/\/pet24.md\/?post_type=product&#038;p=83879"},"modified":"2024-09-22T22:14:46","modified_gmt":"2024-09-22T22:14:46","slug":"file-s-forelyu-v-zhele-dlya-vzroslyh-koshek-brit-premium-cat","status":"publish","type":"product","link":"https:\/\/pet24.md\/ro\/produs\/file-s-forelyu-v-zhele-dlya-vzroslyh-koshek-brit-premium-cat\/","title":{"rendered":"Brit Premium hrana umeda cu pastrav in jeleu pentru pisici adulte 85 g"},"content":{"rendered":"<h4>File de p\u0103str\u0103v \u00een jeleu pentru pisici adulte<\/h4>\n<p>Hrana umeda completa pentru pisici adulte cu file de pastrav in jeleu. Fileul fraged, suculent, care aminte\u0219te de sacadat, ofer\u0103 pisicilor \u0219i mai mult\u0103 pl\u0103cere cu c\u00e2t buc\u0103\u021bile de carne au un aspect mult mai realist. Datorit\u0103 metodei unice de aburire bl\u00e2nd\u0103, aroma \u0219i gustul original al c\u0103rnii sunt p\u0103strate. F\u0103r\u0103 arome artificiale sau conservan\u021bi.<\/p>\n<p><strong>Compus:<\/strong><\/p>\n<ul>\n<li><strong>74% carne \u0219i subproduse animale \u00een file<\/strong><\/li>\n<li><strong>Pe\u0219te \u0219i subproduse din pe\u0219te<\/strong> (inclusiv file de p\u0103str\u0103v 8%)<\/li>\n<li><strong>Extracte proteice de origine vegetal\u0103<\/strong><\/li>\n<li><strong>Subproduse vegetale<\/strong> (0,41 TP3T inulin\u0103)<\/li>\n<li><strong>Minerale<\/strong><\/li>\n<li><strong>Sahara<\/strong><\/li>\n<\/ul>\n<p><strong>Componente analitice:<\/strong><\/p>\n<ul>\n<li><strong>Proteine brute<\/strong>: 8,5%<\/li>\n<li><strong>Con\u021binut de gr\u0103sime<\/strong>: 4,5%<\/li>\n<li><strong>Cenu\u0219\u0103 crud\u0103<\/strong>: 2%<\/li>\n<li><strong>Fibr\u0103 brut\u0103<\/strong>: 0,3%<\/li>\n<li><strong>Umiditate<\/strong>: 82%<\/li>\n<\/ul>\n<p><strong>Substante suplimentare:<\/strong><\/p>\n<ul>\n<li><strong>Vitamina D3<\/strong>: 250 UI<\/li>\n<li><strong>Vitamina E (\u03b1-tocoferol)<\/strong>: 100 mg<\/li>\n<li><strong>Zinc<\/strong>: 10 mg<\/li>\n<li><strong>Mangan (E5)<\/strong>: 2 mg<\/li>\n<li><strong>Iod<\/strong>: 0,7 mg<\/li>\n<li><strong>Cupru (E4)<\/strong>: 0,2 mg<\/li>\n<li><strong>taurin\u0103<\/strong>: 450 mg<\/li>\n<li><strong>Biotina<\/strong>: 0,1 mg<\/li>\n<li><strong>Gum\u0103 Cassia<\/strong>: 1590 mg<\/li>\n<\/ul>\n<p><strong>Ghid de hr\u0103nire:<\/strong><\/p>\n<p>Oferi\u021bi \u00eentotdeauna un castron cu ap\u0103 proasp\u0103t\u0103 \u0219i servi\u021bi m\u00e2ncarea la temperatura camerei. Odat\u0103 deschis, se p\u0103streaz\u0103 la frigider. Data de expirare \u0219i num\u0103rul de lot sunt indicate pe ambalaj. F\u0103r\u0103 arome artificiale sau conservan\u021bi.<\/p>","protected":false},"excerpt":{"rendered":"<p>Fileul de p\u0103str\u0103v \u00een jeleu este o hran\u0103 umed\u0103 complet\u0103 pentru pisici adulte, preparat\u0103 la abur pentru a p\u0103stra aroma \u0219i gustul c\u0103rnii. Con\u021bine carne 74% \u0219i subproduse de origine animal\u0103, inclusiv p\u0103str\u0103v 8%, f\u0103r\u0103 arome artificiale sau conservan\u021bi.<\/p>","protected":false},"featured_media":91588,"comment_status":"closed","ping_status":"closed","template":"","meta":[],"product_brand":[],"product_cat":[310,309,193],"product_tag":[638,296,202,370],"class_list":{"0":"post-83879","1":"product","2":"type-product","3":"status-publish","4":"has-post-thumbnail","6":"product_cat-catwet","7":"product_cat-catfood","8":"product_cat-cat","9":"product_tag-brit","10":"product_tag-vlazhnyj-korm","11":"product_tag-koshka","12":"product_tag-forel","13":"pa_age-pet-vzroslyj","14":"pa_brand-brit-care","15":"pa_feed-class-premium","16":"pa_meat-ingredients-forel","17":"pa_packaging-pauchi","18":"pa_pet-koshka","19":"pa_pet-feature-zdorovyj-pitomecz","20":"pa_type-feed-vlazhnyj-korm","21":"pa_weight-85-gr","23":"first","24":"instock","25":"sale","26":"shipping-taxable","27":"product-type-simple"},"yoast_head":"<!-- This site is optimized with the Yoast SEO Premium plugin v23.7 (Yoast SEO v27.5) - https:\/\/yoast.com\/product\/yoast-seo-premium-wordpress\/ -->\n<title>Brit Premium \u0432\u043b\u0430\u0436\u043d\u044b\u0439 \u043a\u043e\u0440\u043c \u0441 \u0444\u043e\u0440\u0435\u043b\u044c\u044e \u0432 \u0436\u0435\u043b\u0435 \u0434\u043b\u044f \u0432\u0437\u0440\u043e\u0441\u043b\u044b\u0445 \u043a\u043e\u0448\u0435\u043a 85 \u0433<\/title>\n<meta name=\"description\" content=\"\u041a\u0443\u043f\u0438\u0442\u044c Brit Premium \u0432\u043b\u0430\u0436\u043d\u044b\u0439 \u043a\u043e\u0440\u043c \u0441 \u0444\u043e\u0440\u0435\u043b\u044c\u044e \u0432 \u0436\u0435\u043b\u0435 \u0434\u043b\u044f \u0432\u0437\u0440\u043e\u0441\u043b\u044b\u0445 \u043a\u043e\u0448\u0435\u043a 85 \u0433 \u0441 \u0434\u043e\u0441\u0442\u0430\u0432\u043a\u043e\u0439 \u043f\u043e \u041a\u0438\u0448\u0438\u043d\u0435\u0432\u0443 \u0438 \u0432\u0441\u0435\u0439 \u041c\u043e\u043b\u0434\u043e\u0432\u0435 \u043d\u0430 Pet24\" \/>\n<meta name=\"robots\" content=\"index, follow, max-snippet:-1, max-image-preview:large, max-video-preview:-1\" \/>\n<link rel=\"canonical\" href=\"https:\/\/pet24.md\/ro\/produs\/file-s-forelyu-v-zhele-dlya-vzroslyh-koshek-brit-premium-cat\/\" \/>\n<meta property=\"og:locale\" content=\"ro_RO\" \/>\n<meta property=\"og:type\" content=\"article\" \/>\n<meta property=\"og:title\" content=\"Brit Premium \u0432\u043b\u0430\u0436\u043d\u044b\u0439 \u043a\u043e\u0440\u043c \u0441 \u0444\u043e\u0440\u0435\u043b\u044c\u044e \u0432 \u0436\u0435\u043b\u0435 \u0434\u043b\u044f \u0432\u0437\u0440\u043e\u0441\u043b\u044b\u0445 \u043a\u043e\u0448\u0435\u043a 85 \u0433\" \/>\n<meta property=\"og:description\" content=\"\u041a\u0443\u043f\u0438\u0442\u044c Brit Premium \u0432\u043b\u0430\u0436\u043d\u044b\u0439 \u043a\u043e\u0440\u043c \u0441 \u0444\u043e\u0440\u0435\u043b\u044c\u044e \u0432 \u0436\u0435\u043b\u0435 \u0434\u043b\u044f \u0432\u0437\u0440\u043e\u0441\u043b\u044b\u0445 \u043a\u043e\u0448\u0435\u043a 85 \u0433 \u0441 \u0434\u043e\u0441\u0442\u0430\u0432\u043a\u043e\u0439 \u043f\u043e \u041a\u0438\u0448\u0438\u043d\u0435\u0432\u0443 \u0438 \u0432\u0441\u0435\u0439 \u041c\u043e\u043b\u0434\u043e\u0432\u0435 \u043d\u0430 Pet24\" \/>\n<meta property=\"og:url\" content=\"https:\/\/pet24.md\/ro\/produs\/file-s-forelyu-v-zhele-dlya-vzroslyh-koshek-brit-premium-cat\/\" \/>\n<meta property=\"og:site_name\" content=\"Pet24\" \/>\n<meta property=\"article:publisher\" content=\"https:\/\/www.facebook.com\/pet24.md\" \/>\n<meta property=\"article:modified_time\" content=\"2024-09-22T22:14:46+00:00\" \/>\n<meta property=\"og:image\" content=\"https:\/\/pet24.md\/wp-content\/uploads\/2024\/07\/file-s-forelyu-v-zhele-dlya-vzroslyh-koshek-brit-premium-cat-1.png\" \/>\n\t<meta property=\"og:image:width\" content=\"600\" \/>\n\t<meta property=\"og:image:height\" content=\"600\" \/>\n\t<meta property=\"og:image:type\" content=\"image\/png\" \/>\n<meta name=\"twitter:card\" content=\"summary_large_image\" \/>\n<script type=\"application\/ld+json\" class=\"yoast-schema-graph\">{\"@context\":\"https:\\\/\\\/schema.org\",\"@graph\":[{\"@type\":\"WebPage\",\"@id\":\"https:\\\/\\\/pet24.md\\\/product\\\/file-s-forelyu-v-zhele-dlya-vzroslyh-koshek-brit-premium-cat\\\/\",\"url\":\"https:\\\/\\\/pet24.md\\\/product\\\/file-s-forelyu-v-zhele-dlya-vzroslyh-koshek-brit-premium-cat\\\/\",\"name\":\"Brit Premium \u0432\u043b\u0430\u0436\u043d\u044b\u0439 \u043a\u043e\u0440\u043c \u0441 \u0444\u043e\u0440\u0435\u043b\u044c\u044e \u0432 \u0436\u0435\u043b\u0435 \u0434\u043b\u044f \u0432\u0437\u0440\u043e\u0441\u043b\u044b\u0445 \u043a\u043e\u0448\u0435\u043a 85 \u0433\",\"isPartOf\":{\"@id\":\"https:\\\/\\\/pet24.md\\\/#website\"},\"primaryImageOfPage\":{\"@id\":\"https:\\\/\\\/pet24.md\\\/product\\\/file-s-forelyu-v-zhele-dlya-vzroslyh-koshek-brit-premium-cat\\\/#primaryimage\"},\"image\":{\"@id\":\"https:\\\/\\\/pet24.md\\\/product\\\/file-s-forelyu-v-zhele-dlya-vzroslyh-koshek-brit-premium-cat\\\/#primaryimage\"},\"thumbnailUrl\":\"https:\\\/\\\/pet24.md\\\/wp-content\\\/uploads\\\/2024\\\/07\\\/file-s-forelyu-v-zhele-dlya-vzroslyh-koshek-brit-premium-cat-1.png\",\"datePublished\":\"2024-07-23T09:05:21+00:00\",\"dateModified\":\"2024-09-22T22:14:46+00:00\",\"description\":\"\u041a\u0443\u043f\u0438\u0442\u044c Brit Premium \u0432\u043b\u0430\u0436\u043d\u044b\u0439 \u043a\u043e\u0440\u043c \u0441 \u0444\u043e\u0440\u0435\u043b\u044c\u044e \u0432 \u0436\u0435\u043b\u0435 \u0434\u043b\u044f \u0432\u0437\u0440\u043e\u0441\u043b\u044b\u0445 \u043a\u043e\u0448\u0435\u043a 85 \u0433 \u0441 \u0434\u043e\u0441\u0442\u0430\u0432\u043a\u043e\u0439 \u043f\u043e \u041a\u0438\u0448\u0438\u043d\u0435\u0432\u0443 \u0438 \u0432\u0441\u0435\u0439 \u041c\u043e\u043b\u0434\u043e\u0432\u0435 \u043d\u0430 Pet24\",\"breadcrumb\":{\"@id\":\"https:\\\/\\\/pet24.md\\\/product\\\/file-s-forelyu-v-zhele-dlya-vzroslyh-koshek-brit-premium-cat\\\/#breadcrumb\"},\"inLanguage\":\"ro-RO\",\"potentialAction\":[{\"@type\":\"ReadAction\",\"target\":[\"https:\\\/\\\/pet24.md\\\/product\\\/file-s-forelyu-v-zhele-dlya-vzroslyh-koshek-brit-premium-cat\\\/\"]}]},{\"@type\":\"ImageObject\",\"inLanguage\":\"ro-RO\",\"@id\":\"https:\\\/\\\/pet24.md\\\/product\\\/file-s-forelyu-v-zhele-dlya-vzroslyh-koshek-brit-premium-cat\\\/#primaryimage\",\"url\":\"https:\\\/\\\/pet24.md\\\/wp-content\\\/uploads\\\/2024\\\/07\\\/file-s-forelyu-v-zhele-dlya-vzroslyh-koshek-brit-premium-cat-1.png\",\"contentUrl\":\"https:\\\/\\\/pet24.md\\\/wp-content\\\/uploads\\\/2024\\\/07\\\/file-s-forelyu-v-zhele-dlya-vzroslyh-koshek-brit-premium-cat-1.png\",\"width\":600,\"height\":600},{\"@type\":\"BreadcrumbList\",\"@id\":\"https:\\\/\\\/pet24.md\\\/product\\\/file-s-forelyu-v-zhele-dlya-vzroslyh-koshek-brit-premium-cat\\\/#breadcrumb\",\"itemListElement\":[{\"@type\":\"ListItem\",\"position\":1,\"name\":\"\u0413\u043b\u0430\u0432\u043d\u0430\u044f \u0441\u0442\u0440\u0430\u043d\u0438\u0446\u0430\",\"item\":\"https:\\\/\\\/pet24.md\\\/\"},{\"@type\":\"ListItem\",\"position\":2,\"name\":\"\u041c\u0430\u0433\u0430\u0437\u0438\u043d\",\"item\":\"https:\\\/\\\/pet24.md\\\/shop\\\/\"},{\"@type\":\"ListItem\",\"position\":3,\"name\":\"Brit Premium \u0432\u043b\u0430\u0436\u043d\u044b\u0439 \u043a\u043e\u0440\u043c \u0441 \u0444\u043e\u0440\u0435\u043b\u044c\u044e \u0432 \u0436\u0435\u043b\u0435 \u0434\u043b\u044f \u0432\u0437\u0440\u043e\u0441\u043b\u044b\u0445 \u043a\u043e\u0448\u0435\u043a 85 \u0433\"}]},{\"@type\":\"WebSite\",\"@id\":\"https:\\\/\\\/pet24.md\\\/#website\",\"url\":\"https:\\\/\\\/pet24.md\\\/\",\"name\":\"Pet24\",\"description\":\"\u0417\u043e\u043e\u043c\u0430\u0433\u0430\u0437\u0438\u043d \u0442\u043e\u0432\u0430\u0440\u043e\u0432 \u0434\u043b\u044f \u0434\u043e\u043c\u0430\u0448\u043d\u0438\u0445 \u043f\u0438\u0442\u043e\u043c\u0446\u0435\u0432\",\"publisher\":{\"@id\":\"https:\\\/\\\/pet24.md\\\/#organization\"},\"potentialAction\":[{\"@type\":\"SearchAction\",\"target\":{\"@type\":\"EntryPoint\",\"urlTemplate\":\"https:\\\/\\\/pet24.md\\\/?s={search_term_string}\"},\"query-input\":{\"@type\":\"PropertyValueSpecification\",\"valueRequired\":true,\"valueName\":\"search_term_string\"}}],\"inLanguage\":\"ro-RO\"},{\"@type\":\"Organization\",\"@id\":\"https:\\\/\\\/pet24.md\\\/#organization\",\"name\":\"Pet24\",\"url\":\"https:\\\/\\\/pet24.md\\\/\",\"logo\":{\"@type\":\"ImageObject\",\"inLanguage\":\"ro-RO\",\"@id\":\"https:\\\/\\\/pet24.md\\\/#\\\/schema\\\/logo\\\/image\\\/\",\"url\":\"https:\\\/\\\/pet24.md\\\/wp-content\\\/uploads\\\/2024\\\/09\\\/logo.svg\",\"contentUrl\":\"https:\\\/\\\/pet24.md\\\/wp-content\\\/uploads\\\/2024\\\/09\\\/logo.svg\",\"width\":215,\"height\":66,\"caption\":\"Pet24\"},\"image\":{\"@id\":\"https:\\\/\\\/pet24.md\\\/#\\\/schema\\\/logo\\\/image\\\/\"},\"sameAs\":[\"https:\\\/\\\/www.facebook.com\\\/pet24.md\",\"https:\\\/\\\/www.instagram.com\\\/pet24.md\\\/\"],\"telephone\":\"+37360508880\"}]}<\/script>\n<!-- \/ Yoast SEO Premium plugin. -->","yoast_head_json":{"title":"Brit Premium hrana umeda cu pastrav in jeleu pentru pisici adulte 85 g","description":"\u041a\u0443\u043f\u0438\u0442\u044c Brit Premium \u0432\u043b\u0430\u0436\u043d\u044b\u0439 \u043a\u043e\u0440\u043c \u0441 \u0444\u043e\u0440\u0435\u043b\u044c\u044e \u0432 \u0436\u0435\u043b\u0435 \u0434\u043b\u044f \u0432\u0437\u0440\u043e\u0441\u043b\u044b\u0445 \u043a\u043e\u0448\u0435\u043a 85 \u0433 \u0441 \u0434\u043e\u0441\u0442\u0430\u0432\u043a\u043e\u0439 \u043f\u043e \u041a\u0438\u0448\u0438\u043d\u0435\u0432\u0443 \u0438 \u0432\u0441\u0435\u0439 \u041c\u043e\u043b\u0434\u043e\u0432\u0435 \u043d\u0430 Pet24","robots":{"index":"index","follow":"follow","max-snippet":"max-snippet:-1","max-image-preview":"max-image-preview:large","max-video-preview":"max-video-preview:-1"},"canonical":"https:\/\/pet24.md\/ro\/produs\/file-s-forelyu-v-zhele-dlya-vzroslyh-koshek-brit-premium-cat\/","og_locale":"ro_RO","og_type":"article","og_title":"Brit Premium \u0432\u043b\u0430\u0436\u043d\u044b\u0439 \u043a\u043e\u0440\u043c \u0441 \u0444\u043e\u0440\u0435\u043b\u044c\u044e \u0432 \u0436\u0435\u043b\u0435 \u0434\u043b\u044f \u0432\u0437\u0440\u043e\u0441\u043b\u044b\u0445 \u043a\u043e\u0448\u0435\u043a 85 \u0433","og_description":"\u041a\u0443\u043f\u0438\u0442\u044c Brit Premium \u0432\u043b\u0430\u0436\u043d\u044b\u0439 \u043a\u043e\u0440\u043c \u0441 \u0444\u043e\u0440\u0435\u043b\u044c\u044e \u0432 \u0436\u0435\u043b\u0435 \u0434\u043b\u044f \u0432\u0437\u0440\u043e\u0441\u043b\u044b\u0445 \u043a\u043e\u0448\u0435\u043a 85 \u0433 \u0441 \u0434\u043e\u0441\u0442\u0430\u0432\u043a\u043e\u0439 \u043f\u043e \u041a\u0438\u0448\u0438\u043d\u0435\u0432\u0443 \u0438 \u0432\u0441\u0435\u0439 \u041c\u043e\u043b\u0434\u043e\u0432\u0435 \u043d\u0430 Pet24","og_url":"https:\/\/pet24.md\/ro\/produs\/file-s-forelyu-v-zhele-dlya-vzroslyh-koshek-brit-premium-cat\/","og_site_name":"Pet24","article_publisher":"https:\/\/www.facebook.com\/pet24.md","article_modified_time":"2024-09-22T22:14:46+00:00","og_image":[{"width":600,"height":600,"url":"https:\/\/pet24.md\/wp-content\/uploads\/2024\/07\/file-s-forelyu-v-zhele-dlya-vzroslyh-koshek-brit-premium-cat-1.png","type":"image\/png"}],"twitter_card":"summary_large_image","schema":{"@context":"https:\/\/schema.org","@graph":[{"@type":"WebPage","@id":"https:\/\/pet24.md\/product\/file-s-forelyu-v-zhele-dlya-vzroslyh-koshek-brit-premium-cat\/","url":"https:\/\/pet24.md\/product\/file-s-forelyu-v-zhele-dlya-vzroslyh-koshek-brit-premium-cat\/","name":"Brit Premium hrana umeda cu pastrav in jeleu pentru pisici adulte 85 g","isPartOf":{"@id":"https:\/\/pet24.md\/#website"},"primaryImageOfPage":{"@id":"https:\/\/pet24.md\/product\/file-s-forelyu-v-zhele-dlya-vzroslyh-koshek-brit-premium-cat\/#primaryimage"},"image":{"@id":"https:\/\/pet24.md\/product\/file-s-forelyu-v-zhele-dlya-vzroslyh-koshek-brit-premium-cat\/#primaryimage"},"thumbnailUrl":"https:\/\/pet24.md\/wp-content\/uploads\/2024\/07\/file-s-forelyu-v-zhele-dlya-vzroslyh-koshek-brit-premium-cat-1.png","datePublished":"2024-07-23T09:05:21+00:00","dateModified":"2024-09-22T22:14:46+00:00","description":"\u041a\u0443\u043f\u0438\u0442\u044c Brit Premium \u0432\u043b\u0430\u0436\u043d\u044b\u0439 \u043a\u043e\u0440\u043c \u0441 \u0444\u043e\u0440\u0435\u043b\u044c\u044e \u0432 \u0436\u0435\u043b\u0435 \u0434\u043b\u044f \u0432\u0437\u0440\u043e\u0441\u043b\u044b\u0445 \u043a\u043e\u0448\u0435\u043a 85 \u0433 \u0441 \u0434\u043e\u0441\u0442\u0430\u0432\u043a\u043e\u0439 \u043f\u043e \u041a\u0438\u0448\u0438\u043d\u0435\u0432\u0443 \u0438 \u0432\u0441\u0435\u0439 \u041c\u043e\u043b\u0434\u043e\u0432\u0435 \u043d\u0430 Pet24","breadcrumb":{"@id":"https:\/\/pet24.md\/product\/file-s-forelyu-v-zhele-dlya-vzroslyh-koshek-brit-premium-cat\/#breadcrumb"},"inLanguage":"ro-RO","potentialAction":[{"@type":"ReadAction","target":["https:\/\/pet24.md\/product\/file-s-forelyu-v-zhele-dlya-vzroslyh-koshek-brit-premium-cat\/"]}]},{"@type":"ImageObject","inLanguage":"ro-RO","@id":"https:\/\/pet24.md\/product\/file-s-forelyu-v-zhele-dlya-vzroslyh-koshek-brit-premium-cat\/#primaryimage","url":"https:\/\/pet24.md\/wp-content\/uploads\/2024\/07\/file-s-forelyu-v-zhele-dlya-vzroslyh-koshek-brit-premium-cat-1.png","contentUrl":"https:\/\/pet24.md\/wp-content\/uploads\/2024\/07\/file-s-forelyu-v-zhele-dlya-vzroslyh-koshek-brit-premium-cat-1.png","width":600,"height":600},{"@type":"BreadcrumbList","@id":"https:\/\/pet24.md\/product\/file-s-forelyu-v-zhele-dlya-vzroslyh-koshek-brit-premium-cat\/#breadcrumb","itemListElement":[{"@type":"ListItem","position":1,"name":"\u0413\u043b\u0430\u0432\u043d\u0430\u044f \u0441\u0442\u0440\u0430\u043d\u0438\u0446\u0430","item":"https:\/\/pet24.md\/"},{"@type":"ListItem","position":2,"name":"\u041c\u0430\u0433\u0430\u0437\u0438\u043d","item":"https:\/\/pet24.md\/shop\/"},{"@type":"ListItem","position":3,"name":"Brit Premium \u0432\u043b\u0430\u0436\u043d\u044b\u0439 \u043a\u043e\u0440\u043c \u0441 \u0444\u043e\u0440\u0435\u043b\u044c\u044e \u0432 \u0436\u0435\u043b\u0435 \u0434\u043b\u044f \u0432\u0437\u0440\u043e\u0441\u043b\u044b\u0445 \u043a\u043e\u0448\u0435\u043a 85 \u0433"}]},{"@type":"WebSite","@id":"https:\/\/pet24.md\/#website","url":"https:\/\/pet24.md\/","name":"Pet24","description":"Magazin de animale de companie","publisher":{"@id":"https:\/\/pet24.md\/#organization"},"potentialAction":[{"@type":"SearchAction","target":{"@type":"EntryPoint","urlTemplate":"https:\/\/pet24.md\/?s={search_term_string}"},"query-input":{"@type":"PropertyValueSpecification","valueRequired":true,"valueName":"search_term_string"}}],"inLanguage":"ro-RO"},{"@type":"Organization","@id":"https:\/\/pet24.md\/#organization","name":"Pet24","url":"https:\/\/pet24.md\/","logo":{"@type":"ImageObject","inLanguage":"ro-RO","@id":"https:\/\/pet24.md\/#\/schema\/logo\/image\/","url":"https:\/\/pet24.md\/wp-content\/uploads\/2024\/09\/logo.svg","contentUrl":"https:\/\/pet24.md\/wp-content\/uploads\/2024\/09\/logo.svg","width":215,"height":66,"caption":"Pet24"},"image":{"@id":"https:\/\/pet24.md\/#\/schema\/logo\/image\/"},"sameAs":["https:\/\/www.facebook.com\/pet24.md","https:\/\/www.instagram.com\/pet24.md\/"],"telephone":"+37360508880"}]}},"_links":{"self":[{"href":"https:\/\/pet24.md\/ro\/wp-json\/wp\/v2\/product\/83879","targetHints":{"allow":["GET"]}}],"collection":[{"href":"https:\/\/pet24.md\/ro\/wp-json\/wp\/v2\/product"}],"about":[{"href":"https:\/\/pet24.md\/ro\/wp-json\/wp\/v2\/types\/product"}],"replies":[{"embeddable":true,"href":"https:\/\/pet24.md\/ro\/wp-json\/wp\/v2\/comments?post=83879"}],"wp:featuredmedia":[{"embeddable":true,"href":"https:\/\/pet24.md\/ro\/wp-json\/wp\/v2\/media\/91588"}],"wp:attachment":[{"href":"https:\/\/pet24.md\/ro\/wp-json\/wp\/v2\/media?parent=83879"}],"wp:term":[{"taxonomy":"product_brand","embeddable":true,"href":"https:\/\/pet24.md\/ro\/wp-json\/wp\/v2\/product_brand?post=83879"},{"taxonomy":"product_cat","embeddable":true,"href":"https:\/\/pet24.md\/ro\/wp-json\/wp\/v2\/product_cat?post=83879"},{"taxonomy":"product_tag","embeddable":true,"href":"https:\/\/pet24.md\/ro\/wp-json\/wp\/v2\/product_tag?post=83879"}],"curies":[{"name":"wp","href":"https:\/\/api.w.org\/{rel}","templated":true}]}}