{"id":83894,"date":"2024-07-23T09:40:48","date_gmt":"2024-07-23T09:40:48","guid":{"rendered":"https:\/\/pet24.md\/?post_type=product&#038;p=83894"},"modified":"2024-09-22T22:14:47","modified_gmt":"2024-09-22T22:14:47","slug":"suhoj-korm-dlya-sobak-brit-care-dog-s-lososem-12-kg-3","status":"publish","type":"product","link":"https:\/\/pet24.md\/ro\/produs\/suhoj-korm-dlya-sobak-brit-care-dog-s-lososem-12-kg-3\/","title":{"rendered":"Brit Care Dog Hrana uscata pentru caini cu somon 12 kg"},"content":{"rendered":"<h3>Hrana uscata pentru caini Brit Care Dog Grain Free Senior &amp; Light Somon 12 kg<\/h3>\n<p><strong>Hrana uscata pentru caini super premium fara cereale<\/strong><\/p>\n<p>Aceast\u0103 hran\u0103 este creat\u0103 pentru a men\u021bine pielea \u0219i blana s\u0103n\u0103toas\u0103, sistemul circulator \u0219i func\u021bionarea inimii, condi\u021bia fizic\u0103 excelent\u0103 \u0219i imunitatea c\u00e2inilor mai \u00een v\u00e2rst\u0103 de toate rasele, \u00eencep\u00e2nd de la 7 ani. Este potrivit \u0219i pentru c\u00e2inii predispu\u0219i la cre\u0219terea \u00een greutate.<\/p>\n<p><strong>Ideal pentru mentinerea greutatii optime<\/strong><\/p>\n<p>Alimentele con\u021bin fibre alimentare, care ajut\u0103 la controlul greut\u0103\u021bii. Formula f\u0103r\u0103 cereale este ideal\u0103 pentru c\u00e2inii cu cerin\u021be speciale de blan\u0103, precum \u0219i pentru animalele de companie care trebuie s\u0103 men\u021bin\u0103 o condi\u021bie corporal\u0103 optim\u0103 \u0219i au reac\u021bii adverse la alte tipuri de alimente.<\/p>\n<p><strong>Sprijin pentru inima<\/strong><\/p>\n<p>Taurina din alimente ajut\u0103 la men\u021binerea func\u021biei corespunz\u0103toare a inimii, sc\u0103z\u00e2nd tensiunea arterial\u0103 \u0219i calm\u00e2nd sistemul nervos.<\/p>\n<p><strong>S\u0103n\u0103tatea articula\u021biilor \u0219i a cartilajelor<\/strong><\/p>\n<p>Hrana uscat\u0103 pentru c\u00e2ini con\u021bine condroprotectori care sus\u021bin articula\u021biile, oasele \u0219i cartilajele s\u0103n\u0103toase, ceea ce este deosebit de important pentru c\u00e2inii mai \u00een v\u00e2rst\u0103.<\/p>\n<h3>Compozi\u021bia furajului<\/h3>\n<ul>\n<li>Somon (48%) (somon deshidratat, somon hidrolizat)<\/li>\n<li>Cartofi (30%)<\/li>\n<li>Pulp\u0103 de m\u0103r uscat\u0103<\/li>\n<li>Gr\u0103sime de pui<\/li>\n<li>Lignoceluloza<\/li>\n<li>Drojdie de bere<\/li>\n<li>Ulei de somon (3%)<\/li>\n<li>Arom\u0103 natural\u0103<\/li>\n<li>F\u0103in\u0103 de maz\u0103re<\/li>\n<li>Glucozamin\u0103 (260 mg\/kg)<\/li>\n<li>Fructooligozaharide (200 mg\/kg)<\/li>\n<li>Sulfat de condroitin\u0103 (200 mg\/kg)<\/li>\n<li>Mananoligozaharide (150 mg\/kg)<\/li>\n<li>Yucca Mojave (150 mg\/kg)<\/li>\n<li>Seminte de ciulin de lapte (90 mg\/kg)<\/li>\n<li>\u03b2-glucani (50 mg\/kg)<\/li>\n<li>mam\u0103 uscat\u0103 (50 mg\/kg)<\/li>\n<li>C\u0103tin\u0103 uscat\u0103 (50 mg\/kg)<\/li>\n<li>Probiotic Lactobacillus helveticus HA \u2013 122 inactivat (15x10^9 celule\/kg)<\/li>\n<\/ul>\n<h3>Compozi\u021bia analitic\u0103<\/h3>\n<ul>\n<li>Protein\u0103 brut\u0103: 25,0%<\/li>\n<li>Gr\u0103sime brut\u0103: 12,0%<\/li>\n<li>Umiditate: 10.0%<\/li>\n<li>Cenu\u0219\u0103 brut\u0103: 6,5%<\/li>\n<li>Fibr\u0103 brut\u0103: 6,2%<\/li>\n<li>Calciu: 1,1%<\/li>\n<li>Fosfor: 0,8%<\/li>\n<li>Sodiu: 0,4%<\/li>\n<li>Acizi gra\u0219i Omega-3: 0,9%<\/li>\n<li>Acizi gra\u0219i Omega-6: 1,5%<\/li>\n<li>EPA (20:5 n-3): 0,12%<\/li>\n<li>DHA (22:6 n-3): 0,16%<\/li>\n<\/ul>\n<h3>Suplimente nutritive la 1 kg<\/h3>\n<ul>\n<li>Vitamina A (3a672a): 20.000 UI<\/li>\n<li>Vitamina D3 (3a671): 1500 UI<\/li>\n<li>Vitamina E (3a700): 500 mg<\/li>\n<li>Vitamina C (3a312): 300 mg<\/li>\n<li>Taurin\u0103 (3a370): 1500 mg<\/li>\n<li>Clorura de colina (3a890): 1800 mg<\/li>\n<li>L-carnitin\u0103 (3a910): 250 mg<\/li>\n<li>Vitamina B1 (3a821): 2,5 mg<\/li>\n<li>Vitamina B2 (3a825i): 9,6 mg<\/li>\n<li>Biotin\u0103 (3a880): 3,5 mg<\/li>\n<li>Acid folic (3a316): 1,2 mg<\/li>\n<li>Vitamina B6 (3a831): 2,5 mg<\/li>\n<li>D-pantotenat de calciu (3a841): 25 mg<\/li>\n<li>Niacinamid\u0103 (3a315): 32,5 mg<\/li>\n<li>Vitamina B12: 0,1 mg<\/li>\n<li>Iod (3b201): 0,8 mg<\/li>\n<li>Zinc organic (3b606): 85 mg<\/li>\n<li>Mangan organic (3b504): 45 mg<\/li>\n<li>Cupru organic (3b406): 18 mg<\/li>\n<li>Fier organic (3b106): 75 mg<\/li>\n<li>Seleniu organic (3b810): 0,18 mg<\/li>\n<\/ul>\n<h3>Antioxidan\u021bi<\/h3>\n<p>Con\u021bine antioxidan\u021bi aproba\u021bi de UE: extracte de ulei vegetal de tocoferol (1b306(i)), palmitat de ascorbil (1b304) \u0219i extract de rozmarin.<\/p>\n<h3>Valoarea energetic\u0103<\/h3>\n<ul>\n<li>3410 kcal\/kg<\/li>\n<\/ul>","protected":false},"excerpt":{"rendered":"<div class=\"flex-shrink-0 flex flex-col relative items-end\">\n<div>\n<div class=\"pt-0\">\n<div class=\"gizmo-bot-avatar flex h-8 w-8 items-center justify-center overflow-hidden rounded-full\">\n<div class=\"relative p-1 rounded-sm flex items-center justify-center bg-token-main-surface-primary text-token-text-primary h-8 w-8\"><\/div>\n<\/div>\n<\/div>\n<\/div>\n<\/div>\n<div class=\"group\/conversation-turn relative flex w-full min-w-0 flex-col agent-turn\">\n<div class=\"flex-col gap-1 md:gap-3\">\n<div class=\"flex flex-grow flex-col max-w-full\">\n<div class=\"min-h-[20px] text-message flex w-full flex-col items-end gap-2 whitespace-pre-wrap break-words [.text-message+&amp;]:mt-5 overflow-x-auto\" dir=\"auto\" data-message-author-role=\"assistant\" data-message-id=\"d0101ad4-be30-4d19-a278-a09b83957618\">\n<div class=\"flex w-full flex-col gap-1 empty:hidden first:pt-[3px]\">\n<div class=\"markdown prose w-full break-words dark:prose-invert dark\">\n<p>\u0411\u0435\u0437\u0437\u0435\u0440\u043d\u043e\u0432\u043e\u0439 \u0441\u0443\u0445\u043e\u0439 \u043a\u043e\u0440\u043c \u0434\u043b\u044f \u043f\u043e\u0436\u0438\u043b\u044b\u0445 \u0441\u043e\u0431\u0430\u043a \u0432\u0441\u0435\u0445 \u043f\u043e\u0440\u043e\u0434 \u0441\u0442\u0430\u0440\u0448\u0435 7 \u043b\u0435\u0442, \u043a\u043e\u0442\u043e\u0440\u044b\u0439 \u043f\u043e\u043c\u043e\u0433\u0430\u0435\u0442 \u043a\u043e\u043d\u0442\u0440\u043e\u043b\u0438\u0440\u043e\u0432\u0430\u0442\u044c \u0432\u0435\u0441 \u0438 \u043f\u043e\u0434\u0434\u0435\u0440\u0436\u0438\u0432\u0430\u0442\u044c \u0437\u0434\u043e\u0440\u043e\u0432\u044c\u0435 \u0441\u0435\u0440\u0434\u0446\u0430, \u0441\u0443\u0441\u0442\u0430\u0432\u043e\u0432 \u0438 \u0438\u043c\u043c\u0443\u043d\u0438\u0442\u0435\u0442. \u041e\u0441\u043d\u043e\u0432\u043d\u043e\u0439 \u0438\u043d\u0433\u0440\u0435\u0434\u0438\u0435\u043d\u0442 &#8212; \u043b\u043e\u0441\u043e\u0441\u044c, \u043e\u0431\u0435\u0441\u043f\u0435\u0447\u0438\u0432\u0430\u044e\u0449\u0438\u0439 \u0432\u044b\u0441\u043e\u043a\u0443\u044e \u0443\u0441\u0432\u043e\u044f\u0435\u043c\u043e\u0441\u0442\u044c \u0438 \u043f\u043e\u043b\u044c\u0437\u0443 \u0434\u043b\u044f \u043a\u043e\u0436\u0438 \u0438 \u0448\u0435\u0440\u0441\u0442\u0438.<\/p>\n<\/div>\n<\/div>\n<\/div>\n<\/div>\n<\/div>\n<\/div>\n","protected":false},"featured_media":91316,"comment_status":"closed","ping_status":"closed","template":"","meta":[],"product_brand":[],"product_cat":[136,293,337],"product_tag":[638,345,480,325],"class_list":{"0":"post-83894","1":"product","2":"type-product","3":"status-publish","4":"has-post-thumbnail","6":"product_cat-dog","7":"product_cat-dogfood","8":"product_cat-dogdry","9":"product_tag-brit","10":"product_tag-losos","11":"product_tag-sobaka","12":"product_tag-suhoj-korm","13":"pa_age-pet-vzroslyj","14":"pa_brand-brit-care","15":"pa_breed-size-dlya-vseh-porod","16":"pa_feed-class-super-premium","17":"pa_meat-ingredients-losos","18":"pa_packaging-meshok","19":"pa_pet-sobaka","20":"pa_pet-feature-zdorovyj-pitomecz","21":"pa_plant-ingredient-kartofel","22":"pa_type-feed-suhoj-korm","23":"pa_weight-12-kg","25":"first","26":"instock","27":"sale","28":"shipping-taxable","29":"product-type-simple"},"yoast_head":"<!-- This site is optimized with the Yoast SEO Premium plugin v23.7 (Yoast SEO v27.5) - https:\/\/yoast.com\/product\/yoast-seo-premium-wordpress\/ -->\n<title>Brit Care Dog \u0441\u0443\u0445\u043e\u0439 \u043a\u043e\u0440\u043c \u0434\u043b\u044f \u0441\u043e\u0431\u0430\u043a \u0441 \u043b\u043e\u0441\u043e\u0441\u0435\u043c 12 \u043a\u0433<\/title>\n<meta name=\"description\" content=\"\u041a\u0443\u043f\u0438\u0442\u044c Brit Care Dog \u0441\u0443\u0445\u043e\u0439 \u043a\u043e\u0440\u043c \u0434\u043b\u044f \u0441\u043e\u0431\u0430\u043a \u0441 \u043b\u043e\u0441\u043e\u0441\u0435\u043c 12 \u043a\u0433 \u0441 \u0434\u043e\u0441\u0442\u0430\u0432\u043a\u043e\u0439 \u043f\u043e \u041a\u0438\u0448\u0438\u043d\u0435\u0432\u0443 \u0438 \u0432\u0441\u0435\u0439 \u041c\u043e\u043b\u0434\u043e\u0432\u0435 \u043d\u0430 Pet24\" \/>\n<meta name=\"robots\" content=\"index, follow, max-snippet:-1, max-image-preview:large, max-video-preview:-1\" \/>\n<link rel=\"canonical\" href=\"https:\/\/pet24.md\/ro\/produs\/suhoj-korm-dlya-sobak-brit-care-dog-s-lososem-12-kg-3\/\" \/>\n<meta property=\"og:locale\" content=\"ro_RO\" \/>\n<meta property=\"og:type\" content=\"article\" \/>\n<meta property=\"og:title\" content=\"Brit Care Dog \u0441\u0443\u0445\u043e\u0439 \u043a\u043e\u0440\u043c \u0434\u043b\u044f \u0441\u043e\u0431\u0430\u043a \u0441 \u043b\u043e\u0441\u043e\u0441\u0435\u043c 12 \u043a\u0433\" \/>\n<meta property=\"og:description\" content=\"\u041a\u0443\u043f\u0438\u0442\u044c Brit Care Dog \u0441\u0443\u0445\u043e\u0439 \u043a\u043e\u0440\u043c \u0434\u043b\u044f \u0441\u043e\u0431\u0430\u043a \u0441 \u043b\u043e\u0441\u043e\u0441\u0435\u043c 12 \u043a\u0433 \u0441 \u0434\u043e\u0441\u0442\u0430\u0432\u043a\u043e\u0439 \u043f\u043e \u041a\u0438\u0448\u0438\u043d\u0435\u0432\u0443 \u0438 \u0432\u0441\u0435\u0439 \u041c\u043e\u043b\u0434\u043e\u0432\u0435 \u043d\u0430 Pet24\" \/>\n<meta property=\"og:url\" content=\"https:\/\/pet24.md\/ro\/produs\/suhoj-korm-dlya-sobak-brit-care-dog-s-lososem-12-kg-3\/\" \/>\n<meta property=\"og:site_name\" content=\"Pet24\" \/>\n<meta property=\"article:publisher\" content=\"https:\/\/www.facebook.com\/pet24.md\" \/>\n<meta property=\"article:modified_time\" content=\"2024-09-22T22:14:47+00:00\" \/>\n<meta property=\"og:image\" content=\"https:\/\/pet24.md\/wp-content\/uploads\/2024\/07\/suhoj-korm-dlya-sobak-brit-care-dog-s-lososem-12-kg-2.png\" \/>\n\t<meta property=\"og:image:width\" content=\"500\" \/>\n\t<meta property=\"og:image:height\" content=\"500\" \/>\n\t<meta property=\"og:image:type\" content=\"image\/png\" \/>\n<meta name=\"twitter:card\" content=\"summary_large_image\" \/>\n<script type=\"application\/ld+json\" class=\"yoast-schema-graph\">{\"@context\":\"https:\\\/\\\/schema.org\",\"@graph\":[{\"@type\":\"WebPage\",\"@id\":\"https:\\\/\\\/pet24.md\\\/product\\\/suhoj-korm-dlya-sobak-brit-care-dog-s-lososem-12-kg-3\\\/\",\"url\":\"https:\\\/\\\/pet24.md\\\/product\\\/suhoj-korm-dlya-sobak-brit-care-dog-s-lososem-12-kg-3\\\/\",\"name\":\"Brit Care Dog \u0441\u0443\u0445\u043e\u0439 \u043a\u043e\u0440\u043c \u0434\u043b\u044f \u0441\u043e\u0431\u0430\u043a \u0441 \u043b\u043e\u0441\u043e\u0441\u0435\u043c 12 \u043a\u0433\",\"isPartOf\":{\"@id\":\"https:\\\/\\\/pet24.md\\\/#website\"},\"primaryImageOfPage\":{\"@id\":\"https:\\\/\\\/pet24.md\\\/product\\\/suhoj-korm-dlya-sobak-brit-care-dog-s-lososem-12-kg-3\\\/#primaryimage\"},\"image\":{\"@id\":\"https:\\\/\\\/pet24.md\\\/product\\\/suhoj-korm-dlya-sobak-brit-care-dog-s-lososem-12-kg-3\\\/#primaryimage\"},\"thumbnailUrl\":\"https:\\\/\\\/pet24.md\\\/wp-content\\\/uploads\\\/2024\\\/07\\\/suhoj-korm-dlya-sobak-brit-care-dog-s-lososem-12-kg-2.png\",\"datePublished\":\"2024-07-23T09:40:48+00:00\",\"dateModified\":\"2024-09-22T22:14:47+00:00\",\"description\":\"\u041a\u0443\u043f\u0438\u0442\u044c Brit Care Dog \u0441\u0443\u0445\u043e\u0439 \u043a\u043e\u0440\u043c \u0434\u043b\u044f \u0441\u043e\u0431\u0430\u043a \u0441 \u043b\u043e\u0441\u043e\u0441\u0435\u043c 12 \u043a\u0433 \u0441 \u0434\u043e\u0441\u0442\u0430\u0432\u043a\u043e\u0439 \u043f\u043e \u041a\u0438\u0448\u0438\u043d\u0435\u0432\u0443 \u0438 \u0432\u0441\u0435\u0439 \u041c\u043e\u043b\u0434\u043e\u0432\u0435 \u043d\u0430 Pet24\",\"breadcrumb\":{\"@id\":\"https:\\\/\\\/pet24.md\\\/product\\\/suhoj-korm-dlya-sobak-brit-care-dog-s-lososem-12-kg-3\\\/#breadcrumb\"},\"inLanguage\":\"ro-RO\",\"potentialAction\":[{\"@type\":\"ReadAction\",\"target\":[\"https:\\\/\\\/pet24.md\\\/product\\\/suhoj-korm-dlya-sobak-brit-care-dog-s-lososem-12-kg-3\\\/\"]}]},{\"@type\":\"ImageObject\",\"inLanguage\":\"ro-RO\",\"@id\":\"https:\\\/\\\/pet24.md\\\/product\\\/suhoj-korm-dlya-sobak-brit-care-dog-s-lososem-12-kg-3\\\/#primaryimage\",\"url\":\"https:\\\/\\\/pet24.md\\\/wp-content\\\/uploads\\\/2024\\\/07\\\/suhoj-korm-dlya-sobak-brit-care-dog-s-lososem-12-kg-2.png\",\"contentUrl\":\"https:\\\/\\\/pet24.md\\\/wp-content\\\/uploads\\\/2024\\\/07\\\/suhoj-korm-dlya-sobak-brit-care-dog-s-lososem-12-kg-2.png\",\"width\":500,\"height\":500},{\"@type\":\"BreadcrumbList\",\"@id\":\"https:\\\/\\\/pet24.md\\\/product\\\/suhoj-korm-dlya-sobak-brit-care-dog-s-lososem-12-kg-3\\\/#breadcrumb\",\"itemListElement\":[{\"@type\":\"ListItem\",\"position\":1,\"name\":\"\u0413\u043b\u0430\u0432\u043d\u0430\u044f \u0441\u0442\u0440\u0430\u043d\u0438\u0446\u0430\",\"item\":\"https:\\\/\\\/pet24.md\\\/\"},{\"@type\":\"ListItem\",\"position\":2,\"name\":\"\u041c\u0430\u0433\u0430\u0437\u0438\u043d\",\"item\":\"https:\\\/\\\/pet24.md\\\/shop\\\/\"},{\"@type\":\"ListItem\",\"position\":3,\"name\":\"Brit Care Dog \u0441\u0443\u0445\u043e\u0439 \u043a\u043e\u0440\u043c \u0434\u043b\u044f \u0441\u043e\u0431\u0430\u043a \u0441 \u043b\u043e\u0441\u043e\u0441\u0435\u043c 12 \u043a\u0433\"}]},{\"@type\":\"WebSite\",\"@id\":\"https:\\\/\\\/pet24.md\\\/#website\",\"url\":\"https:\\\/\\\/pet24.md\\\/\",\"name\":\"Pet24\",\"description\":\"\u0417\u043e\u043e\u043c\u0430\u0433\u0430\u0437\u0438\u043d \u0442\u043e\u0432\u0430\u0440\u043e\u0432 \u0434\u043b\u044f \u0434\u043e\u043c\u0430\u0448\u043d\u0438\u0445 \u043f\u0438\u0442\u043e\u043c\u0446\u0435\u0432\",\"publisher\":{\"@id\":\"https:\\\/\\\/pet24.md\\\/#organization\"},\"potentialAction\":[{\"@type\":\"SearchAction\",\"target\":{\"@type\":\"EntryPoint\",\"urlTemplate\":\"https:\\\/\\\/pet24.md\\\/?s={search_term_string}\"},\"query-input\":{\"@type\":\"PropertyValueSpecification\",\"valueRequired\":true,\"valueName\":\"search_term_string\"}}],\"inLanguage\":\"ro-RO\"},{\"@type\":\"Organization\",\"@id\":\"https:\\\/\\\/pet24.md\\\/#organization\",\"name\":\"Pet24\",\"url\":\"https:\\\/\\\/pet24.md\\\/\",\"logo\":{\"@type\":\"ImageObject\",\"inLanguage\":\"ro-RO\",\"@id\":\"https:\\\/\\\/pet24.md\\\/#\\\/schema\\\/logo\\\/image\\\/\",\"url\":\"https:\\\/\\\/pet24.md\\\/wp-content\\\/uploads\\\/2024\\\/09\\\/logo.svg\",\"contentUrl\":\"https:\\\/\\\/pet24.md\\\/wp-content\\\/uploads\\\/2024\\\/09\\\/logo.svg\",\"width\":215,\"height\":66,\"caption\":\"Pet24\"},\"image\":{\"@id\":\"https:\\\/\\\/pet24.md\\\/#\\\/schema\\\/logo\\\/image\\\/\"},\"sameAs\":[\"https:\\\/\\\/www.facebook.com\\\/pet24.md\",\"https:\\\/\\\/www.instagram.com\\\/pet24.md\\\/\"],\"telephone\":\"+37360508880\"}]}<\/script>\n<!-- \/ Yoast SEO Premium plugin. -->","yoast_head_json":{"title":"Brit Care Dog Hrana uscata pentru caini cu somon 12 kg","description":"\u041a\u0443\u043f\u0438\u0442\u044c Brit Care Dog \u0441\u0443\u0445\u043e\u0439 \u043a\u043e\u0440\u043c \u0434\u043b\u044f \u0441\u043e\u0431\u0430\u043a \u0441 \u043b\u043e\u0441\u043e\u0441\u0435\u043c 12 \u043a\u0433 \u0441 \u0434\u043e\u0441\u0442\u0430\u0432\u043a\u043e\u0439 \u043f\u043e \u041a\u0438\u0448\u0438\u043d\u0435\u0432\u0443 \u0438 \u0432\u0441\u0435\u0439 \u041c\u043e\u043b\u0434\u043e\u0432\u0435 \u043d\u0430 Pet24","robots":{"index":"index","follow":"follow","max-snippet":"max-snippet:-1","max-image-preview":"max-image-preview:large","max-video-preview":"max-video-preview:-1"},"canonical":"https:\/\/pet24.md\/ro\/produs\/suhoj-korm-dlya-sobak-brit-care-dog-s-lososem-12-kg-3\/","og_locale":"ro_RO","og_type":"article","og_title":"Brit Care Dog \u0441\u0443\u0445\u043e\u0439 \u043a\u043e\u0440\u043c \u0434\u043b\u044f \u0441\u043e\u0431\u0430\u043a \u0441 \u043b\u043e\u0441\u043e\u0441\u0435\u043c 12 \u043a\u0433","og_description":"\u041a\u0443\u043f\u0438\u0442\u044c Brit Care Dog \u0441\u0443\u0445\u043e\u0439 \u043a\u043e\u0440\u043c \u0434\u043b\u044f \u0441\u043e\u0431\u0430\u043a \u0441 \u043b\u043e\u0441\u043e\u0441\u0435\u043c 12 \u043a\u0433 \u0441 \u0434\u043e\u0441\u0442\u0430\u0432\u043a\u043e\u0439 \u043f\u043e \u041a\u0438\u0448\u0438\u043d\u0435\u0432\u0443 \u0438 \u0432\u0441\u0435\u0439 \u041c\u043e\u043b\u0434\u043e\u0432\u0435 \u043d\u0430 Pet24","og_url":"https:\/\/pet24.md\/ro\/produs\/suhoj-korm-dlya-sobak-brit-care-dog-s-lososem-12-kg-3\/","og_site_name":"Pet24","article_publisher":"https:\/\/www.facebook.com\/pet24.md","article_modified_time":"2024-09-22T22:14:47+00:00","og_image":[{"width":500,"height":500,"url":"https:\/\/pet24.md\/wp-content\/uploads\/2024\/07\/suhoj-korm-dlya-sobak-brit-care-dog-s-lososem-12-kg-2.png","type":"image\/png"}],"twitter_card":"summary_large_image","schema":{"@context":"https:\/\/schema.org","@graph":[{"@type":"WebPage","@id":"https:\/\/pet24.md\/product\/suhoj-korm-dlya-sobak-brit-care-dog-s-lososem-12-kg-3\/","url":"https:\/\/pet24.md\/product\/suhoj-korm-dlya-sobak-brit-care-dog-s-lososem-12-kg-3\/","name":"Brit Care Dog Hrana uscata pentru caini cu somon 12 kg","isPartOf":{"@id":"https:\/\/pet24.md\/#website"},"primaryImageOfPage":{"@id":"https:\/\/pet24.md\/product\/suhoj-korm-dlya-sobak-brit-care-dog-s-lososem-12-kg-3\/#primaryimage"},"image":{"@id":"https:\/\/pet24.md\/product\/suhoj-korm-dlya-sobak-brit-care-dog-s-lososem-12-kg-3\/#primaryimage"},"thumbnailUrl":"https:\/\/pet24.md\/wp-content\/uploads\/2024\/07\/suhoj-korm-dlya-sobak-brit-care-dog-s-lososem-12-kg-2.png","datePublished":"2024-07-23T09:40:48+00:00","dateModified":"2024-09-22T22:14:47+00:00","description":"\u041a\u0443\u043f\u0438\u0442\u044c Brit Care Dog \u0441\u0443\u0445\u043e\u0439 \u043a\u043e\u0440\u043c \u0434\u043b\u044f \u0441\u043e\u0431\u0430\u043a \u0441 \u043b\u043e\u0441\u043e\u0441\u0435\u043c 12 \u043a\u0433 \u0441 \u0434\u043e\u0441\u0442\u0430\u0432\u043a\u043e\u0439 \u043f\u043e \u041a\u0438\u0448\u0438\u043d\u0435\u0432\u0443 \u0438 \u0432\u0441\u0435\u0439 \u041c\u043e\u043b\u0434\u043e\u0432\u0435 \u043d\u0430 Pet24","breadcrumb":{"@id":"https:\/\/pet24.md\/product\/suhoj-korm-dlya-sobak-brit-care-dog-s-lososem-12-kg-3\/#breadcrumb"},"inLanguage":"ro-RO","potentialAction":[{"@type":"ReadAction","target":["https:\/\/pet24.md\/product\/suhoj-korm-dlya-sobak-brit-care-dog-s-lososem-12-kg-3\/"]}]},{"@type":"ImageObject","inLanguage":"ro-RO","@id":"https:\/\/pet24.md\/product\/suhoj-korm-dlya-sobak-brit-care-dog-s-lososem-12-kg-3\/#primaryimage","url":"https:\/\/pet24.md\/wp-content\/uploads\/2024\/07\/suhoj-korm-dlya-sobak-brit-care-dog-s-lososem-12-kg-2.png","contentUrl":"https:\/\/pet24.md\/wp-content\/uploads\/2024\/07\/suhoj-korm-dlya-sobak-brit-care-dog-s-lososem-12-kg-2.png","width":500,"height":500},{"@type":"BreadcrumbList","@id":"https:\/\/pet24.md\/product\/suhoj-korm-dlya-sobak-brit-care-dog-s-lososem-12-kg-3\/#breadcrumb","itemListElement":[{"@type":"ListItem","position":1,"name":"\u0413\u043b\u0430\u0432\u043d\u0430\u044f \u0441\u0442\u0440\u0430\u043d\u0438\u0446\u0430","item":"https:\/\/pet24.md\/"},{"@type":"ListItem","position":2,"name":"\u041c\u0430\u0433\u0430\u0437\u0438\u043d","item":"https:\/\/pet24.md\/shop\/"},{"@type":"ListItem","position":3,"name":"Brit Care Dog \u0441\u0443\u0445\u043e\u0439 \u043a\u043e\u0440\u043c \u0434\u043b\u044f \u0441\u043e\u0431\u0430\u043a \u0441 \u043b\u043e\u0441\u043e\u0441\u0435\u043c 12 \u043a\u0433"}]},{"@type":"WebSite","@id":"https:\/\/pet24.md\/#website","url":"https:\/\/pet24.md\/","name":"Pet24","description":"Magazin de animale de companie","publisher":{"@id":"https:\/\/pet24.md\/#organization"},"potentialAction":[{"@type":"SearchAction","target":{"@type":"EntryPoint","urlTemplate":"https:\/\/pet24.md\/?s={search_term_string}"},"query-input":{"@type":"PropertyValueSpecification","valueRequired":true,"valueName":"search_term_string"}}],"inLanguage":"ro-RO"},{"@type":"Organization","@id":"https:\/\/pet24.md\/#organization","name":"Pet24","url":"https:\/\/pet24.md\/","logo":{"@type":"ImageObject","inLanguage":"ro-RO","@id":"https:\/\/pet24.md\/#\/schema\/logo\/image\/","url":"https:\/\/pet24.md\/wp-content\/uploads\/2024\/09\/logo.svg","contentUrl":"https:\/\/pet24.md\/wp-content\/uploads\/2024\/09\/logo.svg","width":215,"height":66,"caption":"Pet24"},"image":{"@id":"https:\/\/pet24.md\/#\/schema\/logo\/image\/"},"sameAs":["https:\/\/www.facebook.com\/pet24.md","https:\/\/www.instagram.com\/pet24.md\/"],"telephone":"+37360508880"}]}},"_links":{"self":[{"href":"https:\/\/pet24.md\/ro\/wp-json\/wp\/v2\/product\/83894","targetHints":{"allow":["GET"]}}],"collection":[{"href":"https:\/\/pet24.md\/ro\/wp-json\/wp\/v2\/product"}],"about":[{"href":"https:\/\/pet24.md\/ro\/wp-json\/wp\/v2\/types\/product"}],"replies":[{"embeddable":true,"href":"https:\/\/pet24.md\/ro\/wp-json\/wp\/v2\/comments?post=83894"}],"wp:featuredmedia":[{"embeddable":true,"href":"https:\/\/pet24.md\/ro\/wp-json\/wp\/v2\/media\/91316"}],"wp:attachment":[{"href":"https:\/\/pet24.md\/ro\/wp-json\/wp\/v2\/media?parent=83894"}],"wp:term":[{"taxonomy":"product_brand","embeddable":true,"href":"https:\/\/pet24.md\/ro\/wp-json\/wp\/v2\/product_brand?post=83894"},{"taxonomy":"product_cat","embeddable":true,"href":"https:\/\/pet24.md\/ro\/wp-json\/wp\/v2\/product_cat?post=83894"},{"taxonomy":"product_tag","embeddable":true,"href":"https:\/\/pet24.md\/ro\/wp-json\/wp\/v2\/product_tag?post=83894"}],"curies":[{"name":"wp","href":"https:\/\/api.w.org\/{rel}","templated":true}]}}