{"id":83896,"date":"2024-07-23T09:32:25","date_gmt":"2024-07-23T09:32:25","guid":{"rendered":"https:\/\/pet24.md\/?post_type=product&#038;p=83896"},"modified":"2024-09-22T22:14:48","modified_gmt":"2024-09-22T22:14:48","slug":"file-s-kuriczej-v-zhele-brit-premium-cat-pouch-dlya-vzroslyh-koshek-85-g","status":"publish","type":"product","link":"https:\/\/pet24.md\/ro\/produs\/file-s-kuriczej-v-zhele-brit-premium-cat-pouch-dlya-vzroslyh-koshek-85-g\/","title":{"rendered":"Hrana umeda Brit Premium cu pui in jeleu pentru pisici adulte 85 g"},"content":{"rendered":"<h4>Hus\u0103 Brit Premium pentru pisici cu file de pui \u00een jeleu pentru pisici adulte<\/h4>\n<p>Brit Premium Cat Pouch este o hran\u0103 umed\u0103 premium complet\u0103 special formulat\u0103 pentru pisici adulte. Acest produs ofer\u0103 nutrien\u021bi esen\u021biali, vitamine \u0219i minerale pentru a v\u0103 men\u021bine animalul de companie s\u0103n\u0103tos \u0219i activ.<\/p>\n<p><strong>Compus:<\/strong><\/p>\n<ul>\n<li><strong>82% carne \u0219i subproduse din carne \u00een file<\/strong> (inclusiv pui 8%)<\/li>\n<li><strong>Extracte de proteine vegetale<\/strong><\/li>\n<li><strong>Derivate de plante<\/strong> (0,41 TP3T inulin\u0103)<\/li>\n<li><strong>Minerale<\/strong><\/li>\n<li><strong>Diverse zaharuri<\/strong><\/li>\n<\/ul>\n<p><strong>Ingrediente analitice:<\/strong><\/p>\n<ul>\n<li><strong>Proteine brute<\/strong>: 8,5%<\/li>\n<li><strong>Con\u021binut de gr\u0103sime<\/strong>: 4,5%<\/li>\n<li><strong>Cenu\u0219\u0103 crud\u0103<\/strong>: 2,0%<\/li>\n<li><strong>Fibr\u0103 brut\u0103<\/strong>: 0,3%<\/li>\n<li><strong>Umiditate<\/strong>: 82,0%<\/li>\n<\/ul>\n<p><strong>Compozi\u021bia nutri\u021bional\u0103:<\/strong><\/p>\n<ul>\n<li><strong>Vitamina D3 (E671)<\/strong>: 250 UI<\/li>\n<li><strong>Vitamina E (\u03b1-tocoferol) (3a700)<\/strong>: 100 mg<\/li>\n<li><strong>Zinc (3b606)<\/strong>: 10 mg<\/li>\n<li><strong>Mangan (E5)<\/strong>: 2 mg<\/li>\n<li><strong>Iod (3b201)<\/strong>: 0,7 mg<\/li>\n<li><strong>Cupru (E4)<\/strong>: 0,2 mg<\/li>\n<li><strong>Taurin\u0103 (3a370)<\/strong>: 450 mg<\/li>\n<li><strong>Biotina<\/strong>: 0,1 mg<\/li>\n<\/ul>\n<p><strong>Ghid de hr\u0103nire:<\/strong><\/p>\n<p>Doza zilnic\u0103 recomandat\u0103 este indicat\u0103 \u00een tabelul de hr\u0103nire de pe ambalaj. Oferi\u021bi \u00eentotdeauna un castron cu ap\u0103 proasp\u0103t\u0103 \u0219i servi\u021bi m\u00e2ncarea la temperatura camerei. Odat\u0103 deschis, se p\u0103streaz\u0103 la frigider. Data de expirare \u0219i num\u0103rul de lot sunt indicate pe ambalaj. F\u0103r\u0103 arome artificiale sau conservan\u021bi.<\/p>","protected":false},"excerpt":{"rendered":"<div class=\"flex flex-grow flex-col max-w-full\">\n<div class=\"min-h-[20px] text-message flex w-full flex-col items-end gap-2 whitespace-pre-wrap break-words [.text-message+&amp;]:mt-5 overflow-x-auto\" dir=\"auto\" data-message-author-role=\"assistant\" data-message-id=\"3b534c13-d1f5-48a1-a29b-6b43c9c3af43\">\n<div class=\"flex w-full flex-col gap-1 empty:hidden first:pt-[3px]\">\n<div class=\"markdown prose w-full break-words dark:prose-invert dark\">\n<p>\u0424\u0438\u043b\u0435 \u0441 \u043a\u0443\u0440\u0438\u0446\u0435\u0439 \u0432 \u0436\u0435\u043b\u0435 Brit Premium Cat Pouch \u2014 \u044d\u0442\u043e \u043f\u043e\u043b\u043d\u043e\u0446\u0435\u043d\u043d\u044b\u0439 \u0432\u043b\u0430\u0436\u043d\u044b\u0439 \u043a\u043e\u0440\u043c \u043f\u0440\u0435\u043c\u0438\u0443\u043c-\u043a\u043b\u0430\u0441\u0441\u0430, \u0441\u043f\u0435\u0446\u0438\u0430\u043b\u044c\u043d\u043e \u0440\u0430\u0437\u0440\u0430\u0431\u043e\u0442\u0430\u043d\u043d\u044b\u0439 \u0434\u043b\u044f \u0432\u0437\u0440\u043e\u0441\u043b\u044b\u0445 \u043a\u043e\u0448\u0435\u043a. \u041e\u0431\u0435\u0441\u043f\u0435\u0447\u0438\u0432\u0430\u0435\u0442 \u043d\u0435\u043e\u0431\u0445\u043e\u0434\u0438\u043c\u044b\u043c\u0438 \u043f\u0438\u0442\u0430\u0442\u0435\u043b\u044c\u043d\u044b\u043c\u0438 \u0432\u0435\u0449\u0435\u0441\u0442\u0432\u0430\u043c\u0438, \u0432\u0438\u0442\u0430\u043c\u0438\u043d\u0430\u043c\u0438 \u0438 \u043c\u0438\u043d\u0435\u0440\u0430\u043b\u0430\u043c\u0438 \u0434\u043b\u044f \u043f\u043e\u0434\u0434\u0435\u0440\u0436\u0430\u043d\u0438\u044f \u0437\u0434\u043e\u0440\u043e\u0432\u044c\u044f \u0438 \u0430\u043a\u0442\u0438\u0432\u043d\u043e\u0441\u0442\u0438. \u0421\u043e\u0434\u0435\u0440\u0436\u0438\u0442 82% \u043c\u044f\u0441\u0430 \u0438 \u043c\u044f\u0441\u043d\u044b\u0445 \u0441\u0443\u0431\u043f\u0440\u043e\u0434\u0443\u043a\u0442\u043e\u0432, \u0432\u043a\u043b\u044e\u0447\u0430\u044f 8% \u043a\u0443\u0440\u0438\u0446\u044b.<\/p>\n<\/div>\n<\/div>\n<\/div>\n<\/div>\n<div class=\"mt-1 flex gap-3 empty:hidden ml-3\">\n<div class=\"items-center justify-start rounded-xl p-1 flex\">\n<div class=\"flex items-center\">\n<p>&nbsp;<\/p>\n<div class=\"flex\"><\/div>\n<div class=\"flex items-center pb-0\">\n<div class=\"[&amp;_svg]:h-full [&amp;_svg]:w-full icon-md h-4 w-4\"><\/div>\n<p><span class=\"overflow-hidden text-clip whitespace-nowrap text-sm\">4o<\/span><\/p>\n<\/div>\n<\/div>\n<\/div>\n<\/div>\n","protected":false},"featured_media":91592,"comment_status":"closed","ping_status":"closed","template":"","meta":[],"product_brand":[],"product_cat":[310,309,193],"product_tag":[638,296,202,324],"class_list":{"0":"post-83896","1":"product","2":"type-product","3":"status-publish","4":"has-post-thumbnail","6":"product_cat-catwet","7":"product_cat-catfood","8":"product_cat-cat","9":"product_tag-brit","10":"product_tag-vlazhnyj-korm","11":"product_tag-koshka","12":"product_tag-kuricza","13":"pa_age-pet-vzroslyj","14":"pa_brand-brit-care","15":"pa_feed-class-premium","16":"pa_meat-ingredients-kuricza","17":"pa_packaging-pauchi","18":"pa_pet-koshka","19":"pa_pet-feature-zdorovyj-pitomecz","20":"pa_type-feed-vlazhnyj-korm","21":"pa_weight-85-gr","23":"first","24":"instock","25":"sale","26":"shipping-taxable","27":"product-type-simple"},"yoast_head":"<!-- This site is optimized with the Yoast SEO Premium plugin v23.7 (Yoast SEO v27.5) - https:\/\/yoast.com\/product\/yoast-seo-premium-wordpress\/ -->\n<title>Brit Premium \u0432\u043b\u0430\u0436\u043d\u044b\u0439 \u043a\u043e\u0440\u043c \u0441 \u043a\u0443\u0440\u0438\u0446\u0435\u0439 \u0432 \u0436\u0435\u043b\u0435 \u0434\u043b\u044f \u0432\u0437\u0440\u043e\u0441\u043b\u044b\u0445 \u043a\u043e\u0448\u0435\u043a 85 \u0433<\/title>\n<meta name=\"description\" content=\"\u041a\u0443\u043f\u0438\u0442\u044c Brit Premium \u0432\u043b\u0430\u0436\u043d\u044b\u0439 \u043a\u043e\u0440\u043c \u0441 \u043a\u0443\u0440\u0438\u0446\u0435\u0439 \u0432 \u0436\u0435\u043b\u0435 \u0434\u043b\u044f \u0432\u0437\u0440\u043e\u0441\u043b\u044b\u0445 \u043a\u043e\u0448\u0435\u043a 85 \u0433 \u0441 \u0434\u043e\u0441\u0442\u0430\u0432\u043a\u043e\u0439 \u043f\u043e \u041a\u0438\u0448\u0438\u043d\u0435\u0432\u0443 \u0438 \u0432\u0441\u0435\u0439 \u041c\u043e\u043b\u0434\u043e\u0432\u0435 \u043d\u0430 Pet24\" \/>\n<meta name=\"robots\" content=\"index, follow, max-snippet:-1, max-image-preview:large, max-video-preview:-1\" \/>\n<link rel=\"canonical\" href=\"https:\/\/pet24.md\/ro\/produs\/file-s-kuriczej-v-zhele-brit-premium-cat-pouch-dlya-vzroslyh-koshek-85-g\/\" \/>\n<meta property=\"og:locale\" content=\"ro_RO\" \/>\n<meta property=\"og:type\" content=\"article\" \/>\n<meta property=\"og:title\" content=\"Brit Premium \u0432\u043b\u0430\u0436\u043d\u044b\u0439 \u043a\u043e\u0440\u043c \u0441 \u043a\u0443\u0440\u0438\u0446\u0435\u0439 \u0432 \u0436\u0435\u043b\u0435 \u0434\u043b\u044f \u0432\u0437\u0440\u043e\u0441\u043b\u044b\u0445 \u043a\u043e\u0448\u0435\u043a 85 \u0433\" \/>\n<meta property=\"og:description\" content=\"\u041a\u0443\u043f\u0438\u0442\u044c Brit Premium \u0432\u043b\u0430\u0436\u043d\u044b\u0439 \u043a\u043e\u0440\u043c \u0441 \u043a\u0443\u0440\u0438\u0446\u0435\u0439 \u0432 \u0436\u0435\u043b\u0435 \u0434\u043b\u044f \u0432\u0437\u0440\u043e\u0441\u043b\u044b\u0445 \u043a\u043e\u0448\u0435\u043a 85 \u0433 \u0441 \u0434\u043e\u0441\u0442\u0430\u0432\u043a\u043e\u0439 \u043f\u043e \u041a\u0438\u0448\u0438\u043d\u0435\u0432\u0443 \u0438 \u0432\u0441\u0435\u0439 \u041c\u043e\u043b\u0434\u043e\u0432\u0435 \u043d\u0430 Pet24\" \/>\n<meta property=\"og:url\" content=\"https:\/\/pet24.md\/ro\/produs\/file-s-kuriczej-v-zhele-brit-premium-cat-pouch-dlya-vzroslyh-koshek-85-g\/\" \/>\n<meta property=\"og:site_name\" content=\"Pet24\" \/>\n<meta property=\"article:publisher\" content=\"https:\/\/www.facebook.com\/pet24.md\" \/>\n<meta property=\"article:modified_time\" content=\"2024-09-22T22:14:48+00:00\" \/>\n<meta property=\"og:image\" content=\"https:\/\/pet24.md\/wp-content\/uploads\/2024\/07\/file-s-kuriczej-v-zhele-brit-premium-cat-pouch-dlya-vzroslyh-koshek.png\" \/>\n\t<meta property=\"og:image:width\" content=\"600\" \/>\n\t<meta property=\"og:image:height\" content=\"600\" \/>\n\t<meta property=\"og:image:type\" content=\"image\/png\" \/>\n<meta name=\"twitter:card\" content=\"summary_large_image\" \/>\n<script type=\"application\/ld+json\" class=\"yoast-schema-graph\">{\"@context\":\"https:\\\/\\\/schema.org\",\"@graph\":[{\"@type\":\"WebPage\",\"@id\":\"https:\\\/\\\/pet24.md\\\/product\\\/file-s-kuriczej-v-zhele-brit-premium-cat-pouch-dlya-vzroslyh-koshek-85-g\\\/\",\"url\":\"https:\\\/\\\/pet24.md\\\/product\\\/file-s-kuriczej-v-zhele-brit-premium-cat-pouch-dlya-vzroslyh-koshek-85-g\\\/\",\"name\":\"Brit Premium \u0432\u043b\u0430\u0436\u043d\u044b\u0439 \u043a\u043e\u0440\u043c \u0441 \u043a\u0443\u0440\u0438\u0446\u0435\u0439 \u0432 \u0436\u0435\u043b\u0435 \u0434\u043b\u044f \u0432\u0437\u0440\u043e\u0441\u043b\u044b\u0445 \u043a\u043e\u0448\u0435\u043a 85 \u0433\",\"isPartOf\":{\"@id\":\"https:\\\/\\\/pet24.md\\\/#website\"},\"primaryImageOfPage\":{\"@id\":\"https:\\\/\\\/pet24.md\\\/product\\\/file-s-kuriczej-v-zhele-brit-premium-cat-pouch-dlya-vzroslyh-koshek-85-g\\\/#primaryimage\"},\"image\":{\"@id\":\"https:\\\/\\\/pet24.md\\\/product\\\/file-s-kuriczej-v-zhele-brit-premium-cat-pouch-dlya-vzroslyh-koshek-85-g\\\/#primaryimage\"},\"thumbnailUrl\":\"https:\\\/\\\/pet24.md\\\/wp-content\\\/uploads\\\/2024\\\/07\\\/file-s-kuriczej-v-zhele-brit-premium-cat-pouch-dlya-vzroslyh-koshek.png\",\"datePublished\":\"2024-07-23T09:32:25+00:00\",\"dateModified\":\"2024-09-22T22:14:48+00:00\",\"description\":\"\u041a\u0443\u043f\u0438\u0442\u044c Brit Premium \u0432\u043b\u0430\u0436\u043d\u044b\u0439 \u043a\u043e\u0440\u043c \u0441 \u043a\u0443\u0440\u0438\u0446\u0435\u0439 \u0432 \u0436\u0435\u043b\u0435 \u0434\u043b\u044f \u0432\u0437\u0440\u043e\u0441\u043b\u044b\u0445 \u043a\u043e\u0448\u0435\u043a 85 \u0433 \u0441 \u0434\u043e\u0441\u0442\u0430\u0432\u043a\u043e\u0439 \u043f\u043e \u041a\u0438\u0448\u0438\u043d\u0435\u0432\u0443 \u0438 \u0432\u0441\u0435\u0439 \u041c\u043e\u043b\u0434\u043e\u0432\u0435 \u043d\u0430 Pet24\",\"breadcrumb\":{\"@id\":\"https:\\\/\\\/pet24.md\\\/product\\\/file-s-kuriczej-v-zhele-brit-premium-cat-pouch-dlya-vzroslyh-koshek-85-g\\\/#breadcrumb\"},\"inLanguage\":\"ro-RO\",\"potentialAction\":[{\"@type\":\"ReadAction\",\"target\":[\"https:\\\/\\\/pet24.md\\\/product\\\/file-s-kuriczej-v-zhele-brit-premium-cat-pouch-dlya-vzroslyh-koshek-85-g\\\/\"]}]},{\"@type\":\"ImageObject\",\"inLanguage\":\"ro-RO\",\"@id\":\"https:\\\/\\\/pet24.md\\\/product\\\/file-s-kuriczej-v-zhele-brit-premium-cat-pouch-dlya-vzroslyh-koshek-85-g\\\/#primaryimage\",\"url\":\"https:\\\/\\\/pet24.md\\\/wp-content\\\/uploads\\\/2024\\\/07\\\/file-s-kuriczej-v-zhele-brit-premium-cat-pouch-dlya-vzroslyh-koshek.png\",\"contentUrl\":\"https:\\\/\\\/pet24.md\\\/wp-content\\\/uploads\\\/2024\\\/07\\\/file-s-kuriczej-v-zhele-brit-premium-cat-pouch-dlya-vzroslyh-koshek.png\",\"width\":600,\"height\":600},{\"@type\":\"BreadcrumbList\",\"@id\":\"https:\\\/\\\/pet24.md\\\/product\\\/file-s-kuriczej-v-zhele-brit-premium-cat-pouch-dlya-vzroslyh-koshek-85-g\\\/#breadcrumb\",\"itemListElement\":[{\"@type\":\"ListItem\",\"position\":1,\"name\":\"\u0413\u043b\u0430\u0432\u043d\u0430\u044f \u0441\u0442\u0440\u0430\u043d\u0438\u0446\u0430\",\"item\":\"https:\\\/\\\/pet24.md\\\/\"},{\"@type\":\"ListItem\",\"position\":2,\"name\":\"\u041c\u0430\u0433\u0430\u0437\u0438\u043d\",\"item\":\"https:\\\/\\\/pet24.md\\\/shop\\\/\"},{\"@type\":\"ListItem\",\"position\":3,\"name\":\"Brit Premium \u0432\u043b\u0430\u0436\u043d\u044b\u0439 \u043a\u043e\u0440\u043c \u0441 \u043a\u0443\u0440\u0438\u0446\u0435\u0439 \u0432 \u0436\u0435\u043b\u0435 \u0434\u043b\u044f \u0432\u0437\u0440\u043e\u0441\u043b\u044b\u0445 \u043a\u043e\u0448\u0435\u043a 85 \u0433\"}]},{\"@type\":\"WebSite\",\"@id\":\"https:\\\/\\\/pet24.md\\\/#website\",\"url\":\"https:\\\/\\\/pet24.md\\\/\",\"name\":\"Pet24\",\"description\":\"\u0417\u043e\u043e\u043c\u0430\u0433\u0430\u0437\u0438\u043d \u0442\u043e\u0432\u0430\u0440\u043e\u0432 \u0434\u043b\u044f \u0434\u043e\u043c\u0430\u0448\u043d\u0438\u0445 \u043f\u0438\u0442\u043e\u043c\u0446\u0435\u0432\",\"publisher\":{\"@id\":\"https:\\\/\\\/pet24.md\\\/#organization\"},\"potentialAction\":[{\"@type\":\"SearchAction\",\"target\":{\"@type\":\"EntryPoint\",\"urlTemplate\":\"https:\\\/\\\/pet24.md\\\/?s={search_term_string}\"},\"query-input\":{\"@type\":\"PropertyValueSpecification\",\"valueRequired\":true,\"valueName\":\"search_term_string\"}}],\"inLanguage\":\"ro-RO\"},{\"@type\":\"Organization\",\"@id\":\"https:\\\/\\\/pet24.md\\\/#organization\",\"name\":\"Pet24\",\"url\":\"https:\\\/\\\/pet24.md\\\/\",\"logo\":{\"@type\":\"ImageObject\",\"inLanguage\":\"ro-RO\",\"@id\":\"https:\\\/\\\/pet24.md\\\/#\\\/schema\\\/logo\\\/image\\\/\",\"url\":\"https:\\\/\\\/pet24.md\\\/wp-content\\\/uploads\\\/2024\\\/09\\\/logo.svg\",\"contentUrl\":\"https:\\\/\\\/pet24.md\\\/wp-content\\\/uploads\\\/2024\\\/09\\\/logo.svg\",\"width\":215,\"height\":66,\"caption\":\"Pet24\"},\"image\":{\"@id\":\"https:\\\/\\\/pet24.md\\\/#\\\/schema\\\/logo\\\/image\\\/\"},\"sameAs\":[\"https:\\\/\\\/www.facebook.com\\\/pet24.md\",\"https:\\\/\\\/www.instagram.com\\\/pet24.md\\\/\"],\"telephone\":\"+37360508880\"}]}<\/script>\n<!-- \/ Yoast SEO Premium plugin. -->","yoast_head_json":{"title":"Hrana umeda Brit Premium cu pui in jeleu pentru pisici adulte 85 g","description":"\u041a\u0443\u043f\u0438\u0442\u044c Brit Premium \u0432\u043b\u0430\u0436\u043d\u044b\u0439 \u043a\u043e\u0440\u043c \u0441 \u043a\u0443\u0440\u0438\u0446\u0435\u0439 \u0432 \u0436\u0435\u043b\u0435 \u0434\u043b\u044f \u0432\u0437\u0440\u043e\u0441\u043b\u044b\u0445 \u043a\u043e\u0448\u0435\u043a 85 \u0433 \u0441 \u0434\u043e\u0441\u0442\u0430\u0432\u043a\u043e\u0439 \u043f\u043e \u041a\u0438\u0448\u0438\u043d\u0435\u0432\u0443 \u0438 \u0432\u0441\u0435\u0439 \u041c\u043e\u043b\u0434\u043e\u0432\u0435 \u043d\u0430 Pet24","robots":{"index":"index","follow":"follow","max-snippet":"max-snippet:-1","max-image-preview":"max-image-preview:large","max-video-preview":"max-video-preview:-1"},"canonical":"https:\/\/pet24.md\/ro\/produs\/file-s-kuriczej-v-zhele-brit-premium-cat-pouch-dlya-vzroslyh-koshek-85-g\/","og_locale":"ro_RO","og_type":"article","og_title":"Brit Premium \u0432\u043b\u0430\u0436\u043d\u044b\u0439 \u043a\u043e\u0440\u043c \u0441 \u043a\u0443\u0440\u0438\u0446\u0435\u0439 \u0432 \u0436\u0435\u043b\u0435 \u0434\u043b\u044f \u0432\u0437\u0440\u043e\u0441\u043b\u044b\u0445 \u043a\u043e\u0448\u0435\u043a 85 \u0433","og_description":"\u041a\u0443\u043f\u0438\u0442\u044c Brit Premium \u0432\u043b\u0430\u0436\u043d\u044b\u0439 \u043a\u043e\u0440\u043c \u0441 \u043a\u0443\u0440\u0438\u0446\u0435\u0439 \u0432 \u0436\u0435\u043b\u0435 \u0434\u043b\u044f \u0432\u0437\u0440\u043e\u0441\u043b\u044b\u0445 \u043a\u043e\u0448\u0435\u043a 85 \u0433 \u0441 \u0434\u043e\u0441\u0442\u0430\u0432\u043a\u043e\u0439 \u043f\u043e \u041a\u0438\u0448\u0438\u043d\u0435\u0432\u0443 \u0438 \u0432\u0441\u0435\u0439 \u041c\u043e\u043b\u0434\u043e\u0432\u0435 \u043d\u0430 Pet24","og_url":"https:\/\/pet24.md\/ro\/produs\/file-s-kuriczej-v-zhele-brit-premium-cat-pouch-dlya-vzroslyh-koshek-85-g\/","og_site_name":"Pet24","article_publisher":"https:\/\/www.facebook.com\/pet24.md","article_modified_time":"2024-09-22T22:14:48+00:00","og_image":[{"width":600,"height":600,"url":"https:\/\/pet24.md\/wp-content\/uploads\/2024\/07\/file-s-kuriczej-v-zhele-brit-premium-cat-pouch-dlya-vzroslyh-koshek.png","type":"image\/png"}],"twitter_card":"summary_large_image","schema":{"@context":"https:\/\/schema.org","@graph":[{"@type":"WebPage","@id":"https:\/\/pet24.md\/product\/file-s-kuriczej-v-zhele-brit-premium-cat-pouch-dlya-vzroslyh-koshek-85-g\/","url":"https:\/\/pet24.md\/product\/file-s-kuriczej-v-zhele-brit-premium-cat-pouch-dlya-vzroslyh-koshek-85-g\/","name":"Hrana umeda Brit Premium cu pui in jeleu pentru pisici adulte 85 g","isPartOf":{"@id":"https:\/\/pet24.md\/#website"},"primaryImageOfPage":{"@id":"https:\/\/pet24.md\/product\/file-s-kuriczej-v-zhele-brit-premium-cat-pouch-dlya-vzroslyh-koshek-85-g\/#primaryimage"},"image":{"@id":"https:\/\/pet24.md\/product\/file-s-kuriczej-v-zhele-brit-premium-cat-pouch-dlya-vzroslyh-koshek-85-g\/#primaryimage"},"thumbnailUrl":"https:\/\/pet24.md\/wp-content\/uploads\/2024\/07\/file-s-kuriczej-v-zhele-brit-premium-cat-pouch-dlya-vzroslyh-koshek.png","datePublished":"2024-07-23T09:32:25+00:00","dateModified":"2024-09-22T22:14:48+00:00","description":"\u041a\u0443\u043f\u0438\u0442\u044c Brit Premium \u0432\u043b\u0430\u0436\u043d\u044b\u0439 \u043a\u043e\u0440\u043c \u0441 \u043a\u0443\u0440\u0438\u0446\u0435\u0439 \u0432 \u0436\u0435\u043b\u0435 \u0434\u043b\u044f \u0432\u0437\u0440\u043e\u0441\u043b\u044b\u0445 \u043a\u043e\u0448\u0435\u043a 85 \u0433 \u0441 \u0434\u043e\u0441\u0442\u0430\u0432\u043a\u043e\u0439 \u043f\u043e \u041a\u0438\u0448\u0438\u043d\u0435\u0432\u0443 \u0438 \u0432\u0441\u0435\u0439 \u041c\u043e\u043b\u0434\u043e\u0432\u0435 \u043d\u0430 Pet24","breadcrumb":{"@id":"https:\/\/pet24.md\/product\/file-s-kuriczej-v-zhele-brit-premium-cat-pouch-dlya-vzroslyh-koshek-85-g\/#breadcrumb"},"inLanguage":"ro-RO","potentialAction":[{"@type":"ReadAction","target":["https:\/\/pet24.md\/product\/file-s-kuriczej-v-zhele-brit-premium-cat-pouch-dlya-vzroslyh-koshek-85-g\/"]}]},{"@type":"ImageObject","inLanguage":"ro-RO","@id":"https:\/\/pet24.md\/product\/file-s-kuriczej-v-zhele-brit-premium-cat-pouch-dlya-vzroslyh-koshek-85-g\/#primaryimage","url":"https:\/\/pet24.md\/wp-content\/uploads\/2024\/07\/file-s-kuriczej-v-zhele-brit-premium-cat-pouch-dlya-vzroslyh-koshek.png","contentUrl":"https:\/\/pet24.md\/wp-content\/uploads\/2024\/07\/file-s-kuriczej-v-zhele-brit-premium-cat-pouch-dlya-vzroslyh-koshek.png","width":600,"height":600},{"@type":"BreadcrumbList","@id":"https:\/\/pet24.md\/product\/file-s-kuriczej-v-zhele-brit-premium-cat-pouch-dlya-vzroslyh-koshek-85-g\/#breadcrumb","itemListElement":[{"@type":"ListItem","position":1,"name":"\u0413\u043b\u0430\u0432\u043d\u0430\u044f \u0441\u0442\u0440\u0430\u043d\u0438\u0446\u0430","item":"https:\/\/pet24.md\/"},{"@type":"ListItem","position":2,"name":"\u041c\u0430\u0433\u0430\u0437\u0438\u043d","item":"https:\/\/pet24.md\/shop\/"},{"@type":"ListItem","position":3,"name":"Brit Premium \u0432\u043b\u0430\u0436\u043d\u044b\u0439 \u043a\u043e\u0440\u043c \u0441 \u043a\u0443\u0440\u0438\u0446\u0435\u0439 \u0432 \u0436\u0435\u043b\u0435 \u0434\u043b\u044f \u0432\u0437\u0440\u043e\u0441\u043b\u044b\u0445 \u043a\u043e\u0448\u0435\u043a 85 \u0433"}]},{"@type":"WebSite","@id":"https:\/\/pet24.md\/#website","url":"https:\/\/pet24.md\/","name":"Pet24","description":"Magazin de animale de companie","publisher":{"@id":"https:\/\/pet24.md\/#organization"},"potentialAction":[{"@type":"SearchAction","target":{"@type":"EntryPoint","urlTemplate":"https:\/\/pet24.md\/?s={search_term_string}"},"query-input":{"@type":"PropertyValueSpecification","valueRequired":true,"valueName":"search_term_string"}}],"inLanguage":"ro-RO"},{"@type":"Organization","@id":"https:\/\/pet24.md\/#organization","name":"Pet24","url":"https:\/\/pet24.md\/","logo":{"@type":"ImageObject","inLanguage":"ro-RO","@id":"https:\/\/pet24.md\/#\/schema\/logo\/image\/","url":"https:\/\/pet24.md\/wp-content\/uploads\/2024\/09\/logo.svg","contentUrl":"https:\/\/pet24.md\/wp-content\/uploads\/2024\/09\/logo.svg","width":215,"height":66,"caption":"Pet24"},"image":{"@id":"https:\/\/pet24.md\/#\/schema\/logo\/image\/"},"sameAs":["https:\/\/www.facebook.com\/pet24.md","https:\/\/www.instagram.com\/pet24.md\/"],"telephone":"+37360508880"}]}},"_links":{"self":[{"href":"https:\/\/pet24.md\/ro\/wp-json\/wp\/v2\/product\/83896","targetHints":{"allow":["GET"]}}],"collection":[{"href":"https:\/\/pet24.md\/ro\/wp-json\/wp\/v2\/product"}],"about":[{"href":"https:\/\/pet24.md\/ro\/wp-json\/wp\/v2\/types\/product"}],"replies":[{"embeddable":true,"href":"https:\/\/pet24.md\/ro\/wp-json\/wp\/v2\/comments?post=83896"}],"wp:featuredmedia":[{"embeddable":true,"href":"https:\/\/pet24.md\/ro\/wp-json\/wp\/v2\/media\/91592"}],"wp:attachment":[{"href":"https:\/\/pet24.md\/ro\/wp-json\/wp\/v2\/media?parent=83896"}],"wp:term":[{"taxonomy":"product_brand","embeddable":true,"href":"https:\/\/pet24.md\/ro\/wp-json\/wp\/v2\/product_brand?post=83896"},{"taxonomy":"product_cat","embeddable":true,"href":"https:\/\/pet24.md\/ro\/wp-json\/wp\/v2\/product_cat?post=83896"},{"taxonomy":"product_tag","embeddable":true,"href":"https:\/\/pet24.md\/ro\/wp-json\/wp\/v2\/product_tag?post=83896"}],"curies":[{"name":"wp","href":"https:\/\/api.w.org\/{rel}","templated":true}]}}