{"id":83913,"date":"2024-07-23T09:50:10","date_gmt":"2024-07-23T09:50:10","guid":{"rendered":"https:\/\/pet24.md\/?post_type=product&#038;p=83913"},"modified":"2024-09-22T22:14:49","modified_gmt":"2024-09-22T22:14:49","slug":"suhoj-korm-dlya-sobak-brit-care-dog-s-oleninoj-12-kg","status":"publish","type":"product","link":"https:\/\/pet24.md\/ro\/produs\/suhoj-korm-dlya-sobak-brit-care-dog-s-oleninoj-12-kg\/","title":{"rendered":"Brit Care Dog Hran\u0103 uscat\u0103 pentru c\u00e2ini cu c\u0103prioar\u0103 12 kg"},"content":{"rendered":"<h3>Brit Care Dog Hran\u0103 uscat\u0103 pentru c\u00e2ini cu c\u0103prioar\u0103 12 kg<\/h3>\n<h4>Caracteristici principale<\/h4>\n<ul>\n<li><strong>Hrana uscata pentru caini super premium fara cereale<\/strong>: Conceput pentru c\u00e2inii cu digestie sensibil\u0103 \u0219i alergii.<\/li>\n<li><strong>Proteina de cerb<\/strong>: Reduce riscul de reac\u021bii rele la alimente.<\/li>\n<li><strong>Ciulin de lapte<\/strong>: Sprijin\u0103 func\u021bia ficatului \u0219i ajut\u0103 la combaterea inflama\u021biei.<\/li>\n<li><strong>Omega-3<\/strong>: \u00cembun\u0103t\u0103\u021be\u0219te hidratarea pielii \u0219i str\u0103lucirea bl\u0103nii.<\/li>\n<li><strong>Potrivire perfect\u0103<\/strong>: Pentru c\u00e2inii cu reac\u021bii adverse la alte alimente.<\/li>\n<\/ul>\n<h4>Avantaje<\/h4>\n<ul>\n<li><strong>Fara grasime de pui<\/strong>: Formula pe baz\u0103 de carne de c\u0103prioar\u0103 evit\u0103 reac\u021biile adverse.<\/li>\n<li><strong>Piele \u0219i hain\u0103<\/strong>: Con\u021binut ridicat de Omega-3 pentru piele s\u0103n\u0103toas\u0103 \u0219i blan\u0103 str\u0103lucitoare.<\/li>\n<li><strong>Imunitate<\/strong>Probioticele \u0219i antioxidan\u021bii \u00eent\u0103resc sistemul imunitar \u0219i sus\u021bin s\u0103n\u0103tatea digestiv\u0103.<\/li>\n<\/ul>\n<h4>Compus<\/h4>\n<ul>\n<li><strong>Ingrediente principale<\/strong>: carne de c\u0103prioar\u0103 deshidratat\u0103 (36%), cartofi (30%), ulei de nuc\u0103 de cocos, pulp\u0103 de m\u0103r uscat\u0103, ulei de somon (5%), semin\u021be de in (4%).<\/li>\n<li><strong>Componente suplimentare<\/strong>: Glucozamin\u0103 (300 mg\/kg), fructooligozaharide (230 mg\/kg), sulfat de condroitin\u0103 (230 mg\/kg), mananoligozaharide (180 mg\/kg), Yucca Mojave (180 mg\/kg), semin\u021be de ciulin de lapte (110 mg\/kg). kg) ), \u03b2-glucani (60 mg\/kg), mam\u0103 uscat\u0103 (60 mg\/kg), c\u0103tin\u0103 uscat\u0103 (60 mg\/kg), probiotic Lactobacillus helveticus HA \u2013 122 inactivat (15x10^9 celule\/kg).<\/li>\n<\/ul>\n<h4>Ingrediente analitice<\/h4>\n<ul>\n<li>Protein\u0103 brut\u0103: 25,0%<\/li>\n<li>Gr\u0103sime brut\u0103: 14,0%<\/li>\n<li>Umiditate: 10.0%<\/li>\n<li>Cenu\u0219\u0103 brut\u0103: 8,5%<\/li>\n<li>Fibr\u0103 brut\u0103: 3.0%<\/li>\n<li>Calciu: 1,7%<\/li>\n<li>Fosfor: 1,2%<\/li>\n<li>Sodiu: 0,2%<\/li>\n<li>Acizi gra\u0219i Omega-3: 1,0%<\/li>\n<li>Acizi gra\u0219i Omega-6: 0,8%<\/li>\n<li>EPA (20:5 n-3): 0,06%<\/li>\n<li>DHA (22:6 n-3): 0,12%<\/li>\n<\/ul>\n<h4>Nutrien\u021bi<\/h4>\n<ul>\n<li>Vitamina A (3a672a): 23000 UI<\/li>\n<li>Vitamina D3 (3a671): 1700 UI<\/li>\n<li>Vitamina E (3a700): 550 mg<\/li>\n<li>Vitamina C (3a312): 350 mg<\/li>\n<li>Taurin\u0103 (3a370): 1500 mg<\/li>\n<li>Clorura de colina (3a890): 1800 mg<\/li>\n<li>L-carnitin\u0103 (3a910): 300 mg<\/li>\n<li>Vitamina B1 (3a821): 3 mg<\/li>\n<li>Vitamina B2 (3a825i): 11 mg<\/li>\n<li>Biotin\u0103 (3a880): 4 mg<\/li>\n<li>Acid folic (3a316): 1,4 mg<\/li>\n<li>Vitamina B6 (3a831): 3 mg<\/li>\n<li>D-pantotenat de calciu (3a841): 30 mg<\/li>\n<li>Niacinamid\u0103 (3a315): 38 mg<\/li>\n<li>Vitamina B12: 0,12 mg<\/li>\n<li>Iod (3b201): 0,9 mg<\/li>\n<li>Zinc organic (3b606): 100 mg<\/li>\n<li>Mangan organic (3b504): 45 mg<\/li>\n<li>Cupru organic (3b406): 20 mg<\/li>\n<li>Fier organic (3b106): 88 mg<\/li>\n<li>Seleniu organic (3b810): 0,18 mg<\/li>\n<li><strong>Antioxidan\u021bi<\/strong>: extracte din ulei vegetal de tocoferol (1b306(i)), palmitat de ascorbil (1b304) \u0219i extract de rozmarin.<\/li>\n<\/ul>\n<h4>Energie metabolizat\u0103<\/h4>\n<ul>\n<li>3640 kcal\/kg<\/li>\n<\/ul>\n<p>Hrana uscata pentru caini Brit Care Dog cu carne de caprioara este o alegere ideala pentru cainii cu digestie sensibila si cu tendinta la alergii. Bucura\u021bi-v\u0103 de s\u0103n\u0103tatea \u0219i energia animalului dvs. de companie cu o nutri\u021bie de calitate<\/p>","protected":false},"excerpt":{"rendered":"<p>Hrana uscata pentru caini fara cereale Brit Care Dog cu carne de caprioara 12kg este conceputa pentru cainii cu digestie sensibila si alergici, datorita continutului ridicat de proteine de caprioara si Omega-3. Sus\u021bine pielea, blana \u0219i sistemul imunitar s\u0103n\u0103to\u0219i.<\/p>\n<div id=\"gtx-trans\" style=\"position: absolute; left: 97px; top: 38px;\">\n<div class=\"gtx-trans-icon\"><\/div>\n<\/div>","protected":false},"featured_media":91332,"comment_status":"closed","ping_status":"closed","template":"","meta":[],"product_brand":[],"product_cat":[136,293,337],"product_tag":[638,480,325],"class_list":{"0":"post-83913","1":"product","2":"type-product","3":"status-publish","4":"has-post-thumbnail","6":"product_cat-dog","7":"product_cat-dogfood","8":"product_cat-dogdry","9":"product_tag-brit","10":"product_tag-sobaka","11":"product_tag-suhoj-korm","12":"pa_age-pet-vzroslyj","13":"pa_brand-brit-care","14":"pa_breed-size-dlya-vseh-porod","15":"pa_feed-class-super-premium","16":"pa_meat-ingredients-olenina","17":"pa_packaging-meshok","18":"pa_pet-sobaka","19":"pa_pet-feature-zdorovyj-pitomecz","20":"pa_plant-ingredient-kartofel","21":"pa_type-feed-suhoj-korm","22":"pa_weight-12-kg","24":"first","25":"instock","26":"sale","27":"shipping-taxable","28":"product-type-simple"},"yoast_head":"<!-- This site is optimized with the Yoast SEO Premium plugin v23.7 (Yoast SEO v27.5) - https:\/\/yoast.com\/product\/yoast-seo-premium-wordpress\/ -->\n<title>Brit Care Dog \u0441\u0443\u0445\u043e\u0439 \u043a\u043e\u0440\u043c \u0434\u043b\u044f \u0441\u043e\u0431\u0430\u043a \u0441 \u043e\u043b\u0435\u043d\u0438\u043d\u043e\u0439 12 \u043a\u0433<\/title>\n<meta name=\"description\" content=\"\u041a\u0443\u043f\u0438\u0442\u044c Brit Care Dog \u0441\u0443\u0445\u043e\u0439 \u043a\u043e\u0440\u043c \u0434\u043b\u044f \u0441\u043e\u0431\u0430\u043a \u0441 \u043e\u043b\u0435\u043d\u0438\u043d\u043e\u0439 12 \u043a\u0433 \u0441 \u0434\u043e\u0441\u0442\u0430\u0432\u043a\u043e\u0439 \u043f\u043e \u041a\u0438\u0448\u0438\u043d\u0435\u0432\u0443 \u0438 \u0432\u0441\u0435\u0439 \u041c\u043e\u043b\u0434\u043e\u0432\u0435 \u043d\u0430 Pet24\" \/>\n<meta name=\"robots\" content=\"index, follow, max-snippet:-1, max-image-preview:large, max-video-preview:-1\" \/>\n<link rel=\"canonical\" href=\"https:\/\/pet24.md\/ro\/produs\/suhoj-korm-dlya-sobak-brit-care-dog-s-oleninoj-12-kg\/\" \/>\n<meta property=\"og:locale\" content=\"ro_RO\" \/>\n<meta property=\"og:type\" content=\"article\" \/>\n<meta property=\"og:title\" content=\"Brit Care Dog \u0441\u0443\u0445\u043e\u0439 \u043a\u043e\u0440\u043c \u0434\u043b\u044f \u0441\u043e\u0431\u0430\u043a \u0441 \u043e\u043b\u0435\u043d\u0438\u043d\u043e\u0439 12 \u043a\u0433\" \/>\n<meta property=\"og:description\" content=\"\u041a\u0443\u043f\u0438\u0442\u044c Brit Care Dog \u0441\u0443\u0445\u043e\u0439 \u043a\u043e\u0440\u043c \u0434\u043b\u044f \u0441\u043e\u0431\u0430\u043a \u0441 \u043e\u043b\u0435\u043d\u0438\u043d\u043e\u0439 12 \u043a\u0433 \u0441 \u0434\u043e\u0441\u0442\u0430\u0432\u043a\u043e\u0439 \u043f\u043e \u041a\u0438\u0448\u0438\u043d\u0435\u0432\u0443 \u0438 \u0432\u0441\u0435\u0439 \u041c\u043e\u043b\u0434\u043e\u0432\u0435 \u043d\u0430 Pet24\" \/>\n<meta property=\"og:url\" content=\"https:\/\/pet24.md\/ro\/produs\/suhoj-korm-dlya-sobak-brit-care-dog-s-oleninoj-12-kg\/\" \/>\n<meta property=\"og:site_name\" content=\"Pet24\" \/>\n<meta property=\"article:publisher\" content=\"https:\/\/www.facebook.com\/pet24.md\" \/>\n<meta property=\"article:modified_time\" content=\"2024-09-22T22:14:49+00:00\" \/>\n<meta property=\"og:image\" content=\"https:\/\/pet24.md\/wp-content\/uploads\/2024\/07\/suhoj-korm-dlya-sobak-brit-care-dog-s-oleninoj-12-kg.png\" \/>\n\t<meta property=\"og:image:width\" content=\"500\" \/>\n\t<meta property=\"og:image:height\" content=\"500\" \/>\n\t<meta property=\"og:image:type\" content=\"image\/png\" \/>\n<meta name=\"twitter:card\" content=\"summary_large_image\" \/>\n<script type=\"application\/ld+json\" class=\"yoast-schema-graph\">{\"@context\":\"https:\\\/\\\/schema.org\",\"@graph\":[{\"@type\":\"WebPage\",\"@id\":\"https:\\\/\\\/pet24.md\\\/product\\\/suhoj-korm-dlya-sobak-brit-care-dog-s-oleninoj-12-kg\\\/\",\"url\":\"https:\\\/\\\/pet24.md\\\/product\\\/suhoj-korm-dlya-sobak-brit-care-dog-s-oleninoj-12-kg\\\/\",\"name\":\"Brit Care Dog \u0441\u0443\u0445\u043e\u0439 \u043a\u043e\u0440\u043c \u0434\u043b\u044f \u0441\u043e\u0431\u0430\u043a \u0441 \u043e\u043b\u0435\u043d\u0438\u043d\u043e\u0439 12 \u043a\u0433\",\"isPartOf\":{\"@id\":\"https:\\\/\\\/pet24.md\\\/#website\"},\"primaryImageOfPage\":{\"@id\":\"https:\\\/\\\/pet24.md\\\/product\\\/suhoj-korm-dlya-sobak-brit-care-dog-s-oleninoj-12-kg\\\/#primaryimage\"},\"image\":{\"@id\":\"https:\\\/\\\/pet24.md\\\/product\\\/suhoj-korm-dlya-sobak-brit-care-dog-s-oleninoj-12-kg\\\/#primaryimage\"},\"thumbnailUrl\":\"https:\\\/\\\/pet24.md\\\/wp-content\\\/uploads\\\/2024\\\/07\\\/suhoj-korm-dlya-sobak-brit-care-dog-s-oleninoj-12-kg.png\",\"datePublished\":\"2024-07-23T09:50:10+00:00\",\"dateModified\":\"2024-09-22T22:14:49+00:00\",\"description\":\"\u041a\u0443\u043f\u0438\u0442\u044c Brit Care Dog \u0441\u0443\u0445\u043e\u0439 \u043a\u043e\u0440\u043c \u0434\u043b\u044f \u0441\u043e\u0431\u0430\u043a \u0441 \u043e\u043b\u0435\u043d\u0438\u043d\u043e\u0439 12 \u043a\u0433 \u0441 \u0434\u043e\u0441\u0442\u0430\u0432\u043a\u043e\u0439 \u043f\u043e \u041a\u0438\u0448\u0438\u043d\u0435\u0432\u0443 \u0438 \u0432\u0441\u0435\u0439 \u041c\u043e\u043b\u0434\u043e\u0432\u0435 \u043d\u0430 Pet24\",\"breadcrumb\":{\"@id\":\"https:\\\/\\\/pet24.md\\\/product\\\/suhoj-korm-dlya-sobak-brit-care-dog-s-oleninoj-12-kg\\\/#breadcrumb\"},\"inLanguage\":\"ro-RO\",\"potentialAction\":[{\"@type\":\"ReadAction\",\"target\":[\"https:\\\/\\\/pet24.md\\\/product\\\/suhoj-korm-dlya-sobak-brit-care-dog-s-oleninoj-12-kg\\\/\"]}]},{\"@type\":\"ImageObject\",\"inLanguage\":\"ro-RO\",\"@id\":\"https:\\\/\\\/pet24.md\\\/product\\\/suhoj-korm-dlya-sobak-brit-care-dog-s-oleninoj-12-kg\\\/#primaryimage\",\"url\":\"https:\\\/\\\/pet24.md\\\/wp-content\\\/uploads\\\/2024\\\/07\\\/suhoj-korm-dlya-sobak-brit-care-dog-s-oleninoj-12-kg.png\",\"contentUrl\":\"https:\\\/\\\/pet24.md\\\/wp-content\\\/uploads\\\/2024\\\/07\\\/suhoj-korm-dlya-sobak-brit-care-dog-s-oleninoj-12-kg.png\",\"width\":500,\"height\":500},{\"@type\":\"BreadcrumbList\",\"@id\":\"https:\\\/\\\/pet24.md\\\/product\\\/suhoj-korm-dlya-sobak-brit-care-dog-s-oleninoj-12-kg\\\/#breadcrumb\",\"itemListElement\":[{\"@type\":\"ListItem\",\"position\":1,\"name\":\"\u0413\u043b\u0430\u0432\u043d\u0430\u044f \u0441\u0442\u0440\u0430\u043d\u0438\u0446\u0430\",\"item\":\"https:\\\/\\\/pet24.md\\\/\"},{\"@type\":\"ListItem\",\"position\":2,\"name\":\"\u041c\u0430\u0433\u0430\u0437\u0438\u043d\",\"item\":\"https:\\\/\\\/pet24.md\\\/shop\\\/\"},{\"@type\":\"ListItem\",\"position\":3,\"name\":\"Brit Care Dog \u0441\u0443\u0445\u043e\u0439 \u043a\u043e\u0440\u043c \u0434\u043b\u044f \u0441\u043e\u0431\u0430\u043a \u0441 \u043e\u043b\u0435\u043d\u0438\u043d\u043e\u0439 12 \u043a\u0433\"}]},{\"@type\":\"WebSite\",\"@id\":\"https:\\\/\\\/pet24.md\\\/#website\",\"url\":\"https:\\\/\\\/pet24.md\\\/\",\"name\":\"Pet24\",\"description\":\"\u0417\u043e\u043e\u043c\u0430\u0433\u0430\u0437\u0438\u043d \u0442\u043e\u0432\u0430\u0440\u043e\u0432 \u0434\u043b\u044f \u0434\u043e\u043c\u0430\u0448\u043d\u0438\u0445 \u043f\u0438\u0442\u043e\u043c\u0446\u0435\u0432\",\"publisher\":{\"@id\":\"https:\\\/\\\/pet24.md\\\/#organization\"},\"potentialAction\":[{\"@type\":\"SearchAction\",\"target\":{\"@type\":\"EntryPoint\",\"urlTemplate\":\"https:\\\/\\\/pet24.md\\\/?s={search_term_string}\"},\"query-input\":{\"@type\":\"PropertyValueSpecification\",\"valueRequired\":true,\"valueName\":\"search_term_string\"}}],\"inLanguage\":\"ro-RO\"},{\"@type\":\"Organization\",\"@id\":\"https:\\\/\\\/pet24.md\\\/#organization\",\"name\":\"Pet24\",\"url\":\"https:\\\/\\\/pet24.md\\\/\",\"logo\":{\"@type\":\"ImageObject\",\"inLanguage\":\"ro-RO\",\"@id\":\"https:\\\/\\\/pet24.md\\\/#\\\/schema\\\/logo\\\/image\\\/\",\"url\":\"https:\\\/\\\/pet24.md\\\/wp-content\\\/uploads\\\/2024\\\/09\\\/logo.svg\",\"contentUrl\":\"https:\\\/\\\/pet24.md\\\/wp-content\\\/uploads\\\/2024\\\/09\\\/logo.svg\",\"width\":215,\"height\":66,\"caption\":\"Pet24\"},\"image\":{\"@id\":\"https:\\\/\\\/pet24.md\\\/#\\\/schema\\\/logo\\\/image\\\/\"},\"sameAs\":[\"https:\\\/\\\/www.facebook.com\\\/pet24.md\",\"https:\\\/\\\/www.instagram.com\\\/pet24.md\\\/\"],\"telephone\":\"+37360508880\"}]}<\/script>\n<!-- \/ Yoast SEO Premium plugin. -->","yoast_head_json":{"title":"Brit Care Dog Hran\u0103 uscat\u0103 pentru c\u00e2ini cu c\u0103prioar\u0103 12 kg","description":"\u041a\u0443\u043f\u0438\u0442\u044c Brit Care Dog \u0441\u0443\u0445\u043e\u0439 \u043a\u043e\u0440\u043c \u0434\u043b\u044f \u0441\u043e\u0431\u0430\u043a \u0441 \u043e\u043b\u0435\u043d\u0438\u043d\u043e\u0439 12 \u043a\u0433 \u0441 \u0434\u043e\u0441\u0442\u0430\u0432\u043a\u043e\u0439 \u043f\u043e \u041a\u0438\u0448\u0438\u043d\u0435\u0432\u0443 \u0438 \u0432\u0441\u0435\u0439 \u041c\u043e\u043b\u0434\u043e\u0432\u0435 \u043d\u0430 Pet24","robots":{"index":"index","follow":"follow","max-snippet":"max-snippet:-1","max-image-preview":"max-image-preview:large","max-video-preview":"max-video-preview:-1"},"canonical":"https:\/\/pet24.md\/ro\/produs\/suhoj-korm-dlya-sobak-brit-care-dog-s-oleninoj-12-kg\/","og_locale":"ro_RO","og_type":"article","og_title":"Brit Care Dog \u0441\u0443\u0445\u043e\u0439 \u043a\u043e\u0440\u043c \u0434\u043b\u044f \u0441\u043e\u0431\u0430\u043a \u0441 \u043e\u043b\u0435\u043d\u0438\u043d\u043e\u0439 12 \u043a\u0433","og_description":"\u041a\u0443\u043f\u0438\u0442\u044c Brit Care Dog \u0441\u0443\u0445\u043e\u0439 \u043a\u043e\u0440\u043c \u0434\u043b\u044f \u0441\u043e\u0431\u0430\u043a \u0441 \u043e\u043b\u0435\u043d\u0438\u043d\u043e\u0439 12 \u043a\u0433 \u0441 \u0434\u043e\u0441\u0442\u0430\u0432\u043a\u043e\u0439 \u043f\u043e \u041a\u0438\u0448\u0438\u043d\u0435\u0432\u0443 \u0438 \u0432\u0441\u0435\u0439 \u041c\u043e\u043b\u0434\u043e\u0432\u0435 \u043d\u0430 Pet24","og_url":"https:\/\/pet24.md\/ro\/produs\/suhoj-korm-dlya-sobak-brit-care-dog-s-oleninoj-12-kg\/","og_site_name":"Pet24","article_publisher":"https:\/\/www.facebook.com\/pet24.md","article_modified_time":"2024-09-22T22:14:49+00:00","og_image":[{"width":500,"height":500,"url":"https:\/\/pet24.md\/wp-content\/uploads\/2024\/07\/suhoj-korm-dlya-sobak-brit-care-dog-s-oleninoj-12-kg.png","type":"image\/png"}],"twitter_card":"summary_large_image","schema":{"@context":"https:\/\/schema.org","@graph":[{"@type":"WebPage","@id":"https:\/\/pet24.md\/product\/suhoj-korm-dlya-sobak-brit-care-dog-s-oleninoj-12-kg\/","url":"https:\/\/pet24.md\/product\/suhoj-korm-dlya-sobak-brit-care-dog-s-oleninoj-12-kg\/","name":"Brit Care Dog Hran\u0103 uscat\u0103 pentru c\u00e2ini cu c\u0103prioar\u0103 12 kg","isPartOf":{"@id":"https:\/\/pet24.md\/#website"},"primaryImageOfPage":{"@id":"https:\/\/pet24.md\/product\/suhoj-korm-dlya-sobak-brit-care-dog-s-oleninoj-12-kg\/#primaryimage"},"image":{"@id":"https:\/\/pet24.md\/product\/suhoj-korm-dlya-sobak-brit-care-dog-s-oleninoj-12-kg\/#primaryimage"},"thumbnailUrl":"https:\/\/pet24.md\/wp-content\/uploads\/2024\/07\/suhoj-korm-dlya-sobak-brit-care-dog-s-oleninoj-12-kg.png","datePublished":"2024-07-23T09:50:10+00:00","dateModified":"2024-09-22T22:14:49+00:00","description":"\u041a\u0443\u043f\u0438\u0442\u044c Brit Care Dog \u0441\u0443\u0445\u043e\u0439 \u043a\u043e\u0440\u043c \u0434\u043b\u044f \u0441\u043e\u0431\u0430\u043a \u0441 \u043e\u043b\u0435\u043d\u0438\u043d\u043e\u0439 12 \u043a\u0433 \u0441 \u0434\u043e\u0441\u0442\u0430\u0432\u043a\u043e\u0439 \u043f\u043e \u041a\u0438\u0448\u0438\u043d\u0435\u0432\u0443 \u0438 \u0432\u0441\u0435\u0439 \u041c\u043e\u043b\u0434\u043e\u0432\u0435 \u043d\u0430 Pet24","breadcrumb":{"@id":"https:\/\/pet24.md\/product\/suhoj-korm-dlya-sobak-brit-care-dog-s-oleninoj-12-kg\/#breadcrumb"},"inLanguage":"ro-RO","potentialAction":[{"@type":"ReadAction","target":["https:\/\/pet24.md\/product\/suhoj-korm-dlya-sobak-brit-care-dog-s-oleninoj-12-kg\/"]}]},{"@type":"ImageObject","inLanguage":"ro-RO","@id":"https:\/\/pet24.md\/product\/suhoj-korm-dlya-sobak-brit-care-dog-s-oleninoj-12-kg\/#primaryimage","url":"https:\/\/pet24.md\/wp-content\/uploads\/2024\/07\/suhoj-korm-dlya-sobak-brit-care-dog-s-oleninoj-12-kg.png","contentUrl":"https:\/\/pet24.md\/wp-content\/uploads\/2024\/07\/suhoj-korm-dlya-sobak-brit-care-dog-s-oleninoj-12-kg.png","width":500,"height":500},{"@type":"BreadcrumbList","@id":"https:\/\/pet24.md\/product\/suhoj-korm-dlya-sobak-brit-care-dog-s-oleninoj-12-kg\/#breadcrumb","itemListElement":[{"@type":"ListItem","position":1,"name":"\u0413\u043b\u0430\u0432\u043d\u0430\u044f \u0441\u0442\u0440\u0430\u043d\u0438\u0446\u0430","item":"https:\/\/pet24.md\/"},{"@type":"ListItem","position":2,"name":"\u041c\u0430\u0433\u0430\u0437\u0438\u043d","item":"https:\/\/pet24.md\/shop\/"},{"@type":"ListItem","position":3,"name":"Brit Care Dog \u0441\u0443\u0445\u043e\u0439 \u043a\u043e\u0440\u043c \u0434\u043b\u044f \u0441\u043e\u0431\u0430\u043a \u0441 \u043e\u043b\u0435\u043d\u0438\u043d\u043e\u0439 12 \u043a\u0433"}]},{"@type":"WebSite","@id":"https:\/\/pet24.md\/#website","url":"https:\/\/pet24.md\/","name":"Pet24","description":"Magazin de animale de companie","publisher":{"@id":"https:\/\/pet24.md\/#organization"},"potentialAction":[{"@type":"SearchAction","target":{"@type":"EntryPoint","urlTemplate":"https:\/\/pet24.md\/?s={search_term_string}"},"query-input":{"@type":"PropertyValueSpecification","valueRequired":true,"valueName":"search_term_string"}}],"inLanguage":"ro-RO"},{"@type":"Organization","@id":"https:\/\/pet24.md\/#organization","name":"Pet24","url":"https:\/\/pet24.md\/","logo":{"@type":"ImageObject","inLanguage":"ro-RO","@id":"https:\/\/pet24.md\/#\/schema\/logo\/image\/","url":"https:\/\/pet24.md\/wp-content\/uploads\/2024\/09\/logo.svg","contentUrl":"https:\/\/pet24.md\/wp-content\/uploads\/2024\/09\/logo.svg","width":215,"height":66,"caption":"Pet24"},"image":{"@id":"https:\/\/pet24.md\/#\/schema\/logo\/image\/"},"sameAs":["https:\/\/www.facebook.com\/pet24.md","https:\/\/www.instagram.com\/pet24.md\/"],"telephone":"+37360508880"}]}},"_links":{"self":[{"href":"https:\/\/pet24.md\/ro\/wp-json\/wp\/v2\/product\/83913","targetHints":{"allow":["GET"]}}],"collection":[{"href":"https:\/\/pet24.md\/ro\/wp-json\/wp\/v2\/product"}],"about":[{"href":"https:\/\/pet24.md\/ro\/wp-json\/wp\/v2\/types\/product"}],"replies":[{"embeddable":true,"href":"https:\/\/pet24.md\/ro\/wp-json\/wp\/v2\/comments?post=83913"}],"wp:featuredmedia":[{"embeddable":true,"href":"https:\/\/pet24.md\/ro\/wp-json\/wp\/v2\/media\/91332"}],"wp:attachment":[{"href":"https:\/\/pet24.md\/ro\/wp-json\/wp\/v2\/media?parent=83913"}],"wp:term":[{"taxonomy":"product_brand","embeddable":true,"href":"https:\/\/pet24.md\/ro\/wp-json\/wp\/v2\/product_brand?post=83913"},{"taxonomy":"product_cat","embeddable":true,"href":"https:\/\/pet24.md\/ro\/wp-json\/wp\/v2\/product_cat?post=83913"},{"taxonomy":"product_tag","embeddable":true,"href":"https:\/\/pet24.md\/ro\/wp-json\/wp\/v2\/product_tag?post=83913"}],"curies":[{"name":"wp","href":"https:\/\/api.w.org\/{rel}","templated":true}]}}