{"id":83920,"date":"2024-07-23T10:05:09","date_gmt":"2024-07-23T10:05:09","guid":{"rendered":"https:\/\/pet24.md\/?post_type=product&#038;p=83920"},"modified":"2025-02-10T18:09:58","modified_gmt":"2025-02-10T18:09:58","slug":"polnoraczionnyj-vlazhnyj-korm-brit-premium-cat-pouches-dlya-koshek","status":"publish","type":"product","link":"https:\/\/pet24.md\/ro\/produs\/polnoraczionnyj-vlazhnyj-korm-brit-premium-cat-pouches-dlya-koshek\/","title":{"rendered":"Brit Premium Cat Pouches Lamb for Sterilized \u0432\u043b\u0430\u0436\u043d\u044b\u0439 \u043a\u043e\u0440\u043c \u0434\u043b\u044f \u0441\u0442\u0435\u0440\u0438\u043b\u0438\u0437\u043e\u0432\u0430\u043d\u043d\u044b\u0445 \u043a\u043e\u0448\u0435\u043a \u0441 \u044f\u0433\u043d\u0435\u043d\u043a\u043e\u043c 100 \u0433"},"content":{"rendered":"<h2>\u041f\u043e\u043b\u043d\u043e\u0440\u0430\u0446\u0438\u043e\u043d\u043d\u044b\u0439 \u0432\u043b\u0430\u0436\u043d\u044b\u0439 \u043a\u043e\u0440\u043c Brit Premium Cat Pouches Lamb for Sterilized \u0434\u043b\u044f \u0441\u0442\u0435\u0440\u0438\u043b\u0438\u0437\u043e\u0432\u0430\u043d\u043d\u044b\u0445 \u043a\u043e\u0448\u0435\u043a<\/h2>\n<p>Hrana umeda completa premium pentru pisici sterilizate. Conserve premium de miel cu buc\u0103\u021bi de miel \u00eentr-un sos delicat, special conceput pentru pisicile sterilizate \u0219i sterilizate. Op\u021biunile de arom\u0103 se potrivesc cu preferin\u021bele naturale \u0219i nevoile nutri\u021bionale ale pisicilor \u00een func\u021bie de v\u00e2rst\u0103 sau de cerin\u021bele dietetice speciale. Sosul delicat sporeste aroma bucatilor de carne si ofera pisicii lichidul necesar.<\/p>\n<p><strong>Compus:<\/strong><\/p>\n<ul>\n<li><strong>Carne \u0219i subproduse din carne<\/strong> (87% buc\u0103\u021bi, dintre care 9,3% este miel)<\/li>\n<li><strong>Subproduse vegetale<\/strong> (0,41 TP3T inulin\u0103)<\/li>\n<li><strong>Minerale<\/strong><\/li>\n<\/ul>\n<p><strong>Componente analitice:<\/strong><\/p>\n<ul>\n<li><strong>Proteine brute<\/strong>: 8,5%<\/li>\n<li><strong>Gr\u0103sime brut\u0103<\/strong>: 3%<\/li>\n<li><strong>Cenu\u0219\u0103 crud\u0103<\/strong>: 2,5%<\/li>\n<li><strong>Fibr\u0103 brut\u0103<\/strong>: 1%<\/li>\n<li><strong>Umiditate<\/strong>: 82%<\/li>\n<\/ul>\n<p><strong>Compozi\u021bia nutri\u021bional\u0103:<\/strong><\/p>\n<ul>\n<li><strong>Vitamina D3 (3a671)<\/strong>: 160 UI<\/li>\n<li><strong>Vitamina E (3a700)<\/strong>: 100 mg<\/li>\n<li><strong>Zinc (3b605)<\/strong>: 10 mg<\/li>\n<li><strong>Mangan (3b502)<\/strong>: 2 mg<\/li>\n<li><strong>Cupru (3b405)<\/strong>: 1,2 mg<\/li>\n<li><strong>Iod (3b202)<\/strong>: 0,2 mg<\/li>\n<li><strong>Taurin\u0103 (3a370)<\/strong>: 520 mg<\/li>\n<li><strong>Biotina<\/strong>: 0,1 mg<\/li>\n<\/ul>\n<p><strong>Ghid de hr\u0103nire:<\/strong><\/p>\n<p>Oferi\u021bi \u00eentotdeauna un castron cu ap\u0103 proasp\u0103t\u0103 \u0219i servi\u021bi m\u00e2ncarea la temperatura camerei. Odat\u0103 deschis, se p\u0103streaz\u0103 la frigider. Data de expirare \u0219i num\u0103rul de lot sunt indicate pe ambalaj. Fara coloranti si conservanti.<\/p>","protected":false},"excerpt":{"rendered":"<p>Hran\u0103 umed\u0103 complet\u0103 premium pentru pisici sterilizate cu buc\u0103\u021bi de miel \u00eentr-un sos bl\u00e2nd, adaptat\u0103 preferin\u021belor naturale \u0219i nevoilor nutri\u021bionale ale animalului dvs. de companie. F\u0103r\u0103 coloran\u021bi \u0219i conservan\u021bi, ofer\u0103 lichidul necesar \u0219i o nutri\u021bie de \u00eenalt\u0103 calitate.<\/p>","protected":false},"featured_media":91571,"comment_status":"closed","ping_status":"closed","template":"","meta":[],"product_brand":[],"product_cat":[310,309,193],"product_tag":[638,296,361],"class_list":{"0":"post-83920","1":"product","2":"type-product","3":"status-publish","4":"has-post-thumbnail","6":"product_cat-catwet","7":"product_cat-catfood","8":"product_cat-cat","9":"product_tag-brit","10":"product_tag-vlazhnyj-korm","11":"product_tag-sterilizovannaya-koshka","12":"pa_age-pet-vzroslyj","13":"pa_brand-brit-care","14":"pa_feed-class-premium","15":"pa_meat-ingredients-yagnyonok","16":"pa_packaging-pauchi","17":"pa_pet-koshka","18":"pa_pet-feature-sterilizovannye","19":"pa_type-feed-vlazhnyj-korm","20":"pa_weight-100-gr","22":"first","23":"instock","24":"sale","25":"shipping-taxable","26":"product-type-simple"},"yoast_head":"<!-- This site is optimized with the Yoast SEO Premium plugin v23.7 (Yoast SEO v27.5) - https:\/\/yoast.com\/product\/yoast-seo-premium-wordpress\/ -->\n<title>Brit Premium Cat Pouches Lamb for Sterilized \u0432\u043b\u0430\u0436\u043d\u044b\u0439 \u043a\u043e\u0440\u043c \u0434\u043b\u044f \u0441\u0442\u0435\u0440\u0438\u043b\u0438\u0437\u043e\u0432\u0430\u043d\u043d\u044b\u0445 \u043a\u043e\u0448\u0435\u043a \u0441 \u044f\u0433\u043d\u0435\u043d\u043a\u043e\u043c 100 \u0433<\/title>\n<meta name=\"description\" content=\"\u041a\u0443\u043f\u0438\u0442\u044c Brit Premium Cat Pouches Lamb for Sterilized \u0432\u043b\u0430\u0436\u043d\u044b\u0439 \u043a\u043e\u0440\u043c \u0434\u043b\u044f \u0441\u0442\u0435\u0440\u0438\u043b\u0438\u0437\u043e\u0432\u0430\u043d\u043d\u044b\u0445 \u043a\u043e\u0448\u0435\u043a \u0441 \u044f\u0433\u043d\u0435\u043d\u043a\u043e\u043c 100 \u0433 \u0441 \u0434\u043e\u0441\u0442\u0430\u0432\u043a\u043e\u0439 \u043f\u043e \u041a\u0438\u0448\u0438\u043d\u0435\u0432\u0443 \u0438 \u0432\u0441\u0435\u0439 \u041c\u043e\u043b\u0434\u043e\u0432\u0435 \u043d\u0430 Pet24\" \/>\n<meta name=\"robots\" content=\"index, follow, max-snippet:-1, max-image-preview:large, max-video-preview:-1\" \/>\n<link rel=\"canonical\" href=\"https:\/\/pet24.md\/ro\/produs\/polnoraczionnyj-vlazhnyj-korm-brit-premium-cat-pouches-dlya-koshek\/\" \/>\n<meta property=\"og:locale\" content=\"ro_RO\" \/>\n<meta property=\"og:type\" content=\"article\" \/>\n<meta property=\"og:title\" content=\"Brit Premium Cat Pouches Lamb for Sterilized \u0432\u043b\u0430\u0436\u043d\u044b\u0439 \u043a\u043e\u0440\u043c \u0434\u043b\u044f \u0441\u0442\u0435\u0440\u0438\u043b\u0438\u0437\u043e\u0432\u0430\u043d\u043d\u044b\u0445 \u043a\u043e\u0448\u0435\u043a \u0441 \u044f\u0433\u043d\u0435\u043d\u043a\u043e\u043c 100 \u0433\" \/>\n<meta property=\"og:description\" content=\"\u041a\u0443\u043f\u0438\u0442\u044c Brit Premium Cat Pouches Lamb for Sterilized \u0432\u043b\u0430\u0436\u043d\u044b\u0439 \u043a\u043e\u0440\u043c \u0434\u043b\u044f \u0441\u0442\u0435\u0440\u0438\u043b\u0438\u0437\u043e\u0432\u0430\u043d\u043d\u044b\u0445 \u043a\u043e\u0448\u0435\u043a \u0441 \u044f\u0433\u043d\u0435\u043d\u043a\u043e\u043c 100 \u0433 \u0441 \u0434\u043e\u0441\u0442\u0430\u0432\u043a\u043e\u0439 \u043f\u043e \u041a\u0438\u0448\u0438\u043d\u0435\u0432\u0443 \u0438 \u0432\u0441\u0435\u0439 \u041c\u043e\u043b\u0434\u043e\u0432\u0435 \u043d\u0430 Pet24\" \/>\n<meta property=\"og:url\" content=\"https:\/\/pet24.md\/ro\/produs\/polnoraczionnyj-vlazhnyj-korm-brit-premium-cat-pouches-dlya-koshek\/\" \/>\n<meta property=\"og:site_name\" content=\"Pet24\" \/>\n<meta property=\"article:publisher\" content=\"https:\/\/www.facebook.com\/pet24.md\" \/>\n<meta property=\"article:modified_time\" content=\"2025-02-10T18:09:58+00:00\" \/>\n<meta property=\"og:image\" content=\"https:\/\/pet24.md\/wp-content\/uploads\/2024\/07\/polnoraczionnyj-vlazhnyj-korm-brit-premium-cat-pouches-dlya-koshek.png\" \/>\n\t<meta property=\"og:image:width\" content=\"600\" \/>\n\t<meta property=\"og:image:height\" content=\"600\" \/>\n\t<meta property=\"og:image:type\" content=\"image\/png\" \/>\n<meta name=\"twitter:card\" content=\"summary_large_image\" \/>\n<script type=\"application\/ld+json\" class=\"yoast-schema-graph\">{\"@context\":\"https:\\\/\\\/schema.org\",\"@graph\":[{\"@type\":\"WebPage\",\"@id\":\"https:\\\/\\\/pet24.md\\\/product\\\/polnoraczionnyj-vlazhnyj-korm-brit-premium-cat-pouches-dlya-koshek\\\/\",\"url\":\"https:\\\/\\\/pet24.md\\\/product\\\/polnoraczionnyj-vlazhnyj-korm-brit-premium-cat-pouches-dlya-koshek\\\/\",\"name\":\"Brit Premium Cat Pouches Lamb for Sterilized \u0432\u043b\u0430\u0436\u043d\u044b\u0439 \u043a\u043e\u0440\u043c \u0434\u043b\u044f \u0441\u0442\u0435\u0440\u0438\u043b\u0438\u0437\u043e\u0432\u0430\u043d\u043d\u044b\u0445 \u043a\u043e\u0448\u0435\u043a \u0441 \u044f\u0433\u043d\u0435\u043d\u043a\u043e\u043c 100 \u0433\",\"isPartOf\":{\"@id\":\"https:\\\/\\\/pet24.md\\\/#website\"},\"primaryImageOfPage\":{\"@id\":\"https:\\\/\\\/pet24.md\\\/product\\\/polnoraczionnyj-vlazhnyj-korm-brit-premium-cat-pouches-dlya-koshek\\\/#primaryimage\"},\"image\":{\"@id\":\"https:\\\/\\\/pet24.md\\\/product\\\/polnoraczionnyj-vlazhnyj-korm-brit-premium-cat-pouches-dlya-koshek\\\/#primaryimage\"},\"thumbnailUrl\":\"https:\\\/\\\/pet24.md\\\/wp-content\\\/uploads\\\/2024\\\/07\\\/polnoraczionnyj-vlazhnyj-korm-brit-premium-cat-pouches-dlya-koshek.png\",\"datePublished\":\"2024-07-23T10:05:09+00:00\",\"dateModified\":\"2025-02-10T18:09:58+00:00\",\"description\":\"\u041a\u0443\u043f\u0438\u0442\u044c Brit Premium Cat Pouches Lamb for Sterilized \u0432\u043b\u0430\u0436\u043d\u044b\u0439 \u043a\u043e\u0440\u043c \u0434\u043b\u044f \u0441\u0442\u0435\u0440\u0438\u043b\u0438\u0437\u043e\u0432\u0430\u043d\u043d\u044b\u0445 \u043a\u043e\u0448\u0435\u043a \u0441 \u044f\u0433\u043d\u0435\u043d\u043a\u043e\u043c 100 \u0433 \u0441 \u0434\u043e\u0441\u0442\u0430\u0432\u043a\u043e\u0439 \u043f\u043e \u041a\u0438\u0448\u0438\u043d\u0435\u0432\u0443 \u0438 \u0432\u0441\u0435\u0439 \u041c\u043e\u043b\u0434\u043e\u0432\u0435 \u043d\u0430 Pet24\",\"breadcrumb\":{\"@id\":\"https:\\\/\\\/pet24.md\\\/product\\\/polnoraczionnyj-vlazhnyj-korm-brit-premium-cat-pouches-dlya-koshek\\\/#breadcrumb\"},\"inLanguage\":\"ro-RO\",\"potentialAction\":[{\"@type\":\"ReadAction\",\"target\":[\"https:\\\/\\\/pet24.md\\\/product\\\/polnoraczionnyj-vlazhnyj-korm-brit-premium-cat-pouches-dlya-koshek\\\/\"]}]},{\"@type\":\"ImageObject\",\"inLanguage\":\"ro-RO\",\"@id\":\"https:\\\/\\\/pet24.md\\\/product\\\/polnoraczionnyj-vlazhnyj-korm-brit-premium-cat-pouches-dlya-koshek\\\/#primaryimage\",\"url\":\"https:\\\/\\\/pet24.md\\\/wp-content\\\/uploads\\\/2024\\\/07\\\/polnoraczionnyj-vlazhnyj-korm-brit-premium-cat-pouches-dlya-koshek.png\",\"contentUrl\":\"https:\\\/\\\/pet24.md\\\/wp-content\\\/uploads\\\/2024\\\/07\\\/polnoraczionnyj-vlazhnyj-korm-brit-premium-cat-pouches-dlya-koshek.png\",\"width\":600,\"height\":600,\"caption\":\"Brit Premium Cat Pouches Lamb for Sterilized\"},{\"@type\":\"BreadcrumbList\",\"@id\":\"https:\\\/\\\/pet24.md\\\/product\\\/polnoraczionnyj-vlazhnyj-korm-brit-premium-cat-pouches-dlya-koshek\\\/#breadcrumb\",\"itemListElement\":[{\"@type\":\"ListItem\",\"position\":1,\"name\":\"\u0413\u043b\u0430\u0432\u043d\u0430\u044f \u0441\u0442\u0440\u0430\u043d\u0438\u0446\u0430\",\"item\":\"https:\\\/\\\/pet24.md\\\/\"},{\"@type\":\"ListItem\",\"position\":2,\"name\":\"\u041c\u0430\u0433\u0430\u0437\u0438\u043d\",\"item\":\"https:\\\/\\\/pet24.md\\\/shop\\\/\"},{\"@type\":\"ListItem\",\"position\":3,\"name\":\"Brit Premium \u0432\u043b\u0430\u0436\u043d\u044b\u0439 \u043a\u043e\u0440\u043c \u0434\u043b\u044f \u0441\u0442\u0435\u0440\u0438\u043b\u0438\u0437\u043e\u0432\u0430\u043d\u043d\u044b\u0445 \u043a\u043e\u0448\u0435\u043a \u0441 \u044f\u0433\u043d\u0435\u043d\u043a\u043e\u043c 100 \u0433\"}]},{\"@type\":\"WebSite\",\"@id\":\"https:\\\/\\\/pet24.md\\\/#website\",\"url\":\"https:\\\/\\\/pet24.md\\\/\",\"name\":\"Pet24\",\"description\":\"\u0417\u043e\u043e\u043c\u0430\u0433\u0430\u0437\u0438\u043d \u0442\u043e\u0432\u0430\u0440\u043e\u0432 \u0434\u043b\u044f \u0434\u043e\u043c\u0430\u0448\u043d\u0438\u0445 \u043f\u0438\u0442\u043e\u043c\u0446\u0435\u0432\",\"publisher\":{\"@id\":\"https:\\\/\\\/pet24.md\\\/#organization\"},\"potentialAction\":[{\"@type\":\"SearchAction\",\"target\":{\"@type\":\"EntryPoint\",\"urlTemplate\":\"https:\\\/\\\/pet24.md\\\/?s={search_term_string}\"},\"query-input\":{\"@type\":\"PropertyValueSpecification\",\"valueRequired\":true,\"valueName\":\"search_term_string\"}}],\"inLanguage\":\"ro-RO\"},{\"@type\":\"Organization\",\"@id\":\"https:\\\/\\\/pet24.md\\\/#organization\",\"name\":\"Pet24\",\"url\":\"https:\\\/\\\/pet24.md\\\/\",\"logo\":{\"@type\":\"ImageObject\",\"inLanguage\":\"ro-RO\",\"@id\":\"https:\\\/\\\/pet24.md\\\/#\\\/schema\\\/logo\\\/image\\\/\",\"url\":\"https:\\\/\\\/pet24.md\\\/wp-content\\\/uploads\\\/2024\\\/09\\\/logo.svg\",\"contentUrl\":\"https:\\\/\\\/pet24.md\\\/wp-content\\\/uploads\\\/2024\\\/09\\\/logo.svg\",\"width\":215,\"height\":66,\"caption\":\"Pet24\"},\"image\":{\"@id\":\"https:\\\/\\\/pet24.md\\\/#\\\/schema\\\/logo\\\/image\\\/\"},\"sameAs\":[\"https:\\\/\\\/www.facebook.com\\\/pet24.md\",\"https:\\\/\\\/www.instagram.com\\\/pet24.md\\\/\"],\"telephone\":\"+37360508880\"}]}<\/script>\n<!-- \/ Yoast SEO Premium plugin. -->","yoast_head_json":{"title":"Brit Premium Cat Pouches Lamb for Sterilized \u0432\u043b\u0430\u0436\u043d\u044b\u0439 \u043a\u043e\u0440\u043c \u0434\u043b\u044f \u0441\u0442\u0435\u0440\u0438\u043b\u0438\u0437\u043e\u0432\u0430\u043d\u043d\u044b\u0445 \u043a\u043e\u0448\u0435\u043a \u0441 \u044f\u0433\u043d\u0435\u043d\u043a\u043e\u043c 100 \u0433","description":"\u041a\u0443\u043f\u0438\u0442\u044c Brit Premium Cat Pouches Lamb for Sterilized \u0432\u043b\u0430\u0436\u043d\u044b\u0439 \u043a\u043e\u0440\u043c \u0434\u043b\u044f \u0441\u0442\u0435\u0440\u0438\u043b\u0438\u0437\u043e\u0432\u0430\u043d\u043d\u044b\u0445 \u043a\u043e\u0448\u0435\u043a \u0441 \u044f\u0433\u043d\u0435\u043d\u043a\u043e\u043c 100 \u0433 \u0441 \u0434\u043e\u0441\u0442\u0430\u0432\u043a\u043e\u0439 \u043f\u043e \u041a\u0438\u0448\u0438\u043d\u0435\u0432\u0443 \u0438 \u0432\u0441\u0435\u0439 \u041c\u043e\u043b\u0434\u043e\u0432\u0435 \u043d\u0430 Pet24","robots":{"index":"index","follow":"follow","max-snippet":"max-snippet:-1","max-image-preview":"max-image-preview:large","max-video-preview":"max-video-preview:-1"},"canonical":"https:\/\/pet24.md\/ro\/produs\/polnoraczionnyj-vlazhnyj-korm-brit-premium-cat-pouches-dlya-koshek\/","og_locale":"ro_RO","og_type":"article","og_title":"Brit Premium Cat Pouches Lamb for Sterilized \u0432\u043b\u0430\u0436\u043d\u044b\u0439 \u043a\u043e\u0440\u043c \u0434\u043b\u044f \u0441\u0442\u0435\u0440\u0438\u043b\u0438\u0437\u043e\u0432\u0430\u043d\u043d\u044b\u0445 \u043a\u043e\u0448\u0435\u043a \u0441 \u044f\u0433\u043d\u0435\u043d\u043a\u043e\u043c 100 \u0433","og_description":"\u041a\u0443\u043f\u0438\u0442\u044c Brit Premium Cat Pouches Lamb for Sterilized \u0432\u043b\u0430\u0436\u043d\u044b\u0439 \u043a\u043e\u0440\u043c \u0434\u043b\u044f \u0441\u0442\u0435\u0440\u0438\u043b\u0438\u0437\u043e\u0432\u0430\u043d\u043d\u044b\u0445 \u043a\u043e\u0448\u0435\u043a \u0441 \u044f\u0433\u043d\u0435\u043d\u043a\u043e\u043c 100 \u0433 \u0441 \u0434\u043e\u0441\u0442\u0430\u0432\u043a\u043e\u0439 \u043f\u043e \u041a\u0438\u0448\u0438\u043d\u0435\u0432\u0443 \u0438 \u0432\u0441\u0435\u0439 \u041c\u043e\u043b\u0434\u043e\u0432\u0435 \u043d\u0430 Pet24","og_url":"https:\/\/pet24.md\/ro\/produs\/polnoraczionnyj-vlazhnyj-korm-brit-premium-cat-pouches-dlya-koshek\/","og_site_name":"Pet24","article_publisher":"https:\/\/www.facebook.com\/pet24.md","article_modified_time":"2025-02-10T18:09:58+00:00","og_image":[{"width":600,"height":600,"url":"https:\/\/pet24.md\/wp-content\/uploads\/2024\/07\/polnoraczionnyj-vlazhnyj-korm-brit-premium-cat-pouches-dlya-koshek.png","type":"image\/png"}],"twitter_card":"summary_large_image","schema":{"@context":"https:\/\/schema.org","@graph":[{"@type":"WebPage","@id":"https:\/\/pet24.md\/product\/polnoraczionnyj-vlazhnyj-korm-brit-premium-cat-pouches-dlya-koshek\/","url":"https:\/\/pet24.md\/product\/polnoraczionnyj-vlazhnyj-korm-brit-premium-cat-pouches-dlya-koshek\/","name":"Brit Premium Cat Pouches Lamb for Sterilized \u0432\u043b\u0430\u0436\u043d\u044b\u0439 \u043a\u043e\u0440\u043c \u0434\u043b\u044f \u0441\u0442\u0435\u0440\u0438\u043b\u0438\u0437\u043e\u0432\u0430\u043d\u043d\u044b\u0445 \u043a\u043e\u0448\u0435\u043a \u0441 \u044f\u0433\u043d\u0435\u043d\u043a\u043e\u043c 100 \u0433","isPartOf":{"@id":"https:\/\/pet24.md\/#website"},"primaryImageOfPage":{"@id":"https:\/\/pet24.md\/product\/polnoraczionnyj-vlazhnyj-korm-brit-premium-cat-pouches-dlya-koshek\/#primaryimage"},"image":{"@id":"https:\/\/pet24.md\/product\/polnoraczionnyj-vlazhnyj-korm-brit-premium-cat-pouches-dlya-koshek\/#primaryimage"},"thumbnailUrl":"https:\/\/pet24.md\/wp-content\/uploads\/2024\/07\/polnoraczionnyj-vlazhnyj-korm-brit-premium-cat-pouches-dlya-koshek.png","datePublished":"2024-07-23T10:05:09+00:00","dateModified":"2025-02-10T18:09:58+00:00","description":"\u041a\u0443\u043f\u0438\u0442\u044c Brit Premium Cat Pouches Lamb for Sterilized \u0432\u043b\u0430\u0436\u043d\u044b\u0439 \u043a\u043e\u0440\u043c \u0434\u043b\u044f \u0441\u0442\u0435\u0440\u0438\u043b\u0438\u0437\u043e\u0432\u0430\u043d\u043d\u044b\u0445 \u043a\u043e\u0448\u0435\u043a \u0441 \u044f\u0433\u043d\u0435\u043d\u043a\u043e\u043c 100 \u0433 \u0441 \u0434\u043e\u0441\u0442\u0430\u0432\u043a\u043e\u0439 \u043f\u043e \u041a\u0438\u0448\u0438\u043d\u0435\u0432\u0443 \u0438 \u0432\u0441\u0435\u0439 \u041c\u043e\u043b\u0434\u043e\u0432\u0435 \u043d\u0430 Pet24","breadcrumb":{"@id":"https:\/\/pet24.md\/product\/polnoraczionnyj-vlazhnyj-korm-brit-premium-cat-pouches-dlya-koshek\/#breadcrumb"},"inLanguage":"ro-RO","potentialAction":[{"@type":"ReadAction","target":["https:\/\/pet24.md\/product\/polnoraczionnyj-vlazhnyj-korm-brit-premium-cat-pouches-dlya-koshek\/"]}]},{"@type":"ImageObject","inLanguage":"ro-RO","@id":"https:\/\/pet24.md\/product\/polnoraczionnyj-vlazhnyj-korm-brit-premium-cat-pouches-dlya-koshek\/#primaryimage","url":"https:\/\/pet24.md\/wp-content\/uploads\/2024\/07\/polnoraczionnyj-vlazhnyj-korm-brit-premium-cat-pouches-dlya-koshek.png","contentUrl":"https:\/\/pet24.md\/wp-content\/uploads\/2024\/07\/polnoraczionnyj-vlazhnyj-korm-brit-premium-cat-pouches-dlya-koshek.png","width":600,"height":600,"caption":"Brit Premium Cat Pouches Lamb for Sterilized"},{"@type":"BreadcrumbList","@id":"https:\/\/pet24.md\/product\/polnoraczionnyj-vlazhnyj-korm-brit-premium-cat-pouches-dlya-koshek\/#breadcrumb","itemListElement":[{"@type":"ListItem","position":1,"name":"\u0413\u043b\u0430\u0432\u043d\u0430\u044f \u0441\u0442\u0440\u0430\u043d\u0438\u0446\u0430","item":"https:\/\/pet24.md\/"},{"@type":"ListItem","position":2,"name":"\u041c\u0430\u0433\u0430\u0437\u0438\u043d","item":"https:\/\/pet24.md\/shop\/"},{"@type":"ListItem","position":3,"name":"Brit Premium \u0432\u043b\u0430\u0436\u043d\u044b\u0439 \u043a\u043e\u0440\u043c \u0434\u043b\u044f \u0441\u0442\u0435\u0440\u0438\u043b\u0438\u0437\u043e\u0432\u0430\u043d\u043d\u044b\u0445 \u043a\u043e\u0448\u0435\u043a \u0441 \u044f\u0433\u043d\u0435\u043d\u043a\u043e\u043c 100 \u0433"}]},{"@type":"WebSite","@id":"https:\/\/pet24.md\/#website","url":"https:\/\/pet24.md\/","name":"Pet24","description":"Magazin de animale de companie","publisher":{"@id":"https:\/\/pet24.md\/#organization"},"potentialAction":[{"@type":"SearchAction","target":{"@type":"EntryPoint","urlTemplate":"https:\/\/pet24.md\/?s={search_term_string}"},"query-input":{"@type":"PropertyValueSpecification","valueRequired":true,"valueName":"search_term_string"}}],"inLanguage":"ro-RO"},{"@type":"Organization","@id":"https:\/\/pet24.md\/#organization","name":"Pet24","url":"https:\/\/pet24.md\/","logo":{"@type":"ImageObject","inLanguage":"ro-RO","@id":"https:\/\/pet24.md\/#\/schema\/logo\/image\/","url":"https:\/\/pet24.md\/wp-content\/uploads\/2024\/09\/logo.svg","contentUrl":"https:\/\/pet24.md\/wp-content\/uploads\/2024\/09\/logo.svg","width":215,"height":66,"caption":"Pet24"},"image":{"@id":"https:\/\/pet24.md\/#\/schema\/logo\/image\/"},"sameAs":["https:\/\/www.facebook.com\/pet24.md","https:\/\/www.instagram.com\/pet24.md\/"],"telephone":"+37360508880"}]}},"_links":{"self":[{"href":"https:\/\/pet24.md\/ro\/wp-json\/wp\/v2\/product\/83920","targetHints":{"allow":["GET"]}}],"collection":[{"href":"https:\/\/pet24.md\/ro\/wp-json\/wp\/v2\/product"}],"about":[{"href":"https:\/\/pet24.md\/ro\/wp-json\/wp\/v2\/types\/product"}],"replies":[{"embeddable":true,"href":"https:\/\/pet24.md\/ro\/wp-json\/wp\/v2\/comments?post=83920"}],"wp:featuredmedia":[{"embeddable":true,"href":"https:\/\/pet24.md\/ro\/wp-json\/wp\/v2\/media\/91571"}],"wp:attachment":[{"href":"https:\/\/pet24.md\/ro\/wp-json\/wp\/v2\/media?parent=83920"}],"wp:term":[{"taxonomy":"product_brand","embeddable":true,"href":"https:\/\/pet24.md\/ro\/wp-json\/wp\/v2\/product_brand?post=83920"},{"taxonomy":"product_cat","embeddable":true,"href":"https:\/\/pet24.md\/ro\/wp-json\/wp\/v2\/product_cat?post=83920"},{"taxonomy":"product_tag","embeddable":true,"href":"https:\/\/pet24.md\/ro\/wp-json\/wp\/v2\/product_tag?post=83920"}],"curies":[{"name":"wp","href":"https:\/\/api.w.org\/{rel}","templated":true}]}}