{"id":83928,"date":"2024-07-23T10:22:08","date_gmt":"2024-07-23T10:22:08","guid":{"rendered":"https:\/\/pet24.md\/?post_type=product&#038;p=83928"},"modified":"2025-02-10T18:18:07","modified_gmt":"2025-02-10T18:18:07","slug":"suhoj-korm-dlya-shhenkov-brit-care-dog-na-osnove-myasa-yagnenka-3-kg","status":"publish","type":"product","link":"https:\/\/pet24.md\/ro\/produs\/suhoj-korm-dlya-shhenkov-brit-care-dog-na-osnove-myasa-yagnenka-3-kg\/","title":{"rendered":"Brit Care Dog Hypoallergenic Puppy \u0441\u0443\u0445\u043e\u0439 \u043a\u043e\u0440\u043c \u0434\u043b\u044f \u0449\u0435\u043d\u043a\u043e\u0432 \u043d\u0430 \u043e\u0441\u043d\u043e\u0432\u0435 \u043c\u044f\u0441\u0430 \u044f\u0433\u043d\u0435\u043d\u043a\u0430 3 \u043a\u0433"},"content":{"rendered":"<h2>\u0421\u0443\u0445\u043e\u0439 \u043a\u043e\u0440\u043c \u0434\u043b\u044f \u0449\u0435\u043d\u043a\u043e\u0432 Brit Care Dog Hypoallergenic Puppy \u043d\u0430 \u043e\u0441\u043d\u043e\u0432\u0435 \u043c\u044f\u0441\u0430 \u044f\u0433\u043d\u0435\u043d\u043a\u0430 3 \u043a\u0433<\/h2>\n<h4>Caracteristici principale<\/h4>\n<ul>\n<li><strong>Hrana uscata hipoalergenica super premium pentru catei<\/strong>: Ideal pentru catelusii de rasa mica si medie de la 1 la 12 luni, catelusii de rasa mare si gigantica pana la 3 luni si cainii gestanti si care alapteaza.<\/li>\n<li><strong>Carne de miel si orez<\/strong>: Componente esentiale pentru prevenirea alergiilor si mentinerea unui sistem digestiv sanatos.<\/li>\n<li><strong>Formula speciala<\/strong>: Conceput pentru c\u00e2inii cu digestie sensibil\u0103 \u0219i cerin\u021be nutri\u021bionale specifice.<\/li>\n<\/ul>\n<h4>Avantaje<\/h4>\n<ul>\n<li><strong>Compozi\u021bie hipoalergenic\u0103<\/strong>: Potrivit pentru c\u00e2inii cu digestie sensibil\u0103 \u0219i alergii.<\/li>\n<li><strong>S\u0103n\u0103tate \u0219i Energie<\/strong>: Ingredientele de \u00eenalt\u0103 calitate ofer\u0103 energie esen\u021bial\u0103 \u0219i sus\u021bin s\u0103n\u0103tatea general\u0103 a animalului dvs. de companie.<\/li>\n<li><strong>Suport imunitar<\/strong>: Contine probiotice si antioxidanti pentru intarirea sistemului imunitar.<\/li>\n<\/ul>\n<h4>Compus<\/h4>\n<ul>\n<li><strong>Ingrediente principale<\/strong>: Miel deshidratat (46%), orez (30%), gr\u0103sime de pui, ulei de somon (3%), drojdie de bere, arom\u0103 natural\u0103, pulp\u0103 de m\u0103r uscat\u0103, drojdie hidrolizat\u0103 (0,5%).<\/li>\n<li><strong>Componente suplimentare<\/strong>: Glucozamin\u0103 (300 mg\/kg), fructooligozaharide (230 mg\/kg), sulfat de condroitin\u0103 (230 mg\/kg), mananoligozaharide (180 mg\/kg), Yucca Mojave (180 mg\/kg), semin\u021be de ciulin de lapte (110 mg\/kg). kg) ), \u03b2-glucani (60 mg\/kg), mam\u0103 uscat\u0103 (60 mg\/kg), c\u0103tin\u0103 uscat\u0103 (60 mg\/kg), probiotic Lactobacillus helveticus HA \u2013 122 inactivat (15x10^9 celule\/kg).<\/li>\n<\/ul>\n<h4>Nutrien\u021bi<\/h4>\n<ul>\n<li>Vitamina A: 23000 UI<\/li>\n<li>Vitamina D3: 1700 UI<\/li>\n<li>Vitamina E: 550 mg<\/li>\n<li>Vitamina C: 350 mg<\/li>\n<li>Taurin\u0103: 1500 mg<\/li>\n<li>Clorura de colina: 1800 mg<\/li>\n<li>L-carnitin\u0103: 300 mg<\/li>\n<li>Vitamina B1: 3 mg<\/li>\n<li>Vitamina B2: 11 mg<\/li>\n<li>Biotin\u0103: 4 mg<\/li>\n<li>Acid folic: 1,4 mg<\/li>\n<li>Vitamina B6: 3 mg<\/li>\n<li>Pantotenat de calciu D: 30 mg<\/li>\n<li>Niacinamid\u0103: 38 mg<\/li>\n<li>Vitamina B12: 0,12 mg<\/li>\n<li>Iod: 0,9 mg<\/li>\n<li>Zinc: 100 mg<\/li>\n<li>Mangan: 45 mg<\/li>\n<li>Cupru: 20 mg<\/li>\n<li>Fier: 88 mg<\/li>\n<li>Seleniu: 0,18 mg<\/li>\n<li><strong>Antioxidan\u021bi<\/strong>: Extracte naturale de tocoferol din ulei vegetal (1b306 (i)), palmitat de ascorbil (1b304) \u0219i extract de rozmarin.<\/li>\n<\/ul>\n<h4>Standarde de hr\u0103nire<\/h4>\n<ul>\n<li>: Lua\u021bi \u00een considerare greutatea c\u00e2inelui, v\u00e2rsta \u0219i activitatea c\u00e2nd calcula\u021bi valoarea zilnic\u0103.<\/li>\n<li>Doza zilnic\u0103 poate varia \u0219i trebuie ajustat\u0103 pentru a men\u021bine greutatea normal\u0103 a animalului dvs. de companie.<\/li>\n<li>Trecerea de la un aliment la altul trebuie efectuat\u0103 treptat, pe parcursul a 5-7 zile.<\/li>\n<li>Oferi\u021bi \u00eentotdeauna animalului dvs. de companie ap\u0103 de b\u0103ut curat\u0103.<\/li>\n<\/ul>\n<h4>Depozitare<\/h4>\n<ul>\n<li>P\u0103stra\u021bi alimentele \u00een recipiente sigilate \u00eentr-un loc r\u0103coros \u0219i uscat pentru a men\u021bine prospe\u021bimea \u0219i nutri\u021bia.<\/li>\n<\/ul>\n<p>Hrana uscata pentru caini pe baza de miel Brit Care Dog este alegerea ideala pentru a-ti mentine catelul, cainele gestante si care alapteaza sanatosi si energici. Ai grij\u0103 de s\u0103n\u0103tatea animalului t\u0103u de companie cu o alimenta\u021bie de calitate!<\/p>","protected":false},"excerpt":{"rendered":"<p>Hrana uscata hipoalergenica pentru catei si caini gestante pe baza de carne de miel si orez. Sus\u021bine s\u0103n\u0103tatea digestiv\u0103 \u0219i imunitatea cu ingrediente de \u00eenalt\u0103 calitate \u0219i probiotice.<\/p>","protected":false},"featured_media":91328,"comment_status":"closed","ping_status":"closed","template":"","meta":[],"product_brand":[],"product_cat":[136,293,337],"product_tag":[638,325,225,352],"class_list":{"0":"post-83928","1":"product","2":"type-product","3":"status-publish","4":"has-post-thumbnail","6":"product_cat-dog","7":"product_cat-dogfood","8":"product_cat-dogdry","9":"product_tag-brit","10":"product_tag-suhoj-korm","11":"product_tag-shhenok","12":"product_tag-yagnyonok","13":"pa_age-pet-shhenok","14":"pa_brand-brit-care","15":"pa_breed-size-dlya-vseh-porod","16":"pa_feed-class-super-premium","17":"pa_meat-ingredients-yagnyonok","18":"pa_packaging-meshok","19":"pa_pet-sobaka","20":"pa_pet-feature-zdorovyj-pitomecz","21":"pa_plant-ingredient-ris","22":"pa_type-feed-suhoj-korm","23":"pa_weight-3-kg","25":"first","26":"instock","27":"sale","28":"shipping-taxable","29":"product-type-simple"},"yoast_head":"<!-- This site is optimized with the Yoast SEO Premium plugin v23.7 (Yoast SEO v27.5) - https:\/\/yoast.com\/product\/yoast-seo-premium-wordpress\/ -->\n<title>Brit Care Dog Hypoallergenic Puppy \u0441\u0443\u0445\u043e\u0439 \u043a\u043e\u0440\u043c \u0434\u043b\u044f \u0449\u0435\u043d\u043a\u043e\u0432 \u043d\u0430 \u043e\u0441\u043d\u043e\u0432\u0435 \u043c\u044f\u0441\u0430 \u044f\u0433\u043d\u0435\u043d\u043a\u0430 3 \u043a\u0433<\/title>\n<meta name=\"description\" content=\"\u041a\u0443\u043f\u0438\u0442\u044c Brit Care Dog Hypoallergenic Puppy \u0441\u0443\u0445\u043e\u0439 \u043a\u043e\u0440\u043c \u0434\u043b\u044f \u0449\u0435\u043d\u043a\u043e\u0432 \u043d\u0430 \u043e\u0441\u043d\u043e\u0432\u0435 \u043c\u044f\u0441\u0430 \u044f\u0433\u043d\u0435\u043d\u043a\u0430 3 \u043a\u0433 \u0441 \u0434\u043e\u0441\u0442\u0430\u0432\u043a\u043e\u0439 \u043f\u043e \u041a\u0438\u0448\u0438\u043d\u0435\u0432\u0443 \u0438 \u0432\u0441\u0435\u0439 \u041c\u043e\u043b\u0434\u043e\u0432\u0435 \u043d\u0430 Pet24\" \/>\n<meta name=\"robots\" content=\"index, follow, max-snippet:-1, max-image-preview:large, max-video-preview:-1\" \/>\n<link rel=\"canonical\" href=\"https:\/\/pet24.md\/ro\/produs\/suhoj-korm-dlya-shhenkov-brit-care-dog-na-osnove-myasa-yagnenka-3-kg\/\" \/>\n<meta property=\"og:locale\" content=\"ro_RO\" \/>\n<meta property=\"og:type\" content=\"article\" \/>\n<meta property=\"og:title\" content=\"Brit Care Dog Hypoallergenic Puppy \u0441\u0443\u0445\u043e\u0439 \u043a\u043e\u0440\u043c \u0434\u043b\u044f \u0449\u0435\u043d\u043a\u043e\u0432 \u043d\u0430 \u043e\u0441\u043d\u043e\u0432\u0435 \u043c\u044f\u0441\u0430 \u044f\u0433\u043d\u0435\u043d\u043a\u0430 3 \u043a\u0433\" \/>\n<meta property=\"og:description\" content=\"\u041a\u0443\u043f\u0438\u0442\u044c Brit Care Dog Hypoallergenic Puppy \u0441\u0443\u0445\u043e\u0439 \u043a\u043e\u0440\u043c \u0434\u043b\u044f \u0449\u0435\u043d\u043a\u043e\u0432 \u043d\u0430 \u043e\u0441\u043d\u043e\u0432\u0435 \u043c\u044f\u0441\u0430 \u044f\u0433\u043d\u0435\u043d\u043a\u0430 3 \u043a\u0433 \u0441 \u0434\u043e\u0441\u0442\u0430\u0432\u043a\u043e\u0439 \u043f\u043e \u041a\u0438\u0448\u0438\u043d\u0435\u0432\u0443 \u0438 \u0432\u0441\u0435\u0439 \u041c\u043e\u043b\u0434\u043e\u0432\u0435 \u043d\u0430 Pet24\" \/>\n<meta property=\"og:url\" content=\"https:\/\/pet24.md\/ro\/produs\/suhoj-korm-dlya-shhenkov-brit-care-dog-na-osnove-myasa-yagnenka-3-kg\/\" \/>\n<meta property=\"og:site_name\" content=\"Pet24\" \/>\n<meta property=\"article:publisher\" content=\"https:\/\/www.facebook.com\/pet24.md\" \/>\n<meta property=\"article:modified_time\" content=\"2025-02-10T18:18:07+00:00\" \/>\n<meta property=\"og:image\" content=\"https:\/\/pet24.md\/wp-content\/uploads\/2024\/07\/suhoj-korm-dlya-shhenkov-brit-care-dog-na-osnove-myasa-yagnenka-3-kg.png\" \/>\n\t<meta property=\"og:image:width\" content=\"500\" \/>\n\t<meta property=\"og:image:height\" content=\"500\" \/>\n\t<meta property=\"og:image:type\" content=\"image\/png\" \/>\n<meta name=\"twitter:card\" content=\"summary_large_image\" \/>\n<meta name=\"twitter:label1\" content=\"Timp estimat pentru citire\" \/>\n\t<meta name=\"twitter:data1\" content=\"3 minute\" \/>\n<script type=\"application\/ld+json\" class=\"yoast-schema-graph\">{\"@context\":\"https:\\\/\\\/schema.org\",\"@graph\":[{\"@type\":\"WebPage\",\"@id\":\"https:\\\/\\\/pet24.md\\\/product\\\/suhoj-korm-dlya-shhenkov-brit-care-dog-na-osnove-myasa-yagnenka-3-kg\\\/\",\"url\":\"https:\\\/\\\/pet24.md\\\/product\\\/suhoj-korm-dlya-shhenkov-brit-care-dog-na-osnove-myasa-yagnenka-3-kg\\\/\",\"name\":\"Brit Care Dog Hypoallergenic Puppy \u0441\u0443\u0445\u043e\u0439 \u043a\u043e\u0440\u043c \u0434\u043b\u044f \u0449\u0435\u043d\u043a\u043e\u0432 \u043d\u0430 \u043e\u0441\u043d\u043e\u0432\u0435 \u043c\u044f\u0441\u0430 \u044f\u0433\u043d\u0435\u043d\u043a\u0430 3 \u043a\u0433\",\"isPartOf\":{\"@id\":\"https:\\\/\\\/pet24.md\\\/#website\"},\"primaryImageOfPage\":{\"@id\":\"https:\\\/\\\/pet24.md\\\/product\\\/suhoj-korm-dlya-shhenkov-brit-care-dog-na-osnove-myasa-yagnenka-3-kg\\\/#primaryimage\"},\"image\":{\"@id\":\"https:\\\/\\\/pet24.md\\\/product\\\/suhoj-korm-dlya-shhenkov-brit-care-dog-na-osnove-myasa-yagnenka-3-kg\\\/#primaryimage\"},\"thumbnailUrl\":\"https:\\\/\\\/pet24.md\\\/wp-content\\\/uploads\\\/2024\\\/07\\\/suhoj-korm-dlya-shhenkov-brit-care-dog-na-osnove-myasa-yagnenka-3-kg.png\",\"datePublished\":\"2024-07-23T10:22:08+00:00\",\"dateModified\":\"2025-02-10T18:18:07+00:00\",\"description\":\"\u041a\u0443\u043f\u0438\u0442\u044c Brit Care Dog Hypoallergenic Puppy \u0441\u0443\u0445\u043e\u0439 \u043a\u043e\u0440\u043c \u0434\u043b\u044f \u0449\u0435\u043d\u043a\u043e\u0432 \u043d\u0430 \u043e\u0441\u043d\u043e\u0432\u0435 \u043c\u044f\u0441\u0430 \u044f\u0433\u043d\u0435\u043d\u043a\u0430 3 \u043a\u0433 \u0441 \u0434\u043e\u0441\u0442\u0430\u0432\u043a\u043e\u0439 \u043f\u043e \u041a\u0438\u0448\u0438\u043d\u0435\u0432\u0443 \u0438 \u0432\u0441\u0435\u0439 \u041c\u043e\u043b\u0434\u043e\u0432\u0435 \u043d\u0430 Pet24\",\"breadcrumb\":{\"@id\":\"https:\\\/\\\/pet24.md\\\/product\\\/suhoj-korm-dlya-shhenkov-brit-care-dog-na-osnove-myasa-yagnenka-3-kg\\\/#breadcrumb\"},\"inLanguage\":\"ro-RO\",\"potentialAction\":[{\"@type\":\"ReadAction\",\"target\":[\"https:\\\/\\\/pet24.md\\\/product\\\/suhoj-korm-dlya-shhenkov-brit-care-dog-na-osnove-myasa-yagnenka-3-kg\\\/\"]}]},{\"@type\":\"ImageObject\",\"inLanguage\":\"ro-RO\",\"@id\":\"https:\\\/\\\/pet24.md\\\/product\\\/suhoj-korm-dlya-shhenkov-brit-care-dog-na-osnove-myasa-yagnenka-3-kg\\\/#primaryimage\",\"url\":\"https:\\\/\\\/pet24.md\\\/wp-content\\\/uploads\\\/2024\\\/07\\\/suhoj-korm-dlya-shhenkov-brit-care-dog-na-osnove-myasa-yagnenka-3-kg.png\",\"contentUrl\":\"https:\\\/\\\/pet24.md\\\/wp-content\\\/uploads\\\/2024\\\/07\\\/suhoj-korm-dlya-shhenkov-brit-care-dog-na-osnove-myasa-yagnenka-3-kg.png\",\"width\":500,\"height\":500,\"caption\":\"Brit Care Dog Hypoallergenic Puppy\"},{\"@type\":\"BreadcrumbList\",\"@id\":\"https:\\\/\\\/pet24.md\\\/product\\\/suhoj-korm-dlya-shhenkov-brit-care-dog-na-osnove-myasa-yagnenka-3-kg\\\/#breadcrumb\",\"itemListElement\":[{\"@type\":\"ListItem\",\"position\":1,\"name\":\"\u0413\u043b\u0430\u0432\u043d\u0430\u044f \u0441\u0442\u0440\u0430\u043d\u0438\u0446\u0430\",\"item\":\"https:\\\/\\\/pet24.md\\\/\"},{\"@type\":\"ListItem\",\"position\":2,\"name\":\"\u041c\u0430\u0433\u0430\u0437\u0438\u043d\",\"item\":\"https:\\\/\\\/pet24.md\\\/shop\\\/\"},{\"@type\":\"ListItem\",\"position\":3,\"name\":\"Brit Care Dog Hypoallergenic Puppy \u0441\u0443\u0445\u043e\u0439 \u043a\u043e\u0440\u043c \u0434\u043b\u044f \u0449\u0435\u043d\u043a\u043e\u0432 \u043d\u0430 \u043e\u0441\u043d\u043e\u0432\u0435 \u043c\u044f\u0441\u0430 \u044f\u0433\u043d\u0435\u043d\u043a\u0430 3 \u043a\u0433\"}]},{\"@type\":\"WebSite\",\"@id\":\"https:\\\/\\\/pet24.md\\\/#website\",\"url\":\"https:\\\/\\\/pet24.md\\\/\",\"name\":\"Pet24\",\"description\":\"\u0417\u043e\u043e\u043c\u0430\u0433\u0430\u0437\u0438\u043d \u0442\u043e\u0432\u0430\u0440\u043e\u0432 \u0434\u043b\u044f \u0434\u043e\u043c\u0430\u0448\u043d\u0438\u0445 \u043f\u0438\u0442\u043e\u043c\u0446\u0435\u0432\",\"publisher\":{\"@id\":\"https:\\\/\\\/pet24.md\\\/#organization\"},\"potentialAction\":[{\"@type\":\"SearchAction\",\"target\":{\"@type\":\"EntryPoint\",\"urlTemplate\":\"https:\\\/\\\/pet24.md\\\/?s={search_term_string}\"},\"query-input\":{\"@type\":\"PropertyValueSpecification\",\"valueRequired\":true,\"valueName\":\"search_term_string\"}}],\"inLanguage\":\"ro-RO\"},{\"@type\":\"Organization\",\"@id\":\"https:\\\/\\\/pet24.md\\\/#organization\",\"name\":\"Pet24\",\"url\":\"https:\\\/\\\/pet24.md\\\/\",\"logo\":{\"@type\":\"ImageObject\",\"inLanguage\":\"ro-RO\",\"@id\":\"https:\\\/\\\/pet24.md\\\/#\\\/schema\\\/logo\\\/image\\\/\",\"url\":\"https:\\\/\\\/pet24.md\\\/wp-content\\\/uploads\\\/2024\\\/09\\\/logo.svg\",\"contentUrl\":\"https:\\\/\\\/pet24.md\\\/wp-content\\\/uploads\\\/2024\\\/09\\\/logo.svg\",\"width\":215,\"height\":66,\"caption\":\"Pet24\"},\"image\":{\"@id\":\"https:\\\/\\\/pet24.md\\\/#\\\/schema\\\/logo\\\/image\\\/\"},\"sameAs\":[\"https:\\\/\\\/www.facebook.com\\\/pet24.md\",\"https:\\\/\\\/www.instagram.com\\\/pet24.md\\\/\"],\"telephone\":\"+37360508880\"}]}<\/script>\n<!-- \/ Yoast SEO Premium plugin. -->","yoast_head_json":{"title":"Brit Care Dog Hypoallergenic Puppy \u0441\u0443\u0445\u043e\u0439 \u043a\u043e\u0440\u043c \u0434\u043b\u044f \u0449\u0435\u043d\u043a\u043e\u0432 \u043d\u0430 \u043e\u0441\u043d\u043e\u0432\u0435 \u043c\u044f\u0441\u0430 \u044f\u0433\u043d\u0435\u043d\u043a\u0430 3 \u043a\u0433","description":"\u041a\u0443\u043f\u0438\u0442\u044c Brit Care Dog Hypoallergenic Puppy \u0441\u0443\u0445\u043e\u0439 \u043a\u043e\u0440\u043c \u0434\u043b\u044f \u0449\u0435\u043d\u043a\u043e\u0432 \u043d\u0430 \u043e\u0441\u043d\u043e\u0432\u0435 \u043c\u044f\u0441\u0430 \u044f\u0433\u043d\u0435\u043d\u043a\u0430 3 \u043a\u0433 \u0441 \u0434\u043e\u0441\u0442\u0430\u0432\u043a\u043e\u0439 \u043f\u043e \u041a\u0438\u0448\u0438\u043d\u0435\u0432\u0443 \u0438 \u0432\u0441\u0435\u0439 \u041c\u043e\u043b\u0434\u043e\u0432\u0435 \u043d\u0430 Pet24","robots":{"index":"index","follow":"follow","max-snippet":"max-snippet:-1","max-image-preview":"max-image-preview:large","max-video-preview":"max-video-preview:-1"},"canonical":"https:\/\/pet24.md\/ro\/produs\/suhoj-korm-dlya-shhenkov-brit-care-dog-na-osnove-myasa-yagnenka-3-kg\/","og_locale":"ro_RO","og_type":"article","og_title":"Brit Care Dog Hypoallergenic Puppy \u0441\u0443\u0445\u043e\u0439 \u043a\u043e\u0440\u043c \u0434\u043b\u044f \u0449\u0435\u043d\u043a\u043e\u0432 \u043d\u0430 \u043e\u0441\u043d\u043e\u0432\u0435 \u043c\u044f\u0441\u0430 \u044f\u0433\u043d\u0435\u043d\u043a\u0430 3 \u043a\u0433","og_description":"\u041a\u0443\u043f\u0438\u0442\u044c Brit Care Dog Hypoallergenic Puppy \u0441\u0443\u0445\u043e\u0439 \u043a\u043e\u0440\u043c \u0434\u043b\u044f \u0449\u0435\u043d\u043a\u043e\u0432 \u043d\u0430 \u043e\u0441\u043d\u043e\u0432\u0435 \u043c\u044f\u0441\u0430 \u044f\u0433\u043d\u0435\u043d\u043a\u0430 3 \u043a\u0433 \u0441 \u0434\u043e\u0441\u0442\u0430\u0432\u043a\u043e\u0439 \u043f\u043e \u041a\u0438\u0448\u0438\u043d\u0435\u0432\u0443 \u0438 \u0432\u0441\u0435\u0439 \u041c\u043e\u043b\u0434\u043e\u0432\u0435 \u043d\u0430 Pet24","og_url":"https:\/\/pet24.md\/ro\/produs\/suhoj-korm-dlya-shhenkov-brit-care-dog-na-osnove-myasa-yagnenka-3-kg\/","og_site_name":"Pet24","article_publisher":"https:\/\/www.facebook.com\/pet24.md","article_modified_time":"2025-02-10T18:18:07+00:00","og_image":[{"width":500,"height":500,"url":"https:\/\/pet24.md\/wp-content\/uploads\/2024\/07\/suhoj-korm-dlya-shhenkov-brit-care-dog-na-osnove-myasa-yagnenka-3-kg.png","type":"image\/png"}],"twitter_card":"summary_large_image","twitter_misc":{"Timp estimat pentru citire":"3 minute"},"schema":{"@context":"https:\/\/schema.org","@graph":[{"@type":"WebPage","@id":"https:\/\/pet24.md\/product\/suhoj-korm-dlya-shhenkov-brit-care-dog-na-osnove-myasa-yagnenka-3-kg\/","url":"https:\/\/pet24.md\/product\/suhoj-korm-dlya-shhenkov-brit-care-dog-na-osnove-myasa-yagnenka-3-kg\/","name":"Brit Care Dog Hypoallergenic Puppy \u0441\u0443\u0445\u043e\u0439 \u043a\u043e\u0440\u043c \u0434\u043b\u044f \u0449\u0435\u043d\u043a\u043e\u0432 \u043d\u0430 \u043e\u0441\u043d\u043e\u0432\u0435 \u043c\u044f\u0441\u0430 \u044f\u0433\u043d\u0435\u043d\u043a\u0430 3 \u043a\u0433","isPartOf":{"@id":"https:\/\/pet24.md\/#website"},"primaryImageOfPage":{"@id":"https:\/\/pet24.md\/product\/suhoj-korm-dlya-shhenkov-brit-care-dog-na-osnove-myasa-yagnenka-3-kg\/#primaryimage"},"image":{"@id":"https:\/\/pet24.md\/product\/suhoj-korm-dlya-shhenkov-brit-care-dog-na-osnove-myasa-yagnenka-3-kg\/#primaryimage"},"thumbnailUrl":"https:\/\/pet24.md\/wp-content\/uploads\/2024\/07\/suhoj-korm-dlya-shhenkov-brit-care-dog-na-osnove-myasa-yagnenka-3-kg.png","datePublished":"2024-07-23T10:22:08+00:00","dateModified":"2025-02-10T18:18:07+00:00","description":"\u041a\u0443\u043f\u0438\u0442\u044c Brit Care Dog Hypoallergenic Puppy \u0441\u0443\u0445\u043e\u0439 \u043a\u043e\u0440\u043c \u0434\u043b\u044f \u0449\u0435\u043d\u043a\u043e\u0432 \u043d\u0430 \u043e\u0441\u043d\u043e\u0432\u0435 \u043c\u044f\u0441\u0430 \u044f\u0433\u043d\u0435\u043d\u043a\u0430 3 \u043a\u0433 \u0441 \u0434\u043e\u0441\u0442\u0430\u0432\u043a\u043e\u0439 \u043f\u043e \u041a\u0438\u0448\u0438\u043d\u0435\u0432\u0443 \u0438 \u0432\u0441\u0435\u0439 \u041c\u043e\u043b\u0434\u043e\u0432\u0435 \u043d\u0430 Pet24","breadcrumb":{"@id":"https:\/\/pet24.md\/product\/suhoj-korm-dlya-shhenkov-brit-care-dog-na-osnove-myasa-yagnenka-3-kg\/#breadcrumb"},"inLanguage":"ro-RO","potentialAction":[{"@type":"ReadAction","target":["https:\/\/pet24.md\/product\/suhoj-korm-dlya-shhenkov-brit-care-dog-na-osnove-myasa-yagnenka-3-kg\/"]}]},{"@type":"ImageObject","inLanguage":"ro-RO","@id":"https:\/\/pet24.md\/product\/suhoj-korm-dlya-shhenkov-brit-care-dog-na-osnove-myasa-yagnenka-3-kg\/#primaryimage","url":"https:\/\/pet24.md\/wp-content\/uploads\/2024\/07\/suhoj-korm-dlya-shhenkov-brit-care-dog-na-osnove-myasa-yagnenka-3-kg.png","contentUrl":"https:\/\/pet24.md\/wp-content\/uploads\/2024\/07\/suhoj-korm-dlya-shhenkov-brit-care-dog-na-osnove-myasa-yagnenka-3-kg.png","width":500,"height":500,"caption":"Brit Care Dog Hypoallergenic Puppy"},{"@type":"BreadcrumbList","@id":"https:\/\/pet24.md\/product\/suhoj-korm-dlya-shhenkov-brit-care-dog-na-osnove-myasa-yagnenka-3-kg\/#breadcrumb","itemListElement":[{"@type":"ListItem","position":1,"name":"\u0413\u043b\u0430\u0432\u043d\u0430\u044f \u0441\u0442\u0440\u0430\u043d\u0438\u0446\u0430","item":"https:\/\/pet24.md\/"},{"@type":"ListItem","position":2,"name":"\u041c\u0430\u0433\u0430\u0437\u0438\u043d","item":"https:\/\/pet24.md\/shop\/"},{"@type":"ListItem","position":3,"name":"Brit Care Dog Hypoallergenic Puppy \u0441\u0443\u0445\u043e\u0439 \u043a\u043e\u0440\u043c \u0434\u043b\u044f \u0449\u0435\u043d\u043a\u043e\u0432 \u043d\u0430 \u043e\u0441\u043d\u043e\u0432\u0435 \u043c\u044f\u0441\u0430 \u044f\u0433\u043d\u0435\u043d\u043a\u0430 3 \u043a\u0433"}]},{"@type":"WebSite","@id":"https:\/\/pet24.md\/#website","url":"https:\/\/pet24.md\/","name":"Pet24","description":"Magazin de animale de companie","publisher":{"@id":"https:\/\/pet24.md\/#organization"},"potentialAction":[{"@type":"SearchAction","target":{"@type":"EntryPoint","urlTemplate":"https:\/\/pet24.md\/?s={search_term_string}"},"query-input":{"@type":"PropertyValueSpecification","valueRequired":true,"valueName":"search_term_string"}}],"inLanguage":"ro-RO"},{"@type":"Organization","@id":"https:\/\/pet24.md\/#organization","name":"Pet24","url":"https:\/\/pet24.md\/","logo":{"@type":"ImageObject","inLanguage":"ro-RO","@id":"https:\/\/pet24.md\/#\/schema\/logo\/image\/","url":"https:\/\/pet24.md\/wp-content\/uploads\/2024\/09\/logo.svg","contentUrl":"https:\/\/pet24.md\/wp-content\/uploads\/2024\/09\/logo.svg","width":215,"height":66,"caption":"Pet24"},"image":{"@id":"https:\/\/pet24.md\/#\/schema\/logo\/image\/"},"sameAs":["https:\/\/www.facebook.com\/pet24.md","https:\/\/www.instagram.com\/pet24.md\/"],"telephone":"+37360508880"}]}},"_links":{"self":[{"href":"https:\/\/pet24.md\/ro\/wp-json\/wp\/v2\/product\/83928","targetHints":{"allow":["GET"]}}],"collection":[{"href":"https:\/\/pet24.md\/ro\/wp-json\/wp\/v2\/product"}],"about":[{"href":"https:\/\/pet24.md\/ro\/wp-json\/wp\/v2\/types\/product"}],"replies":[{"embeddable":true,"href":"https:\/\/pet24.md\/ro\/wp-json\/wp\/v2\/comments?post=83928"}],"wp:featuredmedia":[{"embeddable":true,"href":"https:\/\/pet24.md\/ro\/wp-json\/wp\/v2\/media\/91328"}],"wp:attachment":[{"href":"https:\/\/pet24.md\/ro\/wp-json\/wp\/v2\/media?parent=83928"}],"wp:term":[{"taxonomy":"product_brand","embeddable":true,"href":"https:\/\/pet24.md\/ro\/wp-json\/wp\/v2\/product_brand?post=83928"},{"taxonomy":"product_cat","embeddable":true,"href":"https:\/\/pet24.md\/ro\/wp-json\/wp\/v2\/product_cat?post=83928"},{"taxonomy":"product_tag","embeddable":true,"href":"https:\/\/pet24.md\/ro\/wp-json\/wp\/v2\/product_tag?post=83928"}],"curies":[{"name":"wp","href":"https:\/\/api.w.org\/{rel}","templated":true}]}}