{"id":83944,"date":"2024-07-23T10:31:20","date_gmt":"2024-07-23T10:31:20","guid":{"rendered":"https:\/\/pet24.md\/?post_type=product&#038;p=83944"},"modified":"2025-02-09T16:45:13","modified_gmt":"2025-02-09T16:45:13","slug":"vlazhnyj-korm-dlya-koshek-brit-premium-cat-chicken-turkey-pouch-100-g","status":"publish","type":"product","link":"https:\/\/pet24.md\/ro\/produs\/vlazhnyj-korm-dlya-koshek-brit-premium-cat-chicken-turkey-pouch-100-g\/","title":{"rendered":"Brit Premium Cat Chicken &#038; Turkey \u0432\u043b\u0430\u0436\u043d\u044b\u0439 \u043a\u043e\u0440\u043c \u0434\u043b\u044f \u043a\u043e\u0448\u0435\u043a \u0441 \u043a\u0443\u0440\u0438\u0446\u0435\u0439 \u0438 \u0438\u043d\u0434\u0435\u0439\u043a\u043e\u0439 100 \u0433"},"content":{"rendered":"<h2>Hrana umeda pentru pisici Brit Premium Cat Chicken &amp; Turkey punga 100 g<\/h2>\n<p>Hrana umeda completa premium cu pui si curcan pentru pisici adulte. Acest produs ofer\u0103 o nutri\u021bie de \u00eenalt\u0103 calitate \u0219i v\u0103 men\u021bine animalul de companie s\u0103n\u0103tos.<\/p>\n<p><strong>Compus:<\/strong><\/p>\n<ul>\n<li><strong>Carne \u0219i derivate de origine animal\u0103<\/strong>: 33% (inclusiv 4% pui \u0219i 4% curcan)<\/li>\n<li><strong>Derivate de plante<\/strong>: 0,41 TP3T inulin\u0103<\/li>\n<li><strong>Minerale<\/strong><\/li>\n<\/ul>\n<p><strong>Compozi\u021bia analitic\u0103:<\/strong><\/p>\n<ul>\n<li><strong>Proteine brute<\/strong>: 8,5%<\/li>\n<li><strong>Con\u021binut de gr\u0103sime<\/strong>: 4,5%<\/li>\n<li><strong>Cenu\u0219\u0103 crud\u0103<\/strong>: 2,5%<\/li>\n<li><strong>Fibr\u0103 brut\u0103<\/strong>: 0,4%<\/li>\n<li><strong>Umiditate<\/strong>: 82%<\/li>\n<\/ul>\n<p><strong>Suplimente nutritive la 1 kg:<\/strong><\/p>\n<ul>\n<li><strong>Vitamina D3<\/strong>: 250 MO<\/li>\n<li><strong>Vitamina E<\/strong>: 100 mg<\/li>\n<li><strong>Zinc<\/strong>: 10 mg<\/li>\n<li><strong>Mangan<\/strong>: 2 mg<\/li>\n<li><strong>Iod<\/strong>: 0,7 mg<\/li>\n<li><strong>Cupru<\/strong>: 0,2 mg<\/li>\n<li><strong>taurin\u0103<\/strong>: 450 mg<\/li>\n<li><strong>Biotina<\/strong>: 0,1 mg<\/li>\n<\/ul>\n<div id=\"simple-translate\" class=\"simple-translate-system-theme\">\n<div>\n<div class=\"simple-translate-button isShow\" style=\"background-image: url('moz-extension:\/\/d25417e8-a137-41aa-b867-c933dcaf4ddc\/icons\/512.png'); height: 22px; width: 22px; top: 56px; left: 372px;\"><\/div>\n<div class=\"simple-translate-panel\" style=\"width: 300px; height: 200px; top: 0px; left: 0px; font-size: 13px;\">\n<div class=\"simple-translate-result-wrapper\" style=\"overflow: hidden;\">\n<div class=\"simple-translate-move\" draggable=\"true\"><\/div>\n<div class=\"simple-translate-result-contents\">\n<p class=\"simple-translate-result\" dir=\"auto\">\n<p class=\"simple-translate-candidate\" dir=\"auto\">\n<\/div>\n<\/div>\n<\/div>\n<\/div>\n<\/div>","protected":false},"excerpt":{"rendered":"<p>Husa Brit Premium pentru pisici cu pui \u0219i curcan pentru pisici adulte este o hran\u0103 umed\u0103 premium, complet\u0103, care ofer\u0103 o nutri\u021bie de \u00eenalt\u0103 calitate pentru a v\u0103 men\u021bine animalul de companie s\u0103n\u0103tos. Con\u021bine 33% de carne \u0219i derivate de origine animal\u0103, inclusiv 4% de pui \u0219i 4% de curcan.<\/p>","protected":false},"featured_media":91581,"comment_status":"closed","ping_status":"closed","template":"","meta":[],"product_brand":[],"product_cat":[310,309,193],"product_tag":[638,296,202],"class_list":{"0":"post-83944","1":"product","2":"type-product","3":"status-publish","4":"has-post-thumbnail","6":"product_cat-catwet","7":"product_cat-catfood","8":"product_cat-cat","9":"product_tag-brit","10":"product_tag-vlazhnyj-korm","11":"product_tag-koshka","12":"pa_age-pet-vzroslyj","13":"pa_brand-brit-care","14":"pa_feed-class-premium","15":"pa_meat-ingredients-indejka","16":"pa_meat-ingredients-kuricza","17":"pa_packaging-pauchi","18":"pa_pet-koshka","19":"pa_pet-feature-zdorovyj-pitomecz","20":"pa_type-feed-vlazhnyj-korm","21":"pa_weight-100-gr","23":"first","24":"instock","25":"sale","26":"shipping-taxable","27":"product-type-simple"},"yoast_head":"<!-- This site is optimized with the Yoast SEO Premium plugin v23.7 (Yoast SEO v27.5) - https:\/\/yoast.com\/product\/yoast-seo-premium-wordpress\/ -->\n<title>Brit Premium Cat Chicken &amp; Turkey \u0432\u043b\u0430\u0436\u043d\u044b\u0439 \u043a\u043e\u0440\u043c \u0434\u043b\u044f \u043a\u043e\u0448\u0435\u043a \u0441 \u043a\u0443\u0440\u0438\u0446\u0435\u0439 \u0438 \u0438\u043d\u0434\u0435\u0439\u043a\u043e\u0439 100 \u0433<\/title>\n<meta name=\"description\" content=\"\u041a\u0443\u043f\u0438\u0442\u044c Brit Premium Cat Chicken &amp; Turkey \u0432\u043b\u0430\u0436\u043d\u044b\u0439 \u043a\u043e\u0440\u043c \u0434\u043b\u044f \u043a\u043e\u0448\u0435\u043a \u0441 \u043a\u0443\u0440\u0438\u0446\u0435\u0439 \u0438 \u0438\u043d\u0434\u0435\u0439\u043a\u043e\u0439 100 \u0433 \u0441 \u0434\u043e\u0441\u0442\u0430\u0432\u043a\u043e\u0439 \u043f\u043e \u041a\u0438\u0448\u0438\u043d\u0435\u0432\u0443 \u0438 \u0432\u0441\u0435\u0439 \u041c\u043e\u043b\u0434\u043e\u0432\u0435 \u043d\u0430 Pet24\" \/>\n<meta name=\"robots\" content=\"index, follow, max-snippet:-1, max-image-preview:large, max-video-preview:-1\" \/>\n<link rel=\"canonical\" href=\"https:\/\/pet24.md\/ro\/produs\/vlazhnyj-korm-dlya-koshek-brit-premium-cat-chicken-turkey-pouch-100-g\/\" \/>\n<meta property=\"og:locale\" content=\"ro_RO\" \/>\n<meta property=\"og:type\" content=\"article\" \/>\n<meta property=\"og:title\" content=\"Brit Premium Cat Chicken &amp; Turkey \u0432\u043b\u0430\u0436\u043d\u044b\u0439 \u043a\u043e\u0440\u043c \u0434\u043b\u044f \u043a\u043e\u0448\u0435\u043a \u0441 \u043a\u0443\u0440\u0438\u0446\u0435\u0439 \u0438 \u0438\u043d\u0434\u0435\u0439\u043a\u043e\u0439 100 \u0433\" \/>\n<meta property=\"og:description\" content=\"\u041a\u0443\u043f\u0438\u0442\u044c Brit Premium Cat Chicken &amp; Turkey \u0432\u043b\u0430\u0436\u043d\u044b\u0439 \u043a\u043e\u0440\u043c \u0434\u043b\u044f \u043a\u043e\u0448\u0435\u043a \u0441 \u043a\u0443\u0440\u0438\u0446\u0435\u0439 \u0438 \u0438\u043d\u0434\u0435\u0439\u043a\u043e\u0439 100 \u0433 \u0441 \u0434\u043e\u0441\u0442\u0430\u0432\u043a\u043e\u0439 \u043f\u043e \u041a\u0438\u0448\u0438\u043d\u0435\u0432\u0443 \u0438 \u0432\u0441\u0435\u0439 \u041c\u043e\u043b\u0434\u043e\u0432\u0435 \u043d\u0430 Pet24\" \/>\n<meta property=\"og:url\" content=\"https:\/\/pet24.md\/ro\/produs\/vlazhnyj-korm-dlya-koshek-brit-premium-cat-chicken-turkey-pouch-100-g\/\" \/>\n<meta property=\"og:site_name\" content=\"Pet24\" \/>\n<meta property=\"article:publisher\" content=\"https:\/\/www.facebook.com\/pet24.md\" \/>\n<meta property=\"article:modified_time\" content=\"2025-02-09T16:45:13+00:00\" \/>\n<meta property=\"og:image\" content=\"https:\/\/pet24.md\/wp-content\/uploads\/2024\/07\/vlazhnyj-korm-dlya-koshek-brit-premium-cat-chicken-turkey-pouch-100-g.png\" \/>\n\t<meta property=\"og:image:width\" content=\"600\" \/>\n\t<meta property=\"og:image:height\" content=\"600\" \/>\n\t<meta property=\"og:image:type\" content=\"image\/png\" \/>\n<meta name=\"twitter:card\" content=\"summary_large_image\" \/>\n<meta name=\"twitter:label1\" content=\"Timp estimat pentru citire\" \/>\n\t<meta name=\"twitter:data1\" content=\"1 minut\" \/>\n<script type=\"application\/ld+json\" class=\"yoast-schema-graph\">{\"@context\":\"https:\\\/\\\/schema.org\",\"@graph\":[{\"@type\":\"WebPage\",\"@id\":\"https:\\\/\\\/pet24.md\\\/product\\\/vlazhnyj-korm-dlya-koshek-brit-premium-cat-chicken-turkey-pouch-100-g\\\/\",\"url\":\"https:\\\/\\\/pet24.md\\\/product\\\/vlazhnyj-korm-dlya-koshek-brit-premium-cat-chicken-turkey-pouch-100-g\\\/\",\"name\":\"Brit Premium Cat Chicken & Turkey \u0432\u043b\u0430\u0436\u043d\u044b\u0439 \u043a\u043e\u0440\u043c \u0434\u043b\u044f \u043a\u043e\u0448\u0435\u043a \u0441 \u043a\u0443\u0440\u0438\u0446\u0435\u0439 \u0438 \u0438\u043d\u0434\u0435\u0439\u043a\u043e\u0439 100 \u0433\",\"isPartOf\":{\"@id\":\"https:\\\/\\\/pet24.md\\\/#website\"},\"primaryImageOfPage\":{\"@id\":\"https:\\\/\\\/pet24.md\\\/product\\\/vlazhnyj-korm-dlya-koshek-brit-premium-cat-chicken-turkey-pouch-100-g\\\/#primaryimage\"},\"image\":{\"@id\":\"https:\\\/\\\/pet24.md\\\/product\\\/vlazhnyj-korm-dlya-koshek-brit-premium-cat-chicken-turkey-pouch-100-g\\\/#primaryimage\"},\"thumbnailUrl\":\"https:\\\/\\\/pet24.md\\\/wp-content\\\/uploads\\\/2024\\\/07\\\/vlazhnyj-korm-dlya-koshek-brit-premium-cat-chicken-turkey-pouch-100-g.png\",\"datePublished\":\"2024-07-23T10:31:20+00:00\",\"dateModified\":\"2025-02-09T16:45:13+00:00\",\"description\":\"\u041a\u0443\u043f\u0438\u0442\u044c Brit Premium Cat Chicken & Turkey \u0432\u043b\u0430\u0436\u043d\u044b\u0439 \u043a\u043e\u0440\u043c \u0434\u043b\u044f \u043a\u043e\u0448\u0435\u043a \u0441 \u043a\u0443\u0440\u0438\u0446\u0435\u0439 \u0438 \u0438\u043d\u0434\u0435\u0439\u043a\u043e\u0439 100 \u0433 \u0441 \u0434\u043e\u0441\u0442\u0430\u0432\u043a\u043e\u0439 \u043f\u043e \u041a\u0438\u0448\u0438\u043d\u0435\u0432\u0443 \u0438 \u0432\u0441\u0435\u0439 \u041c\u043e\u043b\u0434\u043e\u0432\u0435 \u043d\u0430 Pet24\",\"breadcrumb\":{\"@id\":\"https:\\\/\\\/pet24.md\\\/product\\\/vlazhnyj-korm-dlya-koshek-brit-premium-cat-chicken-turkey-pouch-100-g\\\/#breadcrumb\"},\"inLanguage\":\"ro-RO\",\"potentialAction\":[{\"@type\":\"ReadAction\",\"target\":[\"https:\\\/\\\/pet24.md\\\/product\\\/vlazhnyj-korm-dlya-koshek-brit-premium-cat-chicken-turkey-pouch-100-g\\\/\"]}]},{\"@type\":\"ImageObject\",\"inLanguage\":\"ro-RO\",\"@id\":\"https:\\\/\\\/pet24.md\\\/product\\\/vlazhnyj-korm-dlya-koshek-brit-premium-cat-chicken-turkey-pouch-100-g\\\/#primaryimage\",\"url\":\"https:\\\/\\\/pet24.md\\\/wp-content\\\/uploads\\\/2024\\\/07\\\/vlazhnyj-korm-dlya-koshek-brit-premium-cat-chicken-turkey-pouch-100-g.png\",\"contentUrl\":\"https:\\\/\\\/pet24.md\\\/wp-content\\\/uploads\\\/2024\\\/07\\\/vlazhnyj-korm-dlya-koshek-brit-premium-cat-chicken-turkey-pouch-100-g.png\",\"width\":600,\"height\":600,\"caption\":\"Brit Premium Cat Chicken & Turkey pouch\"},{\"@type\":\"BreadcrumbList\",\"@id\":\"https:\\\/\\\/pet24.md\\\/product\\\/vlazhnyj-korm-dlya-koshek-brit-premium-cat-chicken-turkey-pouch-100-g\\\/#breadcrumb\",\"itemListElement\":[{\"@type\":\"ListItem\",\"position\":1,\"name\":\"\u0413\u043b\u0430\u0432\u043d\u0430\u044f \u0441\u0442\u0440\u0430\u043d\u0438\u0446\u0430\",\"item\":\"https:\\\/\\\/pet24.md\\\/\"},{\"@type\":\"ListItem\",\"position\":2,\"name\":\"\u041c\u0430\u0433\u0430\u0437\u0438\u043d\",\"item\":\"https:\\\/\\\/pet24.md\\\/shop\\\/\"},{\"@type\":\"ListItem\",\"position\":3,\"name\":\"Brit Premium Cat Chicken &#038; Turkey \u0432\u043b\u0430\u0436\u043d\u044b\u0439 \u043a\u043e\u0440\u043c \u0434\u043b\u044f \u043a\u043e\u0448\u0435\u043a \u0441 \u043a\u0443\u0440\u0438\u0446\u0435\u0439 \u0438 \u0438\u043d\u0434\u0435\u0439\u043a\u043e\u0439 100 \u0433\"}]},{\"@type\":\"WebSite\",\"@id\":\"https:\\\/\\\/pet24.md\\\/#website\",\"url\":\"https:\\\/\\\/pet24.md\\\/\",\"name\":\"Pet24\",\"description\":\"\u0417\u043e\u043e\u043c\u0430\u0433\u0430\u0437\u0438\u043d \u0442\u043e\u0432\u0430\u0440\u043e\u0432 \u0434\u043b\u044f \u0434\u043e\u043c\u0430\u0448\u043d\u0438\u0445 \u043f\u0438\u0442\u043e\u043c\u0446\u0435\u0432\",\"publisher\":{\"@id\":\"https:\\\/\\\/pet24.md\\\/#organization\"},\"potentialAction\":[{\"@type\":\"SearchAction\",\"target\":{\"@type\":\"EntryPoint\",\"urlTemplate\":\"https:\\\/\\\/pet24.md\\\/?s={search_term_string}\"},\"query-input\":{\"@type\":\"PropertyValueSpecification\",\"valueRequired\":true,\"valueName\":\"search_term_string\"}}],\"inLanguage\":\"ro-RO\"},{\"@type\":\"Organization\",\"@id\":\"https:\\\/\\\/pet24.md\\\/#organization\",\"name\":\"Pet24\",\"url\":\"https:\\\/\\\/pet24.md\\\/\",\"logo\":{\"@type\":\"ImageObject\",\"inLanguage\":\"ro-RO\",\"@id\":\"https:\\\/\\\/pet24.md\\\/#\\\/schema\\\/logo\\\/image\\\/\",\"url\":\"https:\\\/\\\/pet24.md\\\/wp-content\\\/uploads\\\/2024\\\/09\\\/logo.svg\",\"contentUrl\":\"https:\\\/\\\/pet24.md\\\/wp-content\\\/uploads\\\/2024\\\/09\\\/logo.svg\",\"width\":215,\"height\":66,\"caption\":\"Pet24\"},\"image\":{\"@id\":\"https:\\\/\\\/pet24.md\\\/#\\\/schema\\\/logo\\\/image\\\/\"},\"sameAs\":[\"https:\\\/\\\/www.facebook.com\\\/pet24.md\",\"https:\\\/\\\/www.instagram.com\\\/pet24.md\\\/\"],\"telephone\":\"+37360508880\"}]}<\/script>\n<!-- \/ Yoast SEO Premium plugin. -->","yoast_head_json":{"title":"Brit Premium Cat Chicken & Turkey \u0432\u043b\u0430\u0436\u043d\u044b\u0439 \u043a\u043e\u0440\u043c \u0434\u043b\u044f \u043a\u043e\u0448\u0435\u043a \u0441 \u043a\u0443\u0440\u0438\u0446\u0435\u0439 \u0438 \u0438\u043d\u0434\u0435\u0439\u043a\u043e\u0439 100 \u0433","description":"\u041a\u0443\u043f\u0438\u0442\u044c Brit Premium Cat Chicken & Turkey \u0432\u043b\u0430\u0436\u043d\u044b\u0439 \u043a\u043e\u0440\u043c \u0434\u043b\u044f \u043a\u043e\u0448\u0435\u043a \u0441 \u043a\u0443\u0440\u0438\u0446\u0435\u0439 \u0438 \u0438\u043d\u0434\u0435\u0439\u043a\u043e\u0439 100 \u0433 \u0441 \u0434\u043e\u0441\u0442\u0430\u0432\u043a\u043e\u0439 \u043f\u043e \u041a\u0438\u0448\u0438\u043d\u0435\u0432\u0443 \u0438 \u0432\u0441\u0435\u0439 \u041c\u043e\u043b\u0434\u043e\u0432\u0435 \u043d\u0430 Pet24","robots":{"index":"index","follow":"follow","max-snippet":"max-snippet:-1","max-image-preview":"max-image-preview:large","max-video-preview":"max-video-preview:-1"},"canonical":"https:\/\/pet24.md\/ro\/produs\/vlazhnyj-korm-dlya-koshek-brit-premium-cat-chicken-turkey-pouch-100-g\/","og_locale":"ro_RO","og_type":"article","og_title":"Brit Premium Cat Chicken & Turkey \u0432\u043b\u0430\u0436\u043d\u044b\u0439 \u043a\u043e\u0440\u043c \u0434\u043b\u044f \u043a\u043e\u0448\u0435\u043a \u0441 \u043a\u0443\u0440\u0438\u0446\u0435\u0439 \u0438 \u0438\u043d\u0434\u0435\u0439\u043a\u043e\u0439 100 \u0433","og_description":"\u041a\u0443\u043f\u0438\u0442\u044c Brit Premium Cat Chicken & Turkey \u0432\u043b\u0430\u0436\u043d\u044b\u0439 \u043a\u043e\u0440\u043c \u0434\u043b\u044f \u043a\u043e\u0448\u0435\u043a \u0441 \u043a\u0443\u0440\u0438\u0446\u0435\u0439 \u0438 \u0438\u043d\u0434\u0435\u0439\u043a\u043e\u0439 100 \u0433 \u0441 \u0434\u043e\u0441\u0442\u0430\u0432\u043a\u043e\u0439 \u043f\u043e \u041a\u0438\u0448\u0438\u043d\u0435\u0432\u0443 \u0438 \u0432\u0441\u0435\u0439 \u041c\u043e\u043b\u0434\u043e\u0432\u0435 \u043d\u0430 Pet24","og_url":"https:\/\/pet24.md\/ro\/produs\/vlazhnyj-korm-dlya-koshek-brit-premium-cat-chicken-turkey-pouch-100-g\/","og_site_name":"Pet24","article_publisher":"https:\/\/www.facebook.com\/pet24.md","article_modified_time":"2025-02-09T16:45:13+00:00","og_image":[{"width":600,"height":600,"url":"https:\/\/pet24.md\/wp-content\/uploads\/2024\/07\/vlazhnyj-korm-dlya-koshek-brit-premium-cat-chicken-turkey-pouch-100-g.png","type":"image\/png"}],"twitter_card":"summary_large_image","twitter_misc":{"Timp estimat pentru citire":"1 minut"},"schema":{"@context":"https:\/\/schema.org","@graph":[{"@type":"WebPage","@id":"https:\/\/pet24.md\/product\/vlazhnyj-korm-dlya-koshek-brit-premium-cat-chicken-turkey-pouch-100-g\/","url":"https:\/\/pet24.md\/product\/vlazhnyj-korm-dlya-koshek-brit-premium-cat-chicken-turkey-pouch-100-g\/","name":"Brit Premium Cat Chicken & Turkey \u0432\u043b\u0430\u0436\u043d\u044b\u0439 \u043a\u043e\u0440\u043c \u0434\u043b\u044f \u043a\u043e\u0448\u0435\u043a \u0441 \u043a\u0443\u0440\u0438\u0446\u0435\u0439 \u0438 \u0438\u043d\u0434\u0435\u0439\u043a\u043e\u0439 100 \u0433","isPartOf":{"@id":"https:\/\/pet24.md\/#website"},"primaryImageOfPage":{"@id":"https:\/\/pet24.md\/product\/vlazhnyj-korm-dlya-koshek-brit-premium-cat-chicken-turkey-pouch-100-g\/#primaryimage"},"image":{"@id":"https:\/\/pet24.md\/product\/vlazhnyj-korm-dlya-koshek-brit-premium-cat-chicken-turkey-pouch-100-g\/#primaryimage"},"thumbnailUrl":"https:\/\/pet24.md\/wp-content\/uploads\/2024\/07\/vlazhnyj-korm-dlya-koshek-brit-premium-cat-chicken-turkey-pouch-100-g.png","datePublished":"2024-07-23T10:31:20+00:00","dateModified":"2025-02-09T16:45:13+00:00","description":"\u041a\u0443\u043f\u0438\u0442\u044c Brit Premium Cat Chicken & Turkey \u0432\u043b\u0430\u0436\u043d\u044b\u0439 \u043a\u043e\u0440\u043c \u0434\u043b\u044f \u043a\u043e\u0448\u0435\u043a \u0441 \u043a\u0443\u0440\u0438\u0446\u0435\u0439 \u0438 \u0438\u043d\u0434\u0435\u0439\u043a\u043e\u0439 100 \u0433 \u0441 \u0434\u043e\u0441\u0442\u0430\u0432\u043a\u043e\u0439 \u043f\u043e \u041a\u0438\u0448\u0438\u043d\u0435\u0432\u0443 \u0438 \u0432\u0441\u0435\u0439 \u041c\u043e\u043b\u0434\u043e\u0432\u0435 \u043d\u0430 Pet24","breadcrumb":{"@id":"https:\/\/pet24.md\/product\/vlazhnyj-korm-dlya-koshek-brit-premium-cat-chicken-turkey-pouch-100-g\/#breadcrumb"},"inLanguage":"ro-RO","potentialAction":[{"@type":"ReadAction","target":["https:\/\/pet24.md\/product\/vlazhnyj-korm-dlya-koshek-brit-premium-cat-chicken-turkey-pouch-100-g\/"]}]},{"@type":"ImageObject","inLanguage":"ro-RO","@id":"https:\/\/pet24.md\/product\/vlazhnyj-korm-dlya-koshek-brit-premium-cat-chicken-turkey-pouch-100-g\/#primaryimage","url":"https:\/\/pet24.md\/wp-content\/uploads\/2024\/07\/vlazhnyj-korm-dlya-koshek-brit-premium-cat-chicken-turkey-pouch-100-g.png","contentUrl":"https:\/\/pet24.md\/wp-content\/uploads\/2024\/07\/vlazhnyj-korm-dlya-koshek-brit-premium-cat-chicken-turkey-pouch-100-g.png","width":600,"height":600,"caption":"Brit Premium Cat Chicken & Turkey pouch"},{"@type":"BreadcrumbList","@id":"https:\/\/pet24.md\/product\/vlazhnyj-korm-dlya-koshek-brit-premium-cat-chicken-turkey-pouch-100-g\/#breadcrumb","itemListElement":[{"@type":"ListItem","position":1,"name":"\u0413\u043b\u0430\u0432\u043d\u0430\u044f \u0441\u0442\u0440\u0430\u043d\u0438\u0446\u0430","item":"https:\/\/pet24.md\/"},{"@type":"ListItem","position":2,"name":"\u041c\u0430\u0433\u0430\u0437\u0438\u043d","item":"https:\/\/pet24.md\/shop\/"},{"@type":"ListItem","position":3,"name":"Brit Premium Cat Chicken &#038; Turkey \u0432\u043b\u0430\u0436\u043d\u044b\u0439 \u043a\u043e\u0440\u043c \u0434\u043b\u044f \u043a\u043e\u0448\u0435\u043a \u0441 \u043a\u0443\u0440\u0438\u0446\u0435\u0439 \u0438 \u0438\u043d\u0434\u0435\u0439\u043a\u043e\u0439 100 \u0433"}]},{"@type":"WebSite","@id":"https:\/\/pet24.md\/#website","url":"https:\/\/pet24.md\/","name":"Pet24","description":"Magazin de animale de companie","publisher":{"@id":"https:\/\/pet24.md\/#organization"},"potentialAction":[{"@type":"SearchAction","target":{"@type":"EntryPoint","urlTemplate":"https:\/\/pet24.md\/?s={search_term_string}"},"query-input":{"@type":"PropertyValueSpecification","valueRequired":true,"valueName":"search_term_string"}}],"inLanguage":"ro-RO"},{"@type":"Organization","@id":"https:\/\/pet24.md\/#organization","name":"Pet24","url":"https:\/\/pet24.md\/","logo":{"@type":"ImageObject","inLanguage":"ro-RO","@id":"https:\/\/pet24.md\/#\/schema\/logo\/image\/","url":"https:\/\/pet24.md\/wp-content\/uploads\/2024\/09\/logo.svg","contentUrl":"https:\/\/pet24.md\/wp-content\/uploads\/2024\/09\/logo.svg","width":215,"height":66,"caption":"Pet24"},"image":{"@id":"https:\/\/pet24.md\/#\/schema\/logo\/image\/"},"sameAs":["https:\/\/www.facebook.com\/pet24.md","https:\/\/www.instagram.com\/pet24.md\/"],"telephone":"+37360508880"}]}},"_links":{"self":[{"href":"https:\/\/pet24.md\/ro\/wp-json\/wp\/v2\/product\/83944","targetHints":{"allow":["GET"]}}],"collection":[{"href":"https:\/\/pet24.md\/ro\/wp-json\/wp\/v2\/product"}],"about":[{"href":"https:\/\/pet24.md\/ro\/wp-json\/wp\/v2\/types\/product"}],"replies":[{"embeddable":true,"href":"https:\/\/pet24.md\/ro\/wp-json\/wp\/v2\/comments?post=83944"}],"wp:featuredmedia":[{"embeddable":true,"href":"https:\/\/pet24.md\/ro\/wp-json\/wp\/v2\/media\/91581"}],"wp:attachment":[{"href":"https:\/\/pet24.md\/ro\/wp-json\/wp\/v2\/media?parent=83944"}],"wp:term":[{"taxonomy":"product_brand","embeddable":true,"href":"https:\/\/pet24.md\/ro\/wp-json\/wp\/v2\/product_brand?post=83944"},{"taxonomy":"product_cat","embeddable":true,"href":"https:\/\/pet24.md\/ro\/wp-json\/wp\/v2\/product_cat?post=83944"},{"taxonomy":"product_tag","embeddable":true,"href":"https:\/\/pet24.md\/ro\/wp-json\/wp\/v2\/product_tag?post=83944"}],"curies":[{"name":"wp","href":"https:\/\/api.w.org\/{rel}","templated":true}]}}