{"id":84056,"date":"2024-07-23T13:57:38","date_gmt":"2024-07-23T13:57:38","guid":{"rendered":"https:\/\/pet24.md\/?post_type=product&#038;p=84056"},"modified":"2025-02-09T14:16:56","modified_gmt":"2025-02-09T14:16:56","slug":"suhoj-korm-dlya-koshek-brit-premium-by-nature-cat-sensitive-lamb-8kg","status":"publish","type":"product","link":"https:\/\/pet24.md\/ro\/produs\/suhoj-korm-dlya-koshek-brit-premium-by-nature-cat-sensitive-lamb-8kg\/","title":{"rendered":"Brit Premium By Nature Cat Sensitive Lamb \u0441\u0443\u0445\u043e\u0439 \u043a\u043e\u0440\u043c \u0434\u043b\u044f \u0432\u0437\u0440\u043e\u0441\u043b\u044b\u0445 \u043a\u043e\u0448\u0435\u043a \u0441 \u044f\u0433\u043d\u0435\u043d\u043a\u043e\u043c 8 \u043a\u0433"},"content":{"rendered":"<h2>Brit Premium By Nature Cat Sensitive Miel 8kg<\/h2>\n<p>Hran\u0103 complet\u0103 premium cu o formul\u0103 hipoalergenic\u0103 pentru pisici adulte cu digestie sensibil\u0103. M\u00e2ncarea delicioas\u0103 \u0219i apetisant\u0103 realizat\u0103 din ingrediente naturale ofer\u0103 o nutri\u021bie zilnic\u0103 s\u0103n\u0103toas\u0103 pentru animalul dvs. de companie.<\/p>\n<p><strong>Caracteristicile alimentelor:<\/strong><\/p>\n<ul>\n<li>Cu sos de ficat de pui<\/li>\n<li>Pulpa de m\u0103r este o surs\u0103 natural\u0103 de fibre<\/li>\n<li>Antioxidan\u021bi naturali: rozmarin, cui\u0219oare, turmeric, citrice<\/li>\n<li>Prebiotice pentru o digestie sanatoasa<\/li>\n<li>F\u0103r\u0103 gr\u00e2u, soia \u0219i porumb<\/li>\n<\/ul>\n<p><strong>Compus:<\/strong> miel deshidratat 20%, orez, curcan deshidratat 15%, maz\u0103re, gr\u0103sime de pui, pulp\u0103 de mere uscat\u0103, ulei de somon 3%, ficat de pui hidrolizat, drojdie de bere, spanac uscat 0,5%, manan-oligozaharide (150 mgoligozaharide\/kg), fructo-oligozaharide mg\/kg), Yucca Mojave (80 mg\/kg), rozmarin uscat (11 mg\/kg), cui\u0219oare uscate (11 mg\/kg), citrice uscate (11 mg\/kg), turmeric uscat (11 mg\/kg) .<\/p>\n<p><strong>Componente analitice:<\/strong> protein\u0103 brut\u0103 37%, gr\u0103sime brut\u0103 14%, umiditate 3,9%, cenu\u0219\u0103 brut\u0103 7,8%, fibre brute 10%, calciu 0,7%, fosfor 0,5%, sodiu 1%, magneziu 11TP30.<\/p>\n<p><strong>Suplimente nutritive la 1 kg:<\/strong> vitamina A (3a672a) 20000 UI, vitamina D3 (3a671) 850 UI, vitamina E (3a700) 600 mg, vitamina C (3a312) 250 mg, taurin\u0103 (3a370) 2150 mg, biotin\u0103 (3a880) 1,3b60, zinc 140 mg, mangan (3b504) 50 mg, fier (3b106) 50 mg, cupru (3b406) 10 mg, iod (3b201) 3,5 mg, seleniu (3b810) 0,16 mg, L-metionin\u0103 (3c305) 400 mg. Omega-3: 0,20%, Omega-6: 2,24%.<\/p>\n<p><strong>Valoare energetica:<\/strong> 3780 kcal\/kg<\/p>\n<p><strong>Ghid de hr\u0103nire:<\/strong><\/p>\n<p>Hrana poate fi alimentat\u0103 uscat\u0103, umezit\u0103 cu ap\u0103 sau \u00een combina\u021bie cu hrana umed\u0103 Brit Premium. Introduce\u021bi treptat alimentul nou pe parcursul a 3-5 zile, amestec\u00e2nd cu alimentul anterior. Asigura\u021bi \u00eentotdeauna ap\u0103 proasp\u0103t\u0103.<\/p>\n<div id=\"simple-translate\" class=\"simple-translate-system-theme\">\n<div>\n<div class=\"simple-translate-button isShow\" style=\"background-image: url('moz-extension:\/\/d25417e8-a137-41aa-b867-c933dcaf4ddc\/icons\/512.png'); height: 22px; width: 22px; top: 66px; left: 669px;\"><\/div>\n<div class=\"simple-translate-panel\" style=\"width: 300px; height: 200px; top: 0px; left: 0px; font-size: 13px;\">\n<div class=\"simple-translate-result-wrapper\" style=\"overflow: hidden;\">\n<div class=\"simple-translate-move\" draggable=\"true\"><\/div>\n<div class=\"simple-translate-result-contents\">\n<p class=\"simple-translate-candidate\" dir=\"auto\">\n<\/div>\n<\/div>\n<\/div>\n<\/div>\n<\/div>","protected":false},"excerpt":{"rendered":"<p>Brit Premium By Nature Cat Sensitive Lamb 8kg este o hrana completa premium cu o formula hipoalergenica pentru pisici adulte cu digestie sensibila. Con\u021bine ingrediente naturale, inclusiv carne de miel \u0219i curcan deshidratate, plus prebiotice \u0219i antioxidan\u021bi naturali pentru o diet\u0103 zilnic\u0103 s\u0103n\u0103toas\u0103. Nu con\u021bine gr\u00e2u, soia sau porumb.<\/p>","protected":false},"featured_media":91566,"comment_status":"closed","ping_status":"closed","template":"","meta":[],"product_brand":[],"product_cat":[309,193,320],"product_tag":[638,202,325,352],"class_list":{"0":"post-84056","1":"product","2":"type-product","3":"status-publish","4":"has-post-thumbnail","6":"product_cat-catfood","7":"product_cat-cat","8":"product_cat-catdry","9":"product_tag-brit","10":"product_tag-koshka","11":"product_tag-suhoj-korm","12":"product_tag-yagnyonok","13":"pa_age-pet-vzroslyj","14":"pa_brand-brit-care","15":"pa_feed-class-premium","16":"pa_meat-ingredients-yagnyonok","17":"pa_packaging-meshok","18":"pa_pet-koshka","19":"pa_pet-feature-zdorovyj-pitomecz","20":"pa_type-feed-suhoj-korm","21":"pa_weight-8-kg","23":"first","24":"instock","25":"sale","26":"shipping-taxable","27":"product-type-simple"},"yoast_head":"<!-- This site is optimized with the Yoast SEO Premium plugin v23.7 (Yoast SEO v27.5) - https:\/\/yoast.com\/product\/yoast-seo-premium-wordpress\/ -->\n<title>Brit Premium By Nature Cat Sensitive Lamb \u0441\u0443\u0445\u043e\u0439 \u043a\u043e\u0440\u043c \u0434\u043b\u044f \u0432\u0437\u0440\u043e\u0441\u043b\u044b\u0445 \u043a\u043e\u0448\u0435\u043a \u0441 \u044f\u0433\u043d\u0435\u043d\u043a\u043e\u043c 8 \u043a\u0433<\/title>\n<meta name=\"description\" content=\"\u041a\u0443\u043f\u0438\u0442\u044c Brit Premium By Nature Cat Sensitive Lamb \u0441\u0443\u0445\u043e\u0439 \u043a\u043e\u0440\u043c \u0434\u043b\u044f \u0432\u0437\u0440\u043e\u0441\u043b\u044b\u0445 \u043a\u043e\u0448\u0435\u043a \u0441 \u044f\u0433\u043d\u0435\u043d\u043a\u043e\u043c 8 \u043a\u0433 \u0441 \u0434\u043e\u0441\u0442\u0430\u0432\u043a\u043e\u0439 \u043f\u043e \u041a\u0438\u0448\u0438\u043d\u0435\u0432\u0443 \u0438 \u0432\u0441\u0435\u0439 \u041c\u043e\u043b\u0434\u043e\u0432\u0435 \u043d\u0430 Pet24\" \/>\n<meta name=\"robots\" content=\"index, follow, max-snippet:-1, max-image-preview:large, max-video-preview:-1\" \/>\n<link rel=\"canonical\" href=\"https:\/\/pet24.md\/ro\/produs\/suhoj-korm-dlya-koshek-brit-premium-by-nature-cat-sensitive-lamb-8kg\/\" \/>\n<meta property=\"og:locale\" content=\"ro_RO\" \/>\n<meta property=\"og:type\" content=\"article\" \/>\n<meta property=\"og:title\" content=\"Brit Premium By Nature Cat Sensitive Lamb \u0441\u0443\u0445\u043e\u0439 \u043a\u043e\u0440\u043c \u0434\u043b\u044f \u0432\u0437\u0440\u043e\u0441\u043b\u044b\u0445 \u043a\u043e\u0448\u0435\u043a \u0441 \u044f\u0433\u043d\u0435\u043d\u043a\u043e\u043c 8 \u043a\u0433\" \/>\n<meta property=\"og:description\" content=\"\u041a\u0443\u043f\u0438\u0442\u044c Brit Premium By Nature Cat Sensitive Lamb \u0441\u0443\u0445\u043e\u0439 \u043a\u043e\u0440\u043c \u0434\u043b\u044f \u0432\u0437\u0440\u043e\u0441\u043b\u044b\u0445 \u043a\u043e\u0448\u0435\u043a \u0441 \u044f\u0433\u043d\u0435\u043d\u043a\u043e\u043c 8 \u043a\u0433 \u0441 \u0434\u043e\u0441\u0442\u0430\u0432\u043a\u043e\u0439 \u043f\u043e \u041a\u0438\u0448\u0438\u043d\u0435\u0432\u0443 \u0438 \u0432\u0441\u0435\u0439 \u041c\u043e\u043b\u0434\u043e\u0432\u0435 \u043d\u0430 Pet24\" \/>\n<meta property=\"og:url\" content=\"https:\/\/pet24.md\/ro\/produs\/suhoj-korm-dlya-koshek-brit-premium-by-nature-cat-sensitive-lamb-8kg\/\" \/>\n<meta property=\"og:site_name\" content=\"Pet24\" \/>\n<meta property=\"article:publisher\" content=\"https:\/\/www.facebook.com\/pet24.md\" \/>\n<meta property=\"article:modified_time\" content=\"2025-02-09T14:16:56+00:00\" \/>\n<meta property=\"og:image\" content=\"https:\/\/pet24.md\/wp-content\/uploads\/2024\/07\/suhoj-korm-dlya-koshek-brit-premium-by-nature-cat-sensitive-lamb-8kg-1.png\" \/>\n\t<meta property=\"og:image:width\" content=\"600\" \/>\n\t<meta property=\"og:image:height\" content=\"600\" \/>\n\t<meta property=\"og:image:type\" content=\"image\/png\" \/>\n<meta name=\"twitter:card\" content=\"summary_large_image\" \/>\n<meta name=\"twitter:label1\" content=\"Timp estimat pentru citire\" \/>\n\t<meta name=\"twitter:data1\" content=\"2 minute\" \/>\n<script type=\"application\/ld+json\" class=\"yoast-schema-graph\">{\"@context\":\"https:\\\/\\\/schema.org\",\"@graph\":[{\"@type\":\"WebPage\",\"@id\":\"https:\\\/\\\/pet24.md\\\/product\\\/suhoj-korm-dlya-koshek-brit-premium-by-nature-cat-sensitive-lamb-8kg\\\/\",\"url\":\"https:\\\/\\\/pet24.md\\\/product\\\/suhoj-korm-dlya-koshek-brit-premium-by-nature-cat-sensitive-lamb-8kg\\\/\",\"name\":\"Brit Premium By Nature Cat Sensitive Lamb \u0441\u0443\u0445\u043e\u0439 \u043a\u043e\u0440\u043c \u0434\u043b\u044f \u0432\u0437\u0440\u043e\u0441\u043b\u044b\u0445 \u043a\u043e\u0448\u0435\u043a \u0441 \u044f\u0433\u043d\u0435\u043d\u043a\u043e\u043c 8 \u043a\u0433\",\"isPartOf\":{\"@id\":\"https:\\\/\\\/pet24.md\\\/#website\"},\"primaryImageOfPage\":{\"@id\":\"https:\\\/\\\/pet24.md\\\/product\\\/suhoj-korm-dlya-koshek-brit-premium-by-nature-cat-sensitive-lamb-8kg\\\/#primaryimage\"},\"image\":{\"@id\":\"https:\\\/\\\/pet24.md\\\/product\\\/suhoj-korm-dlya-koshek-brit-premium-by-nature-cat-sensitive-lamb-8kg\\\/#primaryimage\"},\"thumbnailUrl\":\"https:\\\/\\\/pet24.md\\\/wp-content\\\/uploads\\\/2024\\\/07\\\/suhoj-korm-dlya-koshek-brit-premium-by-nature-cat-sensitive-lamb-8kg-1.png\",\"datePublished\":\"2024-07-23T13:57:38+00:00\",\"dateModified\":\"2025-02-09T14:16:56+00:00\",\"description\":\"\u041a\u0443\u043f\u0438\u0442\u044c Brit Premium By Nature Cat Sensitive Lamb \u0441\u0443\u0445\u043e\u0439 \u043a\u043e\u0440\u043c \u0434\u043b\u044f \u0432\u0437\u0440\u043e\u0441\u043b\u044b\u0445 \u043a\u043e\u0448\u0435\u043a \u0441 \u044f\u0433\u043d\u0435\u043d\u043a\u043e\u043c 8 \u043a\u0433 \u0441 \u0434\u043e\u0441\u0442\u0430\u0432\u043a\u043e\u0439 \u043f\u043e \u041a\u0438\u0448\u0438\u043d\u0435\u0432\u0443 \u0438 \u0432\u0441\u0435\u0439 \u041c\u043e\u043b\u0434\u043e\u0432\u0435 \u043d\u0430 Pet24\",\"breadcrumb\":{\"@id\":\"https:\\\/\\\/pet24.md\\\/product\\\/suhoj-korm-dlya-koshek-brit-premium-by-nature-cat-sensitive-lamb-8kg\\\/#breadcrumb\"},\"inLanguage\":\"ro-RO\",\"potentialAction\":[{\"@type\":\"ReadAction\",\"target\":[\"https:\\\/\\\/pet24.md\\\/product\\\/suhoj-korm-dlya-koshek-brit-premium-by-nature-cat-sensitive-lamb-8kg\\\/\"]}]},{\"@type\":\"ImageObject\",\"inLanguage\":\"ro-RO\",\"@id\":\"https:\\\/\\\/pet24.md\\\/product\\\/suhoj-korm-dlya-koshek-brit-premium-by-nature-cat-sensitive-lamb-8kg\\\/#primaryimage\",\"url\":\"https:\\\/\\\/pet24.md\\\/wp-content\\\/uploads\\\/2024\\\/07\\\/suhoj-korm-dlya-koshek-brit-premium-by-nature-cat-sensitive-lamb-8kg-1.png\",\"contentUrl\":\"https:\\\/\\\/pet24.md\\\/wp-content\\\/uploads\\\/2024\\\/07\\\/suhoj-korm-dlya-koshek-brit-premium-by-nature-cat-sensitive-lamb-8kg-1.png\",\"width\":600,\"height\":600,\"caption\":\"Brit Premium By Nature Cat Sensitive Lamb 8kg\"},{\"@type\":\"BreadcrumbList\",\"@id\":\"https:\\\/\\\/pet24.md\\\/product\\\/suhoj-korm-dlya-koshek-brit-premium-by-nature-cat-sensitive-lamb-8kg\\\/#breadcrumb\",\"itemListElement\":[{\"@type\":\"ListItem\",\"position\":1,\"name\":\"\u0413\u043b\u0430\u0432\u043d\u0430\u044f \u0441\u0442\u0440\u0430\u043d\u0438\u0446\u0430\",\"item\":\"https:\\\/\\\/pet24.md\\\/\"},{\"@type\":\"ListItem\",\"position\":2,\"name\":\"\u041c\u0430\u0433\u0430\u0437\u0438\u043d\",\"item\":\"https:\\\/\\\/pet24.md\\\/shop\\\/\"},{\"@type\":\"ListItem\",\"position\":3,\"name\":\"Brit Premium By Nature Cat Sensitive Lamb \u0441\u0443\u0445\u043e\u0439 \u043a\u043e\u0440\u043c \u0434\u043b\u044f \u0432\u0437\u0440\u043e\u0441\u043b\u044b\u0445 \u043a\u043e\u0448\u0435\u043a \u0441 \u044f\u0433\u043d\u0435\u043d\u043a\u043e\u043c 8 \u043a\u0433\"}]},{\"@type\":\"WebSite\",\"@id\":\"https:\\\/\\\/pet24.md\\\/#website\",\"url\":\"https:\\\/\\\/pet24.md\\\/\",\"name\":\"Pet24\",\"description\":\"\u0417\u043e\u043e\u043c\u0430\u0433\u0430\u0437\u0438\u043d \u0442\u043e\u0432\u0430\u0440\u043e\u0432 \u0434\u043b\u044f \u0434\u043e\u043c\u0430\u0448\u043d\u0438\u0445 \u043f\u0438\u0442\u043e\u043c\u0446\u0435\u0432\",\"publisher\":{\"@id\":\"https:\\\/\\\/pet24.md\\\/#organization\"},\"potentialAction\":[{\"@type\":\"SearchAction\",\"target\":{\"@type\":\"EntryPoint\",\"urlTemplate\":\"https:\\\/\\\/pet24.md\\\/?s={search_term_string}\"},\"query-input\":{\"@type\":\"PropertyValueSpecification\",\"valueRequired\":true,\"valueName\":\"search_term_string\"}}],\"inLanguage\":\"ro-RO\"},{\"@type\":\"Organization\",\"@id\":\"https:\\\/\\\/pet24.md\\\/#organization\",\"name\":\"Pet24\",\"url\":\"https:\\\/\\\/pet24.md\\\/\",\"logo\":{\"@type\":\"ImageObject\",\"inLanguage\":\"ro-RO\",\"@id\":\"https:\\\/\\\/pet24.md\\\/#\\\/schema\\\/logo\\\/image\\\/\",\"url\":\"https:\\\/\\\/pet24.md\\\/wp-content\\\/uploads\\\/2024\\\/09\\\/logo.svg\",\"contentUrl\":\"https:\\\/\\\/pet24.md\\\/wp-content\\\/uploads\\\/2024\\\/09\\\/logo.svg\",\"width\":215,\"height\":66,\"caption\":\"Pet24\"},\"image\":{\"@id\":\"https:\\\/\\\/pet24.md\\\/#\\\/schema\\\/logo\\\/image\\\/\"},\"sameAs\":[\"https:\\\/\\\/www.facebook.com\\\/pet24.md\",\"https:\\\/\\\/www.instagram.com\\\/pet24.md\\\/\"],\"telephone\":\"+37360508880\"}]}<\/script>\n<!-- \/ Yoast SEO Premium plugin. -->","yoast_head_json":{"title":"Brit Premium By Nature Cat Sensitive Lamb \u0441\u0443\u0445\u043e\u0439 \u043a\u043e\u0440\u043c \u0434\u043b\u044f \u0432\u0437\u0440\u043e\u0441\u043b\u044b\u0445 \u043a\u043e\u0448\u0435\u043a \u0441 \u044f\u0433\u043d\u0435\u043d\u043a\u043e\u043c 8 \u043a\u0433","description":"\u041a\u0443\u043f\u0438\u0442\u044c Brit Premium By Nature Cat Sensitive Lamb \u0441\u0443\u0445\u043e\u0439 \u043a\u043e\u0440\u043c \u0434\u043b\u044f \u0432\u0437\u0440\u043e\u0441\u043b\u044b\u0445 \u043a\u043e\u0448\u0435\u043a \u0441 \u044f\u0433\u043d\u0435\u043d\u043a\u043e\u043c 8 \u043a\u0433 \u0441 \u0434\u043e\u0441\u0442\u0430\u0432\u043a\u043e\u0439 \u043f\u043e \u041a\u0438\u0448\u0438\u043d\u0435\u0432\u0443 \u0438 \u0432\u0441\u0435\u0439 \u041c\u043e\u043b\u0434\u043e\u0432\u0435 \u043d\u0430 Pet24","robots":{"index":"index","follow":"follow","max-snippet":"max-snippet:-1","max-image-preview":"max-image-preview:large","max-video-preview":"max-video-preview:-1"},"canonical":"https:\/\/pet24.md\/ro\/produs\/suhoj-korm-dlya-koshek-brit-premium-by-nature-cat-sensitive-lamb-8kg\/","og_locale":"ro_RO","og_type":"article","og_title":"Brit Premium By Nature Cat Sensitive Lamb \u0441\u0443\u0445\u043e\u0439 \u043a\u043e\u0440\u043c \u0434\u043b\u044f \u0432\u0437\u0440\u043e\u0441\u043b\u044b\u0445 \u043a\u043e\u0448\u0435\u043a \u0441 \u044f\u0433\u043d\u0435\u043d\u043a\u043e\u043c 8 \u043a\u0433","og_description":"\u041a\u0443\u043f\u0438\u0442\u044c Brit Premium By Nature Cat Sensitive Lamb \u0441\u0443\u0445\u043e\u0439 \u043a\u043e\u0440\u043c \u0434\u043b\u044f \u0432\u0437\u0440\u043e\u0441\u043b\u044b\u0445 \u043a\u043e\u0448\u0435\u043a \u0441 \u044f\u0433\u043d\u0435\u043d\u043a\u043e\u043c 8 \u043a\u0433 \u0441 \u0434\u043e\u0441\u0442\u0430\u0432\u043a\u043e\u0439 \u043f\u043e \u041a\u0438\u0448\u0438\u043d\u0435\u0432\u0443 \u0438 \u0432\u0441\u0435\u0439 \u041c\u043e\u043b\u0434\u043e\u0432\u0435 \u043d\u0430 Pet24","og_url":"https:\/\/pet24.md\/ro\/produs\/suhoj-korm-dlya-koshek-brit-premium-by-nature-cat-sensitive-lamb-8kg\/","og_site_name":"Pet24","article_publisher":"https:\/\/www.facebook.com\/pet24.md","article_modified_time":"2025-02-09T14:16:56+00:00","og_image":[{"width":600,"height":600,"url":"https:\/\/pet24.md\/wp-content\/uploads\/2024\/07\/suhoj-korm-dlya-koshek-brit-premium-by-nature-cat-sensitive-lamb-8kg-1.png","type":"image\/png"}],"twitter_card":"summary_large_image","twitter_misc":{"Timp estimat pentru citire":"2 minute"},"schema":{"@context":"https:\/\/schema.org","@graph":[{"@type":"WebPage","@id":"https:\/\/pet24.md\/product\/suhoj-korm-dlya-koshek-brit-premium-by-nature-cat-sensitive-lamb-8kg\/","url":"https:\/\/pet24.md\/product\/suhoj-korm-dlya-koshek-brit-premium-by-nature-cat-sensitive-lamb-8kg\/","name":"Brit Premium By Nature Cat Sensitive Lamb \u0441\u0443\u0445\u043e\u0439 \u043a\u043e\u0440\u043c \u0434\u043b\u044f \u0432\u0437\u0440\u043e\u0441\u043b\u044b\u0445 \u043a\u043e\u0448\u0435\u043a \u0441 \u044f\u0433\u043d\u0435\u043d\u043a\u043e\u043c 8 \u043a\u0433","isPartOf":{"@id":"https:\/\/pet24.md\/#website"},"primaryImageOfPage":{"@id":"https:\/\/pet24.md\/product\/suhoj-korm-dlya-koshek-brit-premium-by-nature-cat-sensitive-lamb-8kg\/#primaryimage"},"image":{"@id":"https:\/\/pet24.md\/product\/suhoj-korm-dlya-koshek-brit-premium-by-nature-cat-sensitive-lamb-8kg\/#primaryimage"},"thumbnailUrl":"https:\/\/pet24.md\/wp-content\/uploads\/2024\/07\/suhoj-korm-dlya-koshek-brit-premium-by-nature-cat-sensitive-lamb-8kg-1.png","datePublished":"2024-07-23T13:57:38+00:00","dateModified":"2025-02-09T14:16:56+00:00","description":"\u041a\u0443\u043f\u0438\u0442\u044c Brit Premium By Nature Cat Sensitive Lamb \u0441\u0443\u0445\u043e\u0439 \u043a\u043e\u0440\u043c \u0434\u043b\u044f \u0432\u0437\u0440\u043e\u0441\u043b\u044b\u0445 \u043a\u043e\u0448\u0435\u043a \u0441 \u044f\u0433\u043d\u0435\u043d\u043a\u043e\u043c 8 \u043a\u0433 \u0441 \u0434\u043e\u0441\u0442\u0430\u0432\u043a\u043e\u0439 \u043f\u043e \u041a\u0438\u0448\u0438\u043d\u0435\u0432\u0443 \u0438 \u0432\u0441\u0435\u0439 \u041c\u043e\u043b\u0434\u043e\u0432\u0435 \u043d\u0430 Pet24","breadcrumb":{"@id":"https:\/\/pet24.md\/product\/suhoj-korm-dlya-koshek-brit-premium-by-nature-cat-sensitive-lamb-8kg\/#breadcrumb"},"inLanguage":"ro-RO","potentialAction":[{"@type":"ReadAction","target":["https:\/\/pet24.md\/product\/suhoj-korm-dlya-koshek-brit-premium-by-nature-cat-sensitive-lamb-8kg\/"]}]},{"@type":"ImageObject","inLanguage":"ro-RO","@id":"https:\/\/pet24.md\/product\/suhoj-korm-dlya-koshek-brit-premium-by-nature-cat-sensitive-lamb-8kg\/#primaryimage","url":"https:\/\/pet24.md\/wp-content\/uploads\/2024\/07\/suhoj-korm-dlya-koshek-brit-premium-by-nature-cat-sensitive-lamb-8kg-1.png","contentUrl":"https:\/\/pet24.md\/wp-content\/uploads\/2024\/07\/suhoj-korm-dlya-koshek-brit-premium-by-nature-cat-sensitive-lamb-8kg-1.png","width":600,"height":600,"caption":"Brit Premium By Nature Cat Sensitive Lamb 8kg"},{"@type":"BreadcrumbList","@id":"https:\/\/pet24.md\/product\/suhoj-korm-dlya-koshek-brit-premium-by-nature-cat-sensitive-lamb-8kg\/#breadcrumb","itemListElement":[{"@type":"ListItem","position":1,"name":"\u0413\u043b\u0430\u0432\u043d\u0430\u044f \u0441\u0442\u0440\u0430\u043d\u0438\u0446\u0430","item":"https:\/\/pet24.md\/"},{"@type":"ListItem","position":2,"name":"\u041c\u0430\u0433\u0430\u0437\u0438\u043d","item":"https:\/\/pet24.md\/shop\/"},{"@type":"ListItem","position":3,"name":"Brit Premium By Nature Cat Sensitive Lamb \u0441\u0443\u0445\u043e\u0439 \u043a\u043e\u0440\u043c \u0434\u043b\u044f \u0432\u0437\u0440\u043e\u0441\u043b\u044b\u0445 \u043a\u043e\u0448\u0435\u043a \u0441 \u044f\u0433\u043d\u0435\u043d\u043a\u043e\u043c 8 \u043a\u0433"}]},{"@type":"WebSite","@id":"https:\/\/pet24.md\/#website","url":"https:\/\/pet24.md\/","name":"Pet24","description":"Magazin de animale de companie","publisher":{"@id":"https:\/\/pet24.md\/#organization"},"potentialAction":[{"@type":"SearchAction","target":{"@type":"EntryPoint","urlTemplate":"https:\/\/pet24.md\/?s={search_term_string}"},"query-input":{"@type":"PropertyValueSpecification","valueRequired":true,"valueName":"search_term_string"}}],"inLanguage":"ro-RO"},{"@type":"Organization","@id":"https:\/\/pet24.md\/#organization","name":"Pet24","url":"https:\/\/pet24.md\/","logo":{"@type":"ImageObject","inLanguage":"ro-RO","@id":"https:\/\/pet24.md\/#\/schema\/logo\/image\/","url":"https:\/\/pet24.md\/wp-content\/uploads\/2024\/09\/logo.svg","contentUrl":"https:\/\/pet24.md\/wp-content\/uploads\/2024\/09\/logo.svg","width":215,"height":66,"caption":"Pet24"},"image":{"@id":"https:\/\/pet24.md\/#\/schema\/logo\/image\/"},"sameAs":["https:\/\/www.facebook.com\/pet24.md","https:\/\/www.instagram.com\/pet24.md\/"],"telephone":"+37360508880"}]}},"_links":{"self":[{"href":"https:\/\/pet24.md\/ro\/wp-json\/wp\/v2\/product\/84056","targetHints":{"allow":["GET"]}}],"collection":[{"href":"https:\/\/pet24.md\/ro\/wp-json\/wp\/v2\/product"}],"about":[{"href":"https:\/\/pet24.md\/ro\/wp-json\/wp\/v2\/types\/product"}],"replies":[{"embeddable":true,"href":"https:\/\/pet24.md\/ro\/wp-json\/wp\/v2\/comments?post=84056"}],"wp:featuredmedia":[{"embeddable":true,"href":"https:\/\/pet24.md\/ro\/wp-json\/wp\/v2\/media\/91566"}],"wp:attachment":[{"href":"https:\/\/pet24.md\/ro\/wp-json\/wp\/v2\/media?parent=84056"}],"wp:term":[{"taxonomy":"product_brand","embeddable":true,"href":"https:\/\/pet24.md\/ro\/wp-json\/wp\/v2\/product_brand?post=84056"},{"taxonomy":"product_cat","embeddable":true,"href":"https:\/\/pet24.md\/ro\/wp-json\/wp\/v2\/product_cat?post=84056"},{"taxonomy":"product_tag","embeddable":true,"href":"https:\/\/pet24.md\/ro\/wp-json\/wp\/v2\/product_tag?post=84056"}],"curies":[{"name":"wp","href":"https:\/\/api.w.org\/{rel}","templated":true}]}}