{"id":84277,"date":"2024-07-25T19:08:01","date_gmt":"2024-07-25T19:08:01","guid":{"rendered":"https:\/\/pet24.md\/?post_type=product&#038;p=84277"},"modified":"2025-02-09T10:33:06","modified_gmt":"2025-02-09T10:33:06","slug":"brit-fresh-suhoj-korm-dlya-shhenkov-i-yuniorov-krupnyh-porod-so-govyadinoj-12-kg","status":"publish","type":"product","link":"https:\/\/pet24.md\/ro\/produs\/brit-fresh-suhoj-korm-dlya-shhenkov-i-yuniorov-krupnyh-porod-so-govyadinoj-12-kg\/","title":{"rendered":"Brit Hrana uscata proaspata pentru catei de rasa mare si juniori cu carne de vita 12 kg"},"content":{"rendered":"<h1 class=\"product_title entry-title\">\u041a\u043e\u0440\u043c Brit Fresh Growth &amp; Joints \u0434\u043b\u044f \u0449\u0435\u043d\u043a\u043e\u0432 \u0438 \u044e\u043d\u0438\u043e\u0440\u043e\u0432 \u043a\u0440\u0443\u043f\u043d\u044b\u0445 \u043f\u043e\u0440\u043e\u0434 \u0441\u043e\u0431\u0430\u043a \u0441 \u0433\u043e\u0432\u044f\u0434\u0438\u043d\u043e\u0439 \u0438 \u0442\u044b\u043a\u0432\u043e\u0439<\/h1>\n<p>Puii de rasa mare au nevoie de hrana speciala pentru o crestere sanatoasa si o viata plina. Greutatea corporal\u0103 mare pune un stres sporit asupra sistemului musculo-scheletic, motiv pentru care c\u00e2inii mari sufer\u0103 adesea de probleme articulare. Hrana BRIT FRESH pentru catei de rasa mare cu carne de vita si dovleac ofera cantitatea necesara de nutrienti (proteine, grasimi, carbohidrati, fibre, vitamine si minerale) in proportii echilibrate pentru buna functionare a organismului.<\/p>\n<p><strong>Compus<\/strong><\/p>\n<p>Carne de vit\u0103 proasp\u0103t\u0103 (40%), carne de vit\u0103 uscat\u0103 (25%), dovleac (10%), gr\u0103sime de pui (conserve cu tocoferoli amesteca\u021bi), ov\u0103z, hri\u0219c\u0103 (5%), mere, sfecl\u0103 integral\u0103, somon, drojdie de bere, semin\u021be de in, ficat de pui, alge marine, smog (0,2%), p\u0103trunjel, rozmarin (0,05%), cimbru, g\u0103lbenele, p\u0103p\u0103die, probiotice (Enterococcus faecium 1 x 10^9 CFU), glucozamin\u0103 1700 mg\/kg, sulfat de condroitin\u0103 1300 mg\/kg, fructo220 acaharide \/kg, \u03b2-glucani 200 mg\/kg, mananoligozaharide 180 mg\/kg, yucca 150 mg\/kg, midii cu buze verzi 100 mg\/kg.<\/p>\n<p><strong>Compozi\u021bia nutri\u021bional\u0103 la 1 kg<\/strong><\/p>\n<table>\n<thead>\n<tr>\n<th>Element nutritiv<\/th>\n<th>Cantitate<\/th>\n<\/tr>\n<\/thead>\n<tbody>\n<tr>\n<td>Vitamina A (3a672a)<\/td>\n<td>22.000 ME<\/td>\n<\/tr>\n<tr>\n<td>Vitamina D3 (E671)<\/td>\n<td>1.800 ME<\/td>\n<\/tr>\n<tr>\n<td>Vitamina E (3a700)<\/td>\n<td>600 mg<\/td>\n<\/tr>\n<tr>\n<td>Vitamina C (3a312)<\/td>\n<td>500 mg<\/td>\n<\/tr>\n<tr>\n<td>L-carnitin\u0103 (3a910)<\/td>\n<td>550 mg<\/td>\n<\/tr>\n<tr>\n<td>Clorura de colina (3a890)<\/td>\n<td>750 mg<\/td>\n<\/tr>\n<tr>\n<td>Biotin\u0103 (3a880)<\/td>\n<td>0,9 mg<\/td>\n<\/tr>\n<tr>\n<td>Vitamina B1 (3a821)<\/td>\n<td>7 mg<\/td>\n<\/tr>\n<tr>\n<td>Vitamina B2<\/td>\n<td>9 mg<\/td>\n<\/tr>\n<tr>\n<td>Niacinamid\u0103 (3a315)<\/td>\n<td>42 mg<\/td>\n<\/tr>\n<tr>\n<td>D-pantotenat de calciu (3a841)<\/td>\n<td>22 mg<\/td>\n<\/tr>\n<tr>\n<td>Vitamina B6 (3a831)<\/td>\n<td>8 mg<\/td>\n<\/tr>\n<tr>\n<td>Acid folic (3a316)<\/td>\n<td>1 mg<\/td>\n<\/tr>\n<tr>\n<td>Vitamina B12<\/td>\n<td>0,06 mg<\/td>\n<\/tr>\n<tr>\n<td>Chelat hidrat de aminoacizi de zinc (3b606)<\/td>\n<td>120 mg<\/td>\n<\/tr>\n<tr>\n<td>Chelat hidrat de aminoacizi de fier (E1)<\/td>\n<td>95 mg<\/td>\n<\/tr>\n<tr>\n<td>Mangan Aminoacid Hidrat Chelat (E5)<\/td>\n<td>50 mg<\/td>\n<\/tr>\n<tr>\n<td>Iodur\u0103 de potasiu (3b201)<\/td>\n<td>0,9 mg<\/td>\n<\/tr>\n<tr>\n<td>Chelat de aminoacid hidrat de cupru (E4)<\/td>\n<td>20 mg<\/td>\n<\/tr>\n<tr>\n<td>Forma organic\u0103 a seleniului (3b8.10)<\/td>\n<td>0,2 mg<\/td>\n<\/tr>\n<tr>\n<td>L-metionin\u0103 (3c305)<\/td>\n<td>180 mg<\/td>\n<\/tr>\n<\/tbody>\n<\/table>\n<p>Antioxidan\u021bi naturali: extracte de tocoferol din uleiuri vegetale (1b306), palmitat de ascorbil (1b304), extract de rozmarin.<\/p>\n<p><strong>Valoarea energetic\u0103<\/strong><\/p>\n<ul>\n<li>4050 kcal\/kg<\/li>\n<\/ul>\n<p><strong>Recomand\u0103ri de hr\u0103nire<\/strong><\/p>\n<p>Alimentele trebuie s\u0103 fie uscate sau u\u0219or umezite cu ap\u0103 la temperatura camerei. Cantitatea zilnic\u0103 recomandat\u0103 de hran\u0103 indicat\u0103 \u00een tabelul de hr\u0103nire trebuie \u00eemp\u0103r\u021bit\u0103 \u00een 2-3 por\u021bii egale \u0219i administrat\u0103 pe parcursul zilei. Dac\u0103 da\u021bi m\u00e2ncare pentru prima dat\u0103, amesteca\u021bi o cantitate mic\u0103 cu m\u00e2ncarea obi\u0219nuit\u0103 \u0219i cre\u0219te\u021bi treptat cantitatea de hran\u0103 nou\u0103 pe parcursul a 7 zile. C\u00e2inele trebuie s\u0103 aib\u0103 \u00eentotdeauna acces la ap\u0103 potabil\u0103.<\/p>\n<p><strong>Rate de hr\u0103nire:<\/strong><\/p>\n<table>\n<thead>\n<tr>\n<th>Greutatea unui c\u00e2ine adult, kg<\/th>\n<th>2-4 luni, g\/zi<\/th>\n<th>4-6 luni, g\/zi<\/th>\n<th>6-12 luni, g\/zi<\/th>\n<th>12-18 luni, g\/zi<\/th>\n<th>18-24 luni, g\/zi<\/th>\n<th>24+ luni, g\/zi<\/th>\n<\/tr>\n<\/thead>\n<tbody>\n<tr>\n<td>30<\/td>\n<td>250<\/td>\n<td>290<\/td>\n<td>300<\/td>\n<td>290<\/td>\n<td>280<\/td>\n<td>Adult mare<\/td>\n<\/tr>\n<tr>\n<td>40<\/td>\n<td>270<\/td>\n<td>360<\/td>\n<td>370<\/td>\n<td>360<\/td>\n<td>350<\/td>\n<td>Adult mare<\/td>\n<\/tr>\n<tr>\n<td>50<\/td>\n<td>390<\/td>\n<td>400<\/td>\n<td>440<\/td>\n<td>430<\/td>\n<td>420<\/td>\n<td>Adult mare<\/td>\n<\/tr>\n<tr>\n<td>60<\/td>\n<td>330<\/td>\n<td>500<\/td>\n<td>500<\/td>\n<td>490<\/td>\n<td>490<\/td>\n<td>Adult mare<\/td>\n<\/tr>\n<tr>\n<td>70<\/td>\n<td>340<\/td>\n<td>540<\/td>\n<td>570<\/td>\n<td>570<\/td>\n<td>560<\/td>\n<td>Adult mare<\/td>\n<\/tr>\n<tr>\n<td>80<\/td>\n<td>400<\/td>\n<td>600<\/td>\n<td>630<\/td>\n<td>630<\/td>\n<td>610<\/td>\n<td>Adult mare<\/td>\n<\/tr>\n<tr>\n<td>90<\/td>\n<td>400<\/td>\n<td>660<\/td>\n<td>680<\/td>\n<td>680<\/td>\n<td>670<\/td>\n<td>Adult mare<\/td>\n<\/tr>\n<\/tbody>\n<\/table>\n<hr \/>\n<p>Aceast\u0103 hran\u0103 ofer\u0103 animalului t\u0103u o nutri\u021bie echilibrat\u0103 pentru a-l men\u021bine s\u0103n\u0103tos, activ \u0219i \u00een dezvoltare optim\u0103.<\/p>","protected":false},"excerpt":{"rendered":"<div class=\"flex flex-grow flex-col max-w-full\">\n<div class=\"min-h-[20px] text-message flex w-full flex-col items-end gap-2 whitespace-pre-wrap break-words [.text-message+&amp;]:mt-5 overflow-x-auto\" dir=\"auto\" data-message-author-role=\"assistant\" data-message-id=\"900b2057-c769-48bf-bf7d-e0a942f596db\">\n<div class=\"flex w-full flex-col gap-1 empty:hidden first:pt-[3px]\">\n<div class=\"markdown prose w-full break-words dark:prose-invert dark\">\n<p>\u041f\u043e\u043b\u043d\u043e\u0440\u0430\u0446\u0438\u043e\u043d\u043d\u044b\u0439 \u043a\u043e\u0440\u043c BRIT FRESH \u0434\u043b\u044f \u0449\u0435\u043d\u043a\u043e\u0432 \u043a\u0440\u0443\u043f\u043d\u044b\u0445 \u043f\u043e\u0440\u043e\u0434 \u0441 \u0433\u043e\u0432\u044f\u0434\u0438\u043d\u043e\u0439 \u0438 \u0442\u044b\u043a\u0432\u043e\u0439. \u0421\u043e\u0434\u0435\u0440\u0436\u0438\u0442 40% \u0441\u0432\u0435\u0436\u0435\u0439 \u0438 25% \u0441\u0443\u0448\u0435\u043d\u043e\u0439 \u0433\u043e\u0432\u044f\u0434\u0438\u043d\u044b, \u043f\u043e\u0434\u0434\u0435\u0440\u0436\u0438\u0432\u0430\u0435\u0442 \u0437\u0434\u043e\u0440\u043e\u0432\u044c\u0435 \u0441\u0443\u0441\u0442\u0430\u0432\u043e\u0432 \u0438 \u043f\u0440\u0430\u0432\u0438\u043b\u044c\u043d\u044b\u0439 \u0440\u043e\u0441\u0442 \u0431\u043b\u0430\u0433\u043e\u0434\u0430\u0440\u044f \u0433\u043b\u044e\u043a\u043e\u0437\u0430\u043c\u0438\u043d\u0443 \u0438 \u0445\u043e\u043d\u0434\u0440\u043e\u0438\u0442\u0438\u043d\u0443. \u041e\u0431\u043e\u0433\u0430\u0449\u0435\u043d \u0432\u0438\u0442\u0430\u043c\u0438\u043d\u0430\u043c\u0438 \u0438 \u043c\u0438\u043d\u0435\u0440\u0430\u043b\u0430\u043c\u0438 \u0434\u043b\u044f \u043e\u043f\u0442\u0438\u043c\u0430\u043b\u044c\u043d\u043e\u0433\u043e \u0440\u0430\u0437\u0432\u0438\u0442\u0438\u044f \u0438 \u043e\u0442\u043b\u0438\u0447\u043d\u043e\u0433\u043e \u0441\u043e\u0441\u0442\u043e\u044f\u043d\u0438\u044f \u043a\u043e\u0436\u0438 \u0438 \u0448\u0435\u0440\u0441\u0442\u0438.<\/p>\n<\/div>\n<\/div>\n<\/div>\n<\/div>\n","protected":false},"featured_media":91362,"comment_status":"open","ping_status":"closed","template":"","meta":[],"product_brand":[],"product_cat":[136,293,337],"product_tag":[638,376,325,225],"class_list":{"0":"post-84277","1":"product","2":"type-product","3":"status-publish","4":"has-post-thumbnail","6":"product_cat-dog","7":"product_cat-dogfood","8":"product_cat-dogdry","9":"product_tag-brit","10":"product_tag-govyadina","11":"product_tag-suhoj-korm","12":"product_tag-shhenok","13":"pa_age-pet-shhenok","14":"pa_brand-brit-care","15":"pa_breed-size-dlya-krupnyh-porod","16":"pa_feed-class-premium","17":"pa_meat-ingredients-govyadina","18":"pa_packaging-meshok","19":"pa_pet-sobaka","20":"pa_pet-feature-zdorovyj-pitomecz","21":"pa_plant-ingredient-grechka","22":"pa_plant-ingredient-tykva","23":"pa_type-feed-suhoj-korm","24":"pa_weight-12-kg","26":"first","27":"instock","28":"sale","29":"shipping-taxable","30":"product-type-simple"},"yoast_head":"<!-- This site is optimized with the Yoast SEO Premium plugin v23.7 (Yoast SEO v27.5) - https:\/\/yoast.com\/product\/yoast-seo-premium-wordpress\/ -->\n<title>Brit Fresh \u0441\u0443\u0445\u043e\u0439 \u043a\u043e\u0440\u043c \u0434\u043b\u044f \u0449\u0435\u043d\u043a\u043e\u0432 \u0438 \u044e\u043d\u0438\u043e\u0440\u043e\u0432 \u043a\u0440\u0443\u043f\u043d\u044b\u0445 \u043f\u043e\u0440\u043e\u0434 \u0441\u043e \u0433\u043e\u0432\u044f\u0434\u0438\u043d\u043e\u0439 12 \u043a\u0433<\/title>\n<meta name=\"description\" content=\"\u041a\u0443\u043f\u0438\u0442\u044c Brit Fresh \u0441\u0443\u0445\u043e\u0439 \u043a\u043e\u0440\u043c \u0434\u043b\u044f \u0449\u0435\u043d\u043a\u043e\u0432 \u0438 \u044e\u043d\u0438\u043e\u0440\u043e\u0432 \u043a\u0440\u0443\u043f\u043d\u044b\u0445 \u043f\u043e\u0440\u043e\u0434 \u0441\u043e \u0433\u043e\u0432\u044f\u0434\u0438\u043d\u043e\u0439 12 \u043a\u0433 \u0441 \u0434\u043e\u0441\u0442\u0430\u0432\u043a\u043e\u0439 \u043f\u043e \u041a\u0438\u0448\u0438\u043d\u0435\u0432\u0443 \u0438 \u0432\u0441\u0435\u0439 \u041c\u043e\u043b\u0434\u043e\u0432\u0435 \u043d\u0430 Pet24\" \/>\n<meta name=\"robots\" content=\"index, follow, max-snippet:-1, max-image-preview:large, max-video-preview:-1\" \/>\n<link rel=\"canonical\" href=\"https:\/\/pet24.md\/ro\/produs\/brit-fresh-suhoj-korm-dlya-shhenkov-i-yuniorov-krupnyh-porod-so-govyadinoj-12-kg\/\" \/>\n<meta property=\"og:locale\" content=\"ro_RO\" \/>\n<meta property=\"og:type\" content=\"article\" \/>\n<meta property=\"og:title\" content=\"Brit Fresh \u0441\u0443\u0445\u043e\u0439 \u043a\u043e\u0440\u043c \u0434\u043b\u044f \u0449\u0435\u043d\u043a\u043e\u0432 \u0438 \u044e\u043d\u0438\u043e\u0440\u043e\u0432 \u043a\u0440\u0443\u043f\u043d\u044b\u0445 \u043f\u043e\u0440\u043e\u0434 \u0441\u043e \u0433\u043e\u0432\u044f\u0434\u0438\u043d\u043e\u0439 12 \u043a\u0433\" \/>\n<meta property=\"og:description\" content=\"\u041a\u0443\u043f\u0438\u0442\u044c Brit Fresh \u0441\u0443\u0445\u043e\u0439 \u043a\u043e\u0440\u043c \u0434\u043b\u044f \u0449\u0435\u043d\u043a\u043e\u0432 \u0438 \u044e\u043d\u0438\u043e\u0440\u043e\u0432 \u043a\u0440\u0443\u043f\u043d\u044b\u0445 \u043f\u043e\u0440\u043e\u0434 \u0441\u043e \u0433\u043e\u0432\u044f\u0434\u0438\u043d\u043e\u0439 12 \u043a\u0433 \u0441 \u0434\u043e\u0441\u0442\u0430\u0432\u043a\u043e\u0439 \u043f\u043e \u041a\u0438\u0448\u0438\u043d\u0435\u0432\u0443 \u0438 \u0432\u0441\u0435\u0439 \u041c\u043e\u043b\u0434\u043e\u0432\u0435 \u043d\u0430 Pet24\" \/>\n<meta property=\"og:url\" content=\"https:\/\/pet24.md\/ro\/produs\/brit-fresh-suhoj-korm-dlya-shhenkov-i-yuniorov-krupnyh-porod-so-govyadinoj-12-kg\/\" \/>\n<meta property=\"og:site_name\" content=\"Pet24\" \/>\n<meta property=\"article:publisher\" content=\"https:\/\/www.facebook.com\/pet24.md\" \/>\n<meta property=\"article:modified_time\" content=\"2025-02-09T10:33:06+00:00\" \/>\n<meta property=\"og:image\" content=\"https:\/\/pet24.md\/wp-content\/uploads\/2024\/07\/brit-fresh-suhoj-korm-dlya-shhenkov-i-yuniorov-krupnyh-porod-so-govyadinoj.png\" \/>\n\t<meta property=\"og:image:width\" content=\"600\" \/>\n\t<meta property=\"og:image:height\" content=\"600\" \/>\n\t<meta property=\"og:image:type\" content=\"image\/png\" \/>\n<meta name=\"twitter:card\" content=\"summary_large_image\" \/>\n<meta name=\"twitter:label1\" content=\"Timp estimat pentru citire\" \/>\n\t<meta name=\"twitter:data1\" content=\"3 minute\" \/>\n<script type=\"application\/ld+json\" class=\"yoast-schema-graph\">{\"@context\":\"https:\\\/\\\/schema.org\",\"@graph\":[{\"@type\":\"WebPage\",\"@id\":\"https:\\\/\\\/pet24.md\\\/product\\\/brit-fresh-suhoj-korm-dlya-shhenkov-i-yuniorov-krupnyh-porod-so-govyadinoj-12-kg\\\/\",\"url\":\"https:\\\/\\\/pet24.md\\\/product\\\/brit-fresh-suhoj-korm-dlya-shhenkov-i-yuniorov-krupnyh-porod-so-govyadinoj-12-kg\\\/\",\"name\":\"Brit Fresh \u0441\u0443\u0445\u043e\u0439 \u043a\u043e\u0440\u043c \u0434\u043b\u044f \u0449\u0435\u043d\u043a\u043e\u0432 \u0438 \u044e\u043d\u0438\u043e\u0440\u043e\u0432 \u043a\u0440\u0443\u043f\u043d\u044b\u0445 \u043f\u043e\u0440\u043e\u0434 \u0441\u043e \u0433\u043e\u0432\u044f\u0434\u0438\u043d\u043e\u0439 12 \u043a\u0433\",\"isPartOf\":{\"@id\":\"https:\\\/\\\/pet24.md\\\/#website\"},\"primaryImageOfPage\":{\"@id\":\"https:\\\/\\\/pet24.md\\\/product\\\/brit-fresh-suhoj-korm-dlya-shhenkov-i-yuniorov-krupnyh-porod-so-govyadinoj-12-kg\\\/#primaryimage\"},\"image\":{\"@id\":\"https:\\\/\\\/pet24.md\\\/product\\\/brit-fresh-suhoj-korm-dlya-shhenkov-i-yuniorov-krupnyh-porod-so-govyadinoj-12-kg\\\/#primaryimage\"},\"thumbnailUrl\":\"https:\\\/\\\/pet24.md\\\/wp-content\\\/uploads\\\/2024\\\/07\\\/brit-fresh-suhoj-korm-dlya-shhenkov-i-yuniorov-krupnyh-porod-so-govyadinoj.png\",\"datePublished\":\"2024-07-25T19:08:01+00:00\",\"dateModified\":\"2025-02-09T10:33:06+00:00\",\"description\":\"\u041a\u0443\u043f\u0438\u0442\u044c Brit Fresh \u0441\u0443\u0445\u043e\u0439 \u043a\u043e\u0440\u043c \u0434\u043b\u044f \u0449\u0435\u043d\u043a\u043e\u0432 \u0438 \u044e\u043d\u0438\u043e\u0440\u043e\u0432 \u043a\u0440\u0443\u043f\u043d\u044b\u0445 \u043f\u043e\u0440\u043e\u0434 \u0441\u043e \u0433\u043e\u0432\u044f\u0434\u0438\u043d\u043e\u0439 12 \u043a\u0433 \u0441 \u0434\u043e\u0441\u0442\u0430\u0432\u043a\u043e\u0439 \u043f\u043e \u041a\u0438\u0448\u0438\u043d\u0435\u0432\u0443 \u0438 \u0432\u0441\u0435\u0439 \u041c\u043e\u043b\u0434\u043e\u0432\u0435 \u043d\u0430 Pet24\",\"breadcrumb\":{\"@id\":\"https:\\\/\\\/pet24.md\\\/product\\\/brit-fresh-suhoj-korm-dlya-shhenkov-i-yuniorov-krupnyh-porod-so-govyadinoj-12-kg\\\/#breadcrumb\"},\"inLanguage\":\"ro-RO\",\"potentialAction\":[{\"@type\":\"ReadAction\",\"target\":[\"https:\\\/\\\/pet24.md\\\/product\\\/brit-fresh-suhoj-korm-dlya-shhenkov-i-yuniorov-krupnyh-porod-so-govyadinoj-12-kg\\\/\"]}]},{\"@type\":\"ImageObject\",\"inLanguage\":\"ro-RO\",\"@id\":\"https:\\\/\\\/pet24.md\\\/product\\\/brit-fresh-suhoj-korm-dlya-shhenkov-i-yuniorov-krupnyh-porod-so-govyadinoj-12-kg\\\/#primaryimage\",\"url\":\"https:\\\/\\\/pet24.md\\\/wp-content\\\/uploads\\\/2024\\\/07\\\/brit-fresh-suhoj-korm-dlya-shhenkov-i-yuniorov-krupnyh-porod-so-govyadinoj.png\",\"contentUrl\":\"https:\\\/\\\/pet24.md\\\/wp-content\\\/uploads\\\/2024\\\/07\\\/brit-fresh-suhoj-korm-dlya-shhenkov-i-yuniorov-krupnyh-porod-so-govyadinoj.png\",\"width\":600,\"height\":600,\"caption\":\"\u041a\u043e\u0440\u043c Brit Fresh Growth & Joints \u0434\u043b\u044f \u0449\u0435\u043d\u043a\u043e\u0432 \u0438 \u044e\u043d\u0438\u043e\u0440\u043e\u0432 \u043a\u0440\u0443\u043f\u043d\u044b\u0445 \u043f\u043e\u0440\u043e\u0434 \u0441\u043e\u0431\u0430\u043a \u0441 \u0433\u043e\u0432\u044f\u0434\u0438\u043d\u043e\u0439 \u0438 \u0442\u044b\u043a\u0432\u043e\u0439\"},{\"@type\":\"BreadcrumbList\",\"@id\":\"https:\\\/\\\/pet24.md\\\/product\\\/brit-fresh-suhoj-korm-dlya-shhenkov-i-yuniorov-krupnyh-porod-so-govyadinoj-12-kg\\\/#breadcrumb\",\"itemListElement\":[{\"@type\":\"ListItem\",\"position\":1,\"name\":\"\u0413\u043b\u0430\u0432\u043d\u0430\u044f \u0441\u0442\u0440\u0430\u043d\u0438\u0446\u0430\",\"item\":\"https:\\\/\\\/pet24.md\\\/\"},{\"@type\":\"ListItem\",\"position\":2,\"name\":\"\u041c\u0430\u0433\u0430\u0437\u0438\u043d\",\"item\":\"https:\\\/\\\/pet24.md\\\/shop\\\/\"},{\"@type\":\"ListItem\",\"position\":3,\"name\":\"Brit Fresh \u0441\u0443\u0445\u043e\u0439 \u043a\u043e\u0440\u043c \u0434\u043b\u044f \u0449\u0435\u043d\u043a\u043e\u0432 \u0438 \u044e\u043d\u0438\u043e\u0440\u043e\u0432 \u043a\u0440\u0443\u043f\u043d\u044b\u0445 \u043f\u043e\u0440\u043e\u0434 \u0441\u043e \u0433\u043e\u0432\u044f\u0434\u0438\u043d\u043e\u0439 12 \u043a\u0433\"}]},{\"@type\":\"WebSite\",\"@id\":\"https:\\\/\\\/pet24.md\\\/#website\",\"url\":\"https:\\\/\\\/pet24.md\\\/\",\"name\":\"Pet24\",\"description\":\"\u0417\u043e\u043e\u043c\u0430\u0433\u0430\u0437\u0438\u043d \u0442\u043e\u0432\u0430\u0440\u043e\u0432 \u0434\u043b\u044f \u0434\u043e\u043c\u0430\u0448\u043d\u0438\u0445 \u043f\u0438\u0442\u043e\u043c\u0446\u0435\u0432\",\"publisher\":{\"@id\":\"https:\\\/\\\/pet24.md\\\/#organization\"},\"potentialAction\":[{\"@type\":\"SearchAction\",\"target\":{\"@type\":\"EntryPoint\",\"urlTemplate\":\"https:\\\/\\\/pet24.md\\\/?s={search_term_string}\"},\"query-input\":{\"@type\":\"PropertyValueSpecification\",\"valueRequired\":true,\"valueName\":\"search_term_string\"}}],\"inLanguage\":\"ro-RO\"},{\"@type\":\"Organization\",\"@id\":\"https:\\\/\\\/pet24.md\\\/#organization\",\"name\":\"Pet24\",\"url\":\"https:\\\/\\\/pet24.md\\\/\",\"logo\":{\"@type\":\"ImageObject\",\"inLanguage\":\"ro-RO\",\"@id\":\"https:\\\/\\\/pet24.md\\\/#\\\/schema\\\/logo\\\/image\\\/\",\"url\":\"https:\\\/\\\/pet24.md\\\/wp-content\\\/uploads\\\/2024\\\/09\\\/logo.svg\",\"contentUrl\":\"https:\\\/\\\/pet24.md\\\/wp-content\\\/uploads\\\/2024\\\/09\\\/logo.svg\",\"width\":215,\"height\":66,\"caption\":\"Pet24\"},\"image\":{\"@id\":\"https:\\\/\\\/pet24.md\\\/#\\\/schema\\\/logo\\\/image\\\/\"},\"sameAs\":[\"https:\\\/\\\/www.facebook.com\\\/pet24.md\",\"https:\\\/\\\/www.instagram.com\\\/pet24.md\\\/\"],\"telephone\":\"+37360508880\"}]}<\/script>\n<!-- \/ Yoast SEO Premium plugin. -->","yoast_head_json":{"title":"Brit Hrana uscata proaspata pentru catei de rasa mare si juniori cu carne de vita 12 kg","description":"\u041a\u0443\u043f\u0438\u0442\u044c Brit Fresh \u0441\u0443\u0445\u043e\u0439 \u043a\u043e\u0440\u043c \u0434\u043b\u044f \u0449\u0435\u043d\u043a\u043e\u0432 \u0438 \u044e\u043d\u0438\u043e\u0440\u043e\u0432 \u043a\u0440\u0443\u043f\u043d\u044b\u0445 \u043f\u043e\u0440\u043e\u0434 \u0441\u043e \u0433\u043e\u0432\u044f\u0434\u0438\u043d\u043e\u0439 12 \u043a\u0433 \u0441 \u0434\u043e\u0441\u0442\u0430\u0432\u043a\u043e\u0439 \u043f\u043e \u041a\u0438\u0448\u0438\u043d\u0435\u0432\u0443 \u0438 \u0432\u0441\u0435\u0439 \u041c\u043e\u043b\u0434\u043e\u0432\u0435 \u043d\u0430 Pet24","robots":{"index":"index","follow":"follow","max-snippet":"max-snippet:-1","max-image-preview":"max-image-preview:large","max-video-preview":"max-video-preview:-1"},"canonical":"https:\/\/pet24.md\/ro\/produs\/brit-fresh-suhoj-korm-dlya-shhenkov-i-yuniorov-krupnyh-porod-so-govyadinoj-12-kg\/","og_locale":"ro_RO","og_type":"article","og_title":"Brit Fresh \u0441\u0443\u0445\u043e\u0439 \u043a\u043e\u0440\u043c \u0434\u043b\u044f \u0449\u0435\u043d\u043a\u043e\u0432 \u0438 \u044e\u043d\u0438\u043e\u0440\u043e\u0432 \u043a\u0440\u0443\u043f\u043d\u044b\u0445 \u043f\u043e\u0440\u043e\u0434 \u0441\u043e \u0433\u043e\u0432\u044f\u0434\u0438\u043d\u043e\u0439 12 \u043a\u0433","og_description":"\u041a\u0443\u043f\u0438\u0442\u044c Brit Fresh \u0441\u0443\u0445\u043e\u0439 \u043a\u043e\u0440\u043c \u0434\u043b\u044f \u0449\u0435\u043d\u043a\u043e\u0432 \u0438 \u044e\u043d\u0438\u043e\u0440\u043e\u0432 \u043a\u0440\u0443\u043f\u043d\u044b\u0445 \u043f\u043e\u0440\u043e\u0434 \u0441\u043e \u0433\u043e\u0432\u044f\u0434\u0438\u043d\u043e\u0439 12 \u043a\u0433 \u0441 \u0434\u043e\u0441\u0442\u0430\u0432\u043a\u043e\u0439 \u043f\u043e \u041a\u0438\u0448\u0438\u043d\u0435\u0432\u0443 \u0438 \u0432\u0441\u0435\u0439 \u041c\u043e\u043b\u0434\u043e\u0432\u0435 \u043d\u0430 Pet24","og_url":"https:\/\/pet24.md\/ro\/produs\/brit-fresh-suhoj-korm-dlya-shhenkov-i-yuniorov-krupnyh-porod-so-govyadinoj-12-kg\/","og_site_name":"Pet24","article_publisher":"https:\/\/www.facebook.com\/pet24.md","article_modified_time":"2025-02-09T10:33:06+00:00","og_image":[{"width":600,"height":600,"url":"https:\/\/pet24.md\/wp-content\/uploads\/2024\/07\/brit-fresh-suhoj-korm-dlya-shhenkov-i-yuniorov-krupnyh-porod-so-govyadinoj.png","type":"image\/png"}],"twitter_card":"summary_large_image","twitter_misc":{"Timp estimat pentru citire":"3 minute"},"schema":{"@context":"https:\/\/schema.org","@graph":[{"@type":"WebPage","@id":"https:\/\/pet24.md\/product\/brit-fresh-suhoj-korm-dlya-shhenkov-i-yuniorov-krupnyh-porod-so-govyadinoj-12-kg\/","url":"https:\/\/pet24.md\/product\/brit-fresh-suhoj-korm-dlya-shhenkov-i-yuniorov-krupnyh-porod-so-govyadinoj-12-kg\/","name":"Brit Hrana uscata proaspata pentru catei de rasa mare si juniori cu carne de vita 12 kg","isPartOf":{"@id":"https:\/\/pet24.md\/#website"},"primaryImageOfPage":{"@id":"https:\/\/pet24.md\/product\/brit-fresh-suhoj-korm-dlya-shhenkov-i-yuniorov-krupnyh-porod-so-govyadinoj-12-kg\/#primaryimage"},"image":{"@id":"https:\/\/pet24.md\/product\/brit-fresh-suhoj-korm-dlya-shhenkov-i-yuniorov-krupnyh-porod-so-govyadinoj-12-kg\/#primaryimage"},"thumbnailUrl":"https:\/\/pet24.md\/wp-content\/uploads\/2024\/07\/brit-fresh-suhoj-korm-dlya-shhenkov-i-yuniorov-krupnyh-porod-so-govyadinoj.png","datePublished":"2024-07-25T19:08:01+00:00","dateModified":"2025-02-09T10:33:06+00:00","description":"\u041a\u0443\u043f\u0438\u0442\u044c Brit Fresh \u0441\u0443\u0445\u043e\u0439 \u043a\u043e\u0440\u043c \u0434\u043b\u044f \u0449\u0435\u043d\u043a\u043e\u0432 \u0438 \u044e\u043d\u0438\u043e\u0440\u043e\u0432 \u043a\u0440\u0443\u043f\u043d\u044b\u0445 \u043f\u043e\u0440\u043e\u0434 \u0441\u043e \u0433\u043e\u0432\u044f\u0434\u0438\u043d\u043e\u0439 12 \u043a\u0433 \u0441 \u0434\u043e\u0441\u0442\u0430\u0432\u043a\u043e\u0439 \u043f\u043e \u041a\u0438\u0448\u0438\u043d\u0435\u0432\u0443 \u0438 \u0432\u0441\u0435\u0439 \u041c\u043e\u043b\u0434\u043e\u0432\u0435 \u043d\u0430 Pet24","breadcrumb":{"@id":"https:\/\/pet24.md\/product\/brit-fresh-suhoj-korm-dlya-shhenkov-i-yuniorov-krupnyh-porod-so-govyadinoj-12-kg\/#breadcrumb"},"inLanguage":"ro-RO","potentialAction":[{"@type":"ReadAction","target":["https:\/\/pet24.md\/product\/brit-fresh-suhoj-korm-dlya-shhenkov-i-yuniorov-krupnyh-porod-so-govyadinoj-12-kg\/"]}]},{"@type":"ImageObject","inLanguage":"ro-RO","@id":"https:\/\/pet24.md\/product\/brit-fresh-suhoj-korm-dlya-shhenkov-i-yuniorov-krupnyh-porod-so-govyadinoj-12-kg\/#primaryimage","url":"https:\/\/pet24.md\/wp-content\/uploads\/2024\/07\/brit-fresh-suhoj-korm-dlya-shhenkov-i-yuniorov-krupnyh-porod-so-govyadinoj.png","contentUrl":"https:\/\/pet24.md\/wp-content\/uploads\/2024\/07\/brit-fresh-suhoj-korm-dlya-shhenkov-i-yuniorov-krupnyh-porod-so-govyadinoj.png","width":600,"height":600,"caption":"\u041a\u043e\u0440\u043c Brit Fresh Growth & Joints \u0434\u043b\u044f \u0449\u0435\u043d\u043a\u043e\u0432 \u0438 \u044e\u043d\u0438\u043e\u0440\u043e\u0432 \u043a\u0440\u0443\u043f\u043d\u044b\u0445 \u043f\u043e\u0440\u043e\u0434 \u0441\u043e\u0431\u0430\u043a \u0441 \u0433\u043e\u0432\u044f\u0434\u0438\u043d\u043e\u0439 \u0438 \u0442\u044b\u043a\u0432\u043e\u0439"},{"@type":"BreadcrumbList","@id":"https:\/\/pet24.md\/product\/brit-fresh-suhoj-korm-dlya-shhenkov-i-yuniorov-krupnyh-porod-so-govyadinoj-12-kg\/#breadcrumb","itemListElement":[{"@type":"ListItem","position":1,"name":"\u0413\u043b\u0430\u0432\u043d\u0430\u044f \u0441\u0442\u0440\u0430\u043d\u0438\u0446\u0430","item":"https:\/\/pet24.md\/"},{"@type":"ListItem","position":2,"name":"\u041c\u0430\u0433\u0430\u0437\u0438\u043d","item":"https:\/\/pet24.md\/shop\/"},{"@type":"ListItem","position":3,"name":"Brit Fresh \u0441\u0443\u0445\u043e\u0439 \u043a\u043e\u0440\u043c \u0434\u043b\u044f \u0449\u0435\u043d\u043a\u043e\u0432 \u0438 \u044e\u043d\u0438\u043e\u0440\u043e\u0432 \u043a\u0440\u0443\u043f\u043d\u044b\u0445 \u043f\u043e\u0440\u043e\u0434 \u0441\u043e \u0433\u043e\u0432\u044f\u0434\u0438\u043d\u043e\u0439 12 \u043a\u0433"}]},{"@type":"WebSite","@id":"https:\/\/pet24.md\/#website","url":"https:\/\/pet24.md\/","name":"Pet24","description":"Magazin de animale de companie","publisher":{"@id":"https:\/\/pet24.md\/#organization"},"potentialAction":[{"@type":"SearchAction","target":{"@type":"EntryPoint","urlTemplate":"https:\/\/pet24.md\/?s={search_term_string}"},"query-input":{"@type":"PropertyValueSpecification","valueRequired":true,"valueName":"search_term_string"}}],"inLanguage":"ro-RO"},{"@type":"Organization","@id":"https:\/\/pet24.md\/#organization","name":"Pet24","url":"https:\/\/pet24.md\/","logo":{"@type":"ImageObject","inLanguage":"ro-RO","@id":"https:\/\/pet24.md\/#\/schema\/logo\/image\/","url":"https:\/\/pet24.md\/wp-content\/uploads\/2024\/09\/logo.svg","contentUrl":"https:\/\/pet24.md\/wp-content\/uploads\/2024\/09\/logo.svg","width":215,"height":66,"caption":"Pet24"},"image":{"@id":"https:\/\/pet24.md\/#\/schema\/logo\/image\/"},"sameAs":["https:\/\/www.facebook.com\/pet24.md","https:\/\/www.instagram.com\/pet24.md\/"],"telephone":"+37360508880"}]}},"_links":{"self":[{"href":"https:\/\/pet24.md\/ro\/wp-json\/wp\/v2\/product\/84277","targetHints":{"allow":["GET"]}}],"collection":[{"href":"https:\/\/pet24.md\/ro\/wp-json\/wp\/v2\/product"}],"about":[{"href":"https:\/\/pet24.md\/ro\/wp-json\/wp\/v2\/types\/product"}],"replies":[{"embeddable":true,"href":"https:\/\/pet24.md\/ro\/wp-json\/wp\/v2\/comments?post=84277"}],"wp:featuredmedia":[{"embeddable":true,"href":"https:\/\/pet24.md\/ro\/wp-json\/wp\/v2\/media\/91362"}],"wp:attachment":[{"href":"https:\/\/pet24.md\/ro\/wp-json\/wp\/v2\/media?parent=84277"}],"wp:term":[{"taxonomy":"product_brand","embeddable":true,"href":"https:\/\/pet24.md\/ro\/wp-json\/wp\/v2\/product_brand?post=84277"},{"taxonomy":"product_cat","embeddable":true,"href":"https:\/\/pet24.md\/ro\/wp-json\/wp\/v2\/product_cat?post=84277"},{"taxonomy":"product_tag","embeddable":true,"href":"https:\/\/pet24.md\/ro\/wp-json\/wp\/v2\/product_tag?post=84277"}],"curies":[{"name":"wp","href":"https:\/\/api.w.org\/{rel}","templated":true}]}}