{"id":84340,"date":"2024-07-26T09:49:59","date_gmt":"2024-07-26T09:49:59","guid":{"rendered":"https:\/\/pet24.md\/?post_type=product&#038;p=84340"},"modified":"2025-02-09T09:11:59","modified_gmt":"2025-02-09T09:11:59","slug":"brit-care-cat-polnoraczionnyj-vlazhnyj-korm-dlya-kotyat-s-lososem-i-morkovyu-85-g","status":"publish","type":"product","link":"https:\/\/pet24.md\/ro\/produs\/brit-care-cat-polnoraczionnyj-vlazhnyj-korm-dlya-kotyat-s-lososem-i-morkovyu-85-g\/","title":{"rendered":"Brit Care Cat hrana umeda completa pentru pisoi cu somon si morcovi 85 g"},"content":{"rendered":"<p>File \u00een jeleu cu somon picant \u00eembog\u0103\u021bit cu morcovi \u0219i rozmarin. Hrana umeda completa super premium pentru pisoi. Plicule\u021be frumoase pentru a ad\u0103uga varietate \u00een dieta pisicii tale, ideale pentru pisici preten\u021bioase sau pisici cu probleme alimentare. Se adaug\u0103 morcovi \u0219i rozmarin pentru a \u00eembun\u0103t\u0103\u021bi digestia.<\/p>\n<p><strong>Avantaje<\/strong><\/p>\n<ul>\n<li><strong>Formula fara cereale<\/strong><\/li>\n<li><strong>85% file de carne<\/strong><\/li>\n<li><strong>Atractivitatea gustului<\/strong><\/li>\n<li><strong>Morcovi \u0219i rozmarin pentru o digestie s\u0103n\u0103toas\u0103<\/strong><\/li>\n<li><strong>F\u0102R\u0102 OMG-uri, soia sau zah\u0103r ad\u0103ugat<\/strong><\/li>\n<\/ul>\n<p><strong>Compus<\/strong><\/p>\n<ul>\n<li>85% file de carne (62% pui, 15% ficat, 8% somon)<\/li>\n<li>Bouillon<\/li>\n<li>3% morcov<\/li>\n<li>0,5% rozmarin<\/li>\n<li>Minerale<\/li>\n<li>Amidon de maz\u0103re<\/li>\n<\/ul>\n<p><strong>Ingrediente analitice<\/strong><\/p>\n<ul>\n<li>Protein\u0103 brut\u0103: 9,0%<\/li>\n<li>Gr\u0103sime brut\u0103: 4,5%<\/li>\n<li>Fibr\u0103 brut\u0103: 0,5%<\/li>\n<li>Cenu\u0219\u0103 brut\u0103: 2,0%<\/li>\n<li>Umiditate: 82.0%<\/li>\n<li>Calciu: 0,25%<\/li>\n<li>Fosfor: 0,2%<\/li>\n<li>Sodiu: 0,3%<\/li>\n<\/ul>\n<p><strong>Compozi\u021bia nutri\u021bional\u0103<\/strong><\/p>\n<table>\n<thead>\n<tr>\n<th>Element nutritiv<\/th>\n<th>Cantitate<\/th>\n<\/tr>\n<\/thead>\n<tbody>\n<tr>\n<td>Vitamina D3 (E671)<\/td>\n<td>280 ME<\/td>\n<\/tr>\n<tr>\n<td>Vitamina E (3a700)<\/td>\n<td>160 mg<\/td>\n<\/tr>\n<tr>\n<td>Biotin\u0103 (3a880)<\/td>\n<td>0,8 mg<\/td>\n<\/tr>\n<tr>\n<td>Zinc (3b606)<\/td>\n<td>15 mg<\/td>\n<\/tr>\n<tr>\n<td>Mangan (3b502)<\/td>\n<td>4 mg<\/td>\n<\/tr>\n<tr>\n<td>Fier de c\u0103lcat (3b103)<\/td>\n<td>12 mg<\/td>\n<\/tr>\n<tr>\n<td>Cupru (3b405)<\/td>\n<td>0,5 mg<\/td>\n<\/tr>\n<tr>\n<td>Iod (3b201)<\/td>\n<td>0,8 mg<\/td>\n<\/tr>\n<tr>\n<td>Taurin\u0103 (3a370)<\/td>\n<td>600 mg<\/td>\n<\/tr>\n<\/tbody>\n<\/table>\n<p>Con\u021bine antioxidan\u021bi naturali: extracte de tocoferol din ulei vegetal (1b306), palmitat de ascorbil (1b304), extract de rozmarin.<\/p>\n<p><strong>Valoarea energetic\u0103<\/strong><\/p>\n<ul>\n<li>Energie metabolic\u0103: 840 kcal\/kg<\/li>\n<\/ul>\n<hr \/>\n<p>Acest aliment ofer\u0103 pisoiului t\u0103u nutrien\u021bi esen\u021biali pentru a-i sus\u021bine s\u0103n\u0103tatea \u0219i bun\u0103starea.<\/p>","protected":false},"excerpt":{"rendered":"<p>Hrana umeda completa super premium pentru pisoi cu file de somon, morcovi si rozmarin. Con\u021bine file de carne 85%, formul\u0103 f\u0103r\u0103 cereale, ideal\u0103 pentru pisici preten\u021bioase \u0219i pisici cu probleme alimentare. \u00cembog\u0103\u021bit cu morcovi \u0219i rozmarin pentru a \u00eembun\u0103t\u0103\u021bi digestia \u0219i f\u0103r\u0103 OMG, soia sau zah\u0103r ad\u0103ugat.<\/p>","protected":false},"featured_media":91548,"comment_status":"open","ping_status":"closed","template":"","meta":[],"product_brand":[],"product_cat":[310,309,193],"product_tag":[638,296,202,345],"class_list":{"0":"post-84340","1":"product","2":"type-product","3":"status-publish","4":"has-post-thumbnail","6":"product_cat-catwet","7":"product_cat-catfood","8":"product_cat-cat","9":"product_tag-brit","10":"product_tag-vlazhnyj-korm","11":"product_tag-koshka","12":"product_tag-losos","13":"pa_age-pet-kotyonok","14":"pa_brand-brit-care","15":"pa_feed-class-super-premium","16":"pa_meat-ingredients-losos","17":"pa_packaging-pauchi","18":"pa_pet-koshka","19":"pa_pet-feature-zdorovyj-pitomecz","20":"pa_plant-ingredient-morkov","21":"pa_type-feed-vlazhnyj-korm","22":"pa_weight-85-gr","24":"first","25":"instock","26":"sale","27":"shipping-taxable","28":"product-type-simple"},"yoast_head":"<!-- This site is optimized with the Yoast SEO Premium plugin v23.7 (Yoast SEO v27.5) - https:\/\/yoast.com\/product\/yoast-seo-premium-wordpress\/ -->\n<title>Brit Care Cat \u043f\u043e\u043b\u043d\u043e\u0440\u0430\u0446\u0438\u043e\u043d\u043d\u044b\u0439 \u0432\u043b\u0430\u0436\u043d\u044b\u0439 \u043a\u043e\u0440\u043c \u0434\u043b\u044f \u043a\u043e\u0442\u044f\u0442 \u0441 \u043b\u043e\u0441\u043e\u0441\u0435\u043c \u0438 \u043c\u043e\u0440\u043a\u043e\u0432\u044c\u044e 85 \u0433<\/title>\n<meta name=\"description\" content=\"\u041a\u0443\u043f\u0438\u0442\u044c Brit Care Cat \u043f\u043e\u043b\u043d\u043e\u0440\u0430\u0446\u0438\u043e\u043d\u043d\u044b\u0439 \u0432\u043b\u0430\u0436\u043d\u044b\u0439 \u043a\u043e\u0440\u043c \u0434\u043b\u044f \u043a\u043e\u0442\u044f\u0442 \u0441 \u043b\u043e\u0441\u043e\u0441\u0435\u043c \u0438 \u043c\u043e\u0440\u043a\u043e\u0432\u044c\u044e 85 \u0433 \u0441 \u0434\u043e\u0441\u0442\u0430\u0432\u043a\u043e\u0439 \u043f\u043e \u041a\u0438\u0448\u0438\u043d\u0435\u0432\u0443 \u0438 \u0432\u0441\u0435\u0439 \u041c\u043e\u043b\u0434\u043e\u0432\u0435 \u043d\u0430 Pet24\" \/>\n<meta name=\"robots\" content=\"index, follow, max-snippet:-1, max-image-preview:large, max-video-preview:-1\" \/>\n<link rel=\"canonical\" href=\"https:\/\/pet24.md\/ro\/produs\/brit-care-cat-polnoraczionnyj-vlazhnyj-korm-dlya-kotyat-s-lososem-i-morkovyu-85-g\/\" \/>\n<meta property=\"og:locale\" content=\"ro_RO\" \/>\n<meta property=\"og:type\" content=\"article\" \/>\n<meta property=\"og:title\" content=\"Brit Care Cat \u043f\u043e\u043b\u043d\u043e\u0440\u0430\u0446\u0438\u043e\u043d\u043d\u044b\u0439 \u0432\u043b\u0430\u0436\u043d\u044b\u0439 \u043a\u043e\u0440\u043c \u0434\u043b\u044f \u043a\u043e\u0442\u044f\u0442 \u0441 \u043b\u043e\u0441\u043e\u0441\u0435\u043c \u0438 \u043c\u043e\u0440\u043a\u043e\u0432\u044c\u044e 85 \u0433\" \/>\n<meta property=\"og:description\" content=\"\u041a\u0443\u043f\u0438\u0442\u044c Brit Care Cat \u043f\u043e\u043b\u043d\u043e\u0440\u0430\u0446\u0438\u043e\u043d\u043d\u044b\u0439 \u0432\u043b\u0430\u0436\u043d\u044b\u0439 \u043a\u043e\u0440\u043c \u0434\u043b\u044f \u043a\u043e\u0442\u044f\u0442 \u0441 \u043b\u043e\u0441\u043e\u0441\u0435\u043c \u0438 \u043c\u043e\u0440\u043a\u043e\u0432\u044c\u044e 85 \u0433 \u0441 \u0434\u043e\u0441\u0442\u0430\u0432\u043a\u043e\u0439 \u043f\u043e \u041a\u0438\u0448\u0438\u043d\u0435\u0432\u0443 \u0438 \u0432\u0441\u0435\u0439 \u041c\u043e\u043b\u0434\u043e\u0432\u0435 \u043d\u0430 Pet24\" \/>\n<meta property=\"og:url\" content=\"https:\/\/pet24.md\/ro\/produs\/brit-care-cat-polnoraczionnyj-vlazhnyj-korm-dlya-kotyat-s-lososem-i-morkovyu-85-g\/\" \/>\n<meta property=\"og:site_name\" content=\"Pet24\" \/>\n<meta property=\"article:publisher\" content=\"https:\/\/www.facebook.com\/pet24.md\" \/>\n<meta property=\"article:modified_time\" content=\"2025-02-09T09:11:59+00:00\" \/>\n<meta property=\"og:image\" content=\"https:\/\/pet24.md\/wp-content\/uploads\/2024\/07\/brit-care-cat-polnoraczionnyj-vlazhnyj-korm-dlya-kotyat-s-lososem-i-morkovyu-85-g.png\" \/>\n\t<meta property=\"og:image:width\" content=\"600\" \/>\n\t<meta property=\"og:image:height\" content=\"600\" \/>\n\t<meta property=\"og:image:type\" content=\"image\/png\" \/>\n<meta name=\"twitter:card\" content=\"summary_large_image\" \/>\n<meta name=\"twitter:label1\" content=\"Timp estimat pentru citire\" \/>\n\t<meta name=\"twitter:data1\" content=\"2 minute\" \/>\n<script type=\"application\/ld+json\" class=\"yoast-schema-graph\">{\"@context\":\"https:\\\/\\\/schema.org\",\"@graph\":[{\"@type\":\"WebPage\",\"@id\":\"https:\\\/\\\/pet24.md\\\/product\\\/brit-care-cat-polnoraczionnyj-vlazhnyj-korm-dlya-kotyat-s-lososem-i-morkovyu-85-g\\\/\",\"url\":\"https:\\\/\\\/pet24.md\\\/product\\\/brit-care-cat-polnoraczionnyj-vlazhnyj-korm-dlya-kotyat-s-lososem-i-morkovyu-85-g\\\/\",\"name\":\"Brit Care Cat \u043f\u043e\u043b\u043d\u043e\u0440\u0430\u0446\u0438\u043e\u043d\u043d\u044b\u0439 \u0432\u043b\u0430\u0436\u043d\u044b\u0439 \u043a\u043e\u0440\u043c \u0434\u043b\u044f \u043a\u043e\u0442\u044f\u0442 \u0441 \u043b\u043e\u0441\u043e\u0441\u0435\u043c \u0438 \u043c\u043e\u0440\u043a\u043e\u0432\u044c\u044e 85 \u0433\",\"isPartOf\":{\"@id\":\"https:\\\/\\\/pet24.md\\\/#website\"},\"primaryImageOfPage\":{\"@id\":\"https:\\\/\\\/pet24.md\\\/product\\\/brit-care-cat-polnoraczionnyj-vlazhnyj-korm-dlya-kotyat-s-lososem-i-morkovyu-85-g\\\/#primaryimage\"},\"image\":{\"@id\":\"https:\\\/\\\/pet24.md\\\/product\\\/brit-care-cat-polnoraczionnyj-vlazhnyj-korm-dlya-kotyat-s-lososem-i-morkovyu-85-g\\\/#primaryimage\"},\"thumbnailUrl\":\"https:\\\/\\\/pet24.md\\\/wp-content\\\/uploads\\\/2024\\\/07\\\/brit-care-cat-polnoraczionnyj-vlazhnyj-korm-dlya-kotyat-s-lososem-i-morkovyu-85-g.png\",\"datePublished\":\"2024-07-26T09:49:59+00:00\",\"dateModified\":\"2025-02-09T09:11:59+00:00\",\"description\":\"\u041a\u0443\u043f\u0438\u0442\u044c Brit Care Cat \u043f\u043e\u043b\u043d\u043e\u0440\u0430\u0446\u0438\u043e\u043d\u043d\u044b\u0439 \u0432\u043b\u0430\u0436\u043d\u044b\u0439 \u043a\u043e\u0440\u043c \u0434\u043b\u044f \u043a\u043e\u0442\u044f\u0442 \u0441 \u043b\u043e\u0441\u043e\u0441\u0435\u043c \u0438 \u043c\u043e\u0440\u043a\u043e\u0432\u044c\u044e 85 \u0433 \u0441 \u0434\u043e\u0441\u0442\u0430\u0432\u043a\u043e\u0439 \u043f\u043e \u041a\u0438\u0448\u0438\u043d\u0435\u0432\u0443 \u0438 \u0432\u0441\u0435\u0439 \u041c\u043e\u043b\u0434\u043e\u0432\u0435 \u043d\u0430 Pet24\",\"breadcrumb\":{\"@id\":\"https:\\\/\\\/pet24.md\\\/product\\\/brit-care-cat-polnoraczionnyj-vlazhnyj-korm-dlya-kotyat-s-lososem-i-morkovyu-85-g\\\/#breadcrumb\"},\"inLanguage\":\"ro-RO\",\"potentialAction\":[{\"@type\":\"ReadAction\",\"target\":[\"https:\\\/\\\/pet24.md\\\/product\\\/brit-care-cat-polnoraczionnyj-vlazhnyj-korm-dlya-kotyat-s-lososem-i-morkovyu-85-g\\\/\"]}]},{\"@type\":\"ImageObject\",\"inLanguage\":\"ro-RO\",\"@id\":\"https:\\\/\\\/pet24.md\\\/product\\\/brit-care-cat-polnoraczionnyj-vlazhnyj-korm-dlya-kotyat-s-lososem-i-morkovyu-85-g\\\/#primaryimage\",\"url\":\"https:\\\/\\\/pet24.md\\\/wp-content\\\/uploads\\\/2024\\\/07\\\/brit-care-cat-polnoraczionnyj-vlazhnyj-korm-dlya-kotyat-s-lososem-i-morkovyu-85-g.png\",\"contentUrl\":\"https:\\\/\\\/pet24.md\\\/wp-content\\\/uploads\\\/2024\\\/07\\\/brit-care-cat-polnoraczionnyj-vlazhnyj-korm-dlya-kotyat-s-lososem-i-morkovyu-85-g.png\",\"width\":600,\"height\":600,\"caption\":\"Brit Care Cat \u043f\u043e\u043b\u043d\u043e\u0440\u0430\u0446\u0438\u043e\u043d\u043d\u044b\u0439 \u0432\u043b\u0430\u0436\u043d\u044b\u0439 \u043a\u043e\u0440\u043c \u0434\u043b\u044f \u043a\u043e\u0442\u044f\u0442 \u0441 \u043b\u043e\u0441\u043e\u0441\u0435\u043c \u0438 \u043c\u043e\u0440\u043a\u043e\u0432\u044c\u044e 85 \u0433\"},{\"@type\":\"BreadcrumbList\",\"@id\":\"https:\\\/\\\/pet24.md\\\/product\\\/brit-care-cat-polnoraczionnyj-vlazhnyj-korm-dlya-kotyat-s-lososem-i-morkovyu-85-g\\\/#breadcrumb\",\"itemListElement\":[{\"@type\":\"ListItem\",\"position\":1,\"name\":\"\u0413\u043b\u0430\u0432\u043d\u0430\u044f \u0441\u0442\u0440\u0430\u043d\u0438\u0446\u0430\",\"item\":\"https:\\\/\\\/pet24.md\\\/\"},{\"@type\":\"ListItem\",\"position\":2,\"name\":\"\u041c\u0430\u0433\u0430\u0437\u0438\u043d\",\"item\":\"https:\\\/\\\/pet24.md\\\/shop\\\/\"},{\"@type\":\"ListItem\",\"position\":3,\"name\":\"Brit Care Cat \u043f\u043e\u043b\u043d\u043e\u0440\u0430\u0446\u0438\u043e\u043d\u043d\u044b\u0439 \u0432\u043b\u0430\u0436\u043d\u044b\u0439 \u043a\u043e\u0440\u043c \u0434\u043b\u044f \u043a\u043e\u0442\u044f\u0442 \u0441 \u043b\u043e\u0441\u043e\u0441\u0435\u043c \u0438 \u043c\u043e\u0440\u043a\u043e\u0432\u044c\u044e 85 \u0433\"}]},{\"@type\":\"WebSite\",\"@id\":\"https:\\\/\\\/pet24.md\\\/#website\",\"url\":\"https:\\\/\\\/pet24.md\\\/\",\"name\":\"Pet24\",\"description\":\"\u0417\u043e\u043e\u043c\u0430\u0433\u0430\u0437\u0438\u043d \u0442\u043e\u0432\u0430\u0440\u043e\u0432 \u0434\u043b\u044f \u0434\u043e\u043c\u0430\u0448\u043d\u0438\u0445 \u043f\u0438\u0442\u043e\u043c\u0446\u0435\u0432\",\"publisher\":{\"@id\":\"https:\\\/\\\/pet24.md\\\/#organization\"},\"potentialAction\":[{\"@type\":\"SearchAction\",\"target\":{\"@type\":\"EntryPoint\",\"urlTemplate\":\"https:\\\/\\\/pet24.md\\\/?s={search_term_string}\"},\"query-input\":{\"@type\":\"PropertyValueSpecification\",\"valueRequired\":true,\"valueName\":\"search_term_string\"}}],\"inLanguage\":\"ro-RO\"},{\"@type\":\"Organization\",\"@id\":\"https:\\\/\\\/pet24.md\\\/#organization\",\"name\":\"Pet24\",\"url\":\"https:\\\/\\\/pet24.md\\\/\",\"logo\":{\"@type\":\"ImageObject\",\"inLanguage\":\"ro-RO\",\"@id\":\"https:\\\/\\\/pet24.md\\\/#\\\/schema\\\/logo\\\/image\\\/\",\"url\":\"https:\\\/\\\/pet24.md\\\/wp-content\\\/uploads\\\/2024\\\/09\\\/logo.svg\",\"contentUrl\":\"https:\\\/\\\/pet24.md\\\/wp-content\\\/uploads\\\/2024\\\/09\\\/logo.svg\",\"width\":215,\"height\":66,\"caption\":\"Pet24\"},\"image\":{\"@id\":\"https:\\\/\\\/pet24.md\\\/#\\\/schema\\\/logo\\\/image\\\/\"},\"sameAs\":[\"https:\\\/\\\/www.facebook.com\\\/pet24.md\",\"https:\\\/\\\/www.instagram.com\\\/pet24.md\\\/\"],\"telephone\":\"+37360508880\"}]}<\/script>\n<!-- \/ Yoast SEO Premium plugin. -->","yoast_head_json":{"title":"Brit Care Cat hrana umeda completa pentru pisoi cu somon si morcovi 85 g","description":"\u041a\u0443\u043f\u0438\u0442\u044c Brit Care Cat \u043f\u043e\u043b\u043d\u043e\u0440\u0430\u0446\u0438\u043e\u043d\u043d\u044b\u0439 \u0432\u043b\u0430\u0436\u043d\u044b\u0439 \u043a\u043e\u0440\u043c \u0434\u043b\u044f \u043a\u043e\u0442\u044f\u0442 \u0441 \u043b\u043e\u0441\u043e\u0441\u0435\u043c \u0438 \u043c\u043e\u0440\u043a\u043e\u0432\u044c\u044e 85 \u0433 \u0441 \u0434\u043e\u0441\u0442\u0430\u0432\u043a\u043e\u0439 \u043f\u043e \u041a\u0438\u0448\u0438\u043d\u0435\u0432\u0443 \u0438 \u0432\u0441\u0435\u0439 \u041c\u043e\u043b\u0434\u043e\u0432\u0435 \u043d\u0430 Pet24","robots":{"index":"index","follow":"follow","max-snippet":"max-snippet:-1","max-image-preview":"max-image-preview:large","max-video-preview":"max-video-preview:-1"},"canonical":"https:\/\/pet24.md\/ro\/produs\/brit-care-cat-polnoraczionnyj-vlazhnyj-korm-dlya-kotyat-s-lososem-i-morkovyu-85-g\/","og_locale":"ro_RO","og_type":"article","og_title":"Brit Care Cat \u043f\u043e\u043b\u043d\u043e\u0440\u0430\u0446\u0438\u043e\u043d\u043d\u044b\u0439 \u0432\u043b\u0430\u0436\u043d\u044b\u0439 \u043a\u043e\u0440\u043c \u0434\u043b\u044f \u043a\u043e\u0442\u044f\u0442 \u0441 \u043b\u043e\u0441\u043e\u0441\u0435\u043c \u0438 \u043c\u043e\u0440\u043a\u043e\u0432\u044c\u044e 85 \u0433","og_description":"\u041a\u0443\u043f\u0438\u0442\u044c Brit Care Cat \u043f\u043e\u043b\u043d\u043e\u0440\u0430\u0446\u0438\u043e\u043d\u043d\u044b\u0439 \u0432\u043b\u0430\u0436\u043d\u044b\u0439 \u043a\u043e\u0440\u043c \u0434\u043b\u044f \u043a\u043e\u0442\u044f\u0442 \u0441 \u043b\u043e\u0441\u043e\u0441\u0435\u043c \u0438 \u043c\u043e\u0440\u043a\u043e\u0432\u044c\u044e 85 \u0433 \u0441 \u0434\u043e\u0441\u0442\u0430\u0432\u043a\u043e\u0439 \u043f\u043e \u041a\u0438\u0448\u0438\u043d\u0435\u0432\u0443 \u0438 \u0432\u0441\u0435\u0439 \u041c\u043e\u043b\u0434\u043e\u0432\u0435 \u043d\u0430 Pet24","og_url":"https:\/\/pet24.md\/ro\/produs\/brit-care-cat-polnoraczionnyj-vlazhnyj-korm-dlya-kotyat-s-lososem-i-morkovyu-85-g\/","og_site_name":"Pet24","article_publisher":"https:\/\/www.facebook.com\/pet24.md","article_modified_time":"2025-02-09T09:11:59+00:00","og_image":[{"width":600,"height":600,"url":"https:\/\/pet24.md\/wp-content\/uploads\/2024\/07\/brit-care-cat-polnoraczionnyj-vlazhnyj-korm-dlya-kotyat-s-lososem-i-morkovyu-85-g.png","type":"image\/png"}],"twitter_card":"summary_large_image","twitter_misc":{"Timp estimat pentru citire":"2 minute"},"schema":{"@context":"https:\/\/schema.org","@graph":[{"@type":"WebPage","@id":"https:\/\/pet24.md\/product\/brit-care-cat-polnoraczionnyj-vlazhnyj-korm-dlya-kotyat-s-lososem-i-morkovyu-85-g\/","url":"https:\/\/pet24.md\/product\/brit-care-cat-polnoraczionnyj-vlazhnyj-korm-dlya-kotyat-s-lososem-i-morkovyu-85-g\/","name":"Brit Care Cat hrana umeda completa pentru pisoi cu somon si morcovi 85 g","isPartOf":{"@id":"https:\/\/pet24.md\/#website"},"primaryImageOfPage":{"@id":"https:\/\/pet24.md\/product\/brit-care-cat-polnoraczionnyj-vlazhnyj-korm-dlya-kotyat-s-lososem-i-morkovyu-85-g\/#primaryimage"},"image":{"@id":"https:\/\/pet24.md\/product\/brit-care-cat-polnoraczionnyj-vlazhnyj-korm-dlya-kotyat-s-lososem-i-morkovyu-85-g\/#primaryimage"},"thumbnailUrl":"https:\/\/pet24.md\/wp-content\/uploads\/2024\/07\/brit-care-cat-polnoraczionnyj-vlazhnyj-korm-dlya-kotyat-s-lososem-i-morkovyu-85-g.png","datePublished":"2024-07-26T09:49:59+00:00","dateModified":"2025-02-09T09:11:59+00:00","description":"\u041a\u0443\u043f\u0438\u0442\u044c Brit Care Cat \u043f\u043e\u043b\u043d\u043e\u0440\u0430\u0446\u0438\u043e\u043d\u043d\u044b\u0439 \u0432\u043b\u0430\u0436\u043d\u044b\u0439 \u043a\u043e\u0440\u043c \u0434\u043b\u044f \u043a\u043e\u0442\u044f\u0442 \u0441 \u043b\u043e\u0441\u043e\u0441\u0435\u043c \u0438 \u043c\u043e\u0440\u043a\u043e\u0432\u044c\u044e 85 \u0433 \u0441 \u0434\u043e\u0441\u0442\u0430\u0432\u043a\u043e\u0439 \u043f\u043e \u041a\u0438\u0448\u0438\u043d\u0435\u0432\u0443 \u0438 \u0432\u0441\u0435\u0439 \u041c\u043e\u043b\u0434\u043e\u0432\u0435 \u043d\u0430 Pet24","breadcrumb":{"@id":"https:\/\/pet24.md\/product\/brit-care-cat-polnoraczionnyj-vlazhnyj-korm-dlya-kotyat-s-lososem-i-morkovyu-85-g\/#breadcrumb"},"inLanguage":"ro-RO","potentialAction":[{"@type":"ReadAction","target":["https:\/\/pet24.md\/product\/brit-care-cat-polnoraczionnyj-vlazhnyj-korm-dlya-kotyat-s-lososem-i-morkovyu-85-g\/"]}]},{"@type":"ImageObject","inLanguage":"ro-RO","@id":"https:\/\/pet24.md\/product\/brit-care-cat-polnoraczionnyj-vlazhnyj-korm-dlya-kotyat-s-lososem-i-morkovyu-85-g\/#primaryimage","url":"https:\/\/pet24.md\/wp-content\/uploads\/2024\/07\/brit-care-cat-polnoraczionnyj-vlazhnyj-korm-dlya-kotyat-s-lososem-i-morkovyu-85-g.png","contentUrl":"https:\/\/pet24.md\/wp-content\/uploads\/2024\/07\/brit-care-cat-polnoraczionnyj-vlazhnyj-korm-dlya-kotyat-s-lososem-i-morkovyu-85-g.png","width":600,"height":600,"caption":"Brit Care Cat \u043f\u043e\u043b\u043d\u043e\u0440\u0430\u0446\u0438\u043e\u043d\u043d\u044b\u0439 \u0432\u043b\u0430\u0436\u043d\u044b\u0439 \u043a\u043e\u0440\u043c \u0434\u043b\u044f \u043a\u043e\u0442\u044f\u0442 \u0441 \u043b\u043e\u0441\u043e\u0441\u0435\u043c \u0438 \u043c\u043e\u0440\u043a\u043e\u0432\u044c\u044e 85 \u0433"},{"@type":"BreadcrumbList","@id":"https:\/\/pet24.md\/product\/brit-care-cat-polnoraczionnyj-vlazhnyj-korm-dlya-kotyat-s-lososem-i-morkovyu-85-g\/#breadcrumb","itemListElement":[{"@type":"ListItem","position":1,"name":"\u0413\u043b\u0430\u0432\u043d\u0430\u044f \u0441\u0442\u0440\u0430\u043d\u0438\u0446\u0430","item":"https:\/\/pet24.md\/"},{"@type":"ListItem","position":2,"name":"\u041c\u0430\u0433\u0430\u0437\u0438\u043d","item":"https:\/\/pet24.md\/shop\/"},{"@type":"ListItem","position":3,"name":"Brit Care Cat \u043f\u043e\u043b\u043d\u043e\u0440\u0430\u0446\u0438\u043e\u043d\u043d\u044b\u0439 \u0432\u043b\u0430\u0436\u043d\u044b\u0439 \u043a\u043e\u0440\u043c \u0434\u043b\u044f \u043a\u043e\u0442\u044f\u0442 \u0441 \u043b\u043e\u0441\u043e\u0441\u0435\u043c \u0438 \u043c\u043e\u0440\u043a\u043e\u0432\u044c\u044e 85 \u0433"}]},{"@type":"WebSite","@id":"https:\/\/pet24.md\/#website","url":"https:\/\/pet24.md\/","name":"Pet24","description":"Magazin de animale de companie","publisher":{"@id":"https:\/\/pet24.md\/#organization"},"potentialAction":[{"@type":"SearchAction","target":{"@type":"EntryPoint","urlTemplate":"https:\/\/pet24.md\/?s={search_term_string}"},"query-input":{"@type":"PropertyValueSpecification","valueRequired":true,"valueName":"search_term_string"}}],"inLanguage":"ro-RO"},{"@type":"Organization","@id":"https:\/\/pet24.md\/#organization","name":"Pet24","url":"https:\/\/pet24.md\/","logo":{"@type":"ImageObject","inLanguage":"ro-RO","@id":"https:\/\/pet24.md\/#\/schema\/logo\/image\/","url":"https:\/\/pet24.md\/wp-content\/uploads\/2024\/09\/logo.svg","contentUrl":"https:\/\/pet24.md\/wp-content\/uploads\/2024\/09\/logo.svg","width":215,"height":66,"caption":"Pet24"},"image":{"@id":"https:\/\/pet24.md\/#\/schema\/logo\/image\/"},"sameAs":["https:\/\/www.facebook.com\/pet24.md","https:\/\/www.instagram.com\/pet24.md\/"],"telephone":"+37360508880"}]}},"_links":{"self":[{"href":"https:\/\/pet24.md\/ro\/wp-json\/wp\/v2\/product\/84340","targetHints":{"allow":["GET"]}}],"collection":[{"href":"https:\/\/pet24.md\/ro\/wp-json\/wp\/v2\/product"}],"about":[{"href":"https:\/\/pet24.md\/ro\/wp-json\/wp\/v2\/types\/product"}],"replies":[{"embeddable":true,"href":"https:\/\/pet24.md\/ro\/wp-json\/wp\/v2\/comments?post=84340"}],"wp:featuredmedia":[{"embeddable":true,"href":"https:\/\/pet24.md\/ro\/wp-json\/wp\/v2\/media\/91548"}],"wp:attachment":[{"href":"https:\/\/pet24.md\/ro\/wp-json\/wp\/v2\/media?parent=84340"}],"wp:term":[{"taxonomy":"product_brand","embeddable":true,"href":"https:\/\/pet24.md\/ro\/wp-json\/wp\/v2\/product_brand?post=84340"},{"taxonomy":"product_cat","embeddable":true,"href":"https:\/\/pet24.md\/ro\/wp-json\/wp\/v2\/product_cat?post=84340"},{"taxonomy":"product_tag","embeddable":true,"href":"https:\/\/pet24.md\/ro\/wp-json\/wp\/v2\/product_tag?post=84340"}],"curies":[{"name":"wp","href":"https:\/\/api.w.org\/{rel}","templated":true}]}}