{"id":84352,"date":"2024-07-26T11:45:38","date_gmt":"2024-07-26T11:45:38","guid":{"rendered":"https:\/\/pet24.md\/?post_type=product&#038;p=84352"},"modified":"2025-02-09T09:04:02","modified_gmt":"2025-02-09T09:04:02","slug":"brit-care-vlazhnyj-korm-dlya-vzroslyh-sobak-malyh-porod-file-yagnenka-v-nezhnom-soke-85-g","status":"publish","type":"product","link":"https:\/\/pet24.md\/ro\/produs\/brit-care-vlazhnyj-korm-dlya-vzroslyh-sobak-malyh-porod-file-yagnenka-v-nezhnom-soke-85-g\/","title":{"rendered":"Brit Care hrana umeda pentru caini adulti de rase mici file de miel in suc fraged 85 g"},"content":{"rendered":"<h3>Hrana completa pentru caini de rasa mini cu miel<\/h3>\n<p><strong>Descriere produs<\/strong><\/p>\n<p>Buc\u0103\u021bile de file de carne \u00een suc fraged sunt un adaos ideal la granule pentru a \u00eembun\u0103t\u0103\u021bi dieta c\u00e2inilor de talie mic\u0103 \u0219i mini. Hran\u0103 complet\u0103 super premium pentru c\u00e2inii adul\u021bi de rase mini.<\/p>\n<p><strong>Avantaje<\/strong><\/p>\n<ul>\n<li>Gust excelent<\/li>\n<li>\u00cembog\u0103\u021bit cu prebiotice pentru o bun\u0103 digestie<\/li>\n<li>: Contine rozmarin, turmeric, cuisoare, citrice si afine.<\/li>\n<li>Cel mai potrivit pentru c\u00e2ini preten\u021bio\u0219i<\/li>\n<\/ul>\n<p><strong>Compus<\/strong><\/p>\n<ul>\n<li>85% carne \u0219i subproduse animale \u00een file (8% miel)<\/li>\n<li>9.6% suc de carne<\/li>\n<li>1.5% ierburi \u0219i fructe (cui\u0219oare, citrice, rozmarin, turmeric)<\/li>\n<li>0,5% afin<\/li>\n<li>1% minerale<\/li>\n<li>1% ulei de somon<\/li>\n<li>0,51 TP3T mananoligozaharide<\/li>\n<li>0,51 TP3T fructooligozaharide<\/li>\n<li>0,41 TP3T inulin\u0103<\/li>\n<\/ul>\n<p><strong>Componente analitice<\/strong><\/p>\n<ul>\n<li>Protein\u0103 brut\u0103: 9%<\/li>\n<li>Con\u021binut de gr\u0103sime: 4%<\/li>\n<li>Cenu\u0219\u0103 brut\u0103: 2,2%<\/li>\n<li>Fibr\u0103 brut\u0103: 0,4%<\/li>\n<li>Umiditate: 82%<\/li>\n<li>Calciu: 0,3%<\/li>\n<li>Fosfor: 0,2%<\/li>\n<li>Sodiu: 0,5%<\/li>\n<\/ul>\n<p><strong>Compozi\u021bia nutri\u021bional\u0103<\/strong><\/p>\n<table>\n<thead>\n<tr>\n<th>Element nutritiv<\/th>\n<th>Cantitate<\/th>\n<\/tr>\n<\/thead>\n<tbody>\n<tr>\n<td>Vitamina D3 (E671)<\/td>\n<td>250 UI<\/td>\n<\/tr>\n<tr>\n<td>Vitamina E (3a700)<\/td>\n<td>100 mg<\/td>\n<\/tr>\n<tr>\n<td>Zinc (3b606)<\/td>\n<td>15 mg<\/td>\n<\/tr>\n<tr>\n<td>Fier de c\u0103lcat (3b103)<\/td>\n<td>10 mg<\/td>\n<\/tr>\n<tr>\n<td>Mangan (3b502)<\/td>\n<td>3 mg<\/td>\n<\/tr>\n<tr>\n<td>Iod (3b201)<\/td>\n<td>0,75 mg<\/td>\n<\/tr>\n<tr>\n<td>Cupru (E4)<\/td>\n<td>0,5 mg<\/td>\n<\/tr>\n<tr>\n<td>Biotin\u0103 (3a880)<\/td>\n<td>0,2 mg<\/td>\n<\/tr>\n<\/tbody>\n<\/table>\n<p>Fara arome artificiale. Fara conservanti.<\/p>\n<p><strong>Valoarea energetic\u0103<\/strong><\/p>\n<ul>\n<li>815 kcal\/kg<\/li>\n<\/ul>\n<p><strong>Instructiuni de utilizare<\/strong><\/p>\n<p>Dac\u0103 m\u00e2ncarea este hr\u0103nit\u0103 pentru a cre\u0219te varietatea \u0219i gustul alimentelor, asigura\u021bi-v\u0103 c\u0103 reduce\u021bi aportul zilnic recomandat pentru dieta obi\u0219nuit\u0103 a c\u00e2inelui dumneavoastr\u0103. Da\u021bi m\u00e2ncare la temperatura camerei. Ofer\u0103 c\u00e2inelui t\u0103u acces la ap\u0103 proasp\u0103t\u0103 de b\u0103ut. A se p\u0103stra \u00eentr-un loc r\u0103coros \u0219i uscat. P\u0103stra\u021bi alimentele deschise \u00een frigider.<\/p>\n<p><strong>Valoarea zilnic\u0103 \u00een buc\u0103\u021bi<\/strong><\/p>\n<table>\n<thead>\n<tr>\n<th>Greutatea c\u00e2inelui<\/th>\n<th>Valoare zilnic\u0103 (buc)<\/th>\n<\/tr>\n<\/thead>\n<tbody>\n<tr>\n<td>Rasa de juc\u0103rie (2-5 kg)<\/td>\n<td>2-3.5<\/td>\n<\/tr>\n<tr>\n<td>Rasa mica (5-10 kg)<\/td>\n<td>3.5-6<\/td>\n<\/tr>\n<\/tbody>\n<\/table>\n<p>Aceast\u0103 hran\u0103 ofer\u0103 animalului t\u0103u nutrien\u021bi esen\u021biali, \u00eel men\u021bine s\u0103n\u0103tos \u0219i se potrive\u0219te preferin\u021belor sale gustative.<\/p>","protected":false},"excerpt":{"rendered":"<p>Hrana completa pentru caini de rasa mini cu miel este un produs complex super premium cu un continut ridicat de carne si subproduse, imbogatita cu prebiotice si ingrediente naturale pentru o buna digestie si mentinerea sanatatii<\/p>","protected":false},"featured_media":91282,"comment_status":"open","ping_status":"closed","template":"","meta":[],"product_brand":[],"product_cat":[136,294,293],"product_tag":[638,296,480,352],"class_list":{"0":"post-84352","1":"product","2":"type-product","3":"status-publish","4":"has-post-thumbnail","6":"product_cat-dog","7":"product_cat-dogwet","8":"product_cat-dogfood","9":"product_tag-brit","10":"product_tag-vlazhnyj-korm","11":"product_tag-sobaka","12":"product_tag-yagnyonok","13":"pa_age-pet-vzroslyj","14":"pa_brand-brit-care","15":"pa_breed-size-dlya-vseh-porod","16":"pa_feed-class-super-premium","17":"pa_meat-ingredients-yagnyonok","18":"pa_packaging-pauchi","19":"pa_pet-sobaka","20":"pa_pet-feature-zdorovyj-pitomecz","21":"pa_plant-ingredient-travy-i-frukty","22":"pa_type-feed-vlazhnyj-korm","23":"pa_weight-85-gr","25":"first","26":"instock","27":"sale","28":"shipping-taxable","29":"product-type-simple"},"yoast_head":"<!-- This site is optimized with the Yoast SEO Premium plugin v23.7 (Yoast SEO v27.5) - https:\/\/yoast.com\/product\/yoast-seo-premium-wordpress\/ -->\n<title>Brit Care \u0432\u043b\u0430\u0436\u043d\u044b\u0439 \u043a\u043e\u0440\u043c \u0434\u043b\u044f \u0432\u0437\u0440\u043e\u0441\u043b\u044b\u0445 \u0441\u043e\u0431\u0430\u043a \u043c\u0430\u043b\u044b\u0445 \u043f\u043e\u0440\u043e\u0434 \u0444\u0438\u043b\u0435 \u044f\u0433\u043d\u0435\u043d\u043a\u0430 \u0432 \u043d\u0435\u0436\u043d\u043e\u043c \u0441\u043e\u043a\u0435 85 \u0433<\/title>\n<meta name=\"description\" content=\"\u041a\u0443\u043f\u0438\u0442\u044c Brit Care \u0432\u043b\u0430\u0436\u043d\u044b\u0439 \u043a\u043e\u0440\u043c \u0434\u043b\u044f \u0432\u0437\u0440\u043e\u0441\u043b\u044b\u0445 \u0441\u043e\u0431\u0430\u043a \u043c\u0430\u043b\u044b\u0445 \u043f\u043e\u0440\u043e\u0434 \u0444\u0438\u043b\u0435 \u044f\u0433\u043d\u0435\u043d\u043a\u0430 \u0432 \u043d\u0435\u0436\u043d\u043e\u043c \u0441\u043e\u043a\u0435 85 \u0433 \u0441 \u0434\u043e\u0441\u0442\u0430\u0432\u043a\u043e\u0439 \u043f\u043e \u041a\u0438\u0448\u0438\u043d\u0435\u0432\u0443 \u0438 \u0432\u0441\u0435\u0439 \u041c\u043e\u043b\u0434\u043e\u0432\u0435 \u043d\u0430 Pet24\" \/>\n<meta name=\"robots\" content=\"index, follow, max-snippet:-1, max-image-preview:large, max-video-preview:-1\" \/>\n<link rel=\"canonical\" href=\"https:\/\/pet24.md\/ro\/produs\/brit-care-vlazhnyj-korm-dlya-vzroslyh-sobak-malyh-porod-file-yagnenka-v-nezhnom-soke-85-g\/\" \/>\n<meta property=\"og:locale\" content=\"ro_RO\" \/>\n<meta property=\"og:type\" content=\"article\" \/>\n<meta property=\"og:title\" content=\"Brit Care \u0432\u043b\u0430\u0436\u043d\u044b\u0439 \u043a\u043e\u0440\u043c \u0434\u043b\u044f \u0432\u0437\u0440\u043e\u0441\u043b\u044b\u0445 \u0441\u043e\u0431\u0430\u043a \u043c\u0430\u043b\u044b\u0445 \u043f\u043e\u0440\u043e\u0434 \u0444\u0438\u043b\u0435 \u044f\u0433\u043d\u0435\u043d\u043a\u0430 \u0432 \u043d\u0435\u0436\u043d\u043e\u043c \u0441\u043e\u043a\u0435 85 \u0433\" \/>\n<meta property=\"og:description\" content=\"\u041a\u0443\u043f\u0438\u0442\u044c Brit Care \u0432\u043b\u0430\u0436\u043d\u044b\u0439 \u043a\u043e\u0440\u043c \u0434\u043b\u044f \u0432\u0437\u0440\u043e\u0441\u043b\u044b\u0445 \u0441\u043e\u0431\u0430\u043a \u043c\u0430\u043b\u044b\u0445 \u043f\u043e\u0440\u043e\u0434 \u0444\u0438\u043b\u0435 \u044f\u0433\u043d\u0435\u043d\u043a\u0430 \u0432 \u043d\u0435\u0436\u043d\u043e\u043c \u0441\u043e\u043a\u0435 85 \u0433 \u0441 \u0434\u043e\u0441\u0442\u0430\u0432\u043a\u043e\u0439 \u043f\u043e \u041a\u0438\u0448\u0438\u043d\u0435\u0432\u0443 \u0438 \u0432\u0441\u0435\u0439 \u041c\u043e\u043b\u0434\u043e\u0432\u0435 \u043d\u0430 Pet24\" \/>\n<meta property=\"og:url\" content=\"https:\/\/pet24.md\/ro\/produs\/brit-care-vlazhnyj-korm-dlya-vzroslyh-sobak-malyh-porod-file-yagnenka-v-nezhnom-soke-85-g\/\" \/>\n<meta property=\"og:site_name\" content=\"Pet24\" \/>\n<meta property=\"article:publisher\" content=\"https:\/\/www.facebook.com\/pet24.md\" \/>\n<meta property=\"article:modified_time\" content=\"2025-02-09T09:04:02+00:00\" \/>\n<meta property=\"og:image\" content=\"https:\/\/pet24.md\/wp-content\/uploads\/2024\/07\/brit-care-vlazhnyj-korm-dlya-vzroslyh-sobak-malyh-porod-file-yagnenka-v-nezhnom-soke-85-g.png\" \/>\n\t<meta property=\"og:image:width\" content=\"500\" \/>\n\t<meta property=\"og:image:height\" content=\"500\" \/>\n\t<meta property=\"og:image:type\" content=\"image\/png\" \/>\n<meta name=\"twitter:card\" content=\"summary_large_image\" \/>\n<meta name=\"twitter:label1\" content=\"Timp estimat pentru citire\" \/>\n\t<meta name=\"twitter:data1\" content=\"2 minute\" \/>\n<script type=\"application\/ld+json\" class=\"yoast-schema-graph\">{\"@context\":\"https:\\\/\\\/schema.org\",\"@graph\":[{\"@type\":\"WebPage\",\"@id\":\"https:\\\/\\\/pet24.md\\\/product\\\/brit-care-vlazhnyj-korm-dlya-vzroslyh-sobak-malyh-porod-file-yagnenka-v-nezhnom-soke-85-g\\\/\",\"url\":\"https:\\\/\\\/pet24.md\\\/product\\\/brit-care-vlazhnyj-korm-dlya-vzroslyh-sobak-malyh-porod-file-yagnenka-v-nezhnom-soke-85-g\\\/\",\"name\":\"Brit Care \u0432\u043b\u0430\u0436\u043d\u044b\u0439 \u043a\u043e\u0440\u043c \u0434\u043b\u044f \u0432\u0437\u0440\u043e\u0441\u043b\u044b\u0445 \u0441\u043e\u0431\u0430\u043a \u043c\u0430\u043b\u044b\u0445 \u043f\u043e\u0440\u043e\u0434 \u0444\u0438\u043b\u0435 \u044f\u0433\u043d\u0435\u043d\u043a\u0430 \u0432 \u043d\u0435\u0436\u043d\u043e\u043c \u0441\u043e\u043a\u0435 85 \u0433\",\"isPartOf\":{\"@id\":\"https:\\\/\\\/pet24.md\\\/#website\"},\"primaryImageOfPage\":{\"@id\":\"https:\\\/\\\/pet24.md\\\/product\\\/brit-care-vlazhnyj-korm-dlya-vzroslyh-sobak-malyh-porod-file-yagnenka-v-nezhnom-soke-85-g\\\/#primaryimage\"},\"image\":{\"@id\":\"https:\\\/\\\/pet24.md\\\/product\\\/brit-care-vlazhnyj-korm-dlya-vzroslyh-sobak-malyh-porod-file-yagnenka-v-nezhnom-soke-85-g\\\/#primaryimage\"},\"thumbnailUrl\":\"https:\\\/\\\/pet24.md\\\/wp-content\\\/uploads\\\/2024\\\/07\\\/brit-care-vlazhnyj-korm-dlya-vzroslyh-sobak-malyh-porod-file-yagnenka-v-nezhnom-soke-85-g.png\",\"datePublished\":\"2024-07-26T11:45:38+00:00\",\"dateModified\":\"2025-02-09T09:04:02+00:00\",\"description\":\"\u041a\u0443\u043f\u0438\u0442\u044c Brit Care \u0432\u043b\u0430\u0436\u043d\u044b\u0439 \u043a\u043e\u0440\u043c \u0434\u043b\u044f \u0432\u0437\u0440\u043e\u0441\u043b\u044b\u0445 \u0441\u043e\u0431\u0430\u043a \u043c\u0430\u043b\u044b\u0445 \u043f\u043e\u0440\u043e\u0434 \u0444\u0438\u043b\u0435 \u044f\u0433\u043d\u0435\u043d\u043a\u0430 \u0432 \u043d\u0435\u0436\u043d\u043e\u043c \u0441\u043e\u043a\u0435 85 \u0433 \u0441 \u0434\u043e\u0441\u0442\u0430\u0432\u043a\u043e\u0439 \u043f\u043e \u041a\u0438\u0448\u0438\u043d\u0435\u0432\u0443 \u0438 \u0432\u0441\u0435\u0439 \u041c\u043e\u043b\u0434\u043e\u0432\u0435 \u043d\u0430 Pet24\",\"breadcrumb\":{\"@id\":\"https:\\\/\\\/pet24.md\\\/product\\\/brit-care-vlazhnyj-korm-dlya-vzroslyh-sobak-malyh-porod-file-yagnenka-v-nezhnom-soke-85-g\\\/#breadcrumb\"},\"inLanguage\":\"ro-RO\",\"potentialAction\":[{\"@type\":\"ReadAction\",\"target\":[\"https:\\\/\\\/pet24.md\\\/product\\\/brit-care-vlazhnyj-korm-dlya-vzroslyh-sobak-malyh-porod-file-yagnenka-v-nezhnom-soke-85-g\\\/\"]}]},{\"@type\":\"ImageObject\",\"inLanguage\":\"ro-RO\",\"@id\":\"https:\\\/\\\/pet24.md\\\/product\\\/brit-care-vlazhnyj-korm-dlya-vzroslyh-sobak-malyh-porod-file-yagnenka-v-nezhnom-soke-85-g\\\/#primaryimage\",\"url\":\"https:\\\/\\\/pet24.md\\\/wp-content\\\/uploads\\\/2024\\\/07\\\/brit-care-vlazhnyj-korm-dlya-vzroslyh-sobak-malyh-porod-file-yagnenka-v-nezhnom-soke-85-g.png\",\"contentUrl\":\"https:\\\/\\\/pet24.md\\\/wp-content\\\/uploads\\\/2024\\\/07\\\/brit-care-vlazhnyj-korm-dlya-vzroslyh-sobak-malyh-porod-file-yagnenka-v-nezhnom-soke-85-g.png\",\"width\":500,\"height\":500,\"caption\":\"Brit Care \u0432\u043b\u0430\u0436\u043d\u044b\u0439 \u043a\u043e\u0440\u043c \u0434\u043b\u044f \u0432\u0437\u0440\u043e\u0441\u043b\u044b\u0445 \u0441\u043e\u0431\u0430\u043a \u043c\u0430\u043b\u044b\u0445 \u043f\u043e\u0440\u043e\u0434 \u0444\u0438\u043b\u0435 \u044f\u0433\u043d\u0435\u043d\u043a\u0430 \u0432 \u043d\u0435\u0436\u043d\u043e\u043c \u0441\u043e\u043a\u0435 85 \u0433\"},{\"@type\":\"BreadcrumbList\",\"@id\":\"https:\\\/\\\/pet24.md\\\/product\\\/brit-care-vlazhnyj-korm-dlya-vzroslyh-sobak-malyh-porod-file-yagnenka-v-nezhnom-soke-85-g\\\/#breadcrumb\",\"itemListElement\":[{\"@type\":\"ListItem\",\"position\":1,\"name\":\"\u0413\u043b\u0430\u0432\u043d\u0430\u044f \u0441\u0442\u0440\u0430\u043d\u0438\u0446\u0430\",\"item\":\"https:\\\/\\\/pet24.md\\\/\"},{\"@type\":\"ListItem\",\"position\":2,\"name\":\"\u041c\u0430\u0433\u0430\u0437\u0438\u043d\",\"item\":\"https:\\\/\\\/pet24.md\\\/shop\\\/\"},{\"@type\":\"ListItem\",\"position\":3,\"name\":\"Brit Care \u0432\u043b\u0430\u0436\u043d\u044b\u0439 \u043a\u043e\u0440\u043c \u0434\u043b\u044f \u0432\u0437\u0440\u043e\u0441\u043b\u044b\u0445 \u0441\u043e\u0431\u0430\u043a \u043c\u0430\u043b\u044b\u0445 \u043f\u043e\u0440\u043e\u0434 \u0444\u0438\u043b\u0435 \u044f\u0433\u043d\u0435\u043d\u043a\u0430 \u0432 \u043d\u0435\u0436\u043d\u043e\u043c \u0441\u043e\u043a\u0435 85 \u0433\"}]},{\"@type\":\"WebSite\",\"@id\":\"https:\\\/\\\/pet24.md\\\/#website\",\"url\":\"https:\\\/\\\/pet24.md\\\/\",\"name\":\"Pet24\",\"description\":\"\u0417\u043e\u043e\u043c\u0430\u0433\u0430\u0437\u0438\u043d \u0442\u043e\u0432\u0430\u0440\u043e\u0432 \u0434\u043b\u044f \u0434\u043e\u043c\u0430\u0448\u043d\u0438\u0445 \u043f\u0438\u0442\u043e\u043c\u0446\u0435\u0432\",\"publisher\":{\"@id\":\"https:\\\/\\\/pet24.md\\\/#organization\"},\"potentialAction\":[{\"@type\":\"SearchAction\",\"target\":{\"@type\":\"EntryPoint\",\"urlTemplate\":\"https:\\\/\\\/pet24.md\\\/?s={search_term_string}\"},\"query-input\":{\"@type\":\"PropertyValueSpecification\",\"valueRequired\":true,\"valueName\":\"search_term_string\"}}],\"inLanguage\":\"ro-RO\"},{\"@type\":\"Organization\",\"@id\":\"https:\\\/\\\/pet24.md\\\/#organization\",\"name\":\"Pet24\",\"url\":\"https:\\\/\\\/pet24.md\\\/\",\"logo\":{\"@type\":\"ImageObject\",\"inLanguage\":\"ro-RO\",\"@id\":\"https:\\\/\\\/pet24.md\\\/#\\\/schema\\\/logo\\\/image\\\/\",\"url\":\"https:\\\/\\\/pet24.md\\\/wp-content\\\/uploads\\\/2024\\\/09\\\/logo.svg\",\"contentUrl\":\"https:\\\/\\\/pet24.md\\\/wp-content\\\/uploads\\\/2024\\\/09\\\/logo.svg\",\"width\":215,\"height\":66,\"caption\":\"Pet24\"},\"image\":{\"@id\":\"https:\\\/\\\/pet24.md\\\/#\\\/schema\\\/logo\\\/image\\\/\"},\"sameAs\":[\"https:\\\/\\\/www.facebook.com\\\/pet24.md\",\"https:\\\/\\\/www.instagram.com\\\/pet24.md\\\/\"],\"telephone\":\"+37360508880\"}]}<\/script>\n<!-- \/ Yoast SEO Premium plugin. -->","yoast_head_json":{"title":"Brit Care hrana umeda pentru caini adulti de rase mici file de miel in suc fraged 85 g","description":"\u041a\u0443\u043f\u0438\u0442\u044c Brit Care \u0432\u043b\u0430\u0436\u043d\u044b\u0439 \u043a\u043e\u0440\u043c \u0434\u043b\u044f \u0432\u0437\u0440\u043e\u0441\u043b\u044b\u0445 \u0441\u043e\u0431\u0430\u043a \u043c\u0430\u043b\u044b\u0445 \u043f\u043e\u0440\u043e\u0434 \u0444\u0438\u043b\u0435 \u044f\u0433\u043d\u0435\u043d\u043a\u0430 \u0432 \u043d\u0435\u0436\u043d\u043e\u043c \u0441\u043e\u043a\u0435 85 \u0433 \u0441 \u0434\u043e\u0441\u0442\u0430\u0432\u043a\u043e\u0439 \u043f\u043e \u041a\u0438\u0448\u0438\u043d\u0435\u0432\u0443 \u0438 \u0432\u0441\u0435\u0439 \u041c\u043e\u043b\u0434\u043e\u0432\u0435 \u043d\u0430 Pet24","robots":{"index":"index","follow":"follow","max-snippet":"max-snippet:-1","max-image-preview":"max-image-preview:large","max-video-preview":"max-video-preview:-1"},"canonical":"https:\/\/pet24.md\/ro\/produs\/brit-care-vlazhnyj-korm-dlya-vzroslyh-sobak-malyh-porod-file-yagnenka-v-nezhnom-soke-85-g\/","og_locale":"ro_RO","og_type":"article","og_title":"Brit Care \u0432\u043b\u0430\u0436\u043d\u044b\u0439 \u043a\u043e\u0440\u043c \u0434\u043b\u044f \u0432\u0437\u0440\u043e\u0441\u043b\u044b\u0445 \u0441\u043e\u0431\u0430\u043a \u043c\u0430\u043b\u044b\u0445 \u043f\u043e\u0440\u043e\u0434 \u0444\u0438\u043b\u0435 \u044f\u0433\u043d\u0435\u043d\u043a\u0430 \u0432 \u043d\u0435\u0436\u043d\u043e\u043c \u0441\u043e\u043a\u0435 85 \u0433","og_description":"\u041a\u0443\u043f\u0438\u0442\u044c Brit Care \u0432\u043b\u0430\u0436\u043d\u044b\u0439 \u043a\u043e\u0440\u043c \u0434\u043b\u044f \u0432\u0437\u0440\u043e\u0441\u043b\u044b\u0445 \u0441\u043e\u0431\u0430\u043a \u043c\u0430\u043b\u044b\u0445 \u043f\u043e\u0440\u043e\u0434 \u0444\u0438\u043b\u0435 \u044f\u0433\u043d\u0435\u043d\u043a\u0430 \u0432 \u043d\u0435\u0436\u043d\u043e\u043c \u0441\u043e\u043a\u0435 85 \u0433 \u0441 \u0434\u043e\u0441\u0442\u0430\u0432\u043a\u043e\u0439 \u043f\u043e \u041a\u0438\u0448\u0438\u043d\u0435\u0432\u0443 \u0438 \u0432\u0441\u0435\u0439 \u041c\u043e\u043b\u0434\u043e\u0432\u0435 \u043d\u0430 Pet24","og_url":"https:\/\/pet24.md\/ro\/produs\/brit-care-vlazhnyj-korm-dlya-vzroslyh-sobak-malyh-porod-file-yagnenka-v-nezhnom-soke-85-g\/","og_site_name":"Pet24","article_publisher":"https:\/\/www.facebook.com\/pet24.md","article_modified_time":"2025-02-09T09:04:02+00:00","og_image":[{"width":500,"height":500,"url":"https:\/\/pet24.md\/wp-content\/uploads\/2024\/07\/brit-care-vlazhnyj-korm-dlya-vzroslyh-sobak-malyh-porod-file-yagnenka-v-nezhnom-soke-85-g.png","type":"image\/png"}],"twitter_card":"summary_large_image","twitter_misc":{"Timp estimat pentru citire":"2 minute"},"schema":{"@context":"https:\/\/schema.org","@graph":[{"@type":"WebPage","@id":"https:\/\/pet24.md\/product\/brit-care-vlazhnyj-korm-dlya-vzroslyh-sobak-malyh-porod-file-yagnenka-v-nezhnom-soke-85-g\/","url":"https:\/\/pet24.md\/product\/brit-care-vlazhnyj-korm-dlya-vzroslyh-sobak-malyh-porod-file-yagnenka-v-nezhnom-soke-85-g\/","name":"Brit Care hrana umeda pentru caini adulti de rase mici file de miel in suc fraged 85 g","isPartOf":{"@id":"https:\/\/pet24.md\/#website"},"primaryImageOfPage":{"@id":"https:\/\/pet24.md\/product\/brit-care-vlazhnyj-korm-dlya-vzroslyh-sobak-malyh-porod-file-yagnenka-v-nezhnom-soke-85-g\/#primaryimage"},"image":{"@id":"https:\/\/pet24.md\/product\/brit-care-vlazhnyj-korm-dlya-vzroslyh-sobak-malyh-porod-file-yagnenka-v-nezhnom-soke-85-g\/#primaryimage"},"thumbnailUrl":"https:\/\/pet24.md\/wp-content\/uploads\/2024\/07\/brit-care-vlazhnyj-korm-dlya-vzroslyh-sobak-malyh-porod-file-yagnenka-v-nezhnom-soke-85-g.png","datePublished":"2024-07-26T11:45:38+00:00","dateModified":"2025-02-09T09:04:02+00:00","description":"\u041a\u0443\u043f\u0438\u0442\u044c Brit Care \u0432\u043b\u0430\u0436\u043d\u044b\u0439 \u043a\u043e\u0440\u043c \u0434\u043b\u044f \u0432\u0437\u0440\u043e\u0441\u043b\u044b\u0445 \u0441\u043e\u0431\u0430\u043a \u043c\u0430\u043b\u044b\u0445 \u043f\u043e\u0440\u043e\u0434 \u0444\u0438\u043b\u0435 \u044f\u0433\u043d\u0435\u043d\u043a\u0430 \u0432 \u043d\u0435\u0436\u043d\u043e\u043c \u0441\u043e\u043a\u0435 85 \u0433 \u0441 \u0434\u043e\u0441\u0442\u0430\u0432\u043a\u043e\u0439 \u043f\u043e \u041a\u0438\u0448\u0438\u043d\u0435\u0432\u0443 \u0438 \u0432\u0441\u0435\u0439 \u041c\u043e\u043b\u0434\u043e\u0432\u0435 \u043d\u0430 Pet24","breadcrumb":{"@id":"https:\/\/pet24.md\/product\/brit-care-vlazhnyj-korm-dlya-vzroslyh-sobak-malyh-porod-file-yagnenka-v-nezhnom-soke-85-g\/#breadcrumb"},"inLanguage":"ro-RO","potentialAction":[{"@type":"ReadAction","target":["https:\/\/pet24.md\/product\/brit-care-vlazhnyj-korm-dlya-vzroslyh-sobak-malyh-porod-file-yagnenka-v-nezhnom-soke-85-g\/"]}]},{"@type":"ImageObject","inLanguage":"ro-RO","@id":"https:\/\/pet24.md\/product\/brit-care-vlazhnyj-korm-dlya-vzroslyh-sobak-malyh-porod-file-yagnenka-v-nezhnom-soke-85-g\/#primaryimage","url":"https:\/\/pet24.md\/wp-content\/uploads\/2024\/07\/brit-care-vlazhnyj-korm-dlya-vzroslyh-sobak-malyh-porod-file-yagnenka-v-nezhnom-soke-85-g.png","contentUrl":"https:\/\/pet24.md\/wp-content\/uploads\/2024\/07\/brit-care-vlazhnyj-korm-dlya-vzroslyh-sobak-malyh-porod-file-yagnenka-v-nezhnom-soke-85-g.png","width":500,"height":500,"caption":"Brit Care \u0432\u043b\u0430\u0436\u043d\u044b\u0439 \u043a\u043e\u0440\u043c \u0434\u043b\u044f \u0432\u0437\u0440\u043e\u0441\u043b\u044b\u0445 \u0441\u043e\u0431\u0430\u043a \u043c\u0430\u043b\u044b\u0445 \u043f\u043e\u0440\u043e\u0434 \u0444\u0438\u043b\u0435 \u044f\u0433\u043d\u0435\u043d\u043a\u0430 \u0432 \u043d\u0435\u0436\u043d\u043e\u043c \u0441\u043e\u043a\u0435 85 \u0433"},{"@type":"BreadcrumbList","@id":"https:\/\/pet24.md\/product\/brit-care-vlazhnyj-korm-dlya-vzroslyh-sobak-malyh-porod-file-yagnenka-v-nezhnom-soke-85-g\/#breadcrumb","itemListElement":[{"@type":"ListItem","position":1,"name":"\u0413\u043b\u0430\u0432\u043d\u0430\u044f \u0441\u0442\u0440\u0430\u043d\u0438\u0446\u0430","item":"https:\/\/pet24.md\/"},{"@type":"ListItem","position":2,"name":"\u041c\u0430\u0433\u0430\u0437\u0438\u043d","item":"https:\/\/pet24.md\/shop\/"},{"@type":"ListItem","position":3,"name":"Brit Care \u0432\u043b\u0430\u0436\u043d\u044b\u0439 \u043a\u043e\u0440\u043c \u0434\u043b\u044f \u0432\u0437\u0440\u043e\u0441\u043b\u044b\u0445 \u0441\u043e\u0431\u0430\u043a \u043c\u0430\u043b\u044b\u0445 \u043f\u043e\u0440\u043e\u0434 \u0444\u0438\u043b\u0435 \u044f\u0433\u043d\u0435\u043d\u043a\u0430 \u0432 \u043d\u0435\u0436\u043d\u043e\u043c \u0441\u043e\u043a\u0435 85 \u0433"}]},{"@type":"WebSite","@id":"https:\/\/pet24.md\/#website","url":"https:\/\/pet24.md\/","name":"Pet24","description":"Magazin de animale de companie","publisher":{"@id":"https:\/\/pet24.md\/#organization"},"potentialAction":[{"@type":"SearchAction","target":{"@type":"EntryPoint","urlTemplate":"https:\/\/pet24.md\/?s={search_term_string}"},"query-input":{"@type":"PropertyValueSpecification","valueRequired":true,"valueName":"search_term_string"}}],"inLanguage":"ro-RO"},{"@type":"Organization","@id":"https:\/\/pet24.md\/#organization","name":"Pet24","url":"https:\/\/pet24.md\/","logo":{"@type":"ImageObject","inLanguage":"ro-RO","@id":"https:\/\/pet24.md\/#\/schema\/logo\/image\/","url":"https:\/\/pet24.md\/wp-content\/uploads\/2024\/09\/logo.svg","contentUrl":"https:\/\/pet24.md\/wp-content\/uploads\/2024\/09\/logo.svg","width":215,"height":66,"caption":"Pet24"},"image":{"@id":"https:\/\/pet24.md\/#\/schema\/logo\/image\/"},"sameAs":["https:\/\/www.facebook.com\/pet24.md","https:\/\/www.instagram.com\/pet24.md\/"],"telephone":"+37360508880"}]}},"_links":{"self":[{"href":"https:\/\/pet24.md\/ro\/wp-json\/wp\/v2\/product\/84352","targetHints":{"allow":["GET"]}}],"collection":[{"href":"https:\/\/pet24.md\/ro\/wp-json\/wp\/v2\/product"}],"about":[{"href":"https:\/\/pet24.md\/ro\/wp-json\/wp\/v2\/types\/product"}],"replies":[{"embeddable":true,"href":"https:\/\/pet24.md\/ro\/wp-json\/wp\/v2\/comments?post=84352"}],"wp:featuredmedia":[{"embeddable":true,"href":"https:\/\/pet24.md\/ro\/wp-json\/wp\/v2\/media\/91282"}],"wp:attachment":[{"href":"https:\/\/pet24.md\/ro\/wp-json\/wp\/v2\/media?parent=84352"}],"wp:term":[{"taxonomy":"product_brand","embeddable":true,"href":"https:\/\/pet24.md\/ro\/wp-json\/wp\/v2\/product_brand?post=84352"},{"taxonomy":"product_cat","embeddable":true,"href":"https:\/\/pet24.md\/ro\/wp-json\/wp\/v2\/product_cat?post=84352"},{"taxonomy":"product_tag","embeddable":true,"href":"https:\/\/pet24.md\/ro\/wp-json\/wp\/v2\/product_tag?post=84352"}],"curies":[{"name":"wp","href":"https:\/\/api.w.org\/{rel}","templated":true}]}}