{"id":84371,"date":"2024-07-26T12:15:14","date_gmt":"2024-07-26T12:15:14","guid":{"rendered":"https:\/\/pet24.md\/?post_type=product&#038;p=84371"},"modified":"2025-02-09T08:56:48","modified_gmt":"2025-02-09T08:56:48","slug":"brit-care-vlazhnyj-korm-dlya-shhenkov-file-yagnenka-v-nezhnom-soke-85-g","status":"publish","type":"product","link":"https:\/\/pet24.md\/ro\/produs\/brit-care-vlazhnyj-korm-dlya-shhenkov-file-yagnenka-v-nezhnom-soke-85-g\/","title":{"rendered":"Brit Care hrana umeda pentru catei file de miel in suc fraged 85 g"},"content":{"rendered":"<h3>Brit Care file de miel \u00een sos pentru c\u0103\u021bei<\/h3>\n<h4>Hran\u0103 super premium complet\u0103 pentru c\u0103\u021bei de ras\u0103 miniatural\u0103<\/h4>\n<p>Brit Care Lamb File in Gravy ofer\u0103 buc\u0103\u021bi de carne \u00eentr-un sos delicios, care sunt adaosul perfect pentru crochete \u0219i adaug\u0103 varietate dietei c\u00e2inilor de rase mici \u0219i mini preten\u021bio\u0219i. Aceast\u0103 m\u00e2ncare are un gust excelent \u0219i este potrivit\u0103 chiar \u0219i pentru cei mai preten\u021bio\u0219i c\u0103\u021bei.<\/p>\n<h4>Avantaje<\/h4>\n<ul>\n<li><strong>Calit\u0103\u021bi gustative ridicate<\/strong>: Animalul t\u0103u se va bucura de fiecare mu\u0219c\u0103tur\u0103.<\/li>\n<li><strong>\u00cembog\u0103\u021bit cu prebiotice<\/strong>: Contine prebiotice pentru a sustine o buna digestie.<\/li>\n<li><strong>Ingrediente s\u0103n\u0103toase<\/strong>: Contine rozmarin, turmeric, cuisoare, citrice si afine.<\/li>\n<\/ul>\n<h4>Compus<\/h4>\n<ul>\n<li><strong>Ingrediente principale<\/strong>: 85% carne \u0219i subproduse animale \u00een file (8% miel).<\/li>\n<li><strong>Ingrediente suplimentare<\/strong>: 2,7% f\u0103in\u0103 de maz\u0103re, 1,5% afine uscate, 0,9% lignoceluloz\u0103, 0,4% cui\u0219oare uscate, 0,4% citrice uscate, 0,4% rozmarin uscat, 0,4% turmeric de calciu, 0,4%, turmeric de calciu, 0,4%.<\/li>\n<\/ul>\n<h4>Ingrediente analitice<\/h4>\n<ul>\n<li>Protein\u0103 brut\u0103: 6,5%<\/li>\n<li>Gr\u0103sime brut\u0103: 4,5%<\/li>\n<li>Cenu\u0219\u0103 brut\u0103: 1,2%<\/li>\n<li>Fibr\u0103 brut\u0103: 0,4%<\/li>\n<li>Umiditate: 83%<\/li>\n<li>Calciu: 0,3%<\/li>\n<li>Fosfor: 0,2%<\/li>\n<li>Sodiu: 0,3%<\/li>\n<\/ul>\n<h4>Compozi\u021bia nutri\u021bional\u0103<\/h4>\n<ul>\n<li>Vitamina A: 300 UI<\/li>\n<li>Vitamina D3: 65 UI<\/li>\n<li>Vitamina E: 35 mg<\/li>\n<li>Biotin\u0103: 0,1 mg<\/li>\n<li>Zinc: 3 mg<\/li>\n<li>Fier: 2,4 mg<\/li>\n<li>Mangan: 0,7 mg<\/li>\n<li>Iod: 0,2 mg<\/li>\n<li>Cupru: 1 mg<\/li>\n<li>Taurin\u0103: 240 mg<\/li>\n<\/ul>\n<h4>Energie metabolizabil\u0103<\/h4>\n<ul>\n<li>830 kcal\/kg<\/li>\n<\/ul>\n<p>Brit Care Lamb File in Puppy Gravy este alegerea ideal\u0103 pentru proprietarii care doresc s\u0103 ofere animalelor de companie o hran\u0103 de \u00eenalt\u0103 calitate, p\u0103str\u00e2nd \u00een acela\u0219i timp s\u0103n\u0103tatea \u0219i gustul animalelor de companie.<\/p>","protected":false},"excerpt":{"rendered":"<p>Fileul de miel Brit Care in sos pentru catelusi de rasa miniaturala este o hrana super premium cu un continut ridicat de carne si prebiotice pentru a sustine o buna digestie. Buc\u0103\u021bile de file acoperite cu sos au o arom\u0103 grozav\u0103, perfect\u0103 pentru c\u0103\u021belu\u0219ii preten\u021bio\u0219i.<\/p>","protected":false},"featured_media":91347,"comment_status":"open","ping_status":"closed","template":"","meta":[],"product_brand":[],"product_cat":[136,294,293],"product_tag":[638,296,225,352],"class_list":{"0":"post-84371","1":"product","2":"type-product","3":"status-publish","4":"has-post-thumbnail","6":"product_cat-dog","7":"product_cat-dogwet","8":"product_cat-dogfood","9":"product_tag-brit","10":"product_tag-vlazhnyj-korm","11":"product_tag-shhenok","12":"product_tag-yagnyonok","13":"pa_age-pet-shhenok","14":"pa_brand-brit-care","15":"pa_breed-size-dlya-vseh-porod","16":"pa_feed-class-super-premium","17":"pa_meat-ingredients-yagnyonok","18":"pa_packaging-pauchi","19":"pa_pet-sobaka","20":"pa_pet-feature-zdorovyj-pitomecz","21":"pa_plant-ingredient-travy-i-frukty","22":"pa_type-feed-vlazhnyj-korm","23":"pa_weight-85-gr","25":"first","26":"instock","27":"sale","28":"shipping-taxable","29":"product-type-simple"},"yoast_head":"<!-- This site is optimized with the Yoast SEO Premium plugin v23.7 (Yoast SEO v27.5) - https:\/\/yoast.com\/product\/yoast-seo-premium-wordpress\/ -->\n<title>Brit Care \u0432\u043b\u0430\u0436\u043d\u044b\u0439 \u043a\u043e\u0440\u043c \u0434\u043b\u044f \u0449\u0435\u043d\u043a\u043e\u0432 \u0444\u0438\u043b\u0435 \u044f\u0433\u043d\u0435\u043d\u043a\u0430 \u0432 \u043d\u0435\u0436\u043d\u043e\u043c \u0441\u043e\u043a\u0435 85 \u0433<\/title>\n<meta name=\"description\" content=\"\u041a\u0443\u043f\u0438\u0442\u044c Brit Care \u0432\u043b\u0430\u0436\u043d\u044b\u0439 \u043a\u043e\u0440\u043c \u0434\u043b\u044f \u0449\u0435\u043d\u043a\u043e\u0432 \u0444\u0438\u043b\u0435 \u044f\u0433\u043d\u0435\u043d\u043a\u0430 \u0432 \u043d\u0435\u0436\u043d\u043e\u043c \u0441\u043e\u043a\u0435 85 \u0433 \u0441 \u0434\u043e\u0441\u0442\u0430\u0432\u043a\u043e\u0439 \u043f\u043e \u041a\u0438\u0448\u0438\u043d\u0435\u0432\u0443 \u0438 \u0432\u0441\u0435\u0439 \u041c\u043e\u043b\u0434\u043e\u0432\u0435 \u043d\u0430 Pet24\" \/>\n<meta name=\"robots\" content=\"index, follow, max-snippet:-1, max-image-preview:large, max-video-preview:-1\" \/>\n<link rel=\"canonical\" href=\"https:\/\/pet24.md\/ro\/produs\/brit-care-vlazhnyj-korm-dlya-shhenkov-file-yagnenka-v-nezhnom-soke-85-g\/\" \/>\n<meta property=\"og:locale\" content=\"ro_RO\" \/>\n<meta property=\"og:type\" content=\"article\" \/>\n<meta property=\"og:title\" content=\"Brit Care \u0432\u043b\u0430\u0436\u043d\u044b\u0439 \u043a\u043e\u0440\u043c \u0434\u043b\u044f \u0449\u0435\u043d\u043a\u043e\u0432 \u0444\u0438\u043b\u0435 \u044f\u0433\u043d\u0435\u043d\u043a\u0430 \u0432 \u043d\u0435\u0436\u043d\u043e\u043c \u0441\u043e\u043a\u0435 85 \u0433\" \/>\n<meta property=\"og:description\" content=\"\u041a\u0443\u043f\u0438\u0442\u044c Brit Care \u0432\u043b\u0430\u0436\u043d\u044b\u0439 \u043a\u043e\u0440\u043c \u0434\u043b\u044f \u0449\u0435\u043d\u043a\u043e\u0432 \u0444\u0438\u043b\u0435 \u044f\u0433\u043d\u0435\u043d\u043a\u0430 \u0432 \u043d\u0435\u0436\u043d\u043e\u043c \u0441\u043e\u043a\u0435 85 \u0433 \u0441 \u0434\u043e\u0441\u0442\u0430\u0432\u043a\u043e\u0439 \u043f\u043e \u041a\u0438\u0448\u0438\u043d\u0435\u0432\u0443 \u0438 \u0432\u0441\u0435\u0439 \u041c\u043e\u043b\u0434\u043e\u0432\u0435 \u043d\u0430 Pet24\" \/>\n<meta property=\"og:url\" content=\"https:\/\/pet24.md\/ro\/produs\/brit-care-vlazhnyj-korm-dlya-shhenkov-file-yagnenka-v-nezhnom-soke-85-g\/\" \/>\n<meta property=\"og:site_name\" content=\"Pet24\" \/>\n<meta property=\"article:publisher\" content=\"https:\/\/www.facebook.com\/pet24.md\" \/>\n<meta property=\"article:modified_time\" content=\"2025-02-09T08:56:48+00:00\" \/>\n<meta property=\"og:image\" content=\"https:\/\/pet24.md\/wp-content\/uploads\/2024\/07\/brit-care-vlazhnyj-korm-dlya-shhenkov-file-yagnenka-v-nezhnom-soke-85-g.png\" \/>\n\t<meta property=\"og:image:width\" content=\"500\" \/>\n\t<meta property=\"og:image:height\" content=\"500\" \/>\n\t<meta property=\"og:image:type\" content=\"image\/png\" \/>\n<meta name=\"twitter:card\" content=\"summary_large_image\" \/>\n<meta name=\"twitter:label1\" content=\"Timp estimat pentru citire\" \/>\n\t<meta name=\"twitter:data1\" content=\"2 minute\" \/>\n<script type=\"application\/ld+json\" class=\"yoast-schema-graph\">{\"@context\":\"https:\\\/\\\/schema.org\",\"@graph\":[{\"@type\":\"WebPage\",\"@id\":\"https:\\\/\\\/pet24.md\\\/product\\\/brit-care-vlazhnyj-korm-dlya-shhenkov-file-yagnenka-v-nezhnom-soke-85-g\\\/\",\"url\":\"https:\\\/\\\/pet24.md\\\/product\\\/brit-care-vlazhnyj-korm-dlya-shhenkov-file-yagnenka-v-nezhnom-soke-85-g\\\/\",\"name\":\"Brit Care \u0432\u043b\u0430\u0436\u043d\u044b\u0439 \u043a\u043e\u0440\u043c \u0434\u043b\u044f \u0449\u0435\u043d\u043a\u043e\u0432 \u0444\u0438\u043b\u0435 \u044f\u0433\u043d\u0435\u043d\u043a\u0430 \u0432 \u043d\u0435\u0436\u043d\u043e\u043c \u0441\u043e\u043a\u0435 85 \u0433\",\"isPartOf\":{\"@id\":\"https:\\\/\\\/pet24.md\\\/#website\"},\"primaryImageOfPage\":{\"@id\":\"https:\\\/\\\/pet24.md\\\/product\\\/brit-care-vlazhnyj-korm-dlya-shhenkov-file-yagnenka-v-nezhnom-soke-85-g\\\/#primaryimage\"},\"image\":{\"@id\":\"https:\\\/\\\/pet24.md\\\/product\\\/brit-care-vlazhnyj-korm-dlya-shhenkov-file-yagnenka-v-nezhnom-soke-85-g\\\/#primaryimage\"},\"thumbnailUrl\":\"https:\\\/\\\/pet24.md\\\/wp-content\\\/uploads\\\/2024\\\/07\\\/brit-care-vlazhnyj-korm-dlya-shhenkov-file-yagnenka-v-nezhnom-soke-85-g.png\",\"datePublished\":\"2024-07-26T12:15:14+00:00\",\"dateModified\":\"2025-02-09T08:56:48+00:00\",\"description\":\"\u041a\u0443\u043f\u0438\u0442\u044c Brit Care \u0432\u043b\u0430\u0436\u043d\u044b\u0439 \u043a\u043e\u0440\u043c \u0434\u043b\u044f \u0449\u0435\u043d\u043a\u043e\u0432 \u0444\u0438\u043b\u0435 \u044f\u0433\u043d\u0435\u043d\u043a\u0430 \u0432 \u043d\u0435\u0436\u043d\u043e\u043c \u0441\u043e\u043a\u0435 85 \u0433 \u0441 \u0434\u043e\u0441\u0442\u0430\u0432\u043a\u043e\u0439 \u043f\u043e \u041a\u0438\u0448\u0438\u043d\u0435\u0432\u0443 \u0438 \u0432\u0441\u0435\u0439 \u041c\u043e\u043b\u0434\u043e\u0432\u0435 \u043d\u0430 Pet24\",\"breadcrumb\":{\"@id\":\"https:\\\/\\\/pet24.md\\\/product\\\/brit-care-vlazhnyj-korm-dlya-shhenkov-file-yagnenka-v-nezhnom-soke-85-g\\\/#breadcrumb\"},\"inLanguage\":\"ro-RO\",\"potentialAction\":[{\"@type\":\"ReadAction\",\"target\":[\"https:\\\/\\\/pet24.md\\\/product\\\/brit-care-vlazhnyj-korm-dlya-shhenkov-file-yagnenka-v-nezhnom-soke-85-g\\\/\"]}]},{\"@type\":\"ImageObject\",\"inLanguage\":\"ro-RO\",\"@id\":\"https:\\\/\\\/pet24.md\\\/product\\\/brit-care-vlazhnyj-korm-dlya-shhenkov-file-yagnenka-v-nezhnom-soke-85-g\\\/#primaryimage\",\"url\":\"https:\\\/\\\/pet24.md\\\/wp-content\\\/uploads\\\/2024\\\/07\\\/brit-care-vlazhnyj-korm-dlya-shhenkov-file-yagnenka-v-nezhnom-soke-85-g.png\",\"contentUrl\":\"https:\\\/\\\/pet24.md\\\/wp-content\\\/uploads\\\/2024\\\/07\\\/brit-care-vlazhnyj-korm-dlya-shhenkov-file-yagnenka-v-nezhnom-soke-85-g.png\",\"width\":500,\"height\":500,\"caption\":\"Brit Care \u0432\u043b\u0430\u0436\u043d\u044b\u0439 \u043a\u043e\u0440\u043c \u0434\u043b\u044f \u0449\u0435\u043d\u043a\u043e\u0432 \u0444\u0438\u043b\u0435 \u044f\u0433\u043d\u0435\u043d\u043a\u0430 \u0432 \u043d\u0435\u0436\u043d\u043e\u043c \u0441\u043e\u043a\u0435 85 \u0433\"},{\"@type\":\"BreadcrumbList\",\"@id\":\"https:\\\/\\\/pet24.md\\\/product\\\/brit-care-vlazhnyj-korm-dlya-shhenkov-file-yagnenka-v-nezhnom-soke-85-g\\\/#breadcrumb\",\"itemListElement\":[{\"@type\":\"ListItem\",\"position\":1,\"name\":\"\u0413\u043b\u0430\u0432\u043d\u0430\u044f \u0441\u0442\u0440\u0430\u043d\u0438\u0446\u0430\",\"item\":\"https:\\\/\\\/pet24.md\\\/\"},{\"@type\":\"ListItem\",\"position\":2,\"name\":\"\u041c\u0430\u0433\u0430\u0437\u0438\u043d\",\"item\":\"https:\\\/\\\/pet24.md\\\/shop\\\/\"},{\"@type\":\"ListItem\",\"position\":3,\"name\":\"Brit Care \u0432\u043b\u0430\u0436\u043d\u044b\u0439 \u043a\u043e\u0440\u043c \u0434\u043b\u044f \u0449\u0435\u043d\u043a\u043e\u0432 \u0444\u0438\u043b\u0435 \u044f\u0433\u043d\u0435\u043d\u043a\u0430 \u0432 \u043d\u0435\u0436\u043d\u043e\u043c \u0441\u043e\u043a\u0435 85 \u0433\"}]},{\"@type\":\"WebSite\",\"@id\":\"https:\\\/\\\/pet24.md\\\/#website\",\"url\":\"https:\\\/\\\/pet24.md\\\/\",\"name\":\"Pet24\",\"description\":\"\u0417\u043e\u043e\u043c\u0430\u0433\u0430\u0437\u0438\u043d \u0442\u043e\u0432\u0430\u0440\u043e\u0432 \u0434\u043b\u044f \u0434\u043e\u043c\u0430\u0448\u043d\u0438\u0445 \u043f\u0438\u0442\u043e\u043c\u0446\u0435\u0432\",\"publisher\":{\"@id\":\"https:\\\/\\\/pet24.md\\\/#organization\"},\"potentialAction\":[{\"@type\":\"SearchAction\",\"target\":{\"@type\":\"EntryPoint\",\"urlTemplate\":\"https:\\\/\\\/pet24.md\\\/?s={search_term_string}\"},\"query-input\":{\"@type\":\"PropertyValueSpecification\",\"valueRequired\":true,\"valueName\":\"search_term_string\"}}],\"inLanguage\":\"ro-RO\"},{\"@type\":\"Organization\",\"@id\":\"https:\\\/\\\/pet24.md\\\/#organization\",\"name\":\"Pet24\",\"url\":\"https:\\\/\\\/pet24.md\\\/\",\"logo\":{\"@type\":\"ImageObject\",\"inLanguage\":\"ro-RO\",\"@id\":\"https:\\\/\\\/pet24.md\\\/#\\\/schema\\\/logo\\\/image\\\/\",\"url\":\"https:\\\/\\\/pet24.md\\\/wp-content\\\/uploads\\\/2024\\\/09\\\/logo.svg\",\"contentUrl\":\"https:\\\/\\\/pet24.md\\\/wp-content\\\/uploads\\\/2024\\\/09\\\/logo.svg\",\"width\":215,\"height\":66,\"caption\":\"Pet24\"},\"image\":{\"@id\":\"https:\\\/\\\/pet24.md\\\/#\\\/schema\\\/logo\\\/image\\\/\"},\"sameAs\":[\"https:\\\/\\\/www.facebook.com\\\/pet24.md\",\"https:\\\/\\\/www.instagram.com\\\/pet24.md\\\/\"],\"telephone\":\"+37360508880\"}]}<\/script>\n<!-- \/ Yoast SEO Premium plugin. -->","yoast_head_json":{"title":"Brit Care hrana umeda pentru catei file de miel in suc fraged 85 g","description":"\u041a\u0443\u043f\u0438\u0442\u044c Brit Care \u0432\u043b\u0430\u0436\u043d\u044b\u0439 \u043a\u043e\u0440\u043c \u0434\u043b\u044f \u0449\u0435\u043d\u043a\u043e\u0432 \u0444\u0438\u043b\u0435 \u044f\u0433\u043d\u0435\u043d\u043a\u0430 \u0432 \u043d\u0435\u0436\u043d\u043e\u043c \u0441\u043e\u043a\u0435 85 \u0433 \u0441 \u0434\u043e\u0441\u0442\u0430\u0432\u043a\u043e\u0439 \u043f\u043e \u041a\u0438\u0448\u0438\u043d\u0435\u0432\u0443 \u0438 \u0432\u0441\u0435\u0439 \u041c\u043e\u043b\u0434\u043e\u0432\u0435 \u043d\u0430 Pet24","robots":{"index":"index","follow":"follow","max-snippet":"max-snippet:-1","max-image-preview":"max-image-preview:large","max-video-preview":"max-video-preview:-1"},"canonical":"https:\/\/pet24.md\/ro\/produs\/brit-care-vlazhnyj-korm-dlya-shhenkov-file-yagnenka-v-nezhnom-soke-85-g\/","og_locale":"ro_RO","og_type":"article","og_title":"Brit Care \u0432\u043b\u0430\u0436\u043d\u044b\u0439 \u043a\u043e\u0440\u043c \u0434\u043b\u044f \u0449\u0435\u043d\u043a\u043e\u0432 \u0444\u0438\u043b\u0435 \u044f\u0433\u043d\u0435\u043d\u043a\u0430 \u0432 \u043d\u0435\u0436\u043d\u043e\u043c \u0441\u043e\u043a\u0435 85 \u0433","og_description":"\u041a\u0443\u043f\u0438\u0442\u044c Brit Care \u0432\u043b\u0430\u0436\u043d\u044b\u0439 \u043a\u043e\u0440\u043c \u0434\u043b\u044f \u0449\u0435\u043d\u043a\u043e\u0432 \u0444\u0438\u043b\u0435 \u044f\u0433\u043d\u0435\u043d\u043a\u0430 \u0432 \u043d\u0435\u0436\u043d\u043e\u043c \u0441\u043e\u043a\u0435 85 \u0433 \u0441 \u0434\u043e\u0441\u0442\u0430\u0432\u043a\u043e\u0439 \u043f\u043e \u041a\u0438\u0448\u0438\u043d\u0435\u0432\u0443 \u0438 \u0432\u0441\u0435\u0439 \u041c\u043e\u043b\u0434\u043e\u0432\u0435 \u043d\u0430 Pet24","og_url":"https:\/\/pet24.md\/ro\/produs\/brit-care-vlazhnyj-korm-dlya-shhenkov-file-yagnenka-v-nezhnom-soke-85-g\/","og_site_name":"Pet24","article_publisher":"https:\/\/www.facebook.com\/pet24.md","article_modified_time":"2025-02-09T08:56:48+00:00","og_image":[{"width":500,"height":500,"url":"https:\/\/pet24.md\/wp-content\/uploads\/2024\/07\/brit-care-vlazhnyj-korm-dlya-shhenkov-file-yagnenka-v-nezhnom-soke-85-g.png","type":"image\/png"}],"twitter_card":"summary_large_image","twitter_misc":{"Timp estimat pentru citire":"2 minute"},"schema":{"@context":"https:\/\/schema.org","@graph":[{"@type":"WebPage","@id":"https:\/\/pet24.md\/product\/brit-care-vlazhnyj-korm-dlya-shhenkov-file-yagnenka-v-nezhnom-soke-85-g\/","url":"https:\/\/pet24.md\/product\/brit-care-vlazhnyj-korm-dlya-shhenkov-file-yagnenka-v-nezhnom-soke-85-g\/","name":"Brit Care hrana umeda pentru catei file de miel in suc fraged 85 g","isPartOf":{"@id":"https:\/\/pet24.md\/#website"},"primaryImageOfPage":{"@id":"https:\/\/pet24.md\/product\/brit-care-vlazhnyj-korm-dlya-shhenkov-file-yagnenka-v-nezhnom-soke-85-g\/#primaryimage"},"image":{"@id":"https:\/\/pet24.md\/product\/brit-care-vlazhnyj-korm-dlya-shhenkov-file-yagnenka-v-nezhnom-soke-85-g\/#primaryimage"},"thumbnailUrl":"https:\/\/pet24.md\/wp-content\/uploads\/2024\/07\/brit-care-vlazhnyj-korm-dlya-shhenkov-file-yagnenka-v-nezhnom-soke-85-g.png","datePublished":"2024-07-26T12:15:14+00:00","dateModified":"2025-02-09T08:56:48+00:00","description":"\u041a\u0443\u043f\u0438\u0442\u044c Brit Care \u0432\u043b\u0430\u0436\u043d\u044b\u0439 \u043a\u043e\u0440\u043c \u0434\u043b\u044f \u0449\u0435\u043d\u043a\u043e\u0432 \u0444\u0438\u043b\u0435 \u044f\u0433\u043d\u0435\u043d\u043a\u0430 \u0432 \u043d\u0435\u0436\u043d\u043e\u043c \u0441\u043e\u043a\u0435 85 \u0433 \u0441 \u0434\u043e\u0441\u0442\u0430\u0432\u043a\u043e\u0439 \u043f\u043e \u041a\u0438\u0448\u0438\u043d\u0435\u0432\u0443 \u0438 \u0432\u0441\u0435\u0439 \u041c\u043e\u043b\u0434\u043e\u0432\u0435 \u043d\u0430 Pet24","breadcrumb":{"@id":"https:\/\/pet24.md\/product\/brit-care-vlazhnyj-korm-dlya-shhenkov-file-yagnenka-v-nezhnom-soke-85-g\/#breadcrumb"},"inLanguage":"ro-RO","potentialAction":[{"@type":"ReadAction","target":["https:\/\/pet24.md\/product\/brit-care-vlazhnyj-korm-dlya-shhenkov-file-yagnenka-v-nezhnom-soke-85-g\/"]}]},{"@type":"ImageObject","inLanguage":"ro-RO","@id":"https:\/\/pet24.md\/product\/brit-care-vlazhnyj-korm-dlya-shhenkov-file-yagnenka-v-nezhnom-soke-85-g\/#primaryimage","url":"https:\/\/pet24.md\/wp-content\/uploads\/2024\/07\/brit-care-vlazhnyj-korm-dlya-shhenkov-file-yagnenka-v-nezhnom-soke-85-g.png","contentUrl":"https:\/\/pet24.md\/wp-content\/uploads\/2024\/07\/brit-care-vlazhnyj-korm-dlya-shhenkov-file-yagnenka-v-nezhnom-soke-85-g.png","width":500,"height":500,"caption":"Brit Care \u0432\u043b\u0430\u0436\u043d\u044b\u0439 \u043a\u043e\u0440\u043c \u0434\u043b\u044f \u0449\u0435\u043d\u043a\u043e\u0432 \u0444\u0438\u043b\u0435 \u044f\u0433\u043d\u0435\u043d\u043a\u0430 \u0432 \u043d\u0435\u0436\u043d\u043e\u043c \u0441\u043e\u043a\u0435 85 \u0433"},{"@type":"BreadcrumbList","@id":"https:\/\/pet24.md\/product\/brit-care-vlazhnyj-korm-dlya-shhenkov-file-yagnenka-v-nezhnom-soke-85-g\/#breadcrumb","itemListElement":[{"@type":"ListItem","position":1,"name":"\u0413\u043b\u0430\u0432\u043d\u0430\u044f \u0441\u0442\u0440\u0430\u043d\u0438\u0446\u0430","item":"https:\/\/pet24.md\/"},{"@type":"ListItem","position":2,"name":"\u041c\u0430\u0433\u0430\u0437\u0438\u043d","item":"https:\/\/pet24.md\/shop\/"},{"@type":"ListItem","position":3,"name":"Brit Care \u0432\u043b\u0430\u0436\u043d\u044b\u0439 \u043a\u043e\u0440\u043c \u0434\u043b\u044f \u0449\u0435\u043d\u043a\u043e\u0432 \u0444\u0438\u043b\u0435 \u044f\u0433\u043d\u0435\u043d\u043a\u0430 \u0432 \u043d\u0435\u0436\u043d\u043e\u043c \u0441\u043e\u043a\u0435 85 \u0433"}]},{"@type":"WebSite","@id":"https:\/\/pet24.md\/#website","url":"https:\/\/pet24.md\/","name":"Pet24","description":"Magazin de animale de companie","publisher":{"@id":"https:\/\/pet24.md\/#organization"},"potentialAction":[{"@type":"SearchAction","target":{"@type":"EntryPoint","urlTemplate":"https:\/\/pet24.md\/?s={search_term_string}"},"query-input":{"@type":"PropertyValueSpecification","valueRequired":true,"valueName":"search_term_string"}}],"inLanguage":"ro-RO"},{"@type":"Organization","@id":"https:\/\/pet24.md\/#organization","name":"Pet24","url":"https:\/\/pet24.md\/","logo":{"@type":"ImageObject","inLanguage":"ro-RO","@id":"https:\/\/pet24.md\/#\/schema\/logo\/image\/","url":"https:\/\/pet24.md\/wp-content\/uploads\/2024\/09\/logo.svg","contentUrl":"https:\/\/pet24.md\/wp-content\/uploads\/2024\/09\/logo.svg","width":215,"height":66,"caption":"Pet24"},"image":{"@id":"https:\/\/pet24.md\/#\/schema\/logo\/image\/"},"sameAs":["https:\/\/www.facebook.com\/pet24.md","https:\/\/www.instagram.com\/pet24.md\/"],"telephone":"+37360508880"}]}},"_links":{"self":[{"href":"https:\/\/pet24.md\/ro\/wp-json\/wp\/v2\/product\/84371","targetHints":{"allow":["GET"]}}],"collection":[{"href":"https:\/\/pet24.md\/ro\/wp-json\/wp\/v2\/product"}],"about":[{"href":"https:\/\/pet24.md\/ro\/wp-json\/wp\/v2\/types\/product"}],"replies":[{"embeddable":true,"href":"https:\/\/pet24.md\/ro\/wp-json\/wp\/v2\/comments?post=84371"}],"wp:featuredmedia":[{"embeddable":true,"href":"https:\/\/pet24.md\/ro\/wp-json\/wp\/v2\/media\/91347"}],"wp:attachment":[{"href":"https:\/\/pet24.md\/ro\/wp-json\/wp\/v2\/media?parent=84371"}],"wp:term":[{"taxonomy":"product_brand","embeddable":true,"href":"https:\/\/pet24.md\/ro\/wp-json\/wp\/v2\/product_brand?post=84371"},{"taxonomy":"product_cat","embeddable":true,"href":"https:\/\/pet24.md\/ro\/wp-json\/wp\/v2\/product_cat?post=84371"},{"taxonomy":"product_tag","embeddable":true,"href":"https:\/\/pet24.md\/ro\/wp-json\/wp\/v2\/product_tag?post=84371"}],"curies":[{"name":"wp","href":"https:\/\/api.w.org\/{rel}","templated":true}]}}