{"id":84413,"date":"2024-07-27T13:44:20","date_gmt":"2024-07-27T13:44:20","guid":{"rendered":"https:\/\/pet24.md\/?post_type=product&#038;p=84413"},"modified":"2025-02-09T08:48:24","modified_gmt":"2025-02-09T08:48:24","slug":"brit-care-cat-vlazhnyj-korm-dlya-sterilizovannyh-koshek-s-krolikom-85-g","status":"publish","type":"product","link":"https:\/\/pet24.md\/ro\/produs\/brit-care-cat-vlazhnyj-korm-dlya-sterilizovannyh-koshek-s-krolikom-85-g\/","title":{"rendered":"Brit Care Cat hrana umeda pentru pisici sterilizate cu iepure 85 g"},"content":{"rendered":"<p>Hrana umeda super premium, completa, fara cereale, pentru pisici sterilizate. File in sos cu iepure, imbogatita cu catina si nasturtium. M\u00e2ncarea con\u021bine antioxidan\u021bi naturali aproba\u021bi de UE: tocoferoli din uleiuri vegetale, palmitat de ascorbil \u0219i extract de rozmarin.<\/p>\n<p><strong>Beneficiile furajului<\/strong><\/p>\n<ul>\n<li><strong>Formula fara cereale<\/strong><\/li>\n<li><strong>85% file de carne<\/strong><\/li>\n<li><strong>Calit\u0103\u021bi gustative ridicate<\/strong><\/li>\n<li><strong>Con\u021bine antioxidan\u021bi naturali:<\/strong> Extract de rozmarin<\/li>\n<li><strong>F\u0103r\u0103 OMG, soia sau zah\u0103r ad\u0103ugat<\/strong><\/li>\n<\/ul>\n<p><strong>Compus<\/strong><\/p>\n<ul>\n<li>File cu carne 85% (62% pui, 15% ficat, 8% iepure)<\/li>\n<li>Lignoceluloza<\/li>\n<li>1% c\u0103tin\u0103 uscat\u0103<\/li>\n<li>0,5% nasturtium uscat<\/li>\n<li>Carbonat de calciu<\/li>\n<li>F\u0103in\u0103 de maz\u0103re<\/li>\n<\/ul>\n<p><strong>Componente analitice<\/strong><\/p>\n<ul>\n<li>Protein\u0103 brut\u0103: 7,0%<\/li>\n<li>Gr\u0103sime brut\u0103: 3,0%<\/li>\n<li>Fibr\u0103 brut\u0103: 0,5%<\/li>\n<li>Cenu\u0219\u0103 brut\u0103: 2,0%<\/li>\n<li>Umiditate: 82.0%<\/li>\n<li>Calciu: 0,2%<\/li>\n<li>Fosfor: 0,2%<\/li>\n<li>Sodiu: 0,25%<\/li>\n<\/ul>\n<p><strong>Aditivi alimentari (la 1 kg de furaj)<\/strong><\/p>\n<table>\n<thead>\n<tr>\n<th>Supliment alimentar<\/th>\n<th>Cantitate<\/th>\n<\/tr>\n<\/thead>\n<tbody>\n<tr>\n<td>Vitamina A (3a672a)<\/td>\n<td>400 UI<\/td>\n<\/tr>\n<tr>\n<td>Vitamina D3 (3a671)<\/td>\n<td>100 UI<\/td>\n<\/tr>\n<tr>\n<td>Vitamina E (3a700)<\/td>\n<td>50 mg<\/td>\n<\/tr>\n<tr>\n<td>Clorura de colina (3a890)<\/td>\n<td>60 mg<\/td>\n<\/tr>\n<tr>\n<td>Vitamina B1 (3a821)<\/td>\n<td>0,3 mg<\/td>\n<\/tr>\n<tr>\n<td>Biotin\u0103 (3a880)<\/td>\n<td>0,1 mg<\/td>\n<\/tr>\n<tr>\n<td>Zinc (3b606)<\/td>\n<td>3,5 mg<\/td>\n<\/tr>\n<tr>\n<td>Mangan (3b502)<\/td>\n<td>0,8 mg<\/td>\n<\/tr>\n<tr>\n<td>Fier de c\u0103lcat (3b103)<\/td>\n<td>2,8 mg<\/td>\n<\/tr>\n<tr>\n<td>Iod (3b201)<\/td>\n<td>0,2 mg<\/td>\n<\/tr>\n<tr>\n<td>Taurin\u0103 (3a370)<\/td>\n<td>500 mg<\/td>\n<\/tr>\n<tr>\n<td>L-metionin\u0103 (3c305)<\/td>\n<td>2.000 mg<\/td>\n<\/tr>\n<\/tbody>\n<\/table>\n<p><strong>Valoarea energetic\u0103<\/strong><\/p>\n<ul>\n<li>Energie metabolizabila: 755 kcal\/kg<\/li>\n<\/ul>\n<p><strong>Instructiuni de utilizare<\/strong><\/p>\n<p>Doza zilnic\u0103 recomandat\u0103 este prezentat\u0103 \u00een tabelul de hr\u0103nire, dar poate varia \u00een func\u021bie de v\u00e2rsta, activitatea \u0219i mediul \u00een care pisica dumneavoastr\u0103 se afl\u0103. Asigura\u021bi acces constant la ap\u0103 proasp\u0103t\u0103. Servi\u021bi m\u00e2ncarea la temperatura camerei. Dac\u0103 hrana este administrat\u0103 pentru a cre\u0219te varietatea \u0219i gustul, reduce\u021bi doza zilnic\u0103 recomandat\u0103 din hrana obi\u0219nuit\u0103 a pisicii dvs. Dupa deschidere se pastreaza la frigider. Perioada de valabilitate: 24 luni.<\/p>\n<p><strong>Masa de hranire<\/strong><\/p>\n<table>\n<thead>\n<tr>\n<th>Greutatea pisicii, kg<\/th>\n<th>P\u0103ianjeni pe zi<\/th>\n<\/tr>\n<\/thead>\n<tbody>\n<tr>\n<td>3<\/td>\n<td>2<\/td>\n<\/tr>\n<tr>\n<td>4-6<\/td>\n<td>3-4<\/td>\n<\/tr>\n<tr>\n<td>6-8<\/td>\n<td>4-6<\/td>\n<\/tr>\n<\/tbody>\n<\/table>","protected":false},"excerpt":{"rendered":"<p>Hrana umeda super premium, completa, fara cereale, pentru pisici sterilizate. File \u00een sos de iepure, \u00eembog\u0103\u021bit cu c\u0103tin\u0103 \u0219i nastur\u021biu, con\u021bine antioxidan\u021bi naturali aproba\u021bi UE. Alimentele ofer\u0103 o palatabilitate ridicat\u0103 \u0219i ajut\u0103 la men\u021binerea s\u0103n\u0103t\u0103\u021bii tractului urinar.<\/p>","protected":false},"featured_media":91444,"comment_status":"open","ping_status":"closed","template":"","meta":[],"product_brand":[],"product_cat":[310,309,193],"product_tag":[638,296,355,361],"class_list":{"0":"post-84413","1":"product","2":"type-product","3":"status-publish","4":"has-post-thumbnail","6":"product_cat-catwet","7":"product_cat-catfood","8":"product_cat-cat","9":"product_tag-brit","10":"product_tag-vlazhnyj-korm","11":"product_tag-krolik","12":"product_tag-sterilizovannaya-koshka","13":"pa_age-pet-vzroslyj","14":"pa_brand-brit-care","15":"pa_feed-class-super-premium","16":"pa_meat-ingredients-krolik","17":"pa_packaging-pauchi","18":"pa_pet-koshka","19":"pa_pet-feature-sterilizovannye","20":"pa_plant-ingredient-oblepiha","21":"pa_type-feed-vlazhnyj-korm","22":"pa_weight-85-gr","24":"first","25":"instock","26":"sale","27":"shipping-taxable","28":"product-type-simple"},"yoast_head":"<!-- This site is optimized with the Yoast SEO Premium plugin v23.7 (Yoast SEO v27.5) - https:\/\/yoast.com\/product\/yoast-seo-premium-wordpress\/ -->\n<title>Brit Care Cat \u0432\u043b\u0430\u0436\u043d\u044b\u0439 \u043a\u043e\u0440\u043c \u0434\u043b\u044f \u0441\u0442\u0435\u0440\u0438\u043b\u0438\u0437\u043e\u0432\u0430\u043d\u043d\u044b\u0445 \u043a\u043e\u0448\u0435\u043a \u0441 \u043a\u0440\u043e\u043b\u0438\u043a\u043e\u043c 85 \u0433<\/title>\n<meta name=\"description\" content=\"\u041a\u0443\u043f\u0438\u0442\u044c Brit Care Cat \u0432\u043b\u0430\u0436\u043d\u044b\u0439 \u043a\u043e\u0440\u043c \u0434\u043b\u044f \u0441\u0442\u0435\u0440\u0438\u043b\u0438\u0437\u043e\u0432\u0430\u043d\u043d\u044b\u0445 \u043a\u043e\u0448\u0435\u043a \u0441 \u043a\u0440\u043e\u043b\u0438\u043a\u043e\u043c 85 \u0433 \u0441 \u0434\u043e\u0441\u0442\u0430\u0432\u043a\u043e\u0439 \u043f\u043e \u041a\u0438\u0448\u0438\u043d\u0435\u0432\u0443 \u0438 \u0432\u0441\u0435\u0439 \u041c\u043e\u043b\u0434\u043e\u0432\u0435 \u043d\u0430 Pet24\" \/>\n<meta name=\"robots\" content=\"index, follow, max-snippet:-1, max-image-preview:large, max-video-preview:-1\" \/>\n<link rel=\"canonical\" href=\"https:\/\/pet24.md\/ro\/produs\/brit-care-cat-vlazhnyj-korm-dlya-sterilizovannyh-koshek-s-krolikom-85-g\/\" \/>\n<meta property=\"og:locale\" content=\"ro_RO\" \/>\n<meta property=\"og:type\" content=\"article\" \/>\n<meta property=\"og:title\" content=\"Brit Care Cat \u0432\u043b\u0430\u0436\u043d\u044b\u0439 \u043a\u043e\u0440\u043c \u0434\u043b\u044f \u0441\u0442\u0435\u0440\u0438\u043b\u0438\u0437\u043e\u0432\u0430\u043d\u043d\u044b\u0445 \u043a\u043e\u0448\u0435\u043a \u0441 \u043a\u0440\u043e\u043b\u0438\u043a\u043e\u043c 85 \u0433\" \/>\n<meta property=\"og:description\" content=\"\u041a\u0443\u043f\u0438\u0442\u044c Brit Care Cat \u0432\u043b\u0430\u0436\u043d\u044b\u0439 \u043a\u043e\u0440\u043c \u0434\u043b\u044f \u0441\u0442\u0435\u0440\u0438\u043b\u0438\u0437\u043e\u0432\u0430\u043d\u043d\u044b\u0445 \u043a\u043e\u0448\u0435\u043a \u0441 \u043a\u0440\u043e\u043b\u0438\u043a\u043e\u043c 85 \u0433 \u0441 \u0434\u043e\u0441\u0442\u0430\u0432\u043a\u043e\u0439 \u043f\u043e \u041a\u0438\u0448\u0438\u043d\u0435\u0432\u0443 \u0438 \u0432\u0441\u0435\u0439 \u041c\u043e\u043b\u0434\u043e\u0432\u0435 \u043d\u0430 Pet24\" \/>\n<meta property=\"og:url\" content=\"https:\/\/pet24.md\/ro\/produs\/brit-care-cat-vlazhnyj-korm-dlya-sterilizovannyh-koshek-s-krolikom-85-g\/\" \/>\n<meta property=\"og:site_name\" content=\"Pet24\" \/>\n<meta property=\"article:publisher\" content=\"https:\/\/www.facebook.com\/pet24.md\" \/>\n<meta property=\"article:modified_time\" content=\"2025-02-09T08:48:24+00:00\" \/>\n<meta property=\"og:image\" content=\"https:\/\/pet24.md\/wp-content\/uploads\/2024\/07\/brit-care-cat-vlazhnyj-korm-dlya-sterilizovannyh-koshek-s-krolikom-85-g.png\" \/>\n\t<meta property=\"og:image:width\" content=\"600\" \/>\n\t<meta property=\"og:image:height\" content=\"600\" \/>\n\t<meta property=\"og:image:type\" content=\"image\/png\" \/>\n<meta name=\"twitter:card\" content=\"summary_large_image\" \/>\n<meta name=\"twitter:label1\" content=\"Timp estimat pentru citire\" \/>\n\t<meta name=\"twitter:data1\" content=\"2 minute\" \/>\n<script type=\"application\/ld+json\" class=\"yoast-schema-graph\">{\"@context\":\"https:\\\/\\\/schema.org\",\"@graph\":[{\"@type\":\"WebPage\",\"@id\":\"https:\\\/\\\/pet24.md\\\/product\\\/brit-care-cat-vlazhnyj-korm-dlya-sterilizovannyh-koshek-s-krolikom-85-g\\\/\",\"url\":\"https:\\\/\\\/pet24.md\\\/product\\\/brit-care-cat-vlazhnyj-korm-dlya-sterilizovannyh-koshek-s-krolikom-85-g\\\/\",\"name\":\"Brit Care Cat \u0432\u043b\u0430\u0436\u043d\u044b\u0439 \u043a\u043e\u0440\u043c \u0434\u043b\u044f \u0441\u0442\u0435\u0440\u0438\u043b\u0438\u0437\u043e\u0432\u0430\u043d\u043d\u044b\u0445 \u043a\u043e\u0448\u0435\u043a \u0441 \u043a\u0440\u043e\u043b\u0438\u043a\u043e\u043c 85 \u0433\",\"isPartOf\":{\"@id\":\"https:\\\/\\\/pet24.md\\\/#website\"},\"primaryImageOfPage\":{\"@id\":\"https:\\\/\\\/pet24.md\\\/product\\\/brit-care-cat-vlazhnyj-korm-dlya-sterilizovannyh-koshek-s-krolikom-85-g\\\/#primaryimage\"},\"image\":{\"@id\":\"https:\\\/\\\/pet24.md\\\/product\\\/brit-care-cat-vlazhnyj-korm-dlya-sterilizovannyh-koshek-s-krolikom-85-g\\\/#primaryimage\"},\"thumbnailUrl\":\"https:\\\/\\\/pet24.md\\\/wp-content\\\/uploads\\\/2024\\\/07\\\/brit-care-cat-vlazhnyj-korm-dlya-sterilizovannyh-koshek-s-krolikom-85-g.png\",\"datePublished\":\"2024-07-27T13:44:20+00:00\",\"dateModified\":\"2025-02-09T08:48:24+00:00\",\"description\":\"\u041a\u0443\u043f\u0438\u0442\u044c Brit Care Cat \u0432\u043b\u0430\u0436\u043d\u044b\u0439 \u043a\u043e\u0440\u043c \u0434\u043b\u044f \u0441\u0442\u0435\u0440\u0438\u043b\u0438\u0437\u043e\u0432\u0430\u043d\u043d\u044b\u0445 \u043a\u043e\u0448\u0435\u043a \u0441 \u043a\u0440\u043e\u043b\u0438\u043a\u043e\u043c 85 \u0433 \u0441 \u0434\u043e\u0441\u0442\u0430\u0432\u043a\u043e\u0439 \u043f\u043e \u041a\u0438\u0448\u0438\u043d\u0435\u0432\u0443 \u0438 \u0432\u0441\u0435\u0439 \u041c\u043e\u043b\u0434\u043e\u0432\u0435 \u043d\u0430 Pet24\",\"breadcrumb\":{\"@id\":\"https:\\\/\\\/pet24.md\\\/product\\\/brit-care-cat-vlazhnyj-korm-dlya-sterilizovannyh-koshek-s-krolikom-85-g\\\/#breadcrumb\"},\"inLanguage\":\"ro-RO\",\"potentialAction\":[{\"@type\":\"ReadAction\",\"target\":[\"https:\\\/\\\/pet24.md\\\/product\\\/brit-care-cat-vlazhnyj-korm-dlya-sterilizovannyh-koshek-s-krolikom-85-g\\\/\"]}]},{\"@type\":\"ImageObject\",\"inLanguage\":\"ro-RO\",\"@id\":\"https:\\\/\\\/pet24.md\\\/product\\\/brit-care-cat-vlazhnyj-korm-dlya-sterilizovannyh-koshek-s-krolikom-85-g\\\/#primaryimage\",\"url\":\"https:\\\/\\\/pet24.md\\\/wp-content\\\/uploads\\\/2024\\\/07\\\/brit-care-cat-vlazhnyj-korm-dlya-sterilizovannyh-koshek-s-krolikom-85-g.png\",\"contentUrl\":\"https:\\\/\\\/pet24.md\\\/wp-content\\\/uploads\\\/2024\\\/07\\\/brit-care-cat-vlazhnyj-korm-dlya-sterilizovannyh-koshek-s-krolikom-85-g.png\",\"width\":600,\"height\":600,\"caption\":\"Brit Care Cat \u0432\u043b\u0430\u0436\u043d\u044b\u0439 \u043a\u043e\u0440\u043c \u0434\u043b\u044f \u0441\u0442\u0435\u0440\u0438\u043b\u0438\u0437\u043e\u0432\u0430\u043d\u043d\u044b\u0445 \u043a\u043e\u0448\u0435\u043a \u0441 \u043a\u0440\u043e\u043b\u0438\u043a\u043e\u043c 85 \u0433\"},{\"@type\":\"BreadcrumbList\",\"@id\":\"https:\\\/\\\/pet24.md\\\/product\\\/brit-care-cat-vlazhnyj-korm-dlya-sterilizovannyh-koshek-s-krolikom-85-g\\\/#breadcrumb\",\"itemListElement\":[{\"@type\":\"ListItem\",\"position\":1,\"name\":\"\u0413\u043b\u0430\u0432\u043d\u0430\u044f \u0441\u0442\u0440\u0430\u043d\u0438\u0446\u0430\",\"item\":\"https:\\\/\\\/pet24.md\\\/\"},{\"@type\":\"ListItem\",\"position\":2,\"name\":\"\u041c\u0430\u0433\u0430\u0437\u0438\u043d\",\"item\":\"https:\\\/\\\/pet24.md\\\/shop\\\/\"},{\"@type\":\"ListItem\",\"position\":3,\"name\":\"Brit Care Cat \u0432\u043b\u0430\u0436\u043d\u044b\u0439 \u043a\u043e\u0440\u043c \u0434\u043b\u044f \u0441\u0442\u0435\u0440\u0438\u043b\u0438\u0437\u043e\u0432\u0430\u043d\u043d\u044b\u0445 \u043a\u043e\u0448\u0435\u043a \u0441 \u043a\u0440\u043e\u043b\u0438\u043a\u043e\u043c 85 \u0433\"}]},{\"@type\":\"WebSite\",\"@id\":\"https:\\\/\\\/pet24.md\\\/#website\",\"url\":\"https:\\\/\\\/pet24.md\\\/\",\"name\":\"Pet24\",\"description\":\"\u0417\u043e\u043e\u043c\u0430\u0433\u0430\u0437\u0438\u043d \u0442\u043e\u0432\u0430\u0440\u043e\u0432 \u0434\u043b\u044f \u0434\u043e\u043c\u0430\u0448\u043d\u0438\u0445 \u043f\u0438\u0442\u043e\u043c\u0446\u0435\u0432\",\"publisher\":{\"@id\":\"https:\\\/\\\/pet24.md\\\/#organization\"},\"potentialAction\":[{\"@type\":\"SearchAction\",\"target\":{\"@type\":\"EntryPoint\",\"urlTemplate\":\"https:\\\/\\\/pet24.md\\\/?s={search_term_string}\"},\"query-input\":{\"@type\":\"PropertyValueSpecification\",\"valueRequired\":true,\"valueName\":\"search_term_string\"}}],\"inLanguage\":\"ro-RO\"},{\"@type\":\"Organization\",\"@id\":\"https:\\\/\\\/pet24.md\\\/#organization\",\"name\":\"Pet24\",\"url\":\"https:\\\/\\\/pet24.md\\\/\",\"logo\":{\"@type\":\"ImageObject\",\"inLanguage\":\"ro-RO\",\"@id\":\"https:\\\/\\\/pet24.md\\\/#\\\/schema\\\/logo\\\/image\\\/\",\"url\":\"https:\\\/\\\/pet24.md\\\/wp-content\\\/uploads\\\/2024\\\/09\\\/logo.svg\",\"contentUrl\":\"https:\\\/\\\/pet24.md\\\/wp-content\\\/uploads\\\/2024\\\/09\\\/logo.svg\",\"width\":215,\"height\":66,\"caption\":\"Pet24\"},\"image\":{\"@id\":\"https:\\\/\\\/pet24.md\\\/#\\\/schema\\\/logo\\\/image\\\/\"},\"sameAs\":[\"https:\\\/\\\/www.facebook.com\\\/pet24.md\",\"https:\\\/\\\/www.instagram.com\\\/pet24.md\\\/\"],\"telephone\":\"+37360508880\"}]}<\/script>\n<!-- \/ Yoast SEO Premium plugin. -->","yoast_head_json":{"title":"Brit Care Cat hrana umeda pentru pisici sterilizate cu iepure 85 g","description":"\u041a\u0443\u043f\u0438\u0442\u044c Brit Care Cat \u0432\u043b\u0430\u0436\u043d\u044b\u0439 \u043a\u043e\u0440\u043c \u0434\u043b\u044f \u0441\u0442\u0435\u0440\u0438\u043b\u0438\u0437\u043e\u0432\u0430\u043d\u043d\u044b\u0445 \u043a\u043e\u0448\u0435\u043a \u0441 \u043a\u0440\u043e\u043b\u0438\u043a\u043e\u043c 85 \u0433 \u0441 \u0434\u043e\u0441\u0442\u0430\u0432\u043a\u043e\u0439 \u043f\u043e \u041a\u0438\u0448\u0438\u043d\u0435\u0432\u0443 \u0438 \u0432\u0441\u0435\u0439 \u041c\u043e\u043b\u0434\u043e\u0432\u0435 \u043d\u0430 Pet24","robots":{"index":"index","follow":"follow","max-snippet":"max-snippet:-1","max-image-preview":"max-image-preview:large","max-video-preview":"max-video-preview:-1"},"canonical":"https:\/\/pet24.md\/ro\/produs\/brit-care-cat-vlazhnyj-korm-dlya-sterilizovannyh-koshek-s-krolikom-85-g\/","og_locale":"ro_RO","og_type":"article","og_title":"Brit Care Cat \u0432\u043b\u0430\u0436\u043d\u044b\u0439 \u043a\u043e\u0440\u043c \u0434\u043b\u044f \u0441\u0442\u0435\u0440\u0438\u043b\u0438\u0437\u043e\u0432\u0430\u043d\u043d\u044b\u0445 \u043a\u043e\u0448\u0435\u043a \u0441 \u043a\u0440\u043e\u043b\u0438\u043a\u043e\u043c 85 \u0433","og_description":"\u041a\u0443\u043f\u0438\u0442\u044c Brit Care Cat \u0432\u043b\u0430\u0436\u043d\u044b\u0439 \u043a\u043e\u0440\u043c \u0434\u043b\u044f \u0441\u0442\u0435\u0440\u0438\u043b\u0438\u0437\u043e\u0432\u0430\u043d\u043d\u044b\u0445 \u043a\u043e\u0448\u0435\u043a \u0441 \u043a\u0440\u043e\u043b\u0438\u043a\u043e\u043c 85 \u0433 \u0441 \u0434\u043e\u0441\u0442\u0430\u0432\u043a\u043e\u0439 \u043f\u043e \u041a\u0438\u0448\u0438\u043d\u0435\u0432\u0443 \u0438 \u0432\u0441\u0435\u0439 \u041c\u043e\u043b\u0434\u043e\u0432\u0435 \u043d\u0430 Pet24","og_url":"https:\/\/pet24.md\/ro\/produs\/brit-care-cat-vlazhnyj-korm-dlya-sterilizovannyh-koshek-s-krolikom-85-g\/","og_site_name":"Pet24","article_publisher":"https:\/\/www.facebook.com\/pet24.md","article_modified_time":"2025-02-09T08:48:24+00:00","og_image":[{"width":600,"height":600,"url":"https:\/\/pet24.md\/wp-content\/uploads\/2024\/07\/brit-care-cat-vlazhnyj-korm-dlya-sterilizovannyh-koshek-s-krolikom-85-g.png","type":"image\/png"}],"twitter_card":"summary_large_image","twitter_misc":{"Timp estimat pentru citire":"2 minute"},"schema":{"@context":"https:\/\/schema.org","@graph":[{"@type":"WebPage","@id":"https:\/\/pet24.md\/product\/brit-care-cat-vlazhnyj-korm-dlya-sterilizovannyh-koshek-s-krolikom-85-g\/","url":"https:\/\/pet24.md\/product\/brit-care-cat-vlazhnyj-korm-dlya-sterilizovannyh-koshek-s-krolikom-85-g\/","name":"Brit Care Cat hrana umeda pentru pisici sterilizate cu iepure 85 g","isPartOf":{"@id":"https:\/\/pet24.md\/#website"},"primaryImageOfPage":{"@id":"https:\/\/pet24.md\/product\/brit-care-cat-vlazhnyj-korm-dlya-sterilizovannyh-koshek-s-krolikom-85-g\/#primaryimage"},"image":{"@id":"https:\/\/pet24.md\/product\/brit-care-cat-vlazhnyj-korm-dlya-sterilizovannyh-koshek-s-krolikom-85-g\/#primaryimage"},"thumbnailUrl":"https:\/\/pet24.md\/wp-content\/uploads\/2024\/07\/brit-care-cat-vlazhnyj-korm-dlya-sterilizovannyh-koshek-s-krolikom-85-g.png","datePublished":"2024-07-27T13:44:20+00:00","dateModified":"2025-02-09T08:48:24+00:00","description":"\u041a\u0443\u043f\u0438\u0442\u044c Brit Care Cat \u0432\u043b\u0430\u0436\u043d\u044b\u0439 \u043a\u043e\u0440\u043c \u0434\u043b\u044f \u0441\u0442\u0435\u0440\u0438\u043b\u0438\u0437\u043e\u0432\u0430\u043d\u043d\u044b\u0445 \u043a\u043e\u0448\u0435\u043a \u0441 \u043a\u0440\u043e\u043b\u0438\u043a\u043e\u043c 85 \u0433 \u0441 \u0434\u043e\u0441\u0442\u0430\u0432\u043a\u043e\u0439 \u043f\u043e \u041a\u0438\u0448\u0438\u043d\u0435\u0432\u0443 \u0438 \u0432\u0441\u0435\u0439 \u041c\u043e\u043b\u0434\u043e\u0432\u0435 \u043d\u0430 Pet24","breadcrumb":{"@id":"https:\/\/pet24.md\/product\/brit-care-cat-vlazhnyj-korm-dlya-sterilizovannyh-koshek-s-krolikom-85-g\/#breadcrumb"},"inLanguage":"ro-RO","potentialAction":[{"@type":"ReadAction","target":["https:\/\/pet24.md\/product\/brit-care-cat-vlazhnyj-korm-dlya-sterilizovannyh-koshek-s-krolikom-85-g\/"]}]},{"@type":"ImageObject","inLanguage":"ro-RO","@id":"https:\/\/pet24.md\/product\/brit-care-cat-vlazhnyj-korm-dlya-sterilizovannyh-koshek-s-krolikom-85-g\/#primaryimage","url":"https:\/\/pet24.md\/wp-content\/uploads\/2024\/07\/brit-care-cat-vlazhnyj-korm-dlya-sterilizovannyh-koshek-s-krolikom-85-g.png","contentUrl":"https:\/\/pet24.md\/wp-content\/uploads\/2024\/07\/brit-care-cat-vlazhnyj-korm-dlya-sterilizovannyh-koshek-s-krolikom-85-g.png","width":600,"height":600,"caption":"Brit Care Cat \u0432\u043b\u0430\u0436\u043d\u044b\u0439 \u043a\u043e\u0440\u043c \u0434\u043b\u044f \u0441\u0442\u0435\u0440\u0438\u043b\u0438\u0437\u043e\u0432\u0430\u043d\u043d\u044b\u0445 \u043a\u043e\u0448\u0435\u043a \u0441 \u043a\u0440\u043e\u043b\u0438\u043a\u043e\u043c 85 \u0433"},{"@type":"BreadcrumbList","@id":"https:\/\/pet24.md\/product\/brit-care-cat-vlazhnyj-korm-dlya-sterilizovannyh-koshek-s-krolikom-85-g\/#breadcrumb","itemListElement":[{"@type":"ListItem","position":1,"name":"\u0413\u043b\u0430\u0432\u043d\u0430\u044f \u0441\u0442\u0440\u0430\u043d\u0438\u0446\u0430","item":"https:\/\/pet24.md\/"},{"@type":"ListItem","position":2,"name":"\u041c\u0430\u0433\u0430\u0437\u0438\u043d","item":"https:\/\/pet24.md\/shop\/"},{"@type":"ListItem","position":3,"name":"Brit Care Cat \u0432\u043b\u0430\u0436\u043d\u044b\u0439 \u043a\u043e\u0440\u043c \u0434\u043b\u044f \u0441\u0442\u0435\u0440\u0438\u043b\u0438\u0437\u043e\u0432\u0430\u043d\u043d\u044b\u0445 \u043a\u043e\u0448\u0435\u043a \u0441 \u043a\u0440\u043e\u043b\u0438\u043a\u043e\u043c 85 \u0433"}]},{"@type":"WebSite","@id":"https:\/\/pet24.md\/#website","url":"https:\/\/pet24.md\/","name":"Pet24","description":"Magazin de animale de companie","publisher":{"@id":"https:\/\/pet24.md\/#organization"},"potentialAction":[{"@type":"SearchAction","target":{"@type":"EntryPoint","urlTemplate":"https:\/\/pet24.md\/?s={search_term_string}"},"query-input":{"@type":"PropertyValueSpecification","valueRequired":true,"valueName":"search_term_string"}}],"inLanguage":"ro-RO"},{"@type":"Organization","@id":"https:\/\/pet24.md\/#organization","name":"Pet24","url":"https:\/\/pet24.md\/","logo":{"@type":"ImageObject","inLanguage":"ro-RO","@id":"https:\/\/pet24.md\/#\/schema\/logo\/image\/","url":"https:\/\/pet24.md\/wp-content\/uploads\/2024\/09\/logo.svg","contentUrl":"https:\/\/pet24.md\/wp-content\/uploads\/2024\/09\/logo.svg","width":215,"height":66,"caption":"Pet24"},"image":{"@id":"https:\/\/pet24.md\/#\/schema\/logo\/image\/"},"sameAs":["https:\/\/www.facebook.com\/pet24.md","https:\/\/www.instagram.com\/pet24.md\/"],"telephone":"+37360508880"}]}},"_links":{"self":[{"href":"https:\/\/pet24.md\/ro\/wp-json\/wp\/v2\/product\/84413","targetHints":{"allow":["GET"]}}],"collection":[{"href":"https:\/\/pet24.md\/ro\/wp-json\/wp\/v2\/product"}],"about":[{"href":"https:\/\/pet24.md\/ro\/wp-json\/wp\/v2\/types\/product"}],"replies":[{"embeddable":true,"href":"https:\/\/pet24.md\/ro\/wp-json\/wp\/v2\/comments?post=84413"}],"wp:featuredmedia":[{"embeddable":true,"href":"https:\/\/pet24.md\/ro\/wp-json\/wp\/v2\/media\/91444"}],"wp:attachment":[{"href":"https:\/\/pet24.md\/ro\/wp-json\/wp\/v2\/media?parent=84413"}],"wp:term":[{"taxonomy":"product_brand","embeddable":true,"href":"https:\/\/pet24.md\/ro\/wp-json\/wp\/v2\/product_brand?post=84413"},{"taxonomy":"product_cat","embeddable":true,"href":"https:\/\/pet24.md\/ro\/wp-json\/wp\/v2\/product_cat?post=84413"},{"taxonomy":"product_tag","embeddable":true,"href":"https:\/\/pet24.md\/ro\/wp-json\/wp\/v2\/product_tag?post=84413"}],"curies":[{"name":"wp","href":"https:\/\/api.w.org\/{rel}","templated":true}]}}