{"id":84419,"date":"2024-07-27T14:14:30","date_gmt":"2024-07-27T14:14:30","guid":{"rendered":"https:\/\/pet24.md\/?post_type=product&#038;p=84419"},"modified":"2025-02-09T07:52:49","modified_gmt":"2025-02-09T07:52:49","slug":"brit-care-vlazhnyj-korm-dlya-sobak-malyh-porod-file-krolika-i-lososya-v-nezhnom-soke-85-g","status":"publish","type":"product","link":"https:\/\/pet24.md\/ro\/produs\/brit-care-vlazhnyj-korm-dlya-sobak-malyh-porod-file-krolika-i-lososya-v-nezhnom-soke-85-g\/","title":{"rendered":"Brit Care hrana umeda pentru caini de talie mica file de iepure si somon in suc fraged 85 g"},"content":{"rendered":"<h3>Buc\u0103\u021bi de file de carne \u00een suc fraged pentru c\u00e2ini de talie mic\u0103 \u0219i mini<\/h3>\n<p><strong>Un adaos grozav la dieta ta:<\/strong> Buc\u0103\u021bile de file de carne \u00een suc fraged sunt un adaos excelent la crochete, concepute pentru a \u00eembun\u0103t\u0103\u021bi dieta c\u00e2inilor de rase mici \u0219i mini preten\u021bio\u0219i. Aceasta este o hran\u0103 cuprinz\u0103toare super premium pentru c\u00e2ini adul\u021bi, care are un gust excelent \u0219i este \u00eembog\u0103\u021bit\u0103 cu prebiotice pentru a \u00eembun\u0103t\u0103\u021bi digestia.<\/p>\n<p><strong>Avantaje:<\/strong><\/p>\n<ul>\n<li>Gust excelent<\/li>\n<li>\u00cembog\u0103\u021bit cu prebiotice pentru o bun\u0103 digestie<\/li>\n<li>: Contine rozmarin, turmeric, cuisoare, citrice si afine.<\/li>\n<li>Cel mai potrivit pentru c\u00e2ini preten\u021bio\u0219i<\/li>\n<\/ul>\n<p><strong>Compus:<\/strong><\/p>\n<ul>\n<li>45% carne \u0219i subproduse animale \u00een file (4% iepure)<\/li>\n<li>35% pe\u0219te \u0219i produse din pe\u0219te \u00een file (4% somon)<\/li>\n<li>9.6% suc de carne<\/li>\n<li>1.5% ierburi \u0219i fructe (cui\u0219oare, citrice, rozmarin, turmeric)<\/li>\n<li>0,5% afin<\/li>\n<li>1% minerale<\/li>\n<li>1% ulei de somon<\/li>\n<li>0,51 TP3T mananoligozaharide<\/li>\n<li>0,51 TP3T fructooligozaharide<\/li>\n<li>0,41 TP3T inulin\u0103<\/li>\n<\/ul>\n<p><strong>Componente analitice:<\/strong><\/p>\n<ul>\n<li>Protein\u0103 brut\u0103: 9%<\/li>\n<li>Compozi\u021bia gr\u0103simii: 4%<\/li>\n<li>Cenu\u0219\u0103 brut\u0103: 2,1%<\/li>\n<li>Fibr\u0103 brut\u0103: 0,4%<\/li>\n<li>Umiditate: 82%<\/li>\n<li>Calciu: 0,3%<\/li>\n<li>Fosfor: 0,2%<\/li>\n<li>Sodiu: 0,5%<\/li>\n<\/ul>\n<p><strong>Compozi\u021bia nutri\u021bional\u0103:<\/strong><\/p>\n<ul>\n<li>Vitamina D3 (E671): 250 UI<\/li>\n<li>Vitamina E (3a700): 100 mg<\/li>\n<li>Zinc (3b606): 15 mg<\/li>\n<li>Fier (3b103): 10 mg<\/li>\n<li>Mangan (3b502): 3 mg<\/li>\n<li>Iod (3b201): 0,75 mg<\/li>\n<li>Cupru (E4): 0,5 mg<\/li>\n<li>Biotin\u0103 (3a880): 0,2 mg<\/li>\n<\/ul>\n<p><strong>Valoare energetica:<\/strong><\/p>\n<ul>\n<li>820 kcal\/kg<\/li>\n<\/ul>\n<p><strong>Instructiuni de utilizare:<\/strong> C\u00e2nd folosi\u021bi alimente pentru a cre\u0219te varietatea \u0219i gustul alimentelor, ar trebui s\u0103 reduce\u021bi doza zilnic\u0103 recomandat\u0103 pentru dieta obi\u0219nuit\u0103 a c\u00e2inelui dumneavoastr\u0103. Servi\u021bi m\u00e2ncarea la temperatura camerei. Ofer\u0103 c\u00e2inelui t\u0103u ap\u0103 proasp\u0103t\u0103 de b\u0103ut. A se pastra intr-un loc racoros si uscat. P\u0103stra\u021bi alimentele deschise \u00een frigider.<\/p>\n<p><strong>Doza zilnic\u0103 recomandat\u0103:<\/strong><\/p>\n<ul>\n<li>Rasa de juc\u0103rie (2-5 kg): 2-3,5 buc\u0103\u021bi<\/li>\n<li>Rasa mica (5-10 kg): 3,5-6 bucati<\/li>\n<\/ul>\n<p>Aceast\u0103 hran\u0103 este ideal\u0103 pentru c\u00e2inii de talie mic\u0103 \u0219i mini, oferindu-le o nutri\u021bie complet\u0103 \u0219i men\u021bin\u00e2nd s\u0103n\u0103tatea datorit\u0103 ingredientelor de \u00eenalt\u0103 calitate \u0219i a unei compozi\u021bii echilibrate.<\/p>","protected":false},"excerpt":{"rendered":"<p>Buc\u0103\u021bile de file de carne \u00een suc fraged sunt un adaos ideal \u00een dieta c\u00e2inilor preten\u021bio\u0219i de rase mici \u0219i mini, \u00eembog\u0103\u021bite cu prebiotice pentru o bun\u0103 digestie. Include 45% de carne, 35% de pe\u0219te \u0219i ierburi \u0219i fructe benefice pentru a sus\u021bine s\u0103n\u0103tatea.<\/p>","protected":false},"featured_media":91345,"comment_status":"open","ping_status":"closed","template":"","meta":[],"product_brand":[],"product_cat":[136,294,293],"product_tag":[638,296,355,480],"class_list":{"0":"post-84419","1":"product","2":"type-product","3":"status-publish","4":"has-post-thumbnail","6":"product_cat-dog","7":"product_cat-dogwet","8":"product_cat-dogfood","9":"product_tag-brit","10":"product_tag-vlazhnyj-korm","11":"product_tag-krolik","12":"product_tag-sobaka","13":"pa_age-pet-vzroslyj","14":"pa_brand-brit-care","15":"pa_breed-size-dlya-vseh-porod","16":"pa_feed-class-super-premium","17":"pa_meat-ingredients-krolik","18":"pa_meat-ingredients-losos","19":"pa_packaging-pauchi","20":"pa_pet-sobaka","21":"pa_pet-feature-zdorovyj-pitomecz","22":"pa_plant-ingredient-travy-i-frukty","23":"pa_type-feed-vlazhnyj-korm","24":"pa_weight-85-gr","26":"first","27":"instock","28":"sale","29":"shipping-taxable","30":"product-type-simple"},"yoast_head":"<!-- This site is optimized with the Yoast SEO Premium plugin v23.7 (Yoast SEO v27.5) - https:\/\/yoast.com\/product\/yoast-seo-premium-wordpress\/ -->\n<title>Brit Care \u0432\u043b\u0430\u0436\u043d\u044b\u0439 \u043a\u043e\u0440\u043c \u0434\u043b\u044f \u0441\u043e\u0431\u0430\u043a \u043c\u0430\u043b\u044b\u0445 \u043f\u043e\u0440\u043e\u0434 \u0444\u0438\u043b\u0435 \u043a\u0440\u043e\u043b\u0438\u043a\u0430 \u0438 \u043b\u043e\u0441\u043e\u0441\u044f \u0432 \u043d\u0435\u0436\u043d\u043e\u043c \u0441\u043e\u043a\u0435 85 \u0433<\/title>\n<meta name=\"description\" content=\"\u041a\u0443\u043f\u0438\u0442\u044c Brit Care \u0432\u043b\u0430\u0436\u043d\u044b\u0439 \u043a\u043e\u0440\u043c \u0434\u043b\u044f \u0441\u043e\u0431\u0430\u043a \u043c\u0430\u043b\u044b\u0445 \u043f\u043e\u0440\u043e\u0434 \u0444\u0438\u043b\u0435 \u043a\u0440\u043e\u043b\u0438\u043a\u0430 \u0438 \u043b\u043e\u0441\u043e\u0441\u044f \u0432 \u043d\u0435\u0436\u043d\u043e\u043c \u0441\u043e\u043a\u0435 85 \u0433 \u0441 \u0434\u043e\u0441\u0442\u0430\u0432\u043a\u043e\u0439 \u043f\u043e \u041a\u0438\u0448\u0438\u043d\u0435\u0432\u0443 \u0438 \u0432\u0441\u0435\u0439 \u041c\u043e\u043b\u0434\u043e\u0432\u0435 \u043d\u0430 Pet24\" \/>\n<meta name=\"robots\" content=\"index, follow, max-snippet:-1, max-image-preview:large, max-video-preview:-1\" \/>\n<link rel=\"canonical\" href=\"https:\/\/pet24.md\/ro\/produs\/brit-care-vlazhnyj-korm-dlya-sobak-malyh-porod-file-krolika-i-lososya-v-nezhnom-soke-85-g\/\" \/>\n<meta property=\"og:locale\" content=\"ro_RO\" \/>\n<meta property=\"og:type\" content=\"article\" \/>\n<meta property=\"og:title\" content=\"Brit Care \u0432\u043b\u0430\u0436\u043d\u044b\u0439 \u043a\u043e\u0440\u043c \u0434\u043b\u044f \u0441\u043e\u0431\u0430\u043a \u043c\u0430\u043b\u044b\u0445 \u043f\u043e\u0440\u043e\u0434 \u0444\u0438\u043b\u0435 \u043a\u0440\u043e\u043b\u0438\u043a\u0430 \u0438 \u043b\u043e\u0441\u043e\u0441\u044f \u0432 \u043d\u0435\u0436\u043d\u043e\u043c \u0441\u043e\u043a\u0435 85 \u0433\" \/>\n<meta property=\"og:description\" content=\"\u041a\u0443\u043f\u0438\u0442\u044c Brit Care \u0432\u043b\u0430\u0436\u043d\u044b\u0439 \u043a\u043e\u0440\u043c \u0434\u043b\u044f \u0441\u043e\u0431\u0430\u043a \u043c\u0430\u043b\u044b\u0445 \u043f\u043e\u0440\u043e\u0434 \u0444\u0438\u043b\u0435 \u043a\u0440\u043e\u043b\u0438\u043a\u0430 \u0438 \u043b\u043e\u0441\u043e\u0441\u044f \u0432 \u043d\u0435\u0436\u043d\u043e\u043c \u0441\u043e\u043a\u0435 85 \u0433 \u0441 \u0434\u043e\u0441\u0442\u0430\u0432\u043a\u043e\u0439 \u043f\u043e \u041a\u0438\u0448\u0438\u043d\u0435\u0432\u0443 \u0438 \u0432\u0441\u0435\u0439 \u041c\u043e\u043b\u0434\u043e\u0432\u0435 \u043d\u0430 Pet24\" \/>\n<meta property=\"og:url\" content=\"https:\/\/pet24.md\/ro\/produs\/brit-care-vlazhnyj-korm-dlya-sobak-malyh-porod-file-krolika-i-lososya-v-nezhnom-soke-85-g\/\" \/>\n<meta property=\"og:site_name\" content=\"Pet24\" \/>\n<meta property=\"article:publisher\" content=\"https:\/\/www.facebook.com\/pet24.md\" \/>\n<meta property=\"article:modified_time\" content=\"2025-02-09T07:52:49+00:00\" \/>\n<meta property=\"og:image\" content=\"https:\/\/pet24.md\/wp-content\/uploads\/2024\/07\/brit-care-vlazhnyj-korm-dlya-sobak-malyh-porod-file-krolika-i-lososya-v-nezhnom-soke-85-g.png\" \/>\n\t<meta property=\"og:image:width\" content=\"500\" \/>\n\t<meta property=\"og:image:height\" content=\"500\" \/>\n\t<meta property=\"og:image:type\" content=\"image\/png\" \/>\n<meta name=\"twitter:card\" content=\"summary_large_image\" \/>\n<meta name=\"twitter:label1\" content=\"Timp estimat pentru citire\" \/>\n\t<meta name=\"twitter:data1\" content=\"2 minute\" \/>\n<script type=\"application\/ld+json\" class=\"yoast-schema-graph\">{\"@context\":\"https:\\\/\\\/schema.org\",\"@graph\":[{\"@type\":\"WebPage\",\"@id\":\"https:\\\/\\\/pet24.md\\\/product\\\/brit-care-vlazhnyj-korm-dlya-sobak-malyh-porod-file-krolika-i-lososya-v-nezhnom-soke-85-g\\\/\",\"url\":\"https:\\\/\\\/pet24.md\\\/product\\\/brit-care-vlazhnyj-korm-dlya-sobak-malyh-porod-file-krolika-i-lososya-v-nezhnom-soke-85-g\\\/\",\"name\":\"Brit Care \u0432\u043b\u0430\u0436\u043d\u044b\u0439 \u043a\u043e\u0440\u043c \u0434\u043b\u044f \u0441\u043e\u0431\u0430\u043a \u043c\u0430\u043b\u044b\u0445 \u043f\u043e\u0440\u043e\u0434 \u0444\u0438\u043b\u0435 \u043a\u0440\u043e\u043b\u0438\u043a\u0430 \u0438 \u043b\u043e\u0441\u043e\u0441\u044f \u0432 \u043d\u0435\u0436\u043d\u043e\u043c \u0441\u043e\u043a\u0435 85 \u0433\",\"isPartOf\":{\"@id\":\"https:\\\/\\\/pet24.md\\\/#website\"},\"primaryImageOfPage\":{\"@id\":\"https:\\\/\\\/pet24.md\\\/product\\\/brit-care-vlazhnyj-korm-dlya-sobak-malyh-porod-file-krolika-i-lososya-v-nezhnom-soke-85-g\\\/#primaryimage\"},\"image\":{\"@id\":\"https:\\\/\\\/pet24.md\\\/product\\\/brit-care-vlazhnyj-korm-dlya-sobak-malyh-porod-file-krolika-i-lososya-v-nezhnom-soke-85-g\\\/#primaryimage\"},\"thumbnailUrl\":\"https:\\\/\\\/pet24.md\\\/wp-content\\\/uploads\\\/2024\\\/07\\\/brit-care-vlazhnyj-korm-dlya-sobak-malyh-porod-file-krolika-i-lososya-v-nezhnom-soke-85-g.png\",\"datePublished\":\"2024-07-27T14:14:30+00:00\",\"dateModified\":\"2025-02-09T07:52:49+00:00\",\"description\":\"\u041a\u0443\u043f\u0438\u0442\u044c Brit Care \u0432\u043b\u0430\u0436\u043d\u044b\u0439 \u043a\u043e\u0440\u043c \u0434\u043b\u044f \u0441\u043e\u0431\u0430\u043a \u043c\u0430\u043b\u044b\u0445 \u043f\u043e\u0440\u043e\u0434 \u0444\u0438\u043b\u0435 \u043a\u0440\u043e\u043b\u0438\u043a\u0430 \u0438 \u043b\u043e\u0441\u043e\u0441\u044f \u0432 \u043d\u0435\u0436\u043d\u043e\u043c \u0441\u043e\u043a\u0435 85 \u0433 \u0441 \u0434\u043e\u0441\u0442\u0430\u0432\u043a\u043e\u0439 \u043f\u043e \u041a\u0438\u0448\u0438\u043d\u0435\u0432\u0443 \u0438 \u0432\u0441\u0435\u0439 \u041c\u043e\u043b\u0434\u043e\u0432\u0435 \u043d\u0430 Pet24\",\"breadcrumb\":{\"@id\":\"https:\\\/\\\/pet24.md\\\/product\\\/brit-care-vlazhnyj-korm-dlya-sobak-malyh-porod-file-krolika-i-lososya-v-nezhnom-soke-85-g\\\/#breadcrumb\"},\"inLanguage\":\"ro-RO\",\"potentialAction\":[{\"@type\":\"ReadAction\",\"target\":[\"https:\\\/\\\/pet24.md\\\/product\\\/brit-care-vlazhnyj-korm-dlya-sobak-malyh-porod-file-krolika-i-lososya-v-nezhnom-soke-85-g\\\/\"]}]},{\"@type\":\"ImageObject\",\"inLanguage\":\"ro-RO\",\"@id\":\"https:\\\/\\\/pet24.md\\\/product\\\/brit-care-vlazhnyj-korm-dlya-sobak-malyh-porod-file-krolika-i-lososya-v-nezhnom-soke-85-g\\\/#primaryimage\",\"url\":\"https:\\\/\\\/pet24.md\\\/wp-content\\\/uploads\\\/2024\\\/07\\\/brit-care-vlazhnyj-korm-dlya-sobak-malyh-porod-file-krolika-i-lososya-v-nezhnom-soke-85-g.png\",\"contentUrl\":\"https:\\\/\\\/pet24.md\\\/wp-content\\\/uploads\\\/2024\\\/07\\\/brit-care-vlazhnyj-korm-dlya-sobak-malyh-porod-file-krolika-i-lososya-v-nezhnom-soke-85-g.png\",\"width\":500,\"height\":500,\"caption\":\"Brit Care \u0432\u043b\u0430\u0436\u043d\u044b\u0439 \u043a\u043e\u0440\u043c \u0434\u043b\u044f \u0441\u043e\u0431\u0430\u043a \u043c\u0430\u043b\u044b\u0445 \u043f\u043e\u0440\u043e\u0434 \u0444\u0438\u043b\u0435 \u043a\u0440\u043e\u043b\u0438\u043a\u0430 \u0438 \u043b\u043e\u0441\u043e\u0441\u044f \u0432 \u043d\u0435\u0436\u043d\u043e\u043c \u0441\u043e\u043a\u0435 85 \u0433\"},{\"@type\":\"BreadcrumbList\",\"@id\":\"https:\\\/\\\/pet24.md\\\/product\\\/brit-care-vlazhnyj-korm-dlya-sobak-malyh-porod-file-krolika-i-lososya-v-nezhnom-soke-85-g\\\/#breadcrumb\",\"itemListElement\":[{\"@type\":\"ListItem\",\"position\":1,\"name\":\"\u0413\u043b\u0430\u0432\u043d\u0430\u044f \u0441\u0442\u0440\u0430\u043d\u0438\u0446\u0430\",\"item\":\"https:\\\/\\\/pet24.md\\\/\"},{\"@type\":\"ListItem\",\"position\":2,\"name\":\"\u041c\u0430\u0433\u0430\u0437\u0438\u043d\",\"item\":\"https:\\\/\\\/pet24.md\\\/shop\\\/\"},{\"@type\":\"ListItem\",\"position\":3,\"name\":\"Brit Care \u0432\u043b\u0430\u0436\u043d\u044b\u0439 \u043a\u043e\u0440\u043c \u0434\u043b\u044f \u0441\u043e\u0431\u0430\u043a \u043c\u0430\u043b\u044b\u0445 \u043f\u043e\u0440\u043e\u0434 \u0444\u0438\u043b\u0435 \u043a\u0440\u043e\u043b\u0438\u043a\u0430 \u0438 \u043b\u043e\u0441\u043e\u0441\u044f \u0432 \u043d\u0435\u0436\u043d\u043e\u043c \u0441\u043e\u043a\u0435 85 \u0433\"}]},{\"@type\":\"WebSite\",\"@id\":\"https:\\\/\\\/pet24.md\\\/#website\",\"url\":\"https:\\\/\\\/pet24.md\\\/\",\"name\":\"Pet24\",\"description\":\"\u0417\u043e\u043e\u043c\u0430\u0433\u0430\u0437\u0438\u043d \u0442\u043e\u0432\u0430\u0440\u043e\u0432 \u0434\u043b\u044f \u0434\u043e\u043c\u0430\u0448\u043d\u0438\u0445 \u043f\u0438\u0442\u043e\u043c\u0446\u0435\u0432\",\"publisher\":{\"@id\":\"https:\\\/\\\/pet24.md\\\/#organization\"},\"potentialAction\":[{\"@type\":\"SearchAction\",\"target\":{\"@type\":\"EntryPoint\",\"urlTemplate\":\"https:\\\/\\\/pet24.md\\\/?s={search_term_string}\"},\"query-input\":{\"@type\":\"PropertyValueSpecification\",\"valueRequired\":true,\"valueName\":\"search_term_string\"}}],\"inLanguage\":\"ro-RO\"},{\"@type\":\"Organization\",\"@id\":\"https:\\\/\\\/pet24.md\\\/#organization\",\"name\":\"Pet24\",\"url\":\"https:\\\/\\\/pet24.md\\\/\",\"logo\":{\"@type\":\"ImageObject\",\"inLanguage\":\"ro-RO\",\"@id\":\"https:\\\/\\\/pet24.md\\\/#\\\/schema\\\/logo\\\/image\\\/\",\"url\":\"https:\\\/\\\/pet24.md\\\/wp-content\\\/uploads\\\/2024\\\/09\\\/logo.svg\",\"contentUrl\":\"https:\\\/\\\/pet24.md\\\/wp-content\\\/uploads\\\/2024\\\/09\\\/logo.svg\",\"width\":215,\"height\":66,\"caption\":\"Pet24\"},\"image\":{\"@id\":\"https:\\\/\\\/pet24.md\\\/#\\\/schema\\\/logo\\\/image\\\/\"},\"sameAs\":[\"https:\\\/\\\/www.facebook.com\\\/pet24.md\",\"https:\\\/\\\/www.instagram.com\\\/pet24.md\\\/\"],\"telephone\":\"+37360508880\"}]}<\/script>\n<!-- \/ Yoast SEO Premium plugin. -->","yoast_head_json":{"title":"Brit Care hrana umeda pentru caini de talie mica file de iepure si somon in suc fraged 85 g","description":"\u041a\u0443\u043f\u0438\u0442\u044c Brit Care \u0432\u043b\u0430\u0436\u043d\u044b\u0439 \u043a\u043e\u0440\u043c \u0434\u043b\u044f \u0441\u043e\u0431\u0430\u043a \u043c\u0430\u043b\u044b\u0445 \u043f\u043e\u0440\u043e\u0434 \u0444\u0438\u043b\u0435 \u043a\u0440\u043e\u043b\u0438\u043a\u0430 \u0438 \u043b\u043e\u0441\u043e\u0441\u044f \u0432 \u043d\u0435\u0436\u043d\u043e\u043c \u0441\u043e\u043a\u0435 85 \u0433 \u0441 \u0434\u043e\u0441\u0442\u0430\u0432\u043a\u043e\u0439 \u043f\u043e \u041a\u0438\u0448\u0438\u043d\u0435\u0432\u0443 \u0438 \u0432\u0441\u0435\u0439 \u041c\u043e\u043b\u0434\u043e\u0432\u0435 \u043d\u0430 Pet24","robots":{"index":"index","follow":"follow","max-snippet":"max-snippet:-1","max-image-preview":"max-image-preview:large","max-video-preview":"max-video-preview:-1"},"canonical":"https:\/\/pet24.md\/ro\/produs\/brit-care-vlazhnyj-korm-dlya-sobak-malyh-porod-file-krolika-i-lososya-v-nezhnom-soke-85-g\/","og_locale":"ro_RO","og_type":"article","og_title":"Brit Care \u0432\u043b\u0430\u0436\u043d\u044b\u0439 \u043a\u043e\u0440\u043c \u0434\u043b\u044f \u0441\u043e\u0431\u0430\u043a \u043c\u0430\u043b\u044b\u0445 \u043f\u043e\u0440\u043e\u0434 \u0444\u0438\u043b\u0435 \u043a\u0440\u043e\u043b\u0438\u043a\u0430 \u0438 \u043b\u043e\u0441\u043e\u0441\u044f \u0432 \u043d\u0435\u0436\u043d\u043e\u043c \u0441\u043e\u043a\u0435 85 \u0433","og_description":"\u041a\u0443\u043f\u0438\u0442\u044c Brit Care \u0432\u043b\u0430\u0436\u043d\u044b\u0439 \u043a\u043e\u0440\u043c \u0434\u043b\u044f \u0441\u043e\u0431\u0430\u043a \u043c\u0430\u043b\u044b\u0445 \u043f\u043e\u0440\u043e\u0434 \u0444\u0438\u043b\u0435 \u043a\u0440\u043e\u043b\u0438\u043a\u0430 \u0438 \u043b\u043e\u0441\u043e\u0441\u044f \u0432 \u043d\u0435\u0436\u043d\u043e\u043c \u0441\u043e\u043a\u0435 85 \u0433 \u0441 \u0434\u043e\u0441\u0442\u0430\u0432\u043a\u043e\u0439 \u043f\u043e \u041a\u0438\u0448\u0438\u043d\u0435\u0432\u0443 \u0438 \u0432\u0441\u0435\u0439 \u041c\u043e\u043b\u0434\u043e\u0432\u0435 \u043d\u0430 Pet24","og_url":"https:\/\/pet24.md\/ro\/produs\/brit-care-vlazhnyj-korm-dlya-sobak-malyh-porod-file-krolika-i-lososya-v-nezhnom-soke-85-g\/","og_site_name":"Pet24","article_publisher":"https:\/\/www.facebook.com\/pet24.md","article_modified_time":"2025-02-09T07:52:49+00:00","og_image":[{"width":500,"height":500,"url":"https:\/\/pet24.md\/wp-content\/uploads\/2024\/07\/brit-care-vlazhnyj-korm-dlya-sobak-malyh-porod-file-krolika-i-lososya-v-nezhnom-soke-85-g.png","type":"image\/png"}],"twitter_card":"summary_large_image","twitter_misc":{"Timp estimat pentru citire":"2 minute"},"schema":{"@context":"https:\/\/schema.org","@graph":[{"@type":"WebPage","@id":"https:\/\/pet24.md\/product\/brit-care-vlazhnyj-korm-dlya-sobak-malyh-porod-file-krolika-i-lososya-v-nezhnom-soke-85-g\/","url":"https:\/\/pet24.md\/product\/brit-care-vlazhnyj-korm-dlya-sobak-malyh-porod-file-krolika-i-lososya-v-nezhnom-soke-85-g\/","name":"Brit Care hrana umeda pentru caini de talie mica file de iepure si somon in suc fraged 85 g","isPartOf":{"@id":"https:\/\/pet24.md\/#website"},"primaryImageOfPage":{"@id":"https:\/\/pet24.md\/product\/brit-care-vlazhnyj-korm-dlya-sobak-malyh-porod-file-krolika-i-lososya-v-nezhnom-soke-85-g\/#primaryimage"},"image":{"@id":"https:\/\/pet24.md\/product\/brit-care-vlazhnyj-korm-dlya-sobak-malyh-porod-file-krolika-i-lososya-v-nezhnom-soke-85-g\/#primaryimage"},"thumbnailUrl":"https:\/\/pet24.md\/wp-content\/uploads\/2024\/07\/brit-care-vlazhnyj-korm-dlya-sobak-malyh-porod-file-krolika-i-lososya-v-nezhnom-soke-85-g.png","datePublished":"2024-07-27T14:14:30+00:00","dateModified":"2025-02-09T07:52:49+00:00","description":"\u041a\u0443\u043f\u0438\u0442\u044c Brit Care \u0432\u043b\u0430\u0436\u043d\u044b\u0439 \u043a\u043e\u0440\u043c \u0434\u043b\u044f \u0441\u043e\u0431\u0430\u043a \u043c\u0430\u043b\u044b\u0445 \u043f\u043e\u0440\u043e\u0434 \u0444\u0438\u043b\u0435 \u043a\u0440\u043e\u043b\u0438\u043a\u0430 \u0438 \u043b\u043e\u0441\u043e\u0441\u044f \u0432 \u043d\u0435\u0436\u043d\u043e\u043c \u0441\u043e\u043a\u0435 85 \u0433 \u0441 \u0434\u043e\u0441\u0442\u0430\u0432\u043a\u043e\u0439 \u043f\u043e \u041a\u0438\u0448\u0438\u043d\u0435\u0432\u0443 \u0438 \u0432\u0441\u0435\u0439 \u041c\u043e\u043b\u0434\u043e\u0432\u0435 \u043d\u0430 Pet24","breadcrumb":{"@id":"https:\/\/pet24.md\/product\/brit-care-vlazhnyj-korm-dlya-sobak-malyh-porod-file-krolika-i-lososya-v-nezhnom-soke-85-g\/#breadcrumb"},"inLanguage":"ro-RO","potentialAction":[{"@type":"ReadAction","target":["https:\/\/pet24.md\/product\/brit-care-vlazhnyj-korm-dlya-sobak-malyh-porod-file-krolika-i-lososya-v-nezhnom-soke-85-g\/"]}]},{"@type":"ImageObject","inLanguage":"ro-RO","@id":"https:\/\/pet24.md\/product\/brit-care-vlazhnyj-korm-dlya-sobak-malyh-porod-file-krolika-i-lososya-v-nezhnom-soke-85-g\/#primaryimage","url":"https:\/\/pet24.md\/wp-content\/uploads\/2024\/07\/brit-care-vlazhnyj-korm-dlya-sobak-malyh-porod-file-krolika-i-lososya-v-nezhnom-soke-85-g.png","contentUrl":"https:\/\/pet24.md\/wp-content\/uploads\/2024\/07\/brit-care-vlazhnyj-korm-dlya-sobak-malyh-porod-file-krolika-i-lososya-v-nezhnom-soke-85-g.png","width":500,"height":500,"caption":"Brit Care \u0432\u043b\u0430\u0436\u043d\u044b\u0439 \u043a\u043e\u0440\u043c \u0434\u043b\u044f \u0441\u043e\u0431\u0430\u043a \u043c\u0430\u043b\u044b\u0445 \u043f\u043e\u0440\u043e\u0434 \u0444\u0438\u043b\u0435 \u043a\u0440\u043e\u043b\u0438\u043a\u0430 \u0438 \u043b\u043e\u0441\u043e\u0441\u044f \u0432 \u043d\u0435\u0436\u043d\u043e\u043c \u0441\u043e\u043a\u0435 85 \u0433"},{"@type":"BreadcrumbList","@id":"https:\/\/pet24.md\/product\/brit-care-vlazhnyj-korm-dlya-sobak-malyh-porod-file-krolika-i-lososya-v-nezhnom-soke-85-g\/#breadcrumb","itemListElement":[{"@type":"ListItem","position":1,"name":"\u0413\u043b\u0430\u0432\u043d\u0430\u044f \u0441\u0442\u0440\u0430\u043d\u0438\u0446\u0430","item":"https:\/\/pet24.md\/"},{"@type":"ListItem","position":2,"name":"\u041c\u0430\u0433\u0430\u0437\u0438\u043d","item":"https:\/\/pet24.md\/shop\/"},{"@type":"ListItem","position":3,"name":"Brit Care \u0432\u043b\u0430\u0436\u043d\u044b\u0439 \u043a\u043e\u0440\u043c \u0434\u043b\u044f \u0441\u043e\u0431\u0430\u043a \u043c\u0430\u043b\u044b\u0445 \u043f\u043e\u0440\u043e\u0434 \u0444\u0438\u043b\u0435 \u043a\u0440\u043e\u043b\u0438\u043a\u0430 \u0438 \u043b\u043e\u0441\u043e\u0441\u044f \u0432 \u043d\u0435\u0436\u043d\u043e\u043c \u0441\u043e\u043a\u0435 85 \u0433"}]},{"@type":"WebSite","@id":"https:\/\/pet24.md\/#website","url":"https:\/\/pet24.md\/","name":"Pet24","description":"Magazin de animale de companie","publisher":{"@id":"https:\/\/pet24.md\/#organization"},"potentialAction":[{"@type":"SearchAction","target":{"@type":"EntryPoint","urlTemplate":"https:\/\/pet24.md\/?s={search_term_string}"},"query-input":{"@type":"PropertyValueSpecification","valueRequired":true,"valueName":"search_term_string"}}],"inLanguage":"ro-RO"},{"@type":"Organization","@id":"https:\/\/pet24.md\/#organization","name":"Pet24","url":"https:\/\/pet24.md\/","logo":{"@type":"ImageObject","inLanguage":"ro-RO","@id":"https:\/\/pet24.md\/#\/schema\/logo\/image\/","url":"https:\/\/pet24.md\/wp-content\/uploads\/2024\/09\/logo.svg","contentUrl":"https:\/\/pet24.md\/wp-content\/uploads\/2024\/09\/logo.svg","width":215,"height":66,"caption":"Pet24"},"image":{"@id":"https:\/\/pet24.md\/#\/schema\/logo\/image\/"},"sameAs":["https:\/\/www.facebook.com\/pet24.md","https:\/\/www.instagram.com\/pet24.md\/"],"telephone":"+37360508880"}]}},"_links":{"self":[{"href":"https:\/\/pet24.md\/ro\/wp-json\/wp\/v2\/product\/84419","targetHints":{"allow":["GET"]}}],"collection":[{"href":"https:\/\/pet24.md\/ro\/wp-json\/wp\/v2\/product"}],"about":[{"href":"https:\/\/pet24.md\/ro\/wp-json\/wp\/v2\/types\/product"}],"replies":[{"embeddable":true,"href":"https:\/\/pet24.md\/ro\/wp-json\/wp\/v2\/comments?post=84419"}],"wp:featuredmedia":[{"embeddable":true,"href":"https:\/\/pet24.md\/ro\/wp-json\/wp\/v2\/media\/91345"}],"wp:attachment":[{"href":"https:\/\/pet24.md\/ro\/wp-json\/wp\/v2\/media?parent=84419"}],"wp:term":[{"taxonomy":"product_brand","embeddable":true,"href":"https:\/\/pet24.md\/ro\/wp-json\/wp\/v2\/product_brand?post=84419"},{"taxonomy":"product_cat","embeddable":true,"href":"https:\/\/pet24.md\/ro\/wp-json\/wp\/v2\/product_cat?post=84419"},{"taxonomy":"product_tag","embeddable":true,"href":"https:\/\/pet24.md\/ro\/wp-json\/wp\/v2\/product_tag?post=84419"}],"curies":[{"name":"wp","href":"https:\/\/api.w.org\/{rel}","templated":true}]}}