{"id":84786,"date":"2024-07-30T13:55:15","date_gmt":"2024-07-30T13:55:15","guid":{"rendered":"https:\/\/pet24.md\/?post_type=product&#038;p=84786"},"modified":"2025-02-08T09:55:05","modified_gmt":"2025-02-08T09:55:05","slug":"brit-fresh-napolnitel-iz-ultrabentonita-dlya-koshek-5-kg","status":"publish","type":"product","link":"https:\/\/pet24.md\/ro\/produs\/brit-fresh-napolnitel-iz-ultrabentonita-dlya-koshek-5-kg\/","title":{"rendered":"A\u0219ternut Brit Fresh ultrabentonit pentru pisici 5 kg"},"content":{"rendered":"<h3>Brit Fresh pentru pisici Excelent<\/h3>\n<p><strong>A\u0219ternut pentru pisici cu ultrabentonit\u0103<\/strong><\/p>\n<p><strong>Un mediu natural pentru pisica ta<\/strong> P\u0103streaz\u0103-\u021bi pisica confortabil\u0103 \u0219i curat\u0103 cu a\u0219ternutul Brit Fresh for Cats Excellent. Acest material de umplutur\u0103 ultrabentonit\u0103 are propriet\u0103\u021bi absorbante ridicate, ceea ce garanteaz\u0103 absorb\u021bia absolut\u0103 a umidit\u0103\u021bii \u0219i a mirosurilor. Structura fin\u0103 (particule de la 0,5 la 2 mm) este ideal\u0103 pentru labele sensibile de pisic\u0103, asigur\u00e2nd o utilizare confortabil\u0103 \u00een fiecare zi.<\/p>\n<p><strong>Pentru labele sensibile<\/strong> Labele sensibile ale pisicii tale vor aprecia moliciunea \u0219i confortul a\u0219ternutului Brit Fresh for Cats Excellent. Structura fin\u0103 permite chiar \u0219i celor mai preten\u021bio\u0219i animale de companie s\u0103 se simt\u0103 confortabil.<\/p>\n<p><strong>Propriet\u0103\u021bi absorbante ideale<\/strong> Brit Fresh for Cats Litierul excelent f\u0103r\u0103 praf absoarbe perfect lichidele \u0219i re\u021bine mirosurile nepl\u0103cute \u00een interiorul bulg\u0103rilor, prevenind dezvoltarea bacteriilor periculoase. Acest a\u0219ternut natural nu este doar confortabil pentru pisica ta, ci \u0219i sigur pentru mediu.<\/p>\n<p><strong>Avantaje:<\/strong><\/p>\n<ul>\n<li>Propriet\u0103\u021bi de absorb\u021bie ridicate<\/li>\n<li>Confort pentru labele sensibile<\/li>\n<li>Produs natural si prietenos cu mediul<\/li>\n<\/ul>\n<p>Ofer\u0103 pisicii tale confort \u0219i cur\u0103\u021benie cu a\u0219ternutul Brit Fresh for Cats de cea mai \u00eenalt\u0103 calitate.<\/p>","protected":false},"excerpt":{"rendered":"<p>Brit Fresh for Cats Excellent este un a\u0219ternut de ultrabentonit\u0103 care ofer\u0103 confort \u0219i cur\u0103\u021benie. Structura fin\u0103 este ideal\u0103 pentru labele sensibile de pisic\u0103, iar propriet\u0103\u021bile mari de absorb\u021bie asigur\u0103 absorb\u021bia umidit\u0103\u021bii \u0219i a mirosurilor, prevenind cre\u0219terea bacteriilor.<\/p>","protected":false},"featured_media":90954,"comment_status":"open","ping_status":"closed","template":"","meta":[],"product_brand":[],"product_cat":[195,193,194],"product_tag":[638,720,721,202,158],"class_list":{"0":"post-84786","1":"product","2":"type-product","3":"status-publish","4":"has-post-thumbnail","6":"product_cat-bentonite-calitter","7":"product_cat-cat","8":"product_cat-cat-litter","9":"product_tag-brit","10":"product_tag-brit-fresh","11":"product_tag-bentonitovyj-napolnitel","12":"product_tag-koshka","13":"product_tag-napolnitel","14":"pa_age-pet-lyuboj-vozrast","15":"pa_brand-brit-care","16":"pa_pet-koshka","17":"pa_weight-5-kg","19":"first","20":"instock","21":"sale","22":"shipping-taxable","23":"product-type-simple"},"yoast_head":"<!-- This site is optimized with the Yoast SEO Premium plugin v23.7 (Yoast SEO v27.5) - https:\/\/yoast.com\/product\/yoast-seo-premium-wordpress\/ -->\n<title>Brit Fresh \u043d\u0430\u043f\u043e\u043b\u043d\u0438\u0442\u0435\u043b\u044c \u0438\u0437 \u0443\u043b\u044c\u0442\u0440\u0430\u0431\u0435\u043d\u0442\u043e\u043d\u0438\u0442\u0430 \u0434\u043b\u044f \u043a\u043e\u0448\u0435\u043a 5 \u043a\u0433<\/title>\n<meta name=\"description\" content=\"\u041a\u0443\u043f\u0438\u0442\u044c Brit Fresh \u043d\u0430\u043f\u043e\u043b\u043d\u0438\u0442\u0435\u043b\u044c \u0438\u0437 \u0443\u043b\u044c\u0442\u0440\u0430\u0431\u0435\u043d\u0442\u043e\u043d\u0438\u0442\u0430 \u0434\u043b\u044f \u043a\u043e\u0448\u0435\u043a 5 \u043a\u0433 \u0441 \u0434\u043e\u0441\u0442\u0430\u0432\u043a\u043e\u0439 \u043f\u043e \u041a\u0438\u0448\u0438\u043d\u0435\u0432\u0443 \u0438 \u0432\u0441\u0435\u0439 \u041c\u043e\u043b\u0434\u043e\u0432\u0435 \u043d\u0430 Pet24\" \/>\n<meta name=\"robots\" content=\"index, follow, max-snippet:-1, max-image-preview:large, max-video-preview:-1\" \/>\n<link rel=\"canonical\" href=\"https:\/\/pet24.md\/ro\/produs\/brit-fresh-napolnitel-iz-ultrabentonita-dlya-koshek-5-kg\/\" \/>\n<meta property=\"og:locale\" content=\"ro_RO\" \/>\n<meta property=\"og:type\" content=\"article\" \/>\n<meta property=\"og:title\" content=\"Brit Fresh \u043d\u0430\u043f\u043e\u043b\u043d\u0438\u0442\u0435\u043b\u044c \u0438\u0437 \u0443\u043b\u044c\u0442\u0440\u0430\u0431\u0435\u043d\u0442\u043e\u043d\u0438\u0442\u0430 \u0434\u043b\u044f \u043a\u043e\u0448\u0435\u043a 5 \u043a\u0433\" \/>\n<meta property=\"og:description\" content=\"\u041a\u0443\u043f\u0438\u0442\u044c Brit Fresh \u043d\u0430\u043f\u043e\u043b\u043d\u0438\u0442\u0435\u043b\u044c \u0438\u0437 \u0443\u043b\u044c\u0442\u0440\u0430\u0431\u0435\u043d\u0442\u043e\u043d\u0438\u0442\u0430 \u0434\u043b\u044f \u043a\u043e\u0448\u0435\u043a 5 \u043a\u0433 \u0441 \u0434\u043e\u0441\u0442\u0430\u0432\u043a\u043e\u0439 \u043f\u043e \u041a\u0438\u0448\u0438\u043d\u0435\u0432\u0443 \u0438 \u0432\u0441\u0435\u0439 \u041c\u043e\u043b\u0434\u043e\u0432\u0435 \u043d\u0430 Pet24\" \/>\n<meta property=\"og:url\" content=\"https:\/\/pet24.md\/ro\/produs\/brit-fresh-napolnitel-iz-ultrabentonita-dlya-koshek-5-kg\/\" \/>\n<meta property=\"og:site_name\" content=\"Pet24\" \/>\n<meta property=\"article:publisher\" content=\"https:\/\/www.facebook.com\/pet24.md\" \/>\n<meta property=\"article:modified_time\" content=\"2025-02-08T09:55:05+00:00\" \/>\n<meta property=\"og:image\" content=\"https:\/\/pet24.md\/wp-content\/uploads\/2024\/09\/brit-fresh-napolnitel-iz-ultrabentonita-dlya-koshek-5-kg.webp\" \/>\n\t<meta property=\"og:image:width\" content=\"500\" \/>\n\t<meta property=\"og:image:height\" content=\"500\" \/>\n\t<meta property=\"og:image:type\" content=\"image\/webp\" \/>\n<meta name=\"twitter:card\" content=\"summary_large_image\" \/>\n<meta name=\"twitter:label1\" content=\"Timp estimat pentru citire\" \/>\n\t<meta name=\"twitter:data1\" content=\"2 minute\" \/>\n<script type=\"application\/ld+json\" class=\"yoast-schema-graph\">{\"@context\":\"https:\\\/\\\/schema.org\",\"@graph\":[{\"@type\":\"WebPage\",\"@id\":\"https:\\\/\\\/pet24.md\\\/product\\\/brit-fresh-napolnitel-iz-ultrabentonita-dlya-koshek-5-kg\\\/\",\"url\":\"https:\\\/\\\/pet24.md\\\/product\\\/brit-fresh-napolnitel-iz-ultrabentonita-dlya-koshek-5-kg\\\/\",\"name\":\"Brit Fresh \u043d\u0430\u043f\u043e\u043b\u043d\u0438\u0442\u0435\u043b\u044c \u0438\u0437 \u0443\u043b\u044c\u0442\u0440\u0430\u0431\u0435\u043d\u0442\u043e\u043d\u0438\u0442\u0430 \u0434\u043b\u044f \u043a\u043e\u0448\u0435\u043a 5 \u043a\u0433\",\"isPartOf\":{\"@id\":\"https:\\\/\\\/pet24.md\\\/#website\"},\"primaryImageOfPage\":{\"@id\":\"https:\\\/\\\/pet24.md\\\/product\\\/brit-fresh-napolnitel-iz-ultrabentonita-dlya-koshek-5-kg\\\/#primaryimage\"},\"image\":{\"@id\":\"https:\\\/\\\/pet24.md\\\/product\\\/brit-fresh-napolnitel-iz-ultrabentonita-dlya-koshek-5-kg\\\/#primaryimage\"},\"thumbnailUrl\":\"https:\\\/\\\/pet24.md\\\/wp-content\\\/uploads\\\/2024\\\/09\\\/brit-fresh-napolnitel-iz-ultrabentonita-dlya-koshek-5-kg.webp\",\"datePublished\":\"2024-07-30T13:55:15+00:00\",\"dateModified\":\"2025-02-08T09:55:05+00:00\",\"description\":\"\u041a\u0443\u043f\u0438\u0442\u044c Brit Fresh \u043d\u0430\u043f\u043e\u043b\u043d\u0438\u0442\u0435\u043b\u044c \u0438\u0437 \u0443\u043b\u044c\u0442\u0440\u0430\u0431\u0435\u043d\u0442\u043e\u043d\u0438\u0442\u0430 \u0434\u043b\u044f \u043a\u043e\u0448\u0435\u043a 5 \u043a\u0433 \u0441 \u0434\u043e\u0441\u0442\u0430\u0432\u043a\u043e\u0439 \u043f\u043e \u041a\u0438\u0448\u0438\u043d\u0435\u0432\u0443 \u0438 \u0432\u0441\u0435\u0439 \u041c\u043e\u043b\u0434\u043e\u0432\u0435 \u043d\u0430 Pet24\",\"breadcrumb\":{\"@id\":\"https:\\\/\\\/pet24.md\\\/product\\\/brit-fresh-napolnitel-iz-ultrabentonita-dlya-koshek-5-kg\\\/#breadcrumb\"},\"inLanguage\":\"ro-RO\",\"potentialAction\":[{\"@type\":\"ReadAction\",\"target\":[\"https:\\\/\\\/pet24.md\\\/product\\\/brit-fresh-napolnitel-iz-ultrabentonita-dlya-koshek-5-kg\\\/\"]}]},{\"@type\":\"ImageObject\",\"inLanguage\":\"ro-RO\",\"@id\":\"https:\\\/\\\/pet24.md\\\/product\\\/brit-fresh-napolnitel-iz-ultrabentonita-dlya-koshek-5-kg\\\/#primaryimage\",\"url\":\"https:\\\/\\\/pet24.md\\\/wp-content\\\/uploads\\\/2024\\\/09\\\/brit-fresh-napolnitel-iz-ultrabentonita-dlya-koshek-5-kg.webp\",\"contentUrl\":\"https:\\\/\\\/pet24.md\\\/wp-content\\\/uploads\\\/2024\\\/09\\\/brit-fresh-napolnitel-iz-ultrabentonita-dlya-koshek-5-kg.webp\",\"width\":500,\"height\":500,\"caption\":\"Brit Fresh \u043d\u0430\u043f\u043e\u043b\u043d\u0438\u0442\u0435\u043b\u044c \u0438\u0437 \u0443\u043b\u044c\u0442\u0440\u0430\u0431\u0435\u043d\u0442\u043e\u043d\u0438\u0442\u0430 \u0434\u043b\u044f \u043a\u043e\u0448\u0435\u043a 5 \u043a\u0433\"},{\"@type\":\"BreadcrumbList\",\"@id\":\"https:\\\/\\\/pet24.md\\\/product\\\/brit-fresh-napolnitel-iz-ultrabentonita-dlya-koshek-5-kg\\\/#breadcrumb\",\"itemListElement\":[{\"@type\":\"ListItem\",\"position\":1,\"name\":\"\u0413\u043b\u0430\u0432\u043d\u0430\u044f \u0441\u0442\u0440\u0430\u043d\u0438\u0446\u0430\",\"item\":\"https:\\\/\\\/pet24.md\\\/\"},{\"@type\":\"ListItem\",\"position\":2,\"name\":\"\u041c\u0430\u0433\u0430\u0437\u0438\u043d\",\"item\":\"https:\\\/\\\/pet24.md\\\/shop\\\/\"},{\"@type\":\"ListItem\",\"position\":3,\"name\":\"Brit Fresh \u043d\u0430\u043f\u043e\u043b\u043d\u0438\u0442\u0435\u043b\u044c \u0438\u0437 \u0443\u043b\u044c\u0442\u0440\u0430\u0431\u0435\u043d\u0442\u043e\u043d\u0438\u0442\u0430 \u0434\u043b\u044f \u043a\u043e\u0448\u0435\u043a 5 \u043a\u0433\"}]},{\"@type\":\"WebSite\",\"@id\":\"https:\\\/\\\/pet24.md\\\/#website\",\"url\":\"https:\\\/\\\/pet24.md\\\/\",\"name\":\"Pet24\",\"description\":\"\u0417\u043e\u043e\u043c\u0430\u0433\u0430\u0437\u0438\u043d \u0442\u043e\u0432\u0430\u0440\u043e\u0432 \u0434\u043b\u044f \u0434\u043e\u043c\u0430\u0448\u043d\u0438\u0445 \u043f\u0438\u0442\u043e\u043c\u0446\u0435\u0432\",\"publisher\":{\"@id\":\"https:\\\/\\\/pet24.md\\\/#organization\"},\"potentialAction\":[{\"@type\":\"SearchAction\",\"target\":{\"@type\":\"EntryPoint\",\"urlTemplate\":\"https:\\\/\\\/pet24.md\\\/?s={search_term_string}\"},\"query-input\":{\"@type\":\"PropertyValueSpecification\",\"valueRequired\":true,\"valueName\":\"search_term_string\"}}],\"inLanguage\":\"ro-RO\"},{\"@type\":\"Organization\",\"@id\":\"https:\\\/\\\/pet24.md\\\/#organization\",\"name\":\"Pet24\",\"url\":\"https:\\\/\\\/pet24.md\\\/\",\"logo\":{\"@type\":\"ImageObject\",\"inLanguage\":\"ro-RO\",\"@id\":\"https:\\\/\\\/pet24.md\\\/#\\\/schema\\\/logo\\\/image\\\/\",\"url\":\"https:\\\/\\\/pet24.md\\\/wp-content\\\/uploads\\\/2024\\\/09\\\/logo.svg\",\"contentUrl\":\"https:\\\/\\\/pet24.md\\\/wp-content\\\/uploads\\\/2024\\\/09\\\/logo.svg\",\"width\":215,\"height\":66,\"caption\":\"Pet24\"},\"image\":{\"@id\":\"https:\\\/\\\/pet24.md\\\/#\\\/schema\\\/logo\\\/image\\\/\"},\"sameAs\":[\"https:\\\/\\\/www.facebook.com\\\/pet24.md\",\"https:\\\/\\\/www.instagram.com\\\/pet24.md\\\/\"],\"telephone\":\"+37360508880\"}]}<\/script>\n<!-- \/ Yoast SEO Premium plugin. -->","yoast_head_json":{"title":"A\u0219ternut Brit Fresh ultrabentonit pentru pisici 5 kg","description":"\u041a\u0443\u043f\u0438\u0442\u044c Brit Fresh \u043d\u0430\u043f\u043e\u043b\u043d\u0438\u0442\u0435\u043b\u044c \u0438\u0437 \u0443\u043b\u044c\u0442\u0440\u0430\u0431\u0435\u043d\u0442\u043e\u043d\u0438\u0442\u0430 \u0434\u043b\u044f \u043a\u043e\u0448\u0435\u043a 5 \u043a\u0433 \u0441 \u0434\u043e\u0441\u0442\u0430\u0432\u043a\u043e\u0439 \u043f\u043e \u041a\u0438\u0448\u0438\u043d\u0435\u0432\u0443 \u0438 \u0432\u0441\u0435\u0439 \u041c\u043e\u043b\u0434\u043e\u0432\u0435 \u043d\u0430 Pet24","robots":{"index":"index","follow":"follow","max-snippet":"max-snippet:-1","max-image-preview":"max-image-preview:large","max-video-preview":"max-video-preview:-1"},"canonical":"https:\/\/pet24.md\/ro\/produs\/brit-fresh-napolnitel-iz-ultrabentonita-dlya-koshek-5-kg\/","og_locale":"ro_RO","og_type":"article","og_title":"Brit Fresh \u043d\u0430\u043f\u043e\u043b\u043d\u0438\u0442\u0435\u043b\u044c \u0438\u0437 \u0443\u043b\u044c\u0442\u0440\u0430\u0431\u0435\u043d\u0442\u043e\u043d\u0438\u0442\u0430 \u0434\u043b\u044f \u043a\u043e\u0448\u0435\u043a 5 \u043a\u0433","og_description":"\u041a\u0443\u043f\u0438\u0442\u044c Brit Fresh \u043d\u0430\u043f\u043e\u043b\u043d\u0438\u0442\u0435\u043b\u044c \u0438\u0437 \u0443\u043b\u044c\u0442\u0440\u0430\u0431\u0435\u043d\u0442\u043e\u043d\u0438\u0442\u0430 \u0434\u043b\u044f \u043a\u043e\u0448\u0435\u043a 5 \u043a\u0433 \u0441 \u0434\u043e\u0441\u0442\u0430\u0432\u043a\u043e\u0439 \u043f\u043e \u041a\u0438\u0448\u0438\u043d\u0435\u0432\u0443 \u0438 \u0432\u0441\u0435\u0439 \u041c\u043e\u043b\u0434\u043e\u0432\u0435 \u043d\u0430 Pet24","og_url":"https:\/\/pet24.md\/ro\/produs\/brit-fresh-napolnitel-iz-ultrabentonita-dlya-koshek-5-kg\/","og_site_name":"Pet24","article_publisher":"https:\/\/www.facebook.com\/pet24.md","article_modified_time":"2025-02-08T09:55:05+00:00","og_image":[{"width":500,"height":500,"url":"https:\/\/pet24.md\/wp-content\/uploads\/2024\/09\/brit-fresh-napolnitel-iz-ultrabentonita-dlya-koshek-5-kg.webp","type":"image\/webp"}],"twitter_card":"summary_large_image","twitter_misc":{"Timp estimat pentru citire":"2 minute"},"schema":{"@context":"https:\/\/schema.org","@graph":[{"@type":"WebPage","@id":"https:\/\/pet24.md\/product\/brit-fresh-napolnitel-iz-ultrabentonita-dlya-koshek-5-kg\/","url":"https:\/\/pet24.md\/product\/brit-fresh-napolnitel-iz-ultrabentonita-dlya-koshek-5-kg\/","name":"A\u0219ternut Brit Fresh ultrabentonit pentru pisici 5 kg","isPartOf":{"@id":"https:\/\/pet24.md\/#website"},"primaryImageOfPage":{"@id":"https:\/\/pet24.md\/product\/brit-fresh-napolnitel-iz-ultrabentonita-dlya-koshek-5-kg\/#primaryimage"},"image":{"@id":"https:\/\/pet24.md\/product\/brit-fresh-napolnitel-iz-ultrabentonita-dlya-koshek-5-kg\/#primaryimage"},"thumbnailUrl":"https:\/\/pet24.md\/wp-content\/uploads\/2024\/09\/brit-fresh-napolnitel-iz-ultrabentonita-dlya-koshek-5-kg.webp","datePublished":"2024-07-30T13:55:15+00:00","dateModified":"2025-02-08T09:55:05+00:00","description":"\u041a\u0443\u043f\u0438\u0442\u044c Brit Fresh \u043d\u0430\u043f\u043e\u043b\u043d\u0438\u0442\u0435\u043b\u044c \u0438\u0437 \u0443\u043b\u044c\u0442\u0440\u0430\u0431\u0435\u043d\u0442\u043e\u043d\u0438\u0442\u0430 \u0434\u043b\u044f \u043a\u043e\u0448\u0435\u043a 5 \u043a\u0433 \u0441 \u0434\u043e\u0441\u0442\u0430\u0432\u043a\u043e\u0439 \u043f\u043e \u041a\u0438\u0448\u0438\u043d\u0435\u0432\u0443 \u0438 \u0432\u0441\u0435\u0439 \u041c\u043e\u043b\u0434\u043e\u0432\u0435 \u043d\u0430 Pet24","breadcrumb":{"@id":"https:\/\/pet24.md\/product\/brit-fresh-napolnitel-iz-ultrabentonita-dlya-koshek-5-kg\/#breadcrumb"},"inLanguage":"ro-RO","potentialAction":[{"@type":"ReadAction","target":["https:\/\/pet24.md\/product\/brit-fresh-napolnitel-iz-ultrabentonita-dlya-koshek-5-kg\/"]}]},{"@type":"ImageObject","inLanguage":"ro-RO","@id":"https:\/\/pet24.md\/product\/brit-fresh-napolnitel-iz-ultrabentonita-dlya-koshek-5-kg\/#primaryimage","url":"https:\/\/pet24.md\/wp-content\/uploads\/2024\/09\/brit-fresh-napolnitel-iz-ultrabentonita-dlya-koshek-5-kg.webp","contentUrl":"https:\/\/pet24.md\/wp-content\/uploads\/2024\/09\/brit-fresh-napolnitel-iz-ultrabentonita-dlya-koshek-5-kg.webp","width":500,"height":500,"caption":"Brit Fresh \u043d\u0430\u043f\u043e\u043b\u043d\u0438\u0442\u0435\u043b\u044c \u0438\u0437 \u0443\u043b\u044c\u0442\u0440\u0430\u0431\u0435\u043d\u0442\u043e\u043d\u0438\u0442\u0430 \u0434\u043b\u044f \u043a\u043e\u0448\u0435\u043a 5 \u043a\u0433"},{"@type":"BreadcrumbList","@id":"https:\/\/pet24.md\/product\/brit-fresh-napolnitel-iz-ultrabentonita-dlya-koshek-5-kg\/#breadcrumb","itemListElement":[{"@type":"ListItem","position":1,"name":"\u0413\u043b\u0430\u0432\u043d\u0430\u044f \u0441\u0442\u0440\u0430\u043d\u0438\u0446\u0430","item":"https:\/\/pet24.md\/"},{"@type":"ListItem","position":2,"name":"\u041c\u0430\u0433\u0430\u0437\u0438\u043d","item":"https:\/\/pet24.md\/shop\/"},{"@type":"ListItem","position":3,"name":"Brit Fresh \u043d\u0430\u043f\u043e\u043b\u043d\u0438\u0442\u0435\u043b\u044c \u0438\u0437 \u0443\u043b\u044c\u0442\u0440\u0430\u0431\u0435\u043d\u0442\u043e\u043d\u0438\u0442\u0430 \u0434\u043b\u044f \u043a\u043e\u0448\u0435\u043a 5 \u043a\u0433"}]},{"@type":"WebSite","@id":"https:\/\/pet24.md\/#website","url":"https:\/\/pet24.md\/","name":"Pet24","description":"Magazin de animale de companie","publisher":{"@id":"https:\/\/pet24.md\/#organization"},"potentialAction":[{"@type":"SearchAction","target":{"@type":"EntryPoint","urlTemplate":"https:\/\/pet24.md\/?s={search_term_string}"},"query-input":{"@type":"PropertyValueSpecification","valueRequired":true,"valueName":"search_term_string"}}],"inLanguage":"ro-RO"},{"@type":"Organization","@id":"https:\/\/pet24.md\/#organization","name":"Pet24","url":"https:\/\/pet24.md\/","logo":{"@type":"ImageObject","inLanguage":"ro-RO","@id":"https:\/\/pet24.md\/#\/schema\/logo\/image\/","url":"https:\/\/pet24.md\/wp-content\/uploads\/2024\/09\/logo.svg","contentUrl":"https:\/\/pet24.md\/wp-content\/uploads\/2024\/09\/logo.svg","width":215,"height":66,"caption":"Pet24"},"image":{"@id":"https:\/\/pet24.md\/#\/schema\/logo\/image\/"},"sameAs":["https:\/\/www.facebook.com\/pet24.md","https:\/\/www.instagram.com\/pet24.md\/"],"telephone":"+37360508880"}]}},"_links":{"self":[{"href":"https:\/\/pet24.md\/ro\/wp-json\/wp\/v2\/product\/84786","targetHints":{"allow":["GET"]}}],"collection":[{"href":"https:\/\/pet24.md\/ro\/wp-json\/wp\/v2\/product"}],"about":[{"href":"https:\/\/pet24.md\/ro\/wp-json\/wp\/v2\/types\/product"}],"replies":[{"embeddable":true,"href":"https:\/\/pet24.md\/ro\/wp-json\/wp\/v2\/comments?post=84786"}],"wp:featuredmedia":[{"embeddable":true,"href":"https:\/\/pet24.md\/ro\/wp-json\/wp\/v2\/media\/90954"}],"wp:attachment":[{"href":"https:\/\/pet24.md\/ro\/wp-json\/wp\/v2\/media?parent=84786"}],"wp:term":[{"taxonomy":"product_brand","embeddable":true,"href":"https:\/\/pet24.md\/ro\/wp-json\/wp\/v2\/product_brand?post=84786"},{"taxonomy":"product_cat","embeddable":true,"href":"https:\/\/pet24.md\/ro\/wp-json\/wp\/v2\/product_cat?post=84786"},{"taxonomy":"product_tag","embeddable":true,"href":"https:\/\/pet24.md\/ro\/wp-json\/wp\/v2\/product_tag?post=84786"}],"curies":[{"name":"wp","href":"https:\/\/api.w.org\/{rel}","templated":true}]}}