{"id":84793,"date":"2024-07-30T14:00:12","date_gmt":"2024-07-30T14:00:12","guid":{"rendered":"https:\/\/pet24.md\/?post_type=product&#038;p=84793"},"modified":"2024-09-22T22:15:49","modified_gmt":"2024-09-22T22:15:49","slug":"carnilove-suhoj-korm-dlya-shhenkov-iz-lososya-i-indejki-12-kg","status":"publish","type":"product","link":"https:\/\/pet24.md\/ro\/produs\/carnilove-suhoj-korm-dlya-shhenkov-iz-lososya-i-indejki-12-kg\/","title":{"rendered":"Hrana uscata pentru catei Carnilove somon si curcan 12 kg"},"content":{"rendered":"<h3>Carnilove Somon \u0219i Curcan pentru c\u0103\u021bei<\/h3>\n<p><strong>Hrana completa pentru cresterea sanatoasa a cateilor<\/strong><\/p>\n<p><strong>Descriere produs:<\/strong> Carnilove Somon &amp; Turkey este special formulat pentru a satisface nevoile nutri\u021bionale ale c\u0103\u021beilor pentru o cre\u0219tere s\u0103n\u0103toas\u0103. Somonul este o surs\u0103 excelent\u0103 de proteine u\u0219or digerabile \u0219i acizi gra\u0219i nesatura\u021bi Omega-3, care au un efect pozitiv asupra dezvolt\u0103rii mentale, form\u0103rii sistemului cardiovascular \u0219i metabolismului. Turcia este bogat\u0103 \u00een proteine \u0219i micronutrien\u021bi precum zincul, precum \u0219i vitaminele B3 \u0219i B6, care sunt esen\u021biale pentru func\u021bionarea normal\u0103 a creierului, tonusul muscular \u0219i cre\u0219terea s\u0103n\u0103toas\u0103.<\/p>\n<p><strong>Principalele avantaje:<\/strong><\/p>\n<ul>\n<li>Somonul este o surs\u0103 de proteine u\u0219or digerabile \u0219i acizi gra\u0219i Omega-3.<\/li>\n<li>Turcia este bogat\u0103 \u00een proteine \u0219i microelemente.<\/li>\n<li>Formula fara cereale cu carbohidrati din mazare galbena, tapioca, mere si naut.<\/li>\n<li>Vitaminele B3 \u0219i B6 pentru func\u021bionarea normal\u0103 a creierului \u0219i tonusul muscular.<\/li>\n<li>Efect pozitiv asupra calit\u0103\u021bii pielii \u0219i a l\u00e2nii.<\/li>\n<\/ul>\n<p><strong>Compus:<\/strong><\/p>\n<ul>\n<li>F\u0103in\u0103 de somon (25%)<\/li>\n<li>M\u00e2nc\u0103 de curcan (20%)<\/li>\n<li>Maz\u0103re galben\u0103 (19%)<\/li>\n<li>Gr\u0103sime de pui (10%)<\/li>\n<li>Somon hidrolizat (5%)<\/li>\n<li>Proteine de pui hidrolizate (5%)<\/li>\n<li>Amidon de tapioca (5%)<\/li>\n<li>Ficat de pui (3%)<\/li>\n<li>Mere (2%)<\/li>\n<li>Ulei de pe\u0219te de somon (2%)<\/li>\n<li>Morcov (1%)<\/li>\n<li>Seminte de in (1%)<\/li>\n<li>Naut (1%)<\/li>\n<li>Coji de crustacee hidrolizate (0,026%)<\/li>\n<li>Extract de cartilaj (0,019%)<\/li>\n<li>Drojdie de bere (0,018%)<\/li>\n<li>R\u0103d\u0103cin\u0103 de cicoare (0,012%)<\/li>\n<li>Yucca schidigera (0,011%)<\/li>\n<li>Alge (0,01%)<\/li>\n<li>Psyllium (0,01%)<\/li>\n<li>Cimbru (0,01%)<\/li>\n<li>Rozmarin (0,01%)<\/li>\n<li>Oregano (0,01%)<\/li>\n<li>Merisor (0,0008%)<\/li>\n<li>Afine (0,0008%)<\/li>\n<li>Zmeur\u0103 (0,0008%)<\/li>\n<\/ul>\n<p><strong>Supliment nutritiv la 1 kg:<\/strong><\/p>\n<ul>\n<li>Vitamina A: 24.000 UI<\/li>\n<li>Vitamina D3: 1.600 UI<\/li>\n<li>Vitamina E: 500 mg<\/li>\n<li>Zinc: 100 mg<\/li>\n<li>Fier: 85 mg<\/li>\n<li>Mangan: 40 mg<\/li>\n<li>Iod: 0,75 mg<\/li>\n<li>Cupru: 18 mg<\/li>\n<li>Seleniu: 0,28 mg<\/li>\n<\/ul>\n<p><strong>Componente analitice la 1 kg:<\/strong><\/p>\n<ul>\n<li>Protein\u0103 brut\u0103: 38,0%<\/li>\n<li>Con\u021binut de gr\u0103sime: 20,0%<\/li>\n<li>Frasin\u0103: 7,9%<\/li>\n<li>Fibr\u0103: 2.5%<\/li>\n<li>Umiditate: 10,0%<\/li>\n<li>Calciu: 1,4%<\/li>\n<li>Fosfor: 1,1%<\/li>\n<li>Sodiu: 0,5%<\/li>\n<\/ul>\n<p><strong>Energie folosita:<\/strong> 4.100 kcal\/kg. Omega-3: 0,71%, Omega-6: 2,67%.<\/p>\n<p>Ofer\u0103-i c\u0103\u021belu\u0219ului t\u0103u o nutri\u021bie complet\u0103 \u0219i echilibrat\u0103 cu Carnilove Somon &amp; Turkey, asigur\u00e2ndu-i dezvoltarea s\u0103n\u0103toas\u0103 \u0219i cre\u0219terea activ\u0103.<\/p>","protected":false},"excerpt":{"rendered":"<p>Carnilove Somon &amp; Turkey pentru catei de rasa mare este o hrana completa formulata pentru a sustine cresterea sanatoasa a cateilor. Somonul \u0219i curcanul ofer\u0103 proteine foarte digerabile \u0219i acizi gra\u0219i omega-3 pentru a promova dezvoltarea mental\u0103 \u0219i s\u0103n\u0103tatea cardiovascular\u0103, \u00een timp ce formula f\u0103r\u0103 cereale sus\u021bine s\u0103n\u0103tatea \u0219i activitatea general\u0103 a animalului t\u0103u de companie.<\/p>","protected":false},"featured_media":90956,"comment_status":"open","ping_status":"closed","template":"","meta":[],"product_brand":[],"product_cat":[136,293,337],"product_tag":[722,325,225],"class_list":{"0":"post-84793","1":"product","2":"type-product","3":"status-publish","4":"has-post-thumbnail","6":"product_cat-dog","7":"product_cat-dogfood","8":"product_cat-dogdry","9":"product_tag-carnilove","10":"product_tag-suhoj-korm","11":"product_tag-shhenok","12":"pa_age-pet-shhenok","13":"pa_brand-arnilove","14":"pa_breed-size-dlya-vseh-porod","15":"pa_feed-class-super-premium","16":"pa_meat-ingredients-indejka","17":"pa_meat-ingredients-losos","18":"pa_packaging-meshok","19":"pa_pet-sobaka","20":"pa_pet-feature-zdorovyj-pitomecz","21":"pa_plant-ingredient-zheltyj-goroshek","22":"pa_type-feed-suhoj-korm","23":"pa_weight-12-kg","25":"first","26":"instock","27":"sale","28":"shipping-taxable","29":"product-type-simple"},"yoast_head":"<!-- This site is optimized with the Yoast SEO Premium plugin v23.7 (Yoast SEO v27.5) - https:\/\/yoast.com\/product\/yoast-seo-premium-wordpress\/ -->\n<title>Carnilove \u0441\u0443\u0445\u043e\u0439 \u043a\u043e\u0440\u043c \u0434\u043b\u044f \u0449\u0435\u043d\u043a\u043e\u0432 \u0438\u0437 \u043b\u043e\u0441\u043e\u0441\u044f \u0438 \u0438\u043d\u0434\u0435\u0439\u043a\u0438 12 \u043a\u0433<\/title>\n<meta name=\"description\" content=\"\u041a\u0443\u043f\u0438\u0442\u044c Carnilove \u0441\u0443\u0445\u043e\u0439 \u043a\u043e\u0440\u043c \u0434\u043b\u044f \u0449\u0435\u043d\u043a\u043e\u0432 \u0438\u0437 \u043b\u043e\u0441\u043e\u0441\u044f \u0438 \u0438\u043d\u0434\u0435\u0439\u043a\u0438 12 \u043a\u0433 \u0441 \u0434\u043e\u0441\u0442\u0430\u0432\u043a\u043e\u0439 \u043f\u043e \u041a\u0438\u0448\u0438\u043d\u0435\u0432\u0443 \u0438 \u0432\u0441\u0435\u0439 \u041c\u043e\u043b\u0434\u043e\u0432\u0435 \u043d\u0430 Pet24\" \/>\n<meta name=\"robots\" content=\"index, follow, max-snippet:-1, max-image-preview:large, max-video-preview:-1\" \/>\n<link rel=\"canonical\" href=\"https:\/\/pet24.md\/ro\/produs\/carnilove-suhoj-korm-dlya-shhenkov-iz-lososya-i-indejki-12-kg\/\" \/>\n<meta property=\"og:locale\" content=\"ro_RO\" \/>\n<meta property=\"og:type\" content=\"article\" \/>\n<meta property=\"og:title\" content=\"Carnilove \u0441\u0443\u0445\u043e\u0439 \u043a\u043e\u0440\u043c \u0434\u043b\u044f \u0449\u0435\u043d\u043a\u043e\u0432 \u0438\u0437 \u043b\u043e\u0441\u043e\u0441\u044f \u0438 \u0438\u043d\u0434\u0435\u0439\u043a\u0438 12 \u043a\u0433\" \/>\n<meta property=\"og:description\" content=\"\u041a\u0443\u043f\u0438\u0442\u044c Carnilove \u0441\u0443\u0445\u043e\u0439 \u043a\u043e\u0440\u043c \u0434\u043b\u044f \u0449\u0435\u043d\u043a\u043e\u0432 \u0438\u0437 \u043b\u043e\u0441\u043e\u0441\u044f \u0438 \u0438\u043d\u0434\u0435\u0439\u043a\u0438 12 \u043a\u0433 \u0441 \u0434\u043e\u0441\u0442\u0430\u0432\u043a\u043e\u0439 \u043f\u043e \u041a\u0438\u0448\u0438\u043d\u0435\u0432\u0443 \u0438 \u0432\u0441\u0435\u0439 \u041c\u043e\u043b\u0434\u043e\u0432\u0435 \u043d\u0430 Pet24\" \/>\n<meta property=\"og:url\" content=\"https:\/\/pet24.md\/ro\/produs\/carnilove-suhoj-korm-dlya-shhenkov-iz-lososya-i-indejki-12-kg\/\" \/>\n<meta property=\"og:site_name\" content=\"Pet24\" \/>\n<meta property=\"article:publisher\" content=\"https:\/\/www.facebook.com\/pet24.md\" \/>\n<meta property=\"article:modified_time\" content=\"2024-09-22T22:15:49+00:00\" \/>\n<meta property=\"og:image\" content=\"https:\/\/pet24.md\/wp-content\/uploads\/2024\/09\/carnilove-suhoj-korm-dlya-shhenkov-iz-lososya-i-indejki-12-kg.webp\" \/>\n\t<meta property=\"og:image:width\" content=\"500\" \/>\n\t<meta property=\"og:image:height\" content=\"500\" \/>\n\t<meta property=\"og:image:type\" content=\"image\/webp\" \/>\n<meta name=\"twitter:card\" content=\"summary_large_image\" \/>\n<script type=\"application\/ld+json\" class=\"yoast-schema-graph\">{\"@context\":\"https:\\\/\\\/schema.org\",\"@graph\":[{\"@type\":\"WebPage\",\"@id\":\"https:\\\/\\\/pet24.md\\\/product\\\/carnilove-suhoj-korm-dlya-shhenkov-iz-lososya-i-indejki-12-kg\\\/\",\"url\":\"https:\\\/\\\/pet24.md\\\/product\\\/carnilove-suhoj-korm-dlya-shhenkov-iz-lososya-i-indejki-12-kg\\\/\",\"name\":\"Carnilove \u0441\u0443\u0445\u043e\u0439 \u043a\u043e\u0440\u043c \u0434\u043b\u044f \u0449\u0435\u043d\u043a\u043e\u0432 \u0438\u0437 \u043b\u043e\u0441\u043e\u0441\u044f \u0438 \u0438\u043d\u0434\u0435\u0439\u043a\u0438 12 \u043a\u0433\",\"isPartOf\":{\"@id\":\"https:\\\/\\\/pet24.md\\\/#website\"},\"primaryImageOfPage\":{\"@id\":\"https:\\\/\\\/pet24.md\\\/product\\\/carnilove-suhoj-korm-dlya-shhenkov-iz-lososya-i-indejki-12-kg\\\/#primaryimage\"},\"image\":{\"@id\":\"https:\\\/\\\/pet24.md\\\/product\\\/carnilove-suhoj-korm-dlya-shhenkov-iz-lososya-i-indejki-12-kg\\\/#primaryimage\"},\"thumbnailUrl\":\"https:\\\/\\\/pet24.md\\\/wp-content\\\/uploads\\\/2024\\\/09\\\/carnilove-suhoj-korm-dlya-shhenkov-iz-lososya-i-indejki-12-kg.webp\",\"datePublished\":\"2024-07-30T14:00:12+00:00\",\"dateModified\":\"2024-09-22T22:15:49+00:00\",\"description\":\"\u041a\u0443\u043f\u0438\u0442\u044c Carnilove \u0441\u0443\u0445\u043e\u0439 \u043a\u043e\u0440\u043c \u0434\u043b\u044f \u0449\u0435\u043d\u043a\u043e\u0432 \u0438\u0437 \u043b\u043e\u0441\u043e\u0441\u044f \u0438 \u0438\u043d\u0434\u0435\u0439\u043a\u0438 12 \u043a\u0433 \u0441 \u0434\u043e\u0441\u0442\u0430\u0432\u043a\u043e\u0439 \u043f\u043e \u041a\u0438\u0448\u0438\u043d\u0435\u0432\u0443 \u0438 \u0432\u0441\u0435\u0439 \u041c\u043e\u043b\u0434\u043e\u0432\u0435 \u043d\u0430 Pet24\",\"breadcrumb\":{\"@id\":\"https:\\\/\\\/pet24.md\\\/product\\\/carnilove-suhoj-korm-dlya-shhenkov-iz-lososya-i-indejki-12-kg\\\/#breadcrumb\"},\"inLanguage\":\"ro-RO\",\"potentialAction\":[{\"@type\":\"ReadAction\",\"target\":[\"https:\\\/\\\/pet24.md\\\/product\\\/carnilove-suhoj-korm-dlya-shhenkov-iz-lososya-i-indejki-12-kg\\\/\"]}]},{\"@type\":\"ImageObject\",\"inLanguage\":\"ro-RO\",\"@id\":\"https:\\\/\\\/pet24.md\\\/product\\\/carnilove-suhoj-korm-dlya-shhenkov-iz-lososya-i-indejki-12-kg\\\/#primaryimage\",\"url\":\"https:\\\/\\\/pet24.md\\\/wp-content\\\/uploads\\\/2024\\\/09\\\/carnilove-suhoj-korm-dlya-shhenkov-iz-lososya-i-indejki-12-kg.webp\",\"contentUrl\":\"https:\\\/\\\/pet24.md\\\/wp-content\\\/uploads\\\/2024\\\/09\\\/carnilove-suhoj-korm-dlya-shhenkov-iz-lososya-i-indejki-12-kg.webp\",\"width\":500,\"height\":500,\"caption\":\"Carnilove \u0441\u0443\u0445\u043e\u0439 \u043a\u043e\u0440\u043c \u0434\u043b\u044f \u0449\u0435\u043d\u043a\u043e\u0432 \u0438\u0437 \u043b\u043e\u0441\u043e\u0441\u044f \u0438 \u0438\u043d\u0434\u0435\u0439\u043a\u0438 12 \u043a\u0433\"},{\"@type\":\"BreadcrumbList\",\"@id\":\"https:\\\/\\\/pet24.md\\\/product\\\/carnilove-suhoj-korm-dlya-shhenkov-iz-lososya-i-indejki-12-kg\\\/#breadcrumb\",\"itemListElement\":[{\"@type\":\"ListItem\",\"position\":1,\"name\":\"\u0413\u043b\u0430\u0432\u043d\u0430\u044f \u0441\u0442\u0440\u0430\u043d\u0438\u0446\u0430\",\"item\":\"https:\\\/\\\/pet24.md\\\/\"},{\"@type\":\"ListItem\",\"position\":2,\"name\":\"\u041c\u0430\u0433\u0430\u0437\u0438\u043d\",\"item\":\"https:\\\/\\\/pet24.md\\\/shop\\\/\"},{\"@type\":\"ListItem\",\"position\":3,\"name\":\"Carnilove \u0441\u0443\u0445\u043e\u0439 \u043a\u043e\u0440\u043c \u0434\u043b\u044f \u0449\u0435\u043d\u043a\u043e\u0432 \u0438\u0437 \u043b\u043e\u0441\u043e\u0441\u044f \u0438 \u0438\u043d\u0434\u0435\u0439\u043a\u0438 12 \u043a\u0433\"}]},{\"@type\":\"WebSite\",\"@id\":\"https:\\\/\\\/pet24.md\\\/#website\",\"url\":\"https:\\\/\\\/pet24.md\\\/\",\"name\":\"Pet24\",\"description\":\"\u0417\u043e\u043e\u043c\u0430\u0433\u0430\u0437\u0438\u043d \u0442\u043e\u0432\u0430\u0440\u043e\u0432 \u0434\u043b\u044f \u0434\u043e\u043c\u0430\u0448\u043d\u0438\u0445 \u043f\u0438\u0442\u043e\u043c\u0446\u0435\u0432\",\"publisher\":{\"@id\":\"https:\\\/\\\/pet24.md\\\/#organization\"},\"potentialAction\":[{\"@type\":\"SearchAction\",\"target\":{\"@type\":\"EntryPoint\",\"urlTemplate\":\"https:\\\/\\\/pet24.md\\\/?s={search_term_string}\"},\"query-input\":{\"@type\":\"PropertyValueSpecification\",\"valueRequired\":true,\"valueName\":\"search_term_string\"}}],\"inLanguage\":\"ro-RO\"},{\"@type\":\"Organization\",\"@id\":\"https:\\\/\\\/pet24.md\\\/#organization\",\"name\":\"Pet24\",\"url\":\"https:\\\/\\\/pet24.md\\\/\",\"logo\":{\"@type\":\"ImageObject\",\"inLanguage\":\"ro-RO\",\"@id\":\"https:\\\/\\\/pet24.md\\\/#\\\/schema\\\/logo\\\/image\\\/\",\"url\":\"https:\\\/\\\/pet24.md\\\/wp-content\\\/uploads\\\/2024\\\/09\\\/logo.svg\",\"contentUrl\":\"https:\\\/\\\/pet24.md\\\/wp-content\\\/uploads\\\/2024\\\/09\\\/logo.svg\",\"width\":215,\"height\":66,\"caption\":\"Pet24\"},\"image\":{\"@id\":\"https:\\\/\\\/pet24.md\\\/#\\\/schema\\\/logo\\\/image\\\/\"},\"sameAs\":[\"https:\\\/\\\/www.facebook.com\\\/pet24.md\",\"https:\\\/\\\/www.instagram.com\\\/pet24.md\\\/\"],\"telephone\":\"+37360508880\"}]}<\/script>\n<!-- \/ Yoast SEO Premium plugin. -->","yoast_head_json":{"title":"Hrana uscata pentru catei Carnilove somon si curcan 12 kg","description":"\u041a\u0443\u043f\u0438\u0442\u044c Carnilove \u0441\u0443\u0445\u043e\u0439 \u043a\u043e\u0440\u043c \u0434\u043b\u044f \u0449\u0435\u043d\u043a\u043e\u0432 \u0438\u0437 \u043b\u043e\u0441\u043e\u0441\u044f \u0438 \u0438\u043d\u0434\u0435\u0439\u043a\u0438 12 \u043a\u0433 \u0441 \u0434\u043e\u0441\u0442\u0430\u0432\u043a\u043e\u0439 \u043f\u043e \u041a\u0438\u0448\u0438\u043d\u0435\u0432\u0443 \u0438 \u0432\u0441\u0435\u0439 \u041c\u043e\u043b\u0434\u043e\u0432\u0435 \u043d\u0430 Pet24","robots":{"index":"index","follow":"follow","max-snippet":"max-snippet:-1","max-image-preview":"max-image-preview:large","max-video-preview":"max-video-preview:-1"},"canonical":"https:\/\/pet24.md\/ro\/produs\/carnilove-suhoj-korm-dlya-shhenkov-iz-lososya-i-indejki-12-kg\/","og_locale":"ro_RO","og_type":"article","og_title":"Carnilove \u0441\u0443\u0445\u043e\u0439 \u043a\u043e\u0440\u043c \u0434\u043b\u044f \u0449\u0435\u043d\u043a\u043e\u0432 \u0438\u0437 \u043b\u043e\u0441\u043e\u0441\u044f \u0438 \u0438\u043d\u0434\u0435\u0439\u043a\u0438 12 \u043a\u0433","og_description":"\u041a\u0443\u043f\u0438\u0442\u044c Carnilove \u0441\u0443\u0445\u043e\u0439 \u043a\u043e\u0440\u043c \u0434\u043b\u044f \u0449\u0435\u043d\u043a\u043e\u0432 \u0438\u0437 \u043b\u043e\u0441\u043e\u0441\u044f \u0438 \u0438\u043d\u0434\u0435\u0439\u043a\u0438 12 \u043a\u0433 \u0441 \u0434\u043e\u0441\u0442\u0430\u0432\u043a\u043e\u0439 \u043f\u043e \u041a\u0438\u0448\u0438\u043d\u0435\u0432\u0443 \u0438 \u0432\u0441\u0435\u0439 \u041c\u043e\u043b\u0434\u043e\u0432\u0435 \u043d\u0430 Pet24","og_url":"https:\/\/pet24.md\/ro\/produs\/carnilove-suhoj-korm-dlya-shhenkov-iz-lososya-i-indejki-12-kg\/","og_site_name":"Pet24","article_publisher":"https:\/\/www.facebook.com\/pet24.md","article_modified_time":"2024-09-22T22:15:49+00:00","og_image":[{"width":500,"height":500,"url":"https:\/\/pet24.md\/wp-content\/uploads\/2024\/09\/carnilove-suhoj-korm-dlya-shhenkov-iz-lososya-i-indejki-12-kg.webp","type":"image\/webp"}],"twitter_card":"summary_large_image","schema":{"@context":"https:\/\/schema.org","@graph":[{"@type":"WebPage","@id":"https:\/\/pet24.md\/product\/carnilove-suhoj-korm-dlya-shhenkov-iz-lososya-i-indejki-12-kg\/","url":"https:\/\/pet24.md\/product\/carnilove-suhoj-korm-dlya-shhenkov-iz-lososya-i-indejki-12-kg\/","name":"Hrana uscata pentru catei Carnilove somon si curcan 12 kg","isPartOf":{"@id":"https:\/\/pet24.md\/#website"},"primaryImageOfPage":{"@id":"https:\/\/pet24.md\/product\/carnilove-suhoj-korm-dlya-shhenkov-iz-lososya-i-indejki-12-kg\/#primaryimage"},"image":{"@id":"https:\/\/pet24.md\/product\/carnilove-suhoj-korm-dlya-shhenkov-iz-lososya-i-indejki-12-kg\/#primaryimage"},"thumbnailUrl":"https:\/\/pet24.md\/wp-content\/uploads\/2024\/09\/carnilove-suhoj-korm-dlya-shhenkov-iz-lososya-i-indejki-12-kg.webp","datePublished":"2024-07-30T14:00:12+00:00","dateModified":"2024-09-22T22:15:49+00:00","description":"\u041a\u0443\u043f\u0438\u0442\u044c Carnilove \u0441\u0443\u0445\u043e\u0439 \u043a\u043e\u0440\u043c \u0434\u043b\u044f \u0449\u0435\u043d\u043a\u043e\u0432 \u0438\u0437 \u043b\u043e\u0441\u043e\u0441\u044f \u0438 \u0438\u043d\u0434\u0435\u0439\u043a\u0438 12 \u043a\u0433 \u0441 \u0434\u043e\u0441\u0442\u0430\u0432\u043a\u043e\u0439 \u043f\u043e \u041a\u0438\u0448\u0438\u043d\u0435\u0432\u0443 \u0438 \u0432\u0441\u0435\u0439 \u041c\u043e\u043b\u0434\u043e\u0432\u0435 \u043d\u0430 Pet24","breadcrumb":{"@id":"https:\/\/pet24.md\/product\/carnilove-suhoj-korm-dlya-shhenkov-iz-lososya-i-indejki-12-kg\/#breadcrumb"},"inLanguage":"ro-RO","potentialAction":[{"@type":"ReadAction","target":["https:\/\/pet24.md\/product\/carnilove-suhoj-korm-dlya-shhenkov-iz-lososya-i-indejki-12-kg\/"]}]},{"@type":"ImageObject","inLanguage":"ro-RO","@id":"https:\/\/pet24.md\/product\/carnilove-suhoj-korm-dlya-shhenkov-iz-lososya-i-indejki-12-kg\/#primaryimage","url":"https:\/\/pet24.md\/wp-content\/uploads\/2024\/09\/carnilove-suhoj-korm-dlya-shhenkov-iz-lososya-i-indejki-12-kg.webp","contentUrl":"https:\/\/pet24.md\/wp-content\/uploads\/2024\/09\/carnilove-suhoj-korm-dlya-shhenkov-iz-lososya-i-indejki-12-kg.webp","width":500,"height":500,"caption":"Carnilove \u0441\u0443\u0445\u043e\u0439 \u043a\u043e\u0440\u043c \u0434\u043b\u044f \u0449\u0435\u043d\u043a\u043e\u0432 \u0438\u0437 \u043b\u043e\u0441\u043e\u0441\u044f \u0438 \u0438\u043d\u0434\u0435\u0439\u043a\u0438 12 \u043a\u0433"},{"@type":"BreadcrumbList","@id":"https:\/\/pet24.md\/product\/carnilove-suhoj-korm-dlya-shhenkov-iz-lososya-i-indejki-12-kg\/#breadcrumb","itemListElement":[{"@type":"ListItem","position":1,"name":"\u0413\u043b\u0430\u0432\u043d\u0430\u044f \u0441\u0442\u0440\u0430\u043d\u0438\u0446\u0430","item":"https:\/\/pet24.md\/"},{"@type":"ListItem","position":2,"name":"\u041c\u0430\u0433\u0430\u0437\u0438\u043d","item":"https:\/\/pet24.md\/shop\/"},{"@type":"ListItem","position":3,"name":"Carnilove \u0441\u0443\u0445\u043e\u0439 \u043a\u043e\u0440\u043c \u0434\u043b\u044f \u0449\u0435\u043d\u043a\u043e\u0432 \u0438\u0437 \u043b\u043e\u0441\u043e\u0441\u044f \u0438 \u0438\u043d\u0434\u0435\u0439\u043a\u0438 12 \u043a\u0433"}]},{"@type":"WebSite","@id":"https:\/\/pet24.md\/#website","url":"https:\/\/pet24.md\/","name":"Pet24","description":"Magazin de animale de companie","publisher":{"@id":"https:\/\/pet24.md\/#organization"},"potentialAction":[{"@type":"SearchAction","target":{"@type":"EntryPoint","urlTemplate":"https:\/\/pet24.md\/?s={search_term_string}"},"query-input":{"@type":"PropertyValueSpecification","valueRequired":true,"valueName":"search_term_string"}}],"inLanguage":"ro-RO"},{"@type":"Organization","@id":"https:\/\/pet24.md\/#organization","name":"Pet24","url":"https:\/\/pet24.md\/","logo":{"@type":"ImageObject","inLanguage":"ro-RO","@id":"https:\/\/pet24.md\/#\/schema\/logo\/image\/","url":"https:\/\/pet24.md\/wp-content\/uploads\/2024\/09\/logo.svg","contentUrl":"https:\/\/pet24.md\/wp-content\/uploads\/2024\/09\/logo.svg","width":215,"height":66,"caption":"Pet24"},"image":{"@id":"https:\/\/pet24.md\/#\/schema\/logo\/image\/"},"sameAs":["https:\/\/www.facebook.com\/pet24.md","https:\/\/www.instagram.com\/pet24.md\/"],"telephone":"+37360508880"}]}},"_links":{"self":[{"href":"https:\/\/pet24.md\/ro\/wp-json\/wp\/v2\/product\/84793","targetHints":{"allow":["GET"]}}],"collection":[{"href":"https:\/\/pet24.md\/ro\/wp-json\/wp\/v2\/product"}],"about":[{"href":"https:\/\/pet24.md\/ro\/wp-json\/wp\/v2\/types\/product"}],"replies":[{"embeddable":true,"href":"https:\/\/pet24.md\/ro\/wp-json\/wp\/v2\/comments?post=84793"}],"wp:featuredmedia":[{"embeddable":true,"href":"https:\/\/pet24.md\/ro\/wp-json\/wp\/v2\/media\/90956"}],"wp:attachment":[{"href":"https:\/\/pet24.md\/ro\/wp-json\/wp\/v2\/media?parent=84793"}],"wp:term":[{"taxonomy":"product_brand","embeddable":true,"href":"https:\/\/pet24.md\/ro\/wp-json\/wp\/v2\/product_brand?post=84793"},{"taxonomy":"product_cat","embeddable":true,"href":"https:\/\/pet24.md\/ro\/wp-json\/wp\/v2\/product_cat?post=84793"},{"taxonomy":"product_tag","embeddable":true,"href":"https:\/\/pet24.md\/ro\/wp-json\/wp\/v2\/product_tag?post=84793"}],"curies":[{"name":"wp","href":"https:\/\/api.w.org\/{rel}","templated":true}]}}