{"id":84809,"date":"2024-07-30T21:02:54","date_gmt":"2024-07-30T21:02:54","guid":{"rendered":"https:\/\/pet24.md\/?post_type=product&#038;p=84809"},"modified":"2024-09-22T22:15:51","modified_gmt":"2024-09-22T22:15:51","slug":"carnilove-suhoj-korm-dlya-sobak-s-utkoj-i-fazanom-12-kg","status":"publish","type":"product","link":"https:\/\/pet24.md\/ro\/produs\/carnilove-suhoj-korm-dlya-sobak-s-utkoj-i-fazanom-12-kg\/","title":{"rendered":"Hrana uscata pentru caini Carnilove cu ra\u021b\u0103 \u0219i fazan 12 kg"},"content":{"rendered":"<h3>Carnilove Duck &amp; Pheasant pentru c\u00e2ini adul\u021bi<\/h3>\n<p><strong>Hran\u0103 holistic\u0103 complet\u0103 pentru c\u00e2ini adul\u021bi<\/strong><\/p>\n<p><strong>Principalele avantaje:<\/strong><\/p>\n<ul>\n<li>Mult\u0103 carne: 30% f\u0103in\u0103 de ra\u021b\u0103 \u0219i 22% f\u0103in\u0103 de fazan.<\/li>\n<li>Formula f\u0103r\u0103 cereale reduce riscul de alergii alimentare \u0219i previne obezitatea.<\/li>\n<li>Fructe s\u0103lbatice: antioxidan\u021bi \u0219i antiseptice pentru \u00eent\u0103rirea sistemului imunitar.<\/li>\n<li>Acizi gra\u0219i polinesatura\u021bi Omega-3 \u0219i Omega-6: sus\u021bin s\u0103n\u0103tatea sistemelor nervos \u0219i cardiovascular, \u00eembun\u0103t\u0103\u021besc starea pielii \u0219i a blanii.<\/li>\n<li>Condroprotectoare: protec\u021bia articula\u021biilor, tendoanelor \u0219i ligamentelor.<\/li>\n<li>Fibre din morcovi \u0219i mere: optimizarea tractului gastrointestinal.<\/li>\n<li>R\u0103d\u0103cina de cicoare: \u00eembun\u0103t\u0103\u021be\u0219te microflora intestinal\u0103.<\/li>\n<\/ul>\n<p><strong>Compus:<\/strong><\/p>\n<ul>\n<li>F\u0103in\u0103 din carne de ra\u021b\u0103 (30%)<\/li>\n<li>F\u0103in\u0103 de fazan (22%)<\/li>\n<li>Maz\u0103re galben\u0103 (20%)<\/li>\n<li>Gr\u0103sime de pui (8%)<\/li>\n<li>File de ra\u021b\u0103 (5%)<\/li>\n<li>Ficat de pui (3%)<\/li>\n<li>Mere (3%)<\/li>\n<li>Amidon de tapioca (3%)<\/li>\n<li>Ulei de somon (2%)<\/li>\n<li>Morcov (1%)<\/li>\n<li>Semin\u021be de in (1%)<\/li>\n<li>Naut (1%)<\/li>\n<li>Coji de crustacee hidrolizate (0,026%)<\/li>\n<li>Extract de cartilaj (0,016%)<\/li>\n<li>Drojdie de bere (0,015%)<\/li>\n<li>R\u0103d\u0103cin\u0103 de cicoare (0,01%)<\/li>\n<li>Extract de Yucca Schidigera (0,01%)<\/li>\n<li>Alge (0,01%)<\/li>\n<li>Patlagin\u0103 (0,01%)<\/li>\n<li>Cimbru (0,01%)<\/li>\n<li>Rozmarin (0,01%)<\/li>\n<li>Oregano (0,01%)<\/li>\n<li>Merisor (0,0008%)<\/li>\n<li>Afine (0,0008%)<\/li>\n<li>Zmeur\u0103 (0,0008%)<\/li>\n<\/ul>\n<p><strong>Suplimente nutritive la 1 kg:<\/strong><\/p>\n<ul>\n<li>Vitamina A: 20.000 UI<\/li>\n<li>Vitamina D3: 1.500 UI<\/li>\n<li>Vitamina E: 400 mg<\/li>\n<li>Zinc: 85 mg<\/li>\n<li>Fier: 70 mg<\/li>\n<li>Mangan: 35 mg<\/li>\n<li>Iod: 0,65 mg<\/li>\n<li>Cupru: 15 mg<\/li>\n<li>Seleniu: 0,25 mg<\/li>\n<li>Omega-3: 0,33%<\/li>\n<li>Omega-6: 2.34%<\/li>\n<\/ul>\n<p><strong>Componente analitice la 1 kg:<\/strong><\/p>\n<ul>\n<li>Protein\u0103 brut\u0103: 37%<\/li>\n<li>Con\u021binut de gr\u0103sime: 18%<\/li>\n<li>Cenu\u0219\u0103 brut\u0103: 8,5%<\/li>\n<li>Fibr\u0103 brut\u0103: 2,5%<\/li>\n<li>Umiditate: 10%<\/li>\n<li>Calciu: 1,8%<\/li>\n<li>Fosfor: 1,5%<\/li>\n<li>Sodiu: 0,3%<\/li>\n<\/ul>\n<p><strong>Valoare energetica:<\/strong> 3900 kcal\/kg<\/p>\n<p><strong>Recomand\u0103ri de hr\u0103nire:<\/strong> Da\u021bi m\u00e2ncare de trei ori pe zi. Poate fi dat uscat sau u\u0219or \u00eenmuiat \u00een ap\u0103 cald\u0103 sau bulion. Doza zilnic\u0103 depinde de v\u00e2rsta \u0219i activitatea c\u00e2inelui. C\u00e2nd trece\u021bi la m\u00e2ncarea Carnilove, introduce\u021bi-o treptat \u00een diet\u0103, amestec\u00e2nd-o cu alimentele anterioare timp de \u0219apte zile. Asigura\u021bi \u00eentotdeauna acces la ap\u0103 potabil\u0103 proasp\u0103t\u0103.<\/p>","protected":false},"excerpt":{"rendered":"<p>Carnilove Duck &amp; Pheasant pentru c\u00e2ini adul\u021bi este o hran\u0103 holistic\u0103 complet\u0103 cu carne de ra\u021b\u0103 30% \u0219i carne de fazan 22%, f\u0103r\u0103 cereale. Sus\u021bine pielea \u0219i blana s\u0103n\u0103toas\u0103 datorit\u0103 Omega-3 \u0219i Omega-6, \u00eent\u0103re\u0219te sistemul imunitar cu fructe de p\u0103dure, iar condroprotectorii protejeaz\u0103 articula\u021biile \u0219i ligamentele.<\/p>","protected":false},"featured_media":90961,"comment_status":"open","ping_status":"closed","template":"","meta":[],"product_brand":[],"product_cat":[136,293,337],"product_tag":[722,480,325],"class_list":{"0":"post-84809","1":"product","2":"type-product","3":"status-publish","4":"has-post-thumbnail","6":"product_cat-dog","7":"product_cat-dogfood","8":"product_cat-dogdry","9":"product_tag-carnilove","10":"product_tag-sobaka","11":"product_tag-suhoj-korm","12":"pa_age-pet-vzroslyj","13":"pa_brand-arnilove","14":"pa_breed-size-dlya-vseh-porod","15":"pa_feed-class-super-premium","16":"pa_meat-ingredients-utka","17":"pa_meat-ingredients-fazan","18":"pa_packaging-meshok","19":"pa_pet-sobaka","20":"pa_pet-feature-zdorovyj-pitomecz","21":"pa_plant-ingredient-zheltyj-goroshek","22":"pa_type-feed-suhoj-korm","23":"pa_weight-12-kg","25":"first","26":"instock","27":"sale","28":"shipping-taxable","29":"product-type-simple"},"yoast_head":"<!-- This site is optimized with the Yoast SEO Premium plugin v23.7 (Yoast SEO v27.5) - https:\/\/yoast.com\/product\/yoast-seo-premium-wordpress\/ -->\n<title>Carnilove \u0441\u0443\u0445\u043e\u0439 \u043a\u043e\u0440\u043c \u0434\u043b\u044f \u0441\u043e\u0431\u0430\u043a \u0441 \u0443\u0442\u043a\u043e\u0439 \u0438 \u0444\u0430\u0437\u0430\u043d\u043e\u043c 12 \u043a\u0433<\/title>\n<meta name=\"description\" content=\"\u041a\u0443\u043f\u0438\u0442\u044c Carnilove \u0441\u0443\u0445\u043e\u0439 \u043a\u043e\u0440\u043c \u0434\u043b\u044f \u0441\u043e\u0431\u0430\u043a \u0441 \u0443\u0442\u043a\u043e\u0439 \u0438 \u0444\u0430\u0437\u0430\u043d\u043e\u043c 12 \u043a\u0433 \u0441 \u0434\u043e\u0441\u0442\u0430\u0432\u043a\u043e\u0439 \u043f\u043e \u041a\u0438\u0448\u0438\u043d\u0435\u0432\u0443 \u0438 \u0432\u0441\u0435\u0439 \u041c\u043e\u043b\u0434\u043e\u0432\u0435 \u043d\u0430 Pet24\" \/>\n<meta name=\"robots\" content=\"index, follow, max-snippet:-1, max-image-preview:large, max-video-preview:-1\" \/>\n<link rel=\"canonical\" href=\"https:\/\/pet24.md\/ro\/produs\/carnilove-suhoj-korm-dlya-sobak-s-utkoj-i-fazanom-12-kg\/\" \/>\n<meta property=\"og:locale\" content=\"ro_RO\" \/>\n<meta property=\"og:type\" content=\"article\" \/>\n<meta property=\"og:title\" content=\"Carnilove \u0441\u0443\u0445\u043e\u0439 \u043a\u043e\u0440\u043c \u0434\u043b\u044f \u0441\u043e\u0431\u0430\u043a \u0441 \u0443\u0442\u043a\u043e\u0439 \u0438 \u0444\u0430\u0437\u0430\u043d\u043e\u043c 12 \u043a\u0433\" \/>\n<meta property=\"og:description\" content=\"\u041a\u0443\u043f\u0438\u0442\u044c Carnilove \u0441\u0443\u0445\u043e\u0439 \u043a\u043e\u0440\u043c \u0434\u043b\u044f \u0441\u043e\u0431\u0430\u043a \u0441 \u0443\u0442\u043a\u043e\u0439 \u0438 \u0444\u0430\u0437\u0430\u043d\u043e\u043c 12 \u043a\u0433 \u0441 \u0434\u043e\u0441\u0442\u0430\u0432\u043a\u043e\u0439 \u043f\u043e \u041a\u0438\u0448\u0438\u043d\u0435\u0432\u0443 \u0438 \u0432\u0441\u0435\u0439 \u041c\u043e\u043b\u0434\u043e\u0432\u0435 \u043d\u0430 Pet24\" \/>\n<meta property=\"og:url\" content=\"https:\/\/pet24.md\/ro\/produs\/carnilove-suhoj-korm-dlya-sobak-s-utkoj-i-fazanom-12-kg\/\" \/>\n<meta property=\"og:site_name\" content=\"Pet24\" \/>\n<meta property=\"article:publisher\" content=\"https:\/\/www.facebook.com\/pet24.md\" \/>\n<meta property=\"article:modified_time\" content=\"2024-09-22T22:15:51+00:00\" \/>\n<meta property=\"og:image\" content=\"https:\/\/pet24.md\/wp-content\/uploads\/2024\/09\/carnilove-suhoj-korm-dlya-sobak-s-utkoj-i-fazanom-12-kg.webp\" \/>\n\t<meta property=\"og:image:width\" content=\"500\" \/>\n\t<meta property=\"og:image:height\" content=\"500\" \/>\n\t<meta property=\"og:image:type\" content=\"image\/webp\" \/>\n<meta name=\"twitter:card\" content=\"summary_large_image\" \/>\n<script type=\"application\/ld+json\" class=\"yoast-schema-graph\">{\"@context\":\"https:\\\/\\\/schema.org\",\"@graph\":[{\"@type\":\"WebPage\",\"@id\":\"https:\\\/\\\/pet24.md\\\/product\\\/carnilove-suhoj-korm-dlya-sobak-s-utkoj-i-fazanom-12-kg\\\/\",\"url\":\"https:\\\/\\\/pet24.md\\\/product\\\/carnilove-suhoj-korm-dlya-sobak-s-utkoj-i-fazanom-12-kg\\\/\",\"name\":\"Carnilove \u0441\u0443\u0445\u043e\u0439 \u043a\u043e\u0440\u043c \u0434\u043b\u044f \u0441\u043e\u0431\u0430\u043a \u0441 \u0443\u0442\u043a\u043e\u0439 \u0438 \u0444\u0430\u0437\u0430\u043d\u043e\u043c 12 \u043a\u0433\",\"isPartOf\":{\"@id\":\"https:\\\/\\\/pet24.md\\\/#website\"},\"primaryImageOfPage\":{\"@id\":\"https:\\\/\\\/pet24.md\\\/product\\\/carnilove-suhoj-korm-dlya-sobak-s-utkoj-i-fazanom-12-kg\\\/#primaryimage\"},\"image\":{\"@id\":\"https:\\\/\\\/pet24.md\\\/product\\\/carnilove-suhoj-korm-dlya-sobak-s-utkoj-i-fazanom-12-kg\\\/#primaryimage\"},\"thumbnailUrl\":\"https:\\\/\\\/pet24.md\\\/wp-content\\\/uploads\\\/2024\\\/09\\\/carnilove-suhoj-korm-dlya-sobak-s-utkoj-i-fazanom-12-kg.webp\",\"datePublished\":\"2024-07-30T21:02:54+00:00\",\"dateModified\":\"2024-09-22T22:15:51+00:00\",\"description\":\"\u041a\u0443\u043f\u0438\u0442\u044c Carnilove \u0441\u0443\u0445\u043e\u0439 \u043a\u043e\u0440\u043c \u0434\u043b\u044f \u0441\u043e\u0431\u0430\u043a \u0441 \u0443\u0442\u043a\u043e\u0439 \u0438 \u0444\u0430\u0437\u0430\u043d\u043e\u043c 12 \u043a\u0433 \u0441 \u0434\u043e\u0441\u0442\u0430\u0432\u043a\u043e\u0439 \u043f\u043e \u041a\u0438\u0448\u0438\u043d\u0435\u0432\u0443 \u0438 \u0432\u0441\u0435\u0439 \u041c\u043e\u043b\u0434\u043e\u0432\u0435 \u043d\u0430 Pet24\",\"breadcrumb\":{\"@id\":\"https:\\\/\\\/pet24.md\\\/product\\\/carnilove-suhoj-korm-dlya-sobak-s-utkoj-i-fazanom-12-kg\\\/#breadcrumb\"},\"inLanguage\":\"ro-RO\",\"potentialAction\":[{\"@type\":\"ReadAction\",\"target\":[\"https:\\\/\\\/pet24.md\\\/product\\\/carnilove-suhoj-korm-dlya-sobak-s-utkoj-i-fazanom-12-kg\\\/\"]}]},{\"@type\":\"ImageObject\",\"inLanguage\":\"ro-RO\",\"@id\":\"https:\\\/\\\/pet24.md\\\/product\\\/carnilove-suhoj-korm-dlya-sobak-s-utkoj-i-fazanom-12-kg\\\/#primaryimage\",\"url\":\"https:\\\/\\\/pet24.md\\\/wp-content\\\/uploads\\\/2024\\\/09\\\/carnilove-suhoj-korm-dlya-sobak-s-utkoj-i-fazanom-12-kg.webp\",\"contentUrl\":\"https:\\\/\\\/pet24.md\\\/wp-content\\\/uploads\\\/2024\\\/09\\\/carnilove-suhoj-korm-dlya-sobak-s-utkoj-i-fazanom-12-kg.webp\",\"width\":500,\"height\":500,\"caption\":\"Carnilove \u0441\u0443\u0445\u043e\u0439 \u043a\u043e\u0440\u043c \u0434\u043b\u044f \u0441\u043e\u0431\u0430\u043a \u0441 \u0443\u0442\u043a\u043e\u0439 \u0438 \u0444\u0430\u0437\u0430\u043d\u043e\u043c 12 \u043a\u0433\"},{\"@type\":\"BreadcrumbList\",\"@id\":\"https:\\\/\\\/pet24.md\\\/product\\\/carnilove-suhoj-korm-dlya-sobak-s-utkoj-i-fazanom-12-kg\\\/#breadcrumb\",\"itemListElement\":[{\"@type\":\"ListItem\",\"position\":1,\"name\":\"\u0413\u043b\u0430\u0432\u043d\u0430\u044f \u0441\u0442\u0440\u0430\u043d\u0438\u0446\u0430\",\"item\":\"https:\\\/\\\/pet24.md\\\/\"},{\"@type\":\"ListItem\",\"position\":2,\"name\":\"\u041c\u0430\u0433\u0430\u0437\u0438\u043d\",\"item\":\"https:\\\/\\\/pet24.md\\\/shop\\\/\"},{\"@type\":\"ListItem\",\"position\":3,\"name\":\"Carnilove \u0441\u0443\u0445\u043e\u0439 \u043a\u043e\u0440\u043c \u0434\u043b\u044f \u0441\u043e\u0431\u0430\u043a \u0441 \u0443\u0442\u043a\u043e\u0439 \u0438 \u0444\u0430\u0437\u0430\u043d\u043e\u043c 12 \u043a\u0433\"}]},{\"@type\":\"WebSite\",\"@id\":\"https:\\\/\\\/pet24.md\\\/#website\",\"url\":\"https:\\\/\\\/pet24.md\\\/\",\"name\":\"Pet24\",\"description\":\"\u0417\u043e\u043e\u043c\u0430\u0433\u0430\u0437\u0438\u043d \u0442\u043e\u0432\u0430\u0440\u043e\u0432 \u0434\u043b\u044f \u0434\u043e\u043c\u0430\u0448\u043d\u0438\u0445 \u043f\u0438\u0442\u043e\u043c\u0446\u0435\u0432\",\"publisher\":{\"@id\":\"https:\\\/\\\/pet24.md\\\/#organization\"},\"potentialAction\":[{\"@type\":\"SearchAction\",\"target\":{\"@type\":\"EntryPoint\",\"urlTemplate\":\"https:\\\/\\\/pet24.md\\\/?s={search_term_string}\"},\"query-input\":{\"@type\":\"PropertyValueSpecification\",\"valueRequired\":true,\"valueName\":\"search_term_string\"}}],\"inLanguage\":\"ro-RO\"},{\"@type\":\"Organization\",\"@id\":\"https:\\\/\\\/pet24.md\\\/#organization\",\"name\":\"Pet24\",\"url\":\"https:\\\/\\\/pet24.md\\\/\",\"logo\":{\"@type\":\"ImageObject\",\"inLanguage\":\"ro-RO\",\"@id\":\"https:\\\/\\\/pet24.md\\\/#\\\/schema\\\/logo\\\/image\\\/\",\"url\":\"https:\\\/\\\/pet24.md\\\/wp-content\\\/uploads\\\/2024\\\/09\\\/logo.svg\",\"contentUrl\":\"https:\\\/\\\/pet24.md\\\/wp-content\\\/uploads\\\/2024\\\/09\\\/logo.svg\",\"width\":215,\"height\":66,\"caption\":\"Pet24\"},\"image\":{\"@id\":\"https:\\\/\\\/pet24.md\\\/#\\\/schema\\\/logo\\\/image\\\/\"},\"sameAs\":[\"https:\\\/\\\/www.facebook.com\\\/pet24.md\",\"https:\\\/\\\/www.instagram.com\\\/pet24.md\\\/\"],\"telephone\":\"+37360508880\"}]}<\/script>\n<!-- \/ Yoast SEO Premium plugin. -->","yoast_head_json":{"title":"Hrana uscata pentru caini Carnilove cu ra\u021b\u0103 \u0219i fazan 12 kg","description":"\u041a\u0443\u043f\u0438\u0442\u044c Carnilove \u0441\u0443\u0445\u043e\u0439 \u043a\u043e\u0440\u043c \u0434\u043b\u044f \u0441\u043e\u0431\u0430\u043a \u0441 \u0443\u0442\u043a\u043e\u0439 \u0438 \u0444\u0430\u0437\u0430\u043d\u043e\u043c 12 \u043a\u0433 \u0441 \u0434\u043e\u0441\u0442\u0430\u0432\u043a\u043e\u0439 \u043f\u043e \u041a\u0438\u0448\u0438\u043d\u0435\u0432\u0443 \u0438 \u0432\u0441\u0435\u0439 \u041c\u043e\u043b\u0434\u043e\u0432\u0435 \u043d\u0430 Pet24","robots":{"index":"index","follow":"follow","max-snippet":"max-snippet:-1","max-image-preview":"max-image-preview:large","max-video-preview":"max-video-preview:-1"},"canonical":"https:\/\/pet24.md\/ro\/produs\/carnilove-suhoj-korm-dlya-sobak-s-utkoj-i-fazanom-12-kg\/","og_locale":"ro_RO","og_type":"article","og_title":"Carnilove \u0441\u0443\u0445\u043e\u0439 \u043a\u043e\u0440\u043c \u0434\u043b\u044f \u0441\u043e\u0431\u0430\u043a \u0441 \u0443\u0442\u043a\u043e\u0439 \u0438 \u0444\u0430\u0437\u0430\u043d\u043e\u043c 12 \u043a\u0433","og_description":"\u041a\u0443\u043f\u0438\u0442\u044c Carnilove \u0441\u0443\u0445\u043e\u0439 \u043a\u043e\u0440\u043c \u0434\u043b\u044f \u0441\u043e\u0431\u0430\u043a \u0441 \u0443\u0442\u043a\u043e\u0439 \u0438 \u0444\u0430\u0437\u0430\u043d\u043e\u043c 12 \u043a\u0433 \u0441 \u0434\u043e\u0441\u0442\u0430\u0432\u043a\u043e\u0439 \u043f\u043e \u041a\u0438\u0448\u0438\u043d\u0435\u0432\u0443 \u0438 \u0432\u0441\u0435\u0439 \u041c\u043e\u043b\u0434\u043e\u0432\u0435 \u043d\u0430 Pet24","og_url":"https:\/\/pet24.md\/ro\/produs\/carnilove-suhoj-korm-dlya-sobak-s-utkoj-i-fazanom-12-kg\/","og_site_name":"Pet24","article_publisher":"https:\/\/www.facebook.com\/pet24.md","article_modified_time":"2024-09-22T22:15:51+00:00","og_image":[{"width":500,"height":500,"url":"https:\/\/pet24.md\/wp-content\/uploads\/2024\/09\/carnilove-suhoj-korm-dlya-sobak-s-utkoj-i-fazanom-12-kg.webp","type":"image\/webp"}],"twitter_card":"summary_large_image","schema":{"@context":"https:\/\/schema.org","@graph":[{"@type":"WebPage","@id":"https:\/\/pet24.md\/product\/carnilove-suhoj-korm-dlya-sobak-s-utkoj-i-fazanom-12-kg\/","url":"https:\/\/pet24.md\/product\/carnilove-suhoj-korm-dlya-sobak-s-utkoj-i-fazanom-12-kg\/","name":"Hrana uscata pentru caini Carnilove cu ra\u021b\u0103 \u0219i fazan 12 kg","isPartOf":{"@id":"https:\/\/pet24.md\/#website"},"primaryImageOfPage":{"@id":"https:\/\/pet24.md\/product\/carnilove-suhoj-korm-dlya-sobak-s-utkoj-i-fazanom-12-kg\/#primaryimage"},"image":{"@id":"https:\/\/pet24.md\/product\/carnilove-suhoj-korm-dlya-sobak-s-utkoj-i-fazanom-12-kg\/#primaryimage"},"thumbnailUrl":"https:\/\/pet24.md\/wp-content\/uploads\/2024\/09\/carnilove-suhoj-korm-dlya-sobak-s-utkoj-i-fazanom-12-kg.webp","datePublished":"2024-07-30T21:02:54+00:00","dateModified":"2024-09-22T22:15:51+00:00","description":"\u041a\u0443\u043f\u0438\u0442\u044c Carnilove \u0441\u0443\u0445\u043e\u0439 \u043a\u043e\u0440\u043c \u0434\u043b\u044f \u0441\u043e\u0431\u0430\u043a \u0441 \u0443\u0442\u043a\u043e\u0439 \u0438 \u0444\u0430\u0437\u0430\u043d\u043e\u043c 12 \u043a\u0433 \u0441 \u0434\u043e\u0441\u0442\u0430\u0432\u043a\u043e\u0439 \u043f\u043e \u041a\u0438\u0448\u0438\u043d\u0435\u0432\u0443 \u0438 \u0432\u0441\u0435\u0439 \u041c\u043e\u043b\u0434\u043e\u0432\u0435 \u043d\u0430 Pet24","breadcrumb":{"@id":"https:\/\/pet24.md\/product\/carnilove-suhoj-korm-dlya-sobak-s-utkoj-i-fazanom-12-kg\/#breadcrumb"},"inLanguage":"ro-RO","potentialAction":[{"@type":"ReadAction","target":["https:\/\/pet24.md\/product\/carnilove-suhoj-korm-dlya-sobak-s-utkoj-i-fazanom-12-kg\/"]}]},{"@type":"ImageObject","inLanguage":"ro-RO","@id":"https:\/\/pet24.md\/product\/carnilove-suhoj-korm-dlya-sobak-s-utkoj-i-fazanom-12-kg\/#primaryimage","url":"https:\/\/pet24.md\/wp-content\/uploads\/2024\/09\/carnilove-suhoj-korm-dlya-sobak-s-utkoj-i-fazanom-12-kg.webp","contentUrl":"https:\/\/pet24.md\/wp-content\/uploads\/2024\/09\/carnilove-suhoj-korm-dlya-sobak-s-utkoj-i-fazanom-12-kg.webp","width":500,"height":500,"caption":"Carnilove \u0441\u0443\u0445\u043e\u0439 \u043a\u043e\u0440\u043c \u0434\u043b\u044f \u0441\u043e\u0431\u0430\u043a \u0441 \u0443\u0442\u043a\u043e\u0439 \u0438 \u0444\u0430\u0437\u0430\u043d\u043e\u043c 12 \u043a\u0433"},{"@type":"BreadcrumbList","@id":"https:\/\/pet24.md\/product\/carnilove-suhoj-korm-dlya-sobak-s-utkoj-i-fazanom-12-kg\/#breadcrumb","itemListElement":[{"@type":"ListItem","position":1,"name":"\u0413\u043b\u0430\u0432\u043d\u0430\u044f \u0441\u0442\u0440\u0430\u043d\u0438\u0446\u0430","item":"https:\/\/pet24.md\/"},{"@type":"ListItem","position":2,"name":"\u041c\u0430\u0433\u0430\u0437\u0438\u043d","item":"https:\/\/pet24.md\/shop\/"},{"@type":"ListItem","position":3,"name":"Carnilove \u0441\u0443\u0445\u043e\u0439 \u043a\u043e\u0440\u043c \u0434\u043b\u044f \u0441\u043e\u0431\u0430\u043a \u0441 \u0443\u0442\u043a\u043e\u0439 \u0438 \u0444\u0430\u0437\u0430\u043d\u043e\u043c 12 \u043a\u0433"}]},{"@type":"WebSite","@id":"https:\/\/pet24.md\/#website","url":"https:\/\/pet24.md\/","name":"Pet24","description":"Magazin de animale de companie","publisher":{"@id":"https:\/\/pet24.md\/#organization"},"potentialAction":[{"@type":"SearchAction","target":{"@type":"EntryPoint","urlTemplate":"https:\/\/pet24.md\/?s={search_term_string}"},"query-input":{"@type":"PropertyValueSpecification","valueRequired":true,"valueName":"search_term_string"}}],"inLanguage":"ro-RO"},{"@type":"Organization","@id":"https:\/\/pet24.md\/#organization","name":"Pet24","url":"https:\/\/pet24.md\/","logo":{"@type":"ImageObject","inLanguage":"ro-RO","@id":"https:\/\/pet24.md\/#\/schema\/logo\/image\/","url":"https:\/\/pet24.md\/wp-content\/uploads\/2024\/09\/logo.svg","contentUrl":"https:\/\/pet24.md\/wp-content\/uploads\/2024\/09\/logo.svg","width":215,"height":66,"caption":"Pet24"},"image":{"@id":"https:\/\/pet24.md\/#\/schema\/logo\/image\/"},"sameAs":["https:\/\/www.facebook.com\/pet24.md","https:\/\/www.instagram.com\/pet24.md\/"],"telephone":"+37360508880"}]}},"_links":{"self":[{"href":"https:\/\/pet24.md\/ro\/wp-json\/wp\/v2\/product\/84809","targetHints":{"allow":["GET"]}}],"collection":[{"href":"https:\/\/pet24.md\/ro\/wp-json\/wp\/v2\/product"}],"about":[{"href":"https:\/\/pet24.md\/ro\/wp-json\/wp\/v2\/types\/product"}],"replies":[{"embeddable":true,"href":"https:\/\/pet24.md\/ro\/wp-json\/wp\/v2\/comments?post=84809"}],"wp:featuredmedia":[{"embeddable":true,"href":"https:\/\/pet24.md\/ro\/wp-json\/wp\/v2\/media\/90961"}],"wp:attachment":[{"href":"https:\/\/pet24.md\/ro\/wp-json\/wp\/v2\/media?parent=84809"}],"wp:term":[{"taxonomy":"product_brand","embeddable":true,"href":"https:\/\/pet24.md\/ro\/wp-json\/wp\/v2\/product_brand?post=84809"},{"taxonomy":"product_cat","embeddable":true,"href":"https:\/\/pet24.md\/ro\/wp-json\/wp\/v2\/product_cat?post=84809"},{"taxonomy":"product_tag","embeddable":true,"href":"https:\/\/pet24.md\/ro\/wp-json\/wp\/v2\/product_tag?post=84809"}],"curies":[{"name":"wp","href":"https:\/\/api.w.org\/{rel}","templated":true}]}}