{"id":84813,"date":"2024-07-30T21:12:36","date_gmt":"2024-07-30T21:12:36","guid":{"rendered":"https:\/\/pet24.md\/?post_type=product&#038;p=84813"},"modified":"2024-09-22T22:15:52","modified_gmt":"2024-09-22T22:15:52","slug":"carnilove-suhoj-korm-dlya-sobak-s-myasom-severnogo-olenya-12-kg","status":"publish","type":"product","link":"https:\/\/pet24.md\/ro\/produs\/carnilove-suhoj-korm-dlya-sobak-s-myasom-severnogo-olenya-12-kg\/","title":{"rendered":"Hrana uscata pentru caini Carnilove cu carne de ren 12 kg"},"content":{"rendered":"<h3>Ren Carnilove pentru caini adulti<\/h3>\n<p><strong>Hrana completa echilibrata pentru caini adulti<\/strong><\/p>\n<p><strong>Principalele avantaje:<\/strong><\/p>\n<ul>\n<li>Carnea de c\u0103prioar\u0103 este una dintre cele mai bune surse de proteine u\u0219or digerabile \u0219i gr\u0103simi s\u0103n\u0103toase nesaturate.<\/li>\n<li>\u00cembog\u0103\u021bit cu antioxidan\u021bi naturali de la c\u0103prioare care se hr\u0103nesc cu fructe de p\u0103dure s\u0103lbatice.<\/li>\n<li>Con\u021binutul de acizi Omega-3 nesatura\u021bi este aproape de con\u021binutul lor din pe\u0219te, ceea ce sus\u021bine s\u0103n\u0103tatea cardiovascular\u0103.<\/li>\n<li>Formula f\u0103r\u0103 cereale reduce riscul de alergii alimentare \u0219i previne obezitatea.<\/li>\n<\/ul>\n<p><strong>Compus:<\/strong><\/p>\n<ul>\n<li>F\u0103in\u0103 de ren (28%)<\/li>\n<li>F\u0103in\u0103 de mistre\u021bi (22%)<\/li>\n<li>Maz\u0103re galben\u0103 (20%)<\/li>\n<li>Gr\u0103sime de pui (9%)<\/li>\n<li>F\u0103in\u0103 de ra\u021b\u0103 (6%)<\/li>\n<li>Ficat de pui (3%)<\/li>\n<li>Mere (3%)<\/li>\n<li>Amidon de tapioca (3%)<\/li>\n<li>Ulei de pe\u0219te de somon (2%)<\/li>\n<li>Morcov (1%)<\/li>\n<li>Seminte de in (1%)<\/li>\n<li>Naut (1%)<\/li>\n<li>Coji de crustacee hidrolizate (0,026%)<\/li>\n<li>Extract de cartilaj (0,016%)<\/li>\n<li>Drojdie de bere (0,015%)<\/li>\n<li>R\u0103d\u0103cin\u0103 de cicoare (0,01%)<\/li>\n<li>Yucca Schidigera (0,01%)<\/li>\n<li>Alge (0,01%)<\/li>\n<li>Psyllium (0,01%)<\/li>\n<li>Cimbru (0,01%)<\/li>\n<li>Rozmarin (0,01%)<\/li>\n<li>Oregano (0,01%)<\/li>\n<li>Merisor (0,0008%)<\/li>\n<li>Afine (0,0008%)<\/li>\n<li>Zmeur\u0103 (0,0008%)<\/li>\n<\/ul>\n<p><strong>Supliment nutritiv la 1 kg:<\/strong><\/p>\n<ul>\n<li>Vitamina A: 20.000 UI<\/li>\n<li>Vitamina D3: 1.500 UI<\/li>\n<li>Vitamina E: 400 mg<\/li>\n<li>Zinc: 85 mg<\/li>\n<li>Fier: 70 mg<\/li>\n<li>Mangan: 35 mg<\/li>\n<li>Iod: 0,65 mg<\/li>\n<li>Cupru: 15 mg<\/li>\n<li>Seleniu: 0,25 mg<\/li>\n<\/ul>\n<p><strong>Componente analitice la 1 kg:<\/strong><\/p>\n<ul>\n<li>Protein\u0103 brut\u0103: 38,0%<\/li>\n<li>Gr\u0103simi brute: 18,0%<\/li>\n<li>Cenu\u0219\u0103 brut\u0103: 8,2%<\/li>\n<li>Fibr\u0103 brut\u0103: 2,5%<\/li>\n<li>Umiditate: 10,0%<\/li>\n<li>Calciu: 1,8%<\/li>\n<li>Fosfor: 1,5%<\/li>\n<li>Sodiu: 0,25%<\/li>\n<\/ul>\n<p><strong>Energie folosita:<\/strong> 3.900 kcal\/kg. Omega-3: 0,34%, Omega-6: 2,1%<\/p>\n<p>Carnilove Reindeer ofer\u0103 c\u00e2inilor adul\u021bi o nutri\u021bie complet\u0103 \u0219i echilibrat\u0103 pentru a sus\u021bine s\u0103n\u0103tatea fizic\u0103 \u0219i cardiovascular\u0103 optim\u0103.<\/p>","protected":false},"excerpt":{"rendered":"<p>Renul Carnilove pentru c\u00e2ini adul\u021bi este o hran\u0103 complet\u0103 cu c\u0103prioar\u0103 care ofer\u0103 proteine u\u0219or digerabile \u0219i gr\u0103simi s\u0103n\u0103toase. Formula f\u0103r\u0103 cereale reduce riscul de alergii alimentare, sus\u021bin\u00e2nd \u00een acela\u0219i timp s\u0103n\u0103tatea cardiovascular\u0103. \u00cembog\u0103\u021bit cu antioxidan\u021bi naturali \u0219i Omega-3.<\/p>","protected":false},"featured_media":90962,"comment_status":"open","ping_status":"closed","template":"","meta":[],"product_brand":[],"product_cat":[136,293,337],"product_tag":[722,480,325],"class_list":{"0":"post-84813","1":"product","2":"type-product","3":"status-publish","4":"has-post-thumbnail","6":"product_cat-dog","7":"product_cat-dogfood","8":"product_cat-dogdry","9":"product_tag-carnilove","10":"product_tag-sobaka","11":"product_tag-suhoj-korm","12":"pa_age-pet-vzroslyj","13":"pa_brand-arnilove","14":"pa_breed-size-dlya-vseh-porod","15":"pa_feed-class-super-premium","16":"pa_meat-ingredients-olenina","17":"pa_packaging-meshok","18":"pa_pet-sobaka","19":"pa_pet-feature-zdorovyj-pitomecz","20":"pa_plant-ingredient-zheltyj-goroshek","21":"pa_type-feed-suhoj-korm","22":"pa_weight-12-kg","24":"first","25":"instock","26":"sale","27":"shipping-taxable","28":"product-type-simple"},"yoast_head":"<!-- This site is optimized with the Yoast SEO Premium plugin v23.7 (Yoast SEO v27.5) - https:\/\/yoast.com\/product\/yoast-seo-premium-wordpress\/ -->\n<title>Carnilove \u0441\u0443\u0445\u043e\u0439 \u043a\u043e\u0440\u043c \u0434\u043b\u044f \u0441\u043e\u0431\u0430\u043a \u0441 \u043c\u044f\u0441\u043e\u043c \u0441\u0435\u0432\u0435\u0440\u043d\u043e\u0433\u043e \u043e\u043b\u0435\u043d\u044f 12 \u043a\u0433<\/title>\n<meta name=\"description\" content=\"\u041a\u0443\u043f\u0438\u0442\u044c Carnilove \u0441\u0443\u0445\u043e\u0439 \u043a\u043e\u0440\u043c \u0434\u043b\u044f \u0441\u043e\u0431\u0430\u043a \u0441 \u043c\u044f\u0441\u043e\u043c \u0441\u0435\u0432\u0435\u0440\u043d\u043e\u0433\u043e \u043e\u043b\u0435\u043d\u044f 12 \u043a\u0433 \u0441 \u0434\u043e\u0441\u0442\u0430\u0432\u043a\u043e\u0439 \u043f\u043e \u041a\u0438\u0448\u0438\u043d\u0435\u0432\u0443 \u0438 \u0432\u0441\u0435\u0439 \u041c\u043e\u043b\u0434\u043e\u0432\u0435 \u043d\u0430 Pet24\" \/>\n<meta name=\"robots\" content=\"index, follow, max-snippet:-1, max-image-preview:large, max-video-preview:-1\" \/>\n<link rel=\"canonical\" href=\"https:\/\/pet24.md\/ro\/produs\/carnilove-suhoj-korm-dlya-sobak-s-myasom-severnogo-olenya-12-kg\/\" \/>\n<meta property=\"og:locale\" content=\"ro_RO\" \/>\n<meta property=\"og:type\" content=\"article\" \/>\n<meta property=\"og:title\" content=\"Carnilove \u0441\u0443\u0445\u043e\u0439 \u043a\u043e\u0440\u043c \u0434\u043b\u044f \u0441\u043e\u0431\u0430\u043a \u0441 \u043c\u044f\u0441\u043e\u043c \u0441\u0435\u0432\u0435\u0440\u043d\u043e\u0433\u043e \u043e\u043b\u0435\u043d\u044f 12 \u043a\u0433\" \/>\n<meta property=\"og:description\" content=\"\u041a\u0443\u043f\u0438\u0442\u044c Carnilove \u0441\u0443\u0445\u043e\u0439 \u043a\u043e\u0440\u043c \u0434\u043b\u044f \u0441\u043e\u0431\u0430\u043a \u0441 \u043c\u044f\u0441\u043e\u043c \u0441\u0435\u0432\u0435\u0440\u043d\u043e\u0433\u043e \u043e\u043b\u0435\u043d\u044f 12 \u043a\u0433 \u0441 \u0434\u043e\u0441\u0442\u0430\u0432\u043a\u043e\u0439 \u043f\u043e \u041a\u0438\u0448\u0438\u043d\u0435\u0432\u0443 \u0438 \u0432\u0441\u0435\u0439 \u041c\u043e\u043b\u0434\u043e\u0432\u0435 \u043d\u0430 Pet24\" \/>\n<meta property=\"og:url\" content=\"https:\/\/pet24.md\/ro\/produs\/carnilove-suhoj-korm-dlya-sobak-s-myasom-severnogo-olenya-12-kg\/\" \/>\n<meta property=\"og:site_name\" content=\"Pet24\" \/>\n<meta property=\"article:publisher\" content=\"https:\/\/www.facebook.com\/pet24.md\" \/>\n<meta property=\"article:modified_time\" content=\"2024-09-22T22:15:52+00:00\" \/>\n<meta property=\"og:image\" content=\"https:\/\/pet24.md\/wp-content\/uploads\/2024\/09\/carnilove-suhoj-korm-dlya-sobak-s-myasom-severnogo-olenya-12-kg.webp\" \/>\n\t<meta property=\"og:image:width\" content=\"500\" \/>\n\t<meta property=\"og:image:height\" content=\"500\" \/>\n\t<meta property=\"og:image:type\" content=\"image\/webp\" \/>\n<meta name=\"twitter:card\" content=\"summary_large_image\" \/>\n<script type=\"application\/ld+json\" class=\"yoast-schema-graph\">{\"@context\":\"https:\\\/\\\/schema.org\",\"@graph\":[{\"@type\":\"WebPage\",\"@id\":\"https:\\\/\\\/pet24.md\\\/product\\\/carnilove-suhoj-korm-dlya-sobak-s-myasom-severnogo-olenya-12-kg\\\/\",\"url\":\"https:\\\/\\\/pet24.md\\\/product\\\/carnilove-suhoj-korm-dlya-sobak-s-myasom-severnogo-olenya-12-kg\\\/\",\"name\":\"Carnilove \u0441\u0443\u0445\u043e\u0439 \u043a\u043e\u0440\u043c \u0434\u043b\u044f \u0441\u043e\u0431\u0430\u043a \u0441 \u043c\u044f\u0441\u043e\u043c \u0441\u0435\u0432\u0435\u0440\u043d\u043e\u0433\u043e \u043e\u043b\u0435\u043d\u044f 12 \u043a\u0433\",\"isPartOf\":{\"@id\":\"https:\\\/\\\/pet24.md\\\/#website\"},\"primaryImageOfPage\":{\"@id\":\"https:\\\/\\\/pet24.md\\\/product\\\/carnilove-suhoj-korm-dlya-sobak-s-myasom-severnogo-olenya-12-kg\\\/#primaryimage\"},\"image\":{\"@id\":\"https:\\\/\\\/pet24.md\\\/product\\\/carnilove-suhoj-korm-dlya-sobak-s-myasom-severnogo-olenya-12-kg\\\/#primaryimage\"},\"thumbnailUrl\":\"https:\\\/\\\/pet24.md\\\/wp-content\\\/uploads\\\/2024\\\/09\\\/carnilove-suhoj-korm-dlya-sobak-s-myasom-severnogo-olenya-12-kg.webp\",\"datePublished\":\"2024-07-30T21:12:36+00:00\",\"dateModified\":\"2024-09-22T22:15:52+00:00\",\"description\":\"\u041a\u0443\u043f\u0438\u0442\u044c Carnilove \u0441\u0443\u0445\u043e\u0439 \u043a\u043e\u0440\u043c \u0434\u043b\u044f \u0441\u043e\u0431\u0430\u043a \u0441 \u043c\u044f\u0441\u043e\u043c \u0441\u0435\u0432\u0435\u0440\u043d\u043e\u0433\u043e \u043e\u043b\u0435\u043d\u044f 12 \u043a\u0433 \u0441 \u0434\u043e\u0441\u0442\u0430\u0432\u043a\u043e\u0439 \u043f\u043e \u041a\u0438\u0448\u0438\u043d\u0435\u0432\u0443 \u0438 \u0432\u0441\u0435\u0439 \u041c\u043e\u043b\u0434\u043e\u0432\u0435 \u043d\u0430 Pet24\",\"breadcrumb\":{\"@id\":\"https:\\\/\\\/pet24.md\\\/product\\\/carnilove-suhoj-korm-dlya-sobak-s-myasom-severnogo-olenya-12-kg\\\/#breadcrumb\"},\"inLanguage\":\"ro-RO\",\"potentialAction\":[{\"@type\":\"ReadAction\",\"target\":[\"https:\\\/\\\/pet24.md\\\/product\\\/carnilove-suhoj-korm-dlya-sobak-s-myasom-severnogo-olenya-12-kg\\\/\"]}]},{\"@type\":\"ImageObject\",\"inLanguage\":\"ro-RO\",\"@id\":\"https:\\\/\\\/pet24.md\\\/product\\\/carnilove-suhoj-korm-dlya-sobak-s-myasom-severnogo-olenya-12-kg\\\/#primaryimage\",\"url\":\"https:\\\/\\\/pet24.md\\\/wp-content\\\/uploads\\\/2024\\\/09\\\/carnilove-suhoj-korm-dlya-sobak-s-myasom-severnogo-olenya-12-kg.webp\",\"contentUrl\":\"https:\\\/\\\/pet24.md\\\/wp-content\\\/uploads\\\/2024\\\/09\\\/carnilove-suhoj-korm-dlya-sobak-s-myasom-severnogo-olenya-12-kg.webp\",\"width\":500,\"height\":500,\"caption\":\"Carnilove \u0441\u0443\u0445\u043e\u0439 \u043a\u043e\u0440\u043c \u0434\u043b\u044f \u0441\u043e\u0431\u0430\u043a \u0441 \u043c\u044f\u0441\u043e\u043c \u0441\u0435\u0432\u0435\u0440\u043d\u043e\u0433\u043e \u043e\u043b\u0435\u043d\u044f 12 \u043a\u0433\"},{\"@type\":\"BreadcrumbList\",\"@id\":\"https:\\\/\\\/pet24.md\\\/product\\\/carnilove-suhoj-korm-dlya-sobak-s-myasom-severnogo-olenya-12-kg\\\/#breadcrumb\",\"itemListElement\":[{\"@type\":\"ListItem\",\"position\":1,\"name\":\"\u0413\u043b\u0430\u0432\u043d\u0430\u044f \u0441\u0442\u0440\u0430\u043d\u0438\u0446\u0430\",\"item\":\"https:\\\/\\\/pet24.md\\\/\"},{\"@type\":\"ListItem\",\"position\":2,\"name\":\"\u041c\u0430\u0433\u0430\u0437\u0438\u043d\",\"item\":\"https:\\\/\\\/pet24.md\\\/shop\\\/\"},{\"@type\":\"ListItem\",\"position\":3,\"name\":\"Carnilove \u0441\u0443\u0445\u043e\u0439 \u043a\u043e\u0440\u043c \u0434\u043b\u044f \u0441\u043e\u0431\u0430\u043a \u0441 \u043c\u044f\u0441\u043e\u043c \u0441\u0435\u0432\u0435\u0440\u043d\u043e\u0433\u043e \u043e\u043b\u0435\u043d\u044f 12 \u043a\u0433\"}]},{\"@type\":\"WebSite\",\"@id\":\"https:\\\/\\\/pet24.md\\\/#website\",\"url\":\"https:\\\/\\\/pet24.md\\\/\",\"name\":\"Pet24\",\"description\":\"\u0417\u043e\u043e\u043c\u0430\u0433\u0430\u0437\u0438\u043d \u0442\u043e\u0432\u0430\u0440\u043e\u0432 \u0434\u043b\u044f \u0434\u043e\u043c\u0430\u0448\u043d\u0438\u0445 \u043f\u0438\u0442\u043e\u043c\u0446\u0435\u0432\",\"publisher\":{\"@id\":\"https:\\\/\\\/pet24.md\\\/#organization\"},\"potentialAction\":[{\"@type\":\"SearchAction\",\"target\":{\"@type\":\"EntryPoint\",\"urlTemplate\":\"https:\\\/\\\/pet24.md\\\/?s={search_term_string}\"},\"query-input\":{\"@type\":\"PropertyValueSpecification\",\"valueRequired\":true,\"valueName\":\"search_term_string\"}}],\"inLanguage\":\"ro-RO\"},{\"@type\":\"Organization\",\"@id\":\"https:\\\/\\\/pet24.md\\\/#organization\",\"name\":\"Pet24\",\"url\":\"https:\\\/\\\/pet24.md\\\/\",\"logo\":{\"@type\":\"ImageObject\",\"inLanguage\":\"ro-RO\",\"@id\":\"https:\\\/\\\/pet24.md\\\/#\\\/schema\\\/logo\\\/image\\\/\",\"url\":\"https:\\\/\\\/pet24.md\\\/wp-content\\\/uploads\\\/2024\\\/09\\\/logo.svg\",\"contentUrl\":\"https:\\\/\\\/pet24.md\\\/wp-content\\\/uploads\\\/2024\\\/09\\\/logo.svg\",\"width\":215,\"height\":66,\"caption\":\"Pet24\"},\"image\":{\"@id\":\"https:\\\/\\\/pet24.md\\\/#\\\/schema\\\/logo\\\/image\\\/\"},\"sameAs\":[\"https:\\\/\\\/www.facebook.com\\\/pet24.md\",\"https:\\\/\\\/www.instagram.com\\\/pet24.md\\\/\"],\"telephone\":\"+37360508880\"}]}<\/script>\n<!-- \/ Yoast SEO Premium plugin. -->","yoast_head_json":{"title":"Hrana uscata pentru caini Carnilove cu carne de ren 12 kg","description":"\u041a\u0443\u043f\u0438\u0442\u044c Carnilove \u0441\u0443\u0445\u043e\u0439 \u043a\u043e\u0440\u043c \u0434\u043b\u044f \u0441\u043e\u0431\u0430\u043a \u0441 \u043c\u044f\u0441\u043e\u043c \u0441\u0435\u0432\u0435\u0440\u043d\u043e\u0433\u043e \u043e\u043b\u0435\u043d\u044f 12 \u043a\u0433 \u0441 \u0434\u043e\u0441\u0442\u0430\u0432\u043a\u043e\u0439 \u043f\u043e \u041a\u0438\u0448\u0438\u043d\u0435\u0432\u0443 \u0438 \u0432\u0441\u0435\u0439 \u041c\u043e\u043b\u0434\u043e\u0432\u0435 \u043d\u0430 Pet24","robots":{"index":"index","follow":"follow","max-snippet":"max-snippet:-1","max-image-preview":"max-image-preview:large","max-video-preview":"max-video-preview:-1"},"canonical":"https:\/\/pet24.md\/ro\/produs\/carnilove-suhoj-korm-dlya-sobak-s-myasom-severnogo-olenya-12-kg\/","og_locale":"ro_RO","og_type":"article","og_title":"Carnilove \u0441\u0443\u0445\u043e\u0439 \u043a\u043e\u0440\u043c \u0434\u043b\u044f \u0441\u043e\u0431\u0430\u043a \u0441 \u043c\u044f\u0441\u043e\u043c \u0441\u0435\u0432\u0435\u0440\u043d\u043e\u0433\u043e \u043e\u043b\u0435\u043d\u044f 12 \u043a\u0433","og_description":"\u041a\u0443\u043f\u0438\u0442\u044c Carnilove \u0441\u0443\u0445\u043e\u0439 \u043a\u043e\u0440\u043c \u0434\u043b\u044f \u0441\u043e\u0431\u0430\u043a \u0441 \u043c\u044f\u0441\u043e\u043c \u0441\u0435\u0432\u0435\u0440\u043d\u043e\u0433\u043e \u043e\u043b\u0435\u043d\u044f 12 \u043a\u0433 \u0441 \u0434\u043e\u0441\u0442\u0430\u0432\u043a\u043e\u0439 \u043f\u043e \u041a\u0438\u0448\u0438\u043d\u0435\u0432\u0443 \u0438 \u0432\u0441\u0435\u0439 \u041c\u043e\u043b\u0434\u043e\u0432\u0435 \u043d\u0430 Pet24","og_url":"https:\/\/pet24.md\/ro\/produs\/carnilove-suhoj-korm-dlya-sobak-s-myasom-severnogo-olenya-12-kg\/","og_site_name":"Pet24","article_publisher":"https:\/\/www.facebook.com\/pet24.md","article_modified_time":"2024-09-22T22:15:52+00:00","og_image":[{"width":500,"height":500,"url":"https:\/\/pet24.md\/wp-content\/uploads\/2024\/09\/carnilove-suhoj-korm-dlya-sobak-s-myasom-severnogo-olenya-12-kg.webp","type":"image\/webp"}],"twitter_card":"summary_large_image","schema":{"@context":"https:\/\/schema.org","@graph":[{"@type":"WebPage","@id":"https:\/\/pet24.md\/product\/carnilove-suhoj-korm-dlya-sobak-s-myasom-severnogo-olenya-12-kg\/","url":"https:\/\/pet24.md\/product\/carnilove-suhoj-korm-dlya-sobak-s-myasom-severnogo-olenya-12-kg\/","name":"Hrana uscata pentru caini Carnilove cu carne de ren 12 kg","isPartOf":{"@id":"https:\/\/pet24.md\/#website"},"primaryImageOfPage":{"@id":"https:\/\/pet24.md\/product\/carnilove-suhoj-korm-dlya-sobak-s-myasom-severnogo-olenya-12-kg\/#primaryimage"},"image":{"@id":"https:\/\/pet24.md\/product\/carnilove-suhoj-korm-dlya-sobak-s-myasom-severnogo-olenya-12-kg\/#primaryimage"},"thumbnailUrl":"https:\/\/pet24.md\/wp-content\/uploads\/2024\/09\/carnilove-suhoj-korm-dlya-sobak-s-myasom-severnogo-olenya-12-kg.webp","datePublished":"2024-07-30T21:12:36+00:00","dateModified":"2024-09-22T22:15:52+00:00","description":"\u041a\u0443\u043f\u0438\u0442\u044c Carnilove \u0441\u0443\u0445\u043e\u0439 \u043a\u043e\u0440\u043c \u0434\u043b\u044f \u0441\u043e\u0431\u0430\u043a \u0441 \u043c\u044f\u0441\u043e\u043c \u0441\u0435\u0432\u0435\u0440\u043d\u043e\u0433\u043e \u043e\u043b\u0435\u043d\u044f 12 \u043a\u0433 \u0441 \u0434\u043e\u0441\u0442\u0430\u0432\u043a\u043e\u0439 \u043f\u043e \u041a\u0438\u0448\u0438\u043d\u0435\u0432\u0443 \u0438 \u0432\u0441\u0435\u0439 \u041c\u043e\u043b\u0434\u043e\u0432\u0435 \u043d\u0430 Pet24","breadcrumb":{"@id":"https:\/\/pet24.md\/product\/carnilove-suhoj-korm-dlya-sobak-s-myasom-severnogo-olenya-12-kg\/#breadcrumb"},"inLanguage":"ro-RO","potentialAction":[{"@type":"ReadAction","target":["https:\/\/pet24.md\/product\/carnilove-suhoj-korm-dlya-sobak-s-myasom-severnogo-olenya-12-kg\/"]}]},{"@type":"ImageObject","inLanguage":"ro-RO","@id":"https:\/\/pet24.md\/product\/carnilove-suhoj-korm-dlya-sobak-s-myasom-severnogo-olenya-12-kg\/#primaryimage","url":"https:\/\/pet24.md\/wp-content\/uploads\/2024\/09\/carnilove-suhoj-korm-dlya-sobak-s-myasom-severnogo-olenya-12-kg.webp","contentUrl":"https:\/\/pet24.md\/wp-content\/uploads\/2024\/09\/carnilove-suhoj-korm-dlya-sobak-s-myasom-severnogo-olenya-12-kg.webp","width":500,"height":500,"caption":"Carnilove \u0441\u0443\u0445\u043e\u0439 \u043a\u043e\u0440\u043c \u0434\u043b\u044f \u0441\u043e\u0431\u0430\u043a \u0441 \u043c\u044f\u0441\u043e\u043c \u0441\u0435\u0432\u0435\u0440\u043d\u043e\u0433\u043e \u043e\u043b\u0435\u043d\u044f 12 \u043a\u0433"},{"@type":"BreadcrumbList","@id":"https:\/\/pet24.md\/product\/carnilove-suhoj-korm-dlya-sobak-s-myasom-severnogo-olenya-12-kg\/#breadcrumb","itemListElement":[{"@type":"ListItem","position":1,"name":"\u0413\u043b\u0430\u0432\u043d\u0430\u044f \u0441\u0442\u0440\u0430\u043d\u0438\u0446\u0430","item":"https:\/\/pet24.md\/"},{"@type":"ListItem","position":2,"name":"\u041c\u0430\u0433\u0430\u0437\u0438\u043d","item":"https:\/\/pet24.md\/shop\/"},{"@type":"ListItem","position":3,"name":"Carnilove \u0441\u0443\u0445\u043e\u0439 \u043a\u043e\u0440\u043c \u0434\u043b\u044f \u0441\u043e\u0431\u0430\u043a \u0441 \u043c\u044f\u0441\u043e\u043c \u0441\u0435\u0432\u0435\u0440\u043d\u043e\u0433\u043e \u043e\u043b\u0435\u043d\u044f 12 \u043a\u0433"}]},{"@type":"WebSite","@id":"https:\/\/pet24.md\/#website","url":"https:\/\/pet24.md\/","name":"Pet24","description":"Magazin de animale de companie","publisher":{"@id":"https:\/\/pet24.md\/#organization"},"potentialAction":[{"@type":"SearchAction","target":{"@type":"EntryPoint","urlTemplate":"https:\/\/pet24.md\/?s={search_term_string}"},"query-input":{"@type":"PropertyValueSpecification","valueRequired":true,"valueName":"search_term_string"}}],"inLanguage":"ro-RO"},{"@type":"Organization","@id":"https:\/\/pet24.md\/#organization","name":"Pet24","url":"https:\/\/pet24.md\/","logo":{"@type":"ImageObject","inLanguage":"ro-RO","@id":"https:\/\/pet24.md\/#\/schema\/logo\/image\/","url":"https:\/\/pet24.md\/wp-content\/uploads\/2024\/09\/logo.svg","contentUrl":"https:\/\/pet24.md\/wp-content\/uploads\/2024\/09\/logo.svg","width":215,"height":66,"caption":"Pet24"},"image":{"@id":"https:\/\/pet24.md\/#\/schema\/logo\/image\/"},"sameAs":["https:\/\/www.facebook.com\/pet24.md","https:\/\/www.instagram.com\/pet24.md\/"],"telephone":"+37360508880"}]}},"_links":{"self":[{"href":"https:\/\/pet24.md\/ro\/wp-json\/wp\/v2\/product\/84813","targetHints":{"allow":["GET"]}}],"collection":[{"href":"https:\/\/pet24.md\/ro\/wp-json\/wp\/v2\/product"}],"about":[{"href":"https:\/\/pet24.md\/ro\/wp-json\/wp\/v2\/types\/product"}],"replies":[{"embeddable":true,"href":"https:\/\/pet24.md\/ro\/wp-json\/wp\/v2\/comments?post=84813"}],"wp:featuredmedia":[{"embeddable":true,"href":"https:\/\/pet24.md\/ro\/wp-json\/wp\/v2\/media\/90962"}],"wp:attachment":[{"href":"https:\/\/pet24.md\/ro\/wp-json\/wp\/v2\/media?parent=84813"}],"wp:term":[{"taxonomy":"product_brand","embeddable":true,"href":"https:\/\/pet24.md\/ro\/wp-json\/wp\/v2\/product_brand?post=84813"},{"taxonomy":"product_cat","embeddable":true,"href":"https:\/\/pet24.md\/ro\/wp-json\/wp\/v2\/product_cat?post=84813"},{"taxonomy":"product_tag","embeddable":true,"href":"https:\/\/pet24.md\/ro\/wp-json\/wp\/v2\/product_tag?post=84813"}],"curies":[{"name":"wp","href":"https:\/\/api.w.org\/{rel}","templated":true}]}}