{"id":84827,"date":"2024-07-30T21:37:52","date_gmt":"2024-07-30T21:37:52","guid":{"rendered":"https:\/\/pet24.md\/?post_type=product&#038;p=84827"},"modified":"2024-09-22T22:15:53","modified_gmt":"2024-09-22T22:15:53","slug":"carnilove-suhoj-korm-dlya-sobak-iz-kuriczy-i-krolika-12-kg","status":"publish","type":"product","link":"https:\/\/pet24.md\/ro\/produs\/carnilove-suhoj-korm-dlya-sobak-iz-kuriczy-i-krolika-12-kg\/","title":{"rendered":"Hrana uscata pentru caini Carnilove din pui si iepure 12 kg"},"content":{"rendered":"<div class=\"flex-shrink-0 flex flex-col relative items-end\">\n<div>\n<div class=\"pt-0\">\n<div class=\"gizmo-bot-avatar flex h-8 w-8 items-center justify-center overflow-hidden rounded-full\">\n<div class=\"relative p-1 rounded-sm flex items-center justify-center bg-token-main-surface-primary text-token-text-primary h-8 w-8\"><\/div>\n<\/div>\n<\/div>\n<\/div>\n<\/div>\n<div class=\"group\/conversation-turn relative flex w-full min-w-0 flex-col agent-turn\">\n<div class=\"flex-col gap-1 md:gap-3\">\n<div class=\"flex flex-grow flex-col max-w-full\">\n<div class=\"min-h-[20px] text-message flex w-full flex-col items-end gap-2 whitespace-pre-wrap break-words [.text-message+&amp;]:mt-5 overflow-x-auto\" dir=\"auto\" data-message-author-role=\"assistant\" data-message-id=\"25031eab-1e45-4f4d-a4b0-c6d7f3c9ef15\">\n<div class=\"flex w-full flex-col gap-1 empty:hidden first:pt-[3px]\">\n<div class=\"markdown prose w-full break-words dark:prose-invert dark\">\n<h3>Carnilove Fresh Chicken &amp; Rabbit<\/h3>\n<p><strong>\u041f\u043e\u043b\u043d\u043e\u0440\u0430\u0446\u0438\u043e\u043d\u043d\u044b\u0439 \u0431\u0435\u0437\u0437\u0435\u0440\u043d\u043e\u0432\u043e\u0439 \u0441\u0443\u0445\u043e\u0439 \u043a\u043e\u0440\u043c \u0434\u043b\u044f \u0432\u0437\u0440\u043e\u0441\u043b\u044b\u0445 \u0441\u043e\u0431\u0430\u043a<\/strong><\/p>\n<p><strong>\u041e\u0441\u043d\u043e\u0432\u043d\u044b\u0435 \u043f\u0440\u0435\u0438\u043c\u0443\u0449\u0435\u0441\u0442\u0432\u0430:<\/strong><\/p>\n<ul>\n<li>\u0421\u043e\u0434\u0435\u0440\u0436\u0438\u0442 \u0441\u0432\u0435\u0436\u0443\u044e \u043a\u0443\u0440\u0438\u0446\u0443 \u0438 \u043a\u0440\u043e\u043b\u0438\u043a\u0430, \u043e\u0431\u0435\u0441\u043f\u0435\u0447\u0438\u0432\u0430\u044f \u0432\u044b\u0441\u043e\u043a\u043e\u043a\u0430\u0447\u0435\u0441\u0442\u0432\u0435\u043d\u043d\u044b\u0435 \u0431\u0435\u043b\u043a\u0438 \u0438 \u0430\u043c\u0438\u043d\u043e\u043a\u0438\u0441\u043b\u043e\u0442\u044b.<\/li>\n<li>\u041f\u043e\u0434\u0434\u0435\u0440\u0436\u0438\u0432\u0430\u0435\u0442 \u043f\u0440\u0430\u0432\u0438\u043b\u044c\u043d\u043e\u0435 \u043f\u0438\u0449\u0435\u0432\u0430\u0440\u0435\u043d\u0438\u0435 \u0438 \u0440\u043e\u0441\u0442 \u043c\u044b\u0448\u0446 \u0438 \u0445\u0440\u044f\u0449\u0435\u0439 \u0431\u043b\u0430\u0433\u043e\u0434\u0430\u0440\u044f \u043d\u0430\u0442\u0443\u0440\u0430\u043b\u044c\u043d\u044b\u043c \u0438\u043d\u0433\u0440\u0435\u0434\u0438\u0435\u043d\u0442\u0430\u043c.<\/li>\n<li>\u042d\u043a\u0441\u0442\u0440\u0430\u043a\u0442\u044b \u043c\u0438\u0434\u0438\u0439 \u0441\u043f\u043e\u0441\u043e\u0431\u0441\u0442\u0432\u0443\u044e\u0442 \u0443\u043a\u0440\u0435\u043f\u043b\u0435\u043d\u0438\u044e \u043a\u043e\u0441\u0442\u0435\u0439 \u0438 \u0437\u0434\u043e\u0440\u043e\u0432\u044c\u044e \u0441\u0443\u0441\u0442\u0430\u0432\u043e\u0432.<\/li>\n<li>\u041d\u0430\u0442\u0443\u0440\u0430\u043b\u044c\u043d\u044b\u0439 \u0440\u0430\u0446\u0438\u043e\u043d \u0443\u043b\u0443\u0447\u0448\u0430\u0435\u0442 \u043e\u0431\u0449\u0435\u0435 \u0441\u043e\u0441\u0442\u043e\u044f\u043d\u0438\u0435 \u0437\u0434\u043e\u0440\u043e\u0432\u044c\u044f \u0441\u043e\u0431\u0430\u043a\u0438 \u0438 \u0441\u043d\u0438\u0436\u0430\u0435\u0442 \u0440\u0438\u0441\u043a \u043f\u0438\u0449\u0435\u0432\u043e\u0439 \u0430\u043b\u043b\u0435\u0440\u0433\u0438\u0438.<\/li>\n<\/ul>\n<p><strong>\u0421\u043e\u0441\u0442\u0430\u0432:<\/strong><\/p>\n<ul>\n<li>\u0421\u0432\u0435\u0436\u0430\u044f \u043a\u0443\u0440\u0438\u0446\u0430 (40%)<\/li>\n<li>\u0421\u0443\u0448\u0435\u043d\u044b\u0439 \u043a\u0440\u043e\u043b\u0438\u043a (20%)<\/li>\n<li>\u0421\u0443\u0448\u0435\u043d\u0430\u044f \u0443\u0442\u043a\u0430 (10%)<\/li>\n<li>\u0422\u044b\u043a\u0432\u0430<\/li>\n<li>\u041d\u0443\u0442<\/li>\n<li>\u0413\u043e\u0440\u043e\u0445<\/li>\n<li>\u041a\u0443\u0440\u0438\u043d\u044b\u0439 \u0436\u0438\u0440 (5%)<\/li>\n<li>\u041a\u0443\u0440\u0438\u043d\u0430\u044f \u043f\u0435\u0447\u0435\u043d\u044c (3%)<\/li>\n<li>\u041b\u043e\u0441\u043e\u0441\u0435\u0432\u043e\u0435 \u043c\u0430\u0441\u043b\u043e (2%)<\/li>\n<li>\u042f\u0431\u043b\u043e\u043a\u0438<\/li>\n<li>\u041c\u043e\u0440\u043a\u043e\u0432\u044c<\/li>\n<li>\u041b\u044c\u043d\u044f\u043d\u043e\u0435 \u0441\u0435\u043c\u044f<\/li>\n<li>\u0413\u0438\u0434\u0440\u043e\u043b\u0438\u0437\u043e\u0432\u0430\u043d\u043d\u044b\u0435 \u043f\u0430\u043d\u0446\u0438\u0440\u0438 \u0440\u0430\u043a\u043e\u043e\u0431\u0440\u0430\u0437\u043d\u044b\u0445 (0,026%)<\/li>\n<li>\u0425\u0440\u044f\u0449\u0435\u0432\u043e\u0439 \u044d\u043a\u0441\u0442\u0440\u0430\u043a\u0442 (0,016%)<\/li>\n<li>\u041f\u0438\u0432\u043d\u044b\u0435 \u0434\u0440\u043e\u0436\u0436\u0438 (0,015%)<\/li>\n<li>\u041a\u043e\u0440\u0435\u043d\u044c \u0446\u0438\u043a\u043e\u0440\u0438\u044f (0,01%)<\/li>\n<li>\u042e\u043a\u043a\u0430 \u0428\u0438\u0434\u0438\u0433\u0435\u0440\u0430 (0,01%)<\/li>\n<li>\u0412\u043e\u0434\u043e\u0440\u043e\u0441\u043b\u0438 (0,01%)<\/li>\n<li>\u041f\u043e\u0434\u043e\u0440\u043e\u0436\u043d\u0438\u043a (0,01%)<\/li>\n<li>\u0422\u0438\u043c\u044c\u044f\u043d (0,01%)<\/li>\n<li>\u0420\u043e\u0437\u043c\u0430\u0440\u0438\u043d (0,01%)<\/li>\n<li>\u041e\u0440\u0435\u0433\u0430\u043d\u043e (0,01%)<\/li>\n<li>\u041a\u043b\u044e\u043a\u0432\u0430 (0,0008%)<\/li>\n<li>\u0427\u0435\u0440\u043d\u0438\u043a\u0430 (0,0008%)<\/li>\n<li>\u041e\u0431\u043b\u0435\u043f\u0438\u0445\u0430 (0,0008%)<\/li>\n<li>\u041a\u043e\u0440\u0435\u043d\u044c \u0438\u043c\u0431\u0438\u0440\u044f (0,0008%)<\/li>\n<li>\u0428\u0430\u043b\u0444\u0435\u0439 (0,0008%)<\/li>\n<\/ul>\n<p><strong>\u041f\u0438\u0449\u0435\u0432\u0430\u044f \u0446\u0435\u043d\u043d\u043e\u0441\u0442\u044c \u0432 1 \u043a\u0433:<\/strong><\/p>\n<ul>\n<li>\u0412\u0438\u0442\u0430\u043c\u0438\u043d A: 20 000 \u041c\u0415<\/li>\n<li>\u0412\u0438\u0442\u0430\u043c\u0438\u043d D3: 1 500 \u041c\u0415<\/li>\n<li>\u0412\u0438\u0442\u0430\u043c\u0438\u043d E: 400 \u043c\u0433<\/li>\n<li>\u0426\u0438\u043d\u043a: 85 \u043c\u0433<\/li>\n<li>\u0416\u0435\u043b\u0435\u0437\u043e: 70 \u043c\u0433<\/li>\n<li>\u041c\u0430\u0440\u0433\u0430\u043d\u0435\u0446: 35 \u043c\u0433<\/li>\n<li>\u0419\u043e\u0434: 0,65 \u043c\u0433<\/li>\n<li>\u041c\u0435\u0434\u044c: 15 \u043c\u0433<\/li>\n<li>\u0421\u0435\u043b\u0435\u043d: 0,2 \u043c\u0433<\/li>\n<\/ul>\n<p><strong>\u0410\u043d\u0430\u043b\u0438\u0442\u0438\u0447\u0435\u0441\u043a\u0438\u0435 \u043a\u043e\u043c\u043f\u043e\u043d\u0435\u043d\u0442\u044b \u0432 1 \u043a\u0433:<\/strong><\/p>\n<ul>\n<li>\u0421\u044b\u0440\u043e\u0439 \u043f\u0440\u043e\u0442\u0435\u0438\u043d: 35,0%<\/li>\n<li>\u0421\u044b\u0440\u043e\u0439 \u0436\u0438\u0440: 18,0%<\/li>\n<li>\u0412\u043b\u0430\u0436\u043d\u043e\u0441\u0442\u044c: 10,0%<\/li>\n<li>\u0421\u044b\u0440\u0430\u044f \u0437\u043e\u043b\u0430: 8,5%<\/li>\n<li>\u0421\u044b\u0440\u0430\u044f \u043a\u043b\u0435\u0442\u0447\u0430\u0442\u043a\u0430: 3,5%<\/li>\n<li>\u041a\u0430\u043b\u044c\u0446\u0438\u0439: 1,4%<\/li>\n<li>\u0424\u043e\u0441\u0444\u043e\u0440: 1,0%<\/li>\n<li>\u041d\u0430\u0442\u0440\u0438\u0439: 0,3%<\/li>\n<li>\u041e\u043c\u0435\u0433\u0430-3: 0,6%<\/li>\n<li>\u041e\u043c\u0435\u0433\u0430-6: 1,7%<\/li>\n<li>EPA (20:5 n-3): 0,08%<\/li>\n<li>DHA (22:6 n-3): 0,1%<\/li>\n<\/ul>\n<p><strong>\u041c\u0435\u0442\u0430\u0431\u043e\u043b\u0438\u0447\u0435\u0441\u043a\u0430\u044f \u044d\u043d\u0435\u0440\u0433\u0438\u044f:<\/strong> 3 820 \u043a\u043a\u0430\u043b\/\u043a\u0433<\/p>\n<p>Carnilove Fresh Chicken &amp; Rabbit \u043e\u0431\u0435\u0441\u043f\u0435\u0447\u0438\u0432\u0430\u0435\u0442 \u0432\u0430\u0448\u0435\u0433\u043e \u0447\u0435\u0442\u0432\u0435\u0440\u043e\u043d\u043e\u0433\u043e\u0433\u043e \u0434\u0440\u0443\u0433\u0430 \u0432\u0441\u0435\u043c\u0438 \u043d\u0435\u043e\u0431\u0445\u043e\u0434\u0438\u043c\u044b\u043c\u0438 \u043f\u0438\u0442\u0430\u0442\u0435\u043b\u044c\u043d\u044b\u043c\u0438 \u0432\u0435\u0449\u0435\u0441\u0442\u0432\u0430\u043c\u0438 \u0434\u043b\u044f \u043f\u043e\u0434\u0434\u0435\u0440\u0436\u0430\u043d\u0438\u044f \u0437\u0434\u043e\u0440\u043e\u0432\u044c\u044f, \u043e\u0442\u043b\u0438\u0447\u043d\u043e\u0433\u043e \u043f\u0438\u0449\u0435\u0432\u0430\u0440\u0435\u043d\u0438\u044f \u0438 \u0436\u0438\u0437\u043d\u0435\u043d\u043d\u043e\u0439 \u0430\u043a\u0442\u0438\u0432\u043d\u043e\u0441\u0442\u0438.<\/p>\n<\/div>\n<\/div>\n<\/div>\n<\/div>\n<\/div>\n<\/div>\n","protected":false},"excerpt":{"rendered":"<p>Carnilove Fresh Chicken &amp; Rabbit este o hran\u0103 uscat\u0103 complet\u0103, f\u0103r\u0103 cereale, pentru c\u00e2ini adul\u021bi, care ofer\u0103 proteine \u0219i aminoacizi de \u00eenalt\u0103 calitate din pui \u0219i iepure proasp\u0103t. Sprijin\u0103 digestia adecvat\u0103, cre\u0219terea mu\u0219chilor \u0219i cartilajelor, iar extractele de midii \u00eent\u0103resc oasele \u0219i articula\u021biile, \u00eembun\u0103t\u0103\u021bind s\u0103n\u0103tatea general\u0103 \u0219i reduc\u00e2nd riscul de alergii alimentare.<\/p>","protected":false},"featured_media":90966,"comment_status":"open","ping_status":"closed","template":"","meta":[],"product_brand":[],"product_cat":[136,293,337],"product_tag":[722,480,325],"class_list":{"0":"post-84827","1":"product","2":"type-product","3":"status-publish","4":"has-post-thumbnail","6":"product_cat-dog","7":"product_cat-dogfood","8":"product_cat-dogdry","9":"product_tag-carnilove","10":"product_tag-sobaka","11":"product_tag-suhoj-korm","12":"pa_age-pet-vzroslyj","13":"pa_brand-arnilove","14":"pa_breed-size-dlya-vseh-porod","15":"pa_feed-class-super-premium","16":"pa_meat-ingredients-krolik","17":"pa_meat-ingredients-kuricza","18":"pa_packaging-meshok","19":"pa_pet-sobaka","20":"pa_pet-feature-zdorovyj-pitomecz","21":"pa_plant-ingredient-tykva","22":"pa_type-feed-suhoj-korm","23":"pa_weight-12-kg","25":"first","26":"instock","27":"sale","28":"shipping-taxable","29":"product-type-simple"},"yoast_head":"<!-- This site is optimized with the Yoast SEO Premium plugin v23.7 (Yoast SEO v27.5) - https:\/\/yoast.com\/product\/yoast-seo-premium-wordpress\/ -->\n<title>Carnilove \u0441\u0443\u0445\u043e\u0439 \u043a\u043e\u0440\u043c \u0434\u043b\u044f \u0441\u043e\u0431\u0430\u043a \u0438\u0437 \u043a\u0443\u0440\u0438\u0446\u044b \u0438 \u043a\u0440\u043e\u043b\u0438\u043a\u0430 12 \u043a\u0433<\/title>\n<meta name=\"description\" content=\"\u041a\u0443\u043f\u0438\u0442\u044c Carnilove \u0441\u0443\u0445\u043e\u0439 \u043a\u043e\u0440\u043c \u0434\u043b\u044f \u0441\u043e\u0431\u0430\u043a \u0438\u0437 \u043a\u0443\u0440\u0438\u0446\u044b \u0438 \u043a\u0440\u043e\u043b\u0438\u043a\u0430 12 \u043a\u0433 \u0441 \u0434\u043e\u0441\u0442\u0430\u0432\u043a\u043e\u0439 \u043f\u043e \u041a\u0438\u0448\u0438\u043d\u0435\u0432\u0443 \u0438 \u0432\u0441\u0435\u0439 \u041c\u043e\u043b\u0434\u043e\u0432\u0435 \u043d\u0430 Pet24\" \/>\n<meta name=\"robots\" content=\"index, follow, max-snippet:-1, max-image-preview:large, max-video-preview:-1\" \/>\n<link rel=\"canonical\" href=\"https:\/\/pet24.md\/ro\/produs\/carnilove-suhoj-korm-dlya-sobak-iz-kuriczy-i-krolika-12-kg\/\" \/>\n<meta property=\"og:locale\" content=\"ro_RO\" \/>\n<meta property=\"og:type\" content=\"article\" \/>\n<meta property=\"og:title\" content=\"Carnilove \u0441\u0443\u0445\u043e\u0439 \u043a\u043e\u0440\u043c \u0434\u043b\u044f \u0441\u043e\u0431\u0430\u043a \u0438\u0437 \u043a\u0443\u0440\u0438\u0446\u044b \u0438 \u043a\u0440\u043e\u043b\u0438\u043a\u0430 12 \u043a\u0433\" \/>\n<meta property=\"og:description\" content=\"\u041a\u0443\u043f\u0438\u0442\u044c Carnilove \u0441\u0443\u0445\u043e\u0439 \u043a\u043e\u0440\u043c \u0434\u043b\u044f \u0441\u043e\u0431\u0430\u043a \u0438\u0437 \u043a\u0443\u0440\u0438\u0446\u044b \u0438 \u043a\u0440\u043e\u043b\u0438\u043a\u0430 12 \u043a\u0433 \u0441 \u0434\u043e\u0441\u0442\u0430\u0432\u043a\u043e\u0439 \u043f\u043e \u041a\u0438\u0448\u0438\u043d\u0435\u0432\u0443 \u0438 \u0432\u0441\u0435\u0439 \u041c\u043e\u043b\u0434\u043e\u0432\u0435 \u043d\u0430 Pet24\" \/>\n<meta property=\"og:url\" content=\"https:\/\/pet24.md\/ro\/produs\/carnilove-suhoj-korm-dlya-sobak-iz-kuriczy-i-krolika-12-kg\/\" \/>\n<meta property=\"og:site_name\" content=\"Pet24\" \/>\n<meta property=\"article:publisher\" content=\"https:\/\/www.facebook.com\/pet24.md\" \/>\n<meta property=\"article:modified_time\" content=\"2024-09-22T22:15:53+00:00\" \/>\n<meta property=\"og:image\" content=\"https:\/\/pet24.md\/wp-content\/uploads\/2024\/09\/carnilove-suhoj-korm-dlya-sobak-iz-kuriczy-i-krolika-12-kg.webp\" \/>\n\t<meta property=\"og:image:width\" content=\"500\" \/>\n\t<meta property=\"og:image:height\" content=\"500\" \/>\n\t<meta property=\"og:image:type\" content=\"image\/webp\" \/>\n<meta name=\"twitter:card\" content=\"summary_large_image\" \/>\n<script type=\"application\/ld+json\" class=\"yoast-schema-graph\">{\"@context\":\"https:\\\/\\\/schema.org\",\"@graph\":[{\"@type\":\"WebPage\",\"@id\":\"https:\\\/\\\/pet24.md\\\/product\\\/carnilove-suhoj-korm-dlya-sobak-iz-kuriczy-i-krolika-12-kg\\\/\",\"url\":\"https:\\\/\\\/pet24.md\\\/product\\\/carnilove-suhoj-korm-dlya-sobak-iz-kuriczy-i-krolika-12-kg\\\/\",\"name\":\"Carnilove \u0441\u0443\u0445\u043e\u0439 \u043a\u043e\u0440\u043c \u0434\u043b\u044f \u0441\u043e\u0431\u0430\u043a \u0438\u0437 \u043a\u0443\u0440\u0438\u0446\u044b \u0438 \u043a\u0440\u043e\u043b\u0438\u043a\u0430 12 \u043a\u0433\",\"isPartOf\":{\"@id\":\"https:\\\/\\\/pet24.md\\\/#website\"},\"primaryImageOfPage\":{\"@id\":\"https:\\\/\\\/pet24.md\\\/product\\\/carnilove-suhoj-korm-dlya-sobak-iz-kuriczy-i-krolika-12-kg\\\/#primaryimage\"},\"image\":{\"@id\":\"https:\\\/\\\/pet24.md\\\/product\\\/carnilove-suhoj-korm-dlya-sobak-iz-kuriczy-i-krolika-12-kg\\\/#primaryimage\"},\"thumbnailUrl\":\"https:\\\/\\\/pet24.md\\\/wp-content\\\/uploads\\\/2024\\\/09\\\/carnilove-suhoj-korm-dlya-sobak-iz-kuriczy-i-krolika-12-kg.webp\",\"datePublished\":\"2024-07-30T21:37:52+00:00\",\"dateModified\":\"2024-09-22T22:15:53+00:00\",\"description\":\"\u041a\u0443\u043f\u0438\u0442\u044c Carnilove \u0441\u0443\u0445\u043e\u0439 \u043a\u043e\u0440\u043c \u0434\u043b\u044f \u0441\u043e\u0431\u0430\u043a \u0438\u0437 \u043a\u0443\u0440\u0438\u0446\u044b \u0438 \u043a\u0440\u043e\u043b\u0438\u043a\u0430 12 \u043a\u0433 \u0441 \u0434\u043e\u0441\u0442\u0430\u0432\u043a\u043e\u0439 \u043f\u043e \u041a\u0438\u0448\u0438\u043d\u0435\u0432\u0443 \u0438 \u0432\u0441\u0435\u0439 \u041c\u043e\u043b\u0434\u043e\u0432\u0435 \u043d\u0430 Pet24\",\"breadcrumb\":{\"@id\":\"https:\\\/\\\/pet24.md\\\/product\\\/carnilove-suhoj-korm-dlya-sobak-iz-kuriczy-i-krolika-12-kg\\\/#breadcrumb\"},\"inLanguage\":\"ro-RO\",\"potentialAction\":[{\"@type\":\"ReadAction\",\"target\":[\"https:\\\/\\\/pet24.md\\\/product\\\/carnilove-suhoj-korm-dlya-sobak-iz-kuriczy-i-krolika-12-kg\\\/\"]}]},{\"@type\":\"ImageObject\",\"inLanguage\":\"ro-RO\",\"@id\":\"https:\\\/\\\/pet24.md\\\/product\\\/carnilove-suhoj-korm-dlya-sobak-iz-kuriczy-i-krolika-12-kg\\\/#primaryimage\",\"url\":\"https:\\\/\\\/pet24.md\\\/wp-content\\\/uploads\\\/2024\\\/09\\\/carnilove-suhoj-korm-dlya-sobak-iz-kuriczy-i-krolika-12-kg.webp\",\"contentUrl\":\"https:\\\/\\\/pet24.md\\\/wp-content\\\/uploads\\\/2024\\\/09\\\/carnilove-suhoj-korm-dlya-sobak-iz-kuriczy-i-krolika-12-kg.webp\",\"width\":500,\"height\":500,\"caption\":\"Carnilove \u0441\u0443\u0445\u043e\u0439 \u043a\u043e\u0440\u043c \u0434\u043b\u044f \u0441\u043e\u0431\u0430\u043a \u0438\u0437 \u043a\u0443\u0440\u0438\u0446\u044b \u0438 \u043a\u0440\u043e\u043b\u0438\u043a\u0430 12 \u043a\u0433\"},{\"@type\":\"BreadcrumbList\",\"@id\":\"https:\\\/\\\/pet24.md\\\/product\\\/carnilove-suhoj-korm-dlya-sobak-iz-kuriczy-i-krolika-12-kg\\\/#breadcrumb\",\"itemListElement\":[{\"@type\":\"ListItem\",\"position\":1,\"name\":\"\u0413\u043b\u0430\u0432\u043d\u0430\u044f \u0441\u0442\u0440\u0430\u043d\u0438\u0446\u0430\",\"item\":\"https:\\\/\\\/pet24.md\\\/\"},{\"@type\":\"ListItem\",\"position\":2,\"name\":\"\u041c\u0430\u0433\u0430\u0437\u0438\u043d\",\"item\":\"https:\\\/\\\/pet24.md\\\/shop\\\/\"},{\"@type\":\"ListItem\",\"position\":3,\"name\":\"Carnilove \u0441\u0443\u0445\u043e\u0439 \u043a\u043e\u0440\u043c \u0434\u043b\u044f \u0441\u043e\u0431\u0430\u043a \u0438\u0437 \u043a\u0443\u0440\u0438\u0446\u044b \u0438 \u043a\u0440\u043e\u043b\u0438\u043a\u0430 12 \u043a\u0433\"}]},{\"@type\":\"WebSite\",\"@id\":\"https:\\\/\\\/pet24.md\\\/#website\",\"url\":\"https:\\\/\\\/pet24.md\\\/\",\"name\":\"Pet24\",\"description\":\"\u0417\u043e\u043e\u043c\u0430\u0433\u0430\u0437\u0438\u043d \u0442\u043e\u0432\u0430\u0440\u043e\u0432 \u0434\u043b\u044f \u0434\u043e\u043c\u0430\u0448\u043d\u0438\u0445 \u043f\u0438\u0442\u043e\u043c\u0446\u0435\u0432\",\"publisher\":{\"@id\":\"https:\\\/\\\/pet24.md\\\/#organization\"},\"potentialAction\":[{\"@type\":\"SearchAction\",\"target\":{\"@type\":\"EntryPoint\",\"urlTemplate\":\"https:\\\/\\\/pet24.md\\\/?s={search_term_string}\"},\"query-input\":{\"@type\":\"PropertyValueSpecification\",\"valueRequired\":true,\"valueName\":\"search_term_string\"}}],\"inLanguage\":\"ro-RO\"},{\"@type\":\"Organization\",\"@id\":\"https:\\\/\\\/pet24.md\\\/#organization\",\"name\":\"Pet24\",\"url\":\"https:\\\/\\\/pet24.md\\\/\",\"logo\":{\"@type\":\"ImageObject\",\"inLanguage\":\"ro-RO\",\"@id\":\"https:\\\/\\\/pet24.md\\\/#\\\/schema\\\/logo\\\/image\\\/\",\"url\":\"https:\\\/\\\/pet24.md\\\/wp-content\\\/uploads\\\/2024\\\/09\\\/logo.svg\",\"contentUrl\":\"https:\\\/\\\/pet24.md\\\/wp-content\\\/uploads\\\/2024\\\/09\\\/logo.svg\",\"width\":215,\"height\":66,\"caption\":\"Pet24\"},\"image\":{\"@id\":\"https:\\\/\\\/pet24.md\\\/#\\\/schema\\\/logo\\\/image\\\/\"},\"sameAs\":[\"https:\\\/\\\/www.facebook.com\\\/pet24.md\",\"https:\\\/\\\/www.instagram.com\\\/pet24.md\\\/\"],\"telephone\":\"+37360508880\"}]}<\/script>\n<!-- \/ Yoast SEO Premium plugin. -->","yoast_head_json":{"title":"Hrana uscata pentru caini Carnilove din pui si iepure 12 kg","description":"\u041a\u0443\u043f\u0438\u0442\u044c Carnilove \u0441\u0443\u0445\u043e\u0439 \u043a\u043e\u0440\u043c \u0434\u043b\u044f \u0441\u043e\u0431\u0430\u043a \u0438\u0437 \u043a\u0443\u0440\u0438\u0446\u044b \u0438 \u043a\u0440\u043e\u043b\u0438\u043a\u0430 12 \u043a\u0433 \u0441 \u0434\u043e\u0441\u0442\u0430\u0432\u043a\u043e\u0439 \u043f\u043e \u041a\u0438\u0448\u0438\u043d\u0435\u0432\u0443 \u0438 \u0432\u0441\u0435\u0439 \u041c\u043e\u043b\u0434\u043e\u0432\u0435 \u043d\u0430 Pet24","robots":{"index":"index","follow":"follow","max-snippet":"max-snippet:-1","max-image-preview":"max-image-preview:large","max-video-preview":"max-video-preview:-1"},"canonical":"https:\/\/pet24.md\/ro\/produs\/carnilove-suhoj-korm-dlya-sobak-iz-kuriczy-i-krolika-12-kg\/","og_locale":"ro_RO","og_type":"article","og_title":"Carnilove \u0441\u0443\u0445\u043e\u0439 \u043a\u043e\u0440\u043c \u0434\u043b\u044f \u0441\u043e\u0431\u0430\u043a \u0438\u0437 \u043a\u0443\u0440\u0438\u0446\u044b \u0438 \u043a\u0440\u043e\u043b\u0438\u043a\u0430 12 \u043a\u0433","og_description":"\u041a\u0443\u043f\u0438\u0442\u044c Carnilove \u0441\u0443\u0445\u043e\u0439 \u043a\u043e\u0440\u043c \u0434\u043b\u044f \u0441\u043e\u0431\u0430\u043a \u0438\u0437 \u043a\u0443\u0440\u0438\u0446\u044b \u0438 \u043a\u0440\u043e\u043b\u0438\u043a\u0430 12 \u043a\u0433 \u0441 \u0434\u043e\u0441\u0442\u0430\u0432\u043a\u043e\u0439 \u043f\u043e \u041a\u0438\u0448\u0438\u043d\u0435\u0432\u0443 \u0438 \u0432\u0441\u0435\u0439 \u041c\u043e\u043b\u0434\u043e\u0432\u0435 \u043d\u0430 Pet24","og_url":"https:\/\/pet24.md\/ro\/produs\/carnilove-suhoj-korm-dlya-sobak-iz-kuriczy-i-krolika-12-kg\/","og_site_name":"Pet24","article_publisher":"https:\/\/www.facebook.com\/pet24.md","article_modified_time":"2024-09-22T22:15:53+00:00","og_image":[{"width":500,"height":500,"url":"https:\/\/pet24.md\/wp-content\/uploads\/2024\/09\/carnilove-suhoj-korm-dlya-sobak-iz-kuriczy-i-krolika-12-kg.webp","type":"image\/webp"}],"twitter_card":"summary_large_image","schema":{"@context":"https:\/\/schema.org","@graph":[{"@type":"WebPage","@id":"https:\/\/pet24.md\/product\/carnilove-suhoj-korm-dlya-sobak-iz-kuriczy-i-krolika-12-kg\/","url":"https:\/\/pet24.md\/product\/carnilove-suhoj-korm-dlya-sobak-iz-kuriczy-i-krolika-12-kg\/","name":"Hrana uscata pentru caini Carnilove din pui si iepure 12 kg","isPartOf":{"@id":"https:\/\/pet24.md\/#website"},"primaryImageOfPage":{"@id":"https:\/\/pet24.md\/product\/carnilove-suhoj-korm-dlya-sobak-iz-kuriczy-i-krolika-12-kg\/#primaryimage"},"image":{"@id":"https:\/\/pet24.md\/product\/carnilove-suhoj-korm-dlya-sobak-iz-kuriczy-i-krolika-12-kg\/#primaryimage"},"thumbnailUrl":"https:\/\/pet24.md\/wp-content\/uploads\/2024\/09\/carnilove-suhoj-korm-dlya-sobak-iz-kuriczy-i-krolika-12-kg.webp","datePublished":"2024-07-30T21:37:52+00:00","dateModified":"2024-09-22T22:15:53+00:00","description":"\u041a\u0443\u043f\u0438\u0442\u044c Carnilove \u0441\u0443\u0445\u043e\u0439 \u043a\u043e\u0440\u043c \u0434\u043b\u044f \u0441\u043e\u0431\u0430\u043a \u0438\u0437 \u043a\u0443\u0440\u0438\u0446\u044b \u0438 \u043a\u0440\u043e\u043b\u0438\u043a\u0430 12 \u043a\u0433 \u0441 \u0434\u043e\u0441\u0442\u0430\u0432\u043a\u043e\u0439 \u043f\u043e \u041a\u0438\u0448\u0438\u043d\u0435\u0432\u0443 \u0438 \u0432\u0441\u0435\u0439 \u041c\u043e\u043b\u0434\u043e\u0432\u0435 \u043d\u0430 Pet24","breadcrumb":{"@id":"https:\/\/pet24.md\/product\/carnilove-suhoj-korm-dlya-sobak-iz-kuriczy-i-krolika-12-kg\/#breadcrumb"},"inLanguage":"ro-RO","potentialAction":[{"@type":"ReadAction","target":["https:\/\/pet24.md\/product\/carnilove-suhoj-korm-dlya-sobak-iz-kuriczy-i-krolika-12-kg\/"]}]},{"@type":"ImageObject","inLanguage":"ro-RO","@id":"https:\/\/pet24.md\/product\/carnilove-suhoj-korm-dlya-sobak-iz-kuriczy-i-krolika-12-kg\/#primaryimage","url":"https:\/\/pet24.md\/wp-content\/uploads\/2024\/09\/carnilove-suhoj-korm-dlya-sobak-iz-kuriczy-i-krolika-12-kg.webp","contentUrl":"https:\/\/pet24.md\/wp-content\/uploads\/2024\/09\/carnilove-suhoj-korm-dlya-sobak-iz-kuriczy-i-krolika-12-kg.webp","width":500,"height":500,"caption":"Carnilove \u0441\u0443\u0445\u043e\u0439 \u043a\u043e\u0440\u043c \u0434\u043b\u044f \u0441\u043e\u0431\u0430\u043a \u0438\u0437 \u043a\u0443\u0440\u0438\u0446\u044b \u0438 \u043a\u0440\u043e\u043b\u0438\u043a\u0430 12 \u043a\u0433"},{"@type":"BreadcrumbList","@id":"https:\/\/pet24.md\/product\/carnilove-suhoj-korm-dlya-sobak-iz-kuriczy-i-krolika-12-kg\/#breadcrumb","itemListElement":[{"@type":"ListItem","position":1,"name":"\u0413\u043b\u0430\u0432\u043d\u0430\u044f \u0441\u0442\u0440\u0430\u043d\u0438\u0446\u0430","item":"https:\/\/pet24.md\/"},{"@type":"ListItem","position":2,"name":"\u041c\u0430\u0433\u0430\u0437\u0438\u043d","item":"https:\/\/pet24.md\/shop\/"},{"@type":"ListItem","position":3,"name":"Carnilove \u0441\u0443\u0445\u043e\u0439 \u043a\u043e\u0440\u043c \u0434\u043b\u044f \u0441\u043e\u0431\u0430\u043a \u0438\u0437 \u043a\u0443\u0440\u0438\u0446\u044b \u0438 \u043a\u0440\u043e\u043b\u0438\u043a\u0430 12 \u043a\u0433"}]},{"@type":"WebSite","@id":"https:\/\/pet24.md\/#website","url":"https:\/\/pet24.md\/","name":"Pet24","description":"Magazin de animale de companie","publisher":{"@id":"https:\/\/pet24.md\/#organization"},"potentialAction":[{"@type":"SearchAction","target":{"@type":"EntryPoint","urlTemplate":"https:\/\/pet24.md\/?s={search_term_string}"},"query-input":{"@type":"PropertyValueSpecification","valueRequired":true,"valueName":"search_term_string"}}],"inLanguage":"ro-RO"},{"@type":"Organization","@id":"https:\/\/pet24.md\/#organization","name":"Pet24","url":"https:\/\/pet24.md\/","logo":{"@type":"ImageObject","inLanguage":"ro-RO","@id":"https:\/\/pet24.md\/#\/schema\/logo\/image\/","url":"https:\/\/pet24.md\/wp-content\/uploads\/2024\/09\/logo.svg","contentUrl":"https:\/\/pet24.md\/wp-content\/uploads\/2024\/09\/logo.svg","width":215,"height":66,"caption":"Pet24"},"image":{"@id":"https:\/\/pet24.md\/#\/schema\/logo\/image\/"},"sameAs":["https:\/\/www.facebook.com\/pet24.md","https:\/\/www.instagram.com\/pet24.md\/"],"telephone":"+37360508880"}]}},"_links":{"self":[{"href":"https:\/\/pet24.md\/ro\/wp-json\/wp\/v2\/product\/84827","targetHints":{"allow":["GET"]}}],"collection":[{"href":"https:\/\/pet24.md\/ro\/wp-json\/wp\/v2\/product"}],"about":[{"href":"https:\/\/pet24.md\/ro\/wp-json\/wp\/v2\/types\/product"}],"replies":[{"embeddable":true,"href":"https:\/\/pet24.md\/ro\/wp-json\/wp\/v2\/comments?post=84827"}],"wp:featuredmedia":[{"embeddable":true,"href":"https:\/\/pet24.md\/ro\/wp-json\/wp\/v2\/media\/90966"}],"wp:attachment":[{"href":"https:\/\/pet24.md\/ro\/wp-json\/wp\/v2\/media?parent=84827"}],"wp:term":[{"taxonomy":"product_brand","embeddable":true,"href":"https:\/\/pet24.md\/ro\/wp-json\/wp\/v2\/product_brand?post=84827"},{"taxonomy":"product_cat","embeddable":true,"href":"https:\/\/pet24.md\/ro\/wp-json\/wp\/v2\/product_cat?post=84827"},{"taxonomy":"product_tag","embeddable":true,"href":"https:\/\/pet24.md\/ro\/wp-json\/wp\/v2\/product_tag?post=84827"}],"curies":[{"name":"wp","href":"https:\/\/api.w.org\/{rel}","templated":true}]}}