{"id":84838,"date":"2024-07-30T22:07:33","date_gmt":"2024-07-30T22:07:33","guid":{"rendered":"https:\/\/pet24.md\/?post_type=product&#038;p=84838"},"modified":"2024-09-22T22:15:54","modified_gmt":"2024-09-22T22:15:54","slug":"carnilove-vlazhnyj-korm-dlya-sobak-iz-yagnenka-i-kabana-400-g","status":"publish","type":"product","link":"https:\/\/pet24.md\/ro\/produs\/carnilove-vlazhnyj-korm-dlya-sobak-iz-yagnenka-i-kabana-400-g\/","title":{"rendered":"Hrana umeda pentru caini Carnilove miel si mistret 400 g"},"content":{"rendered":"<div class=\"flex-shrink-0 flex flex-col relative items-end\">\n<div class=\"pt-0\">\n<div class=\"gizmo-bot-avatar flex h-8 w-8 items-center justify-center overflow-hidden rounded-full\">\n<div class=\"relative p-1 rounded-sm flex items-center justify-center bg-token-main-surface-primary text-token-text-primary h-8 w-8\">\n<h3>Carnilove Wild Meat Miel \u0219i Mistret pentru c\u00e2ini adul\u021bi<\/h3>\n<p><strong>Hrana umeda completa pentru caini adulti<\/strong><\/p>\n<p><strong>Principalele avantaje:<\/strong><\/p>\n<ul>\n<li>Con\u021binut ridicat de carne (miel \u0219i mistre\u021b) pentru o nutri\u021bie complet\u0103 \u0219i men\u021binerea unei forme fizice optime.<\/li>\n<li>Mielul este o surs\u0103 de microelemente (seleniu, fier, zinc), vitamine B \u0219i gr\u0103simi nesaturate.<\/li>\n<li>Mistretul este bogat \u00een proteine \u0219i s\u0103rac \u00een gr\u0103simi, ceea ce ajut\u0103 la men\u021binerea nivelului optim de colesterol din s\u00e2nge.<\/li>\n<li>\u00cembog\u0103\u021bit cu fructe de p\u0103dure \u0219i minerale pentru a \u00eembun\u0103t\u0103\u021bi s\u0103n\u0103tatea general\u0103.<\/li>\n<\/ul>\n<p><strong>Compus:<\/strong><\/p>\n<ul>\n<li>Miel (35%)<\/li>\n<li>Mistre\u021b (32%)<\/li>\n<li>Afine (2%)<\/li>\n<li>Merisor (2%)<\/li>\n<li>Zmeura (2%)<\/li>\n<li>Minerale (1%)<\/li>\n<li>Ulei de somon (0,1%)<\/li>\n<\/ul>\n<p><strong>Compozi\u021bia nutri\u021bional\u0103 la 1 kg:<\/strong><\/p>\n<ul>\n<li>Vitamina D3 (E671): 250 UI<\/li>\n<li>Vitamina E (\u03b1-tocoferol) (3a700): 100 mg<\/li>\n<li>Biotin\u0103 (3a880): 0,2 mg<\/li>\n<li>Cupru (E4): 0,5 mg<\/li>\n<li>Fier (E1): 10 mg<\/li>\n<li>Iod (3b201): 0,75 mg<\/li>\n<li>Mangan (E5): 3 mg<\/li>\n<li>Zinc (3b606): 15 mg<\/li>\n<\/ul>\n<p><strong>Componente analitice \u00een 1 kg:<\/strong><\/p>\n<ul>\n<li>Protein\u0103 brut\u0103: 11,1%<\/li>\n<li>Con\u021binut de gr\u0103sime: 6,6%<\/li>\n<li>Cenu\u0219\u0103 brut\u0103: 2,5%<\/li>\n<li>Fibr\u0103 brut\u0103: 0,54%<\/li>\n<li>Umiditate: 75%<\/li>\n<\/ul>\n<p><strong>Energie metabolic\u0103:<\/strong> 1210 kcal\/kg<\/p>\n<p>Carnilove Wild Meat Lamb &amp; Wild Boar ofer\u0103 c\u00e2inilor adul\u021bi nutri\u021bia de care au nevoie pentru a-i men\u021bine s\u0103n\u0103to\u0219i \u0219i \u00een stare optim\u0103.<\/p>\n<\/div>\n<\/div>\n<\/div>\n<\/div>","protected":false},"excerpt":{"rendered":"<div class=\"flex-shrink-0 flex flex-col relative items-end\">\n<div class=\"pt-0\">\n<div class=\"gizmo-bot-avatar flex h-8 w-8 items-center justify-center overflow-hidden rounded-full\">\n<div class=\"relative p-1 rounded-sm flex items-center justify-center bg-token-main-surface-primary text-token-text-primary h-8 w-8\">Carnilove Wild Meat Lamb &amp; Wild Boar pentru c\u00e2ini adul\u021bi este o hran\u0103 umed\u0103 complet\u0103 cu un con\u021binut ridicat de miel \u0219i mistre\u021b, oferind o nutri\u021bie complet\u0103 \u0219i men\u021bin\u00e2nd o condi\u021bie fizic\u0103 optim\u0103. \u00cembog\u0103\u021bit cu microelemente \u0219i fructe de p\u0103dure pentru a \u00eembun\u0103t\u0103\u021bi s\u0103n\u0103tatea general\u0103.<\/div>\n<\/div>\n<\/div>\n<\/div>","protected":false},"featured_media":90971,"comment_status":"open","ping_status":"closed","template":"","meta":[],"product_brand":[],"product_cat":[136,294,293],"product_tag":[722,296,480],"class_list":{"0":"post-84838","1":"product","2":"type-product","3":"status-publish","4":"has-post-thumbnail","6":"product_cat-dog","7":"product_cat-dogwet","8":"product_cat-dogfood","9":"product_tag-carnilove","10":"product_tag-vlazhnyj-korm","11":"product_tag-sobaka","12":"pa_age-pet-vzroslyj","13":"pa_brand-arnilove","14":"pa_breed-size-dlya-vseh-porod","15":"pa_feed-class-super-premium","16":"pa_meat-ingredients-dikij-kaban","17":"pa_meat-ingredients-yagnyonok","18":"pa_packaging-konservy","19":"pa_pet-sobaka","20":"pa_pet-feature-zdorovyj-pitomecz","21":"pa_plant-ingredient-yagody","22":"pa_type-feed-vlazhnyj-korm","23":"pa_weight-400-gr","25":"first","26":"instock","27":"sale","28":"shipping-taxable","29":"product-type-simple"},"yoast_head":"<!-- This site is optimized with the Yoast SEO Premium plugin v23.7 (Yoast SEO v27.5) - https:\/\/yoast.com\/product\/yoast-seo-premium-wordpress\/ -->\n<title>Carnilove \u0432\u043b\u0430\u0436\u043d\u044b\u0439 \u043a\u043e\u0440\u043c \u0434\u043b\u044f \u0441\u043e\u0431\u0430\u043a \u0438\u0437 \u044f\u0433\u043d\u0435\u043d\u043a\u0430 \u0438 \u043a\u0430\u0431\u0430\u043d\u0430 400 \u0433<\/title>\n<meta name=\"description\" content=\"\u041a\u0443\u043f\u0438\u0442\u044c Carnilove \u0432\u043b\u0430\u0436\u043d\u044b\u0439 \u043a\u043e\u0440\u043c \u0434\u043b\u044f \u0441\u043e\u0431\u0430\u043a \u0438\u0437 \u044f\u0433\u043d\u0435\u043d\u043a\u0430 \u0438 \u043a\u0430\u0431\u0430\u043d\u0430 400 \u0433 \u0441 \u0434\u043e\u0441\u0442\u0430\u0432\u043a\u043e\u0439 \u043f\u043e \u041a\u0438\u0448\u0438\u043d\u0435\u0432\u0443 \u0438 \u0432\u0441\u0435\u0439 \u041c\u043e\u043b\u0434\u043e\u0432\u0435 \u043d\u0430 Pet24\" \/>\n<meta name=\"robots\" content=\"index, follow, max-snippet:-1, max-image-preview:large, max-video-preview:-1\" \/>\n<link rel=\"canonical\" href=\"https:\/\/pet24.md\/ro\/produs\/carnilove-vlazhnyj-korm-dlya-sobak-iz-yagnenka-i-kabana-400-g\/\" \/>\n<meta property=\"og:locale\" content=\"ro_RO\" \/>\n<meta property=\"og:type\" content=\"article\" \/>\n<meta property=\"og:title\" content=\"Carnilove \u0432\u043b\u0430\u0436\u043d\u044b\u0439 \u043a\u043e\u0440\u043c \u0434\u043b\u044f \u0441\u043e\u0431\u0430\u043a \u0438\u0437 \u044f\u0433\u043d\u0435\u043d\u043a\u0430 \u0438 \u043a\u0430\u0431\u0430\u043d\u0430 400 \u0433\" \/>\n<meta property=\"og:description\" content=\"\u041a\u0443\u043f\u0438\u0442\u044c Carnilove \u0432\u043b\u0430\u0436\u043d\u044b\u0439 \u043a\u043e\u0440\u043c \u0434\u043b\u044f \u0441\u043e\u0431\u0430\u043a \u0438\u0437 \u044f\u0433\u043d\u0435\u043d\u043a\u0430 \u0438 \u043a\u0430\u0431\u0430\u043d\u0430 400 \u0433 \u0441 \u0434\u043e\u0441\u0442\u0430\u0432\u043a\u043e\u0439 \u043f\u043e \u041a\u0438\u0448\u0438\u043d\u0435\u0432\u0443 \u0438 \u0432\u0441\u0435\u0439 \u041c\u043e\u043b\u0434\u043e\u0432\u0435 \u043d\u0430 Pet24\" \/>\n<meta property=\"og:url\" content=\"https:\/\/pet24.md\/ro\/produs\/carnilove-vlazhnyj-korm-dlya-sobak-iz-yagnenka-i-kabana-400-g\/\" \/>\n<meta property=\"og:site_name\" content=\"Pet24\" \/>\n<meta property=\"article:publisher\" content=\"https:\/\/www.facebook.com\/pet24.md\" \/>\n<meta property=\"article:modified_time\" content=\"2024-09-22T22:15:54+00:00\" \/>\n<meta property=\"og:image\" content=\"https:\/\/pet24.md\/wp-content\/uploads\/2024\/09\/carnilove-vlazhnyj-korm-dlya-sobak-iz-yagnenka-i-kabana-400-g.webp\" \/>\n\t<meta property=\"og:image:width\" content=\"500\" \/>\n\t<meta property=\"og:image:height\" content=\"500\" \/>\n\t<meta property=\"og:image:type\" content=\"image\/webp\" \/>\n<meta name=\"twitter:card\" content=\"summary_large_image\" \/>\n<script type=\"application\/ld+json\" class=\"yoast-schema-graph\">{\"@context\":\"https:\\\/\\\/schema.org\",\"@graph\":[{\"@type\":\"WebPage\",\"@id\":\"https:\\\/\\\/pet24.md\\\/product\\\/carnilove-vlazhnyj-korm-dlya-sobak-iz-yagnenka-i-kabana-400-g\\\/\",\"url\":\"https:\\\/\\\/pet24.md\\\/product\\\/carnilove-vlazhnyj-korm-dlya-sobak-iz-yagnenka-i-kabana-400-g\\\/\",\"name\":\"Carnilove \u0432\u043b\u0430\u0436\u043d\u044b\u0439 \u043a\u043e\u0440\u043c \u0434\u043b\u044f \u0441\u043e\u0431\u0430\u043a \u0438\u0437 \u044f\u0433\u043d\u0435\u043d\u043a\u0430 \u0438 \u043a\u0430\u0431\u0430\u043d\u0430 400 \u0433\",\"isPartOf\":{\"@id\":\"https:\\\/\\\/pet24.md\\\/#website\"},\"primaryImageOfPage\":{\"@id\":\"https:\\\/\\\/pet24.md\\\/product\\\/carnilove-vlazhnyj-korm-dlya-sobak-iz-yagnenka-i-kabana-400-g\\\/#primaryimage\"},\"image\":{\"@id\":\"https:\\\/\\\/pet24.md\\\/product\\\/carnilove-vlazhnyj-korm-dlya-sobak-iz-yagnenka-i-kabana-400-g\\\/#primaryimage\"},\"thumbnailUrl\":\"https:\\\/\\\/pet24.md\\\/wp-content\\\/uploads\\\/2024\\\/09\\\/carnilove-vlazhnyj-korm-dlya-sobak-iz-yagnenka-i-kabana-400-g.webp\",\"datePublished\":\"2024-07-30T22:07:33+00:00\",\"dateModified\":\"2024-09-22T22:15:54+00:00\",\"description\":\"\u041a\u0443\u043f\u0438\u0442\u044c Carnilove \u0432\u043b\u0430\u0436\u043d\u044b\u0439 \u043a\u043e\u0440\u043c \u0434\u043b\u044f \u0441\u043e\u0431\u0430\u043a \u0438\u0437 \u044f\u0433\u043d\u0435\u043d\u043a\u0430 \u0438 \u043a\u0430\u0431\u0430\u043d\u0430 400 \u0433 \u0441 \u0434\u043e\u0441\u0442\u0430\u0432\u043a\u043e\u0439 \u043f\u043e \u041a\u0438\u0448\u0438\u043d\u0435\u0432\u0443 \u0438 \u0432\u0441\u0435\u0439 \u041c\u043e\u043b\u0434\u043e\u0432\u0435 \u043d\u0430 Pet24\",\"breadcrumb\":{\"@id\":\"https:\\\/\\\/pet24.md\\\/product\\\/carnilove-vlazhnyj-korm-dlya-sobak-iz-yagnenka-i-kabana-400-g\\\/#breadcrumb\"},\"inLanguage\":\"ro-RO\",\"potentialAction\":[{\"@type\":\"ReadAction\",\"target\":[\"https:\\\/\\\/pet24.md\\\/product\\\/carnilove-vlazhnyj-korm-dlya-sobak-iz-yagnenka-i-kabana-400-g\\\/\"]}]},{\"@type\":\"ImageObject\",\"inLanguage\":\"ro-RO\",\"@id\":\"https:\\\/\\\/pet24.md\\\/product\\\/carnilove-vlazhnyj-korm-dlya-sobak-iz-yagnenka-i-kabana-400-g\\\/#primaryimage\",\"url\":\"https:\\\/\\\/pet24.md\\\/wp-content\\\/uploads\\\/2024\\\/09\\\/carnilove-vlazhnyj-korm-dlya-sobak-iz-yagnenka-i-kabana-400-g.webp\",\"contentUrl\":\"https:\\\/\\\/pet24.md\\\/wp-content\\\/uploads\\\/2024\\\/09\\\/carnilove-vlazhnyj-korm-dlya-sobak-iz-yagnenka-i-kabana-400-g.webp\",\"width\":500,\"height\":500,\"caption\":\"Carnilove \u0432\u043b\u0430\u0436\u043d\u044b\u0439 \u043a\u043e\u0440\u043c \u0434\u043b\u044f \u0441\u043e\u0431\u0430\u043a \u0438\u0437 \u044f\u0433\u043d\u0435\u043d\u043a\u0430 \u0438 \u043a\u0430\u0431\u0430\u043d\u0430 400 \u0433\"},{\"@type\":\"BreadcrumbList\",\"@id\":\"https:\\\/\\\/pet24.md\\\/product\\\/carnilove-vlazhnyj-korm-dlya-sobak-iz-yagnenka-i-kabana-400-g\\\/#breadcrumb\",\"itemListElement\":[{\"@type\":\"ListItem\",\"position\":1,\"name\":\"\u0413\u043b\u0430\u0432\u043d\u0430\u044f \u0441\u0442\u0440\u0430\u043d\u0438\u0446\u0430\",\"item\":\"https:\\\/\\\/pet24.md\\\/\"},{\"@type\":\"ListItem\",\"position\":2,\"name\":\"\u041c\u0430\u0433\u0430\u0437\u0438\u043d\",\"item\":\"https:\\\/\\\/pet24.md\\\/shop\\\/\"},{\"@type\":\"ListItem\",\"position\":3,\"name\":\"Carnilove \u0432\u043b\u0430\u0436\u043d\u044b\u0439 \u043a\u043e\u0440\u043c \u0434\u043b\u044f \u0441\u043e\u0431\u0430\u043a \u0438\u0437 \u044f\u0433\u043d\u0435\u043d\u043a\u0430 \u0438 \u043a\u0430\u0431\u0430\u043d\u0430 400 \u0433\"}]},{\"@type\":\"WebSite\",\"@id\":\"https:\\\/\\\/pet24.md\\\/#website\",\"url\":\"https:\\\/\\\/pet24.md\\\/\",\"name\":\"Pet24\",\"description\":\"\u0417\u043e\u043e\u043c\u0430\u0433\u0430\u0437\u0438\u043d \u0442\u043e\u0432\u0430\u0440\u043e\u0432 \u0434\u043b\u044f \u0434\u043e\u043c\u0430\u0448\u043d\u0438\u0445 \u043f\u0438\u0442\u043e\u043c\u0446\u0435\u0432\",\"publisher\":{\"@id\":\"https:\\\/\\\/pet24.md\\\/#organization\"},\"potentialAction\":[{\"@type\":\"SearchAction\",\"target\":{\"@type\":\"EntryPoint\",\"urlTemplate\":\"https:\\\/\\\/pet24.md\\\/?s={search_term_string}\"},\"query-input\":{\"@type\":\"PropertyValueSpecification\",\"valueRequired\":true,\"valueName\":\"search_term_string\"}}],\"inLanguage\":\"ro-RO\"},{\"@type\":\"Organization\",\"@id\":\"https:\\\/\\\/pet24.md\\\/#organization\",\"name\":\"Pet24\",\"url\":\"https:\\\/\\\/pet24.md\\\/\",\"logo\":{\"@type\":\"ImageObject\",\"inLanguage\":\"ro-RO\",\"@id\":\"https:\\\/\\\/pet24.md\\\/#\\\/schema\\\/logo\\\/image\\\/\",\"url\":\"https:\\\/\\\/pet24.md\\\/wp-content\\\/uploads\\\/2024\\\/09\\\/logo.svg\",\"contentUrl\":\"https:\\\/\\\/pet24.md\\\/wp-content\\\/uploads\\\/2024\\\/09\\\/logo.svg\",\"width\":215,\"height\":66,\"caption\":\"Pet24\"},\"image\":{\"@id\":\"https:\\\/\\\/pet24.md\\\/#\\\/schema\\\/logo\\\/image\\\/\"},\"sameAs\":[\"https:\\\/\\\/www.facebook.com\\\/pet24.md\",\"https:\\\/\\\/www.instagram.com\\\/pet24.md\\\/\"],\"telephone\":\"+37360508880\"}]}<\/script>\n<!-- \/ Yoast SEO Premium plugin. -->","yoast_head_json":{"title":"Hrana umeda pentru caini Carnilove miel si mistret 400 g","description":"\u041a\u0443\u043f\u0438\u0442\u044c Carnilove \u0432\u043b\u0430\u0436\u043d\u044b\u0439 \u043a\u043e\u0440\u043c \u0434\u043b\u044f \u0441\u043e\u0431\u0430\u043a \u0438\u0437 \u044f\u0433\u043d\u0435\u043d\u043a\u0430 \u0438 \u043a\u0430\u0431\u0430\u043d\u0430 400 \u0433 \u0441 \u0434\u043e\u0441\u0442\u0430\u0432\u043a\u043e\u0439 \u043f\u043e \u041a\u0438\u0448\u0438\u043d\u0435\u0432\u0443 \u0438 \u0432\u0441\u0435\u0439 \u041c\u043e\u043b\u0434\u043e\u0432\u0435 \u043d\u0430 Pet24","robots":{"index":"index","follow":"follow","max-snippet":"max-snippet:-1","max-image-preview":"max-image-preview:large","max-video-preview":"max-video-preview:-1"},"canonical":"https:\/\/pet24.md\/ro\/produs\/carnilove-vlazhnyj-korm-dlya-sobak-iz-yagnenka-i-kabana-400-g\/","og_locale":"ro_RO","og_type":"article","og_title":"Carnilove \u0432\u043b\u0430\u0436\u043d\u044b\u0439 \u043a\u043e\u0440\u043c \u0434\u043b\u044f \u0441\u043e\u0431\u0430\u043a \u0438\u0437 \u044f\u0433\u043d\u0435\u043d\u043a\u0430 \u0438 \u043a\u0430\u0431\u0430\u043d\u0430 400 \u0433","og_description":"\u041a\u0443\u043f\u0438\u0442\u044c Carnilove \u0432\u043b\u0430\u0436\u043d\u044b\u0439 \u043a\u043e\u0440\u043c \u0434\u043b\u044f \u0441\u043e\u0431\u0430\u043a \u0438\u0437 \u044f\u0433\u043d\u0435\u043d\u043a\u0430 \u0438 \u043a\u0430\u0431\u0430\u043d\u0430 400 \u0433 \u0441 \u0434\u043e\u0441\u0442\u0430\u0432\u043a\u043e\u0439 \u043f\u043e \u041a\u0438\u0448\u0438\u043d\u0435\u0432\u0443 \u0438 \u0432\u0441\u0435\u0439 \u041c\u043e\u043b\u0434\u043e\u0432\u0435 \u043d\u0430 Pet24","og_url":"https:\/\/pet24.md\/ro\/produs\/carnilove-vlazhnyj-korm-dlya-sobak-iz-yagnenka-i-kabana-400-g\/","og_site_name":"Pet24","article_publisher":"https:\/\/www.facebook.com\/pet24.md","article_modified_time":"2024-09-22T22:15:54+00:00","og_image":[{"width":500,"height":500,"url":"https:\/\/pet24.md\/wp-content\/uploads\/2024\/09\/carnilove-vlazhnyj-korm-dlya-sobak-iz-yagnenka-i-kabana-400-g.webp","type":"image\/webp"}],"twitter_card":"summary_large_image","schema":{"@context":"https:\/\/schema.org","@graph":[{"@type":"WebPage","@id":"https:\/\/pet24.md\/product\/carnilove-vlazhnyj-korm-dlya-sobak-iz-yagnenka-i-kabana-400-g\/","url":"https:\/\/pet24.md\/product\/carnilove-vlazhnyj-korm-dlya-sobak-iz-yagnenka-i-kabana-400-g\/","name":"Hrana umeda pentru caini Carnilove miel si mistret 400 g","isPartOf":{"@id":"https:\/\/pet24.md\/#website"},"primaryImageOfPage":{"@id":"https:\/\/pet24.md\/product\/carnilove-vlazhnyj-korm-dlya-sobak-iz-yagnenka-i-kabana-400-g\/#primaryimage"},"image":{"@id":"https:\/\/pet24.md\/product\/carnilove-vlazhnyj-korm-dlya-sobak-iz-yagnenka-i-kabana-400-g\/#primaryimage"},"thumbnailUrl":"https:\/\/pet24.md\/wp-content\/uploads\/2024\/09\/carnilove-vlazhnyj-korm-dlya-sobak-iz-yagnenka-i-kabana-400-g.webp","datePublished":"2024-07-30T22:07:33+00:00","dateModified":"2024-09-22T22:15:54+00:00","description":"\u041a\u0443\u043f\u0438\u0442\u044c Carnilove \u0432\u043b\u0430\u0436\u043d\u044b\u0439 \u043a\u043e\u0440\u043c \u0434\u043b\u044f \u0441\u043e\u0431\u0430\u043a \u0438\u0437 \u044f\u0433\u043d\u0435\u043d\u043a\u0430 \u0438 \u043a\u0430\u0431\u0430\u043d\u0430 400 \u0433 \u0441 \u0434\u043e\u0441\u0442\u0430\u0432\u043a\u043e\u0439 \u043f\u043e \u041a\u0438\u0448\u0438\u043d\u0435\u0432\u0443 \u0438 \u0432\u0441\u0435\u0439 \u041c\u043e\u043b\u0434\u043e\u0432\u0435 \u043d\u0430 Pet24","breadcrumb":{"@id":"https:\/\/pet24.md\/product\/carnilove-vlazhnyj-korm-dlya-sobak-iz-yagnenka-i-kabana-400-g\/#breadcrumb"},"inLanguage":"ro-RO","potentialAction":[{"@type":"ReadAction","target":["https:\/\/pet24.md\/product\/carnilove-vlazhnyj-korm-dlya-sobak-iz-yagnenka-i-kabana-400-g\/"]}]},{"@type":"ImageObject","inLanguage":"ro-RO","@id":"https:\/\/pet24.md\/product\/carnilove-vlazhnyj-korm-dlya-sobak-iz-yagnenka-i-kabana-400-g\/#primaryimage","url":"https:\/\/pet24.md\/wp-content\/uploads\/2024\/09\/carnilove-vlazhnyj-korm-dlya-sobak-iz-yagnenka-i-kabana-400-g.webp","contentUrl":"https:\/\/pet24.md\/wp-content\/uploads\/2024\/09\/carnilove-vlazhnyj-korm-dlya-sobak-iz-yagnenka-i-kabana-400-g.webp","width":500,"height":500,"caption":"Carnilove \u0432\u043b\u0430\u0436\u043d\u044b\u0439 \u043a\u043e\u0440\u043c \u0434\u043b\u044f \u0441\u043e\u0431\u0430\u043a \u0438\u0437 \u044f\u0433\u043d\u0435\u043d\u043a\u0430 \u0438 \u043a\u0430\u0431\u0430\u043d\u0430 400 \u0433"},{"@type":"BreadcrumbList","@id":"https:\/\/pet24.md\/product\/carnilove-vlazhnyj-korm-dlya-sobak-iz-yagnenka-i-kabana-400-g\/#breadcrumb","itemListElement":[{"@type":"ListItem","position":1,"name":"\u0413\u043b\u0430\u0432\u043d\u0430\u044f \u0441\u0442\u0440\u0430\u043d\u0438\u0446\u0430","item":"https:\/\/pet24.md\/"},{"@type":"ListItem","position":2,"name":"\u041c\u0430\u0433\u0430\u0437\u0438\u043d","item":"https:\/\/pet24.md\/shop\/"},{"@type":"ListItem","position":3,"name":"Carnilove \u0432\u043b\u0430\u0436\u043d\u044b\u0439 \u043a\u043e\u0440\u043c \u0434\u043b\u044f \u0441\u043e\u0431\u0430\u043a \u0438\u0437 \u044f\u0433\u043d\u0435\u043d\u043a\u0430 \u0438 \u043a\u0430\u0431\u0430\u043d\u0430 400 \u0433"}]},{"@type":"WebSite","@id":"https:\/\/pet24.md\/#website","url":"https:\/\/pet24.md\/","name":"Pet24","description":"Magazin de animale de companie","publisher":{"@id":"https:\/\/pet24.md\/#organization"},"potentialAction":[{"@type":"SearchAction","target":{"@type":"EntryPoint","urlTemplate":"https:\/\/pet24.md\/?s={search_term_string}"},"query-input":{"@type":"PropertyValueSpecification","valueRequired":true,"valueName":"search_term_string"}}],"inLanguage":"ro-RO"},{"@type":"Organization","@id":"https:\/\/pet24.md\/#organization","name":"Pet24","url":"https:\/\/pet24.md\/","logo":{"@type":"ImageObject","inLanguage":"ro-RO","@id":"https:\/\/pet24.md\/#\/schema\/logo\/image\/","url":"https:\/\/pet24.md\/wp-content\/uploads\/2024\/09\/logo.svg","contentUrl":"https:\/\/pet24.md\/wp-content\/uploads\/2024\/09\/logo.svg","width":215,"height":66,"caption":"Pet24"},"image":{"@id":"https:\/\/pet24.md\/#\/schema\/logo\/image\/"},"sameAs":["https:\/\/www.facebook.com\/pet24.md","https:\/\/www.instagram.com\/pet24.md\/"],"telephone":"+37360508880"}]}},"_links":{"self":[{"href":"https:\/\/pet24.md\/ro\/wp-json\/wp\/v2\/product\/84838","targetHints":{"allow":["GET"]}}],"collection":[{"href":"https:\/\/pet24.md\/ro\/wp-json\/wp\/v2\/product"}],"about":[{"href":"https:\/\/pet24.md\/ro\/wp-json\/wp\/v2\/types\/product"}],"replies":[{"embeddable":true,"href":"https:\/\/pet24.md\/ro\/wp-json\/wp\/v2\/comments?post=84838"}],"wp:featuredmedia":[{"embeddable":true,"href":"https:\/\/pet24.md\/ro\/wp-json\/wp\/v2\/media\/90971"}],"wp:attachment":[{"href":"https:\/\/pet24.md\/ro\/wp-json\/wp\/v2\/media?parent=84838"}],"wp:term":[{"taxonomy":"product_brand","embeddable":true,"href":"https:\/\/pet24.md\/ro\/wp-json\/wp\/v2\/product_brand?post=84838"},{"taxonomy":"product_cat","embeddable":true,"href":"https:\/\/pet24.md\/ro\/wp-json\/wp\/v2\/product_cat?post=84838"},{"taxonomy":"product_tag","embeddable":true,"href":"https:\/\/pet24.md\/ro\/wp-json\/wp\/v2\/product_tag?post=84838"}],"curies":[{"name":"wp","href":"https:\/\/api.w.org\/{rel}","templated":true}]}}