{"id":84896,"date":"2024-07-31T01:21:02","date_gmt":"2024-07-31T01:21:02","guid":{"rendered":"https:\/\/pet24.md\/?post_type=product&#038;p=84896"},"modified":"2024-09-22T22:16:01","modified_gmt":"2024-09-22T22:16:01","slug":"carnilove-lakomstvo-dlya-sobak-s-yagnenkom-i-klyukvoj-200-g","status":"publish","type":"product","link":"https:\/\/pet24.md\/ro\/produs\/carnilove-lakomstvo-dlya-sobak-s-yagnenkom-i-klyukvoj-200-g\/","title":{"rendered":"Tratament pentru c\u00e2ini Carnilove cu miel \u0219i meri\u0219or 200 g"},"content":{"rendered":"<h3>Carnilove Dog Crunchy Snack Crunchy Miel cu Merisoare<\/h3>\n<p><strong>Tratament de miel \u0219i meri\u0219oare pentru c\u00e2ini adul\u021bi de toate rasele cu digestie sensibil\u0103<\/strong><\/p>\n<p><strong>Principalele avantaje:<\/strong><\/p>\n<ul>\n<li>Un plus gustos \u0219i s\u0103n\u0103tos la dieta ta<\/li>\n<li>Ingrediente de calitate superioara<\/li>\n<li>Con\u021bine antioxidan\u021bi naturali<\/li>\n<li>Componenta de carne \u2013 mai mult de 50%<\/li>\n<li>NU contine cereale sau cartofi<\/li>\n<li>\u00cembog\u0103\u021bit cu proteine<\/li>\n<li>\u00cent\u0103re\u0219te eficient sistemul imunitar<\/li>\n<li>Ajut\u0103 la cur\u0103\u021barea din\u021bilor de plac\u0103<\/li>\n<li>Ambalat \u00een pungi compacte convenabile<\/li>\n<li>Recompens\u0103 excelent\u0103 pentru un c\u00e2ine \u00een proces de educa\u021bie \u0219i dresaj<\/li>\n<\/ul>\n<p><strong>Compus:<\/strong><\/p>\n<ul>\n<li>50% miel (miel uscat 35%, miel proasp\u0103t 15%)<\/li>\n<li>Dovleac 15%<\/li>\n<li>Maz\u0103re galben\u0103 8%<\/li>\n<li>M\u0103r uscat 5%<\/li>\n<li>Morcov 5%<\/li>\n<li>Naut 4%<\/li>\n<li>Merisor 4%<\/li>\n<li>Gr\u0103sime de pui (conservat\u0103 cu tocoferoli) 4%<\/li>\n<li>Seminte de in 2%<\/li>\n<li>Spanac uscat 2%<\/li>\n<li>Ulei din semin\u021be de in 1%<\/li>\n<\/ul>\n<p><strong>Compozi\u021bia analitic\u0103 la 1 kg:<\/strong><\/p>\n<ul>\n<li>Protein\u0103 brut\u0103: 30,0%<\/li>\n<li>Gr\u0103sime: 10,0%<\/li>\n<li>Umiditate: 10,0%<\/li>\n<li>Cenu\u0219\u0103 brut\u0103: 8,0%<\/li>\n<li>Fibr\u0103 brut\u0103: 5.0%<\/li>\n<li>Calciu: 1,5%<\/li>\n<li>Fosfor: 1,2%<\/li>\n<li>Omega-3: 0,2%<\/li>\n<li>Omega-6: 0,6%<\/li>\n<li>Con\u021bine antioxidan\u021bi naturali<\/li>\n<\/ul>\n<p><strong>Valoare energetica:<\/strong> 3360 kcal\/kg<\/p>\n<p><strong>Recomand\u0103ri de hr\u0103nire:<\/strong><\/p>\n<table>\n<thead>\n<tr>\n<th>Greutatea c\u00e2inelui (kg)<\/th>\n<th>Num\u0103r de gust\u0103ri pe zi (buc)<\/th>\n<\/tr>\n<\/thead>\n<tbody>\n<tr>\n<td>5<\/td>\n<td>5<\/td>\n<\/tr>\n<tr>\n<td>10<\/td>\n<td>10<\/td>\n<\/tr>\n<tr>\n<td>15<\/td>\n<td>12<\/td>\n<\/tr>\n<tr>\n<td>20<\/td>\n<td>15<\/td>\n<\/tr>\n<tr>\n<td>25<\/td>\n<td>20<\/td>\n<\/tr>\n<tr>\n<td>30<\/td>\n<td>22<\/td>\n<\/tr>\n<tr>\n<td>40<\/td>\n<td>25<\/td>\n<\/tr>\n<tr>\n<td>50<\/td>\n<td>28<\/td>\n<\/tr>\n<tr>\n<td>60<\/td>\n<td>30<\/td>\n<\/tr>\n<tr>\n<td>70<\/td>\n<td>35<\/td>\n<\/tr>\n<tr>\n<td>80<\/td>\n<td>40<\/td>\n<\/tr>\n<tr>\n<td>90<\/td>\n<td>45<\/td>\n<\/tr>\n<\/tbody>\n<\/table>\n<p><strong>V\u0103 rug\u0103m s\u0103 re\u021bine\u021bi:<\/strong> Animalele au \u00eentotdeauna nevoie de ap\u0103 proasp\u0103t\u0103!<\/p>","protected":false},"excerpt":{"rendered":"<p>Carnilove Dog Crunchy Snack Crunchy Lamb with Cranberries este un deliciu cu miel \u0219i meri\u0219oare pentru c\u00e2inii adul\u021bi de toate rasele cu digestie sensibil\u0103. \u00cembog\u0103\u021bit cu proteine, nu con\u021bine cereale \u0219i cartofi, \u00eent\u0103re\u0219te sistemul imunitar \u0219i ajut\u0103 la cur\u0103\u021barea din\u021bilor de plac\u0103.<\/p>","protected":false},"featured_media":90994,"comment_status":"open","ping_status":"closed","template":"","meta":[],"product_brand":[],"product_cat":[136,293,425],"product_tag":[722,180,480],"class_list":{"0":"post-84896","1":"product","2":"type-product","3":"status-publish","4":"has-post-thumbnail","6":"product_cat-dog","7":"product_cat-dogfood","8":"product_cat-dog-treats","9":"product_tag-carnilove","10":"product_tag-lakomstvo","11":"product_tag-sobaka","12":"pa_age-pet-vzroslyj","13":"pa_brand-arnilove","14":"pa_breed-size-dlya-vseh-porod","15":"pa_feed-class-super-premium","16":"pa_meat-ingredients-yagnyonok","17":"pa_packaging-pauchi","18":"pa_pet-sobaka","19":"pa_pet-feature-zdorovyj-pitomecz","20":"pa_type-feed-lakomstvo","21":"pa_weight-200-gr","23":"first","24":"instock","25":"sale","26":"shipping-taxable","27":"product-type-simple"},"yoast_head":"<!-- This site is optimized with the Yoast SEO Premium plugin v23.7 (Yoast SEO v27.5) - https:\/\/yoast.com\/product\/yoast-seo-premium-wordpress\/ -->\n<title>Carnilove \u043b\u0430\u043a\u043e\u043c\u0441\u0442\u0432\u043e \u0434\u043b\u044f \u0441\u043e\u0431\u0430\u043a \u0441 \u044f\u0433\u043d\u0435\u043d\u043a\u043e\u043c \u0438 \u043a\u043b\u044e\u043a\u0432\u043e\u0439 200 \u0433<\/title>\n<meta name=\"description\" content=\"\u041a\u0443\u043f\u0438\u0442\u044c Carnilove \u043b\u0430\u043a\u043e\u043c\u0441\u0442\u0432\u043e \u0434\u043b\u044f \u0441\u043e\u0431\u0430\u043a \u0441 \u044f\u0433\u043d\u0435\u043d\u043a\u043e\u043c \u0438 \u043a\u043b\u044e\u043a\u0432\u043e\u0439 200 \u0433 \u0441 \u0434\u043e\u0441\u0442\u0430\u0432\u043a\u043e\u0439 \u043f\u043e \u041a\u0438\u0448\u0438\u043d\u0435\u0432\u0443 \u0438 \u0432\u0441\u0435\u0439 \u041c\u043e\u043b\u0434\u043e\u0432\u0435 \u043d\u0430 Pet24\" \/>\n<meta name=\"robots\" content=\"index, follow, max-snippet:-1, max-image-preview:large, max-video-preview:-1\" \/>\n<link rel=\"canonical\" href=\"https:\/\/pet24.md\/ro\/produs\/carnilove-lakomstvo-dlya-sobak-s-yagnenkom-i-klyukvoj-200-g\/\" \/>\n<meta property=\"og:locale\" content=\"ro_RO\" \/>\n<meta property=\"og:type\" content=\"article\" \/>\n<meta property=\"og:title\" content=\"Carnilove \u043b\u0430\u043a\u043e\u043c\u0441\u0442\u0432\u043e \u0434\u043b\u044f \u0441\u043e\u0431\u0430\u043a \u0441 \u044f\u0433\u043d\u0435\u043d\u043a\u043e\u043c \u0438 \u043a\u043b\u044e\u043a\u0432\u043e\u0439 200 \u0433\" \/>\n<meta property=\"og:description\" content=\"\u041a\u0443\u043f\u0438\u0442\u044c Carnilove \u043b\u0430\u043a\u043e\u043c\u0441\u0442\u0432\u043e \u0434\u043b\u044f \u0441\u043e\u0431\u0430\u043a \u0441 \u044f\u0433\u043d\u0435\u043d\u043a\u043e\u043c \u0438 \u043a\u043b\u044e\u043a\u0432\u043e\u0439 200 \u0433 \u0441 \u0434\u043e\u0441\u0442\u0430\u0432\u043a\u043e\u0439 \u043f\u043e \u041a\u0438\u0448\u0438\u043d\u0435\u0432\u0443 \u0438 \u0432\u0441\u0435\u0439 \u041c\u043e\u043b\u0434\u043e\u0432\u0435 \u043d\u0430 Pet24\" \/>\n<meta property=\"og:url\" content=\"https:\/\/pet24.md\/ro\/produs\/carnilove-lakomstvo-dlya-sobak-s-yagnenkom-i-klyukvoj-200-g\/\" \/>\n<meta property=\"og:site_name\" content=\"Pet24\" \/>\n<meta property=\"article:publisher\" content=\"https:\/\/www.facebook.com\/pet24.md\" \/>\n<meta property=\"article:modified_time\" content=\"2024-09-22T22:16:01+00:00\" \/>\n<meta property=\"og:image\" content=\"https:\/\/pet24.md\/wp-content\/uploads\/2024\/09\/carnilove-lakomstvo-dlya-sobak-s-yagnenkom-i-klyukvoj-200-g-.webp\" \/>\n\t<meta property=\"og:image:width\" content=\"500\" \/>\n\t<meta property=\"og:image:height\" content=\"500\" \/>\n\t<meta property=\"og:image:type\" content=\"image\/webp\" \/>\n<meta name=\"twitter:card\" content=\"summary_large_image\" \/>\n<script type=\"application\/ld+json\" class=\"yoast-schema-graph\">{\"@context\":\"https:\\\/\\\/schema.org\",\"@graph\":[{\"@type\":\"WebPage\",\"@id\":\"https:\\\/\\\/pet24.md\\\/product\\\/carnilove-lakomstvo-dlya-sobak-s-yagnenkom-i-klyukvoj-200-g\\\/\",\"url\":\"https:\\\/\\\/pet24.md\\\/product\\\/carnilove-lakomstvo-dlya-sobak-s-yagnenkom-i-klyukvoj-200-g\\\/\",\"name\":\"Carnilove \u043b\u0430\u043a\u043e\u043c\u0441\u0442\u0432\u043e \u0434\u043b\u044f \u0441\u043e\u0431\u0430\u043a \u0441 \u044f\u0433\u043d\u0435\u043d\u043a\u043e\u043c \u0438 \u043a\u043b\u044e\u043a\u0432\u043e\u0439 200 \u0433\",\"isPartOf\":{\"@id\":\"https:\\\/\\\/pet24.md\\\/#website\"},\"primaryImageOfPage\":{\"@id\":\"https:\\\/\\\/pet24.md\\\/product\\\/carnilove-lakomstvo-dlya-sobak-s-yagnenkom-i-klyukvoj-200-g\\\/#primaryimage\"},\"image\":{\"@id\":\"https:\\\/\\\/pet24.md\\\/product\\\/carnilove-lakomstvo-dlya-sobak-s-yagnenkom-i-klyukvoj-200-g\\\/#primaryimage\"},\"thumbnailUrl\":\"https:\\\/\\\/pet24.md\\\/wp-content\\\/uploads\\\/2024\\\/09\\\/carnilove-lakomstvo-dlya-sobak-s-yagnenkom-i-klyukvoj-200-g-.webp\",\"datePublished\":\"2024-07-31T01:21:02+00:00\",\"dateModified\":\"2024-09-22T22:16:01+00:00\",\"description\":\"\u041a\u0443\u043f\u0438\u0442\u044c Carnilove \u043b\u0430\u043a\u043e\u043c\u0441\u0442\u0432\u043e \u0434\u043b\u044f \u0441\u043e\u0431\u0430\u043a \u0441 \u044f\u0433\u043d\u0435\u043d\u043a\u043e\u043c \u0438 \u043a\u043b\u044e\u043a\u0432\u043e\u0439 200 \u0433 \u0441 \u0434\u043e\u0441\u0442\u0430\u0432\u043a\u043e\u0439 \u043f\u043e \u041a\u0438\u0448\u0438\u043d\u0435\u0432\u0443 \u0438 \u0432\u0441\u0435\u0439 \u041c\u043e\u043b\u0434\u043e\u0432\u0435 \u043d\u0430 Pet24\",\"breadcrumb\":{\"@id\":\"https:\\\/\\\/pet24.md\\\/product\\\/carnilove-lakomstvo-dlya-sobak-s-yagnenkom-i-klyukvoj-200-g\\\/#breadcrumb\"},\"inLanguage\":\"ro-RO\",\"potentialAction\":[{\"@type\":\"ReadAction\",\"target\":[\"https:\\\/\\\/pet24.md\\\/product\\\/carnilove-lakomstvo-dlya-sobak-s-yagnenkom-i-klyukvoj-200-g\\\/\"]}]},{\"@type\":\"ImageObject\",\"inLanguage\":\"ro-RO\",\"@id\":\"https:\\\/\\\/pet24.md\\\/product\\\/carnilove-lakomstvo-dlya-sobak-s-yagnenkom-i-klyukvoj-200-g\\\/#primaryimage\",\"url\":\"https:\\\/\\\/pet24.md\\\/wp-content\\\/uploads\\\/2024\\\/09\\\/carnilove-lakomstvo-dlya-sobak-s-yagnenkom-i-klyukvoj-200-g-.webp\",\"contentUrl\":\"https:\\\/\\\/pet24.md\\\/wp-content\\\/uploads\\\/2024\\\/09\\\/carnilove-lakomstvo-dlya-sobak-s-yagnenkom-i-klyukvoj-200-g-.webp\",\"width\":500,\"height\":500,\"caption\":\"Carnilove \u043b\u0430\u043a\u043e\u043c\u0441\u0442\u0432\u043e \u0434\u043b\u044f \u0441\u043e\u0431\u0430\u043a \u0441 \u044f\u0433\u043d\u0435\u043d\u043a\u043e\u043c \u0438 \u043a\u043b\u044e\u043a\u0432\u043e\u0439 200 \u0433\"},{\"@type\":\"BreadcrumbList\",\"@id\":\"https:\\\/\\\/pet24.md\\\/product\\\/carnilove-lakomstvo-dlya-sobak-s-yagnenkom-i-klyukvoj-200-g\\\/#breadcrumb\",\"itemListElement\":[{\"@type\":\"ListItem\",\"position\":1,\"name\":\"\u0413\u043b\u0430\u0432\u043d\u0430\u044f \u0441\u0442\u0440\u0430\u043d\u0438\u0446\u0430\",\"item\":\"https:\\\/\\\/pet24.md\\\/\"},{\"@type\":\"ListItem\",\"position\":2,\"name\":\"\u041c\u0430\u0433\u0430\u0437\u0438\u043d\",\"item\":\"https:\\\/\\\/pet24.md\\\/shop\\\/\"},{\"@type\":\"ListItem\",\"position\":3,\"name\":\"Carnilove \u043b\u0430\u043a\u043e\u043c\u0441\u0442\u0432\u043e \u0434\u043b\u044f \u0441\u043e\u0431\u0430\u043a \u0441 \u044f\u0433\u043d\u0435\u043d\u043a\u043e\u043c \u0438 \u043a\u043b\u044e\u043a\u0432\u043e\u0439 200 \u0433\"}]},{\"@type\":\"WebSite\",\"@id\":\"https:\\\/\\\/pet24.md\\\/#website\",\"url\":\"https:\\\/\\\/pet24.md\\\/\",\"name\":\"Pet24\",\"description\":\"\u0417\u043e\u043e\u043c\u0430\u0433\u0430\u0437\u0438\u043d \u0442\u043e\u0432\u0430\u0440\u043e\u0432 \u0434\u043b\u044f \u0434\u043e\u043c\u0430\u0448\u043d\u0438\u0445 \u043f\u0438\u0442\u043e\u043c\u0446\u0435\u0432\",\"publisher\":{\"@id\":\"https:\\\/\\\/pet24.md\\\/#organization\"},\"potentialAction\":[{\"@type\":\"SearchAction\",\"target\":{\"@type\":\"EntryPoint\",\"urlTemplate\":\"https:\\\/\\\/pet24.md\\\/?s={search_term_string}\"},\"query-input\":{\"@type\":\"PropertyValueSpecification\",\"valueRequired\":true,\"valueName\":\"search_term_string\"}}],\"inLanguage\":\"ro-RO\"},{\"@type\":\"Organization\",\"@id\":\"https:\\\/\\\/pet24.md\\\/#organization\",\"name\":\"Pet24\",\"url\":\"https:\\\/\\\/pet24.md\\\/\",\"logo\":{\"@type\":\"ImageObject\",\"inLanguage\":\"ro-RO\",\"@id\":\"https:\\\/\\\/pet24.md\\\/#\\\/schema\\\/logo\\\/image\\\/\",\"url\":\"https:\\\/\\\/pet24.md\\\/wp-content\\\/uploads\\\/2024\\\/09\\\/logo.svg\",\"contentUrl\":\"https:\\\/\\\/pet24.md\\\/wp-content\\\/uploads\\\/2024\\\/09\\\/logo.svg\",\"width\":215,\"height\":66,\"caption\":\"Pet24\"},\"image\":{\"@id\":\"https:\\\/\\\/pet24.md\\\/#\\\/schema\\\/logo\\\/image\\\/\"},\"sameAs\":[\"https:\\\/\\\/www.facebook.com\\\/pet24.md\",\"https:\\\/\\\/www.instagram.com\\\/pet24.md\\\/\"],\"telephone\":\"+37360508880\"}]}<\/script>\n<!-- \/ Yoast SEO Premium plugin. -->","yoast_head_json":{"title":"Tratament pentru c\u00e2ini Carnilove cu miel \u0219i meri\u0219or 200 g","description":"\u041a\u0443\u043f\u0438\u0442\u044c Carnilove \u043b\u0430\u043a\u043e\u043c\u0441\u0442\u0432\u043e \u0434\u043b\u044f \u0441\u043e\u0431\u0430\u043a \u0441 \u044f\u0433\u043d\u0435\u043d\u043a\u043e\u043c \u0438 \u043a\u043b\u044e\u043a\u0432\u043e\u0439 200 \u0433 \u0441 \u0434\u043e\u0441\u0442\u0430\u0432\u043a\u043e\u0439 \u043f\u043e \u041a\u0438\u0448\u0438\u043d\u0435\u0432\u0443 \u0438 \u0432\u0441\u0435\u0439 \u041c\u043e\u043b\u0434\u043e\u0432\u0435 \u043d\u0430 Pet24","robots":{"index":"index","follow":"follow","max-snippet":"max-snippet:-1","max-image-preview":"max-image-preview:large","max-video-preview":"max-video-preview:-1"},"canonical":"https:\/\/pet24.md\/ro\/produs\/carnilove-lakomstvo-dlya-sobak-s-yagnenkom-i-klyukvoj-200-g\/","og_locale":"ro_RO","og_type":"article","og_title":"Carnilove \u043b\u0430\u043a\u043e\u043c\u0441\u0442\u0432\u043e \u0434\u043b\u044f \u0441\u043e\u0431\u0430\u043a \u0441 \u044f\u0433\u043d\u0435\u043d\u043a\u043e\u043c \u0438 \u043a\u043b\u044e\u043a\u0432\u043e\u0439 200 \u0433","og_description":"\u041a\u0443\u043f\u0438\u0442\u044c Carnilove \u043b\u0430\u043a\u043e\u043c\u0441\u0442\u0432\u043e \u0434\u043b\u044f \u0441\u043e\u0431\u0430\u043a \u0441 \u044f\u0433\u043d\u0435\u043d\u043a\u043e\u043c \u0438 \u043a\u043b\u044e\u043a\u0432\u043e\u0439 200 \u0433 \u0441 \u0434\u043e\u0441\u0442\u0430\u0432\u043a\u043e\u0439 \u043f\u043e \u041a\u0438\u0448\u0438\u043d\u0435\u0432\u0443 \u0438 \u0432\u0441\u0435\u0439 \u041c\u043e\u043b\u0434\u043e\u0432\u0435 \u043d\u0430 Pet24","og_url":"https:\/\/pet24.md\/ro\/produs\/carnilove-lakomstvo-dlya-sobak-s-yagnenkom-i-klyukvoj-200-g\/","og_site_name":"Pet24","article_publisher":"https:\/\/www.facebook.com\/pet24.md","article_modified_time":"2024-09-22T22:16:01+00:00","og_image":[{"width":500,"height":500,"url":"https:\/\/pet24.md\/wp-content\/uploads\/2024\/09\/carnilove-lakomstvo-dlya-sobak-s-yagnenkom-i-klyukvoj-200-g-.webp","type":"image\/webp"}],"twitter_card":"summary_large_image","schema":{"@context":"https:\/\/schema.org","@graph":[{"@type":"WebPage","@id":"https:\/\/pet24.md\/product\/carnilove-lakomstvo-dlya-sobak-s-yagnenkom-i-klyukvoj-200-g\/","url":"https:\/\/pet24.md\/product\/carnilove-lakomstvo-dlya-sobak-s-yagnenkom-i-klyukvoj-200-g\/","name":"Tratament pentru c\u00e2ini Carnilove cu miel \u0219i meri\u0219or 200 g","isPartOf":{"@id":"https:\/\/pet24.md\/#website"},"primaryImageOfPage":{"@id":"https:\/\/pet24.md\/product\/carnilove-lakomstvo-dlya-sobak-s-yagnenkom-i-klyukvoj-200-g\/#primaryimage"},"image":{"@id":"https:\/\/pet24.md\/product\/carnilove-lakomstvo-dlya-sobak-s-yagnenkom-i-klyukvoj-200-g\/#primaryimage"},"thumbnailUrl":"https:\/\/pet24.md\/wp-content\/uploads\/2024\/09\/carnilove-lakomstvo-dlya-sobak-s-yagnenkom-i-klyukvoj-200-g-.webp","datePublished":"2024-07-31T01:21:02+00:00","dateModified":"2024-09-22T22:16:01+00:00","description":"\u041a\u0443\u043f\u0438\u0442\u044c Carnilove \u043b\u0430\u043a\u043e\u043c\u0441\u0442\u0432\u043e \u0434\u043b\u044f \u0441\u043e\u0431\u0430\u043a \u0441 \u044f\u0433\u043d\u0435\u043d\u043a\u043e\u043c \u0438 \u043a\u043b\u044e\u043a\u0432\u043e\u0439 200 \u0433 \u0441 \u0434\u043e\u0441\u0442\u0430\u0432\u043a\u043e\u0439 \u043f\u043e \u041a\u0438\u0448\u0438\u043d\u0435\u0432\u0443 \u0438 \u0432\u0441\u0435\u0439 \u041c\u043e\u043b\u0434\u043e\u0432\u0435 \u043d\u0430 Pet24","breadcrumb":{"@id":"https:\/\/pet24.md\/product\/carnilove-lakomstvo-dlya-sobak-s-yagnenkom-i-klyukvoj-200-g\/#breadcrumb"},"inLanguage":"ro-RO","potentialAction":[{"@type":"ReadAction","target":["https:\/\/pet24.md\/product\/carnilove-lakomstvo-dlya-sobak-s-yagnenkom-i-klyukvoj-200-g\/"]}]},{"@type":"ImageObject","inLanguage":"ro-RO","@id":"https:\/\/pet24.md\/product\/carnilove-lakomstvo-dlya-sobak-s-yagnenkom-i-klyukvoj-200-g\/#primaryimage","url":"https:\/\/pet24.md\/wp-content\/uploads\/2024\/09\/carnilove-lakomstvo-dlya-sobak-s-yagnenkom-i-klyukvoj-200-g-.webp","contentUrl":"https:\/\/pet24.md\/wp-content\/uploads\/2024\/09\/carnilove-lakomstvo-dlya-sobak-s-yagnenkom-i-klyukvoj-200-g-.webp","width":500,"height":500,"caption":"Carnilove \u043b\u0430\u043a\u043e\u043c\u0441\u0442\u0432\u043e \u0434\u043b\u044f \u0441\u043e\u0431\u0430\u043a \u0441 \u044f\u0433\u043d\u0435\u043d\u043a\u043e\u043c \u0438 \u043a\u043b\u044e\u043a\u0432\u043e\u0439 200 \u0433"},{"@type":"BreadcrumbList","@id":"https:\/\/pet24.md\/product\/carnilove-lakomstvo-dlya-sobak-s-yagnenkom-i-klyukvoj-200-g\/#breadcrumb","itemListElement":[{"@type":"ListItem","position":1,"name":"\u0413\u043b\u0430\u0432\u043d\u0430\u044f \u0441\u0442\u0440\u0430\u043d\u0438\u0446\u0430","item":"https:\/\/pet24.md\/"},{"@type":"ListItem","position":2,"name":"\u041c\u0430\u0433\u0430\u0437\u0438\u043d","item":"https:\/\/pet24.md\/shop\/"},{"@type":"ListItem","position":3,"name":"Carnilove \u043b\u0430\u043a\u043e\u043c\u0441\u0442\u0432\u043e \u0434\u043b\u044f \u0441\u043e\u0431\u0430\u043a \u0441 \u044f\u0433\u043d\u0435\u043d\u043a\u043e\u043c \u0438 \u043a\u043b\u044e\u043a\u0432\u043e\u0439 200 \u0433"}]},{"@type":"WebSite","@id":"https:\/\/pet24.md\/#website","url":"https:\/\/pet24.md\/","name":"Pet24","description":"Magazin de animale de companie","publisher":{"@id":"https:\/\/pet24.md\/#organization"},"potentialAction":[{"@type":"SearchAction","target":{"@type":"EntryPoint","urlTemplate":"https:\/\/pet24.md\/?s={search_term_string}"},"query-input":{"@type":"PropertyValueSpecification","valueRequired":true,"valueName":"search_term_string"}}],"inLanguage":"ro-RO"},{"@type":"Organization","@id":"https:\/\/pet24.md\/#organization","name":"Pet24","url":"https:\/\/pet24.md\/","logo":{"@type":"ImageObject","inLanguage":"ro-RO","@id":"https:\/\/pet24.md\/#\/schema\/logo\/image\/","url":"https:\/\/pet24.md\/wp-content\/uploads\/2024\/09\/logo.svg","contentUrl":"https:\/\/pet24.md\/wp-content\/uploads\/2024\/09\/logo.svg","width":215,"height":66,"caption":"Pet24"},"image":{"@id":"https:\/\/pet24.md\/#\/schema\/logo\/image\/"},"sameAs":["https:\/\/www.facebook.com\/pet24.md","https:\/\/www.instagram.com\/pet24.md\/"],"telephone":"+37360508880"}]}},"_links":{"self":[{"href":"https:\/\/pet24.md\/ro\/wp-json\/wp\/v2\/product\/84896","targetHints":{"allow":["GET"]}}],"collection":[{"href":"https:\/\/pet24.md\/ro\/wp-json\/wp\/v2\/product"}],"about":[{"href":"https:\/\/pet24.md\/ro\/wp-json\/wp\/v2\/types\/product"}],"replies":[{"embeddable":true,"href":"https:\/\/pet24.md\/ro\/wp-json\/wp\/v2\/comments?post=84896"}],"wp:featuredmedia":[{"embeddable":true,"href":"https:\/\/pet24.md\/ro\/wp-json\/wp\/v2\/media\/90994"}],"wp:attachment":[{"href":"https:\/\/pet24.md\/ro\/wp-json\/wp\/v2\/media?parent=84896"}],"wp:term":[{"taxonomy":"product_brand","embeddable":true,"href":"https:\/\/pet24.md\/ro\/wp-json\/wp\/v2\/product_brand?post=84896"},{"taxonomy":"product_cat","embeddable":true,"href":"https:\/\/pet24.md\/ro\/wp-json\/wp\/v2\/product_cat?post=84896"},{"taxonomy":"product_tag","embeddable":true,"href":"https:\/\/pet24.md\/ro\/wp-json\/wp\/v2\/product_tag?post=84896"}],"curies":[{"name":"wp","href":"https:\/\/api.w.org\/{rel}","templated":true}]}}