{"id":84955,"date":"2024-07-31T03:10:39","date_gmt":"2024-07-31T03:10:39","guid":{"rendered":"https:\/\/pet24.md\/?post_type=product&#038;p=84955"},"modified":"2024-09-22T22:16:07","modified_gmt":"2024-09-22T22:16:07","slug":"carnilove-bezzernovoj-suhoj-korm-dlya-koshek-utka-i-fazan-6-kg","status":"publish","type":"product","link":"https:\/\/pet24.md\/ro\/produs\/carnilove-bezzernovoj-suhoj-korm-dlya-koshek-utka-i-fazan-6-kg\/","title":{"rendered":"Hrana uscata pentru pisici, fara cereale Carnilove, rata si fazan, 6 kg"},"content":{"rendered":"<h3>Hrana pentru pisici \u2013 Carnilove Adult Cats Hairball Control Rata si Fazan, 6 kg<\/h3>\n<p><strong>Hran\u0103 uscat\u0103 complet\u0103 cu carne de ra\u021b\u0103 \u0219i fazan pentru \u00eendep\u0103rtarea p\u0103rului la pisici adulte<\/strong><\/p>\n<p><strong>Principalele avantaje:<\/strong><\/p>\n<ul>\n<li><strong>Combina\u021bie delicioas\u0103 \u0219i u\u0219or de digerat<\/strong> ra\u021b\u0103 \u0219i fazan, bogate \u00een nutrien\u021bi naturali<\/li>\n<li><strong>Con\u021binut crescut de fibre naturale<\/strong> pentru a \u00eembun\u0103t\u0103\u021bi digestia \u0219i \u00eendep\u0103rtarea p\u0103rului<\/li>\n<li><strong>Reveni\u021bi la alimenta\u021bia natural\u0103<\/strong> pentru a men\u021bine s\u0103n\u0103tatea sistemului digestiv al pisicii \u0219i starea fizic\u0103<\/li>\n<li><strong>Con\u021bine fructe, legume \u0219i verdea\u021b\u0103<\/strong>oferind nutrien\u021bi esen\u021biali, vitamine, minerale \u0219i antioxidan\u021bi<\/li>\n<li><strong>Fara cereale si cartofi<\/strong><\/li>\n<\/ul>\n<p><strong>Compus:<\/strong><\/p>\n<ul>\n<li>F\u0103in\u0103 din carne de ra\u021b\u0103 (34%)<\/li>\n<li>F\u0103in\u0103 de fazan (25%)<\/li>\n<li>Maz\u0103re galben\u0103 (12%)<\/li>\n<li>Gr\u0103sime de pui (conservat\u0103 cu tocoferoli, 4%)<\/li>\n<li>Ficat de pui (3%)<\/li>\n<li>Pulp\u0103 de sfecl\u0103 (5%)<\/li>\n<li>File de ra\u021b\u0103 (5%)<\/li>\n<li>Ulei de somon (2%)<\/li>\n<li>Amidon de tapioca (2%)<\/li>\n<li>Mere (2%)<\/li>\n<li>Morcov (1%)<\/li>\n<li>Seminte de in (1%)<\/li>\n<li>Maz\u0103re (1%)<\/li>\n<li>Crustacee hidrolizate (surs\u0103 de glucozamin\u0103, 0,026%)<\/li>\n<li>Extract de cartilaj (surs\u0103 de condroitin\u0103, 0,016%)<\/li>\n<li>Drojdie de bere (surs\u0103 de mananoligozaharide, 0,016%)<\/li>\n<li>R\u0103d\u0103cin\u0103 de cicoare (surs\u0103 de fructo-oligozaharide, 0,012%)<\/li>\n<li>Yucca (0,01%)<\/li>\n<li>Alge (0,01%)<\/li>\n<li>Sorioar\u0103 (0,01%)<\/li>\n<li>Cimbru (0,01%)<\/li>\n<li>Rozmarin (0,01%)<\/li>\n<li>Oregano (0,01%)<\/li>\n<li>Merisor (0,0008%)<\/li>\n<li>Afine (0,0008%)<\/li>\n<li>Zmeur\u0103 (0,0008%)<\/li>\n<\/ul>\n<p><strong>Compozi\u021bia analitic\u0103:<\/strong><\/p>\n<ul>\n<li>Protein\u0103 brut\u0103: 40,0%<\/li>\n<li>Gr\u0103sime: 18,0%<\/li>\n<li>Fibr\u0103 brut\u0103: 5.0%<\/li>\n<li>Cenu\u0219\u0103 brut\u0103: 7,8%<\/li>\n<li>Umiditate: 10,0%<\/li>\n<li>Calciu: 1,4%<\/li>\n<li>Fosfor: 0,1%<\/li>\n<li>Sodiu: 0,3%<\/li>\n<li>Magneziu: 0,08%<\/li>\n<\/ul>\n<p>Carnilove Duck &amp; Pheasant este o hran\u0103 formulat\u0103 pentru a se potrivi cu dieta natural\u0103 a unei pisici, oferind to\u021bi nutrien\u021bii de care au nevoie pentru a r\u0103m\u00e2ne s\u0103n\u0103to\u0219i \u0219i \u00een stare excelent\u0103.<\/p>","protected":false},"excerpt":{"rendered":"<p>Carnilove Adult Cats Hairball Control Duck and Pheasant este o hrana uscata completa pentru pisici adulte cu carne de rata si fazan, conceputa pentru indepartarea parului. \u00cembog\u0103\u021bit cu fibre naturale pentru a \u00eembun\u0103t\u0103\u021bi digestia \u0219i \u00eendep\u0103rtarea p\u0103rului, con\u021bin\u00e2nd fructe, legume \u0219i verdea\u021b\u0103 pentru a oferi vitamine \u0219i antioxidan\u021bi esen\u021biali, f\u0103r\u0103 cereale sau cartofi.<\/p>","protected":false},"featured_media":91016,"comment_status":"open","ping_status":"closed","template":"","meta":[],"product_brand":[],"product_cat":[309,193,320],"product_tag":[722,202,325],"class_list":{"0":"post-84955","1":"product","2":"type-product","3":"status-publish","4":"has-post-thumbnail","6":"product_cat-catfood","7":"product_cat-cat","8":"product_cat-catdry","9":"product_tag-carnilove","10":"product_tag-koshka","11":"product_tag-suhoj-korm","12":"pa_age-pet-vzroslyj","13":"pa_brand-arnilove","14":"pa_feed-class-super-premium","15":"pa_ingredienty-bezzernovoj","16":"pa_meat-ingredients-utka","17":"pa_meat-ingredients-fazan","18":"pa_packaging-meshok","19":"pa_pet-koshka","20":"pa_pet-feature-zdorovyj-pitomecz","21":"pa_type-feed-suhoj-korm","22":"pa_weight-6-kg","24":"first","25":"instock","26":"sale","27":"shipping-taxable","28":"product-type-simple"},"yoast_head":"<!-- This site is optimized with the Yoast SEO Premium plugin v23.7 (Yoast SEO v27.5) - https:\/\/yoast.com\/product\/yoast-seo-premium-wordpress\/ -->\n<title>Carnilove \u0431\u0435\u0437\u0437\u0435\u0440\u043d\u043e\u0432\u043e\u0439 \u0441\u0443\u0445\u043e\u0439 \u043a\u043e\u0440\u043c \u0434\u043b\u044f \u043a\u043e\u0448\u0435\u043a, \u0443\u0442\u043a\u0430 \u0438 \u0444\u0430\u0437\u0430\u043d, 6 \u043a\u0433<\/title>\n<meta name=\"description\" content=\"\u041a\u0443\u043f\u0438\u0442\u044c Carnilove \u0431\u0435\u0437\u0437\u0435\u0440\u043d\u043e\u0432\u043e\u0439 \u0441\u0443\u0445\u043e\u0439 \u043a\u043e\u0440\u043c \u0434\u043b\u044f \u043a\u043e\u0448\u0435\u043a, \u0443\u0442\u043a\u0430 \u0438 \u0444\u0430\u0437\u0430\u043d, 6 \u043a\u0433 \u0441 \u0434\u043e\u0441\u0442\u0430\u0432\u043a\u043e\u0439 \u043f\u043e \u041a\u0438\u0448\u0438\u043d\u0435\u0432\u0443 \u0438 \u0432\u0441\u0435\u0439 \u041c\u043e\u043b\u0434\u043e\u0432\u0435 \u043d\u0430 Pet24\" \/>\n<meta name=\"robots\" content=\"index, follow, max-snippet:-1, max-image-preview:large, max-video-preview:-1\" \/>\n<link rel=\"canonical\" href=\"https:\/\/pet24.md\/ro\/produs\/carnilove-bezzernovoj-suhoj-korm-dlya-koshek-utka-i-fazan-6-kg\/\" \/>\n<meta property=\"og:locale\" content=\"ro_RO\" \/>\n<meta property=\"og:type\" content=\"article\" \/>\n<meta property=\"og:title\" content=\"Carnilove \u0431\u0435\u0437\u0437\u0435\u0440\u043d\u043e\u0432\u043e\u0439 \u0441\u0443\u0445\u043e\u0439 \u043a\u043e\u0440\u043c \u0434\u043b\u044f \u043a\u043e\u0448\u0435\u043a, \u0443\u0442\u043a\u0430 \u0438 \u0444\u0430\u0437\u0430\u043d, 6 \u043a\u0433\" \/>\n<meta property=\"og:description\" content=\"\u041a\u0443\u043f\u0438\u0442\u044c Carnilove \u0431\u0435\u0437\u0437\u0435\u0440\u043d\u043e\u0432\u043e\u0439 \u0441\u0443\u0445\u043e\u0439 \u043a\u043e\u0440\u043c \u0434\u043b\u044f \u043a\u043e\u0448\u0435\u043a, \u0443\u0442\u043a\u0430 \u0438 \u0444\u0430\u0437\u0430\u043d, 6 \u043a\u0433 \u0441 \u0434\u043e\u0441\u0442\u0430\u0432\u043a\u043e\u0439 \u043f\u043e \u041a\u0438\u0448\u0438\u043d\u0435\u0432\u0443 \u0438 \u0432\u0441\u0435\u0439 \u041c\u043e\u043b\u0434\u043e\u0432\u0435 \u043d\u0430 Pet24\" \/>\n<meta property=\"og:url\" content=\"https:\/\/pet24.md\/ro\/produs\/carnilove-bezzernovoj-suhoj-korm-dlya-koshek-utka-i-fazan-6-kg\/\" \/>\n<meta property=\"og:site_name\" content=\"Pet24\" \/>\n<meta property=\"article:publisher\" content=\"https:\/\/www.facebook.com\/pet24.md\" \/>\n<meta property=\"article:modified_time\" content=\"2024-09-22T22:16:07+00:00\" \/>\n<meta property=\"og:image\" content=\"https:\/\/pet24.md\/wp-content\/uploads\/2024\/09\/carnilove-bezzernovoj-suhoj-korm-dlya-koshek-utka-i-fazan-6-kg.webp\" \/>\n\t<meta property=\"og:image:width\" content=\"500\" \/>\n\t<meta property=\"og:image:height\" content=\"500\" \/>\n\t<meta property=\"og:image:type\" content=\"image\/webp\" \/>\n<meta name=\"twitter:card\" content=\"summary_large_image\" \/>\n<script type=\"application\/ld+json\" class=\"yoast-schema-graph\">{\"@context\":\"https:\\\/\\\/schema.org\",\"@graph\":[{\"@type\":\"WebPage\",\"@id\":\"https:\\\/\\\/pet24.md\\\/product\\\/carnilove-bezzernovoj-suhoj-korm-dlya-koshek-utka-i-fazan-6-kg\\\/\",\"url\":\"https:\\\/\\\/pet24.md\\\/product\\\/carnilove-bezzernovoj-suhoj-korm-dlya-koshek-utka-i-fazan-6-kg\\\/\",\"name\":\"Carnilove \u0431\u0435\u0437\u0437\u0435\u0440\u043d\u043e\u0432\u043e\u0439 \u0441\u0443\u0445\u043e\u0439 \u043a\u043e\u0440\u043c \u0434\u043b\u044f \u043a\u043e\u0448\u0435\u043a, \u0443\u0442\u043a\u0430 \u0438 \u0444\u0430\u0437\u0430\u043d, 6 \u043a\u0433\",\"isPartOf\":{\"@id\":\"https:\\\/\\\/pet24.md\\\/#website\"},\"primaryImageOfPage\":{\"@id\":\"https:\\\/\\\/pet24.md\\\/product\\\/carnilove-bezzernovoj-suhoj-korm-dlya-koshek-utka-i-fazan-6-kg\\\/#primaryimage\"},\"image\":{\"@id\":\"https:\\\/\\\/pet24.md\\\/product\\\/carnilove-bezzernovoj-suhoj-korm-dlya-koshek-utka-i-fazan-6-kg\\\/#primaryimage\"},\"thumbnailUrl\":\"https:\\\/\\\/pet24.md\\\/wp-content\\\/uploads\\\/2024\\\/09\\\/carnilove-bezzernovoj-suhoj-korm-dlya-koshek-utka-i-fazan-6-kg.webp\",\"datePublished\":\"2024-07-31T03:10:39+00:00\",\"dateModified\":\"2024-09-22T22:16:07+00:00\",\"description\":\"\u041a\u0443\u043f\u0438\u0442\u044c Carnilove \u0431\u0435\u0437\u0437\u0435\u0440\u043d\u043e\u0432\u043e\u0439 \u0441\u0443\u0445\u043e\u0439 \u043a\u043e\u0440\u043c \u0434\u043b\u044f \u043a\u043e\u0448\u0435\u043a, \u0443\u0442\u043a\u0430 \u0438 \u0444\u0430\u0437\u0430\u043d, 6 \u043a\u0433 \u0441 \u0434\u043e\u0441\u0442\u0430\u0432\u043a\u043e\u0439 \u043f\u043e \u041a\u0438\u0448\u0438\u043d\u0435\u0432\u0443 \u0438 \u0432\u0441\u0435\u0439 \u041c\u043e\u043b\u0434\u043e\u0432\u0435 \u043d\u0430 Pet24\",\"breadcrumb\":{\"@id\":\"https:\\\/\\\/pet24.md\\\/product\\\/carnilove-bezzernovoj-suhoj-korm-dlya-koshek-utka-i-fazan-6-kg\\\/#breadcrumb\"},\"inLanguage\":\"ro-RO\",\"potentialAction\":[{\"@type\":\"ReadAction\",\"target\":[\"https:\\\/\\\/pet24.md\\\/product\\\/carnilove-bezzernovoj-suhoj-korm-dlya-koshek-utka-i-fazan-6-kg\\\/\"]}]},{\"@type\":\"ImageObject\",\"inLanguage\":\"ro-RO\",\"@id\":\"https:\\\/\\\/pet24.md\\\/product\\\/carnilove-bezzernovoj-suhoj-korm-dlya-koshek-utka-i-fazan-6-kg\\\/#primaryimage\",\"url\":\"https:\\\/\\\/pet24.md\\\/wp-content\\\/uploads\\\/2024\\\/09\\\/carnilove-bezzernovoj-suhoj-korm-dlya-koshek-utka-i-fazan-6-kg.webp\",\"contentUrl\":\"https:\\\/\\\/pet24.md\\\/wp-content\\\/uploads\\\/2024\\\/09\\\/carnilove-bezzernovoj-suhoj-korm-dlya-koshek-utka-i-fazan-6-kg.webp\",\"width\":500,\"height\":500,\"caption\":\"Carnilove \u0431\u0435\u0437\u0437\u0435\u0440\u043d\u043e\u0432\u043e\u0439 \u0441\u0443\u0445\u043e\u0439 \u043a\u043e\u0440\u043c \u0434\u043b\u044f \u043a\u043e\u0448\u0435\u043a\"},{\"@type\":\"BreadcrumbList\",\"@id\":\"https:\\\/\\\/pet24.md\\\/product\\\/carnilove-bezzernovoj-suhoj-korm-dlya-koshek-utka-i-fazan-6-kg\\\/#breadcrumb\",\"itemListElement\":[{\"@type\":\"ListItem\",\"position\":1,\"name\":\"\u0413\u043b\u0430\u0432\u043d\u0430\u044f \u0441\u0442\u0440\u0430\u043d\u0438\u0446\u0430\",\"item\":\"https:\\\/\\\/pet24.md\\\/\"},{\"@type\":\"ListItem\",\"position\":2,\"name\":\"\u041c\u0430\u0433\u0430\u0437\u0438\u043d\",\"item\":\"https:\\\/\\\/pet24.md\\\/shop\\\/\"},{\"@type\":\"ListItem\",\"position\":3,\"name\":\"Carnilove \u0431\u0435\u0437\u0437\u0435\u0440\u043d\u043e\u0432\u043e\u0439 \u0441\u0443\u0445\u043e\u0439 \u043a\u043e\u0440\u043c \u0434\u043b\u044f \u043a\u043e\u0448\u0435\u043a, \u0443\u0442\u043a\u0430 \u0438 \u0444\u0430\u0437\u0430\u043d, 6 \u043a\u0433\"}]},{\"@type\":\"WebSite\",\"@id\":\"https:\\\/\\\/pet24.md\\\/#website\",\"url\":\"https:\\\/\\\/pet24.md\\\/\",\"name\":\"Pet24\",\"description\":\"\u0417\u043e\u043e\u043c\u0430\u0433\u0430\u0437\u0438\u043d \u0442\u043e\u0432\u0430\u0440\u043e\u0432 \u0434\u043b\u044f \u0434\u043e\u043c\u0430\u0448\u043d\u0438\u0445 \u043f\u0438\u0442\u043e\u043c\u0446\u0435\u0432\",\"publisher\":{\"@id\":\"https:\\\/\\\/pet24.md\\\/#organization\"},\"potentialAction\":[{\"@type\":\"SearchAction\",\"target\":{\"@type\":\"EntryPoint\",\"urlTemplate\":\"https:\\\/\\\/pet24.md\\\/?s={search_term_string}\"},\"query-input\":{\"@type\":\"PropertyValueSpecification\",\"valueRequired\":true,\"valueName\":\"search_term_string\"}}],\"inLanguage\":\"ro-RO\"},{\"@type\":\"Organization\",\"@id\":\"https:\\\/\\\/pet24.md\\\/#organization\",\"name\":\"Pet24\",\"url\":\"https:\\\/\\\/pet24.md\\\/\",\"logo\":{\"@type\":\"ImageObject\",\"inLanguage\":\"ro-RO\",\"@id\":\"https:\\\/\\\/pet24.md\\\/#\\\/schema\\\/logo\\\/image\\\/\",\"url\":\"https:\\\/\\\/pet24.md\\\/wp-content\\\/uploads\\\/2024\\\/09\\\/logo.svg\",\"contentUrl\":\"https:\\\/\\\/pet24.md\\\/wp-content\\\/uploads\\\/2024\\\/09\\\/logo.svg\",\"width\":215,\"height\":66,\"caption\":\"Pet24\"},\"image\":{\"@id\":\"https:\\\/\\\/pet24.md\\\/#\\\/schema\\\/logo\\\/image\\\/\"},\"sameAs\":[\"https:\\\/\\\/www.facebook.com\\\/pet24.md\",\"https:\\\/\\\/www.instagram.com\\\/pet24.md\\\/\"],\"telephone\":\"+37360508880\"}]}<\/script>\n<!-- \/ Yoast SEO Premium plugin. -->","yoast_head_json":{"title":"Hrana uscata pentru pisici, fara cereale Carnilove, rata si fazan, 6 kg","description":"\u041a\u0443\u043f\u0438\u0442\u044c Carnilove \u0431\u0435\u0437\u0437\u0435\u0440\u043d\u043e\u0432\u043e\u0439 \u0441\u0443\u0445\u043e\u0439 \u043a\u043e\u0440\u043c \u0434\u043b\u044f \u043a\u043e\u0448\u0435\u043a, \u0443\u0442\u043a\u0430 \u0438 \u0444\u0430\u0437\u0430\u043d, 6 \u043a\u0433 \u0441 \u0434\u043e\u0441\u0442\u0430\u0432\u043a\u043e\u0439 \u043f\u043e \u041a\u0438\u0448\u0438\u043d\u0435\u0432\u0443 \u0438 \u0432\u0441\u0435\u0439 \u041c\u043e\u043b\u0434\u043e\u0432\u0435 \u043d\u0430 Pet24","robots":{"index":"index","follow":"follow","max-snippet":"max-snippet:-1","max-image-preview":"max-image-preview:large","max-video-preview":"max-video-preview:-1"},"canonical":"https:\/\/pet24.md\/ro\/produs\/carnilove-bezzernovoj-suhoj-korm-dlya-koshek-utka-i-fazan-6-kg\/","og_locale":"ro_RO","og_type":"article","og_title":"Carnilove \u0431\u0435\u0437\u0437\u0435\u0440\u043d\u043e\u0432\u043e\u0439 \u0441\u0443\u0445\u043e\u0439 \u043a\u043e\u0440\u043c \u0434\u043b\u044f \u043a\u043e\u0448\u0435\u043a, \u0443\u0442\u043a\u0430 \u0438 \u0444\u0430\u0437\u0430\u043d, 6 \u043a\u0433","og_description":"\u041a\u0443\u043f\u0438\u0442\u044c Carnilove \u0431\u0435\u0437\u0437\u0435\u0440\u043d\u043e\u0432\u043e\u0439 \u0441\u0443\u0445\u043e\u0439 \u043a\u043e\u0440\u043c \u0434\u043b\u044f \u043a\u043e\u0448\u0435\u043a, \u0443\u0442\u043a\u0430 \u0438 \u0444\u0430\u0437\u0430\u043d, 6 \u043a\u0433 \u0441 \u0434\u043e\u0441\u0442\u0430\u0432\u043a\u043e\u0439 \u043f\u043e \u041a\u0438\u0448\u0438\u043d\u0435\u0432\u0443 \u0438 \u0432\u0441\u0435\u0439 \u041c\u043e\u043b\u0434\u043e\u0432\u0435 \u043d\u0430 Pet24","og_url":"https:\/\/pet24.md\/ro\/produs\/carnilove-bezzernovoj-suhoj-korm-dlya-koshek-utka-i-fazan-6-kg\/","og_site_name":"Pet24","article_publisher":"https:\/\/www.facebook.com\/pet24.md","article_modified_time":"2024-09-22T22:16:07+00:00","og_image":[{"width":500,"height":500,"url":"https:\/\/pet24.md\/wp-content\/uploads\/2024\/09\/carnilove-bezzernovoj-suhoj-korm-dlya-koshek-utka-i-fazan-6-kg.webp","type":"image\/webp"}],"twitter_card":"summary_large_image","schema":{"@context":"https:\/\/schema.org","@graph":[{"@type":"WebPage","@id":"https:\/\/pet24.md\/product\/carnilove-bezzernovoj-suhoj-korm-dlya-koshek-utka-i-fazan-6-kg\/","url":"https:\/\/pet24.md\/product\/carnilove-bezzernovoj-suhoj-korm-dlya-koshek-utka-i-fazan-6-kg\/","name":"Hrana uscata pentru pisici, fara cereale Carnilove, rata si fazan, 6 kg","isPartOf":{"@id":"https:\/\/pet24.md\/#website"},"primaryImageOfPage":{"@id":"https:\/\/pet24.md\/product\/carnilove-bezzernovoj-suhoj-korm-dlya-koshek-utka-i-fazan-6-kg\/#primaryimage"},"image":{"@id":"https:\/\/pet24.md\/product\/carnilove-bezzernovoj-suhoj-korm-dlya-koshek-utka-i-fazan-6-kg\/#primaryimage"},"thumbnailUrl":"https:\/\/pet24.md\/wp-content\/uploads\/2024\/09\/carnilove-bezzernovoj-suhoj-korm-dlya-koshek-utka-i-fazan-6-kg.webp","datePublished":"2024-07-31T03:10:39+00:00","dateModified":"2024-09-22T22:16:07+00:00","description":"\u041a\u0443\u043f\u0438\u0442\u044c Carnilove \u0431\u0435\u0437\u0437\u0435\u0440\u043d\u043e\u0432\u043e\u0439 \u0441\u0443\u0445\u043e\u0439 \u043a\u043e\u0440\u043c \u0434\u043b\u044f \u043a\u043e\u0448\u0435\u043a, \u0443\u0442\u043a\u0430 \u0438 \u0444\u0430\u0437\u0430\u043d, 6 \u043a\u0433 \u0441 \u0434\u043e\u0441\u0442\u0430\u0432\u043a\u043e\u0439 \u043f\u043e \u041a\u0438\u0448\u0438\u043d\u0435\u0432\u0443 \u0438 \u0432\u0441\u0435\u0439 \u041c\u043e\u043b\u0434\u043e\u0432\u0435 \u043d\u0430 Pet24","breadcrumb":{"@id":"https:\/\/pet24.md\/product\/carnilove-bezzernovoj-suhoj-korm-dlya-koshek-utka-i-fazan-6-kg\/#breadcrumb"},"inLanguage":"ro-RO","potentialAction":[{"@type":"ReadAction","target":["https:\/\/pet24.md\/product\/carnilove-bezzernovoj-suhoj-korm-dlya-koshek-utka-i-fazan-6-kg\/"]}]},{"@type":"ImageObject","inLanguage":"ro-RO","@id":"https:\/\/pet24.md\/product\/carnilove-bezzernovoj-suhoj-korm-dlya-koshek-utka-i-fazan-6-kg\/#primaryimage","url":"https:\/\/pet24.md\/wp-content\/uploads\/2024\/09\/carnilove-bezzernovoj-suhoj-korm-dlya-koshek-utka-i-fazan-6-kg.webp","contentUrl":"https:\/\/pet24.md\/wp-content\/uploads\/2024\/09\/carnilove-bezzernovoj-suhoj-korm-dlya-koshek-utka-i-fazan-6-kg.webp","width":500,"height":500,"caption":"Carnilove \u0431\u0435\u0437\u0437\u0435\u0440\u043d\u043e\u0432\u043e\u0439 \u0441\u0443\u0445\u043e\u0439 \u043a\u043e\u0440\u043c \u0434\u043b\u044f \u043a\u043e\u0448\u0435\u043a"},{"@type":"BreadcrumbList","@id":"https:\/\/pet24.md\/product\/carnilove-bezzernovoj-suhoj-korm-dlya-koshek-utka-i-fazan-6-kg\/#breadcrumb","itemListElement":[{"@type":"ListItem","position":1,"name":"\u0413\u043b\u0430\u0432\u043d\u0430\u044f \u0441\u0442\u0440\u0430\u043d\u0438\u0446\u0430","item":"https:\/\/pet24.md\/"},{"@type":"ListItem","position":2,"name":"\u041c\u0430\u0433\u0430\u0437\u0438\u043d","item":"https:\/\/pet24.md\/shop\/"},{"@type":"ListItem","position":3,"name":"Carnilove \u0431\u0435\u0437\u0437\u0435\u0440\u043d\u043e\u0432\u043e\u0439 \u0441\u0443\u0445\u043e\u0439 \u043a\u043e\u0440\u043c \u0434\u043b\u044f \u043a\u043e\u0448\u0435\u043a, \u0443\u0442\u043a\u0430 \u0438 \u0444\u0430\u0437\u0430\u043d, 6 \u043a\u0433"}]},{"@type":"WebSite","@id":"https:\/\/pet24.md\/#website","url":"https:\/\/pet24.md\/","name":"Pet24","description":"Magazin de animale de companie","publisher":{"@id":"https:\/\/pet24.md\/#organization"},"potentialAction":[{"@type":"SearchAction","target":{"@type":"EntryPoint","urlTemplate":"https:\/\/pet24.md\/?s={search_term_string}"},"query-input":{"@type":"PropertyValueSpecification","valueRequired":true,"valueName":"search_term_string"}}],"inLanguage":"ro-RO"},{"@type":"Organization","@id":"https:\/\/pet24.md\/#organization","name":"Pet24","url":"https:\/\/pet24.md\/","logo":{"@type":"ImageObject","inLanguage":"ro-RO","@id":"https:\/\/pet24.md\/#\/schema\/logo\/image\/","url":"https:\/\/pet24.md\/wp-content\/uploads\/2024\/09\/logo.svg","contentUrl":"https:\/\/pet24.md\/wp-content\/uploads\/2024\/09\/logo.svg","width":215,"height":66,"caption":"Pet24"},"image":{"@id":"https:\/\/pet24.md\/#\/schema\/logo\/image\/"},"sameAs":["https:\/\/www.facebook.com\/pet24.md","https:\/\/www.instagram.com\/pet24.md\/"],"telephone":"+37360508880"}]}},"_links":{"self":[{"href":"https:\/\/pet24.md\/ro\/wp-json\/wp\/v2\/product\/84955","targetHints":{"allow":["GET"]}}],"collection":[{"href":"https:\/\/pet24.md\/ro\/wp-json\/wp\/v2\/product"}],"about":[{"href":"https:\/\/pet24.md\/ro\/wp-json\/wp\/v2\/types\/product"}],"replies":[{"embeddable":true,"href":"https:\/\/pet24.md\/ro\/wp-json\/wp\/v2\/comments?post=84955"}],"wp:featuredmedia":[{"embeddable":true,"href":"https:\/\/pet24.md\/ro\/wp-json\/wp\/v2\/media\/91016"}],"wp:attachment":[{"href":"https:\/\/pet24.md\/ro\/wp-json\/wp\/v2\/media?parent=84955"}],"wp:term":[{"taxonomy":"product_brand","embeddable":true,"href":"https:\/\/pet24.md\/ro\/wp-json\/wp\/v2\/product_brand?post=84955"},{"taxonomy":"product_cat","embeddable":true,"href":"https:\/\/pet24.md\/ro\/wp-json\/wp\/v2\/product_cat?post=84955"},{"taxonomy":"product_tag","embeddable":true,"href":"https:\/\/pet24.md\/ro\/wp-json\/wp\/v2\/product_tag?post=84955"}],"curies":[{"name":"wp","href":"https:\/\/api.w.org\/{rel}","templated":true}]}}