{"id":84962,"date":"2024-07-31T03:22:43","date_gmt":"2024-07-31T03:22:43","guid":{"rendered":"https:\/\/pet24.md\/?post_type=product&#038;p=84962"},"modified":"2024-09-22T22:16:08","modified_gmt":"2024-09-22T22:16:08","slug":"carnilove-bezzernovoj-suhoj-korm-dlya-koshek-yagnenok-i-dikij-kaban-6-kg","status":"publish","type":"product","link":"https:\/\/pet24.md\/ro\/produs\/carnilove-bezzernovoj-suhoj-korm-dlya-koshek-yagnenok-i-dikij-kaban-6-kg\/","title":{"rendered":"Hrana uscata fara cereale Carnilove, miel si mistret, 6 kg"},"content":{"rendered":"<h3>Hrana pentru pisici \u2013 Carnilove Miel &amp; Mistret Pentru Pisici Sterilizate<\/h3>\n<p><strong>Hran\u0103 uscat\u0103 complet\u0103, echilibrat\u0103, f\u0103r\u0103 cereale, pentru pisici castrate \u0219i sterilizate.<\/strong><\/p>\n<p><strong>Principalele avantaje:<\/strong><\/p>\n<ul>\n<li><strong>Nutri\u021bie natural\u0103:<\/strong> Hrana este creat\u0103 \u021bin\u00e2nd cont de toate nevoile alimentare naturale ale pisicilor.<\/li>\n<li><strong>Microelemente utile:<\/strong> Mielul este o surs\u0103 de seleniu, fier, zinc, precum \u0219i de vitamine B \u0219i gr\u0103simi polinesaturate.<\/li>\n<li><strong>Proteine \u0219i gr\u0103simi sc\u0103zute:<\/strong> Carnea de mistret este bogat\u0103 \u00een proteine \u0219i s\u0103rac\u0103 \u00een gr\u0103simi, ceea ce ajut\u0103 la men\u021binerea s\u0103n\u0103t\u0103\u021bii \u0219i nu cre\u0219te nivelul de colesterol.<\/li>\n<li><strong>Indicele glicemic sc\u0103zut:<\/strong> \u00cen loc de cartofi, se folosesc ingrediente cu glicemie sc\u0103zut\u0103, cum ar fi maz\u0103rea galben\u0103 \u0219i tapioca.<\/li>\n<li><strong>Omega-3 \u0219i Omega-6:<\/strong> Acizii gra\u0219i din uleiul de somon asigur\u0103 activitatea creierului, starea bun\u0103 a sistemului nervos, a pielii \u0219i a blanii.<\/li>\n<li><strong>Suplimente utile:<\/strong> Fructele \u0219i plantele s\u0103lbatice ofer\u0103 vitamine \u0219i antioxidan\u021bi esen\u021biali pentru a sus\u021bine sistemul imunitar.<\/li>\n<li><strong>Suport digestiv:<\/strong> MOS \u0219i FOS sus\u021bin s\u0103n\u0103tatea tractului digestiv \u0219i \u00eembun\u0103t\u0103\u021besc microflora intestinal\u0103.<\/li>\n<\/ul>\n<p><strong>Compus:<\/strong><\/p>\n<ul>\n<li>F\u0103in\u0103 de mistre\u021b (35%)<\/li>\n<li>F\u0103in\u0103 de miel \u00een aer liber (24%)<\/li>\n<li>Maz\u0103re galben\u0103 (19%)<\/li>\n<li>Gr\u0103sime de pui (conservat\u0103 cu tocoferoli, 4%)<\/li>\n<li>Mere (4%)<\/li>\n<li>Ficat de pui (3%)<\/li>\n<li>Amidon de tapioca (3%)<\/li>\n<li>Ulei de pe\u0219te de somon (2%)<\/li>\n<li>Morcov (1%)<\/li>\n<li>Seminte de in (1%)<\/li>\n<li>Naut (1%)<\/li>\n<li>Coji de crustacee hidrolizate (surs\u0103 de glucozamin\u0103, 0,026%)<\/li>\n<li>Extract de cartilaj (surs\u0103 de condroitin\u0103, 0,016%)<\/li>\n<li>Drojdie de bere (surs\u0103 de mananoligozaharide, 0,016%)<\/li>\n<li>R\u0103d\u0103cin\u0103 de cicoare (surs\u0103 de fructo-oligozaharide, 0,012%)<\/li>\n<li>Yucca Schidigera (0,01%)<\/li>\n<li>Alge (0,01%)<\/li>\n<li>Patlagin\u0103 (0,01%)<\/li>\n<li>Cimbru (0,01%)<\/li>\n<li>Rozmarin (0,01%)<\/li>\n<li>Oregano (0,01%)<\/li>\n<li>Merisor (0,0008%)<\/li>\n<li>Afine (0,0008%)<\/li>\n<li>Zmeur\u0103 (0,0008%)<\/li>\n<\/ul>\n<p><strong>Suplimente nutritive (la 1 kg):<\/strong><\/p>\n<ul>\n<li>Vitamina A \u2013 23.000 UI<\/li>\n<li>Vitamina D3 \u2013 940 UI<\/li>\n<li>Vitamina E \u2013 650 UI<\/li>\n<li>Vitamina C \u2013 300 mg<\/li>\n<li>Taurin\u0103 - 2.400 mg<\/li>\n<li>Clorura de colina \u2013 2.200 mg<\/li>\n<li>L-carnitin\u0103 \u2013 65 mg<\/li>\n<li>Niacin\u0103 - 45 mg<\/li>\n<li>Biotin\u0103 - 1,8 mg<\/li>\n<li>zinc - 150 mg<\/li>\n<li>Mangan - 55 mg<\/li>\n<li>Fier - 48 mg<\/li>\n<li>Cupru - 11 mg<\/li>\n<li>Iod - 3,8 mg<\/li>\n<li>Seleniu - 0,23 mg<\/li>\n<li>DL-metionin\u0103 \u2013 14 mg<\/li>\n<li>Arginin\u0103 \u2013 12 mg<\/li>\n<li>L-lizin\u0103 - 10 mg<\/li>\n<\/ul>\n<p><strong>Compozi\u021bia analitic\u0103:<\/strong><\/p>\n<ul>\n<li>Protein\u0103 brut\u0103 - 39,0%<\/li>\n<li>Gr\u0103sime brut\u0103 - 14,0%<\/li>\n<li>Fibr\u0103 brut\u0103 - 4.0%<\/li>\n<li>Cenu\u0219\u0103 brut\u0103 - 7,8%<\/li>\n<li>Umiditate - 10,0%<\/li>\n<li>Calciu - 0,8%<\/li>\n<li>Fosfor - 0,7%<\/li>\n<li>Sodiu - 0,9%<\/li>\n<li>Magneziu - 0,04%<\/li>\n<li>Omega-3 - 0,25%<\/li>\n<li>Omega-6 - 2.30%<\/li>\n<\/ul>\n<p><strong>Valoare energetica:<\/strong> 3.690 Kcal\/kg<\/p>\n<p><strong>Dieta zilnic\u0103 recomandat\u0103:<\/strong><\/p>\n<table>\n<thead>\n<tr>\n<th>Greutatea pisicii<\/th>\n<th>Cantitatea de furaj pe zi<\/th>\n<\/tr>\n<\/thead>\n<tbody>\n<tr>\n<td>2-3 kg<\/td>\n<td>40-55 g<\/td>\n<\/tr>\n<tr>\n<td>3-5 kg<\/td>\n<td>55-70 g<\/td>\n<\/tr>\n<tr>\n<td>5-7 kg<\/td>\n<td>75-85 g<\/td>\n<\/tr>\n<tr>\n<td>7-9 kg<\/td>\n<td>85-105 g<\/td>\n<\/tr>\n<\/tbody>\n<\/table>\n<p><strong>Depozitare:<\/strong> A se p\u0103stra la temperaturi de la 0 la +25\u00b0C \u0219i umiditate relativ\u0103 care nu dep\u0103\u0219e\u0219te 80%. Dup\u0103 deschidere, punga cu alimente trebuie s\u0103 fie bine \u00eenchis\u0103.<\/p>","protected":false},"excerpt":{"rendered":"<p>Carnilove Lamb &amp; Wild Boar pentru pisici sterilizate este o hran\u0103 uscat\u0103 complet\u0103, f\u0103r\u0103 cereale, pentru pisicile sterilizate \u0219i sterilizate. Con\u021binutul ridicat de proteine al mielului \u0219i mistretului sus\u021bine s\u0103n\u0103tatea, \u00een timp ce nivelul sc\u0103zut de gr\u0103simi ajut\u0103 la controlul greut\u0103\u021bii. Acizii gra\u0219i Omega-3 \u0219i Omega-6 din uleiul de somon \u00eembun\u0103t\u0103\u021besc starea pielii \u0219i a blanii.<\/p>","protected":false},"featured_media":91018,"comment_status":"open","ping_status":"closed","template":"","meta":[],"product_brand":[],"product_cat":[309,193,320],"product_tag":[722,202,325],"class_list":{"0":"post-84962","1":"product","2":"type-product","3":"status-publish","4":"has-post-thumbnail","6":"product_cat-catfood","7":"product_cat-cat","8":"product_cat-catdry","9":"product_tag-carnilove","10":"product_tag-koshka","11":"product_tag-suhoj-korm","12":"pa_age-pet-vzroslyj","13":"pa_brand-arnilove","14":"pa_feed-class-super-premium","15":"pa_ingredienty-bezzernovoj","16":"pa_meat-ingredients-dikij-kaban","17":"pa_meat-ingredients-yagnyonok","18":"pa_packaging-meshok","19":"pa_pet-koshka","20":"pa_pet-feature-zdorovyj-pitomecz","21":"pa_type-feed-suhoj-korm","22":"pa_weight-6-kg","24":"first","25":"instock","26":"sale","27":"shipping-taxable","28":"product-type-simple"},"yoast_head":"<!-- This site is optimized with the Yoast SEO Premium plugin v23.7 (Yoast SEO v27.5) - https:\/\/yoast.com\/product\/yoast-seo-premium-wordpress\/ -->\n<title>Carnilove \u0431\u0435\u0437\u0437\u0435\u0440\u043d\u043e\u0432\u043e\u0439 \u0441\u0443\u0445\u043e\u0439 \u043a\u043e\u0440\u043c \u0434\u043b\u044f \u043a\u043e\u0448\u0435\u043a, \u044f\u0433\u043d\u0435\u043d\u043e\u043a \u0438 \u0434\u0438\u043a\u0438\u0439 \u043a\u0430\u0431\u0430\u043d, 6 \u043a\u0433<\/title>\n<meta name=\"description\" content=\"\u041a\u0443\u043f\u0438\u0442\u044c Carnilove \u0431\u0435\u0437\u0437\u0435\u0440\u043d\u043e\u0432\u043e\u0439 \u0441\u0443\u0445\u043e\u0439 \u043a\u043e\u0440\u043c \u0434\u043b\u044f \u043a\u043e\u0448\u0435\u043a, \u044f\u0433\u043d\u0435\u043d\u043e\u043a \u0438 \u0434\u0438\u043a\u0438\u0439 \u043a\u0430\u0431\u0430\u043d, 6 \u043a\u0433 \u0441 \u0434\u043e\u0441\u0442\u0430\u0432\u043a\u043e\u0439 \u043f\u043e \u041a\u0438\u0448\u0438\u043d\u0435\u0432\u0443 \u0438 \u0432\u0441\u0435\u0439 \u041c\u043e\u043b\u0434\u043e\u0432\u0435 \u043d\u0430 Pet24\" \/>\n<meta name=\"robots\" content=\"index, follow, max-snippet:-1, max-image-preview:large, max-video-preview:-1\" \/>\n<link rel=\"canonical\" href=\"https:\/\/pet24.md\/ro\/produs\/carnilove-bezzernovoj-suhoj-korm-dlya-koshek-yagnenok-i-dikij-kaban-6-kg\/\" \/>\n<meta property=\"og:locale\" content=\"ro_RO\" \/>\n<meta property=\"og:type\" content=\"article\" \/>\n<meta property=\"og:title\" content=\"Carnilove \u0431\u0435\u0437\u0437\u0435\u0440\u043d\u043e\u0432\u043e\u0439 \u0441\u0443\u0445\u043e\u0439 \u043a\u043e\u0440\u043c \u0434\u043b\u044f \u043a\u043e\u0448\u0435\u043a, \u044f\u0433\u043d\u0435\u043d\u043e\u043a \u0438 \u0434\u0438\u043a\u0438\u0439 \u043a\u0430\u0431\u0430\u043d, 6 \u043a\u0433\" \/>\n<meta property=\"og:description\" content=\"\u041a\u0443\u043f\u0438\u0442\u044c Carnilove \u0431\u0435\u0437\u0437\u0435\u0440\u043d\u043e\u0432\u043e\u0439 \u0441\u0443\u0445\u043e\u0439 \u043a\u043e\u0440\u043c \u0434\u043b\u044f \u043a\u043e\u0448\u0435\u043a, \u044f\u0433\u043d\u0435\u043d\u043e\u043a \u0438 \u0434\u0438\u043a\u0438\u0439 \u043a\u0430\u0431\u0430\u043d, 6 \u043a\u0433 \u0441 \u0434\u043e\u0441\u0442\u0430\u0432\u043a\u043e\u0439 \u043f\u043e \u041a\u0438\u0448\u0438\u043d\u0435\u0432\u0443 \u0438 \u0432\u0441\u0435\u0439 \u041c\u043e\u043b\u0434\u043e\u0432\u0435 \u043d\u0430 Pet24\" \/>\n<meta property=\"og:url\" content=\"https:\/\/pet24.md\/ro\/produs\/carnilove-bezzernovoj-suhoj-korm-dlya-koshek-yagnenok-i-dikij-kaban-6-kg\/\" \/>\n<meta property=\"og:site_name\" content=\"Pet24\" \/>\n<meta property=\"article:publisher\" content=\"https:\/\/www.facebook.com\/pet24.md\" \/>\n<meta property=\"article:modified_time\" content=\"2024-09-22T22:16:08+00:00\" \/>\n<meta property=\"og:image\" content=\"https:\/\/pet24.md\/wp-content\/uploads\/2024\/09\/carnilove-bezzernovoj-suhoj-korm-dlya-koshek-yagnenok-i-dikij-kaban-6-kg.webp\" \/>\n\t<meta property=\"og:image:width\" content=\"500\" \/>\n\t<meta property=\"og:image:height\" content=\"500\" \/>\n\t<meta property=\"og:image:type\" content=\"image\/webp\" \/>\n<meta name=\"twitter:card\" content=\"summary_large_image\" \/>\n<script type=\"application\/ld+json\" class=\"yoast-schema-graph\">{\"@context\":\"https:\\\/\\\/schema.org\",\"@graph\":[{\"@type\":\"WebPage\",\"@id\":\"https:\\\/\\\/pet24.md\\\/product\\\/carnilove-bezzernovoj-suhoj-korm-dlya-koshek-yagnenok-i-dikij-kaban-6-kg\\\/\",\"url\":\"https:\\\/\\\/pet24.md\\\/product\\\/carnilove-bezzernovoj-suhoj-korm-dlya-koshek-yagnenok-i-dikij-kaban-6-kg\\\/\",\"name\":\"Carnilove \u0431\u0435\u0437\u0437\u0435\u0440\u043d\u043e\u0432\u043e\u0439 \u0441\u0443\u0445\u043e\u0439 \u043a\u043e\u0440\u043c \u0434\u043b\u044f \u043a\u043e\u0448\u0435\u043a, \u044f\u0433\u043d\u0435\u043d\u043e\u043a \u0438 \u0434\u0438\u043a\u0438\u0439 \u043a\u0430\u0431\u0430\u043d, 6 \u043a\u0433\",\"isPartOf\":{\"@id\":\"https:\\\/\\\/pet24.md\\\/#website\"},\"primaryImageOfPage\":{\"@id\":\"https:\\\/\\\/pet24.md\\\/product\\\/carnilove-bezzernovoj-suhoj-korm-dlya-koshek-yagnenok-i-dikij-kaban-6-kg\\\/#primaryimage\"},\"image\":{\"@id\":\"https:\\\/\\\/pet24.md\\\/product\\\/carnilove-bezzernovoj-suhoj-korm-dlya-koshek-yagnenok-i-dikij-kaban-6-kg\\\/#primaryimage\"},\"thumbnailUrl\":\"https:\\\/\\\/pet24.md\\\/wp-content\\\/uploads\\\/2024\\\/09\\\/carnilove-bezzernovoj-suhoj-korm-dlya-koshek-yagnenok-i-dikij-kaban-6-kg.webp\",\"datePublished\":\"2024-07-31T03:22:43+00:00\",\"dateModified\":\"2024-09-22T22:16:08+00:00\",\"description\":\"\u041a\u0443\u043f\u0438\u0442\u044c Carnilove \u0431\u0435\u0437\u0437\u0435\u0440\u043d\u043e\u0432\u043e\u0439 \u0441\u0443\u0445\u043e\u0439 \u043a\u043e\u0440\u043c \u0434\u043b\u044f \u043a\u043e\u0448\u0435\u043a, \u044f\u0433\u043d\u0435\u043d\u043e\u043a \u0438 \u0434\u0438\u043a\u0438\u0439 \u043a\u0430\u0431\u0430\u043d, 6 \u043a\u0433 \u0441 \u0434\u043e\u0441\u0442\u0430\u0432\u043a\u043e\u0439 \u043f\u043e \u041a\u0438\u0448\u0438\u043d\u0435\u0432\u0443 \u0438 \u0432\u0441\u0435\u0439 \u041c\u043e\u043b\u0434\u043e\u0432\u0435 \u043d\u0430 Pet24\",\"breadcrumb\":{\"@id\":\"https:\\\/\\\/pet24.md\\\/product\\\/carnilove-bezzernovoj-suhoj-korm-dlya-koshek-yagnenok-i-dikij-kaban-6-kg\\\/#breadcrumb\"},\"inLanguage\":\"ro-RO\",\"potentialAction\":[{\"@type\":\"ReadAction\",\"target\":[\"https:\\\/\\\/pet24.md\\\/product\\\/carnilove-bezzernovoj-suhoj-korm-dlya-koshek-yagnenok-i-dikij-kaban-6-kg\\\/\"]}]},{\"@type\":\"ImageObject\",\"inLanguage\":\"ro-RO\",\"@id\":\"https:\\\/\\\/pet24.md\\\/product\\\/carnilove-bezzernovoj-suhoj-korm-dlya-koshek-yagnenok-i-dikij-kaban-6-kg\\\/#primaryimage\",\"url\":\"https:\\\/\\\/pet24.md\\\/wp-content\\\/uploads\\\/2024\\\/09\\\/carnilove-bezzernovoj-suhoj-korm-dlya-koshek-yagnenok-i-dikij-kaban-6-kg.webp\",\"contentUrl\":\"https:\\\/\\\/pet24.md\\\/wp-content\\\/uploads\\\/2024\\\/09\\\/carnilove-bezzernovoj-suhoj-korm-dlya-koshek-yagnenok-i-dikij-kaban-6-kg.webp\",\"width\":500,\"height\":500,\"caption\":\"Carnilove \u0431\u0435\u0437\u0437\u0435\u0440\u043d\u043e\u0432\u043e\u0439 \u0441\u0443\u0445\u043e\u0439 \u043a\u043e\u0440\u043c \u0434\u043b\u044f \u043a\u043e\u0448\u0435\u043a\"},{\"@type\":\"BreadcrumbList\",\"@id\":\"https:\\\/\\\/pet24.md\\\/product\\\/carnilove-bezzernovoj-suhoj-korm-dlya-koshek-yagnenok-i-dikij-kaban-6-kg\\\/#breadcrumb\",\"itemListElement\":[{\"@type\":\"ListItem\",\"position\":1,\"name\":\"\u0413\u043b\u0430\u0432\u043d\u0430\u044f \u0441\u0442\u0440\u0430\u043d\u0438\u0446\u0430\",\"item\":\"https:\\\/\\\/pet24.md\\\/\"},{\"@type\":\"ListItem\",\"position\":2,\"name\":\"\u041c\u0430\u0433\u0430\u0437\u0438\u043d\",\"item\":\"https:\\\/\\\/pet24.md\\\/shop\\\/\"},{\"@type\":\"ListItem\",\"position\":3,\"name\":\"Carnilove \u0431\u0435\u0437\u0437\u0435\u0440\u043d\u043e\u0432\u043e\u0439 \u0441\u0443\u0445\u043e\u0439 \u043a\u043e\u0440\u043c \u0434\u043b\u044f \u043a\u043e\u0448\u0435\u043a, \u044f\u0433\u043d\u0435\u043d\u043e\u043a \u0438 \u0434\u0438\u043a\u0438\u0439 \u043a\u0430\u0431\u0430\u043d, 6 \u043a\u0433\"}]},{\"@type\":\"WebSite\",\"@id\":\"https:\\\/\\\/pet24.md\\\/#website\",\"url\":\"https:\\\/\\\/pet24.md\\\/\",\"name\":\"Pet24\",\"description\":\"\u0417\u043e\u043e\u043c\u0430\u0433\u0430\u0437\u0438\u043d \u0442\u043e\u0432\u0430\u0440\u043e\u0432 \u0434\u043b\u044f \u0434\u043e\u043c\u0430\u0448\u043d\u0438\u0445 \u043f\u0438\u0442\u043e\u043c\u0446\u0435\u0432\",\"publisher\":{\"@id\":\"https:\\\/\\\/pet24.md\\\/#organization\"},\"potentialAction\":[{\"@type\":\"SearchAction\",\"target\":{\"@type\":\"EntryPoint\",\"urlTemplate\":\"https:\\\/\\\/pet24.md\\\/?s={search_term_string}\"},\"query-input\":{\"@type\":\"PropertyValueSpecification\",\"valueRequired\":true,\"valueName\":\"search_term_string\"}}],\"inLanguage\":\"ro-RO\"},{\"@type\":\"Organization\",\"@id\":\"https:\\\/\\\/pet24.md\\\/#organization\",\"name\":\"Pet24\",\"url\":\"https:\\\/\\\/pet24.md\\\/\",\"logo\":{\"@type\":\"ImageObject\",\"inLanguage\":\"ro-RO\",\"@id\":\"https:\\\/\\\/pet24.md\\\/#\\\/schema\\\/logo\\\/image\\\/\",\"url\":\"https:\\\/\\\/pet24.md\\\/wp-content\\\/uploads\\\/2024\\\/09\\\/logo.svg\",\"contentUrl\":\"https:\\\/\\\/pet24.md\\\/wp-content\\\/uploads\\\/2024\\\/09\\\/logo.svg\",\"width\":215,\"height\":66,\"caption\":\"Pet24\"},\"image\":{\"@id\":\"https:\\\/\\\/pet24.md\\\/#\\\/schema\\\/logo\\\/image\\\/\"},\"sameAs\":[\"https:\\\/\\\/www.facebook.com\\\/pet24.md\",\"https:\\\/\\\/www.instagram.com\\\/pet24.md\\\/\"],\"telephone\":\"+37360508880\"}]}<\/script>\n<!-- \/ Yoast SEO Premium plugin. -->","yoast_head_json":{"title":"Hrana uscata fara cereale Carnilove, miel si mistret, 6 kg","description":"\u041a\u0443\u043f\u0438\u0442\u044c Carnilove \u0431\u0435\u0437\u0437\u0435\u0440\u043d\u043e\u0432\u043e\u0439 \u0441\u0443\u0445\u043e\u0439 \u043a\u043e\u0440\u043c \u0434\u043b\u044f \u043a\u043e\u0448\u0435\u043a, \u044f\u0433\u043d\u0435\u043d\u043e\u043a \u0438 \u0434\u0438\u043a\u0438\u0439 \u043a\u0430\u0431\u0430\u043d, 6 \u043a\u0433 \u0441 \u0434\u043e\u0441\u0442\u0430\u0432\u043a\u043e\u0439 \u043f\u043e \u041a\u0438\u0448\u0438\u043d\u0435\u0432\u0443 \u0438 \u0432\u0441\u0435\u0439 \u041c\u043e\u043b\u0434\u043e\u0432\u0435 \u043d\u0430 Pet24","robots":{"index":"index","follow":"follow","max-snippet":"max-snippet:-1","max-image-preview":"max-image-preview:large","max-video-preview":"max-video-preview:-1"},"canonical":"https:\/\/pet24.md\/ro\/produs\/carnilove-bezzernovoj-suhoj-korm-dlya-koshek-yagnenok-i-dikij-kaban-6-kg\/","og_locale":"ro_RO","og_type":"article","og_title":"Carnilove \u0431\u0435\u0437\u0437\u0435\u0440\u043d\u043e\u0432\u043e\u0439 \u0441\u0443\u0445\u043e\u0439 \u043a\u043e\u0440\u043c \u0434\u043b\u044f \u043a\u043e\u0448\u0435\u043a, \u044f\u0433\u043d\u0435\u043d\u043e\u043a \u0438 \u0434\u0438\u043a\u0438\u0439 \u043a\u0430\u0431\u0430\u043d, 6 \u043a\u0433","og_description":"\u041a\u0443\u043f\u0438\u0442\u044c Carnilove \u0431\u0435\u0437\u0437\u0435\u0440\u043d\u043e\u0432\u043e\u0439 \u0441\u0443\u0445\u043e\u0439 \u043a\u043e\u0440\u043c \u0434\u043b\u044f \u043a\u043e\u0448\u0435\u043a, \u044f\u0433\u043d\u0435\u043d\u043e\u043a \u0438 \u0434\u0438\u043a\u0438\u0439 \u043a\u0430\u0431\u0430\u043d, 6 \u043a\u0433 \u0441 \u0434\u043e\u0441\u0442\u0430\u0432\u043a\u043e\u0439 \u043f\u043e \u041a\u0438\u0448\u0438\u043d\u0435\u0432\u0443 \u0438 \u0432\u0441\u0435\u0439 \u041c\u043e\u043b\u0434\u043e\u0432\u0435 \u043d\u0430 Pet24","og_url":"https:\/\/pet24.md\/ro\/produs\/carnilove-bezzernovoj-suhoj-korm-dlya-koshek-yagnenok-i-dikij-kaban-6-kg\/","og_site_name":"Pet24","article_publisher":"https:\/\/www.facebook.com\/pet24.md","article_modified_time":"2024-09-22T22:16:08+00:00","og_image":[{"width":500,"height":500,"url":"https:\/\/pet24.md\/wp-content\/uploads\/2024\/09\/carnilove-bezzernovoj-suhoj-korm-dlya-koshek-yagnenok-i-dikij-kaban-6-kg.webp","type":"image\/webp"}],"twitter_card":"summary_large_image","schema":{"@context":"https:\/\/schema.org","@graph":[{"@type":"WebPage","@id":"https:\/\/pet24.md\/product\/carnilove-bezzernovoj-suhoj-korm-dlya-koshek-yagnenok-i-dikij-kaban-6-kg\/","url":"https:\/\/pet24.md\/product\/carnilove-bezzernovoj-suhoj-korm-dlya-koshek-yagnenok-i-dikij-kaban-6-kg\/","name":"Hrana uscata fara cereale Carnilove, miel si mistret, 6 kg","isPartOf":{"@id":"https:\/\/pet24.md\/#website"},"primaryImageOfPage":{"@id":"https:\/\/pet24.md\/product\/carnilove-bezzernovoj-suhoj-korm-dlya-koshek-yagnenok-i-dikij-kaban-6-kg\/#primaryimage"},"image":{"@id":"https:\/\/pet24.md\/product\/carnilove-bezzernovoj-suhoj-korm-dlya-koshek-yagnenok-i-dikij-kaban-6-kg\/#primaryimage"},"thumbnailUrl":"https:\/\/pet24.md\/wp-content\/uploads\/2024\/09\/carnilove-bezzernovoj-suhoj-korm-dlya-koshek-yagnenok-i-dikij-kaban-6-kg.webp","datePublished":"2024-07-31T03:22:43+00:00","dateModified":"2024-09-22T22:16:08+00:00","description":"\u041a\u0443\u043f\u0438\u0442\u044c Carnilove \u0431\u0435\u0437\u0437\u0435\u0440\u043d\u043e\u0432\u043e\u0439 \u0441\u0443\u0445\u043e\u0439 \u043a\u043e\u0440\u043c \u0434\u043b\u044f \u043a\u043e\u0448\u0435\u043a, \u044f\u0433\u043d\u0435\u043d\u043e\u043a \u0438 \u0434\u0438\u043a\u0438\u0439 \u043a\u0430\u0431\u0430\u043d, 6 \u043a\u0433 \u0441 \u0434\u043e\u0441\u0442\u0430\u0432\u043a\u043e\u0439 \u043f\u043e \u041a\u0438\u0448\u0438\u043d\u0435\u0432\u0443 \u0438 \u0432\u0441\u0435\u0439 \u041c\u043e\u043b\u0434\u043e\u0432\u0435 \u043d\u0430 Pet24","breadcrumb":{"@id":"https:\/\/pet24.md\/product\/carnilove-bezzernovoj-suhoj-korm-dlya-koshek-yagnenok-i-dikij-kaban-6-kg\/#breadcrumb"},"inLanguage":"ro-RO","potentialAction":[{"@type":"ReadAction","target":["https:\/\/pet24.md\/product\/carnilove-bezzernovoj-suhoj-korm-dlya-koshek-yagnenok-i-dikij-kaban-6-kg\/"]}]},{"@type":"ImageObject","inLanguage":"ro-RO","@id":"https:\/\/pet24.md\/product\/carnilove-bezzernovoj-suhoj-korm-dlya-koshek-yagnenok-i-dikij-kaban-6-kg\/#primaryimage","url":"https:\/\/pet24.md\/wp-content\/uploads\/2024\/09\/carnilove-bezzernovoj-suhoj-korm-dlya-koshek-yagnenok-i-dikij-kaban-6-kg.webp","contentUrl":"https:\/\/pet24.md\/wp-content\/uploads\/2024\/09\/carnilove-bezzernovoj-suhoj-korm-dlya-koshek-yagnenok-i-dikij-kaban-6-kg.webp","width":500,"height":500,"caption":"Carnilove \u0431\u0435\u0437\u0437\u0435\u0440\u043d\u043e\u0432\u043e\u0439 \u0441\u0443\u0445\u043e\u0439 \u043a\u043e\u0440\u043c \u0434\u043b\u044f \u043a\u043e\u0448\u0435\u043a"},{"@type":"BreadcrumbList","@id":"https:\/\/pet24.md\/product\/carnilove-bezzernovoj-suhoj-korm-dlya-koshek-yagnenok-i-dikij-kaban-6-kg\/#breadcrumb","itemListElement":[{"@type":"ListItem","position":1,"name":"\u0413\u043b\u0430\u0432\u043d\u0430\u044f \u0441\u0442\u0440\u0430\u043d\u0438\u0446\u0430","item":"https:\/\/pet24.md\/"},{"@type":"ListItem","position":2,"name":"\u041c\u0430\u0433\u0430\u0437\u0438\u043d","item":"https:\/\/pet24.md\/shop\/"},{"@type":"ListItem","position":3,"name":"Carnilove \u0431\u0435\u0437\u0437\u0435\u0440\u043d\u043e\u0432\u043e\u0439 \u0441\u0443\u0445\u043e\u0439 \u043a\u043e\u0440\u043c \u0434\u043b\u044f \u043a\u043e\u0448\u0435\u043a, \u044f\u0433\u043d\u0435\u043d\u043e\u043a \u0438 \u0434\u0438\u043a\u0438\u0439 \u043a\u0430\u0431\u0430\u043d, 6 \u043a\u0433"}]},{"@type":"WebSite","@id":"https:\/\/pet24.md\/#website","url":"https:\/\/pet24.md\/","name":"Pet24","description":"Magazin de animale de companie","publisher":{"@id":"https:\/\/pet24.md\/#organization"},"potentialAction":[{"@type":"SearchAction","target":{"@type":"EntryPoint","urlTemplate":"https:\/\/pet24.md\/?s={search_term_string}"},"query-input":{"@type":"PropertyValueSpecification","valueRequired":true,"valueName":"search_term_string"}}],"inLanguage":"ro-RO"},{"@type":"Organization","@id":"https:\/\/pet24.md\/#organization","name":"Pet24","url":"https:\/\/pet24.md\/","logo":{"@type":"ImageObject","inLanguage":"ro-RO","@id":"https:\/\/pet24.md\/#\/schema\/logo\/image\/","url":"https:\/\/pet24.md\/wp-content\/uploads\/2024\/09\/logo.svg","contentUrl":"https:\/\/pet24.md\/wp-content\/uploads\/2024\/09\/logo.svg","width":215,"height":66,"caption":"Pet24"},"image":{"@id":"https:\/\/pet24.md\/#\/schema\/logo\/image\/"},"sameAs":["https:\/\/www.facebook.com\/pet24.md","https:\/\/www.instagram.com\/pet24.md\/"],"telephone":"+37360508880"}]}},"_links":{"self":[{"href":"https:\/\/pet24.md\/ro\/wp-json\/wp\/v2\/product\/84962","targetHints":{"allow":["GET"]}}],"collection":[{"href":"https:\/\/pet24.md\/ro\/wp-json\/wp\/v2\/product"}],"about":[{"href":"https:\/\/pet24.md\/ro\/wp-json\/wp\/v2\/types\/product"}],"replies":[{"embeddable":true,"href":"https:\/\/pet24.md\/ro\/wp-json\/wp\/v2\/comments?post=84962"}],"wp:featuredmedia":[{"embeddable":true,"href":"https:\/\/pet24.md\/ro\/wp-json\/wp\/v2\/media\/91018"}],"wp:attachment":[{"href":"https:\/\/pet24.md\/ro\/wp-json\/wp\/v2\/media?parent=84962"}],"wp:term":[{"taxonomy":"product_brand","embeddable":true,"href":"https:\/\/pet24.md\/ro\/wp-json\/wp\/v2\/product_brand?post=84962"},{"taxonomy":"product_cat","embeddable":true,"href":"https:\/\/pet24.md\/ro\/wp-json\/wp\/v2\/product_cat?post=84962"},{"taxonomy":"product_tag","embeddable":true,"href":"https:\/\/pet24.md\/ro\/wp-json\/wp\/v2\/product_tag?post=84962"}],"curies":[{"name":"wp","href":"https:\/\/api.w.org\/{rel}","templated":true}]}}