{"id":84969,"date":"2024-07-31T03:32:14","date_gmt":"2024-07-31T03:32:14","guid":{"rendered":"https:\/\/pet24.md\/?post_type=product&#038;p=84969"},"modified":"2024-09-22T22:16:10","modified_gmt":"2024-09-22T22:16:10","slug":"carnilove-bezzernovoj-suhoj-korm-dlya-koshek-s-oleninoj-6-kg","status":"publish","type":"product","link":"https:\/\/pet24.md\/ro\/produs\/carnilove-bezzernovoj-suhoj-korm-dlya-koshek-s-oleninoj-6-kg\/","title":{"rendered":"Hrana uscata pentru pisici fara cereale Carnilove, cu carne de caprioara, 6 kg"},"content":{"rendered":"<h3>Ren Carnilove cu c\u0103prioar\u0103 pentru pisici active<\/h3>\n<p><strong>Formula f\u0103r\u0103 cereale \u0219i cartofi pentru pisici adulte active.<\/strong><\/p>\n<p><strong>Descriere:<\/strong> Pentru a se men\u021bine \u00een form\u0103 maxim\u0103, pisicile adulte au nevoie de o diet\u0103 proteic\u0103 de \u00eenalt\u0103 calitate, cu niveluri echilibrate de aminoacizi esen\u021biali. Hrana pentru pisici adulte Carnilove Reindeer este formulat\u0103 pentru a se potrivi cu dieta natural\u0103 a pisicilor din s\u0103lb\u0103ticie. Carnea de ren con\u021bine mul\u021bi antioxidan\u021bi naturali, gr\u0103simi nesaturate \u0219i acizi gra\u0219i omega-3 \u0219i este o surs\u0103 ideal\u0103 de energie re\u00eennoit\u0103 dup\u0103 aventurile zilnice ale animalului t\u0103u de companie.<\/p>\n<p>Hrana contine fructe de padure, legume si ierburi, oferind zilnic animalelor de companie nutrientii, vitaminele, mineralele si antioxidantii necesari pentru a mentine o conditie fizica excelenta si o excelenta imunitate naturala.<\/p>\n<p><strong>Compus:<\/strong><\/p>\n<ul>\n<li>F\u0103in\u0103 de ren (28%)<\/li>\n<li>F\u0103in\u0103 de mistre\u021bi (28%)<\/li>\n<li>Maz\u0103re galben\u0103 (18%)<\/li>\n<li>Gr\u0103sime de pui (conservat\u0103 cu tocoferoli, 4%)<\/li>\n<li>Ficat de pui (4%)<\/li>\n<li>Amidon de tapioca (2%)<\/li>\n<li>Ulei de pe\u0219te de somon (2%)<\/li>\n<li>Mere (1%)<\/li>\n<li>Morcov (1%)<\/li>\n<li>Seminte de in (1%)<\/li>\n<li>Naut (1%)<\/li>\n<li>Coji de crustacee hidrolizate (surs\u0103 de glucozamin\u0103, 0,026%)<\/li>\n<li>Extract de cartilaj (surs\u0103 de condroitin\u0103, 0,016%)<\/li>\n<li>Drojdie de bere (surs\u0103 de mananoligozaharide, 0,016%)<\/li>\n<li>R\u0103d\u0103cin\u0103 de cicoare (surs\u0103 de fructo-oligozaharide, 0,012%)<\/li>\n<li>Yucca Schidigera (0,01%)<\/li>\n<li>Alge (0,01%)<\/li>\n<li>Patlagin\u0103 (0,01%)<\/li>\n<li>Cimbru (0,01%)<\/li>\n<li>Rozmarin (0,01%)<\/li>\n<li>Oregano (0,01%)<\/li>\n<li>Merisor (0,0008%)<\/li>\n<li>Afine (0,0008%)<\/li>\n<li>Zmeur\u0103 (0,0008%)<\/li>\n<\/ul>\n<p><strong>Supliment nutritiv la 1 kg:<\/strong><\/p>\n<ul>\n<li>Vitamina A (3a672a) 23.000 UI<\/li>\n<li>Vitamina D3 (3a671) 940 UI<\/li>\n<li>Vitamina E (3a700) 650 mg<\/li>\n<li>Vitamina C (3a312) 300 mg<\/li>\n<li>Taurin\u0103 (3a370) 2.400 mg<\/li>\n<li>Clorura de colina (3a890) 2.200 mg<\/li>\n<li>L-carnitin\u0103 (3a910) 65 mg<\/li>\n<li>Niacinamid\u0103 (3a315) 45 mg<\/li>\n<li>Biotin\u0103 (3a880) 1,8 mg<\/li>\n<li>Zinc (3b606) 150 mg<\/li>\n<li>Mangan (3b504) 55 mg<\/li>\n<li>Fier (3b106) 48 mg<\/li>\n<li>Cupru (3b406) 11 mg<\/li>\n<li>Iod (3b201) 3,8 mg<\/li>\n<li>Seleniu (3b810) 0,23 mg<\/li>\n<li>L-metionin\u0103 (3c305) 14 mg<\/li>\n<li>Arginin\u0103 (3c3.6.1) 12 mg<\/li>\n<li>L-lizin\u0103 (3.2.3.) 10 mg<\/li>\n<li>Hexametafosfat de sodiu (E452i) 710 mg<\/li>\n<\/ul>\n<p><strong>Componente analitice la 1 kg:<\/strong><\/p>\n<ul>\n<li>Protein\u0103 brut\u0103 41.0%<\/li>\n<li>Con\u021binut de gr\u0103sime 19.0%<\/li>\n<li>Fibr\u0103 brut\u0103 2.5%<\/li>\n<li>Cenu\u0219\u0103 brut\u0103 5.5%<\/li>\n<li>Umiditate 10.0%<\/li>\n<li>Calciu 1,1%<\/li>\n<li>Fosfor 0,9%<\/li>\n<li>Sodiu 0,3%<\/li>\n<li>Magneziu 0,08%<\/li>\n<li>Omega-3: 0,34%<\/li>\n<li>Omega-6: 2.35%<\/li>\n<\/ul>\n<p><strong>Energie folosita:<\/strong> 4.050 kcal\/kg<\/p>","protected":false},"excerpt":{"rendered":"<p>Renul Carnilove cu carne de c\u0103prioar\u0103 pentru pisici active este o hran\u0103 complet\u0103, f\u0103r\u0103 cereale, conceput\u0103 pentru a ajuta la men\u021binerea unei st\u0103ri corporale excelente pentru pisicile adulte active. Carnea de ren, bogat\u0103 \u00een antioxidan\u021bi naturali \u0219i acizi gra\u0219i omega-3, ofer\u0103 energie esen\u021bial\u0103 \u0219i sus\u021bine imunitatea natural\u0103.<\/p>","protected":false},"featured_media":91020,"comment_status":"open","ping_status":"closed","template":"","meta":[],"product_brand":[],"product_cat":[309,193,320],"product_tag":[722,202,325],"class_list":{"0":"post-84969","1":"product","2":"type-product","3":"status-publish","4":"has-post-thumbnail","6":"product_cat-catfood","7":"product_cat-cat","8":"product_cat-catdry","9":"product_tag-carnilove","10":"product_tag-koshka","11":"product_tag-suhoj-korm","12":"pa_age-pet-vzroslyj","13":"pa_brand-arnilove","14":"pa_feed-class-super-premium","15":"pa_ingredienty-bezzernovoj","16":"pa_meat-ingredients-olenina","17":"pa_packaging-meshok","18":"pa_pet-koshka","19":"pa_pet-feature-zdorovyj-pitomecz","20":"pa_type-feed-suhoj-korm","21":"pa_weight-6-kg","23":"first","24":"instock","25":"sale","26":"shipping-taxable","27":"product-type-simple"},"yoast_head":"<!-- This site is optimized with the Yoast SEO Premium plugin v23.7 (Yoast SEO v27.5) - https:\/\/yoast.com\/product\/yoast-seo-premium-wordpress\/ -->\n<title>Carnilove \u0431\u0435\u0437\u0437\u0435\u0440\u043d\u043e\u0432\u043e\u0439 \u0441\u0443\u0445\u043e\u0439 \u043a\u043e\u0440\u043c \u0434\u043b\u044f \u043a\u043e\u0448\u0435\u043a, \u0441 \u043e\u043b\u0435\u043d\u0438\u043d\u043e\u0439, 6 \u043a\u0433<\/title>\n<meta name=\"description\" content=\"\u041a\u0443\u043f\u0438\u0442\u044c Carnilove \u0431\u0435\u0437\u0437\u0435\u0440\u043d\u043e\u0432\u043e\u0439 \u0441\u0443\u0445\u043e\u0439 \u043a\u043e\u0440\u043c \u0434\u043b\u044f \u043a\u043e\u0448\u0435\u043a, \u0441 \u043e\u043b\u0435\u043d\u0438\u043d\u043e\u0439, 6 \u043a\u0433 \u0441 \u0434\u043e\u0441\u0442\u0430\u0432\u043a\u043e\u0439 \u043f\u043e \u041a\u0438\u0448\u0438\u043d\u0435\u0432\u0443 \u0438 \u0432\u0441\u0435\u0439 \u041c\u043e\u043b\u0434\u043e\u0432\u0435 \u043d\u0430 Pet24\" \/>\n<meta name=\"robots\" content=\"index, follow, max-snippet:-1, max-image-preview:large, max-video-preview:-1\" \/>\n<link rel=\"canonical\" href=\"https:\/\/pet24.md\/ro\/produs\/carnilove-bezzernovoj-suhoj-korm-dlya-koshek-s-oleninoj-6-kg\/\" \/>\n<meta property=\"og:locale\" content=\"ro_RO\" \/>\n<meta property=\"og:type\" content=\"article\" \/>\n<meta property=\"og:title\" content=\"Carnilove \u0431\u0435\u0437\u0437\u0435\u0440\u043d\u043e\u0432\u043e\u0439 \u0441\u0443\u0445\u043e\u0439 \u043a\u043e\u0440\u043c \u0434\u043b\u044f \u043a\u043e\u0448\u0435\u043a, \u0441 \u043e\u043b\u0435\u043d\u0438\u043d\u043e\u0439, 6 \u043a\u0433\" \/>\n<meta property=\"og:description\" content=\"\u041a\u0443\u043f\u0438\u0442\u044c Carnilove \u0431\u0435\u0437\u0437\u0435\u0440\u043d\u043e\u0432\u043e\u0439 \u0441\u0443\u0445\u043e\u0439 \u043a\u043e\u0440\u043c \u0434\u043b\u044f \u043a\u043e\u0448\u0435\u043a, \u0441 \u043e\u043b\u0435\u043d\u0438\u043d\u043e\u0439, 6 \u043a\u0433 \u0441 \u0434\u043e\u0441\u0442\u0430\u0432\u043a\u043e\u0439 \u043f\u043e \u041a\u0438\u0448\u0438\u043d\u0435\u0432\u0443 \u0438 \u0432\u0441\u0435\u0439 \u041c\u043e\u043b\u0434\u043e\u0432\u0435 \u043d\u0430 Pet24\" \/>\n<meta property=\"og:url\" content=\"https:\/\/pet24.md\/ro\/produs\/carnilove-bezzernovoj-suhoj-korm-dlya-koshek-s-oleninoj-6-kg\/\" \/>\n<meta property=\"og:site_name\" content=\"Pet24\" \/>\n<meta property=\"article:publisher\" content=\"https:\/\/www.facebook.com\/pet24.md\" \/>\n<meta property=\"article:modified_time\" content=\"2024-09-22T22:16:10+00:00\" \/>\n<meta property=\"og:image\" content=\"https:\/\/pet24.md\/wp-content\/uploads\/2024\/09\/carnilove-bezzernovoj-suhoj-korm-dlya-koshek-s-oleninoj-6-kg.webp\" \/>\n\t<meta property=\"og:image:width\" content=\"500\" \/>\n\t<meta property=\"og:image:height\" content=\"500\" \/>\n\t<meta property=\"og:image:type\" content=\"image\/webp\" \/>\n<meta name=\"twitter:card\" content=\"summary_large_image\" \/>\n<script type=\"application\/ld+json\" class=\"yoast-schema-graph\">{\"@context\":\"https:\\\/\\\/schema.org\",\"@graph\":[{\"@type\":\"WebPage\",\"@id\":\"https:\\\/\\\/pet24.md\\\/product\\\/carnilove-bezzernovoj-suhoj-korm-dlya-koshek-s-oleninoj-6-kg\\\/\",\"url\":\"https:\\\/\\\/pet24.md\\\/product\\\/carnilove-bezzernovoj-suhoj-korm-dlya-koshek-s-oleninoj-6-kg\\\/\",\"name\":\"Carnilove \u0431\u0435\u0437\u0437\u0435\u0440\u043d\u043e\u0432\u043e\u0439 \u0441\u0443\u0445\u043e\u0439 \u043a\u043e\u0440\u043c \u0434\u043b\u044f \u043a\u043e\u0448\u0435\u043a, \u0441 \u043e\u043b\u0435\u043d\u0438\u043d\u043e\u0439, 6 \u043a\u0433\",\"isPartOf\":{\"@id\":\"https:\\\/\\\/pet24.md\\\/#website\"},\"primaryImageOfPage\":{\"@id\":\"https:\\\/\\\/pet24.md\\\/product\\\/carnilove-bezzernovoj-suhoj-korm-dlya-koshek-s-oleninoj-6-kg\\\/#primaryimage\"},\"image\":{\"@id\":\"https:\\\/\\\/pet24.md\\\/product\\\/carnilove-bezzernovoj-suhoj-korm-dlya-koshek-s-oleninoj-6-kg\\\/#primaryimage\"},\"thumbnailUrl\":\"https:\\\/\\\/pet24.md\\\/wp-content\\\/uploads\\\/2024\\\/09\\\/carnilove-bezzernovoj-suhoj-korm-dlya-koshek-s-oleninoj-6-kg.webp\",\"datePublished\":\"2024-07-31T03:32:14+00:00\",\"dateModified\":\"2024-09-22T22:16:10+00:00\",\"description\":\"\u041a\u0443\u043f\u0438\u0442\u044c Carnilove \u0431\u0435\u0437\u0437\u0435\u0440\u043d\u043e\u0432\u043e\u0439 \u0441\u0443\u0445\u043e\u0439 \u043a\u043e\u0440\u043c \u0434\u043b\u044f \u043a\u043e\u0448\u0435\u043a, \u0441 \u043e\u043b\u0435\u043d\u0438\u043d\u043e\u0439, 6 \u043a\u0433 \u0441 \u0434\u043e\u0441\u0442\u0430\u0432\u043a\u043e\u0439 \u043f\u043e \u041a\u0438\u0448\u0438\u043d\u0435\u0432\u0443 \u0438 \u0432\u0441\u0435\u0439 \u041c\u043e\u043b\u0434\u043e\u0432\u0435 \u043d\u0430 Pet24\",\"breadcrumb\":{\"@id\":\"https:\\\/\\\/pet24.md\\\/product\\\/carnilove-bezzernovoj-suhoj-korm-dlya-koshek-s-oleninoj-6-kg\\\/#breadcrumb\"},\"inLanguage\":\"ro-RO\",\"potentialAction\":[{\"@type\":\"ReadAction\",\"target\":[\"https:\\\/\\\/pet24.md\\\/product\\\/carnilove-bezzernovoj-suhoj-korm-dlya-koshek-s-oleninoj-6-kg\\\/\"]}]},{\"@type\":\"ImageObject\",\"inLanguage\":\"ro-RO\",\"@id\":\"https:\\\/\\\/pet24.md\\\/product\\\/carnilove-bezzernovoj-suhoj-korm-dlya-koshek-s-oleninoj-6-kg\\\/#primaryimage\",\"url\":\"https:\\\/\\\/pet24.md\\\/wp-content\\\/uploads\\\/2024\\\/09\\\/carnilove-bezzernovoj-suhoj-korm-dlya-koshek-s-oleninoj-6-kg.webp\",\"contentUrl\":\"https:\\\/\\\/pet24.md\\\/wp-content\\\/uploads\\\/2024\\\/09\\\/carnilove-bezzernovoj-suhoj-korm-dlya-koshek-s-oleninoj-6-kg.webp\",\"width\":500,\"height\":500,\"caption\":\"Carnilove \u0431\u0435\u0437\u0437\u0435\u0440\u043d\u043e\u0432\u043e\u0439 \u0441\u0443\u0445\u043e\u0439 \u043a\u043e\u0440\u043c \u0434\u043b\u044f \u043a\u043e\u0448\u0435\u043a\"},{\"@type\":\"BreadcrumbList\",\"@id\":\"https:\\\/\\\/pet24.md\\\/product\\\/carnilove-bezzernovoj-suhoj-korm-dlya-koshek-s-oleninoj-6-kg\\\/#breadcrumb\",\"itemListElement\":[{\"@type\":\"ListItem\",\"position\":1,\"name\":\"\u0413\u043b\u0430\u0432\u043d\u0430\u044f \u0441\u0442\u0440\u0430\u043d\u0438\u0446\u0430\",\"item\":\"https:\\\/\\\/pet24.md\\\/\"},{\"@type\":\"ListItem\",\"position\":2,\"name\":\"\u041c\u0430\u0433\u0430\u0437\u0438\u043d\",\"item\":\"https:\\\/\\\/pet24.md\\\/shop\\\/\"},{\"@type\":\"ListItem\",\"position\":3,\"name\":\"Carnilove \u0431\u0435\u0437\u0437\u0435\u0440\u043d\u043e\u0432\u043e\u0439 \u0441\u0443\u0445\u043e\u0439 \u043a\u043e\u0440\u043c \u0434\u043b\u044f \u043a\u043e\u0448\u0435\u043a, \u0441 \u043e\u043b\u0435\u043d\u0438\u043d\u043e\u0439, 6 \u043a\u0433\"}]},{\"@type\":\"WebSite\",\"@id\":\"https:\\\/\\\/pet24.md\\\/#website\",\"url\":\"https:\\\/\\\/pet24.md\\\/\",\"name\":\"Pet24\",\"description\":\"\u0417\u043e\u043e\u043c\u0430\u0433\u0430\u0437\u0438\u043d \u0442\u043e\u0432\u0430\u0440\u043e\u0432 \u0434\u043b\u044f \u0434\u043e\u043c\u0430\u0448\u043d\u0438\u0445 \u043f\u0438\u0442\u043e\u043c\u0446\u0435\u0432\",\"publisher\":{\"@id\":\"https:\\\/\\\/pet24.md\\\/#organization\"},\"potentialAction\":[{\"@type\":\"SearchAction\",\"target\":{\"@type\":\"EntryPoint\",\"urlTemplate\":\"https:\\\/\\\/pet24.md\\\/?s={search_term_string}\"},\"query-input\":{\"@type\":\"PropertyValueSpecification\",\"valueRequired\":true,\"valueName\":\"search_term_string\"}}],\"inLanguage\":\"ro-RO\"},{\"@type\":\"Organization\",\"@id\":\"https:\\\/\\\/pet24.md\\\/#organization\",\"name\":\"Pet24\",\"url\":\"https:\\\/\\\/pet24.md\\\/\",\"logo\":{\"@type\":\"ImageObject\",\"inLanguage\":\"ro-RO\",\"@id\":\"https:\\\/\\\/pet24.md\\\/#\\\/schema\\\/logo\\\/image\\\/\",\"url\":\"https:\\\/\\\/pet24.md\\\/wp-content\\\/uploads\\\/2024\\\/09\\\/logo.svg\",\"contentUrl\":\"https:\\\/\\\/pet24.md\\\/wp-content\\\/uploads\\\/2024\\\/09\\\/logo.svg\",\"width\":215,\"height\":66,\"caption\":\"Pet24\"},\"image\":{\"@id\":\"https:\\\/\\\/pet24.md\\\/#\\\/schema\\\/logo\\\/image\\\/\"},\"sameAs\":[\"https:\\\/\\\/www.facebook.com\\\/pet24.md\",\"https:\\\/\\\/www.instagram.com\\\/pet24.md\\\/\"],\"telephone\":\"+37360508880\"}]}<\/script>\n<!-- \/ Yoast SEO Premium plugin. -->","yoast_head_json":{"title":"Hrana uscata pentru pisici fara cereale Carnilove, cu carne de caprioara, 6 kg","description":"\u041a\u0443\u043f\u0438\u0442\u044c Carnilove \u0431\u0435\u0437\u0437\u0435\u0440\u043d\u043e\u0432\u043e\u0439 \u0441\u0443\u0445\u043e\u0439 \u043a\u043e\u0440\u043c \u0434\u043b\u044f \u043a\u043e\u0448\u0435\u043a, \u0441 \u043e\u043b\u0435\u043d\u0438\u043d\u043e\u0439, 6 \u043a\u0433 \u0441 \u0434\u043e\u0441\u0442\u0430\u0432\u043a\u043e\u0439 \u043f\u043e \u041a\u0438\u0448\u0438\u043d\u0435\u0432\u0443 \u0438 \u0432\u0441\u0435\u0439 \u041c\u043e\u043b\u0434\u043e\u0432\u0435 \u043d\u0430 Pet24","robots":{"index":"index","follow":"follow","max-snippet":"max-snippet:-1","max-image-preview":"max-image-preview:large","max-video-preview":"max-video-preview:-1"},"canonical":"https:\/\/pet24.md\/ro\/produs\/carnilove-bezzernovoj-suhoj-korm-dlya-koshek-s-oleninoj-6-kg\/","og_locale":"ro_RO","og_type":"article","og_title":"Carnilove \u0431\u0435\u0437\u0437\u0435\u0440\u043d\u043e\u0432\u043e\u0439 \u0441\u0443\u0445\u043e\u0439 \u043a\u043e\u0440\u043c \u0434\u043b\u044f \u043a\u043e\u0448\u0435\u043a, \u0441 \u043e\u043b\u0435\u043d\u0438\u043d\u043e\u0439, 6 \u043a\u0433","og_description":"\u041a\u0443\u043f\u0438\u0442\u044c Carnilove \u0431\u0435\u0437\u0437\u0435\u0440\u043d\u043e\u0432\u043e\u0439 \u0441\u0443\u0445\u043e\u0439 \u043a\u043e\u0440\u043c \u0434\u043b\u044f \u043a\u043e\u0448\u0435\u043a, \u0441 \u043e\u043b\u0435\u043d\u0438\u043d\u043e\u0439, 6 \u043a\u0433 \u0441 \u0434\u043e\u0441\u0442\u0430\u0432\u043a\u043e\u0439 \u043f\u043e \u041a\u0438\u0448\u0438\u043d\u0435\u0432\u0443 \u0438 \u0432\u0441\u0435\u0439 \u041c\u043e\u043b\u0434\u043e\u0432\u0435 \u043d\u0430 Pet24","og_url":"https:\/\/pet24.md\/ro\/produs\/carnilove-bezzernovoj-suhoj-korm-dlya-koshek-s-oleninoj-6-kg\/","og_site_name":"Pet24","article_publisher":"https:\/\/www.facebook.com\/pet24.md","article_modified_time":"2024-09-22T22:16:10+00:00","og_image":[{"width":500,"height":500,"url":"https:\/\/pet24.md\/wp-content\/uploads\/2024\/09\/carnilove-bezzernovoj-suhoj-korm-dlya-koshek-s-oleninoj-6-kg.webp","type":"image\/webp"}],"twitter_card":"summary_large_image","schema":{"@context":"https:\/\/schema.org","@graph":[{"@type":"WebPage","@id":"https:\/\/pet24.md\/product\/carnilove-bezzernovoj-suhoj-korm-dlya-koshek-s-oleninoj-6-kg\/","url":"https:\/\/pet24.md\/product\/carnilove-bezzernovoj-suhoj-korm-dlya-koshek-s-oleninoj-6-kg\/","name":"Hrana uscata pentru pisici fara cereale Carnilove, cu carne de caprioara, 6 kg","isPartOf":{"@id":"https:\/\/pet24.md\/#website"},"primaryImageOfPage":{"@id":"https:\/\/pet24.md\/product\/carnilove-bezzernovoj-suhoj-korm-dlya-koshek-s-oleninoj-6-kg\/#primaryimage"},"image":{"@id":"https:\/\/pet24.md\/product\/carnilove-bezzernovoj-suhoj-korm-dlya-koshek-s-oleninoj-6-kg\/#primaryimage"},"thumbnailUrl":"https:\/\/pet24.md\/wp-content\/uploads\/2024\/09\/carnilove-bezzernovoj-suhoj-korm-dlya-koshek-s-oleninoj-6-kg.webp","datePublished":"2024-07-31T03:32:14+00:00","dateModified":"2024-09-22T22:16:10+00:00","description":"\u041a\u0443\u043f\u0438\u0442\u044c Carnilove \u0431\u0435\u0437\u0437\u0435\u0440\u043d\u043e\u0432\u043e\u0439 \u0441\u0443\u0445\u043e\u0439 \u043a\u043e\u0440\u043c \u0434\u043b\u044f \u043a\u043e\u0448\u0435\u043a, \u0441 \u043e\u043b\u0435\u043d\u0438\u043d\u043e\u0439, 6 \u043a\u0433 \u0441 \u0434\u043e\u0441\u0442\u0430\u0432\u043a\u043e\u0439 \u043f\u043e \u041a\u0438\u0448\u0438\u043d\u0435\u0432\u0443 \u0438 \u0432\u0441\u0435\u0439 \u041c\u043e\u043b\u0434\u043e\u0432\u0435 \u043d\u0430 Pet24","breadcrumb":{"@id":"https:\/\/pet24.md\/product\/carnilove-bezzernovoj-suhoj-korm-dlya-koshek-s-oleninoj-6-kg\/#breadcrumb"},"inLanguage":"ro-RO","potentialAction":[{"@type":"ReadAction","target":["https:\/\/pet24.md\/product\/carnilove-bezzernovoj-suhoj-korm-dlya-koshek-s-oleninoj-6-kg\/"]}]},{"@type":"ImageObject","inLanguage":"ro-RO","@id":"https:\/\/pet24.md\/product\/carnilove-bezzernovoj-suhoj-korm-dlya-koshek-s-oleninoj-6-kg\/#primaryimage","url":"https:\/\/pet24.md\/wp-content\/uploads\/2024\/09\/carnilove-bezzernovoj-suhoj-korm-dlya-koshek-s-oleninoj-6-kg.webp","contentUrl":"https:\/\/pet24.md\/wp-content\/uploads\/2024\/09\/carnilove-bezzernovoj-suhoj-korm-dlya-koshek-s-oleninoj-6-kg.webp","width":500,"height":500,"caption":"Carnilove \u0431\u0435\u0437\u0437\u0435\u0440\u043d\u043e\u0432\u043e\u0439 \u0441\u0443\u0445\u043e\u0439 \u043a\u043e\u0440\u043c \u0434\u043b\u044f \u043a\u043e\u0448\u0435\u043a"},{"@type":"BreadcrumbList","@id":"https:\/\/pet24.md\/product\/carnilove-bezzernovoj-suhoj-korm-dlya-koshek-s-oleninoj-6-kg\/#breadcrumb","itemListElement":[{"@type":"ListItem","position":1,"name":"\u0413\u043b\u0430\u0432\u043d\u0430\u044f \u0441\u0442\u0440\u0430\u043d\u0438\u0446\u0430","item":"https:\/\/pet24.md\/"},{"@type":"ListItem","position":2,"name":"\u041c\u0430\u0433\u0430\u0437\u0438\u043d","item":"https:\/\/pet24.md\/shop\/"},{"@type":"ListItem","position":3,"name":"Carnilove \u0431\u0435\u0437\u0437\u0435\u0440\u043d\u043e\u0432\u043e\u0439 \u0441\u0443\u0445\u043e\u0439 \u043a\u043e\u0440\u043c \u0434\u043b\u044f \u043a\u043e\u0448\u0435\u043a, \u0441 \u043e\u043b\u0435\u043d\u0438\u043d\u043e\u0439, 6 \u043a\u0433"}]},{"@type":"WebSite","@id":"https:\/\/pet24.md\/#website","url":"https:\/\/pet24.md\/","name":"Pet24","description":"Magazin de animale de companie","publisher":{"@id":"https:\/\/pet24.md\/#organization"},"potentialAction":[{"@type":"SearchAction","target":{"@type":"EntryPoint","urlTemplate":"https:\/\/pet24.md\/?s={search_term_string}"},"query-input":{"@type":"PropertyValueSpecification","valueRequired":true,"valueName":"search_term_string"}}],"inLanguage":"ro-RO"},{"@type":"Organization","@id":"https:\/\/pet24.md\/#organization","name":"Pet24","url":"https:\/\/pet24.md\/","logo":{"@type":"ImageObject","inLanguage":"ro-RO","@id":"https:\/\/pet24.md\/#\/schema\/logo\/image\/","url":"https:\/\/pet24.md\/wp-content\/uploads\/2024\/09\/logo.svg","contentUrl":"https:\/\/pet24.md\/wp-content\/uploads\/2024\/09\/logo.svg","width":215,"height":66,"caption":"Pet24"},"image":{"@id":"https:\/\/pet24.md\/#\/schema\/logo\/image\/"},"sameAs":["https:\/\/www.facebook.com\/pet24.md","https:\/\/www.instagram.com\/pet24.md\/"],"telephone":"+37360508880"}]}},"_links":{"self":[{"href":"https:\/\/pet24.md\/ro\/wp-json\/wp\/v2\/product\/84969","targetHints":{"allow":["GET"]}}],"collection":[{"href":"https:\/\/pet24.md\/ro\/wp-json\/wp\/v2\/product"}],"about":[{"href":"https:\/\/pet24.md\/ro\/wp-json\/wp\/v2\/types\/product"}],"replies":[{"embeddable":true,"href":"https:\/\/pet24.md\/ro\/wp-json\/wp\/v2\/comments?post=84969"}],"wp:featuredmedia":[{"embeddable":true,"href":"https:\/\/pet24.md\/ro\/wp-json\/wp\/v2\/media\/91020"}],"wp:attachment":[{"href":"https:\/\/pet24.md\/ro\/wp-json\/wp\/v2\/media?parent=84969"}],"wp:term":[{"taxonomy":"product_brand","embeddable":true,"href":"https:\/\/pet24.md\/ro\/wp-json\/wp\/v2\/product_brand?post=84969"},{"taxonomy":"product_cat","embeddable":true,"href":"https:\/\/pet24.md\/ro\/wp-json\/wp\/v2\/product_cat?post=84969"},{"taxonomy":"product_tag","embeddable":true,"href":"https:\/\/pet24.md\/ro\/wp-json\/wp\/v2\/product_tag?post=84969"}],"curies":[{"name":"wp","href":"https:\/\/api.w.org\/{rel}","templated":true}]}}