{"id":8503,"date":"2020-09-09T18:25:43","date_gmt":"2020-09-09T18:25:43","guid":{"rendered":"https:\/\/pet24.md\/?post_type=product&#038;p=8503"},"modified":"2024-09-22T22:09:15","modified_gmt":"2024-09-22T22:09:15","slug":"myachik-collar-liker-lajker-kord-na-shnure-raznyh-diametrov","status":"publish","type":"product","link":"https:\/\/pet24.md\/ro\/produs\/myachik-collar-liker-lajker-kord-na-shnure-raznyh-diametrov\/","title":{"rendered":"Guler. Liker Liker. Minge pentru joc cu un c\u00e2ine pe un snur de 5 cm"},"content":{"rendered":"<h3>Liker Cord Ball: Juc\u0103ria perfect\u0103 pentru c\u00e2inele t\u0103u!<\/h3>\n<p>Mingea de fr\u00e2nghie Liker Cord este un nou favorit \u00een gama Liker, combin\u00e2nd populara minge din cauciuc spum\u0103 cu cablu din cauciuc durabil. Fabricat\u0103 dintr-un material unic \u0219i durabil, mingea este complet sigur\u0103 pentru din\u021bii \u0219i gingiile c\u00e2inelui t\u0103u, ceea ce o face o alegere ideal\u0103 pentru timpul de joac\u0103.<\/p>\n<h4>Avantajele mingii Liker Cord:<\/h4>\n<ul>\n<li><strong>Stimulare \u0219i recompens\u0103:<\/strong> Ideal pentru cre\u0219terea motiva\u021biei de joac\u0103 \u0219i pentru recompensarea c\u00e2inilor.<\/li>\n<li><strong>Siguranta si confort:<\/strong> Funia de cauciuc nu iti taie palma si nu aluneca in maini, oferind confort in timpul jocurilor de remorcher.<\/li>\n<li><strong>Utilizare universal\u0103:<\/strong> U\u0219or de aruncat pe distan\u021be lungi \u0219i potrivit at\u00e2t pentru joac\u0103 \u00een interior, c\u00e2t \u0219i \u00een aer liber.<\/li>\n<li><strong>Siguranta pentru dinti:<\/strong> Materialul elastic cur\u0103\u021b\u0103 u\u0219or din\u021bii c\u00e2inelui \u00een timp ce se joac\u0103.<\/li>\n<\/ul>\n<h4>Beneficii suplimentare:<\/h4>\n<ul>\n<li><strong>U\u0219oare \u0219i portabile:<\/strong> Mingea este foarte usoara si poate fi folosita chiar si de catei.<\/li>\n<li><strong>Culoare vizibil\u0103:<\/strong> Culoarea portocalie str\u0103lucitoare \u00eel face u\u0219or vizibil pe orice suprafa\u021b\u0103 \u00een orice moment al anului.<\/li>\n<li><strong>Usor de curatat:<\/strong> Se cur\u0103\u021b\u0103 rapid sub jet de ap\u0103.<\/li>\n<\/ul>\n<h4>Recomand\u0103ri de utilizare:<\/h4>\n<ol>\n<li>Prezint\u0103 mingea c\u00e2inelui t\u0103u, tachinandu-l pentru a crea interes.<\/li>\n<li>\u00cen momentul de maxim\u0103 emo\u021bie, scoate\u021bi mingea din fa\u021b\u0103 c\u00e2inelui.<\/li>\n<li>Da\u021bi o comand\u0103 cu care c\u00e2inele dvs. este deja familiarizat.<\/li>\n<li>Dup\u0103 finalizarea comenzii, \u00eencuraja\u021bi c\u00e2inele s\u0103 continue s\u0103 se joace.<\/li>\n<\/ol>\n<p>Transform\u0103 fiecare sesiune de antrenament \u00eentr-un timp distractiv de joc cu minge cu Liker Cord Rope<\/p>\n<div class=\"rtejustify\"><\/div>","protected":false},"excerpt":{"rendered":"<p>Cre\u0219te motiva\u021bia \u0219i tonusul jocului animalului dvs. de companie.<\/p>","protected":false},"featured_media":89080,"comment_status":"closed","ping_status":"closed","template":"","meta":[],"product_brand":[],"product_cat":[136,163,164],"product_tag":[165,166],"class_list":{"0":"post-8503","1":"product","2":"type-product","3":"status-publish","4":"has-post-thumbnail","6":"product_cat-dog","7":"product_cat-dog-toys","8":"product_cat-dog-balls","9":"product_tag-collar","10":"product_tag-igrushki","11":"pa_age-pet-lyuboj-vozrast","12":"pa_brand-collar","13":"pa_breed-size-dlya-vseh-porod","14":"pa_diameter-sm-5-sm","15":"pa_pet-sobaka","17":"first","18":"outofstock","19":"product-type-simple"},"yoast_head":"<!-- This site is optimized with the Yoast SEO Premium plugin v23.7 (Yoast SEO v27.6) - https:\/\/yoast.com\/product\/yoast-seo-premium-wordpress\/ -->\n<title>Collar. Liker Line. \u041c\u044f\u0447 \u0434\u043b\u044f \u0438\u0433\u0440\u044b \u0441 \u0441\u043e\u0431\u0430\u043a\u043e\u0439 \u043d\u0430 \u0448\u043d\u0443\u0440\u0435 5cm<\/title>\n<meta name=\"description\" content=\"\u041a\u0443\u043f\u0438\u0442\u044c Collar. Liker Line. \u041c\u044f\u0447 \u0434\u043b\u044f \u0438\u0433\u0440\u044b \u0441 \u0441\u043e\u0431\u0430\u043a\u043e\u0439 \u043d\u0430 \u0448\u043d\u0443\u0440\u0435 5cm \u0441 \u0434\u043e\u0441\u0442\u0430\u0432\u043a\u043e\u0439 \u043f\u043e \u041a\u0438\u0448\u0438\u043d\u0435\u0432\u0443 \u0438 \u0432\u0441\u0435\u0439 \u041c\u043e\u043b\u0434\u043e\u0432\u0435 \u043d\u0430 Pet24\" \/>\n<meta name=\"robots\" content=\"index, follow, max-snippet:-1, max-image-preview:large, max-video-preview:-1\" \/>\n<link rel=\"canonical\" href=\"https:\/\/pet24.md\/ro\/produs\/myachik-collar-liker-lajker-kord-na-shnure-raznyh-diametrov\/\" \/>\n<meta property=\"og:locale\" content=\"ro_RO\" \/>\n<meta property=\"og:type\" content=\"article\" \/>\n<meta property=\"og:title\" content=\"Collar. Liker Line. \u041c\u044f\u0447 \u0434\u043b\u044f \u0438\u0433\u0440\u044b \u0441 \u0441\u043e\u0431\u0430\u043a\u043e\u0439 \u043d\u0430 \u0448\u043d\u0443\u0440\u0435 5cm\" \/>\n<meta property=\"og:description\" content=\"\u041a\u0443\u043f\u0438\u0442\u044c Collar. Liker Line. \u041c\u044f\u0447 \u0434\u043b\u044f \u0438\u0433\u0440\u044b \u0441 \u0441\u043e\u0431\u0430\u043a\u043e\u0439 \u043d\u0430 \u0448\u043d\u0443\u0440\u0435 5cm \u0441 \u0434\u043e\u0441\u0442\u0430\u0432\u043a\u043e\u0439 \u043f\u043e \u041a\u0438\u0448\u0438\u043d\u0435\u0432\u0443 \u0438 \u0432\u0441\u0435\u0439 \u041c\u043e\u043b\u0434\u043e\u0432\u0435 \u043d\u0430 Pet24\" \/>\n<meta property=\"og:url\" content=\"https:\/\/pet24.md\/ro\/produs\/myachik-collar-liker-lajker-kord-na-shnure-raznyh-diametrov\/\" \/>\n<meta property=\"og:site_name\" content=\"Pet24\" \/>\n<meta property=\"article:publisher\" content=\"https:\/\/www.facebook.com\/pet24.md\" \/>\n<meta property=\"article:modified_time\" content=\"2024-09-22T22:09:15+00:00\" \/>\n<meta property=\"og:image\" content=\"https:\/\/pet24.md\/wp-content\/uploads\/2024\/09\/collar-liker-line-myach-dlya-igry-s-sobakoj-na-shnure-5cm.webp\" \/>\n\t<meta property=\"og:image:width\" content=\"583\" \/>\n\t<meta property=\"og:image:height\" content=\"600\" \/>\n\t<meta property=\"og:image:type\" content=\"image\/webp\" \/>\n<meta name=\"twitter:card\" content=\"summary_large_image\" \/>\n<script type=\"application\/ld+json\" class=\"yoast-schema-graph\">{\"@context\":\"https:\\\/\\\/schema.org\",\"@graph\":[{\"@type\":\"WebPage\",\"@id\":\"https:\\\/\\\/pet24.md\\\/product\\\/myachik-collar-liker-lajker-kord-na-shnure-raznyh-diametrov\\\/\",\"url\":\"https:\\\/\\\/pet24.md\\\/product\\\/myachik-collar-liker-lajker-kord-na-shnure-raznyh-diametrov\\\/\",\"name\":\"Collar. Liker Line. \u041c\u044f\u0447 \u0434\u043b\u044f \u0438\u0433\u0440\u044b \u0441 \u0441\u043e\u0431\u0430\u043a\u043e\u0439 \u043d\u0430 \u0448\u043d\u0443\u0440\u0435 5cm\",\"isPartOf\":{\"@id\":\"https:\\\/\\\/pet24.md\\\/#website\"},\"primaryImageOfPage\":{\"@id\":\"https:\\\/\\\/pet24.md\\\/product\\\/myachik-collar-liker-lajker-kord-na-shnure-raznyh-diametrov\\\/#primaryimage\"},\"image\":{\"@id\":\"https:\\\/\\\/pet24.md\\\/product\\\/myachik-collar-liker-lajker-kord-na-shnure-raznyh-diametrov\\\/#primaryimage\"},\"thumbnailUrl\":\"https:\\\/\\\/pet24.md\\\/wp-content\\\/uploads\\\/2024\\\/09\\\/collar-liker-line-myach-dlya-igry-s-sobakoj-na-shnure-5cm.webp\",\"datePublished\":\"2020-09-09T18:25:43+00:00\",\"dateModified\":\"2024-09-22T22:09:15+00:00\",\"description\":\"\u041a\u0443\u043f\u0438\u0442\u044c Collar. Liker Line. \u041c\u044f\u0447 \u0434\u043b\u044f \u0438\u0433\u0440\u044b \u0441 \u0441\u043e\u0431\u0430\u043a\u043e\u0439 \u043d\u0430 \u0448\u043d\u0443\u0440\u0435 5cm \u0441 \u0434\u043e\u0441\u0442\u0430\u0432\u043a\u043e\u0439 \u043f\u043e \u041a\u0438\u0448\u0438\u043d\u0435\u0432\u0443 \u0438 \u0432\u0441\u0435\u0439 \u041c\u043e\u043b\u0434\u043e\u0432\u0435 \u043d\u0430 Pet24\",\"breadcrumb\":{\"@id\":\"https:\\\/\\\/pet24.md\\\/product\\\/myachik-collar-liker-lajker-kord-na-shnure-raznyh-diametrov\\\/#breadcrumb\"},\"inLanguage\":\"ro-RO\",\"potentialAction\":[{\"@type\":\"ReadAction\",\"target\":[\"https:\\\/\\\/pet24.md\\\/product\\\/myachik-collar-liker-lajker-kord-na-shnure-raznyh-diametrov\\\/\"]}]},{\"@type\":\"ImageObject\",\"inLanguage\":\"ro-RO\",\"@id\":\"https:\\\/\\\/pet24.md\\\/product\\\/myachik-collar-liker-lajker-kord-na-shnure-raznyh-diametrov\\\/#primaryimage\",\"url\":\"https:\\\/\\\/pet24.md\\\/wp-content\\\/uploads\\\/2024\\\/09\\\/collar-liker-line-myach-dlya-igry-s-sobakoj-na-shnure-5cm.webp\",\"contentUrl\":\"https:\\\/\\\/pet24.md\\\/wp-content\\\/uploads\\\/2024\\\/09\\\/collar-liker-line-myach-dlya-igry-s-sobakoj-na-shnure-5cm.webp\",\"width\":583,\"height\":600,\"caption\":\"collar liker line myach dlya igry s sobakoj na shnure 5cm\"},{\"@type\":\"BreadcrumbList\",\"@id\":\"https:\\\/\\\/pet24.md\\\/product\\\/myachik-collar-liker-lajker-kord-na-shnure-raznyh-diametrov\\\/#breadcrumb\",\"itemListElement\":[{\"@type\":\"ListItem\",\"position\":1,\"name\":\"\u0413\u043b\u0430\u0432\u043d\u0430\u044f \u0441\u0442\u0440\u0430\u043d\u0438\u0446\u0430\",\"item\":\"https:\\\/\\\/pet24.md\\\/\"},{\"@type\":\"ListItem\",\"position\":2,\"name\":\"\u041c\u0430\u0433\u0430\u0437\u0438\u043d\",\"item\":\"https:\\\/\\\/pet24.md\\\/shop\\\/\"},{\"@type\":\"ListItem\",\"position\":3,\"name\":\"Collar. Liker Line. \u041c\u044f\u0447 \u0434\u043b\u044f \u0438\u0433\u0440\u044b \u0441 \u0441\u043e\u0431\u0430\u043a\u043e\u0439 \u043d\u0430 \u0448\u043d\u0443\u0440\u0435 5cm\"}]},{\"@type\":\"WebSite\",\"@id\":\"https:\\\/\\\/pet24.md\\\/#website\",\"url\":\"https:\\\/\\\/pet24.md\\\/\",\"name\":\"Pet24\",\"description\":\"\u0417\u043e\u043e\u043c\u0430\u0433\u0430\u0437\u0438\u043d \u0442\u043e\u0432\u0430\u0440\u043e\u0432 \u0434\u043b\u044f \u0434\u043e\u043c\u0430\u0448\u043d\u0438\u0445 \u043f\u0438\u0442\u043e\u043c\u0446\u0435\u0432\",\"publisher\":{\"@id\":\"https:\\\/\\\/pet24.md\\\/#organization\"},\"potentialAction\":[{\"@type\":\"SearchAction\",\"target\":{\"@type\":\"EntryPoint\",\"urlTemplate\":\"https:\\\/\\\/pet24.md\\\/?s={search_term_string}\"},\"query-input\":{\"@type\":\"PropertyValueSpecification\",\"valueRequired\":true,\"valueName\":\"search_term_string\"}}],\"inLanguage\":\"ro-RO\"},{\"@type\":\"Organization\",\"@id\":\"https:\\\/\\\/pet24.md\\\/#organization\",\"name\":\"Pet24\",\"url\":\"https:\\\/\\\/pet24.md\\\/\",\"logo\":{\"@type\":\"ImageObject\",\"inLanguage\":\"ro-RO\",\"@id\":\"https:\\\/\\\/pet24.md\\\/#\\\/schema\\\/logo\\\/image\\\/\",\"url\":\"https:\\\/\\\/pet24.md\\\/wp-content\\\/uploads\\\/2024\\\/09\\\/logo.svg\",\"contentUrl\":\"https:\\\/\\\/pet24.md\\\/wp-content\\\/uploads\\\/2024\\\/09\\\/logo.svg\",\"width\":215,\"height\":66,\"caption\":\"Pet24\"},\"image\":{\"@id\":\"https:\\\/\\\/pet24.md\\\/#\\\/schema\\\/logo\\\/image\\\/\"},\"sameAs\":[\"https:\\\/\\\/www.facebook.com\\\/pet24.md\",\"https:\\\/\\\/www.instagram.com\\\/pet24.md\\\/\"],\"telephone\":\"+37360508880\"}]}<\/script>\n<!-- \/ Yoast SEO Premium plugin. -->","yoast_head_json":{"title":"Guler. Liker Liker. Minge pentru joc cu un c\u00e2ine pe un snur de 5 cm","description":"\u041a\u0443\u043f\u0438\u0442\u044c Collar. Liker Line. \u041c\u044f\u0447 \u0434\u043b\u044f \u0438\u0433\u0440\u044b \u0441 \u0441\u043e\u0431\u0430\u043a\u043e\u0439 \u043d\u0430 \u0448\u043d\u0443\u0440\u0435 5cm \u0441 \u0434\u043e\u0441\u0442\u0430\u0432\u043a\u043e\u0439 \u043f\u043e \u041a\u0438\u0448\u0438\u043d\u0435\u0432\u0443 \u0438 \u0432\u0441\u0435\u0439 \u041c\u043e\u043b\u0434\u043e\u0432\u0435 \u043d\u0430 Pet24","robots":{"index":"index","follow":"follow","max-snippet":"max-snippet:-1","max-image-preview":"max-image-preview:large","max-video-preview":"max-video-preview:-1"},"canonical":"https:\/\/pet24.md\/ro\/produs\/myachik-collar-liker-lajker-kord-na-shnure-raznyh-diametrov\/","og_locale":"ro_RO","og_type":"article","og_title":"Collar. Liker Line. \u041c\u044f\u0447 \u0434\u043b\u044f \u0438\u0433\u0440\u044b \u0441 \u0441\u043e\u0431\u0430\u043a\u043e\u0439 \u043d\u0430 \u0448\u043d\u0443\u0440\u0435 5cm","og_description":"\u041a\u0443\u043f\u0438\u0442\u044c Collar. Liker Line. \u041c\u044f\u0447 \u0434\u043b\u044f \u0438\u0433\u0440\u044b \u0441 \u0441\u043e\u0431\u0430\u043a\u043e\u0439 \u043d\u0430 \u0448\u043d\u0443\u0440\u0435 5cm \u0441 \u0434\u043e\u0441\u0442\u0430\u0432\u043a\u043e\u0439 \u043f\u043e \u041a\u0438\u0448\u0438\u043d\u0435\u0432\u0443 \u0438 \u0432\u0441\u0435\u0439 \u041c\u043e\u043b\u0434\u043e\u0432\u0435 \u043d\u0430 Pet24","og_url":"https:\/\/pet24.md\/ro\/produs\/myachik-collar-liker-lajker-kord-na-shnure-raznyh-diametrov\/","og_site_name":"Pet24","article_publisher":"https:\/\/www.facebook.com\/pet24.md","article_modified_time":"2024-09-22T22:09:15+00:00","og_image":[{"width":583,"height":600,"url":"https:\/\/pet24.md\/wp-content\/uploads\/2024\/09\/collar-liker-line-myach-dlya-igry-s-sobakoj-na-shnure-5cm.webp","type":"image\/webp"}],"twitter_card":"summary_large_image","schema":{"@context":"https:\/\/schema.org","@graph":[{"@type":"WebPage","@id":"https:\/\/pet24.md\/product\/myachik-collar-liker-lajker-kord-na-shnure-raznyh-diametrov\/","url":"https:\/\/pet24.md\/product\/myachik-collar-liker-lajker-kord-na-shnure-raznyh-diametrov\/","name":"Guler. Liker Liker. Minge pentru joc cu un c\u00e2ine pe un snur de 5 cm","isPartOf":{"@id":"https:\/\/pet24.md\/#website"},"primaryImageOfPage":{"@id":"https:\/\/pet24.md\/product\/myachik-collar-liker-lajker-kord-na-shnure-raznyh-diametrov\/#primaryimage"},"image":{"@id":"https:\/\/pet24.md\/product\/myachik-collar-liker-lajker-kord-na-shnure-raznyh-diametrov\/#primaryimage"},"thumbnailUrl":"https:\/\/pet24.md\/wp-content\/uploads\/2024\/09\/collar-liker-line-myach-dlya-igry-s-sobakoj-na-shnure-5cm.webp","datePublished":"2020-09-09T18:25:43+00:00","dateModified":"2024-09-22T22:09:15+00:00","description":"\u041a\u0443\u043f\u0438\u0442\u044c Collar. Liker Line. \u041c\u044f\u0447 \u0434\u043b\u044f \u0438\u0433\u0440\u044b \u0441 \u0441\u043e\u0431\u0430\u043a\u043e\u0439 \u043d\u0430 \u0448\u043d\u0443\u0440\u0435 5cm \u0441 \u0434\u043e\u0441\u0442\u0430\u0432\u043a\u043e\u0439 \u043f\u043e \u041a\u0438\u0448\u0438\u043d\u0435\u0432\u0443 \u0438 \u0432\u0441\u0435\u0439 \u041c\u043e\u043b\u0434\u043e\u0432\u0435 \u043d\u0430 Pet24","breadcrumb":{"@id":"https:\/\/pet24.md\/product\/myachik-collar-liker-lajker-kord-na-shnure-raznyh-diametrov\/#breadcrumb"},"inLanguage":"ro-RO","potentialAction":[{"@type":"ReadAction","target":["https:\/\/pet24.md\/product\/myachik-collar-liker-lajker-kord-na-shnure-raznyh-diametrov\/"]}]},{"@type":"ImageObject","inLanguage":"ro-RO","@id":"https:\/\/pet24.md\/product\/myachik-collar-liker-lajker-kord-na-shnure-raznyh-diametrov\/#primaryimage","url":"https:\/\/pet24.md\/wp-content\/uploads\/2024\/09\/collar-liker-line-myach-dlya-igry-s-sobakoj-na-shnure-5cm.webp","contentUrl":"https:\/\/pet24.md\/wp-content\/uploads\/2024\/09\/collar-liker-line-myach-dlya-igry-s-sobakoj-na-shnure-5cm.webp","width":583,"height":600,"caption":"collar liker line myach dlya igry s sobakoj na shnure 5cm"},{"@type":"BreadcrumbList","@id":"https:\/\/pet24.md\/product\/myachik-collar-liker-lajker-kord-na-shnure-raznyh-diametrov\/#breadcrumb","itemListElement":[{"@type":"ListItem","position":1,"name":"\u0413\u043b\u0430\u0432\u043d\u0430\u044f \u0441\u0442\u0440\u0430\u043d\u0438\u0446\u0430","item":"https:\/\/pet24.md\/"},{"@type":"ListItem","position":2,"name":"\u041c\u0430\u0433\u0430\u0437\u0438\u043d","item":"https:\/\/pet24.md\/shop\/"},{"@type":"ListItem","position":3,"name":"Collar. Liker Line. \u041c\u044f\u0447 \u0434\u043b\u044f \u0438\u0433\u0440\u044b \u0441 \u0441\u043e\u0431\u0430\u043a\u043e\u0439 \u043d\u0430 \u0448\u043d\u0443\u0440\u0435 5cm"}]},{"@type":"WebSite","@id":"https:\/\/pet24.md\/#website","url":"https:\/\/pet24.md\/","name":"Pet24","description":"Magazin de animale de companie","publisher":{"@id":"https:\/\/pet24.md\/#organization"},"potentialAction":[{"@type":"SearchAction","target":{"@type":"EntryPoint","urlTemplate":"https:\/\/pet24.md\/?s={search_term_string}"},"query-input":{"@type":"PropertyValueSpecification","valueRequired":true,"valueName":"search_term_string"}}],"inLanguage":"ro-RO"},{"@type":"Organization","@id":"https:\/\/pet24.md\/#organization","name":"Pet24","url":"https:\/\/pet24.md\/","logo":{"@type":"ImageObject","inLanguage":"ro-RO","@id":"https:\/\/pet24.md\/#\/schema\/logo\/image\/","url":"https:\/\/pet24.md\/wp-content\/uploads\/2024\/09\/logo.svg","contentUrl":"https:\/\/pet24.md\/wp-content\/uploads\/2024\/09\/logo.svg","width":215,"height":66,"caption":"Pet24"},"image":{"@id":"https:\/\/pet24.md\/#\/schema\/logo\/image\/"},"sameAs":["https:\/\/www.facebook.com\/pet24.md","https:\/\/www.instagram.com\/pet24.md\/"],"telephone":"+37360508880"}]}},"_links":{"self":[{"href":"https:\/\/pet24.md\/ro\/wp-json\/wp\/v2\/product\/8503","targetHints":{"allow":["GET"]}}],"collection":[{"href":"https:\/\/pet24.md\/ro\/wp-json\/wp\/v2\/product"}],"about":[{"href":"https:\/\/pet24.md\/ro\/wp-json\/wp\/v2\/types\/product"}],"replies":[{"embeddable":true,"href":"https:\/\/pet24.md\/ro\/wp-json\/wp\/v2\/comments?post=8503"}],"wp:featuredmedia":[{"embeddable":true,"href":"https:\/\/pet24.md\/ro\/wp-json\/wp\/v2\/media\/89080"}],"wp:attachment":[{"href":"https:\/\/pet24.md\/ro\/wp-json\/wp\/v2\/media?parent=8503"}],"wp:term":[{"taxonomy":"product_brand","embeddable":true,"href":"https:\/\/pet24.md\/ro\/wp-json\/wp\/v2\/product_brand?post=8503"},{"taxonomy":"product_cat","embeddable":true,"href":"https:\/\/pet24.md\/ro\/wp-json\/wp\/v2\/product_cat?post=8503"},{"taxonomy":"product_tag","embeddable":true,"href":"https:\/\/pet24.md\/ro\/wp-json\/wp\/v2\/product_tag?post=8503"}],"curies":[{"name":"wp","href":"https:\/\/api.w.org\/{rel}","templated":true}]}}