{"id":85071,"date":"2024-08-01T08:07:49","date_gmt":"2024-08-01T08:07:49","guid":{"rendered":"https:\/\/pet24.md\/?post_type=product&#038;p=85071"},"modified":"2024-09-22T22:16:13","modified_gmt":"2024-09-22T22:16:13","slug":"unitabs-mama-kitty-vitaminno-mineralnyj-kompleks-dlya-kotyat-beremennyh-i-kormyashhih-koshek-200-tab","status":"publish","type":"product","link":"https:\/\/pet24.md\/ro\/produs\/unitabs-mama-kitty-vitaminno-mineralnyj-kompleks-dlya-kotyat-beremennyh-i-kormyashhih-koshek-200-tab\/","title":{"rendered":"Unitabs Mama+Kitty complex de vitamine \u0219i minerale pentru pisoi, pisici gestante \u0219i care al\u0103pteaz\u0103 200 tab."},"content":{"rendered":"<h3>Unitabs Mama+Kitty - complex de vitamine \u0219i minerale pentru pisoi, pisici gestante \u0219i care al\u0103pteaz\u0103<\/h3>\n<p>Unitabs Mama+Kitty este un complex de vitamine \u0219i minerale care con\u021bine acid folic \u0219i toate vitaminele, macro \u0219i microelemente necesare pentru dezvoltarea deplin\u0103 a puilor.<\/p>\n<p><strong>Beneficii cheie<\/strong><\/p>\n<ul>\n<li>Promoveaz\u0103 dezvoltarea deplin\u0103 a urma\u0219ilor<\/li>\n<li>\u00cembun\u0103t\u0103\u021be\u0219te compozi\u021bia \u0219i secre\u021bia laptelui<\/li>\n<li>Reface nevoile crescute de vitamine, macro \u0219i microelemente.<\/li>\n<li>Normalizeaz\u0103 metabolismul<\/li>\n<\/ul>\n<p><strong>Recomand\u0103ri de utilizare:<\/strong><\/p>\n<ul>\n<li>Pentru prevenirea hipovitaminozei \u0219i a deficitului de minerale din primele zile de sarcin\u0103 p\u00e2n\u0103 la sf\u00e2r\u0219itul lacta\u021biei<\/li>\n<li>Pentru pisici pentru prevenirea malforma\u021biilor congenitale<\/li>\n<li>Pisici \u00een perioadele de cre\u0219tere \u0219i dezvoltare intensiv\u0103<\/li>\n<\/ul>\n<p><strong>Compus<\/strong><\/p>\n<p>Unitabs Mama+Kitty include 17 elemente pentru ac\u021biune complex\u0103:<\/p>\n<ul>\n<li>Acid folic<\/li>\n<li>Vitamine: A, B1, B2, B5, B6, PP, B9 (Vs), H<\/li>\n<li>Minerale: calciu, fosfor, magneziu, fier, cupru, zinc, mangan, iod<\/li>\n<\/ul>\n<p><strong>Procedura de aplicare<\/strong><\/p>\n<ul>\n<li>Zilnic pentru pisoi de la 4 s\u0103pt\u0103m\u00e2ni p\u00e2n\u0103 la 1 an<\/li>\n<li>Pentru pisici \u00een timpul sarcinii \u0219i al\u0103pt\u0103rii: 1 comprimat la 1 kg de greutate<\/li>\n<\/ul>\n<p>Acest complex asigur\u0103 un echilibru optim de vitamine, macro \u0219i microelemente, prevenind efectele adverse ale deficitului de substan\u021be din organismul pisicilor \u00een cre\u0219tere, precum \u0219i al pisicilor gestante \u0219i care al\u0103pteaz\u0103.<\/p>","protected":false},"excerpt":{"rendered":"<p>Unitabs Mama+Kitty este un complex de vitamine \u0219i minerale pentru pisoi, pisici gestante \u0219i care al\u0103pteaz\u0103, care con\u021bine toate elementele necesare pentru dezvoltarea deplin\u0103 a puilor \u0219i \u00eembun\u0103t\u0103\u021birea compozi\u021biei laptelui. Reface necesarul de vitamine \u0219i minerale, normalizeaz\u0103 metabolismul, previne hipovitaminoza \u0219i malforma\u021biile congenitale.<\/p>","protected":false},"featured_media":91030,"comment_status":"open","ping_status":"closed","template":"","meta":[],"product_brand":[],"product_cat":[287,740,193],"product_tag":[741,742,187,687],"class_list":{"0":"post-85071","1":"product","2":"type-product","3":"status-publish","4":"has-post-thumbnail","6":"product_cat-cats-vetapothecary","7":"product_cat-cat-supplements","8":"product_cat-cat","9":"product_tag-unitabs","10":"product_tag-beremennye-i-kormyashhie","11":"product_tag-vitaminy","12":"product_tag-kormovaya-dobavka-dlya-sobak","13":"pa_age-pet-vzroslyj","14":"pa_brand-unitabs","15":"pa_packaging-plastikovaya-banka","16":"pa_pet-koshka","17":"pa_pet-feature-beremennye-i-kormyashhie","19":"first","20":"instock","21":"sale","22":"shipping-taxable","23":"product-type-simple"},"yoast_head":"<!-- This site is optimized with the Yoast SEO Premium plugin v23.7 (Yoast SEO v27.6) - https:\/\/yoast.com\/product\/yoast-seo-premium-wordpress\/ -->\n<title>Unitabs Mama+Kitty \u0432\u0438\u0442\u0430\u043c\u0438\u043d\u043d\u043e-\u043c\u0438\u043d\u0435\u0440\u0430\u043b\u044c\u043d\u044b\u0439 \u043a\u043e\u043c\u043f\u043b\u0435\u043a\u0441 \u0434\u043b\u044f \u043a\u043e\u0442\u044f\u0442, \u0431\u0435\u0440\u0435\u043c\u0435\u043d\u043d\u044b\u0445 \u0438 \u043a\u043e\u0440\u043c\u044f\u0449\u0438\u0445 \u043a\u043e\u0448\u0435\u043a 200 \u0442\u0430\u0431.<\/title>\n<meta name=\"description\" content=\"\u041a\u0443\u043f\u0438\u0442\u044c Unitabs Mama+Kitty \u0432\u0438\u0442\u0430\u043c\u0438\u043d\u043d\u043e-\u043c\u0438\u043d\u0435\u0440\u0430\u043b\u044c\u043d\u044b\u0439 \u043a\u043e\u043c\u043f\u043b\u0435\u043a\u0441 \u0434\u043b\u044f \u043a\u043e\u0442\u044f\u0442, \u0431\u0435\u0440\u0435\u043c\u0435\u043d\u043d\u044b\u0445 \u0438 \u043a\u043e\u0440\u043c\u044f\u0449\u0438\u0445 \u043a\u043e\u0448\u0435\u043a 200 \u0442\u0430\u0431. \u0441 \u0434\u043e\u0441\u0442\u0430\u0432\u043a\u043e\u0439 \u043f\u043e \u041a\u0438\u0448\u0438\u043d\u0435\u0432\u0443 \u0438 \u0432\u0441\u0435\u0439 \u041c\u043e\u043b\u0434\u043e\u0432\u0435 \u043d\u0430 Pet24\" \/>\n<meta name=\"robots\" content=\"index, follow, max-snippet:-1, max-image-preview:large, max-video-preview:-1\" \/>\n<link rel=\"canonical\" href=\"https:\/\/pet24.md\/ro\/produs\/unitabs-mama-kitty-vitaminno-mineralnyj-kompleks-dlya-kotyat-beremennyh-i-kormyashhih-koshek-200-tab\/\" \/>\n<meta property=\"og:locale\" content=\"ro_RO\" \/>\n<meta property=\"og:type\" content=\"article\" \/>\n<meta property=\"og:title\" content=\"Unitabs Mama+Kitty \u0432\u0438\u0442\u0430\u043c\u0438\u043d\u043d\u043e-\u043c\u0438\u043d\u0435\u0440\u0430\u043b\u044c\u043d\u044b\u0439 \u043a\u043e\u043c\u043f\u043b\u0435\u043a\u0441 \u0434\u043b\u044f \u043a\u043e\u0442\u044f\u0442, \u0431\u0435\u0440\u0435\u043c\u0435\u043d\u043d\u044b\u0445 \u0438 \u043a\u043e\u0440\u043c\u044f\u0449\u0438\u0445 \u043a\u043e\u0448\u0435\u043a 200 \u0442\u0430\u0431.\" \/>\n<meta property=\"og:description\" content=\"\u041a\u0443\u043f\u0438\u0442\u044c Unitabs Mama+Kitty \u0432\u0438\u0442\u0430\u043c\u0438\u043d\u043d\u043e-\u043c\u0438\u043d\u0435\u0440\u0430\u043b\u044c\u043d\u044b\u0439 \u043a\u043e\u043c\u043f\u043b\u0435\u043a\u0441 \u0434\u043b\u044f \u043a\u043e\u0442\u044f\u0442, \u0431\u0435\u0440\u0435\u043c\u0435\u043d\u043d\u044b\u0445 \u0438 \u043a\u043e\u0440\u043c\u044f\u0449\u0438\u0445 \u043a\u043e\u0448\u0435\u043a 200 \u0442\u0430\u0431. \u0441 \u0434\u043e\u0441\u0442\u0430\u0432\u043a\u043e\u0439 \u043f\u043e \u041a\u0438\u0448\u0438\u043d\u0435\u0432\u0443 \u0438 \u0432\u0441\u0435\u0439 \u041c\u043e\u043b\u0434\u043e\u0432\u0435 \u043d\u0430 Pet24\" \/>\n<meta property=\"og:url\" content=\"https:\/\/pet24.md\/ro\/produs\/unitabs-mama-kitty-vitaminno-mineralnyj-kompleks-dlya-kotyat-beremennyh-i-kormyashhih-koshek-200-tab\/\" \/>\n<meta property=\"og:site_name\" content=\"Pet24\" \/>\n<meta property=\"article:publisher\" content=\"https:\/\/www.facebook.com\/pet24.md\" \/>\n<meta property=\"article:modified_time\" content=\"2024-09-22T22:16:13+00:00\" \/>\n<meta property=\"og:image\" content=\"https:\/\/pet24.md\/wp-content\/uploads\/2024\/09\/unitabs-mamakitty-vitaminno-mineralnyj-kompleks-dlya-kotyat-beremennyh-i-kormyashhih-koshek-200-tab-1.webp\" \/>\n\t<meta property=\"og:image:width\" content=\"600\" \/>\n\t<meta property=\"og:image:height\" content=\"600\" \/>\n\t<meta property=\"og:image:type\" content=\"image\/webp\" \/>\n<meta name=\"twitter:card\" content=\"summary_large_image\" \/>\n<script type=\"application\/ld+json\" class=\"yoast-schema-graph\">{\"@context\":\"https:\\\/\\\/schema.org\",\"@graph\":[{\"@type\":\"WebPage\",\"@id\":\"https:\\\/\\\/pet24.md\\\/ro\\\/produs\\\/unitabs-mama-kitty-vitaminno-mineralnyj-kompleks-dlya-kotyat-beremennyh-i-kormyashhih-koshek-200-tab\\\/\",\"url\":\"https:\\\/\\\/pet24.md\\\/ro\\\/produs\\\/unitabs-mama-kitty-vitaminno-mineralnyj-kompleks-dlya-kotyat-beremennyh-i-kormyashhih-koshek-200-tab\\\/\",\"name\":\"Unitabs Mama+Kitty \u0432\u0438\u0442\u0430\u043c\u0438\u043d\u043d\u043e-\u043c\u0438\u043d\u0435\u0440\u0430\u043b\u044c\u043d\u044b\u0439 \u043a\u043e\u043c\u043f\u043b\u0435\u043a\u0441 \u0434\u043b\u044f \u043a\u043e\u0442\u044f\u0442, \u0431\u0435\u0440\u0435\u043c\u0435\u043d\u043d\u044b\u0445 \u0438 \u043a\u043e\u0440\u043c\u044f\u0449\u0438\u0445 \u043a\u043e\u0448\u0435\u043a 200 \u0442\u0430\u0431.\",\"isPartOf\":{\"@id\":\"https:\\\/\\\/pet24.md\\\/#website\"},\"primaryImageOfPage\":{\"@id\":\"https:\\\/\\\/pet24.md\\\/ro\\\/produs\\\/unitabs-mama-kitty-vitaminno-mineralnyj-kompleks-dlya-kotyat-beremennyh-i-kormyashhih-koshek-200-tab\\\/#primaryimage\"},\"image\":{\"@id\":\"https:\\\/\\\/pet24.md\\\/ro\\\/produs\\\/unitabs-mama-kitty-vitaminno-mineralnyj-kompleks-dlya-kotyat-beremennyh-i-kormyashhih-koshek-200-tab\\\/#primaryimage\"},\"thumbnailUrl\":\"https:\\\/\\\/pet24.md\\\/wp-content\\\/uploads\\\/2024\\\/09\\\/unitabs-mamakitty-vitaminno-mineralnyj-kompleks-dlya-kotyat-beremennyh-i-kormyashhih-koshek-200-tab-1.webp\",\"datePublished\":\"2024-08-01T08:07:49+00:00\",\"dateModified\":\"2024-09-22T22:16:13+00:00\",\"description\":\"\u041a\u0443\u043f\u0438\u0442\u044c Unitabs Mama+Kitty \u0432\u0438\u0442\u0430\u043c\u0438\u043d\u043d\u043e-\u043c\u0438\u043d\u0435\u0440\u0430\u043b\u044c\u043d\u044b\u0439 \u043a\u043e\u043c\u043f\u043b\u0435\u043a\u0441 \u0434\u043b\u044f \u043a\u043e\u0442\u044f\u0442, \u0431\u0435\u0440\u0435\u043c\u0435\u043d\u043d\u044b\u0445 \u0438 \u043a\u043e\u0440\u043c\u044f\u0449\u0438\u0445 \u043a\u043e\u0448\u0435\u043a 200 \u0442\u0430\u0431. \u0441 \u0434\u043e\u0441\u0442\u0430\u0432\u043a\u043e\u0439 \u043f\u043e \u041a\u0438\u0448\u0438\u043d\u0435\u0432\u0443 \u0438 \u0432\u0441\u0435\u0439 \u041c\u043e\u043b\u0434\u043e\u0432\u0435 \u043d\u0430 Pet24\",\"breadcrumb\":{\"@id\":\"https:\\\/\\\/pet24.md\\\/ro\\\/produs\\\/unitabs-mama-kitty-vitaminno-mineralnyj-kompleks-dlya-kotyat-beremennyh-i-kormyashhih-koshek-200-tab\\\/#breadcrumb\"},\"inLanguage\":\"ro-RO\",\"potentialAction\":[{\"@type\":\"ReadAction\",\"target\":[\"https:\\\/\\\/pet24.md\\\/ro\\\/produs\\\/unitabs-mama-kitty-vitaminno-mineralnyj-kompleks-dlya-kotyat-beremennyh-i-kormyashhih-koshek-200-tab\\\/\"]}]},{\"@type\":\"ImageObject\",\"inLanguage\":\"ro-RO\",\"@id\":\"https:\\\/\\\/pet24.md\\\/ro\\\/produs\\\/unitabs-mama-kitty-vitaminno-mineralnyj-kompleks-dlya-kotyat-beremennyh-i-kormyashhih-koshek-200-tab\\\/#primaryimage\",\"url\":\"https:\\\/\\\/pet24.md\\\/wp-content\\\/uploads\\\/2024\\\/09\\\/unitabs-mamakitty-vitaminno-mineralnyj-kompleks-dlya-kotyat-beremennyh-i-kormyashhih-koshek-200-tab-1.webp\",\"contentUrl\":\"https:\\\/\\\/pet24.md\\\/wp-content\\\/uploads\\\/2024\\\/09\\\/unitabs-mamakitty-vitaminno-mineralnyj-kompleks-dlya-kotyat-beremennyh-i-kormyashhih-koshek-200-tab-1.webp\",\"width\":600,\"height\":600,\"caption\":\"Unitabs Mama+Kitty \u0432\u0438\u0442\u0430\u043c\u0438\u043d\u043d\u043e-\u043c\u0438\u043d\u0435\u0440\u0430\u043b\u044c\u043d\u044b\u0439 \u043a\u043e\u043c\u043f\u043b\u0435\u043a\u0441 \u0434\u043b\u044f \u043a\u043e\u0442\u044f\u0442\"},{\"@type\":\"BreadcrumbList\",\"@id\":\"https:\\\/\\\/pet24.md\\\/ro\\\/produs\\\/unitabs-mama-kitty-vitaminno-mineralnyj-kompleks-dlya-kotyat-beremennyh-i-kormyashhih-koshek-200-tab\\\/#breadcrumb\",\"itemListElement\":[{\"@type\":\"ListItem\",\"position\":1,\"name\":\"\u0413\u043b\u0430\u0432\u043d\u0430\u044f \u0441\u0442\u0440\u0430\u043d\u0438\u0446\u0430\",\"item\":\"https:\\\/\\\/pet24.md\\\/\"},{\"@type\":\"ListItem\",\"position\":2,\"name\":\"\u041c\u0430\u0433\u0430\u0437\u0438\u043d\",\"item\":\"https:\\\/\\\/pet24.md\\\/shop\\\/\"},{\"@type\":\"ListItem\",\"position\":3,\"name\":\"Unitabs Mama+Kitty \u0432\u0438\u0442\u0430\u043c\u0438\u043d\u043d\u043e-\u043c\u0438\u043d\u0435\u0440\u0430\u043b\u044c\u043d\u044b\u0439 \u043a\u043e\u043c\u043f\u043b\u0435\u043a\u0441 \u0434\u043b\u044f \u043a\u043e\u0442\u044f\u0442, \u0431\u0435\u0440\u0435\u043c\u0435\u043d\u043d\u044b\u0445 \u0438 \u043a\u043e\u0440\u043c\u044f\u0449\u0438\u0445 \u043a\u043e\u0448\u0435\u043a 200 \u0442\u0430\u0431.\"}]},{\"@type\":\"WebSite\",\"@id\":\"https:\\\/\\\/pet24.md\\\/#website\",\"url\":\"https:\\\/\\\/pet24.md\\\/\",\"name\":\"Pet24\",\"description\":\"\u0417\u043e\u043e\u043c\u0430\u0433\u0430\u0437\u0438\u043d \u0442\u043e\u0432\u0430\u0440\u043e\u0432 \u0434\u043b\u044f \u0434\u043e\u043c\u0430\u0448\u043d\u0438\u0445 \u043f\u0438\u0442\u043e\u043c\u0446\u0435\u0432\",\"publisher\":{\"@id\":\"https:\\\/\\\/pet24.md\\\/#organization\"},\"potentialAction\":[{\"@type\":\"SearchAction\",\"target\":{\"@type\":\"EntryPoint\",\"urlTemplate\":\"https:\\\/\\\/pet24.md\\\/?s={search_term_string}\"},\"query-input\":{\"@type\":\"PropertyValueSpecification\",\"valueRequired\":true,\"valueName\":\"search_term_string\"}}],\"inLanguage\":\"ro-RO\"},{\"@type\":\"Organization\",\"@id\":\"https:\\\/\\\/pet24.md\\\/#organization\",\"name\":\"Pet24\",\"url\":\"https:\\\/\\\/pet24.md\\\/\",\"logo\":{\"@type\":\"ImageObject\",\"inLanguage\":\"ro-RO\",\"@id\":\"https:\\\/\\\/pet24.md\\\/#\\\/schema\\\/logo\\\/image\\\/\",\"url\":\"https:\\\/\\\/pet24.md\\\/wp-content\\\/uploads\\\/2024\\\/09\\\/logo.svg\",\"contentUrl\":\"https:\\\/\\\/pet24.md\\\/wp-content\\\/uploads\\\/2024\\\/09\\\/logo.svg\",\"width\":215,\"height\":66,\"caption\":\"Pet24\"},\"image\":{\"@id\":\"https:\\\/\\\/pet24.md\\\/#\\\/schema\\\/logo\\\/image\\\/\"},\"sameAs\":[\"https:\\\/\\\/www.facebook.com\\\/pet24.md\",\"https:\\\/\\\/www.instagram.com\\\/pet24.md\\\/\"],\"telephone\":\"+37360508880\"}]}<\/script>\n<!-- \/ Yoast SEO Premium plugin. -->","yoast_head_json":{"title":"Unitabs Mama+Kitty complex de vitamine \u0219i minerale pentru pisoi, pisici gestante \u0219i care al\u0103pteaz\u0103 200 tab.","description":"\u041a\u0443\u043f\u0438\u0442\u044c Unitabs Mama+Kitty \u0432\u0438\u0442\u0430\u043c\u0438\u043d\u043d\u043e-\u043c\u0438\u043d\u0435\u0440\u0430\u043b\u044c\u043d\u044b\u0439 \u043a\u043e\u043c\u043f\u043b\u0435\u043a\u0441 \u0434\u043b\u044f \u043a\u043e\u0442\u044f\u0442, \u0431\u0435\u0440\u0435\u043c\u0435\u043d\u043d\u044b\u0445 \u0438 \u043a\u043e\u0440\u043c\u044f\u0449\u0438\u0445 \u043a\u043e\u0448\u0435\u043a 200 \u0442\u0430\u0431. \u0441 \u0434\u043e\u0441\u0442\u0430\u0432\u043a\u043e\u0439 \u043f\u043e \u041a\u0438\u0448\u0438\u043d\u0435\u0432\u0443 \u0438 \u0432\u0441\u0435\u0439 \u041c\u043e\u043b\u0434\u043e\u0432\u0435 \u043d\u0430 Pet24","robots":{"index":"index","follow":"follow","max-snippet":"max-snippet:-1","max-image-preview":"max-image-preview:large","max-video-preview":"max-video-preview:-1"},"canonical":"https:\/\/pet24.md\/ro\/produs\/unitabs-mama-kitty-vitaminno-mineralnyj-kompleks-dlya-kotyat-beremennyh-i-kormyashhih-koshek-200-tab\/","og_locale":"ro_RO","og_type":"article","og_title":"Unitabs Mama+Kitty \u0432\u0438\u0442\u0430\u043c\u0438\u043d\u043d\u043e-\u043c\u0438\u043d\u0435\u0440\u0430\u043b\u044c\u043d\u044b\u0439 \u043a\u043e\u043c\u043f\u043b\u0435\u043a\u0441 \u0434\u043b\u044f \u043a\u043e\u0442\u044f\u0442, \u0431\u0435\u0440\u0435\u043c\u0435\u043d\u043d\u044b\u0445 \u0438 \u043a\u043e\u0440\u043c\u044f\u0449\u0438\u0445 \u043a\u043e\u0448\u0435\u043a 200 \u0442\u0430\u0431.","og_description":"\u041a\u0443\u043f\u0438\u0442\u044c Unitabs Mama+Kitty \u0432\u0438\u0442\u0430\u043c\u0438\u043d\u043d\u043e-\u043c\u0438\u043d\u0435\u0440\u0430\u043b\u044c\u043d\u044b\u0439 \u043a\u043e\u043c\u043f\u043b\u0435\u043a\u0441 \u0434\u043b\u044f \u043a\u043e\u0442\u044f\u0442, \u0431\u0435\u0440\u0435\u043c\u0435\u043d\u043d\u044b\u0445 \u0438 \u043a\u043e\u0440\u043c\u044f\u0449\u0438\u0445 \u043a\u043e\u0448\u0435\u043a 200 \u0442\u0430\u0431. \u0441 \u0434\u043e\u0441\u0442\u0430\u0432\u043a\u043e\u0439 \u043f\u043e \u041a\u0438\u0448\u0438\u043d\u0435\u0432\u0443 \u0438 \u0432\u0441\u0435\u0439 \u041c\u043e\u043b\u0434\u043e\u0432\u0435 \u043d\u0430 Pet24","og_url":"https:\/\/pet24.md\/ro\/produs\/unitabs-mama-kitty-vitaminno-mineralnyj-kompleks-dlya-kotyat-beremennyh-i-kormyashhih-koshek-200-tab\/","og_site_name":"Pet24","article_publisher":"https:\/\/www.facebook.com\/pet24.md","article_modified_time":"2024-09-22T22:16:13+00:00","og_image":[{"width":600,"height":600,"url":"https:\/\/pet24.md\/wp-content\/uploads\/2024\/09\/unitabs-mamakitty-vitaminno-mineralnyj-kompleks-dlya-kotyat-beremennyh-i-kormyashhih-koshek-200-tab-1.webp","type":"image\/webp"}],"twitter_card":"summary_large_image","schema":{"@context":"https:\/\/schema.org","@graph":[{"@type":"WebPage","@id":"https:\/\/pet24.md\/ro\/produs\/unitabs-mama-kitty-vitaminno-mineralnyj-kompleks-dlya-kotyat-beremennyh-i-kormyashhih-koshek-200-tab\/","url":"https:\/\/pet24.md\/ro\/produs\/unitabs-mama-kitty-vitaminno-mineralnyj-kompleks-dlya-kotyat-beremennyh-i-kormyashhih-koshek-200-tab\/","name":"Unitabs Mama+Kitty complex de vitamine \u0219i minerale pentru pisoi, pisici gestante \u0219i care al\u0103pteaz\u0103 200 tab.","isPartOf":{"@id":"https:\/\/pet24.md\/#website"},"primaryImageOfPage":{"@id":"https:\/\/pet24.md\/ro\/produs\/unitabs-mama-kitty-vitaminno-mineralnyj-kompleks-dlya-kotyat-beremennyh-i-kormyashhih-koshek-200-tab\/#primaryimage"},"image":{"@id":"https:\/\/pet24.md\/ro\/produs\/unitabs-mama-kitty-vitaminno-mineralnyj-kompleks-dlya-kotyat-beremennyh-i-kormyashhih-koshek-200-tab\/#primaryimage"},"thumbnailUrl":"https:\/\/pet24.md\/wp-content\/uploads\/2024\/09\/unitabs-mamakitty-vitaminno-mineralnyj-kompleks-dlya-kotyat-beremennyh-i-kormyashhih-koshek-200-tab-1.webp","datePublished":"2024-08-01T08:07:49+00:00","dateModified":"2024-09-22T22:16:13+00:00","description":"\u041a\u0443\u043f\u0438\u0442\u044c Unitabs Mama+Kitty \u0432\u0438\u0442\u0430\u043c\u0438\u043d\u043d\u043e-\u043c\u0438\u043d\u0435\u0440\u0430\u043b\u044c\u043d\u044b\u0439 \u043a\u043e\u043c\u043f\u043b\u0435\u043a\u0441 \u0434\u043b\u044f \u043a\u043e\u0442\u044f\u0442, \u0431\u0435\u0440\u0435\u043c\u0435\u043d\u043d\u044b\u0445 \u0438 \u043a\u043e\u0440\u043c\u044f\u0449\u0438\u0445 \u043a\u043e\u0448\u0435\u043a 200 \u0442\u0430\u0431. \u0441 \u0434\u043e\u0441\u0442\u0430\u0432\u043a\u043e\u0439 \u043f\u043e \u041a\u0438\u0448\u0438\u043d\u0435\u0432\u0443 \u0438 \u0432\u0441\u0435\u0439 \u041c\u043e\u043b\u0434\u043e\u0432\u0435 \u043d\u0430 Pet24","breadcrumb":{"@id":"https:\/\/pet24.md\/ro\/produs\/unitabs-mama-kitty-vitaminno-mineralnyj-kompleks-dlya-kotyat-beremennyh-i-kormyashhih-koshek-200-tab\/#breadcrumb"},"inLanguage":"ro-RO","potentialAction":[{"@type":"ReadAction","target":["https:\/\/pet24.md\/ro\/produs\/unitabs-mama-kitty-vitaminno-mineralnyj-kompleks-dlya-kotyat-beremennyh-i-kormyashhih-koshek-200-tab\/"]}]},{"@type":"ImageObject","inLanguage":"ro-RO","@id":"https:\/\/pet24.md\/ro\/produs\/unitabs-mama-kitty-vitaminno-mineralnyj-kompleks-dlya-kotyat-beremennyh-i-kormyashhih-koshek-200-tab\/#primaryimage","url":"https:\/\/pet24.md\/wp-content\/uploads\/2024\/09\/unitabs-mamakitty-vitaminno-mineralnyj-kompleks-dlya-kotyat-beremennyh-i-kormyashhih-koshek-200-tab-1.webp","contentUrl":"https:\/\/pet24.md\/wp-content\/uploads\/2024\/09\/unitabs-mamakitty-vitaminno-mineralnyj-kompleks-dlya-kotyat-beremennyh-i-kormyashhih-koshek-200-tab-1.webp","width":600,"height":600,"caption":"Unitabs Mama+Kitty \u0432\u0438\u0442\u0430\u043c\u0438\u043d\u043d\u043e-\u043c\u0438\u043d\u0435\u0440\u0430\u043b\u044c\u043d\u044b\u0439 \u043a\u043e\u043c\u043f\u043b\u0435\u043a\u0441 \u0434\u043b\u044f \u043a\u043e\u0442\u044f\u0442"},{"@type":"BreadcrumbList","@id":"https:\/\/pet24.md\/ro\/produs\/unitabs-mama-kitty-vitaminno-mineralnyj-kompleks-dlya-kotyat-beremennyh-i-kormyashhih-koshek-200-tab\/#breadcrumb","itemListElement":[{"@type":"ListItem","position":1,"name":"\u0413\u043b\u0430\u0432\u043d\u0430\u044f \u0441\u0442\u0440\u0430\u043d\u0438\u0446\u0430","item":"https:\/\/pet24.md\/"},{"@type":"ListItem","position":2,"name":"\u041c\u0430\u0433\u0430\u0437\u0438\u043d","item":"https:\/\/pet24.md\/shop\/"},{"@type":"ListItem","position":3,"name":"Unitabs Mama+Kitty \u0432\u0438\u0442\u0430\u043c\u0438\u043d\u043d\u043e-\u043c\u0438\u043d\u0435\u0440\u0430\u043b\u044c\u043d\u044b\u0439 \u043a\u043e\u043c\u043f\u043b\u0435\u043a\u0441 \u0434\u043b\u044f \u043a\u043e\u0442\u044f\u0442, \u0431\u0435\u0440\u0435\u043c\u0435\u043d\u043d\u044b\u0445 \u0438 \u043a\u043e\u0440\u043c\u044f\u0449\u0438\u0445 \u043a\u043e\u0448\u0435\u043a 200 \u0442\u0430\u0431."}]},{"@type":"WebSite","@id":"https:\/\/pet24.md\/#website","url":"https:\/\/pet24.md\/","name":"Pet24","description":"Magazin de animale de companie","publisher":{"@id":"https:\/\/pet24.md\/#organization"},"potentialAction":[{"@type":"SearchAction","target":{"@type":"EntryPoint","urlTemplate":"https:\/\/pet24.md\/?s={search_term_string}"},"query-input":{"@type":"PropertyValueSpecification","valueRequired":true,"valueName":"search_term_string"}}],"inLanguage":"ro-RO"},{"@type":"Organization","@id":"https:\/\/pet24.md\/#organization","name":"Pet24","url":"https:\/\/pet24.md\/","logo":{"@type":"ImageObject","inLanguage":"ro-RO","@id":"https:\/\/pet24.md\/#\/schema\/logo\/image\/","url":"https:\/\/pet24.md\/wp-content\/uploads\/2024\/09\/logo.svg","contentUrl":"https:\/\/pet24.md\/wp-content\/uploads\/2024\/09\/logo.svg","width":215,"height":66,"caption":"Pet24"},"image":{"@id":"https:\/\/pet24.md\/#\/schema\/logo\/image\/"},"sameAs":["https:\/\/www.facebook.com\/pet24.md","https:\/\/www.instagram.com\/pet24.md\/"],"telephone":"+37360508880"}]}},"_links":{"self":[{"href":"https:\/\/pet24.md\/ro\/wp-json\/wp\/v2\/product\/85071","targetHints":{"allow":["GET"]}}],"collection":[{"href":"https:\/\/pet24.md\/ro\/wp-json\/wp\/v2\/product"}],"about":[{"href":"https:\/\/pet24.md\/ro\/wp-json\/wp\/v2\/types\/product"}],"replies":[{"embeddable":true,"href":"https:\/\/pet24.md\/ro\/wp-json\/wp\/v2\/comments?post=85071"}],"wp:featuredmedia":[{"embeddable":true,"href":"https:\/\/pet24.md\/ro\/wp-json\/wp\/v2\/media\/91030"}],"wp:attachment":[{"href":"https:\/\/pet24.md\/ro\/wp-json\/wp\/v2\/media?parent=85071"}],"wp:term":[{"taxonomy":"product_brand","embeddable":true,"href":"https:\/\/pet24.md\/ro\/wp-json\/wp\/v2\/product_brand?post=85071"},{"taxonomy":"product_cat","embeddable":true,"href":"https:\/\/pet24.md\/ro\/wp-json\/wp\/v2\/product_cat?post=85071"},{"taxonomy":"product_tag","embeddable":true,"href":"https:\/\/pet24.md\/ro\/wp-json\/wp\/v2\/product_tag?post=85071"}],"curies":[{"name":"wp","href":"https:\/\/api.w.org\/{rel}","templated":true}]}}