{"id":85087,"date":"2024-08-01T09:44:26","date_gmt":"2024-08-01T09:44:26","guid":{"rendered":"https:\/\/pet24.md\/?post_type=product&#038;p=85087"},"modified":"2024-09-22T22:16:14","modified_gmt":"2024-09-22T22:16:14","slug":"unitabs-mama-kitty-vitaminno-mineralnyj-kompleks-dlya-kotyat-beremennyh-i-kormyashhih-koshek-120-tab","status":"publish","type":"product","link":"https:\/\/pet24.md\/ro\/produs\/unitabs-mama-kitty-vitaminno-mineralnyj-kompleks-dlya-kotyat-beremennyh-i-kormyashhih-koshek-120-tab\/","title":{"rendered":"Unitabs Mama+Kitty complex de vitamine \u0219i minerale pentru pisoi, pisici gestante \u0219i care al\u0103pteaz\u0103 120 tab."},"content":{"rendered":"<h3>Unitabs Mama+Kitty complex de vitamine \u0219i minerale pentru pisoi, pisici gestante \u0219i care al\u0103pteaz\u0103 120 tab.<\/h3>\n<p><strong>Descriere:<\/strong> Unitabs Mama+Kitty este un complex de vitamine \u0219i minerale dezvoltat pentru pisoi, pisici gestante \u0219i care al\u0103pteaz\u0103. Medicamentul con\u021bine acid folic \u0219i vitamine esen\u021biale, macro \u0219i microelemente care promoveaz\u0103 dezvoltarea deplin\u0103 a puilor \u0219i men\u021bin s\u0103n\u0103tatea mamei.<\/p>\n<p><strong>Avantajele Unitabs Mama+Kitty:<\/strong><\/p>\n<ul>\n<li>Promoveaz\u0103 dezvoltarea deplin\u0103 a urma\u0219ilor.<\/li>\n<li>\u00cembun\u0103t\u0103\u021be\u0219te compozi\u021bia \u0219i secre\u021bia laptelui<\/li>\n<li>Reface nevoile crescute de vitamine, macro \u0219i microelemente.<\/li>\n<li>Normalizeaz\u0103 metabolismul.<\/li>\n<\/ul>\n<p><strong>Indicatii de utilizare:<\/strong><\/p>\n<ul>\n<li>Pentru prevenirea hipovitaminozei \u0219i a deficitului de minerale din primele zile de sarcin\u0103 p\u00e2n\u0103 la sf\u00e2r\u0219itul lacta\u021biei<\/li>\n<li>Pentru prevenirea malforma\u021biilor congenitale la pisoi.<\/li>\n<li>Pentru a sprijini pisoii \u00een perioadele de cre\u0219tere \u0219i dezvoltare intensiv\u0103.<\/li>\n<\/ul>\n<p><strong>Compus:<\/strong> Unitabs Mama+Kitty con\u021bine 17 elemente, inclusiv:<\/p>\n<ul>\n<li>Acid folic<\/li>\n<li>Vitamine: A, B1, B2, B5, B6, PP, Vs, H<\/li>\n<li>Minerale: calciu, fosfor, magneziu, fier, cupru, zinc, mangan, iod<\/li>\n<\/ul>\n<p><strong>Instructiuni de utilizare:<\/strong><\/p>\n<ul>\n<li>Zilnic<\/li>\n<li>Pisici de la 4 s\u0103pt\u0103m\u00e2ni p\u00e2n\u0103 la 1 an: 1 comprimat la 1 kg greutate corporal\u0103<\/li>\n<li>Pentru pisici \u00een timpul sarcinii \u0219i al\u0103pt\u0103rii: 1 comprimat la 1 kg de greutate corporal\u0103<\/li>\n<\/ul>\n<p><strong>Concluzie:<\/strong> Unitabs Mama+Kitty ofer\u0103 un echilibru optim de vitamine \u0219i minerale, prevenind efectele adverse ale deficien\u021bei la pisoi \u00een cre\u0219tere \u0219i pisici gestante sau care al\u0103pteaz\u0103. Acest complex promoveaz\u0103 siguran\u021ba \u0219i dezvoltarea deplin\u0103 a puilor, \u00eembun\u0103t\u0103\u021be\u0219te s\u0103n\u0103tatea mamei \u0219i sus\u021bine metabolismul general.<\/p>","protected":false},"excerpt":{"rendered":"<p>Unitabs Mama+Kitty este un complex de vitamine \u0219i minerale pentru pisoi, pisici gestante \u0219i care al\u0103pteaz\u0103, care con\u021bine acid folic \u0219i vitamine \u0219i minerale esen\u021biale. Promoveaz\u0103 dezvoltarea descenden\u021bilor, \u00eembun\u0103t\u0103\u021be\u0219te compozi\u021bia laptelui \u0219i normalizeaz\u0103 metabolismul.<\/p>","protected":false},"featured_media":91035,"comment_status":"open","ping_status":"closed","template":"","meta":[],"product_brand":[],"product_cat":[287,740,193],"product_tag":[741,742,187,687],"class_list":{"0":"post-85087","1":"product","2":"type-product","3":"status-publish","4":"has-post-thumbnail","6":"product_cat-cats-vetapothecary","7":"product_cat-cat-supplements","8":"product_cat-cat","9":"product_tag-unitabs","10":"product_tag-beremennye-i-kormyashhie","11":"product_tag-vitaminy","12":"product_tag-kormovaya-dobavka-dlya-sobak","13":"pa_age-pet-vzroslyj","14":"pa_brand-unitabs","15":"pa_packaging-plastikovaya-banka","16":"pa_pet-koshka","17":"pa_pet-feature-beremennye-i-kormyashhie","19":"first","20":"instock","21":"sale","22":"shipping-taxable","23":"product-type-simple"},"yoast_head":"<!-- This site is optimized with the Yoast SEO Premium plugin v23.7 (Yoast SEO v27.5) - https:\/\/yoast.com\/product\/yoast-seo-premium-wordpress\/ -->\n<title>Unitabs Mama+Kitty \u0432\u0438\u0442\u0430\u043c\u0438\u043d\u043d\u043e-\u043c\u0438\u043d\u0435\u0440\u0430\u043b\u044c\u043d\u044b\u0439 \u043a\u043e\u043c\u043f\u043b\u0435\u043a\u0441 \u0434\u043b\u044f \u043a\u043e\u0442\u044f\u0442, \u0431\u0435\u0440\u0435\u043c\u0435\u043d\u043d\u044b\u0445 \u0438 \u043a\u043e\u0440\u043c\u044f\u0449\u0438\u0445 \u043a\u043e\u0448\u0435\u043a 120 \u0442\u0430\u0431.<\/title>\n<meta name=\"description\" content=\"\u041a\u0443\u043f\u0438\u0442\u044c Unitabs Mama+Kitty \u0432\u0438\u0442\u0430\u043c\u0438\u043d\u043d\u043e-\u043c\u0438\u043d\u0435\u0440\u0430\u043b\u044c\u043d\u044b\u0439 \u043a\u043e\u043c\u043f\u043b\u0435\u043a\u0441 \u0434\u043b\u044f \u043a\u043e\u0442\u044f\u0442, \u0431\u0435\u0440\u0435\u043c\u0435\u043d\u043d\u044b\u0445 \u0438 \u043a\u043e\u0440\u043c\u044f\u0449\u0438\u0445 \u043a\u043e\u0448\u0435\u043a 120 \u0442\u0430\u0431. \u0441 \u0434\u043e\u0441\u0442\u0430\u0432\u043a\u043e\u0439 \u043f\u043e \u041a\u0438\u0448\u0438\u043d\u0435\u0432\u0443 \u0438 \u0432\u0441\u0435\u0439 \u041c\u043e\u043b\u0434\u043e\u0432\u0435 \u043d\u0430 Pet24\" \/>\n<meta name=\"robots\" content=\"index, follow, max-snippet:-1, max-image-preview:large, max-video-preview:-1\" \/>\n<link rel=\"canonical\" href=\"https:\/\/pet24.md\/ro\/produs\/unitabs-mama-kitty-vitaminno-mineralnyj-kompleks-dlya-kotyat-beremennyh-i-kormyashhih-koshek-120-tab\/\" \/>\n<meta property=\"og:locale\" content=\"ro_RO\" \/>\n<meta property=\"og:type\" content=\"article\" \/>\n<meta property=\"og:title\" content=\"Unitabs Mama+Kitty \u0432\u0438\u0442\u0430\u043c\u0438\u043d\u043d\u043e-\u043c\u0438\u043d\u0435\u0440\u0430\u043b\u044c\u043d\u044b\u0439 \u043a\u043e\u043c\u043f\u043b\u0435\u043a\u0441 \u0434\u043b\u044f \u043a\u043e\u0442\u044f\u0442, \u0431\u0435\u0440\u0435\u043c\u0435\u043d\u043d\u044b\u0445 \u0438 \u043a\u043e\u0440\u043c\u044f\u0449\u0438\u0445 \u043a\u043e\u0448\u0435\u043a 120 \u0442\u0430\u0431.\" \/>\n<meta property=\"og:description\" content=\"\u041a\u0443\u043f\u0438\u0442\u044c Unitabs Mama+Kitty \u0432\u0438\u0442\u0430\u043c\u0438\u043d\u043d\u043e-\u043c\u0438\u043d\u0435\u0440\u0430\u043b\u044c\u043d\u044b\u0439 \u043a\u043e\u043c\u043f\u043b\u0435\u043a\u0441 \u0434\u043b\u044f \u043a\u043e\u0442\u044f\u0442, \u0431\u0435\u0440\u0435\u043c\u0435\u043d\u043d\u044b\u0445 \u0438 \u043a\u043e\u0440\u043c\u044f\u0449\u0438\u0445 \u043a\u043e\u0448\u0435\u043a 120 \u0442\u0430\u0431. \u0441 \u0434\u043e\u0441\u0442\u0430\u0432\u043a\u043e\u0439 \u043f\u043e \u041a\u0438\u0448\u0438\u043d\u0435\u0432\u0443 \u0438 \u0432\u0441\u0435\u0439 \u041c\u043e\u043b\u0434\u043e\u0432\u0435 \u043d\u0430 Pet24\" \/>\n<meta property=\"og:url\" content=\"https:\/\/pet24.md\/ro\/produs\/unitabs-mama-kitty-vitaminno-mineralnyj-kompleks-dlya-kotyat-beremennyh-i-kormyashhih-koshek-120-tab\/\" \/>\n<meta property=\"og:site_name\" content=\"Pet24\" \/>\n<meta property=\"article:publisher\" content=\"https:\/\/www.facebook.com\/pet24.md\" \/>\n<meta property=\"article:modified_time\" content=\"2024-09-22T22:16:14+00:00\" \/>\n<meta property=\"og:image\" content=\"https:\/\/pet24.md\/wp-content\/uploads\/2024\/09\/unitabs-mamakitty-vitaminno-mineralnyj-kompleks-dlya-kotyat-beremennyh-i-kormyashhih-koshek-120-tab-1.webp\" \/>\n\t<meta property=\"og:image:width\" content=\"600\" \/>\n\t<meta property=\"og:image:height\" content=\"600\" \/>\n\t<meta property=\"og:image:type\" content=\"image\/webp\" \/>\n<meta name=\"twitter:card\" content=\"summary_large_image\" \/>\n<script type=\"application\/ld+json\" class=\"yoast-schema-graph\">{\"@context\":\"https:\\\/\\\/schema.org\",\"@graph\":[{\"@type\":\"WebPage\",\"@id\":\"https:\\\/\\\/pet24.md\\\/ro\\\/produs\\\/unitabs-mama-kitty-vitaminno-mineralnyj-kompleks-dlya-kotyat-beremennyh-i-kormyashhih-koshek-120-tab\\\/\",\"url\":\"https:\\\/\\\/pet24.md\\\/ro\\\/produs\\\/unitabs-mama-kitty-vitaminno-mineralnyj-kompleks-dlya-kotyat-beremennyh-i-kormyashhih-koshek-120-tab\\\/\",\"name\":\"Unitabs Mama+Kitty \u0432\u0438\u0442\u0430\u043c\u0438\u043d\u043d\u043e-\u043c\u0438\u043d\u0435\u0440\u0430\u043b\u044c\u043d\u044b\u0439 \u043a\u043e\u043c\u043f\u043b\u0435\u043a\u0441 \u0434\u043b\u044f \u043a\u043e\u0442\u044f\u0442, \u0431\u0435\u0440\u0435\u043c\u0435\u043d\u043d\u044b\u0445 \u0438 \u043a\u043e\u0440\u043c\u044f\u0449\u0438\u0445 \u043a\u043e\u0448\u0435\u043a 120 \u0442\u0430\u0431.\",\"isPartOf\":{\"@id\":\"https:\\\/\\\/pet24.md\\\/#website\"},\"primaryImageOfPage\":{\"@id\":\"https:\\\/\\\/pet24.md\\\/ro\\\/produs\\\/unitabs-mama-kitty-vitaminno-mineralnyj-kompleks-dlya-kotyat-beremennyh-i-kormyashhih-koshek-120-tab\\\/#primaryimage\"},\"image\":{\"@id\":\"https:\\\/\\\/pet24.md\\\/ro\\\/produs\\\/unitabs-mama-kitty-vitaminno-mineralnyj-kompleks-dlya-kotyat-beremennyh-i-kormyashhih-koshek-120-tab\\\/#primaryimage\"},\"thumbnailUrl\":\"https:\\\/\\\/pet24.md\\\/wp-content\\\/uploads\\\/2024\\\/09\\\/unitabs-mamakitty-vitaminno-mineralnyj-kompleks-dlya-kotyat-beremennyh-i-kormyashhih-koshek-120-tab-1.webp\",\"datePublished\":\"2024-08-01T09:44:26+00:00\",\"dateModified\":\"2024-09-22T22:16:14+00:00\",\"description\":\"\u041a\u0443\u043f\u0438\u0442\u044c Unitabs Mama+Kitty \u0432\u0438\u0442\u0430\u043c\u0438\u043d\u043d\u043e-\u043c\u0438\u043d\u0435\u0440\u0430\u043b\u044c\u043d\u044b\u0439 \u043a\u043e\u043c\u043f\u043b\u0435\u043a\u0441 \u0434\u043b\u044f \u043a\u043e\u0442\u044f\u0442, \u0431\u0435\u0440\u0435\u043c\u0435\u043d\u043d\u044b\u0445 \u0438 \u043a\u043e\u0440\u043c\u044f\u0449\u0438\u0445 \u043a\u043e\u0448\u0435\u043a 120 \u0442\u0430\u0431. \u0441 \u0434\u043e\u0441\u0442\u0430\u0432\u043a\u043e\u0439 \u043f\u043e \u041a\u0438\u0448\u0438\u043d\u0435\u0432\u0443 \u0438 \u0432\u0441\u0435\u0439 \u041c\u043e\u043b\u0434\u043e\u0432\u0435 \u043d\u0430 Pet24\",\"breadcrumb\":{\"@id\":\"https:\\\/\\\/pet24.md\\\/ro\\\/produs\\\/unitabs-mama-kitty-vitaminno-mineralnyj-kompleks-dlya-kotyat-beremennyh-i-kormyashhih-koshek-120-tab\\\/#breadcrumb\"},\"inLanguage\":\"ro-RO\",\"potentialAction\":[{\"@type\":\"ReadAction\",\"target\":[\"https:\\\/\\\/pet24.md\\\/ro\\\/produs\\\/unitabs-mama-kitty-vitaminno-mineralnyj-kompleks-dlya-kotyat-beremennyh-i-kormyashhih-koshek-120-tab\\\/\"]}]},{\"@type\":\"ImageObject\",\"inLanguage\":\"ro-RO\",\"@id\":\"https:\\\/\\\/pet24.md\\\/ro\\\/produs\\\/unitabs-mama-kitty-vitaminno-mineralnyj-kompleks-dlya-kotyat-beremennyh-i-kormyashhih-koshek-120-tab\\\/#primaryimage\",\"url\":\"https:\\\/\\\/pet24.md\\\/wp-content\\\/uploads\\\/2024\\\/09\\\/unitabs-mamakitty-vitaminno-mineralnyj-kompleks-dlya-kotyat-beremennyh-i-kormyashhih-koshek-120-tab-1.webp\",\"contentUrl\":\"https:\\\/\\\/pet24.md\\\/wp-content\\\/uploads\\\/2024\\\/09\\\/unitabs-mamakitty-vitaminno-mineralnyj-kompleks-dlya-kotyat-beremennyh-i-kormyashhih-koshek-120-tab-1.webp\",\"width\":600,\"height\":600,\"caption\":\"Unitabs Mama+Kitty \u0432\u0438\u0442\u0430\u043c\u0438\u043d\u043d\u043e-\u043c\u0438\u043d\u0435\u0440\u0430\u043b\u044c\u043d\u044b\u0439 \u043a\u043e\u043c\u043f\u043b\u0435\u043a\u0441 \u0434\u043b\u044f \u043a\u043e\u0442\u044f\u0442\"},{\"@type\":\"BreadcrumbList\",\"@id\":\"https:\\\/\\\/pet24.md\\\/ro\\\/produs\\\/unitabs-mama-kitty-vitaminno-mineralnyj-kompleks-dlya-kotyat-beremennyh-i-kormyashhih-koshek-120-tab\\\/#breadcrumb\",\"itemListElement\":[{\"@type\":\"ListItem\",\"position\":1,\"name\":\"\u0413\u043b\u0430\u0432\u043d\u0430\u044f \u0441\u0442\u0440\u0430\u043d\u0438\u0446\u0430\",\"item\":\"https:\\\/\\\/pet24.md\\\/\"},{\"@type\":\"ListItem\",\"position\":2,\"name\":\"\u041c\u0430\u0433\u0430\u0437\u0438\u043d\",\"item\":\"https:\\\/\\\/pet24.md\\\/shop\\\/\"},{\"@type\":\"ListItem\",\"position\":3,\"name\":\"Unitabs Mama+Kitty \u0432\u0438\u0442\u0430\u043c\u0438\u043d\u043d\u043e-\u043c\u0438\u043d\u0435\u0440\u0430\u043b\u044c\u043d\u044b\u0439 \u043a\u043e\u043c\u043f\u043b\u0435\u043a\u0441 \u0434\u043b\u044f \u043a\u043e\u0442\u044f\u0442, \u0431\u0435\u0440\u0435\u043c\u0435\u043d\u043d\u044b\u0445 \u0438 \u043a\u043e\u0440\u043c\u044f\u0449\u0438\u0445 \u043a\u043e\u0448\u0435\u043a 120 \u0442\u0430\u0431.\"}]},{\"@type\":\"WebSite\",\"@id\":\"https:\\\/\\\/pet24.md\\\/#website\",\"url\":\"https:\\\/\\\/pet24.md\\\/\",\"name\":\"Pet24\",\"description\":\"\u0417\u043e\u043e\u043c\u0430\u0433\u0430\u0437\u0438\u043d \u0442\u043e\u0432\u0430\u0440\u043e\u0432 \u0434\u043b\u044f \u0434\u043e\u043c\u0430\u0448\u043d\u0438\u0445 \u043f\u0438\u0442\u043e\u043c\u0446\u0435\u0432\",\"publisher\":{\"@id\":\"https:\\\/\\\/pet24.md\\\/#organization\"},\"potentialAction\":[{\"@type\":\"SearchAction\",\"target\":{\"@type\":\"EntryPoint\",\"urlTemplate\":\"https:\\\/\\\/pet24.md\\\/?s={search_term_string}\"},\"query-input\":{\"@type\":\"PropertyValueSpecification\",\"valueRequired\":true,\"valueName\":\"search_term_string\"}}],\"inLanguage\":\"ro-RO\"},{\"@type\":\"Organization\",\"@id\":\"https:\\\/\\\/pet24.md\\\/#organization\",\"name\":\"Pet24\",\"url\":\"https:\\\/\\\/pet24.md\\\/\",\"logo\":{\"@type\":\"ImageObject\",\"inLanguage\":\"ro-RO\",\"@id\":\"https:\\\/\\\/pet24.md\\\/#\\\/schema\\\/logo\\\/image\\\/\",\"url\":\"https:\\\/\\\/pet24.md\\\/wp-content\\\/uploads\\\/2024\\\/09\\\/logo.svg\",\"contentUrl\":\"https:\\\/\\\/pet24.md\\\/wp-content\\\/uploads\\\/2024\\\/09\\\/logo.svg\",\"width\":215,\"height\":66,\"caption\":\"Pet24\"},\"image\":{\"@id\":\"https:\\\/\\\/pet24.md\\\/#\\\/schema\\\/logo\\\/image\\\/\"},\"sameAs\":[\"https:\\\/\\\/www.facebook.com\\\/pet24.md\",\"https:\\\/\\\/www.instagram.com\\\/pet24.md\\\/\"],\"telephone\":\"+37360508880\"}]}<\/script>\n<!-- \/ Yoast SEO Premium plugin. -->","yoast_head_json":{"title":"Unitabs Mama+Kitty complex de vitamine \u0219i minerale pentru pisoi, pisici gestante \u0219i care al\u0103pteaz\u0103 120 tab.","description":"\u041a\u0443\u043f\u0438\u0442\u044c Unitabs Mama+Kitty \u0432\u0438\u0442\u0430\u043c\u0438\u043d\u043d\u043e-\u043c\u0438\u043d\u0435\u0440\u0430\u043b\u044c\u043d\u044b\u0439 \u043a\u043e\u043c\u043f\u043b\u0435\u043a\u0441 \u0434\u043b\u044f \u043a\u043e\u0442\u044f\u0442, \u0431\u0435\u0440\u0435\u043c\u0435\u043d\u043d\u044b\u0445 \u0438 \u043a\u043e\u0440\u043c\u044f\u0449\u0438\u0445 \u043a\u043e\u0448\u0435\u043a 120 \u0442\u0430\u0431. \u0441 \u0434\u043e\u0441\u0442\u0430\u0432\u043a\u043e\u0439 \u043f\u043e \u041a\u0438\u0448\u0438\u043d\u0435\u0432\u0443 \u0438 \u0432\u0441\u0435\u0439 \u041c\u043e\u043b\u0434\u043e\u0432\u0435 \u043d\u0430 Pet24","robots":{"index":"index","follow":"follow","max-snippet":"max-snippet:-1","max-image-preview":"max-image-preview:large","max-video-preview":"max-video-preview:-1"},"canonical":"https:\/\/pet24.md\/ro\/produs\/unitabs-mama-kitty-vitaminno-mineralnyj-kompleks-dlya-kotyat-beremennyh-i-kormyashhih-koshek-120-tab\/","og_locale":"ro_RO","og_type":"article","og_title":"Unitabs Mama+Kitty \u0432\u0438\u0442\u0430\u043c\u0438\u043d\u043d\u043e-\u043c\u0438\u043d\u0435\u0440\u0430\u043b\u044c\u043d\u044b\u0439 \u043a\u043e\u043c\u043f\u043b\u0435\u043a\u0441 \u0434\u043b\u044f \u043a\u043e\u0442\u044f\u0442, \u0431\u0435\u0440\u0435\u043c\u0435\u043d\u043d\u044b\u0445 \u0438 \u043a\u043e\u0440\u043c\u044f\u0449\u0438\u0445 \u043a\u043e\u0448\u0435\u043a 120 \u0442\u0430\u0431.","og_description":"\u041a\u0443\u043f\u0438\u0442\u044c Unitabs Mama+Kitty \u0432\u0438\u0442\u0430\u043c\u0438\u043d\u043d\u043e-\u043c\u0438\u043d\u0435\u0440\u0430\u043b\u044c\u043d\u044b\u0439 \u043a\u043e\u043c\u043f\u043b\u0435\u043a\u0441 \u0434\u043b\u044f \u043a\u043e\u0442\u044f\u0442, \u0431\u0435\u0440\u0435\u043c\u0435\u043d\u043d\u044b\u0445 \u0438 \u043a\u043e\u0440\u043c\u044f\u0449\u0438\u0445 \u043a\u043e\u0448\u0435\u043a 120 \u0442\u0430\u0431. \u0441 \u0434\u043e\u0441\u0442\u0430\u0432\u043a\u043e\u0439 \u043f\u043e \u041a\u0438\u0448\u0438\u043d\u0435\u0432\u0443 \u0438 \u0432\u0441\u0435\u0439 \u041c\u043e\u043b\u0434\u043e\u0432\u0435 \u043d\u0430 Pet24","og_url":"https:\/\/pet24.md\/ro\/produs\/unitabs-mama-kitty-vitaminno-mineralnyj-kompleks-dlya-kotyat-beremennyh-i-kormyashhih-koshek-120-tab\/","og_site_name":"Pet24","article_publisher":"https:\/\/www.facebook.com\/pet24.md","article_modified_time":"2024-09-22T22:16:14+00:00","og_image":[{"width":600,"height":600,"url":"https:\/\/pet24.md\/wp-content\/uploads\/2024\/09\/unitabs-mamakitty-vitaminno-mineralnyj-kompleks-dlya-kotyat-beremennyh-i-kormyashhih-koshek-120-tab-1.webp","type":"image\/webp"}],"twitter_card":"summary_large_image","schema":{"@context":"https:\/\/schema.org","@graph":[{"@type":"WebPage","@id":"https:\/\/pet24.md\/ro\/produs\/unitabs-mama-kitty-vitaminno-mineralnyj-kompleks-dlya-kotyat-beremennyh-i-kormyashhih-koshek-120-tab\/","url":"https:\/\/pet24.md\/ro\/produs\/unitabs-mama-kitty-vitaminno-mineralnyj-kompleks-dlya-kotyat-beremennyh-i-kormyashhih-koshek-120-tab\/","name":"Unitabs Mama+Kitty complex de vitamine \u0219i minerale pentru pisoi, pisici gestante \u0219i care al\u0103pteaz\u0103 120 tab.","isPartOf":{"@id":"https:\/\/pet24.md\/#website"},"primaryImageOfPage":{"@id":"https:\/\/pet24.md\/ro\/produs\/unitabs-mama-kitty-vitaminno-mineralnyj-kompleks-dlya-kotyat-beremennyh-i-kormyashhih-koshek-120-tab\/#primaryimage"},"image":{"@id":"https:\/\/pet24.md\/ro\/produs\/unitabs-mama-kitty-vitaminno-mineralnyj-kompleks-dlya-kotyat-beremennyh-i-kormyashhih-koshek-120-tab\/#primaryimage"},"thumbnailUrl":"https:\/\/pet24.md\/wp-content\/uploads\/2024\/09\/unitabs-mamakitty-vitaminno-mineralnyj-kompleks-dlya-kotyat-beremennyh-i-kormyashhih-koshek-120-tab-1.webp","datePublished":"2024-08-01T09:44:26+00:00","dateModified":"2024-09-22T22:16:14+00:00","description":"\u041a\u0443\u043f\u0438\u0442\u044c Unitabs Mama+Kitty \u0432\u0438\u0442\u0430\u043c\u0438\u043d\u043d\u043e-\u043c\u0438\u043d\u0435\u0440\u0430\u043b\u044c\u043d\u044b\u0439 \u043a\u043e\u043c\u043f\u043b\u0435\u043a\u0441 \u0434\u043b\u044f \u043a\u043e\u0442\u044f\u0442, \u0431\u0435\u0440\u0435\u043c\u0435\u043d\u043d\u044b\u0445 \u0438 \u043a\u043e\u0440\u043c\u044f\u0449\u0438\u0445 \u043a\u043e\u0448\u0435\u043a 120 \u0442\u0430\u0431. \u0441 \u0434\u043e\u0441\u0442\u0430\u0432\u043a\u043e\u0439 \u043f\u043e \u041a\u0438\u0448\u0438\u043d\u0435\u0432\u0443 \u0438 \u0432\u0441\u0435\u0439 \u041c\u043e\u043b\u0434\u043e\u0432\u0435 \u043d\u0430 Pet24","breadcrumb":{"@id":"https:\/\/pet24.md\/ro\/produs\/unitabs-mama-kitty-vitaminno-mineralnyj-kompleks-dlya-kotyat-beremennyh-i-kormyashhih-koshek-120-tab\/#breadcrumb"},"inLanguage":"ro-RO","potentialAction":[{"@type":"ReadAction","target":["https:\/\/pet24.md\/ro\/produs\/unitabs-mama-kitty-vitaminno-mineralnyj-kompleks-dlya-kotyat-beremennyh-i-kormyashhih-koshek-120-tab\/"]}]},{"@type":"ImageObject","inLanguage":"ro-RO","@id":"https:\/\/pet24.md\/ro\/produs\/unitabs-mama-kitty-vitaminno-mineralnyj-kompleks-dlya-kotyat-beremennyh-i-kormyashhih-koshek-120-tab\/#primaryimage","url":"https:\/\/pet24.md\/wp-content\/uploads\/2024\/09\/unitabs-mamakitty-vitaminno-mineralnyj-kompleks-dlya-kotyat-beremennyh-i-kormyashhih-koshek-120-tab-1.webp","contentUrl":"https:\/\/pet24.md\/wp-content\/uploads\/2024\/09\/unitabs-mamakitty-vitaminno-mineralnyj-kompleks-dlya-kotyat-beremennyh-i-kormyashhih-koshek-120-tab-1.webp","width":600,"height":600,"caption":"Unitabs Mama+Kitty \u0432\u0438\u0442\u0430\u043c\u0438\u043d\u043d\u043e-\u043c\u0438\u043d\u0435\u0440\u0430\u043b\u044c\u043d\u044b\u0439 \u043a\u043e\u043c\u043f\u043b\u0435\u043a\u0441 \u0434\u043b\u044f \u043a\u043e\u0442\u044f\u0442"},{"@type":"BreadcrumbList","@id":"https:\/\/pet24.md\/ro\/produs\/unitabs-mama-kitty-vitaminno-mineralnyj-kompleks-dlya-kotyat-beremennyh-i-kormyashhih-koshek-120-tab\/#breadcrumb","itemListElement":[{"@type":"ListItem","position":1,"name":"\u0413\u043b\u0430\u0432\u043d\u0430\u044f \u0441\u0442\u0440\u0430\u043d\u0438\u0446\u0430","item":"https:\/\/pet24.md\/"},{"@type":"ListItem","position":2,"name":"\u041c\u0430\u0433\u0430\u0437\u0438\u043d","item":"https:\/\/pet24.md\/shop\/"},{"@type":"ListItem","position":3,"name":"Unitabs Mama+Kitty \u0432\u0438\u0442\u0430\u043c\u0438\u043d\u043d\u043e-\u043c\u0438\u043d\u0435\u0440\u0430\u043b\u044c\u043d\u044b\u0439 \u043a\u043e\u043c\u043f\u043b\u0435\u043a\u0441 \u0434\u043b\u044f \u043a\u043e\u0442\u044f\u0442, \u0431\u0435\u0440\u0435\u043c\u0435\u043d\u043d\u044b\u0445 \u0438 \u043a\u043e\u0440\u043c\u044f\u0449\u0438\u0445 \u043a\u043e\u0448\u0435\u043a 120 \u0442\u0430\u0431."}]},{"@type":"WebSite","@id":"https:\/\/pet24.md\/#website","url":"https:\/\/pet24.md\/","name":"Pet24","description":"Magazin de animale de companie","publisher":{"@id":"https:\/\/pet24.md\/#organization"},"potentialAction":[{"@type":"SearchAction","target":{"@type":"EntryPoint","urlTemplate":"https:\/\/pet24.md\/?s={search_term_string}"},"query-input":{"@type":"PropertyValueSpecification","valueRequired":true,"valueName":"search_term_string"}}],"inLanguage":"ro-RO"},{"@type":"Organization","@id":"https:\/\/pet24.md\/#organization","name":"Pet24","url":"https:\/\/pet24.md\/","logo":{"@type":"ImageObject","inLanguage":"ro-RO","@id":"https:\/\/pet24.md\/#\/schema\/logo\/image\/","url":"https:\/\/pet24.md\/wp-content\/uploads\/2024\/09\/logo.svg","contentUrl":"https:\/\/pet24.md\/wp-content\/uploads\/2024\/09\/logo.svg","width":215,"height":66,"caption":"Pet24"},"image":{"@id":"https:\/\/pet24.md\/#\/schema\/logo\/image\/"},"sameAs":["https:\/\/www.facebook.com\/pet24.md","https:\/\/www.instagram.com\/pet24.md\/"],"telephone":"+37360508880"}]}},"_links":{"self":[{"href":"https:\/\/pet24.md\/ro\/wp-json\/wp\/v2\/product\/85087","targetHints":{"allow":["GET"]}}],"collection":[{"href":"https:\/\/pet24.md\/ro\/wp-json\/wp\/v2\/product"}],"about":[{"href":"https:\/\/pet24.md\/ro\/wp-json\/wp\/v2\/types\/product"}],"replies":[{"embeddable":true,"href":"https:\/\/pet24.md\/ro\/wp-json\/wp\/v2\/comments?post=85087"}],"wp:featuredmedia":[{"embeddable":true,"href":"https:\/\/pet24.md\/ro\/wp-json\/wp\/v2\/media\/91035"}],"wp:attachment":[{"href":"https:\/\/pet24.md\/ro\/wp-json\/wp\/v2\/media?parent=85087"}],"wp:term":[{"taxonomy":"product_brand","embeddable":true,"href":"https:\/\/pet24.md\/ro\/wp-json\/wp\/v2\/product_brand?post=85087"},{"taxonomy":"product_cat","embeddable":true,"href":"https:\/\/pet24.md\/ro\/wp-json\/wp\/v2\/product_cat?post=85087"},{"taxonomy":"product_tag","embeddable":true,"href":"https:\/\/pet24.md\/ro\/wp-json\/wp\/v2\/product_tag?post=85087"}],"curies":[{"name":"wp","href":"https:\/\/api.w.org\/{rel}","templated":true}]}}