{"id":85091,"date":"2024-08-01T09:49:56","date_gmt":"2024-08-01T09:49:56","guid":{"rendered":"https:\/\/pet24.md\/?post_type=product&#038;p=85091"},"modified":"2024-09-22T22:16:14","modified_gmt":"2024-09-22T22:16:14","slug":"unitabs-immunocat-vitaminno-mineralnyj-kompleks-dlya-vzroslyh-koshek-200-tab","status":"publish","type":"product","link":"https:\/\/pet24.md\/ro\/produs\/unitabs-immunocat-vitaminno-mineralnyj-kompleks-dlya-vzroslyh-koshek-200-tab\/","title":{"rendered":"Unitabs ImmunoCat complex de vitamine \u0219i minerale pentru pisici adulte 200 tab."},"content":{"rendered":"<h3>Unitabs ImmunoCat: Complex de vitamine \u0219i minerale pentru pisici adulte<\/h3>\n<p>O diet\u0103 adecvat\u0103 este baza s\u0103n\u0103t\u0103\u021bii unei pisici. C\u00e2nd alimenta\u021bia este echilibrat\u0103, animalul de companie se simte grozav, este activ \u0219i juc\u0103u\u0219. Cu toate acestea, echilibrarea dietei nu este u\u0219oar\u0103, deoarece nici m\u0103car m\u00e2ncarea comercial\u0103 nu satisface \u00eentotdeauna nevoile individuale ale animalului de companie. Pentru o s\u0103n\u0103tate bun\u0103, ad\u0103uga\u021bi \u00een dieta dumneavoastr\u0103 vitamine complete de la Unitabs ImmunoCat!<\/p>\n<p><strong>Descriere:<\/strong> Unitabs ImmunoCat este un complex de vitamine \u0219i minerale pentru pisicile adulte de toate rasele, care con\u021bine coenzima Q10 \u0219i toate vitaminele, macro \u0219i microelementele necesare. Complexul normalizeaz\u0103 metabolismul \u0219i \u00eent\u0103re\u0219te sistemul imunitar. Chiar \u0219i pisicilor preten\u021bioase le va pl\u0103cea gustul l\u0103ptos \u0219i mirosul vitaminelor.<\/p>\n<p><strong>Avantajele Unitabs ImmunoCat:<\/strong><\/p>\n<ul>\n<li>Con\u021bine 13 elemente pentru ac\u021biune complex\u0103<\/li>\n<li>Reface echilibrul de vitamine, macro \u0219i microelemente<\/li>\n<li>Normalizeaz\u0103 metabolismul<\/li>\n<li>\u00cent\u0103re\u0219te sistemul imunitar<\/li>\n<li>Reduce riscul de \u00eemboln\u0103vire<\/li>\n<\/ul>\n<p><strong>Indicatii de utilizare:<\/strong><\/p>\n<ul>\n<li>De la 1 an la 8 ani<\/li>\n<li>Pentru a \u00eembog\u0103\u021bi dieta \u00een timpul hr\u0103nirii naturale<\/li>\n<li>Pentru a echilibra dieta atunci c\u00e2nd utiliza\u021bi furaje gata preparate<\/li>\n<li>Cu hipovitaminoz\u0103 de toamn\u0103-prim\u0103var\u0103<\/li>\n<\/ul>\n<p><strong>Componente active:<\/strong><\/p>\n<ul>\n<li>Coenzima Q10 \u0219i taurin\u0103<\/li>\n<li>Vitaminele B \u0219i PP<\/li>\n<li>Magneziu, cupru, zinc, iod, mangan<\/li>\n<\/ul>\n<p><strong>Ac\u021biunea componentelor:<\/strong><\/p>\n<ul>\n<li><strong>Coenzima Q10:<\/strong> Catalizator \u0219i antioxidant. Neutralizeaz\u0103 radicalii liberi, \u00eencetine\u0219te procesul de \u00eemb\u0103tr\u00e2nire, \u00eent\u0103re\u0219te sistemul imunitar, protejeaz\u0103 s\u0103n\u0103tatea gingiilor \u0219i a din\u021bilor.<\/li>\n<li><strong>Taurina:<\/strong> Un aminoacid esen\u021bial pentru calitatea l\u00e2nii, integritatea retinei, func\u021bionarea sistemului cardiovascular, digestiv \u0219i nervos.<\/li>\n<li><strong>Vitaminele B:<\/strong> \u00cent\u0103re\u0219te produc\u021bia de anticorpi \u00een organism.<\/li>\n<li><strong>Macro \u0219i microelemente (Mg, Cu, Zn, Mn, J):<\/strong> Ele ajut\u0103 la \u00eent\u0103rirea sistemului imunitar, particip\u0103 la metabolism \u0219i fac parte integrant\u0103 din multe enzime.<\/li>\n<\/ul>\n<p><strong>Compus:<\/strong><\/p>\n<ul>\n<li>Vitamine:\n<ul>\n<li>B1: 90,0 mcg<\/li>\n<li>B2: 97,80 mcg<\/li>\n<li>B6: 44,0 mcg<\/li>\n<li>PP: 0,626 mg<\/li>\n<li>B9: 15,80 mcg<\/li>\n<li>B5: 120,0 mg<\/li>\n<\/ul>\n<\/li>\n<li>Macro \u0219i microelemente:\n<ul>\n<li>Mg (magneziu): 3,30 mg<\/li>\n<li>Cu (cupru): 0,024 mg<\/li>\n<li>Zn (zinc): 0,30 mg<\/li>\n<li>Mn (mangan): 0,020 mg<\/li>\n<li>J (iod): 0,006 mg<\/li>\n<\/ul>\n<\/li>\n<li>Taurin\u0103: 10 mg<\/li>\n<li>Coenzima Q10: 1 mg<\/li>\n<\/ul>\n<p><strong>Procedura de aplicare:<\/strong><\/p>\n<ul>\n<li>Zilnic<\/li>\n<li>1 comprimat la 1 kg de greutate corporal\u0103<\/li>\n<li>Cursul de aplicare nu este limitat<\/li>\n<\/ul>\n<p><strong>Pachet:<\/strong><\/p>\n<ul>\n<li>200 de tablete \u00eentr-un borcan<\/li>\n<\/ul>\n<p><strong>Produc\u0103tor:<\/strong> Compozi\u021bia a fost dezvoltat\u0103 de Neoterica (Germania).<\/p>\n<p>Pentru o s\u0103n\u0103tate optim\u0103 pentru pisica ta, adaug\u0103 Unitabs ImmunoCat \u00een dieta pisicii tale \u0219i ofer\u0103-i o via\u021b\u0103 lung\u0103 \u0219i activ\u0103!<\/p>","protected":false},"excerpt":{"rendered":"<p>Unitabs ImmunoCat este un complex de vitamine \u0219i minerale pentru pisici adulte cu coenzima Q10 \u0219i taurin\u0103, care normalizeaz\u0103 metabolismul \u0219i \u00eent\u0103re\u0219te sistemul imunitar. Potrivit pentru pisici de toate rasele, \u00eembog\u0103\u021be\u0219te dieta, reduce riscul de \u00eemboln\u0103vire \u0219i are un gust l\u0103ptos pe care animalele de companie le vor adora.<\/p>","protected":false},"featured_media":91036,"comment_status":"open","ping_status":"closed","template":"","meta":[],"product_brand":[],"product_cat":[287,740,193],"product_tag":[741,187,757,687],"class_list":{"0":"post-85091","1":"product","2":"type-product","3":"status-publish","4":"has-post-thumbnail","6":"product_cat-cats-vetapothecary","7":"product_cat-cat-supplements","8":"product_cat-cat","9":"product_tag-unitabs","10":"product_tag-vitaminy","11":"product_tag-dlya-optimizaczii-obmena-veshhestv","12":"product_tag-kormovaya-dobavka-dlya-sobak","13":"pa_age-pet-vzroslyj","14":"pa_brand-unitabs","15":"pa_packaging-plastikovaya-banka","16":"pa_pet-koshka","17":"pa_purpose-product-dlya-optimizaczii-obmena-veshhestv","19":"first","20":"instock","21":"sale","22":"shipping-taxable","23":"product-type-simple"},"yoast_head":"<!-- This site is optimized with the Yoast SEO Premium plugin v23.7 (Yoast SEO v27.6) - https:\/\/yoast.com\/product\/yoast-seo-premium-wordpress\/ -->\n<title>Unitabs ImmunoCat \u0432\u0438\u0442\u0430\u043c\u0438\u043d\u043d\u043e-\u043c\u0438\u043d\u0435\u0440\u0430\u043b\u044c\u043d\u044b\u0439 \u043a\u043e\u043c\u043f\u043b\u0435\u043a\u0441 \u0434\u043b\u044f \u0432\u0437\u0440\u043e\u0441\u043b\u044b\u0445 \u043a\u043e\u0448\u0435\u043a 200 \u0442\u0430\u0431.<\/title>\n<meta name=\"description\" content=\"\u041a\u0443\u043f\u0438\u0442\u044c Unitabs ImmunoCat \u0432\u0438\u0442\u0430\u043c\u0438\u043d\u043d\u043e-\u043c\u0438\u043d\u0435\u0440\u0430\u043b\u044c\u043d\u044b\u0439 \u043a\u043e\u043c\u043f\u043b\u0435\u043a\u0441 \u0434\u043b\u044f \u0432\u0437\u0440\u043e\u0441\u043b\u044b\u0445 \u043a\u043e\u0448\u0435\u043a 200 \u0442\u0430\u0431. \u0441 \u0434\u043e\u0441\u0442\u0430\u0432\u043a\u043e\u0439 \u043f\u043e \u041a\u0438\u0448\u0438\u043d\u0435\u0432\u0443 \u0438 \u0432\u0441\u0435\u0439 \u041c\u043e\u043b\u0434\u043e\u0432\u0435 \u043d\u0430 Pet24\" \/>\n<meta name=\"robots\" content=\"index, follow, max-snippet:-1, max-image-preview:large, max-video-preview:-1\" \/>\n<link rel=\"canonical\" href=\"https:\/\/pet24.md\/ro\/produs\/unitabs-immunocat-vitaminno-mineralnyj-kompleks-dlya-vzroslyh-koshek-200-tab\/\" \/>\n<meta property=\"og:locale\" content=\"ro_RO\" \/>\n<meta property=\"og:type\" content=\"article\" \/>\n<meta property=\"og:title\" content=\"Unitabs ImmunoCat \u0432\u0438\u0442\u0430\u043c\u0438\u043d\u043d\u043e-\u043c\u0438\u043d\u0435\u0440\u0430\u043b\u044c\u043d\u044b\u0439 \u043a\u043e\u043c\u043f\u043b\u0435\u043a\u0441 \u0434\u043b\u044f \u0432\u0437\u0440\u043e\u0441\u043b\u044b\u0445 \u043a\u043e\u0448\u0435\u043a 200 \u0442\u0430\u0431.\" \/>\n<meta property=\"og:description\" content=\"\u041a\u0443\u043f\u0438\u0442\u044c Unitabs ImmunoCat \u0432\u0438\u0442\u0430\u043c\u0438\u043d\u043d\u043e-\u043c\u0438\u043d\u0435\u0440\u0430\u043b\u044c\u043d\u044b\u0439 \u043a\u043e\u043c\u043f\u043b\u0435\u043a\u0441 \u0434\u043b\u044f \u0432\u0437\u0440\u043e\u0441\u043b\u044b\u0445 \u043a\u043e\u0448\u0435\u043a 200 \u0442\u0430\u0431. \u0441 \u0434\u043e\u0441\u0442\u0430\u0432\u043a\u043e\u0439 \u043f\u043e \u041a\u0438\u0448\u0438\u043d\u0435\u0432\u0443 \u0438 \u0432\u0441\u0435\u0439 \u041c\u043e\u043b\u0434\u043e\u0432\u0435 \u043d\u0430 Pet24\" \/>\n<meta property=\"og:url\" content=\"https:\/\/pet24.md\/ro\/produs\/unitabs-immunocat-vitaminno-mineralnyj-kompleks-dlya-vzroslyh-koshek-200-tab\/\" \/>\n<meta property=\"og:site_name\" content=\"Pet24\" \/>\n<meta property=\"article:publisher\" content=\"https:\/\/www.facebook.com\/pet24.md\" \/>\n<meta property=\"article:modified_time\" content=\"2024-09-22T22:16:14+00:00\" \/>\n<meta property=\"og:image\" content=\"https:\/\/pet24.md\/wp-content\/uploads\/2024\/09\/unitabs-immunocat-vitaminno-mineralnyj-kompleks-dlya-vzroslyh-koshek-200-tab-1.webp\" \/>\n\t<meta property=\"og:image:width\" content=\"600\" \/>\n\t<meta property=\"og:image:height\" content=\"600\" \/>\n\t<meta property=\"og:image:type\" content=\"image\/webp\" \/>\n<meta name=\"twitter:card\" content=\"summary_large_image\" \/>\n<script type=\"application\/ld+json\" class=\"yoast-schema-graph\">{\"@context\":\"https:\\\/\\\/schema.org\",\"@graph\":[{\"@type\":\"WebPage\",\"@id\":\"https:\\\/\\\/pet24.md\\\/ro\\\/produs\\\/unitabs-immunocat-vitaminno-mineralnyj-kompleks-dlya-vzroslyh-koshek-200-tab\\\/\",\"url\":\"https:\\\/\\\/pet24.md\\\/ro\\\/produs\\\/unitabs-immunocat-vitaminno-mineralnyj-kompleks-dlya-vzroslyh-koshek-200-tab\\\/\",\"name\":\"Unitabs ImmunoCat \u0432\u0438\u0442\u0430\u043c\u0438\u043d\u043d\u043e-\u043c\u0438\u043d\u0435\u0440\u0430\u043b\u044c\u043d\u044b\u0439 \u043a\u043e\u043c\u043f\u043b\u0435\u043a\u0441 \u0434\u043b\u044f \u0432\u0437\u0440\u043e\u0441\u043b\u044b\u0445 \u043a\u043e\u0448\u0435\u043a 200 \u0442\u0430\u0431.\",\"isPartOf\":{\"@id\":\"https:\\\/\\\/pet24.md\\\/#website\"},\"primaryImageOfPage\":{\"@id\":\"https:\\\/\\\/pet24.md\\\/ro\\\/produs\\\/unitabs-immunocat-vitaminno-mineralnyj-kompleks-dlya-vzroslyh-koshek-200-tab\\\/#primaryimage\"},\"image\":{\"@id\":\"https:\\\/\\\/pet24.md\\\/ro\\\/produs\\\/unitabs-immunocat-vitaminno-mineralnyj-kompleks-dlya-vzroslyh-koshek-200-tab\\\/#primaryimage\"},\"thumbnailUrl\":\"https:\\\/\\\/pet24.md\\\/wp-content\\\/uploads\\\/2024\\\/09\\\/unitabs-immunocat-vitaminno-mineralnyj-kompleks-dlya-vzroslyh-koshek-200-tab-1.webp\",\"datePublished\":\"2024-08-01T09:49:56+00:00\",\"dateModified\":\"2024-09-22T22:16:14+00:00\",\"description\":\"\u041a\u0443\u043f\u0438\u0442\u044c Unitabs ImmunoCat \u0432\u0438\u0442\u0430\u043c\u0438\u043d\u043d\u043e-\u043c\u0438\u043d\u0435\u0440\u0430\u043b\u044c\u043d\u044b\u0439 \u043a\u043e\u043c\u043f\u043b\u0435\u043a\u0441 \u0434\u043b\u044f \u0432\u0437\u0440\u043e\u0441\u043b\u044b\u0445 \u043a\u043e\u0448\u0435\u043a 200 \u0442\u0430\u0431. \u0441 \u0434\u043e\u0441\u0442\u0430\u0432\u043a\u043e\u0439 \u043f\u043e \u041a\u0438\u0448\u0438\u043d\u0435\u0432\u0443 \u0438 \u0432\u0441\u0435\u0439 \u041c\u043e\u043b\u0434\u043e\u0432\u0435 \u043d\u0430 Pet24\",\"breadcrumb\":{\"@id\":\"https:\\\/\\\/pet24.md\\\/ro\\\/produs\\\/unitabs-immunocat-vitaminno-mineralnyj-kompleks-dlya-vzroslyh-koshek-200-tab\\\/#breadcrumb\"},\"inLanguage\":\"ro-RO\",\"potentialAction\":[{\"@type\":\"ReadAction\",\"target\":[\"https:\\\/\\\/pet24.md\\\/ro\\\/produs\\\/unitabs-immunocat-vitaminno-mineralnyj-kompleks-dlya-vzroslyh-koshek-200-tab\\\/\"]}]},{\"@type\":\"ImageObject\",\"inLanguage\":\"ro-RO\",\"@id\":\"https:\\\/\\\/pet24.md\\\/ro\\\/produs\\\/unitabs-immunocat-vitaminno-mineralnyj-kompleks-dlya-vzroslyh-koshek-200-tab\\\/#primaryimage\",\"url\":\"https:\\\/\\\/pet24.md\\\/wp-content\\\/uploads\\\/2024\\\/09\\\/unitabs-immunocat-vitaminno-mineralnyj-kompleks-dlya-vzroslyh-koshek-200-tab-1.webp\",\"contentUrl\":\"https:\\\/\\\/pet24.md\\\/wp-content\\\/uploads\\\/2024\\\/09\\\/unitabs-immunocat-vitaminno-mineralnyj-kompleks-dlya-vzroslyh-koshek-200-tab-1.webp\",\"width\":600,\"height\":600,\"caption\":\"Unitabs ImmunoCat \u0432\u0438\u0442\u0430\u043c\u0438\u043d\u043d\u043e-\u043c\u0438\u043d\u0435\u0440\u0430\u043b\u044c\u043d\u044b\u0439 \u043a\u043e\u043c\u043f\u043b\u0435\u043a\u0441 \u0434\u043b\u044f \u0432\u0437\u0440\u043e\u0441\u043b\u044b\u0445 \u043a\u043e\u0448\u0435\u043a 200 \u0442\u0430\u0431.\"},{\"@type\":\"BreadcrumbList\",\"@id\":\"https:\\\/\\\/pet24.md\\\/ro\\\/produs\\\/unitabs-immunocat-vitaminno-mineralnyj-kompleks-dlya-vzroslyh-koshek-200-tab\\\/#breadcrumb\",\"itemListElement\":[{\"@type\":\"ListItem\",\"position\":1,\"name\":\"\u0413\u043b\u0430\u0432\u043d\u0430\u044f \u0441\u0442\u0440\u0430\u043d\u0438\u0446\u0430\",\"item\":\"https:\\\/\\\/pet24.md\\\/\"},{\"@type\":\"ListItem\",\"position\":2,\"name\":\"\u041c\u0430\u0433\u0430\u0437\u0438\u043d\",\"item\":\"https:\\\/\\\/pet24.md\\\/shop\\\/\"},{\"@type\":\"ListItem\",\"position\":3,\"name\":\"Unitabs ImmunoCat \u0432\u0438\u0442\u0430\u043c\u0438\u043d\u043d\u043e-\u043c\u0438\u043d\u0435\u0440\u0430\u043b\u044c\u043d\u044b\u0439 \u043a\u043e\u043c\u043f\u043b\u0435\u043a\u0441 \u0434\u043b\u044f \u0432\u0437\u0440\u043e\u0441\u043b\u044b\u0445 \u043a\u043e\u0448\u0435\u043a 200 \u0442\u0430\u0431.\"}]},{\"@type\":\"WebSite\",\"@id\":\"https:\\\/\\\/pet24.md\\\/#website\",\"url\":\"https:\\\/\\\/pet24.md\\\/\",\"name\":\"Pet24\",\"description\":\"\u0417\u043e\u043e\u043c\u0430\u0433\u0430\u0437\u0438\u043d \u0442\u043e\u0432\u0430\u0440\u043e\u0432 \u0434\u043b\u044f \u0434\u043e\u043c\u0430\u0448\u043d\u0438\u0445 \u043f\u0438\u0442\u043e\u043c\u0446\u0435\u0432\",\"publisher\":{\"@id\":\"https:\\\/\\\/pet24.md\\\/#organization\"},\"potentialAction\":[{\"@type\":\"SearchAction\",\"target\":{\"@type\":\"EntryPoint\",\"urlTemplate\":\"https:\\\/\\\/pet24.md\\\/?s={search_term_string}\"},\"query-input\":{\"@type\":\"PropertyValueSpecification\",\"valueRequired\":true,\"valueName\":\"search_term_string\"}}],\"inLanguage\":\"ro-RO\"},{\"@type\":\"Organization\",\"@id\":\"https:\\\/\\\/pet24.md\\\/#organization\",\"name\":\"Pet24\",\"url\":\"https:\\\/\\\/pet24.md\\\/\",\"logo\":{\"@type\":\"ImageObject\",\"inLanguage\":\"ro-RO\",\"@id\":\"https:\\\/\\\/pet24.md\\\/#\\\/schema\\\/logo\\\/image\\\/\",\"url\":\"https:\\\/\\\/pet24.md\\\/wp-content\\\/uploads\\\/2024\\\/09\\\/logo.svg\",\"contentUrl\":\"https:\\\/\\\/pet24.md\\\/wp-content\\\/uploads\\\/2024\\\/09\\\/logo.svg\",\"width\":215,\"height\":66,\"caption\":\"Pet24\"},\"image\":{\"@id\":\"https:\\\/\\\/pet24.md\\\/#\\\/schema\\\/logo\\\/image\\\/\"},\"sameAs\":[\"https:\\\/\\\/www.facebook.com\\\/pet24.md\",\"https:\\\/\\\/www.instagram.com\\\/pet24.md\\\/\"],\"telephone\":\"+37360508880\"}]}<\/script>\n<!-- \/ Yoast SEO Premium plugin. -->","yoast_head_json":{"title":"Unitabs ImmunoCat complex de vitamine \u0219i minerale pentru pisici adulte 200 tab.","description":"\u041a\u0443\u043f\u0438\u0442\u044c Unitabs ImmunoCat \u0432\u0438\u0442\u0430\u043c\u0438\u043d\u043d\u043e-\u043c\u0438\u043d\u0435\u0440\u0430\u043b\u044c\u043d\u044b\u0439 \u043a\u043e\u043c\u043f\u043b\u0435\u043a\u0441 \u0434\u043b\u044f \u0432\u0437\u0440\u043e\u0441\u043b\u044b\u0445 \u043a\u043e\u0448\u0435\u043a 200 \u0442\u0430\u0431. \u0441 \u0434\u043e\u0441\u0442\u0430\u0432\u043a\u043e\u0439 \u043f\u043e \u041a\u0438\u0448\u0438\u043d\u0435\u0432\u0443 \u0438 \u0432\u0441\u0435\u0439 \u041c\u043e\u043b\u0434\u043e\u0432\u0435 \u043d\u0430 Pet24","robots":{"index":"index","follow":"follow","max-snippet":"max-snippet:-1","max-image-preview":"max-image-preview:large","max-video-preview":"max-video-preview:-1"},"canonical":"https:\/\/pet24.md\/ro\/produs\/unitabs-immunocat-vitaminno-mineralnyj-kompleks-dlya-vzroslyh-koshek-200-tab\/","og_locale":"ro_RO","og_type":"article","og_title":"Unitabs ImmunoCat \u0432\u0438\u0442\u0430\u043c\u0438\u043d\u043d\u043e-\u043c\u0438\u043d\u0435\u0440\u0430\u043b\u044c\u043d\u044b\u0439 \u043a\u043e\u043c\u043f\u043b\u0435\u043a\u0441 \u0434\u043b\u044f \u0432\u0437\u0440\u043e\u0441\u043b\u044b\u0445 \u043a\u043e\u0448\u0435\u043a 200 \u0442\u0430\u0431.","og_description":"\u041a\u0443\u043f\u0438\u0442\u044c Unitabs ImmunoCat \u0432\u0438\u0442\u0430\u043c\u0438\u043d\u043d\u043e-\u043c\u0438\u043d\u0435\u0440\u0430\u043b\u044c\u043d\u044b\u0439 \u043a\u043e\u043c\u043f\u043b\u0435\u043a\u0441 \u0434\u043b\u044f \u0432\u0437\u0440\u043e\u0441\u043b\u044b\u0445 \u043a\u043e\u0448\u0435\u043a 200 \u0442\u0430\u0431. \u0441 \u0434\u043e\u0441\u0442\u0430\u0432\u043a\u043e\u0439 \u043f\u043e \u041a\u0438\u0448\u0438\u043d\u0435\u0432\u0443 \u0438 \u0432\u0441\u0435\u0439 \u041c\u043e\u043b\u0434\u043e\u0432\u0435 \u043d\u0430 Pet24","og_url":"https:\/\/pet24.md\/ro\/produs\/unitabs-immunocat-vitaminno-mineralnyj-kompleks-dlya-vzroslyh-koshek-200-tab\/","og_site_name":"Pet24","article_publisher":"https:\/\/www.facebook.com\/pet24.md","article_modified_time":"2024-09-22T22:16:14+00:00","og_image":[{"width":600,"height":600,"url":"https:\/\/pet24.md\/wp-content\/uploads\/2024\/09\/unitabs-immunocat-vitaminno-mineralnyj-kompleks-dlya-vzroslyh-koshek-200-tab-1.webp","type":"image\/webp"}],"twitter_card":"summary_large_image","schema":{"@context":"https:\/\/schema.org","@graph":[{"@type":"WebPage","@id":"https:\/\/pet24.md\/ro\/produs\/unitabs-immunocat-vitaminno-mineralnyj-kompleks-dlya-vzroslyh-koshek-200-tab\/","url":"https:\/\/pet24.md\/ro\/produs\/unitabs-immunocat-vitaminno-mineralnyj-kompleks-dlya-vzroslyh-koshek-200-tab\/","name":"Unitabs ImmunoCat complex de vitamine \u0219i minerale pentru pisici adulte 200 tab.","isPartOf":{"@id":"https:\/\/pet24.md\/#website"},"primaryImageOfPage":{"@id":"https:\/\/pet24.md\/ro\/produs\/unitabs-immunocat-vitaminno-mineralnyj-kompleks-dlya-vzroslyh-koshek-200-tab\/#primaryimage"},"image":{"@id":"https:\/\/pet24.md\/ro\/produs\/unitabs-immunocat-vitaminno-mineralnyj-kompleks-dlya-vzroslyh-koshek-200-tab\/#primaryimage"},"thumbnailUrl":"https:\/\/pet24.md\/wp-content\/uploads\/2024\/09\/unitabs-immunocat-vitaminno-mineralnyj-kompleks-dlya-vzroslyh-koshek-200-tab-1.webp","datePublished":"2024-08-01T09:49:56+00:00","dateModified":"2024-09-22T22:16:14+00:00","description":"\u041a\u0443\u043f\u0438\u0442\u044c Unitabs ImmunoCat \u0432\u0438\u0442\u0430\u043c\u0438\u043d\u043d\u043e-\u043c\u0438\u043d\u0435\u0440\u0430\u043b\u044c\u043d\u044b\u0439 \u043a\u043e\u043c\u043f\u043b\u0435\u043a\u0441 \u0434\u043b\u044f \u0432\u0437\u0440\u043e\u0441\u043b\u044b\u0445 \u043a\u043e\u0448\u0435\u043a 200 \u0442\u0430\u0431. \u0441 \u0434\u043e\u0441\u0442\u0430\u0432\u043a\u043e\u0439 \u043f\u043e \u041a\u0438\u0448\u0438\u043d\u0435\u0432\u0443 \u0438 \u0432\u0441\u0435\u0439 \u041c\u043e\u043b\u0434\u043e\u0432\u0435 \u043d\u0430 Pet24","breadcrumb":{"@id":"https:\/\/pet24.md\/ro\/produs\/unitabs-immunocat-vitaminno-mineralnyj-kompleks-dlya-vzroslyh-koshek-200-tab\/#breadcrumb"},"inLanguage":"ro-RO","potentialAction":[{"@type":"ReadAction","target":["https:\/\/pet24.md\/ro\/produs\/unitabs-immunocat-vitaminno-mineralnyj-kompleks-dlya-vzroslyh-koshek-200-tab\/"]}]},{"@type":"ImageObject","inLanguage":"ro-RO","@id":"https:\/\/pet24.md\/ro\/produs\/unitabs-immunocat-vitaminno-mineralnyj-kompleks-dlya-vzroslyh-koshek-200-tab\/#primaryimage","url":"https:\/\/pet24.md\/wp-content\/uploads\/2024\/09\/unitabs-immunocat-vitaminno-mineralnyj-kompleks-dlya-vzroslyh-koshek-200-tab-1.webp","contentUrl":"https:\/\/pet24.md\/wp-content\/uploads\/2024\/09\/unitabs-immunocat-vitaminno-mineralnyj-kompleks-dlya-vzroslyh-koshek-200-tab-1.webp","width":600,"height":600,"caption":"Unitabs ImmunoCat \u0432\u0438\u0442\u0430\u043c\u0438\u043d\u043d\u043e-\u043c\u0438\u043d\u0435\u0440\u0430\u043b\u044c\u043d\u044b\u0439 \u043a\u043e\u043c\u043f\u043b\u0435\u043a\u0441 \u0434\u043b\u044f \u0432\u0437\u0440\u043e\u0441\u043b\u044b\u0445 \u043a\u043e\u0448\u0435\u043a 200 \u0442\u0430\u0431."},{"@type":"BreadcrumbList","@id":"https:\/\/pet24.md\/ro\/produs\/unitabs-immunocat-vitaminno-mineralnyj-kompleks-dlya-vzroslyh-koshek-200-tab\/#breadcrumb","itemListElement":[{"@type":"ListItem","position":1,"name":"\u0413\u043b\u0430\u0432\u043d\u0430\u044f \u0441\u0442\u0440\u0430\u043d\u0438\u0446\u0430","item":"https:\/\/pet24.md\/"},{"@type":"ListItem","position":2,"name":"\u041c\u0430\u0433\u0430\u0437\u0438\u043d","item":"https:\/\/pet24.md\/shop\/"},{"@type":"ListItem","position":3,"name":"Unitabs ImmunoCat \u0432\u0438\u0442\u0430\u043c\u0438\u043d\u043d\u043e-\u043c\u0438\u043d\u0435\u0440\u0430\u043b\u044c\u043d\u044b\u0439 \u043a\u043e\u043c\u043f\u043b\u0435\u043a\u0441 \u0434\u043b\u044f \u0432\u0437\u0440\u043e\u0441\u043b\u044b\u0445 \u043a\u043e\u0448\u0435\u043a 200 \u0442\u0430\u0431."}]},{"@type":"WebSite","@id":"https:\/\/pet24.md\/#website","url":"https:\/\/pet24.md\/","name":"Pet24","description":"Magazin de animale de companie","publisher":{"@id":"https:\/\/pet24.md\/#organization"},"potentialAction":[{"@type":"SearchAction","target":{"@type":"EntryPoint","urlTemplate":"https:\/\/pet24.md\/?s={search_term_string}"},"query-input":{"@type":"PropertyValueSpecification","valueRequired":true,"valueName":"search_term_string"}}],"inLanguage":"ro-RO"},{"@type":"Organization","@id":"https:\/\/pet24.md\/#organization","name":"Pet24","url":"https:\/\/pet24.md\/","logo":{"@type":"ImageObject","inLanguage":"ro-RO","@id":"https:\/\/pet24.md\/#\/schema\/logo\/image\/","url":"https:\/\/pet24.md\/wp-content\/uploads\/2024\/09\/logo.svg","contentUrl":"https:\/\/pet24.md\/wp-content\/uploads\/2024\/09\/logo.svg","width":215,"height":66,"caption":"Pet24"},"image":{"@id":"https:\/\/pet24.md\/#\/schema\/logo\/image\/"},"sameAs":["https:\/\/www.facebook.com\/pet24.md","https:\/\/www.instagram.com\/pet24.md\/"],"telephone":"+37360508880"}]}},"_links":{"self":[{"href":"https:\/\/pet24.md\/ro\/wp-json\/wp\/v2\/product\/85091","targetHints":{"allow":["GET"]}}],"collection":[{"href":"https:\/\/pet24.md\/ro\/wp-json\/wp\/v2\/product"}],"about":[{"href":"https:\/\/pet24.md\/ro\/wp-json\/wp\/v2\/types\/product"}],"replies":[{"embeddable":true,"href":"https:\/\/pet24.md\/ro\/wp-json\/wp\/v2\/comments?post=85091"}],"wp:featuredmedia":[{"embeddable":true,"href":"https:\/\/pet24.md\/ro\/wp-json\/wp\/v2\/media\/91036"}],"wp:attachment":[{"href":"https:\/\/pet24.md\/ro\/wp-json\/wp\/v2\/media?parent=85091"}],"wp:term":[{"taxonomy":"product_brand","embeddable":true,"href":"https:\/\/pet24.md\/ro\/wp-json\/wp\/v2\/product_brand?post=85091"},{"taxonomy":"product_cat","embeddable":true,"href":"https:\/\/pet24.md\/ro\/wp-json\/wp\/v2\/product_cat?post=85091"},{"taxonomy":"product_tag","embeddable":true,"href":"https:\/\/pet24.md\/ro\/wp-json\/wp\/v2\/product_tag?post=85091"}],"curies":[{"name":"wp","href":"https:\/\/api.w.org\/{rel}","templated":true}]}}