{"id":85095,"date":"2024-08-01T09:58:16","date_gmt":"2024-08-01T09:58:16","guid":{"rendered":"https:\/\/pet24.md\/?post_type=product&#038;p=85095"},"modified":"2024-09-22T22:16:15","modified_gmt":"2024-09-22T22:16:15","slug":"unitabs-sterilcat-vitaminno-mineralnyj-kompleks-dlya-kastrirovannyh-i-sterilizovannyh-koshek-120-tab","status":"publish","type":"product","link":"https:\/\/pet24.md\/ro\/produs\/unitabs-sterilcat-vitaminno-mineralnyj-kompleks-dlya-kastrirovannyh-i-sterilizovannyh-koshek-120-tab\/","title":{"rendered":"Unitabs SterilCat: Complex de vitamine \u0219i minerale pentru pisici castrate \u0219i sterilizate 120 tab."},"content":{"rendered":"<p>Unitabs SterilCat este un complex de vitamine \u0219i minerale dezvoltat special pentru pisicile masculi sterilizate \u0219i sterilizate. Complexul contine coenzima Q10 si vitamine esentiale, macro si microelemente care ajuta la mentinerea sanatatii dupa sterilizare sau castrare.<\/p>\n<p><strong>Avantajele Unitabs SterilCat:<\/strong><\/p>\n<ul>\n<li>\u00cembun\u0103t\u0103\u021be\u0219te func\u021bionarea sistemului urinar<\/li>\n<li>Previne formarea pietrelor urinare (struvit)<\/li>\n<li>\u00cembun\u0103t\u0103\u021be\u0219te metabolismul \u0219i previne obezitatea<\/li>\n<\/ul>\n<p><strong>Indicatii de utilizare:<\/strong><\/p>\n<ul>\n<li>Dup\u0103 sterilizare sau castrare<\/li>\n<li>Pentru prevenirea urolitiaza<\/li>\n<\/ul>\n<p><strong>Componente active:<\/strong><\/p>\n<ul>\n<li><strong>DL-metionin\u0103:<\/strong> Acidifica urina, prevenind formarea calculilor urinari (struvit).<\/li>\n<li><strong>L-carnitina:<\/strong> Activeaz\u0103 metabolismul \u0219i previne obezitatea.<\/li>\n<li><strong>Taurin\u0103, vitaminele B \u0219i A:<\/strong> Normalizeaz\u0103 metabolismul.<\/li>\n<li><strong>Minerale (calciu, fosfor, magneziu, cupru, zinc, iod, mangan):<\/strong> Sprijin\u0103 s\u0103n\u0103tatea general\u0103 \u0219i metabolismul.<\/li>\n<\/ul>\n<p><strong>Compus:<\/strong><\/p>\n<ul>\n<li>Vitamine: taurina, vitaminele B, vitamina A<\/li>\n<li>Minerale: calciu, fosfor, magneziu, cupru, zinc, iod, mangan<\/li>\n<li>Coenzima Q10<\/li>\n<li>DL-metionin\u0103<\/li>\n<li>L-carnitin\u0103<\/li>\n<\/ul>\n<p><strong>Procedura de aplicare:<\/strong><\/p>\n<ul>\n<li>Zilnic<\/li>\n<li>De la v\u00e2rsta de 8 luni<\/li>\n<li>1 comprimat la 1 kg de greutate corporal\u0103<\/li>\n<li>Cursul de aplicare nu este limitat<\/li>\n<\/ul>\n<p><strong>Concluzie:<\/strong> Unitabs SterilCat ajut\u0103 la men\u021binerea unui sistem urinar s\u0103n\u0103tos, previne formarea calculilor urinari \u0219i previne obezitatea la pisicile sterilizate \u0219i sterilizate. Echilibrul optim de vitamine \u0219i minerale normalizeaz\u0103 metabolismul, asigur\u00e2nd o via\u021b\u0103 lung\u0103 \u0219i activ\u0103 animalului t\u0103u de companie.<\/p>","protected":false},"excerpt":{"rendered":"<p>Unitabs SterilCat este un complex de vitamine si minerale pentru pisicile castrate si sterilizate care imbunatateste functionarea sistemului urinar si previne formarea calculilor urinari. Con\u021bine DL-metionin\u0103, L-carnitin\u0103, taurin\u0103 \u0219i coenzima Q10 pentru normalizarea metabolismului \u0219i prevenirea obezit\u0103\u021bii.<\/p>","protected":false},"featured_media":91038,"comment_status":"open","ping_status":"closed","template":"","meta":[],"product_brand":[],"product_cat":[287,740,193],"product_tag":[741,187,757,687],"class_list":{"0":"post-85095","1":"product","2":"type-product","3":"status-publish","4":"has-post-thumbnail","6":"product_cat-cats-vetapothecary","7":"product_cat-cat-supplements","8":"product_cat-cat","9":"product_tag-unitabs","10":"product_tag-vitaminy","11":"product_tag-dlya-optimizaczii-obmena-veshhestv","12":"product_tag-kormovaya-dobavka-dlya-sobak","13":"pa_age-pet-vzroslyj","14":"pa_brand-unitabs","15":"pa_breed-size-dlya-vseh-porod","16":"pa_packaging-plastikovaya-banka","17":"pa_pet-koshka","18":"pa_purpose-product-dlya-optimizaczii-obmena-veshhestv","20":"first","21":"instock","22":"sale","23":"shipping-taxable","24":"product-type-simple"},"yoast_head":"<!-- This site is optimized with the Yoast SEO Premium plugin v23.7 (Yoast SEO v27.5) - https:\/\/yoast.com\/product\/yoast-seo-premium-wordpress\/ -->\n<title>Unitabs SterilCat: \u0412\u0438\u0442\u0430\u043c\u0438\u043d\u043d\u043e-\u043c\u0438\u043d\u0435\u0440\u0430\u043b\u044c\u043d\u044b\u0439 \u043a\u043e\u043c\u043f\u043b\u0435\u043a\u0441 \u0434\u043b\u044f \u043a\u0430\u0441\u0442\u0440\u0438\u0440\u043e\u0432\u0430\u043d\u043d\u044b\u0445 \u0438 \u0441\u0442\u0435\u0440\u0438\u043b\u0438\u0437\u043e\u0432\u0430\u043d\u043d\u044b\u0445 \u043a\u043e\u0448\u0435\u043a 120 \u0442\u0430\u0431.<\/title>\n<meta name=\"description\" content=\"\u041a\u0443\u043f\u0438\u0442\u044c Unitabs SterilCat: \u0412\u0438\u0442\u0430\u043c\u0438\u043d\u043d\u043e-\u043c\u0438\u043d\u0435\u0440\u0430\u043b\u044c\u043d\u044b\u0439 \u043a\u043e\u043c\u043f\u043b\u0435\u043a\u0441 \u0434\u043b\u044f \u043a\u0430\u0441\u0442\u0440\u0438\u0440\u043e\u0432\u0430\u043d\u043d\u044b\u0445 \u0438 \u0441\u0442\u0435\u0440\u0438\u043b\u0438\u0437\u043e\u0432\u0430\u043d\u043d\u044b\u0445 \u043a\u043e\u0448\u0435\u043a 120 \u0442\u0430\u0431. \u0441 \u0434\u043e\u0441\u0442\u0430\u0432\u043a\u043e\u0439 \u043f\u043e \u041a\u0438\u0448\u0438\u043d\u0435\u0432\u0443 \u0438 \u0432\u0441\u0435\u0439 \u041c\u043e\u043b\u0434\u043e\u0432\u0435 \u043d\u0430 Pet24\" \/>\n<meta name=\"robots\" content=\"index, follow, max-snippet:-1, max-image-preview:large, max-video-preview:-1\" \/>\n<link rel=\"canonical\" href=\"https:\/\/pet24.md\/ro\/produs\/unitabs-sterilcat-vitaminno-mineralnyj-kompleks-dlya-kastrirovannyh-i-sterilizovannyh-koshek-120-tab\/\" \/>\n<meta property=\"og:locale\" content=\"ro_RO\" \/>\n<meta property=\"og:type\" content=\"article\" \/>\n<meta property=\"og:title\" content=\"Unitabs SterilCat: \u0412\u0438\u0442\u0430\u043c\u0438\u043d\u043d\u043e-\u043c\u0438\u043d\u0435\u0440\u0430\u043b\u044c\u043d\u044b\u0439 \u043a\u043e\u043c\u043f\u043b\u0435\u043a\u0441 \u0434\u043b\u044f \u043a\u0430\u0441\u0442\u0440\u0438\u0440\u043e\u0432\u0430\u043d\u043d\u044b\u0445 \u0438 \u0441\u0442\u0435\u0440\u0438\u043b\u0438\u0437\u043e\u0432\u0430\u043d\u043d\u044b\u0445 \u043a\u043e\u0448\u0435\u043a 120 \u0442\u0430\u0431.\" \/>\n<meta property=\"og:description\" content=\"\u041a\u0443\u043f\u0438\u0442\u044c Unitabs SterilCat: \u0412\u0438\u0442\u0430\u043c\u0438\u043d\u043d\u043e-\u043c\u0438\u043d\u0435\u0440\u0430\u043b\u044c\u043d\u044b\u0439 \u043a\u043e\u043c\u043f\u043b\u0435\u043a\u0441 \u0434\u043b\u044f \u043a\u0430\u0441\u0442\u0440\u0438\u0440\u043e\u0432\u0430\u043d\u043d\u044b\u0445 \u0438 \u0441\u0442\u0435\u0440\u0438\u043b\u0438\u0437\u043e\u0432\u0430\u043d\u043d\u044b\u0445 \u043a\u043e\u0448\u0435\u043a 120 \u0442\u0430\u0431. \u0441 \u0434\u043e\u0441\u0442\u0430\u0432\u043a\u043e\u0439 \u043f\u043e \u041a\u0438\u0448\u0438\u043d\u0435\u0432\u0443 \u0438 \u0432\u0441\u0435\u0439 \u041c\u043e\u043b\u0434\u043e\u0432\u0435 \u043d\u0430 Pet24\" \/>\n<meta property=\"og:url\" content=\"https:\/\/pet24.md\/ro\/produs\/unitabs-sterilcat-vitaminno-mineralnyj-kompleks-dlya-kastrirovannyh-i-sterilizovannyh-koshek-120-tab\/\" \/>\n<meta property=\"og:site_name\" content=\"Pet24\" \/>\n<meta property=\"article:publisher\" content=\"https:\/\/www.facebook.com\/pet24.md\" \/>\n<meta property=\"article:modified_time\" content=\"2024-09-22T22:16:15+00:00\" \/>\n<meta property=\"og:image\" content=\"https:\/\/pet24.md\/wp-content\/uploads\/2024\/09\/unitabs-sterilcat-vitaminno-mineralnyj-kompleks-dlya-kastrirovannyh-i-sterilizovannyh-koshek-120-tab-1.webp\" \/>\n\t<meta property=\"og:image:width\" content=\"600\" \/>\n\t<meta property=\"og:image:height\" content=\"600\" \/>\n\t<meta property=\"og:image:type\" content=\"image\/webp\" \/>\n<meta name=\"twitter:card\" content=\"summary_large_image\" \/>\n<script type=\"application\/ld+json\" class=\"yoast-schema-graph\">{\"@context\":\"https:\\\/\\\/schema.org\",\"@graph\":[{\"@type\":\"WebPage\",\"@id\":\"https:\\\/\\\/pet24.md\\\/product\\\/unitabs-sterilcat-vitaminno-mineralnyj-kompleks-dlya-kastrirovannyh-i-sterilizovannyh-koshek-120-tab\\\/\",\"url\":\"https:\\\/\\\/pet24.md\\\/product\\\/unitabs-sterilcat-vitaminno-mineralnyj-kompleks-dlya-kastrirovannyh-i-sterilizovannyh-koshek-120-tab\\\/\",\"name\":\"Unitabs SterilCat: \u0412\u0438\u0442\u0430\u043c\u0438\u043d\u043d\u043e-\u043c\u0438\u043d\u0435\u0440\u0430\u043b\u044c\u043d\u044b\u0439 \u043a\u043e\u043c\u043f\u043b\u0435\u043a\u0441 \u0434\u043b\u044f \u043a\u0430\u0441\u0442\u0440\u0438\u0440\u043e\u0432\u0430\u043d\u043d\u044b\u0445 \u0438 \u0441\u0442\u0435\u0440\u0438\u043b\u0438\u0437\u043e\u0432\u0430\u043d\u043d\u044b\u0445 \u043a\u043e\u0448\u0435\u043a 120 \u0442\u0430\u0431.\",\"isPartOf\":{\"@id\":\"https:\\\/\\\/pet24.md\\\/#website\"},\"primaryImageOfPage\":{\"@id\":\"https:\\\/\\\/pet24.md\\\/product\\\/unitabs-sterilcat-vitaminno-mineralnyj-kompleks-dlya-kastrirovannyh-i-sterilizovannyh-koshek-120-tab\\\/#primaryimage\"},\"image\":{\"@id\":\"https:\\\/\\\/pet24.md\\\/product\\\/unitabs-sterilcat-vitaminno-mineralnyj-kompleks-dlya-kastrirovannyh-i-sterilizovannyh-koshek-120-tab\\\/#primaryimage\"},\"thumbnailUrl\":\"https:\\\/\\\/pet24.md\\\/wp-content\\\/uploads\\\/2024\\\/09\\\/unitabs-sterilcat-vitaminno-mineralnyj-kompleks-dlya-kastrirovannyh-i-sterilizovannyh-koshek-120-tab-1.webp\",\"datePublished\":\"2024-08-01T09:58:16+00:00\",\"dateModified\":\"2024-09-22T22:16:15+00:00\",\"description\":\"\u041a\u0443\u043f\u0438\u0442\u044c Unitabs SterilCat: \u0412\u0438\u0442\u0430\u043c\u0438\u043d\u043d\u043e-\u043c\u0438\u043d\u0435\u0440\u0430\u043b\u044c\u043d\u044b\u0439 \u043a\u043e\u043c\u043f\u043b\u0435\u043a\u0441 \u0434\u043b\u044f \u043a\u0430\u0441\u0442\u0440\u0438\u0440\u043e\u0432\u0430\u043d\u043d\u044b\u0445 \u0438 \u0441\u0442\u0435\u0440\u0438\u043b\u0438\u0437\u043e\u0432\u0430\u043d\u043d\u044b\u0445 \u043a\u043e\u0448\u0435\u043a 120 \u0442\u0430\u0431. \u0441 \u0434\u043e\u0441\u0442\u0430\u0432\u043a\u043e\u0439 \u043f\u043e \u041a\u0438\u0448\u0438\u043d\u0435\u0432\u0443 \u0438 \u0432\u0441\u0435\u0439 \u041c\u043e\u043b\u0434\u043e\u0432\u0435 \u043d\u0430 Pet24\",\"breadcrumb\":{\"@id\":\"https:\\\/\\\/pet24.md\\\/product\\\/unitabs-sterilcat-vitaminno-mineralnyj-kompleks-dlya-kastrirovannyh-i-sterilizovannyh-koshek-120-tab\\\/#breadcrumb\"},\"inLanguage\":\"ro-RO\",\"potentialAction\":[{\"@type\":\"ReadAction\",\"target\":[\"https:\\\/\\\/pet24.md\\\/product\\\/unitabs-sterilcat-vitaminno-mineralnyj-kompleks-dlya-kastrirovannyh-i-sterilizovannyh-koshek-120-tab\\\/\"]}]},{\"@type\":\"ImageObject\",\"inLanguage\":\"ro-RO\",\"@id\":\"https:\\\/\\\/pet24.md\\\/product\\\/unitabs-sterilcat-vitaminno-mineralnyj-kompleks-dlya-kastrirovannyh-i-sterilizovannyh-koshek-120-tab\\\/#primaryimage\",\"url\":\"https:\\\/\\\/pet24.md\\\/wp-content\\\/uploads\\\/2024\\\/09\\\/unitabs-sterilcat-vitaminno-mineralnyj-kompleks-dlya-kastrirovannyh-i-sterilizovannyh-koshek-120-tab-1.webp\",\"contentUrl\":\"https:\\\/\\\/pet24.md\\\/wp-content\\\/uploads\\\/2024\\\/09\\\/unitabs-sterilcat-vitaminno-mineralnyj-kompleks-dlya-kastrirovannyh-i-sterilizovannyh-koshek-120-tab-1.webp\",\"width\":600,\"height\":600,\"caption\":\"Unitabs SterilCat\"},{\"@type\":\"BreadcrumbList\",\"@id\":\"https:\\\/\\\/pet24.md\\\/product\\\/unitabs-sterilcat-vitaminno-mineralnyj-kompleks-dlya-kastrirovannyh-i-sterilizovannyh-koshek-120-tab\\\/#breadcrumb\",\"itemListElement\":[{\"@type\":\"ListItem\",\"position\":1,\"name\":\"\u0413\u043b\u0430\u0432\u043d\u0430\u044f \u0441\u0442\u0440\u0430\u043d\u0438\u0446\u0430\",\"item\":\"https:\\\/\\\/pet24.md\\\/\"},{\"@type\":\"ListItem\",\"position\":2,\"name\":\"\u041c\u0430\u0433\u0430\u0437\u0438\u043d\",\"item\":\"https:\\\/\\\/pet24.md\\\/shop\\\/\"},{\"@type\":\"ListItem\",\"position\":3,\"name\":\"Unitabs SterilCat: \u0412\u0438\u0442\u0430\u043c\u0438\u043d\u043d\u043e-\u043c\u0438\u043d\u0435\u0440\u0430\u043b\u044c\u043d\u044b\u0439 \u043a\u043e\u043c\u043f\u043b\u0435\u043a\u0441 \u0434\u043b\u044f \u043a\u0430\u0441\u0442\u0440\u0438\u0440\u043e\u0432\u0430\u043d\u043d\u044b\u0445 \u0438 \u0441\u0442\u0435\u0440\u0438\u043b\u0438\u0437\u043e\u0432\u0430\u043d\u043d\u044b\u0445 \u043a\u043e\u0448\u0435\u043a 120 \u0442\u0430\u0431.\"}]},{\"@type\":\"WebSite\",\"@id\":\"https:\\\/\\\/pet24.md\\\/#website\",\"url\":\"https:\\\/\\\/pet24.md\\\/\",\"name\":\"Pet24\",\"description\":\"\u0417\u043e\u043e\u043c\u0430\u0433\u0430\u0437\u0438\u043d \u0442\u043e\u0432\u0430\u0440\u043e\u0432 \u0434\u043b\u044f \u0434\u043e\u043c\u0430\u0448\u043d\u0438\u0445 \u043f\u0438\u0442\u043e\u043c\u0446\u0435\u0432\",\"publisher\":{\"@id\":\"https:\\\/\\\/pet24.md\\\/#organization\"},\"potentialAction\":[{\"@type\":\"SearchAction\",\"target\":{\"@type\":\"EntryPoint\",\"urlTemplate\":\"https:\\\/\\\/pet24.md\\\/?s={search_term_string}\"},\"query-input\":{\"@type\":\"PropertyValueSpecification\",\"valueRequired\":true,\"valueName\":\"search_term_string\"}}],\"inLanguage\":\"ro-RO\"},{\"@type\":\"Organization\",\"@id\":\"https:\\\/\\\/pet24.md\\\/#organization\",\"name\":\"Pet24\",\"url\":\"https:\\\/\\\/pet24.md\\\/\",\"logo\":{\"@type\":\"ImageObject\",\"inLanguage\":\"ro-RO\",\"@id\":\"https:\\\/\\\/pet24.md\\\/#\\\/schema\\\/logo\\\/image\\\/\",\"url\":\"https:\\\/\\\/pet24.md\\\/wp-content\\\/uploads\\\/2024\\\/09\\\/logo.svg\",\"contentUrl\":\"https:\\\/\\\/pet24.md\\\/wp-content\\\/uploads\\\/2024\\\/09\\\/logo.svg\",\"width\":215,\"height\":66,\"caption\":\"Pet24\"},\"image\":{\"@id\":\"https:\\\/\\\/pet24.md\\\/#\\\/schema\\\/logo\\\/image\\\/\"},\"sameAs\":[\"https:\\\/\\\/www.facebook.com\\\/pet24.md\",\"https:\\\/\\\/www.instagram.com\\\/pet24.md\\\/\"],\"telephone\":\"+37360508880\"}]}<\/script>\n<!-- \/ Yoast SEO Premium plugin. -->","yoast_head_json":{"title":"Unitabs SterilCat: Complex de vitamine \u0219i minerale pentru pisici castrate \u0219i sterilizate 120 tab.","description":"\u041a\u0443\u043f\u0438\u0442\u044c Unitabs SterilCat: \u0412\u0438\u0442\u0430\u043c\u0438\u043d\u043d\u043e-\u043c\u0438\u043d\u0435\u0440\u0430\u043b\u044c\u043d\u044b\u0439 \u043a\u043e\u043c\u043f\u043b\u0435\u043a\u0441 \u0434\u043b\u044f \u043a\u0430\u0441\u0442\u0440\u0438\u0440\u043e\u0432\u0430\u043d\u043d\u044b\u0445 \u0438 \u0441\u0442\u0435\u0440\u0438\u043b\u0438\u0437\u043e\u0432\u0430\u043d\u043d\u044b\u0445 \u043a\u043e\u0448\u0435\u043a 120 \u0442\u0430\u0431. \u0441 \u0434\u043e\u0441\u0442\u0430\u0432\u043a\u043e\u0439 \u043f\u043e \u041a\u0438\u0448\u0438\u043d\u0435\u0432\u0443 \u0438 \u0432\u0441\u0435\u0439 \u041c\u043e\u043b\u0434\u043e\u0432\u0435 \u043d\u0430 Pet24","robots":{"index":"index","follow":"follow","max-snippet":"max-snippet:-1","max-image-preview":"max-image-preview:large","max-video-preview":"max-video-preview:-1"},"canonical":"https:\/\/pet24.md\/ro\/produs\/unitabs-sterilcat-vitaminno-mineralnyj-kompleks-dlya-kastrirovannyh-i-sterilizovannyh-koshek-120-tab\/","og_locale":"ro_RO","og_type":"article","og_title":"Unitabs SterilCat: \u0412\u0438\u0442\u0430\u043c\u0438\u043d\u043d\u043e-\u043c\u0438\u043d\u0435\u0440\u0430\u043b\u044c\u043d\u044b\u0439 \u043a\u043e\u043c\u043f\u043b\u0435\u043a\u0441 \u0434\u043b\u044f \u043a\u0430\u0441\u0442\u0440\u0438\u0440\u043e\u0432\u0430\u043d\u043d\u044b\u0445 \u0438 \u0441\u0442\u0435\u0440\u0438\u043b\u0438\u0437\u043e\u0432\u0430\u043d\u043d\u044b\u0445 \u043a\u043e\u0448\u0435\u043a 120 \u0442\u0430\u0431.","og_description":"\u041a\u0443\u043f\u0438\u0442\u044c Unitabs SterilCat: \u0412\u0438\u0442\u0430\u043c\u0438\u043d\u043d\u043e-\u043c\u0438\u043d\u0435\u0440\u0430\u043b\u044c\u043d\u044b\u0439 \u043a\u043e\u043c\u043f\u043b\u0435\u043a\u0441 \u0434\u043b\u044f \u043a\u0430\u0441\u0442\u0440\u0438\u0440\u043e\u0432\u0430\u043d\u043d\u044b\u0445 \u0438 \u0441\u0442\u0435\u0440\u0438\u043b\u0438\u0437\u043e\u0432\u0430\u043d\u043d\u044b\u0445 \u043a\u043e\u0448\u0435\u043a 120 \u0442\u0430\u0431. \u0441 \u0434\u043e\u0441\u0442\u0430\u0432\u043a\u043e\u0439 \u043f\u043e \u041a\u0438\u0448\u0438\u043d\u0435\u0432\u0443 \u0438 \u0432\u0441\u0435\u0439 \u041c\u043e\u043b\u0434\u043e\u0432\u0435 \u043d\u0430 Pet24","og_url":"https:\/\/pet24.md\/ro\/produs\/unitabs-sterilcat-vitaminno-mineralnyj-kompleks-dlya-kastrirovannyh-i-sterilizovannyh-koshek-120-tab\/","og_site_name":"Pet24","article_publisher":"https:\/\/www.facebook.com\/pet24.md","article_modified_time":"2024-09-22T22:16:15+00:00","og_image":[{"width":600,"height":600,"url":"https:\/\/pet24.md\/wp-content\/uploads\/2024\/09\/unitabs-sterilcat-vitaminno-mineralnyj-kompleks-dlya-kastrirovannyh-i-sterilizovannyh-koshek-120-tab-1.webp","type":"image\/webp"}],"twitter_card":"summary_large_image","schema":{"@context":"https:\/\/schema.org","@graph":[{"@type":"WebPage","@id":"https:\/\/pet24.md\/product\/unitabs-sterilcat-vitaminno-mineralnyj-kompleks-dlya-kastrirovannyh-i-sterilizovannyh-koshek-120-tab\/","url":"https:\/\/pet24.md\/product\/unitabs-sterilcat-vitaminno-mineralnyj-kompleks-dlya-kastrirovannyh-i-sterilizovannyh-koshek-120-tab\/","name":"Unitabs SterilCat: Complex de vitamine \u0219i minerale pentru pisici castrate \u0219i sterilizate 120 tab.","isPartOf":{"@id":"https:\/\/pet24.md\/#website"},"primaryImageOfPage":{"@id":"https:\/\/pet24.md\/product\/unitabs-sterilcat-vitaminno-mineralnyj-kompleks-dlya-kastrirovannyh-i-sterilizovannyh-koshek-120-tab\/#primaryimage"},"image":{"@id":"https:\/\/pet24.md\/product\/unitabs-sterilcat-vitaminno-mineralnyj-kompleks-dlya-kastrirovannyh-i-sterilizovannyh-koshek-120-tab\/#primaryimage"},"thumbnailUrl":"https:\/\/pet24.md\/wp-content\/uploads\/2024\/09\/unitabs-sterilcat-vitaminno-mineralnyj-kompleks-dlya-kastrirovannyh-i-sterilizovannyh-koshek-120-tab-1.webp","datePublished":"2024-08-01T09:58:16+00:00","dateModified":"2024-09-22T22:16:15+00:00","description":"\u041a\u0443\u043f\u0438\u0442\u044c Unitabs SterilCat: \u0412\u0438\u0442\u0430\u043c\u0438\u043d\u043d\u043e-\u043c\u0438\u043d\u0435\u0440\u0430\u043b\u044c\u043d\u044b\u0439 \u043a\u043e\u043c\u043f\u043b\u0435\u043a\u0441 \u0434\u043b\u044f \u043a\u0430\u0441\u0442\u0440\u0438\u0440\u043e\u0432\u0430\u043d\u043d\u044b\u0445 \u0438 \u0441\u0442\u0435\u0440\u0438\u043b\u0438\u0437\u043e\u0432\u0430\u043d\u043d\u044b\u0445 \u043a\u043e\u0448\u0435\u043a 120 \u0442\u0430\u0431. \u0441 \u0434\u043e\u0441\u0442\u0430\u0432\u043a\u043e\u0439 \u043f\u043e \u041a\u0438\u0448\u0438\u043d\u0435\u0432\u0443 \u0438 \u0432\u0441\u0435\u0439 \u041c\u043e\u043b\u0434\u043e\u0432\u0435 \u043d\u0430 Pet24","breadcrumb":{"@id":"https:\/\/pet24.md\/product\/unitabs-sterilcat-vitaminno-mineralnyj-kompleks-dlya-kastrirovannyh-i-sterilizovannyh-koshek-120-tab\/#breadcrumb"},"inLanguage":"ro-RO","potentialAction":[{"@type":"ReadAction","target":["https:\/\/pet24.md\/product\/unitabs-sterilcat-vitaminno-mineralnyj-kompleks-dlya-kastrirovannyh-i-sterilizovannyh-koshek-120-tab\/"]}]},{"@type":"ImageObject","inLanguage":"ro-RO","@id":"https:\/\/pet24.md\/product\/unitabs-sterilcat-vitaminno-mineralnyj-kompleks-dlya-kastrirovannyh-i-sterilizovannyh-koshek-120-tab\/#primaryimage","url":"https:\/\/pet24.md\/wp-content\/uploads\/2024\/09\/unitabs-sterilcat-vitaminno-mineralnyj-kompleks-dlya-kastrirovannyh-i-sterilizovannyh-koshek-120-tab-1.webp","contentUrl":"https:\/\/pet24.md\/wp-content\/uploads\/2024\/09\/unitabs-sterilcat-vitaminno-mineralnyj-kompleks-dlya-kastrirovannyh-i-sterilizovannyh-koshek-120-tab-1.webp","width":600,"height":600,"caption":"Unitabs SterilCat"},{"@type":"BreadcrumbList","@id":"https:\/\/pet24.md\/product\/unitabs-sterilcat-vitaminno-mineralnyj-kompleks-dlya-kastrirovannyh-i-sterilizovannyh-koshek-120-tab\/#breadcrumb","itemListElement":[{"@type":"ListItem","position":1,"name":"\u0413\u043b\u0430\u0432\u043d\u0430\u044f \u0441\u0442\u0440\u0430\u043d\u0438\u0446\u0430","item":"https:\/\/pet24.md\/"},{"@type":"ListItem","position":2,"name":"\u041c\u0430\u0433\u0430\u0437\u0438\u043d","item":"https:\/\/pet24.md\/shop\/"},{"@type":"ListItem","position":3,"name":"Unitabs SterilCat: \u0412\u0438\u0442\u0430\u043c\u0438\u043d\u043d\u043e-\u043c\u0438\u043d\u0435\u0440\u0430\u043b\u044c\u043d\u044b\u0439 \u043a\u043e\u043c\u043f\u043b\u0435\u043a\u0441 \u0434\u043b\u044f \u043a\u0430\u0441\u0442\u0440\u0438\u0440\u043e\u0432\u0430\u043d\u043d\u044b\u0445 \u0438 \u0441\u0442\u0435\u0440\u0438\u043b\u0438\u0437\u043e\u0432\u0430\u043d\u043d\u044b\u0445 \u043a\u043e\u0448\u0435\u043a 120 \u0442\u0430\u0431."}]},{"@type":"WebSite","@id":"https:\/\/pet24.md\/#website","url":"https:\/\/pet24.md\/","name":"Pet24","description":"Magazin de animale de companie","publisher":{"@id":"https:\/\/pet24.md\/#organization"},"potentialAction":[{"@type":"SearchAction","target":{"@type":"EntryPoint","urlTemplate":"https:\/\/pet24.md\/?s={search_term_string}"},"query-input":{"@type":"PropertyValueSpecification","valueRequired":true,"valueName":"search_term_string"}}],"inLanguage":"ro-RO"},{"@type":"Organization","@id":"https:\/\/pet24.md\/#organization","name":"Pet24","url":"https:\/\/pet24.md\/","logo":{"@type":"ImageObject","inLanguage":"ro-RO","@id":"https:\/\/pet24.md\/#\/schema\/logo\/image\/","url":"https:\/\/pet24.md\/wp-content\/uploads\/2024\/09\/logo.svg","contentUrl":"https:\/\/pet24.md\/wp-content\/uploads\/2024\/09\/logo.svg","width":215,"height":66,"caption":"Pet24"},"image":{"@id":"https:\/\/pet24.md\/#\/schema\/logo\/image\/"},"sameAs":["https:\/\/www.facebook.com\/pet24.md","https:\/\/www.instagram.com\/pet24.md\/"],"telephone":"+37360508880"}]}},"_links":{"self":[{"href":"https:\/\/pet24.md\/ro\/wp-json\/wp\/v2\/product\/85095","targetHints":{"allow":["GET"]}}],"collection":[{"href":"https:\/\/pet24.md\/ro\/wp-json\/wp\/v2\/product"}],"about":[{"href":"https:\/\/pet24.md\/ro\/wp-json\/wp\/v2\/types\/product"}],"replies":[{"embeddable":true,"href":"https:\/\/pet24.md\/ro\/wp-json\/wp\/v2\/comments?post=85095"}],"wp:featuredmedia":[{"embeddable":true,"href":"https:\/\/pet24.md\/ro\/wp-json\/wp\/v2\/media\/91038"}],"wp:attachment":[{"href":"https:\/\/pet24.md\/ro\/wp-json\/wp\/v2\/media?parent=85095"}],"wp:term":[{"taxonomy":"product_brand","embeddable":true,"href":"https:\/\/pet24.md\/ro\/wp-json\/wp\/v2\/product_brand?post=85095"},{"taxonomy":"product_cat","embeddable":true,"href":"https:\/\/pet24.md\/ro\/wp-json\/wp\/v2\/product_cat?post=85095"},{"taxonomy":"product_tag","embeddable":true,"href":"https:\/\/pet24.md\/ro\/wp-json\/wp\/v2\/product_tag?post=85095"}],"curies":[{"name":"wp","href":"https:\/\/api.w.org\/{rel}","templated":true}]}}