{"id":85098,"date":"2024-08-01T10:05:29","date_gmt":"2024-08-01T10:05:29","guid":{"rendered":"https:\/\/pet24.md\/?post_type=product&#038;p=85098"},"modified":"2024-09-22T22:16:17","modified_gmt":"2024-09-22T22:16:17","slug":"unitabs-biotinplus-vitaminno-mineralnyj-kompleks-dlya-koshek-200-tab","status":"publish","type":"product","link":"https:\/\/pet24.md\/ro\/produs\/unitabs-biotinplus-vitaminno-mineralnyj-kompleks-dlya-koshek-200-tab\/","title":{"rendered":"Unitabs BiotinPlus complex de vitamine \u0219i minerale pentru pisici 200 tab."},"content":{"rendered":"<p>Urm\u0103rim \u00eendeaproape s\u0103n\u0103tatea \u0219i aspectul animalelor noastre de companie. Blana s\u0103n\u0103toas\u0103 spore\u0219te frumuse\u021bea pisicilor noastre! Uneori, avem v\u0103rsarea puternic\u0103, p\u0103rul tern \u0219i casant \u0219i m\u0103trea\u021ba. Acesta poate fi un semn al lipsei de vitamine \u0219i minerale din diet\u0103. Pentru blana si pielea frumoasa si sanatoasa, adauga vitaminele Unitabs BiotinPlus in dieta ta!<\/p>\n<p><strong>Descriere:<\/strong> Unitabs BiotinPlus este un complex de vitamine \u0219i minerale pentru pisici de orice v\u00e2rst\u0103 \u0219i ras\u0103. Con\u021bine coenzima Q10 \u0219i toate vitaminele, macro \u0219i microelemente necesare pentru a \u00eembun\u0103t\u0103\u021bi starea pielii \u0219i a blanii. Chiar \u0219i pisicilor preten\u021bioase le va pl\u0103cea gustul l\u0103ptos \u0219i mirosul vitaminelor. Coenzima Q10 este o substan\u021b\u0103 asem\u0103n\u0103toare vitaminelor, un element esen\u021bial al func\u021biilor vitale ale organismului.<\/p>\n<p><strong>Beneficiile Unitabs BiotinPlus pentru piele \u0219i blan\u0103:<\/strong><\/p>\n<ul>\n<li>Reduce v\u0103rsarea<\/li>\n<li>Promoveaz\u0103 cre\u0219terea activ\u0103 a p\u0103rului<\/li>\n<li>Asigur\u0103 o piele s\u0103n\u0103toas\u0103<\/li>\n<li>\u00cent\u0103re\u0219te imunitatea<\/li>\n<\/ul>\n<p><strong>Indicatii de utilizare:<\/strong><\/p>\n<ul>\n<li>De la 6 luni<\/li>\n<li>\u00cen timpul n\u0103p\u00e2rlirii sezoniere<\/li>\n<li>Cu n\u0103p\u00e2rlire continu\u0103 (pe tot parcursul anului).<\/li>\n<li>Pentru a \u00eembun\u0103t\u0103\u021bi starea pielii \u0219i a blanii<\/li>\n<li>Pentru piele uscata si descuamata<\/li>\n<\/ul>\n<p><strong>Componente active:<\/strong><\/p>\n<ul>\n<li><strong>Vitamina A:<\/strong> Esen\u021bial pentru s\u0103n\u0103tatea pielii, re\u00eennoirea celulelor \u0219i cre\u0219terea activ\u0103 a p\u0103rului.<\/li>\n<li><strong>Vitaminele B:<\/strong> Particip\u0103 la regenerarea pielii, promoveaz\u0103 cre\u0219terea p\u0103rului \u0219i \u00eembun\u0103t\u0103\u021be\u0219te conducerea nervoas\u0103.<\/li>\n<li><strong>Vitamina H (biotina):<\/strong> Indispensabil pentru sinteza keratinei - substan\u021ba principal\u0103 a celulelor epiteliale ale pielii, l\u00e2nii \u0219i ghearelor.<\/li>\n<li><strong>Sulf \u0219i zinc:<\/strong> Necesar pentru formarea cheratinei, stimuleaz\u0103 cre\u0219terea p\u0103rului \u0219i previne c\u0103derea p\u0103rului.<\/li>\n<li><strong>Cupru:<\/strong> Previne scaderea numarului de foliculi de par, caderea parului si fragilitatea.<\/li>\n<li><strong>Taurina:<\/strong> Un aminoacid esen\u021bial pentru men\u021binerea calit\u0103\u021bii l\u00e2nii \u0219i pentru func\u021bionarea sistemului cardiovascular, digestiv \u0219i nervos.<\/li>\n<li><strong>Coenzima Q10:<\/strong> Promoveaz\u0103 producerea de energie, ac\u021bioneaz\u0103 ca un antioxidant \u0219i protejeaz\u0103 celulele de radicalii liberi.<\/li>\n<\/ul>\n<p><strong>Unitabs BiotinPlus pentru piele \u0219i blan\u0103:<\/strong><\/p>\n<ul>\n<li>1 comprimat la 1 kg de greutate corporal\u0103<\/li>\n<li>200 de tablete \u00eentr-un borcan<\/li>\n<li>Zilnic<\/li>\n<li>Cursul de aplicare nu este limitat<\/li>\n<\/ul>\n<p><strong>Produc\u0103tor:<\/strong> Compozi\u021bia a fost dezvoltat\u0103 de Neoterica (Germania).<\/p>\n<p>Unitabs BiotinPlus ajut\u0103 la \u00eembun\u0103t\u0103\u021birea st\u0103rii pielii \u0219i a bl\u0103nii animalului dvs. de companie, reduce v\u0103rsarea, promoveaz\u0103 pielea s\u0103n\u0103toas\u0103 \u0219i \u00eent\u0103re\u0219te sistemul imunitar. Ad\u0103uga\u021bi acest complex de vitamine \u0219i minerale \u00een dieta animalului dvs. de companie pentru a-\u0219i men\u021bine s\u0103n\u0103tatea \u0219i frumuse\u021bea.<\/p>","protected":false},"excerpt":{"rendered":"<p>Unitabs BiotinPlus este un complex de vitamine \u0219i minerale pentru pisici de orice v\u00e2rst\u0103 \u0219i ras\u0103 care \u00eembun\u0103t\u0103\u021be\u0219te starea pielii \u0219i a blanii, reduce excre\u021bia \u0219i \u00eent\u0103re\u0219te sistemul imunitar. Contine coenzima Q10, vitamine B, vitamina H (biotina), sulf, zinc si cupru, care favorizeaza cresterea activa si parul sanatos.<\/p>","protected":false},"featured_media":91039,"comment_status":"open","ping_status":"closed","template":"","meta":[],"product_brand":[],"product_cat":[287,740,193],"product_tag":[741,187,687,759],"class_list":{"0":"post-85098","1":"product","2":"type-product","3":"status-publish","4":"has-post-thumbnail","6":"product_cat-cats-vetapothecary","7":"product_cat-cat-supplements","8":"product_cat-cat","9":"product_tag-unitabs","10":"product_tag-vitaminy","11":"product_tag-kormovaya-dobavka-dlya-sobak","12":"product_tag-uhod-za-sherstyu","13":"pa_age-pet-vzroslyj","14":"pa_brand-unitabs","15":"pa_breed-size-dlya-vseh-porod","16":"pa_packaging-plastikovaya-banka","17":"pa_pet-koshka","18":"pa_purpose-product-uhod-za-sherstyu","20":"first","21":"instock","22":"sale","23":"shipping-taxable","24":"product-type-simple"},"yoast_head":"<!-- This site is optimized with the Yoast SEO Premium plugin v23.7 (Yoast SEO v27.6) - https:\/\/yoast.com\/product\/yoast-seo-premium-wordpress\/ -->\n<title>Unitabs BiotinPlus \u0432\u0438\u0442\u0430\u043c\u0438\u043d\u043d\u043e-\u043c\u0438\u043d\u0435\u0440\u0430\u043b\u044c\u043d\u044b\u0439 \u043a\u043e\u043c\u043f\u043b\u0435\u043a\u0441 \u0434\u043b\u044f \u043a\u043e\u0448\u0435\u043a 200 \u0442\u0430\u0431.<\/title>\n<meta name=\"description\" content=\"\u041a\u0443\u043f\u0438\u0442\u044c Unitabs BiotinPlus \u0432\u0438\u0442\u0430\u043c\u0438\u043d\u043d\u043e-\u043c\u0438\u043d\u0435\u0440\u0430\u043b\u044c\u043d\u044b\u0439 \u043a\u043e\u043c\u043f\u043b\u0435\u043a\u0441 \u0434\u043b\u044f \u043a\u043e\u0448\u0435\u043a 200 \u0442\u0430\u0431. \u0441 \u0434\u043e\u0441\u0442\u0430\u0432\u043a\u043e\u0439 \u043f\u043e \u041a\u0438\u0448\u0438\u043d\u0435\u0432\u0443 \u0438 \u0432\u0441\u0435\u0439 \u041c\u043e\u043b\u0434\u043e\u0432\u0435 \u043d\u0430 Pet24\" \/>\n<meta name=\"robots\" content=\"index, follow, max-snippet:-1, max-image-preview:large, max-video-preview:-1\" \/>\n<link rel=\"canonical\" href=\"https:\/\/pet24.md\/ro\/produs\/unitabs-biotinplus-vitaminno-mineralnyj-kompleks-dlya-koshek-200-tab\/\" \/>\n<meta property=\"og:locale\" content=\"ro_RO\" \/>\n<meta property=\"og:type\" content=\"article\" \/>\n<meta property=\"og:title\" content=\"Unitabs BiotinPlus \u0432\u0438\u0442\u0430\u043c\u0438\u043d\u043d\u043e-\u043c\u0438\u043d\u0435\u0440\u0430\u043b\u044c\u043d\u044b\u0439 \u043a\u043e\u043c\u043f\u043b\u0435\u043a\u0441 \u0434\u043b\u044f \u043a\u043e\u0448\u0435\u043a 200 \u0442\u0430\u0431.\" \/>\n<meta property=\"og:description\" content=\"\u041a\u0443\u043f\u0438\u0442\u044c Unitabs BiotinPlus \u0432\u0438\u0442\u0430\u043c\u0438\u043d\u043d\u043e-\u043c\u0438\u043d\u0435\u0440\u0430\u043b\u044c\u043d\u044b\u0439 \u043a\u043e\u043c\u043f\u043b\u0435\u043a\u0441 \u0434\u043b\u044f \u043a\u043e\u0448\u0435\u043a 200 \u0442\u0430\u0431. \u0441 \u0434\u043e\u0441\u0442\u0430\u0432\u043a\u043e\u0439 \u043f\u043e \u041a\u0438\u0448\u0438\u043d\u0435\u0432\u0443 \u0438 \u0432\u0441\u0435\u0439 \u041c\u043e\u043b\u0434\u043e\u0432\u0435 \u043d\u0430 Pet24\" \/>\n<meta property=\"og:url\" content=\"https:\/\/pet24.md\/ro\/produs\/unitabs-biotinplus-vitaminno-mineralnyj-kompleks-dlya-koshek-200-tab\/\" \/>\n<meta property=\"og:site_name\" content=\"Pet24\" \/>\n<meta property=\"article:publisher\" content=\"https:\/\/www.facebook.com\/pet24.md\" \/>\n<meta property=\"article:modified_time\" content=\"2024-09-22T22:16:17+00:00\" \/>\n<meta property=\"og:image\" content=\"https:\/\/pet24.md\/wp-content\/uploads\/2024\/09\/unitabs-biotinplus-vitaminno-mineralnyj-kompleks-dlya-koshek-200-tab-1.webp\" \/>\n\t<meta property=\"og:image:width\" content=\"600\" \/>\n\t<meta property=\"og:image:height\" content=\"600\" \/>\n\t<meta property=\"og:image:type\" content=\"image\/webp\" \/>\n<meta name=\"twitter:card\" content=\"summary_large_image\" \/>\n<script type=\"application\/ld+json\" class=\"yoast-schema-graph\">{\"@context\":\"https:\\\/\\\/schema.org\",\"@graph\":[{\"@type\":\"WebPage\",\"@id\":\"https:\\\/\\\/pet24.md\\\/product\\\/unitabs-biotinplus-vitaminno-mineralnyj-kompleks-dlya-koshek-200-tab\\\/\",\"url\":\"https:\\\/\\\/pet24.md\\\/product\\\/unitabs-biotinplus-vitaminno-mineralnyj-kompleks-dlya-koshek-200-tab\\\/\",\"name\":\"Unitabs BiotinPlus \u0432\u0438\u0442\u0430\u043c\u0438\u043d\u043d\u043e-\u043c\u0438\u043d\u0435\u0440\u0430\u043b\u044c\u043d\u044b\u0439 \u043a\u043e\u043c\u043f\u043b\u0435\u043a\u0441 \u0434\u043b\u044f \u043a\u043e\u0448\u0435\u043a 200 \u0442\u0430\u0431.\",\"isPartOf\":{\"@id\":\"https:\\\/\\\/pet24.md\\\/#website\"},\"primaryImageOfPage\":{\"@id\":\"https:\\\/\\\/pet24.md\\\/product\\\/unitabs-biotinplus-vitaminno-mineralnyj-kompleks-dlya-koshek-200-tab\\\/#primaryimage\"},\"image\":{\"@id\":\"https:\\\/\\\/pet24.md\\\/product\\\/unitabs-biotinplus-vitaminno-mineralnyj-kompleks-dlya-koshek-200-tab\\\/#primaryimage\"},\"thumbnailUrl\":\"https:\\\/\\\/pet24.md\\\/wp-content\\\/uploads\\\/2024\\\/09\\\/unitabs-biotinplus-vitaminno-mineralnyj-kompleks-dlya-koshek-200-tab-1.webp\",\"datePublished\":\"2024-08-01T10:05:29+00:00\",\"dateModified\":\"2024-09-22T22:16:17+00:00\",\"description\":\"\u041a\u0443\u043f\u0438\u0442\u044c Unitabs BiotinPlus \u0432\u0438\u0442\u0430\u043c\u0438\u043d\u043d\u043e-\u043c\u0438\u043d\u0435\u0440\u0430\u043b\u044c\u043d\u044b\u0439 \u043a\u043e\u043c\u043f\u043b\u0435\u043a\u0441 \u0434\u043b\u044f \u043a\u043e\u0448\u0435\u043a 200 \u0442\u0430\u0431. \u0441 \u0434\u043e\u0441\u0442\u0430\u0432\u043a\u043e\u0439 \u043f\u043e \u041a\u0438\u0448\u0438\u043d\u0435\u0432\u0443 \u0438 \u0432\u0441\u0435\u0439 \u041c\u043e\u043b\u0434\u043e\u0432\u0435 \u043d\u0430 Pet24\",\"breadcrumb\":{\"@id\":\"https:\\\/\\\/pet24.md\\\/product\\\/unitabs-biotinplus-vitaminno-mineralnyj-kompleks-dlya-koshek-200-tab\\\/#breadcrumb\"},\"inLanguage\":\"ro-RO\",\"potentialAction\":[{\"@type\":\"ReadAction\",\"target\":[\"https:\\\/\\\/pet24.md\\\/product\\\/unitabs-biotinplus-vitaminno-mineralnyj-kompleks-dlya-koshek-200-tab\\\/\"]}]},{\"@type\":\"ImageObject\",\"inLanguage\":\"ro-RO\",\"@id\":\"https:\\\/\\\/pet24.md\\\/product\\\/unitabs-biotinplus-vitaminno-mineralnyj-kompleks-dlya-koshek-200-tab\\\/#primaryimage\",\"url\":\"https:\\\/\\\/pet24.md\\\/wp-content\\\/uploads\\\/2024\\\/09\\\/unitabs-biotinplus-vitaminno-mineralnyj-kompleks-dlya-koshek-200-tab-1.webp\",\"contentUrl\":\"https:\\\/\\\/pet24.md\\\/wp-content\\\/uploads\\\/2024\\\/09\\\/unitabs-biotinplus-vitaminno-mineralnyj-kompleks-dlya-koshek-200-tab-1.webp\",\"width\":600,\"height\":600,\"caption\":\"Unitabs BiotinPlus \u0432\u0438\u0442\u0430\u043c\u0438\u043d\u043d\u043e-\u043c\u0438\u043d\u0435\u0440\u0430\u043b\u044c\u043d\u044b\u0439 \u043a\u043e\u043c\u043f\u043b\u0435\u043a\u0441 \u0434\u043b\u044f \u043a\u043e\u0448\u0435\u043a 200 \u0442\u0430\u0431.\"},{\"@type\":\"BreadcrumbList\",\"@id\":\"https:\\\/\\\/pet24.md\\\/product\\\/unitabs-biotinplus-vitaminno-mineralnyj-kompleks-dlya-koshek-200-tab\\\/#breadcrumb\",\"itemListElement\":[{\"@type\":\"ListItem\",\"position\":1,\"name\":\"\u0413\u043b\u0430\u0432\u043d\u0430\u044f \u0441\u0442\u0440\u0430\u043d\u0438\u0446\u0430\",\"item\":\"https:\\\/\\\/pet24.md\\\/\"},{\"@type\":\"ListItem\",\"position\":2,\"name\":\"\u041c\u0430\u0433\u0430\u0437\u0438\u043d\",\"item\":\"https:\\\/\\\/pet24.md\\\/shop\\\/\"},{\"@type\":\"ListItem\",\"position\":3,\"name\":\"Unitabs BiotinPlus \u0432\u0438\u0442\u0430\u043c\u0438\u043d\u043d\u043e-\u043c\u0438\u043d\u0435\u0440\u0430\u043b\u044c\u043d\u044b\u0439 \u043a\u043e\u043c\u043f\u043b\u0435\u043a\u0441 \u0434\u043b\u044f \u043a\u043e\u0448\u0435\u043a 200 \u0442\u0430\u0431.\"}]},{\"@type\":\"WebSite\",\"@id\":\"https:\\\/\\\/pet24.md\\\/#website\",\"url\":\"https:\\\/\\\/pet24.md\\\/\",\"name\":\"Pet24\",\"description\":\"\u0417\u043e\u043e\u043c\u0430\u0433\u0430\u0437\u0438\u043d \u0442\u043e\u0432\u0430\u0440\u043e\u0432 \u0434\u043b\u044f \u0434\u043e\u043c\u0430\u0448\u043d\u0438\u0445 \u043f\u0438\u0442\u043e\u043c\u0446\u0435\u0432\",\"publisher\":{\"@id\":\"https:\\\/\\\/pet24.md\\\/#organization\"},\"potentialAction\":[{\"@type\":\"SearchAction\",\"target\":{\"@type\":\"EntryPoint\",\"urlTemplate\":\"https:\\\/\\\/pet24.md\\\/?s={search_term_string}\"},\"query-input\":{\"@type\":\"PropertyValueSpecification\",\"valueRequired\":true,\"valueName\":\"search_term_string\"}}],\"inLanguage\":\"ro-RO\"},{\"@type\":\"Organization\",\"@id\":\"https:\\\/\\\/pet24.md\\\/#organization\",\"name\":\"Pet24\",\"url\":\"https:\\\/\\\/pet24.md\\\/\",\"logo\":{\"@type\":\"ImageObject\",\"inLanguage\":\"ro-RO\",\"@id\":\"https:\\\/\\\/pet24.md\\\/#\\\/schema\\\/logo\\\/image\\\/\",\"url\":\"https:\\\/\\\/pet24.md\\\/wp-content\\\/uploads\\\/2024\\\/09\\\/logo.svg\",\"contentUrl\":\"https:\\\/\\\/pet24.md\\\/wp-content\\\/uploads\\\/2024\\\/09\\\/logo.svg\",\"width\":215,\"height\":66,\"caption\":\"Pet24\"},\"image\":{\"@id\":\"https:\\\/\\\/pet24.md\\\/#\\\/schema\\\/logo\\\/image\\\/\"},\"sameAs\":[\"https:\\\/\\\/www.facebook.com\\\/pet24.md\",\"https:\\\/\\\/www.instagram.com\\\/pet24.md\\\/\"],\"telephone\":\"+37360508880\"}]}<\/script>\n<!-- \/ Yoast SEO Premium plugin. -->","yoast_head_json":{"title":"Unitabs BiotinPlus complex de vitamine \u0219i minerale pentru pisici 200 tab.","description":"\u041a\u0443\u043f\u0438\u0442\u044c Unitabs BiotinPlus \u0432\u0438\u0442\u0430\u043c\u0438\u043d\u043d\u043e-\u043c\u0438\u043d\u0435\u0440\u0430\u043b\u044c\u043d\u044b\u0439 \u043a\u043e\u043c\u043f\u043b\u0435\u043a\u0441 \u0434\u043b\u044f \u043a\u043e\u0448\u0435\u043a 200 \u0442\u0430\u0431. \u0441 \u0434\u043e\u0441\u0442\u0430\u0432\u043a\u043e\u0439 \u043f\u043e \u041a\u0438\u0448\u0438\u043d\u0435\u0432\u0443 \u0438 \u0432\u0441\u0435\u0439 \u041c\u043e\u043b\u0434\u043e\u0432\u0435 \u043d\u0430 Pet24","robots":{"index":"index","follow":"follow","max-snippet":"max-snippet:-1","max-image-preview":"max-image-preview:large","max-video-preview":"max-video-preview:-1"},"canonical":"https:\/\/pet24.md\/ro\/produs\/unitabs-biotinplus-vitaminno-mineralnyj-kompleks-dlya-koshek-200-tab\/","og_locale":"ro_RO","og_type":"article","og_title":"Unitabs BiotinPlus \u0432\u0438\u0442\u0430\u043c\u0438\u043d\u043d\u043e-\u043c\u0438\u043d\u0435\u0440\u0430\u043b\u044c\u043d\u044b\u0439 \u043a\u043e\u043c\u043f\u043b\u0435\u043a\u0441 \u0434\u043b\u044f \u043a\u043e\u0448\u0435\u043a 200 \u0442\u0430\u0431.","og_description":"\u041a\u0443\u043f\u0438\u0442\u044c Unitabs BiotinPlus \u0432\u0438\u0442\u0430\u043c\u0438\u043d\u043d\u043e-\u043c\u0438\u043d\u0435\u0440\u0430\u043b\u044c\u043d\u044b\u0439 \u043a\u043e\u043c\u043f\u043b\u0435\u043a\u0441 \u0434\u043b\u044f \u043a\u043e\u0448\u0435\u043a 200 \u0442\u0430\u0431. \u0441 \u0434\u043e\u0441\u0442\u0430\u0432\u043a\u043e\u0439 \u043f\u043e \u041a\u0438\u0448\u0438\u043d\u0435\u0432\u0443 \u0438 \u0432\u0441\u0435\u0439 \u041c\u043e\u043b\u0434\u043e\u0432\u0435 \u043d\u0430 Pet24","og_url":"https:\/\/pet24.md\/ro\/produs\/unitabs-biotinplus-vitaminno-mineralnyj-kompleks-dlya-koshek-200-tab\/","og_site_name":"Pet24","article_publisher":"https:\/\/www.facebook.com\/pet24.md","article_modified_time":"2024-09-22T22:16:17+00:00","og_image":[{"width":600,"height":600,"url":"https:\/\/pet24.md\/wp-content\/uploads\/2024\/09\/unitabs-biotinplus-vitaminno-mineralnyj-kompleks-dlya-koshek-200-tab-1.webp","type":"image\/webp"}],"twitter_card":"summary_large_image","schema":{"@context":"https:\/\/schema.org","@graph":[{"@type":"WebPage","@id":"https:\/\/pet24.md\/product\/unitabs-biotinplus-vitaminno-mineralnyj-kompleks-dlya-koshek-200-tab\/","url":"https:\/\/pet24.md\/product\/unitabs-biotinplus-vitaminno-mineralnyj-kompleks-dlya-koshek-200-tab\/","name":"Unitabs BiotinPlus complex de vitamine \u0219i minerale pentru pisici 200 tab.","isPartOf":{"@id":"https:\/\/pet24.md\/#website"},"primaryImageOfPage":{"@id":"https:\/\/pet24.md\/product\/unitabs-biotinplus-vitaminno-mineralnyj-kompleks-dlya-koshek-200-tab\/#primaryimage"},"image":{"@id":"https:\/\/pet24.md\/product\/unitabs-biotinplus-vitaminno-mineralnyj-kompleks-dlya-koshek-200-tab\/#primaryimage"},"thumbnailUrl":"https:\/\/pet24.md\/wp-content\/uploads\/2024\/09\/unitabs-biotinplus-vitaminno-mineralnyj-kompleks-dlya-koshek-200-tab-1.webp","datePublished":"2024-08-01T10:05:29+00:00","dateModified":"2024-09-22T22:16:17+00:00","description":"\u041a\u0443\u043f\u0438\u0442\u044c Unitabs BiotinPlus \u0432\u0438\u0442\u0430\u043c\u0438\u043d\u043d\u043e-\u043c\u0438\u043d\u0435\u0440\u0430\u043b\u044c\u043d\u044b\u0439 \u043a\u043e\u043c\u043f\u043b\u0435\u043a\u0441 \u0434\u043b\u044f \u043a\u043e\u0448\u0435\u043a 200 \u0442\u0430\u0431. \u0441 \u0434\u043e\u0441\u0442\u0430\u0432\u043a\u043e\u0439 \u043f\u043e \u041a\u0438\u0448\u0438\u043d\u0435\u0432\u0443 \u0438 \u0432\u0441\u0435\u0439 \u041c\u043e\u043b\u0434\u043e\u0432\u0435 \u043d\u0430 Pet24","breadcrumb":{"@id":"https:\/\/pet24.md\/product\/unitabs-biotinplus-vitaminno-mineralnyj-kompleks-dlya-koshek-200-tab\/#breadcrumb"},"inLanguage":"ro-RO","potentialAction":[{"@type":"ReadAction","target":["https:\/\/pet24.md\/product\/unitabs-biotinplus-vitaminno-mineralnyj-kompleks-dlya-koshek-200-tab\/"]}]},{"@type":"ImageObject","inLanguage":"ro-RO","@id":"https:\/\/pet24.md\/product\/unitabs-biotinplus-vitaminno-mineralnyj-kompleks-dlya-koshek-200-tab\/#primaryimage","url":"https:\/\/pet24.md\/wp-content\/uploads\/2024\/09\/unitabs-biotinplus-vitaminno-mineralnyj-kompleks-dlya-koshek-200-tab-1.webp","contentUrl":"https:\/\/pet24.md\/wp-content\/uploads\/2024\/09\/unitabs-biotinplus-vitaminno-mineralnyj-kompleks-dlya-koshek-200-tab-1.webp","width":600,"height":600,"caption":"Unitabs BiotinPlus \u0432\u0438\u0442\u0430\u043c\u0438\u043d\u043d\u043e-\u043c\u0438\u043d\u0435\u0440\u0430\u043b\u044c\u043d\u044b\u0439 \u043a\u043e\u043c\u043f\u043b\u0435\u043a\u0441 \u0434\u043b\u044f \u043a\u043e\u0448\u0435\u043a 200 \u0442\u0430\u0431."},{"@type":"BreadcrumbList","@id":"https:\/\/pet24.md\/product\/unitabs-biotinplus-vitaminno-mineralnyj-kompleks-dlya-koshek-200-tab\/#breadcrumb","itemListElement":[{"@type":"ListItem","position":1,"name":"\u0413\u043b\u0430\u0432\u043d\u0430\u044f \u0441\u0442\u0440\u0430\u043d\u0438\u0446\u0430","item":"https:\/\/pet24.md\/"},{"@type":"ListItem","position":2,"name":"\u041c\u0430\u0433\u0430\u0437\u0438\u043d","item":"https:\/\/pet24.md\/shop\/"},{"@type":"ListItem","position":3,"name":"Unitabs BiotinPlus \u0432\u0438\u0442\u0430\u043c\u0438\u043d\u043d\u043e-\u043c\u0438\u043d\u0435\u0440\u0430\u043b\u044c\u043d\u044b\u0439 \u043a\u043e\u043c\u043f\u043b\u0435\u043a\u0441 \u0434\u043b\u044f \u043a\u043e\u0448\u0435\u043a 200 \u0442\u0430\u0431."}]},{"@type":"WebSite","@id":"https:\/\/pet24.md\/#website","url":"https:\/\/pet24.md\/","name":"Pet24","description":"Magazin de animale de companie","publisher":{"@id":"https:\/\/pet24.md\/#organization"},"potentialAction":[{"@type":"SearchAction","target":{"@type":"EntryPoint","urlTemplate":"https:\/\/pet24.md\/?s={search_term_string}"},"query-input":{"@type":"PropertyValueSpecification","valueRequired":true,"valueName":"search_term_string"}}],"inLanguage":"ro-RO"},{"@type":"Organization","@id":"https:\/\/pet24.md\/#organization","name":"Pet24","url":"https:\/\/pet24.md\/","logo":{"@type":"ImageObject","inLanguage":"ro-RO","@id":"https:\/\/pet24.md\/#\/schema\/logo\/image\/","url":"https:\/\/pet24.md\/wp-content\/uploads\/2024\/09\/logo.svg","contentUrl":"https:\/\/pet24.md\/wp-content\/uploads\/2024\/09\/logo.svg","width":215,"height":66,"caption":"Pet24"},"image":{"@id":"https:\/\/pet24.md\/#\/schema\/logo\/image\/"},"sameAs":["https:\/\/www.facebook.com\/pet24.md","https:\/\/www.instagram.com\/pet24.md\/"],"telephone":"+37360508880"}]}},"_links":{"self":[{"href":"https:\/\/pet24.md\/ro\/wp-json\/wp\/v2\/product\/85098","targetHints":{"allow":["GET"]}}],"collection":[{"href":"https:\/\/pet24.md\/ro\/wp-json\/wp\/v2\/product"}],"about":[{"href":"https:\/\/pet24.md\/ro\/wp-json\/wp\/v2\/types\/product"}],"replies":[{"embeddable":true,"href":"https:\/\/pet24.md\/ro\/wp-json\/wp\/v2\/comments?post=85098"}],"wp:featuredmedia":[{"embeddable":true,"href":"https:\/\/pet24.md\/ro\/wp-json\/wp\/v2\/media\/91039"}],"wp:attachment":[{"href":"https:\/\/pet24.md\/ro\/wp-json\/wp\/v2\/media?parent=85098"}],"wp:term":[{"taxonomy":"product_brand","embeddable":true,"href":"https:\/\/pet24.md\/ro\/wp-json\/wp\/v2\/product_brand?post=85098"},{"taxonomy":"product_cat","embeddable":true,"href":"https:\/\/pet24.md\/ro\/wp-json\/wp\/v2\/product_cat?post=85098"},{"taxonomy":"product_tag","embeddable":true,"href":"https:\/\/pet24.md\/ro\/wp-json\/wp\/v2\/product_tag?post=85098"}],"curies":[{"name":"wp","href":"https:\/\/api.w.org\/{rel}","templated":true}]}}