{"id":85110,"date":"2024-08-01T10:42:00","date_gmt":"2024-08-01T10:42:00","guid":{"rendered":"https:\/\/pet24.md\/?post_type=product&#038;p=85110"},"modified":"2024-09-22T22:16:18","modified_gmt":"2024-09-22T22:16:18","slug":"unitabs-juniorcomplex-vitaminno-mineralnyj-kompleks-dlya-shhenkov-vseh-porod-100-tab","status":"publish","type":"product","link":"https:\/\/pet24.md\/ro\/produs\/unitabs-juniorcomplex-vitaminno-mineralnyj-kompleks-dlya-shhenkov-vseh-porod-100-tab\/","title":{"rendered":"Unitabs JuniorComplex Complex de vitamine \u0219i minerale pentru c\u0103\u021bei de toate rasele 100 tab."},"content":{"rendered":"<p>Unitabs JuniorComplex este un complex de vitamine \u0219i minerale care con\u021bine toate vitaminele, macro \u0219i microelementele necesare, inclusiv acid folic (vitamina B9), pentru dezvoltarea deplin\u0103 a c\u0103\u021belu\u0219ului.<\/p>\n<p><strong>Avantajele Unitabs JuniorComplex:<\/strong><\/p>\n<ul>\n<li>Con\u021bine 19 elemente pentru cre\u0219tere \u0219i dezvoltare<\/li>\n<li>Sprijin\u0103 metabolismul adecvat<\/li>\n<li>Reface echilibrul de vitamine, macro \u0219i microelemente<\/li>\n<li>\u00cent\u0103re\u0219te sistemul imunitar \u0219i reduce riscul de \u00eemboln\u0103vire<\/li>\n<li>\u00cembun\u0103t\u0103\u021be\u0219te apetitul<\/li>\n<\/ul>\n<p><strong>Recomand\u0103ri de utilizare:<\/strong> Da\u021bi Unitabs JuniorComplex c\u0103\u021beilor:<\/p>\n<ul>\n<li>De la 3 s\u0103pt\u0103m\u00e2ni la 12-18 luni<\/li>\n<li>Pentru a echilibra dieta \u00een timpul hr\u0103nirii naturale<\/li>\n<li>Pentru a ajusta dieta atunci c\u00e2nd utiliza\u021bi furaje gata preparate<\/li>\n<\/ul>\n<p>\u0218i de asemenea:<\/p>\n<ul>\n<li>C\u00e2ini de rase mici gravide \u0219i care al\u0103pteaz\u0103<\/li>\n<\/ul>\n<p><strong>Componente active:<\/strong><\/p>\n<ul>\n<li>Acid folic (vitamina B9)<\/li>\n<li>Vitaminele A, D, E \u0219i C<\/li>\n<li>Calciu \u0219i fosfor<\/li>\n<li>Magneziu, fier, cupru, zinc, iod, mangan<\/li>\n<li>Ulei de pe\u0219te (omega-3 \u0219i omega-6)<\/li>\n<\/ul>\n<p><strong>Descrierea componentelor active:<\/strong><\/p>\n<ul>\n<li>Acidul folic este implicat \u00een sinteza hemoglobinei, globulelor ro\u0219ii, leucocitelor \u0219i trombocitelor.<\/li>\n<li>Vitaminele A, D3, E \u0219i B sus\u021bin pielea, blana, oasele \u0219i sistemul imunitar s\u0103n\u0103to\u0219i.<\/li>\n<li>Macro- (calciu, fosfor) \u0219i microelemente (magneziu, fier, cupru, zinc, iod, mangan) ajut\u0103 la \u00eent\u0103rirea organismului.<\/li>\n<li>Acizii gra\u0219i polinesatura\u021bi (omega-6 \u0219i omega-3) sus\u021bin pielea \u0219i blana s\u0103n\u0103toas\u0103.<\/li>\n<\/ul>\n<p><strong>Procedura de aplicare:<\/strong><\/p>\n<ul>\n<li>1 comprimat la 5 kg greutate corporal\u0103<\/li>\n<li>Zilnic<\/li>\n<li>Cursul de aplicare nu este limitat<\/li>\n<\/ul>\n<p><strong>Informa\u021bii suplimentare:<\/strong> Dac\u0103 ave\u021bi un c\u0103\u021belu\u0219 mare, utiliza\u021bi Unitabs MomCare cu o doz\u0103 de 1 comprimat la 10 kg.<\/p>\n<p>Compozi\u021bia a fost dezvoltat\u0103 de Neoterica (Germania).<\/p>\n<p>Unitabs JuniorComplex ofer\u0103 c\u0103\u021beilor vitamine \u0219i minerale esen\u021biale pentru a promova cre\u0219terea \u0219i dezvoltarea s\u0103n\u0103toas\u0103.<\/p>","protected":false},"excerpt":{"rendered":"<p>Unitabs JuniorComplex este un supliment de vitamine \u0219i minerale pentru c\u0103\u021bei care sus\u021bine cre\u0219terea \u0219i dezvoltarea s\u0103n\u0103toas\u0103 a acestora. Contine 19 elemente, inclusiv acid folic si omega-3, omega-6 pentru intarirea sistemului imunitar si imbunatatirea metabolismului.<\/p>","protected":false},"featured_media":91042,"comment_status":"open","ping_status":"closed","template":"","meta":[],"product_brand":[],"product_cat":[136,286,684],"product_tag":[741,187,744,687,225],"class_list":{"0":"post-85110","1":"product","2":"type-product","3":"status-publish","4":"has-post-thumbnail","6":"product_cat-dog","7":"product_cat-dogs-vetapothecary","8":"product_cat-dog-supplements","9":"product_tag-unitabs","10":"product_tag-vitaminy","11":"product_tag-giperaktivnye","12":"product_tag-kormovaya-dobavka-dlya-sobak","13":"product_tag-shhenok","14":"pa_age-pet-shhenok","15":"pa_brand-unitabs","16":"pa_breed-size-dlya-vseh-porod","17":"pa_packaging-plastikovaya-banka","18":"pa_pet-sobaka","19":"pa_pet-feature-giperaktivnye","20":"pa_purpose-product-dlya-immunnoj-sistemy","22":"first","23":"instock","24":"sale","25":"shipping-taxable","26":"product-type-simple"},"yoast_head":"<!-- This site is optimized with the Yoast SEO Premium plugin v23.7 (Yoast SEO v27.6) - https:\/\/yoast.com\/product\/yoast-seo-premium-wordpress\/ -->\n<title>Unitabs JuniorComplex \u0412\u0438\u0442\u0430\u043c\u0438\u043d\u043d\u043e-\u043c\u0438\u043d\u0435\u0440\u0430\u043b\u044c\u043d\u044b\u0439 \u043a\u043e\u043c\u043f\u043b\u0435\u043a\u0441 \u0434\u043b\u044f \u0449\u0435\u043d\u043a\u043e\u0432 \u0432\u0441\u0435\u0445 \u043f\u043e\u0440\u043e\u0434 100 \u0442\u0430\u0431.<\/title>\n<meta name=\"description\" content=\"\u041a\u0443\u043f\u0438\u0442\u044c Unitabs JuniorComplex \u0412\u0438\u0442\u0430\u043c\u0438\u043d\u043d\u043e-\u043c\u0438\u043d\u0435\u0440\u0430\u043b\u044c\u043d\u044b\u0439 \u043a\u043e\u043c\u043f\u043b\u0435\u043a\u0441 \u0434\u043b\u044f \u0449\u0435\u043d\u043a\u043e\u0432 \u0432\u0441\u0435\u0445 \u043f\u043e\u0440\u043e\u0434 100 \u0442\u0430\u0431. \u0441 \u0434\u043e\u0441\u0442\u0430\u0432\u043a\u043e\u0439 \u043f\u043e \u041a\u0438\u0448\u0438\u043d\u0435\u0432\u0443 \u0438 \u0432\u0441\u0435\u0439 \u041c\u043e\u043b\u0434\u043e\u0432\u0435 \u043d\u0430 Pet24\" \/>\n<meta name=\"robots\" content=\"index, follow, max-snippet:-1, max-image-preview:large, max-video-preview:-1\" \/>\n<link rel=\"canonical\" href=\"https:\/\/pet24.md\/ro\/product\/unitabs-juniorcomplex-vitaminno-mineralnyj-kompleks-dlya-shhenkov-vseh-porod-100-tab\/\" \/>\n<meta property=\"og:locale\" content=\"ro_RO\" \/>\n<meta property=\"og:type\" content=\"article\" \/>\n<meta property=\"og:title\" content=\"Unitabs JuniorComplex \u0412\u0438\u0442\u0430\u043c\u0438\u043d\u043d\u043e-\u043c\u0438\u043d\u0435\u0440\u0430\u043b\u044c\u043d\u044b\u0439 \u043a\u043e\u043c\u043f\u043b\u0435\u043a\u0441 \u0434\u043b\u044f \u0449\u0435\u043d\u043a\u043e\u0432 \u0432\u0441\u0435\u0445 \u043f\u043e\u0440\u043e\u0434 100 \u0442\u0430\u0431.\" \/>\n<meta property=\"og:description\" content=\"\u041a\u0443\u043f\u0438\u0442\u044c Unitabs JuniorComplex \u0412\u0438\u0442\u0430\u043c\u0438\u043d\u043d\u043e-\u043c\u0438\u043d\u0435\u0440\u0430\u043b\u044c\u043d\u044b\u0439 \u043a\u043e\u043c\u043f\u043b\u0435\u043a\u0441 \u0434\u043b\u044f \u0449\u0435\u043d\u043a\u043e\u0432 \u0432\u0441\u0435\u0445 \u043f\u043e\u0440\u043e\u0434 100 \u0442\u0430\u0431. \u0441 \u0434\u043e\u0441\u0442\u0430\u0432\u043a\u043e\u0439 \u043f\u043e \u041a\u0438\u0448\u0438\u043d\u0435\u0432\u0443 \u0438 \u0432\u0441\u0435\u0439 \u041c\u043e\u043b\u0434\u043e\u0432\u0435 \u043d\u0430 Pet24\" \/>\n<meta property=\"og:url\" content=\"https:\/\/pet24.md\/ro\/product\/unitabs-juniorcomplex-vitaminno-mineralnyj-kompleks-dlya-shhenkov-vseh-porod-100-tab\/\" \/>\n<meta property=\"og:site_name\" content=\"Pet24\" \/>\n<meta property=\"article:publisher\" content=\"https:\/\/www.facebook.com\/pet24.md\" \/>\n<meta property=\"article:modified_time\" content=\"2024-09-22T22:16:18+00:00\" \/>\n<meta property=\"og:image\" content=\"https:\/\/pet24.md\/wp-content\/uploads\/2024\/09\/unitabs-juniorcomplex-vitaminno-mineralnyj-kompleks-dlya-shhenkov-vseh-porod-100-tab-1.webp\" \/>\n\t<meta property=\"og:image:width\" content=\"600\" \/>\n\t<meta property=\"og:image:height\" content=\"600\" \/>\n\t<meta property=\"og:image:type\" content=\"image\/webp\" \/>\n<meta name=\"twitter:card\" content=\"summary_large_image\" \/>\n<script type=\"application\/ld+json\" class=\"yoast-schema-graph\">{\"@context\":\"https:\\\/\\\/schema.org\",\"@graph\":[{\"@type\":\"WebPage\",\"@id\":\"https:\\\/\\\/pet24.md\\\/ro\\\/product\\\/unitabs-juniorcomplex-vitaminno-mineralnyj-kompleks-dlya-shhenkov-vseh-porod-100-tab\\\/\",\"url\":\"https:\\\/\\\/pet24.md\\\/ro\\\/product\\\/unitabs-juniorcomplex-vitaminno-mineralnyj-kompleks-dlya-shhenkov-vseh-porod-100-tab\\\/\",\"name\":\"Unitabs JuniorComplex \u0412\u0438\u0442\u0430\u043c\u0438\u043d\u043d\u043e-\u043c\u0438\u043d\u0435\u0440\u0430\u043b\u044c\u043d\u044b\u0439 \u043a\u043e\u043c\u043f\u043b\u0435\u043a\u0441 \u0434\u043b\u044f \u0449\u0435\u043d\u043a\u043e\u0432 \u0432\u0441\u0435\u0445 \u043f\u043e\u0440\u043e\u0434 100 \u0442\u0430\u0431.\",\"isPartOf\":{\"@id\":\"https:\\\/\\\/pet24.md\\\/#website\"},\"primaryImageOfPage\":{\"@id\":\"https:\\\/\\\/pet24.md\\\/ro\\\/product\\\/unitabs-juniorcomplex-vitaminno-mineralnyj-kompleks-dlya-shhenkov-vseh-porod-100-tab\\\/#primaryimage\"},\"image\":{\"@id\":\"https:\\\/\\\/pet24.md\\\/ro\\\/product\\\/unitabs-juniorcomplex-vitaminno-mineralnyj-kompleks-dlya-shhenkov-vseh-porod-100-tab\\\/#primaryimage\"},\"thumbnailUrl\":\"https:\\\/\\\/pet24.md\\\/wp-content\\\/uploads\\\/2024\\\/09\\\/unitabs-juniorcomplex-vitaminno-mineralnyj-kompleks-dlya-shhenkov-vseh-porod-100-tab-1.webp\",\"datePublished\":\"2024-08-01T10:42:00+00:00\",\"dateModified\":\"2024-09-22T22:16:18+00:00\",\"description\":\"\u041a\u0443\u043f\u0438\u0442\u044c Unitabs JuniorComplex \u0412\u0438\u0442\u0430\u043c\u0438\u043d\u043d\u043e-\u043c\u0438\u043d\u0435\u0440\u0430\u043b\u044c\u043d\u044b\u0439 \u043a\u043e\u043c\u043f\u043b\u0435\u043a\u0441 \u0434\u043b\u044f \u0449\u0435\u043d\u043a\u043e\u0432 \u0432\u0441\u0435\u0445 \u043f\u043e\u0440\u043e\u0434 100 \u0442\u0430\u0431. \u0441 \u0434\u043e\u0441\u0442\u0430\u0432\u043a\u043e\u0439 \u043f\u043e \u041a\u0438\u0448\u0438\u043d\u0435\u0432\u0443 \u0438 \u0432\u0441\u0435\u0439 \u041c\u043e\u043b\u0434\u043e\u0432\u0435 \u043d\u0430 Pet24\",\"breadcrumb\":{\"@id\":\"https:\\\/\\\/pet24.md\\\/ro\\\/product\\\/unitabs-juniorcomplex-vitaminno-mineralnyj-kompleks-dlya-shhenkov-vseh-porod-100-tab\\\/#breadcrumb\"},\"inLanguage\":\"ro-RO\",\"potentialAction\":[{\"@type\":\"ReadAction\",\"target\":[\"https:\\\/\\\/pet24.md\\\/ro\\\/product\\\/unitabs-juniorcomplex-vitaminno-mineralnyj-kompleks-dlya-shhenkov-vseh-porod-100-tab\\\/\"]}]},{\"@type\":\"ImageObject\",\"inLanguage\":\"ro-RO\",\"@id\":\"https:\\\/\\\/pet24.md\\\/ro\\\/product\\\/unitabs-juniorcomplex-vitaminno-mineralnyj-kompleks-dlya-shhenkov-vseh-porod-100-tab\\\/#primaryimage\",\"url\":\"https:\\\/\\\/pet24.md\\\/wp-content\\\/uploads\\\/2024\\\/09\\\/unitabs-juniorcomplex-vitaminno-mineralnyj-kompleks-dlya-shhenkov-vseh-porod-100-tab-1.webp\",\"contentUrl\":\"https:\\\/\\\/pet24.md\\\/wp-content\\\/uploads\\\/2024\\\/09\\\/unitabs-juniorcomplex-vitaminno-mineralnyj-kompleks-dlya-shhenkov-vseh-porod-100-tab-1.webp\",\"width\":600,\"height\":600,\"caption\":\"Unitabs JuniorComplex \u0412\u0438\u0442\u0430\u043c\u0438\u043d\u043d\u043e-\u043c\u0438\u043d\u0435\u0440\u0430\u043b\u044c\u043d\u044b\u0439 \u043a\u043e\u043c\u043f\u043b\u0435\u043a\u0441 \u0434\u043b\u044f \u0449\u0435\u043d\u043a\u043e\u0432 \u0432\u0441\u0435\u0445 \u043f\u043e\u0440\u043e\u0434 100 \u0442\u0430\u0431.\"},{\"@type\":\"BreadcrumbList\",\"@id\":\"https:\\\/\\\/pet24.md\\\/ro\\\/product\\\/unitabs-juniorcomplex-vitaminno-mineralnyj-kompleks-dlya-shhenkov-vseh-porod-100-tab\\\/#breadcrumb\",\"itemListElement\":[{\"@type\":\"ListItem\",\"position\":1,\"name\":\"\u0413\u043b\u0430\u0432\u043d\u0430\u044f \u0441\u0442\u0440\u0430\u043d\u0438\u0446\u0430\",\"item\":\"https:\\\/\\\/pet24.md\\\/\"},{\"@type\":\"ListItem\",\"position\":2,\"name\":\"\u041c\u0430\u0433\u0430\u0437\u0438\u043d\",\"item\":\"https:\\\/\\\/pet24.md\\\/shop\\\/\"},{\"@type\":\"ListItem\",\"position\":3,\"name\":\"Unitabs JuniorComplex \u0412\u0438\u0442\u0430\u043c\u0438\u043d\u043d\u043e-\u043c\u0438\u043d\u0435\u0440\u0430\u043b\u044c\u043d\u044b\u0439 \u043a\u043e\u043c\u043f\u043b\u0435\u043a\u0441 \u0434\u043b\u044f \u0449\u0435\u043d\u043a\u043e\u0432 \u0432\u0441\u0435\u0445 \u043f\u043e\u0440\u043e\u0434 100 \u0442\u0430\u0431.\"}]},{\"@type\":\"WebSite\",\"@id\":\"https:\\\/\\\/pet24.md\\\/#website\",\"url\":\"https:\\\/\\\/pet24.md\\\/\",\"name\":\"Pet24\",\"description\":\"\u0417\u043e\u043e\u043c\u0430\u0433\u0430\u0437\u0438\u043d \u0442\u043e\u0432\u0430\u0440\u043e\u0432 \u0434\u043b\u044f \u0434\u043e\u043c\u0430\u0448\u043d\u0438\u0445 \u043f\u0438\u0442\u043e\u043c\u0446\u0435\u0432\",\"publisher\":{\"@id\":\"https:\\\/\\\/pet24.md\\\/#organization\"},\"potentialAction\":[{\"@type\":\"SearchAction\",\"target\":{\"@type\":\"EntryPoint\",\"urlTemplate\":\"https:\\\/\\\/pet24.md\\\/?s={search_term_string}\"},\"query-input\":{\"@type\":\"PropertyValueSpecification\",\"valueRequired\":true,\"valueName\":\"search_term_string\"}}],\"inLanguage\":\"ro-RO\"},{\"@type\":\"Organization\",\"@id\":\"https:\\\/\\\/pet24.md\\\/#organization\",\"name\":\"Pet24\",\"url\":\"https:\\\/\\\/pet24.md\\\/\",\"logo\":{\"@type\":\"ImageObject\",\"inLanguage\":\"ro-RO\",\"@id\":\"https:\\\/\\\/pet24.md\\\/#\\\/schema\\\/logo\\\/image\\\/\",\"url\":\"https:\\\/\\\/pet24.md\\\/wp-content\\\/uploads\\\/2024\\\/09\\\/logo.svg\",\"contentUrl\":\"https:\\\/\\\/pet24.md\\\/wp-content\\\/uploads\\\/2024\\\/09\\\/logo.svg\",\"width\":215,\"height\":66,\"caption\":\"Pet24\"},\"image\":{\"@id\":\"https:\\\/\\\/pet24.md\\\/#\\\/schema\\\/logo\\\/image\\\/\"},\"sameAs\":[\"https:\\\/\\\/www.facebook.com\\\/pet24.md\",\"https:\\\/\\\/www.instagram.com\\\/pet24.md\\\/\"],\"telephone\":\"+37360508880\"}]}<\/script>\n<!-- \/ Yoast SEO Premium plugin. -->","yoast_head_json":{"title":"Unitabs JuniorComplex Complex de vitamine \u0219i minerale pentru c\u0103\u021bei de toate rasele 100 tab.","description":"\u041a\u0443\u043f\u0438\u0442\u044c Unitabs JuniorComplex \u0412\u0438\u0442\u0430\u043c\u0438\u043d\u043d\u043e-\u043c\u0438\u043d\u0435\u0440\u0430\u043b\u044c\u043d\u044b\u0439 \u043a\u043e\u043c\u043f\u043b\u0435\u043a\u0441 \u0434\u043b\u044f \u0449\u0435\u043d\u043a\u043e\u0432 \u0432\u0441\u0435\u0445 \u043f\u043e\u0440\u043e\u0434 100 \u0442\u0430\u0431. \u0441 \u0434\u043e\u0441\u0442\u0430\u0432\u043a\u043e\u0439 \u043f\u043e \u041a\u0438\u0448\u0438\u043d\u0435\u0432\u0443 \u0438 \u0432\u0441\u0435\u0439 \u041c\u043e\u043b\u0434\u043e\u0432\u0435 \u043d\u0430 Pet24","robots":{"index":"index","follow":"follow","max-snippet":"max-snippet:-1","max-image-preview":"max-image-preview:large","max-video-preview":"max-video-preview:-1"},"canonical":"https:\/\/pet24.md\/ro\/product\/unitabs-juniorcomplex-vitaminno-mineralnyj-kompleks-dlya-shhenkov-vseh-porod-100-tab\/","og_locale":"ro_RO","og_type":"article","og_title":"Unitabs JuniorComplex \u0412\u0438\u0442\u0430\u043c\u0438\u043d\u043d\u043e-\u043c\u0438\u043d\u0435\u0440\u0430\u043b\u044c\u043d\u044b\u0439 \u043a\u043e\u043c\u043f\u043b\u0435\u043a\u0441 \u0434\u043b\u044f \u0449\u0435\u043d\u043a\u043e\u0432 \u0432\u0441\u0435\u0445 \u043f\u043e\u0440\u043e\u0434 100 \u0442\u0430\u0431.","og_description":"\u041a\u0443\u043f\u0438\u0442\u044c Unitabs JuniorComplex \u0412\u0438\u0442\u0430\u043c\u0438\u043d\u043d\u043e-\u043c\u0438\u043d\u0435\u0440\u0430\u043b\u044c\u043d\u044b\u0439 \u043a\u043e\u043c\u043f\u043b\u0435\u043a\u0441 \u0434\u043b\u044f \u0449\u0435\u043d\u043a\u043e\u0432 \u0432\u0441\u0435\u0445 \u043f\u043e\u0440\u043e\u0434 100 \u0442\u0430\u0431. \u0441 \u0434\u043e\u0441\u0442\u0430\u0432\u043a\u043e\u0439 \u043f\u043e \u041a\u0438\u0448\u0438\u043d\u0435\u0432\u0443 \u0438 \u0432\u0441\u0435\u0439 \u041c\u043e\u043b\u0434\u043e\u0432\u0435 \u043d\u0430 Pet24","og_url":"https:\/\/pet24.md\/ro\/product\/unitabs-juniorcomplex-vitaminno-mineralnyj-kompleks-dlya-shhenkov-vseh-porod-100-tab\/","og_site_name":"Pet24","article_publisher":"https:\/\/www.facebook.com\/pet24.md","article_modified_time":"2024-09-22T22:16:18+00:00","og_image":[{"width":600,"height":600,"url":"https:\/\/pet24.md\/wp-content\/uploads\/2024\/09\/unitabs-juniorcomplex-vitaminno-mineralnyj-kompleks-dlya-shhenkov-vseh-porod-100-tab-1.webp","type":"image\/webp"}],"twitter_card":"summary_large_image","schema":{"@context":"https:\/\/schema.org","@graph":[{"@type":"WebPage","@id":"https:\/\/pet24.md\/ro\/product\/unitabs-juniorcomplex-vitaminno-mineralnyj-kompleks-dlya-shhenkov-vseh-porod-100-tab\/","url":"https:\/\/pet24.md\/ro\/product\/unitabs-juniorcomplex-vitaminno-mineralnyj-kompleks-dlya-shhenkov-vseh-porod-100-tab\/","name":"Unitabs JuniorComplex Complex de vitamine \u0219i minerale pentru c\u0103\u021bei de toate rasele 100 tab.","isPartOf":{"@id":"https:\/\/pet24.md\/#website"},"primaryImageOfPage":{"@id":"https:\/\/pet24.md\/ro\/product\/unitabs-juniorcomplex-vitaminno-mineralnyj-kompleks-dlya-shhenkov-vseh-porod-100-tab\/#primaryimage"},"image":{"@id":"https:\/\/pet24.md\/ro\/product\/unitabs-juniorcomplex-vitaminno-mineralnyj-kompleks-dlya-shhenkov-vseh-porod-100-tab\/#primaryimage"},"thumbnailUrl":"https:\/\/pet24.md\/wp-content\/uploads\/2024\/09\/unitabs-juniorcomplex-vitaminno-mineralnyj-kompleks-dlya-shhenkov-vseh-porod-100-tab-1.webp","datePublished":"2024-08-01T10:42:00+00:00","dateModified":"2024-09-22T22:16:18+00:00","description":"\u041a\u0443\u043f\u0438\u0442\u044c Unitabs JuniorComplex \u0412\u0438\u0442\u0430\u043c\u0438\u043d\u043d\u043e-\u043c\u0438\u043d\u0435\u0440\u0430\u043b\u044c\u043d\u044b\u0439 \u043a\u043e\u043c\u043f\u043b\u0435\u043a\u0441 \u0434\u043b\u044f \u0449\u0435\u043d\u043a\u043e\u0432 \u0432\u0441\u0435\u0445 \u043f\u043e\u0440\u043e\u0434 100 \u0442\u0430\u0431. \u0441 \u0434\u043e\u0441\u0442\u0430\u0432\u043a\u043e\u0439 \u043f\u043e \u041a\u0438\u0448\u0438\u043d\u0435\u0432\u0443 \u0438 \u0432\u0441\u0435\u0439 \u041c\u043e\u043b\u0434\u043e\u0432\u0435 \u043d\u0430 Pet24","breadcrumb":{"@id":"https:\/\/pet24.md\/ro\/product\/unitabs-juniorcomplex-vitaminno-mineralnyj-kompleks-dlya-shhenkov-vseh-porod-100-tab\/#breadcrumb"},"inLanguage":"ro-RO","potentialAction":[{"@type":"ReadAction","target":["https:\/\/pet24.md\/ro\/product\/unitabs-juniorcomplex-vitaminno-mineralnyj-kompleks-dlya-shhenkov-vseh-porod-100-tab\/"]}]},{"@type":"ImageObject","inLanguage":"ro-RO","@id":"https:\/\/pet24.md\/ro\/product\/unitabs-juniorcomplex-vitaminno-mineralnyj-kompleks-dlya-shhenkov-vseh-porod-100-tab\/#primaryimage","url":"https:\/\/pet24.md\/wp-content\/uploads\/2024\/09\/unitabs-juniorcomplex-vitaminno-mineralnyj-kompleks-dlya-shhenkov-vseh-porod-100-tab-1.webp","contentUrl":"https:\/\/pet24.md\/wp-content\/uploads\/2024\/09\/unitabs-juniorcomplex-vitaminno-mineralnyj-kompleks-dlya-shhenkov-vseh-porod-100-tab-1.webp","width":600,"height":600,"caption":"Unitabs JuniorComplex \u0412\u0438\u0442\u0430\u043c\u0438\u043d\u043d\u043e-\u043c\u0438\u043d\u0435\u0440\u0430\u043b\u044c\u043d\u044b\u0439 \u043a\u043e\u043c\u043f\u043b\u0435\u043a\u0441 \u0434\u043b\u044f \u0449\u0435\u043d\u043a\u043e\u0432 \u0432\u0441\u0435\u0445 \u043f\u043e\u0440\u043e\u0434 100 \u0442\u0430\u0431."},{"@type":"BreadcrumbList","@id":"https:\/\/pet24.md\/ro\/product\/unitabs-juniorcomplex-vitaminno-mineralnyj-kompleks-dlya-shhenkov-vseh-porod-100-tab\/#breadcrumb","itemListElement":[{"@type":"ListItem","position":1,"name":"\u0413\u043b\u0430\u0432\u043d\u0430\u044f \u0441\u0442\u0440\u0430\u043d\u0438\u0446\u0430","item":"https:\/\/pet24.md\/"},{"@type":"ListItem","position":2,"name":"\u041c\u0430\u0433\u0430\u0437\u0438\u043d","item":"https:\/\/pet24.md\/shop\/"},{"@type":"ListItem","position":3,"name":"Unitabs JuniorComplex \u0412\u0438\u0442\u0430\u043c\u0438\u043d\u043d\u043e-\u043c\u0438\u043d\u0435\u0440\u0430\u043b\u044c\u043d\u044b\u0439 \u043a\u043e\u043c\u043f\u043b\u0435\u043a\u0441 \u0434\u043b\u044f \u0449\u0435\u043d\u043a\u043e\u0432 \u0432\u0441\u0435\u0445 \u043f\u043e\u0440\u043e\u0434 100 \u0442\u0430\u0431."}]},{"@type":"WebSite","@id":"https:\/\/pet24.md\/#website","url":"https:\/\/pet24.md\/","name":"Pet24","description":"Magazin de animale de companie","publisher":{"@id":"https:\/\/pet24.md\/#organization"},"potentialAction":[{"@type":"SearchAction","target":{"@type":"EntryPoint","urlTemplate":"https:\/\/pet24.md\/?s={search_term_string}"},"query-input":{"@type":"PropertyValueSpecification","valueRequired":true,"valueName":"search_term_string"}}],"inLanguage":"ro-RO"},{"@type":"Organization","@id":"https:\/\/pet24.md\/#organization","name":"Pet24","url":"https:\/\/pet24.md\/","logo":{"@type":"ImageObject","inLanguage":"ro-RO","@id":"https:\/\/pet24.md\/#\/schema\/logo\/image\/","url":"https:\/\/pet24.md\/wp-content\/uploads\/2024\/09\/logo.svg","contentUrl":"https:\/\/pet24.md\/wp-content\/uploads\/2024\/09\/logo.svg","width":215,"height":66,"caption":"Pet24"},"image":{"@id":"https:\/\/pet24.md\/#\/schema\/logo\/image\/"},"sameAs":["https:\/\/www.facebook.com\/pet24.md","https:\/\/www.instagram.com\/pet24.md\/"],"telephone":"+37360508880"}]}},"_links":{"self":[{"href":"https:\/\/pet24.md\/ro\/wp-json\/wp\/v2\/product\/85110","targetHints":{"allow":["GET"]}}],"collection":[{"href":"https:\/\/pet24.md\/ro\/wp-json\/wp\/v2\/product"}],"about":[{"href":"https:\/\/pet24.md\/ro\/wp-json\/wp\/v2\/types\/product"}],"replies":[{"embeddable":true,"href":"https:\/\/pet24.md\/ro\/wp-json\/wp\/v2\/comments?post=85110"}],"wp:featuredmedia":[{"embeddable":true,"href":"https:\/\/pet24.md\/ro\/wp-json\/wp\/v2\/media\/91042"}],"wp:attachment":[{"href":"https:\/\/pet24.md\/ro\/wp-json\/wp\/v2\/media?parent=85110"}],"wp:term":[{"taxonomy":"product_brand","embeddable":true,"href":"https:\/\/pet24.md\/ro\/wp-json\/wp\/v2\/product_brand?post=85110"},{"taxonomy":"product_cat","embeddable":true,"href":"https:\/\/pet24.md\/ro\/wp-json\/wp\/v2\/product_cat?post=85110"},{"taxonomy":"product_tag","embeddable":true,"href":"https:\/\/pet24.md\/ro\/wp-json\/wp\/v2\/product_tag?post=85110"}],"curies":[{"name":"wp","href":"https:\/\/api.w.org\/{rel}","templated":true}]}}