{"id":85121,"date":"2024-08-01T11:12:39","date_gmt":"2024-08-01T11:12:39","guid":{"rendered":"https:\/\/pet24.md\/?post_type=product&#038;p=85121"},"modified":"2024-09-22T22:16:19","modified_gmt":"2024-09-22T22:16:19","slug":"unitabs-arthroactive-vitaminno-mineralnyj-kompleks-dlya-sobak-sustavov-i-hryashhej-100-tab","status":"publish","type":"product","link":"https:\/\/pet24.md\/ro\/produs\/unitabs-arthroactive-vitaminno-mineralnyj-kompleks-dlya-sobak-sustavov-i-hryashhej-100-tab\/","title":{"rendered":"Unitabs ArthroActive complex de vitamine \u0219i minerale pentru articula\u021biile \u0219i cartilajul c\u00e2inilor, 100 comprimate."},"content":{"rendered":"<p><strong>Unitabs ArthroActive<\/strong> este un complex de vitamine \u0219i minerale pentru c\u00e2ini care con\u021bine coenzima Q10 \u0219i toate vitaminele, macro \u0219i microelementele necesare pentru men\u021binerea articula\u021biilor \u0219i cartilajelor s\u0103n\u0103toase.<\/p>\n<p><strong>Avantajele Unitabs ArthroActive:<\/strong><\/p>\n<ul>\n<li>\u00cent\u0103re\u0219te articula\u021biile, ligamentele \u0219i tendoanele<\/li>\n<li>Amelioreaz\u0103 durerea \u0219i inflama\u021bia articula\u021biilor<\/li>\n<li>\u00cent\u0103re\u0219te imunitatea<\/li>\n<\/ul>\n<p><strong>Recomand\u0103ri de utilizare:<\/strong> S\u0103 fim Unitabs ArthroActive:<\/p>\n<ul>\n<li>C\u0103\u021bei p\u00e2n\u0103 la un an pentru formarea corect\u0103 a articula\u021biilor \u0219i ligamentelor<\/li>\n<li>Pentru c\u00e2inii adul\u021bi sub stres crescut<\/li>\n<li>Pentru cainii mai in varsta pentru a mentine articulatiile si a reduce durerea<\/li>\n<\/ul>\n<p><strong>Componente active:<\/strong><\/p>\n<ul>\n<li><strong>Glucozamin\u0103<\/strong> stimuleaz\u0103 refacerea \u021besutului cartilajului, normalizeaz\u0103 produc\u021bia de lichid intra-articular, \u00eembun\u0103t\u0103\u021be\u0219te mobilitatea articula\u021biilor.<\/li>\n<li><strong>Metilsulfonilmetan<\/strong> are efecte antiinflamatorii \u0219i analgezice.<\/li>\n<li><strong>Vitaminele A, E \u0219i C<\/strong>, cuprul, seleniul \u0219i manganul previn modific\u0103rile degenerative ale articula\u021biilor \u0219i promoveaz\u0103 formarea corect\u0103 a \u021besutului cartilajului.<\/li>\n<\/ul>\n<p><strong>Descrierea componentelor active:<\/strong><\/p>\n<ul>\n<li><strong>Glucozamin\u0103<\/strong> ajut\u0103 la refacerea \u0219i \u00eentre\u021binerea \u021besutului cartilajului, \u00eembun\u0103t\u0103\u021bind flexibilitatea \u0219i mobilitatea articula\u021biilor.<\/li>\n<li><strong>Metilsulfonilmetan (MSM)<\/strong> reduce inflama\u021bia \u0219i durerea, promov\u00e2nd \u00eembun\u0103t\u0103\u021birea general\u0103 a s\u0103n\u0103t\u0103\u021bii articula\u021biilor.<\/li>\n<li><strong>Vitamina A<\/strong> sus\u021bine pielea \u0219i membranele mucoase s\u0103n\u0103toase.<\/li>\n<li><strong>Vitamina E<\/strong> are propriet\u0103\u021bi antioxidante, protej\u00e2nd celulele de deteriorare.<\/li>\n<li><strong>Vitamina C<\/strong> promoveaz\u0103 sinteza colagenului \u0219i \u00eent\u0103re\u0219te sistemul imunitar.<\/li>\n<li><strong>Cupru, seleniu \u0219i mangan<\/strong> important pentru formarea \u0219i men\u021binerea structurii osoase \u0219i articulare.<\/li>\n<\/ul>\n<p><strong>Procedura de aplicare:<\/strong><\/p>\n<ul>\n<li>Zilnic<\/li>\n<li>De la v\u00e2rsta de 3 luni<\/li>\n<li>1 comprimat la 10 kg greutate corporal\u0103<\/li>\n<li>Cursul de aplicare nu este limitat<\/li>\n<\/ul>\n<p>Unitabs ArthroActive ajut\u0103 la sus\u021binerea articula\u021biilor \u0219i cartilajelor s\u0103n\u0103toase la c\u00e2inii de toate v\u00e2rstele, asigur\u00e2nd formarea \u0219i func\u021bionarea corespunz\u0103toare a articula\u021biilor \u0219i reduc\u00e2nd riscul modific\u0103rilor degenerative.<\/p>","protected":false},"excerpt":{"rendered":"<div class=\"flex flex-grow flex-col max-w-full\">\n<div class=\"min-h-[20px] text-message flex w-full flex-col items-end gap-2 whitespace-pre-wrap break-words [.text-message+&amp;]:mt-5 overflow-x-auto\" dir=\"auto\" data-message-author-role=\"assistant\" data-message-id=\"3cd832a4-31cb-408a-8d98-8000d3e69f65\">\n<div class=\"flex w-full flex-col gap-1 empty:hidden first:pt-[3px]\">\n<div class=\"markdown prose w-full break-words dark:prose-invert dark\">\n<p>Unitabs ArthroActive \u2014 \u044d\u0442\u043e \u0432\u0438\u0442\u0430\u043c\u0438\u043d\u043d\u043e-\u043c\u0438\u043d\u0435\u0440\u0430\u043b\u044c\u043d\u044b\u0439 \u043a\u043e\u043c\u043f\u043b\u0435\u043a\u0441 \u0434\u043b\u044f \u0441\u043e\u0431\u0430\u043a, \u0441\u043e\u0434\u0435\u0440\u0436\u0430\u0449\u0438\u0439 \u0433\u043b\u044e\u043a\u043e\u0437\u0430\u043c\u0438\u043d, \u043c\u0435\u0442\u0438\u043b\u0441\u0443\u043b\u044c\u0444\u043e\u043d\u0438\u043b\u043c\u0435\u0442\u0430\u043d (\u041c\u0421\u041c), \u0432\u0438\u0442\u0430\u043c\u0438\u043d\u044b \u0410, \u0415, \u0421, \u043c\u0435\u0434\u044c, \u0441\u0435\u043b\u0435\u043d \u0438 \u043c\u0430\u0440\u0433\u0430\u043d\u0435\u0446 \u0434\u043b\u044f \u043f\u043e\u0434\u0434\u0435\u0440\u0436\u0430\u043d\u0438\u044f \u0437\u0434\u043e\u0440\u043e\u0432\u044c\u044f \u0441\u0443\u0441\u0442\u0430\u0432\u043e\u0432 \u0438 \u0445\u0440\u044f\u0449\u0435\u0439. \u0423\u043b\u0443\u0447\u0448\u0430\u0435\u0442 \u043f\u043e\u0434\u0432\u0438\u0436\u043d\u043e\u0441\u0442\u044c \u0441\u0443\u0441\u0442\u0430\u0432\u043e\u0432, \u0441\u043d\u0438\u043c\u0430\u0435\u0442 \u0431\u043e\u043b\u044c \u0438 \u0432\u043e\u0441\u043f\u0430\u043b\u0435\u043d\u0438\u0435, \u0443\u043a\u0440\u0435\u043f\u043b\u044f\u0435\u0442 \u0438\u043c\u043c\u0443\u043d\u0438\u0442\u0435\u0442.<\/p>\n<\/div>\n<\/div>\n<\/div>\n<\/div>\n","protected":false},"featured_media":91045,"comment_status":"open","ping_status":"closed","template":"","meta":[],"product_brand":[],"product_cat":[136,286,684],"product_tag":[741,187,686,687],"class_list":{"0":"post-85121","1":"product","2":"type-product","3":"status-publish","4":"has-post-thumbnail","6":"product_cat-dog","7":"product_cat-dogs-vetapothecary","8":"product_cat-dog-supplements","9":"product_tag-unitabs","10":"product_tag-vitaminy","11":"product_tag-dlya-zdorovya-sustavov","12":"product_tag-kormovaya-dobavka-dlya-sobak","13":"pa_age-pet-vzroslyj","14":"pa_brand-unitabs","15":"pa_breed-size-dlya-vseh-porod","16":"pa_packaging-plastikovaya-banka","17":"pa_pet-sobaka","18":"pa_purpose-product-dlya-zdorovya-sustavov","20":"first","21":"instock","22":"sale","23":"shipping-taxable","24":"product-type-simple"},"yoast_head":"<!-- This site is optimized with the Yoast SEO Premium plugin v23.7 (Yoast SEO v27.5) - https:\/\/yoast.com\/product\/yoast-seo-premium-wordpress\/ -->\n<title>Unitabs Arthro\u0410ctive \u0432\u0438\u0442\u0430\u043c\u0438\u043d\u043d\u043e-\u043c\u0438\u043d\u0435\u0440\u0430\u043b\u044c\u043d\u044b\u0439 \u043a\u043e\u043c\u043f\u043b\u0435\u043a\u0441 \u0434\u043b\u044f \u0441\u043e\u0431\u0430\u043a \u0441\u0443\u0441\u0442\u0430\u0432\u043e\u0432 \u0438 \u0445\u0440\u044f\u0449\u0435\u0439, 100 \u0442\u0430\u0431.<\/title>\n<meta name=\"description\" content=\"\u041a\u0443\u043f\u0438\u0442\u044c Unitabs Arthro\u0410ctive \u0432\u0438\u0442\u0430\u043c\u0438\u043d\u043d\u043e-\u043c\u0438\u043d\u0435\u0440\u0430\u043b\u044c\u043d\u044b\u0439 \u043a\u043e\u043c\u043f\u043b\u0435\u043a\u0441 \u0434\u043b\u044f \u0441\u043e\u0431\u0430\u043a \u0441\u0443\u0441\u0442\u0430\u0432\u043e\u0432 \u0438 \u0445\u0440\u044f\u0449\u0435\u0439, 100 \u0442\u0430\u0431. \u0441 \u0434\u043e\u0441\u0442\u0430\u0432\u043a\u043e\u0439 \u043f\u043e \u041a\u0438\u0448\u0438\u043d\u0435\u0432\u0443 \u0438 \u0432\u0441\u0435\u0439 \u041c\u043e\u043b\u0434\u043e\u0432\u0435 \u043d\u0430 Pet24\" \/>\n<meta name=\"robots\" content=\"index, follow, max-snippet:-1, max-image-preview:large, max-video-preview:-1\" \/>\n<link rel=\"canonical\" href=\"https:\/\/pet24.md\/ro\/produs\/unitabs-arthroactive-vitaminno-mineralnyj-kompleks-dlya-sobak-sustavov-i-hryashhej-100-tab\/\" \/>\n<meta property=\"og:locale\" content=\"ro_RO\" \/>\n<meta property=\"og:type\" content=\"article\" \/>\n<meta property=\"og:title\" content=\"Unitabs Arthro\u0410ctive \u0432\u0438\u0442\u0430\u043c\u0438\u043d\u043d\u043e-\u043c\u0438\u043d\u0435\u0440\u0430\u043b\u044c\u043d\u044b\u0439 \u043a\u043e\u043c\u043f\u043b\u0435\u043a\u0441 \u0434\u043b\u044f \u0441\u043e\u0431\u0430\u043a \u0441\u0443\u0441\u0442\u0430\u0432\u043e\u0432 \u0438 \u0445\u0440\u044f\u0449\u0435\u0439, 100 \u0442\u0430\u0431.\" \/>\n<meta property=\"og:description\" content=\"\u041a\u0443\u043f\u0438\u0442\u044c Unitabs Arthro\u0410ctive \u0432\u0438\u0442\u0430\u043c\u0438\u043d\u043d\u043e-\u043c\u0438\u043d\u0435\u0440\u0430\u043b\u044c\u043d\u044b\u0439 \u043a\u043e\u043c\u043f\u043b\u0435\u043a\u0441 \u0434\u043b\u044f \u0441\u043e\u0431\u0430\u043a \u0441\u0443\u0441\u0442\u0430\u0432\u043e\u0432 \u0438 \u0445\u0440\u044f\u0449\u0435\u0439, 100 \u0442\u0430\u0431. \u0441 \u0434\u043e\u0441\u0442\u0430\u0432\u043a\u043e\u0439 \u043f\u043e \u041a\u0438\u0448\u0438\u043d\u0435\u0432\u0443 \u0438 \u0432\u0441\u0435\u0439 \u041c\u043e\u043b\u0434\u043e\u0432\u0435 \u043d\u0430 Pet24\" \/>\n<meta property=\"og:url\" content=\"https:\/\/pet24.md\/ro\/produs\/unitabs-arthroactive-vitaminno-mineralnyj-kompleks-dlya-sobak-sustavov-i-hryashhej-100-tab\/\" \/>\n<meta property=\"og:site_name\" content=\"Pet24\" \/>\n<meta property=\"article:publisher\" content=\"https:\/\/www.facebook.com\/pet24.md\" \/>\n<meta property=\"article:modified_time\" content=\"2024-09-22T22:16:19+00:00\" \/>\n<meta property=\"og:image\" content=\"https:\/\/pet24.md\/wp-content\/uploads\/2024\/09\/unitabs-arthroactive-vitaminno-mineralnyj-kompleks-dlya-sobak-sustavov-i-hryashhej-100-tab-1.webp\" \/>\n\t<meta property=\"og:image:width\" content=\"600\" \/>\n\t<meta property=\"og:image:height\" content=\"600\" \/>\n\t<meta property=\"og:image:type\" content=\"image\/webp\" \/>\n<meta name=\"twitter:card\" content=\"summary_large_image\" \/>\n<script type=\"application\/ld+json\" class=\"yoast-schema-graph\">{\"@context\":\"https:\\\/\\\/schema.org\",\"@graph\":[{\"@type\":\"WebPage\",\"@id\":\"https:\\\/\\\/pet24.md\\\/product\\\/unitabs-arthroactive-vitaminno-mineralnyj-kompleks-dlya-sobak-sustavov-i-hryashhej-100-tab\\\/\",\"url\":\"https:\\\/\\\/pet24.md\\\/product\\\/unitabs-arthroactive-vitaminno-mineralnyj-kompleks-dlya-sobak-sustavov-i-hryashhej-100-tab\\\/\",\"name\":\"Unitabs Arthro\u0410ctive \u0432\u0438\u0442\u0430\u043c\u0438\u043d\u043d\u043e-\u043c\u0438\u043d\u0435\u0440\u0430\u043b\u044c\u043d\u044b\u0439 \u043a\u043e\u043c\u043f\u043b\u0435\u043a\u0441 \u0434\u043b\u044f \u0441\u043e\u0431\u0430\u043a \u0441\u0443\u0441\u0442\u0430\u0432\u043e\u0432 \u0438 \u0445\u0440\u044f\u0449\u0435\u0439, 100 \u0442\u0430\u0431.\",\"isPartOf\":{\"@id\":\"https:\\\/\\\/pet24.md\\\/#website\"},\"primaryImageOfPage\":{\"@id\":\"https:\\\/\\\/pet24.md\\\/product\\\/unitabs-arthroactive-vitaminno-mineralnyj-kompleks-dlya-sobak-sustavov-i-hryashhej-100-tab\\\/#primaryimage\"},\"image\":{\"@id\":\"https:\\\/\\\/pet24.md\\\/product\\\/unitabs-arthroactive-vitaminno-mineralnyj-kompleks-dlya-sobak-sustavov-i-hryashhej-100-tab\\\/#primaryimage\"},\"thumbnailUrl\":\"https:\\\/\\\/pet24.md\\\/wp-content\\\/uploads\\\/2024\\\/09\\\/unitabs-arthroactive-vitaminno-mineralnyj-kompleks-dlya-sobak-sustavov-i-hryashhej-100-tab-1.webp\",\"datePublished\":\"2024-08-01T11:12:39+00:00\",\"dateModified\":\"2024-09-22T22:16:19+00:00\",\"description\":\"\u041a\u0443\u043f\u0438\u0442\u044c Unitabs Arthro\u0410ctive \u0432\u0438\u0442\u0430\u043c\u0438\u043d\u043d\u043e-\u043c\u0438\u043d\u0435\u0440\u0430\u043b\u044c\u043d\u044b\u0439 \u043a\u043e\u043c\u043f\u043b\u0435\u043a\u0441 \u0434\u043b\u044f \u0441\u043e\u0431\u0430\u043a \u0441\u0443\u0441\u0442\u0430\u0432\u043e\u0432 \u0438 \u0445\u0440\u044f\u0449\u0435\u0439, 100 \u0442\u0430\u0431. \u0441 \u0434\u043e\u0441\u0442\u0430\u0432\u043a\u043e\u0439 \u043f\u043e \u041a\u0438\u0448\u0438\u043d\u0435\u0432\u0443 \u0438 \u0432\u0441\u0435\u0439 \u041c\u043e\u043b\u0434\u043e\u0432\u0435 \u043d\u0430 Pet24\",\"breadcrumb\":{\"@id\":\"https:\\\/\\\/pet24.md\\\/product\\\/unitabs-arthroactive-vitaminno-mineralnyj-kompleks-dlya-sobak-sustavov-i-hryashhej-100-tab\\\/#breadcrumb\"},\"inLanguage\":\"ro-RO\",\"potentialAction\":[{\"@type\":\"ReadAction\",\"target\":[\"https:\\\/\\\/pet24.md\\\/product\\\/unitabs-arthroactive-vitaminno-mineralnyj-kompleks-dlya-sobak-sustavov-i-hryashhej-100-tab\\\/\"]}]},{\"@type\":\"ImageObject\",\"inLanguage\":\"ro-RO\",\"@id\":\"https:\\\/\\\/pet24.md\\\/product\\\/unitabs-arthroactive-vitaminno-mineralnyj-kompleks-dlya-sobak-sustavov-i-hryashhej-100-tab\\\/#primaryimage\",\"url\":\"https:\\\/\\\/pet24.md\\\/wp-content\\\/uploads\\\/2024\\\/09\\\/unitabs-arthroactive-vitaminno-mineralnyj-kompleks-dlya-sobak-sustavov-i-hryashhej-100-tab-1.webp\",\"contentUrl\":\"https:\\\/\\\/pet24.md\\\/wp-content\\\/uploads\\\/2024\\\/09\\\/unitabs-arthroactive-vitaminno-mineralnyj-kompleks-dlya-sobak-sustavov-i-hryashhej-100-tab-1.webp\",\"width\":600,\"height\":600,\"caption\":\"Unitabs Arthro\u0410ctive \u0432\u0438\u0442\u0430\u043c\u0438\u043d\u043d\u043e-\u043c\u0438\u043d\u0435\u0440\u0430\u043b\u044c\u043d\u044b\u0439 \u043a\u043e\u043c\u043f\u043b\u0435\u043a\u0441 \u0434\u043b\u044f \u0441\u043e\u0431\u0430\u043a \u0441\u0443\u0441\u0442\u0430\u0432\u043e\u0432 \u0438 \u0445\u0440\u044f\u0449\u0435\u0439\"},{\"@type\":\"BreadcrumbList\",\"@id\":\"https:\\\/\\\/pet24.md\\\/product\\\/unitabs-arthroactive-vitaminno-mineralnyj-kompleks-dlya-sobak-sustavov-i-hryashhej-100-tab\\\/#breadcrumb\",\"itemListElement\":[{\"@type\":\"ListItem\",\"position\":1,\"name\":\"\u0413\u043b\u0430\u0432\u043d\u0430\u044f \u0441\u0442\u0440\u0430\u043d\u0438\u0446\u0430\",\"item\":\"https:\\\/\\\/pet24.md\\\/\"},{\"@type\":\"ListItem\",\"position\":2,\"name\":\"\u041c\u0430\u0433\u0430\u0437\u0438\u043d\",\"item\":\"https:\\\/\\\/pet24.md\\\/shop\\\/\"},{\"@type\":\"ListItem\",\"position\":3,\"name\":\"Unitabs Arthro\u0410ctive \u0432\u0438\u0442\u0430\u043c\u0438\u043d\u043d\u043e-\u043c\u0438\u043d\u0435\u0440\u0430\u043b\u044c\u043d\u044b\u0439 \u043a\u043e\u043c\u043f\u043b\u0435\u043a\u0441 \u0434\u043b\u044f \u0441\u043e\u0431\u0430\u043a \u0441\u0443\u0441\u0442\u0430\u0432\u043e\u0432 \u0438 \u0445\u0440\u044f\u0449\u0435\u0439, 100 \u0442\u0430\u0431.\"}]},{\"@type\":\"WebSite\",\"@id\":\"https:\\\/\\\/pet24.md\\\/#website\",\"url\":\"https:\\\/\\\/pet24.md\\\/\",\"name\":\"Pet24\",\"description\":\"\u0417\u043e\u043e\u043c\u0430\u0433\u0430\u0437\u0438\u043d \u0442\u043e\u0432\u0430\u0440\u043e\u0432 \u0434\u043b\u044f \u0434\u043e\u043c\u0430\u0448\u043d\u0438\u0445 \u043f\u0438\u0442\u043e\u043c\u0446\u0435\u0432\",\"publisher\":{\"@id\":\"https:\\\/\\\/pet24.md\\\/#organization\"},\"potentialAction\":[{\"@type\":\"SearchAction\",\"target\":{\"@type\":\"EntryPoint\",\"urlTemplate\":\"https:\\\/\\\/pet24.md\\\/?s={search_term_string}\"},\"query-input\":{\"@type\":\"PropertyValueSpecification\",\"valueRequired\":true,\"valueName\":\"search_term_string\"}}],\"inLanguage\":\"ro-RO\"},{\"@type\":\"Organization\",\"@id\":\"https:\\\/\\\/pet24.md\\\/#organization\",\"name\":\"Pet24\",\"url\":\"https:\\\/\\\/pet24.md\\\/\",\"logo\":{\"@type\":\"ImageObject\",\"inLanguage\":\"ro-RO\",\"@id\":\"https:\\\/\\\/pet24.md\\\/#\\\/schema\\\/logo\\\/image\\\/\",\"url\":\"https:\\\/\\\/pet24.md\\\/wp-content\\\/uploads\\\/2024\\\/09\\\/logo.svg\",\"contentUrl\":\"https:\\\/\\\/pet24.md\\\/wp-content\\\/uploads\\\/2024\\\/09\\\/logo.svg\",\"width\":215,\"height\":66,\"caption\":\"Pet24\"},\"image\":{\"@id\":\"https:\\\/\\\/pet24.md\\\/#\\\/schema\\\/logo\\\/image\\\/\"},\"sameAs\":[\"https:\\\/\\\/www.facebook.com\\\/pet24.md\",\"https:\\\/\\\/www.instagram.com\\\/pet24.md\\\/\"],\"telephone\":\"+37360508880\"}]}<\/script>\n<!-- \/ Yoast SEO Premium plugin. -->","yoast_head_json":{"title":"Unitabs ArthroActive complex de vitamine \u0219i minerale pentru articula\u021biile \u0219i cartilajul c\u00e2inilor, 100 comprimate.","description":"\u041a\u0443\u043f\u0438\u0442\u044c Unitabs Arthro\u0410ctive \u0432\u0438\u0442\u0430\u043c\u0438\u043d\u043d\u043e-\u043c\u0438\u043d\u0435\u0440\u0430\u043b\u044c\u043d\u044b\u0439 \u043a\u043e\u043c\u043f\u043b\u0435\u043a\u0441 \u0434\u043b\u044f \u0441\u043e\u0431\u0430\u043a \u0441\u0443\u0441\u0442\u0430\u0432\u043e\u0432 \u0438 \u0445\u0440\u044f\u0449\u0435\u0439, 100 \u0442\u0430\u0431. \u0441 \u0434\u043e\u0441\u0442\u0430\u0432\u043a\u043e\u0439 \u043f\u043e \u041a\u0438\u0448\u0438\u043d\u0435\u0432\u0443 \u0438 \u0432\u0441\u0435\u0439 \u041c\u043e\u043b\u0434\u043e\u0432\u0435 \u043d\u0430 Pet24","robots":{"index":"index","follow":"follow","max-snippet":"max-snippet:-1","max-image-preview":"max-image-preview:large","max-video-preview":"max-video-preview:-1"},"canonical":"https:\/\/pet24.md\/ro\/produs\/unitabs-arthroactive-vitaminno-mineralnyj-kompleks-dlya-sobak-sustavov-i-hryashhej-100-tab\/","og_locale":"ro_RO","og_type":"article","og_title":"Unitabs Arthro\u0410ctive \u0432\u0438\u0442\u0430\u043c\u0438\u043d\u043d\u043e-\u043c\u0438\u043d\u0435\u0440\u0430\u043b\u044c\u043d\u044b\u0439 \u043a\u043e\u043c\u043f\u043b\u0435\u043a\u0441 \u0434\u043b\u044f \u0441\u043e\u0431\u0430\u043a \u0441\u0443\u0441\u0442\u0430\u0432\u043e\u0432 \u0438 \u0445\u0440\u044f\u0449\u0435\u0439, 100 \u0442\u0430\u0431.","og_description":"\u041a\u0443\u043f\u0438\u0442\u044c Unitabs Arthro\u0410ctive \u0432\u0438\u0442\u0430\u043c\u0438\u043d\u043d\u043e-\u043c\u0438\u043d\u0435\u0440\u0430\u043b\u044c\u043d\u044b\u0439 \u043a\u043e\u043c\u043f\u043b\u0435\u043a\u0441 \u0434\u043b\u044f \u0441\u043e\u0431\u0430\u043a \u0441\u0443\u0441\u0442\u0430\u0432\u043e\u0432 \u0438 \u0445\u0440\u044f\u0449\u0435\u0439, 100 \u0442\u0430\u0431. \u0441 \u0434\u043e\u0441\u0442\u0430\u0432\u043a\u043e\u0439 \u043f\u043e \u041a\u0438\u0448\u0438\u043d\u0435\u0432\u0443 \u0438 \u0432\u0441\u0435\u0439 \u041c\u043e\u043b\u0434\u043e\u0432\u0435 \u043d\u0430 Pet24","og_url":"https:\/\/pet24.md\/ro\/produs\/unitabs-arthroactive-vitaminno-mineralnyj-kompleks-dlya-sobak-sustavov-i-hryashhej-100-tab\/","og_site_name":"Pet24","article_publisher":"https:\/\/www.facebook.com\/pet24.md","article_modified_time":"2024-09-22T22:16:19+00:00","og_image":[{"width":600,"height":600,"url":"https:\/\/pet24.md\/wp-content\/uploads\/2024\/09\/unitabs-arthroactive-vitaminno-mineralnyj-kompleks-dlya-sobak-sustavov-i-hryashhej-100-tab-1.webp","type":"image\/webp"}],"twitter_card":"summary_large_image","schema":{"@context":"https:\/\/schema.org","@graph":[{"@type":"WebPage","@id":"https:\/\/pet24.md\/product\/unitabs-arthroactive-vitaminno-mineralnyj-kompleks-dlya-sobak-sustavov-i-hryashhej-100-tab\/","url":"https:\/\/pet24.md\/product\/unitabs-arthroactive-vitaminno-mineralnyj-kompleks-dlya-sobak-sustavov-i-hryashhej-100-tab\/","name":"Unitabs ArthroActive complex de vitamine \u0219i minerale pentru articula\u021biile \u0219i cartilajul c\u00e2inilor, 100 comprimate.","isPartOf":{"@id":"https:\/\/pet24.md\/#website"},"primaryImageOfPage":{"@id":"https:\/\/pet24.md\/product\/unitabs-arthroactive-vitaminno-mineralnyj-kompleks-dlya-sobak-sustavov-i-hryashhej-100-tab\/#primaryimage"},"image":{"@id":"https:\/\/pet24.md\/product\/unitabs-arthroactive-vitaminno-mineralnyj-kompleks-dlya-sobak-sustavov-i-hryashhej-100-tab\/#primaryimage"},"thumbnailUrl":"https:\/\/pet24.md\/wp-content\/uploads\/2024\/09\/unitabs-arthroactive-vitaminno-mineralnyj-kompleks-dlya-sobak-sustavov-i-hryashhej-100-tab-1.webp","datePublished":"2024-08-01T11:12:39+00:00","dateModified":"2024-09-22T22:16:19+00:00","description":"\u041a\u0443\u043f\u0438\u0442\u044c Unitabs Arthro\u0410ctive \u0432\u0438\u0442\u0430\u043c\u0438\u043d\u043d\u043e-\u043c\u0438\u043d\u0435\u0440\u0430\u043b\u044c\u043d\u044b\u0439 \u043a\u043e\u043c\u043f\u043b\u0435\u043a\u0441 \u0434\u043b\u044f \u0441\u043e\u0431\u0430\u043a \u0441\u0443\u0441\u0442\u0430\u0432\u043e\u0432 \u0438 \u0445\u0440\u044f\u0449\u0435\u0439, 100 \u0442\u0430\u0431. \u0441 \u0434\u043e\u0441\u0442\u0430\u0432\u043a\u043e\u0439 \u043f\u043e \u041a\u0438\u0448\u0438\u043d\u0435\u0432\u0443 \u0438 \u0432\u0441\u0435\u0439 \u041c\u043e\u043b\u0434\u043e\u0432\u0435 \u043d\u0430 Pet24","breadcrumb":{"@id":"https:\/\/pet24.md\/product\/unitabs-arthroactive-vitaminno-mineralnyj-kompleks-dlya-sobak-sustavov-i-hryashhej-100-tab\/#breadcrumb"},"inLanguage":"ro-RO","potentialAction":[{"@type":"ReadAction","target":["https:\/\/pet24.md\/product\/unitabs-arthroactive-vitaminno-mineralnyj-kompleks-dlya-sobak-sustavov-i-hryashhej-100-tab\/"]}]},{"@type":"ImageObject","inLanguage":"ro-RO","@id":"https:\/\/pet24.md\/product\/unitabs-arthroactive-vitaminno-mineralnyj-kompleks-dlya-sobak-sustavov-i-hryashhej-100-tab\/#primaryimage","url":"https:\/\/pet24.md\/wp-content\/uploads\/2024\/09\/unitabs-arthroactive-vitaminno-mineralnyj-kompleks-dlya-sobak-sustavov-i-hryashhej-100-tab-1.webp","contentUrl":"https:\/\/pet24.md\/wp-content\/uploads\/2024\/09\/unitabs-arthroactive-vitaminno-mineralnyj-kompleks-dlya-sobak-sustavov-i-hryashhej-100-tab-1.webp","width":600,"height":600,"caption":"Unitabs Arthro\u0410ctive \u0432\u0438\u0442\u0430\u043c\u0438\u043d\u043d\u043e-\u043c\u0438\u043d\u0435\u0440\u0430\u043b\u044c\u043d\u044b\u0439 \u043a\u043e\u043c\u043f\u043b\u0435\u043a\u0441 \u0434\u043b\u044f \u0441\u043e\u0431\u0430\u043a \u0441\u0443\u0441\u0442\u0430\u0432\u043e\u0432 \u0438 \u0445\u0440\u044f\u0449\u0435\u0439"},{"@type":"BreadcrumbList","@id":"https:\/\/pet24.md\/product\/unitabs-arthroactive-vitaminno-mineralnyj-kompleks-dlya-sobak-sustavov-i-hryashhej-100-tab\/#breadcrumb","itemListElement":[{"@type":"ListItem","position":1,"name":"\u0413\u043b\u0430\u0432\u043d\u0430\u044f \u0441\u0442\u0440\u0430\u043d\u0438\u0446\u0430","item":"https:\/\/pet24.md\/"},{"@type":"ListItem","position":2,"name":"\u041c\u0430\u0433\u0430\u0437\u0438\u043d","item":"https:\/\/pet24.md\/shop\/"},{"@type":"ListItem","position":3,"name":"Unitabs Arthro\u0410ctive \u0432\u0438\u0442\u0430\u043c\u0438\u043d\u043d\u043e-\u043c\u0438\u043d\u0435\u0440\u0430\u043b\u044c\u043d\u044b\u0439 \u043a\u043e\u043c\u043f\u043b\u0435\u043a\u0441 \u0434\u043b\u044f \u0441\u043e\u0431\u0430\u043a \u0441\u0443\u0441\u0442\u0430\u0432\u043e\u0432 \u0438 \u0445\u0440\u044f\u0449\u0435\u0439, 100 \u0442\u0430\u0431."}]},{"@type":"WebSite","@id":"https:\/\/pet24.md\/#website","url":"https:\/\/pet24.md\/","name":"Pet24","description":"Magazin de animale de companie","publisher":{"@id":"https:\/\/pet24.md\/#organization"},"potentialAction":[{"@type":"SearchAction","target":{"@type":"EntryPoint","urlTemplate":"https:\/\/pet24.md\/?s={search_term_string}"},"query-input":{"@type":"PropertyValueSpecification","valueRequired":true,"valueName":"search_term_string"}}],"inLanguage":"ro-RO"},{"@type":"Organization","@id":"https:\/\/pet24.md\/#organization","name":"Pet24","url":"https:\/\/pet24.md\/","logo":{"@type":"ImageObject","inLanguage":"ro-RO","@id":"https:\/\/pet24.md\/#\/schema\/logo\/image\/","url":"https:\/\/pet24.md\/wp-content\/uploads\/2024\/09\/logo.svg","contentUrl":"https:\/\/pet24.md\/wp-content\/uploads\/2024\/09\/logo.svg","width":215,"height":66,"caption":"Pet24"},"image":{"@id":"https:\/\/pet24.md\/#\/schema\/logo\/image\/"},"sameAs":["https:\/\/www.facebook.com\/pet24.md","https:\/\/www.instagram.com\/pet24.md\/"],"telephone":"+37360508880"}]}},"_links":{"self":[{"href":"https:\/\/pet24.md\/ro\/wp-json\/wp\/v2\/product\/85121","targetHints":{"allow":["GET"]}}],"collection":[{"href":"https:\/\/pet24.md\/ro\/wp-json\/wp\/v2\/product"}],"about":[{"href":"https:\/\/pet24.md\/ro\/wp-json\/wp\/v2\/types\/product"}],"replies":[{"embeddable":true,"href":"https:\/\/pet24.md\/ro\/wp-json\/wp\/v2\/comments?post=85121"}],"wp:featuredmedia":[{"embeddable":true,"href":"https:\/\/pet24.md\/ro\/wp-json\/wp\/v2\/media\/91045"}],"wp:attachment":[{"href":"https:\/\/pet24.md\/ro\/wp-json\/wp\/v2\/media?parent=85121"}],"wp:term":[{"taxonomy":"product_brand","embeddable":true,"href":"https:\/\/pet24.md\/ro\/wp-json\/wp\/v2\/product_brand?post=85121"},{"taxonomy":"product_cat","embeddable":true,"href":"https:\/\/pet24.md\/ro\/wp-json\/wp\/v2\/product_cat?post=85121"},{"taxonomy":"product_tag","embeddable":true,"href":"https:\/\/pet24.md\/ro\/wp-json\/wp\/v2\/product_tag?post=85121"}],"curies":[{"name":"wp","href":"https:\/\/api.w.org\/{rel}","templated":true}]}}