{"id":85137,"date":"2024-08-01T11:32:38","date_gmt":"2024-08-01T11:32:38","guid":{"rendered":"https:\/\/pet24.md\/?post_type=product&#038;p=85137"},"modified":"2024-09-22T22:16:21","modified_gmt":"2024-09-22T22:16:21","slug":"chistotel-maximum-shampun-s-maslom-lavandy-dlya-sobak-250-ml","status":"publish","type":"product","link":"https:\/\/pet24.md\/ro\/produs\/chistotel-maximum-shampun-s-maslom-lavandy-dlya-sobak-250-ml\/","title":{"rendered":"\u0218ampon Chistotel Maximum cu ulei de lavand\u0103 \u00eempotriva puricilor \u0219i c\u0103pu\u0219elor pentru c\u00e2ini 250 ml"},"content":{"rendered":"<p>Celandine Maximum Sampon este destinat prevenirii si tratarii entomozelor (purici, paduchi, paduchi) la catei si pisoi. Uleiul esen\u021bial de lavand\u0103 din \u0219ampon ajut\u0103 la reducerea irita\u021biei \u0219i m\u00e2nc\u0103rimii cauzate de mu\u0219c\u0103turile de insecte.<\/p>\n<h4>Instructiuni de utilizare:<\/h4>\n<ol>\n<li>Umezi\u021bi pielea \u0219i p\u0103rul animalului cu generozitate cu ap\u0103 cald\u0103.<\/li>\n<li>Aplica\u021bi \u0219ampon \u00een doz\u0103 de 0,5 - 1,0 ml la 1 kg de greutate animal\u0103.<\/li>\n<li>Distribui\u021bi \u0219amponul pe toat\u0103 suprafa\u021ba corpului \u0219i freca\u021bi u\u0219or p\u00e2n\u0103 se formeaz\u0103 spum\u0103, evit\u00e2nd contactul cu ochii \u0219i \u00eempiedic\u00e2nd animalul s\u0103 ling\u0103 medicamentul.<\/li>\n<li>L\u0103sa\u021bi \u0219amponul timp de 5 - 7 minute.<\/li>\n<li>Cl\u0103ti\u021bi bine \u0219amponul cu ap\u0103 cald\u0103.<\/li>\n<li>Piept\u0103na\u021bi haina cu un pieptene \u0219i usca\u021bi.<\/li>\n<\/ol>\n<h4>Conditii de pastrare:<\/h4>\n<ul>\n<li>P\u0103stra\u021bi \u0219amponul \u00een recipientul sigilat al produc\u0103torului.<\/li>\n<li>P\u0103stra\u021bi-l departe de umiditate \u0219i lumina direct\u0103 a soarelui.<\/li>\n<li>A se p\u0103stra separat de alimente \u0219i furaje.<\/li>\n<li>Temperatura de depozitare: de la 0 la 30\u00b0C.<\/li>\n<li>Perioada de valabilitate: 3 ani.<\/li>\n<\/ul>","protected":false},"excerpt":{"rendered":"<p>Samponul Celandine Maximum este destinat prevenirii si tratarii entomozei la catei si pisoi. Uleiul esen\u021bial de lavand\u0103 reduce irita\u021bia \u0219i m\u00e2nc\u0103rimea. Aplica\u021bi \u0219ampon, freca\u021bi p\u00e2n\u0103 se formeaz\u0103 spum\u0103, l\u0103sa\u021bi timp de 5-7 minute, apoi cl\u0103ti\u021bi bine cu ap\u0103 cald\u0103.<\/p>","protected":false},"featured_media":91049,"comment_status":"closed","ping_status":"closed","template":"","meta":[],"product_brand":[],"product_cat":[136,223],"product_tag":[748,749,480],"class_list":{"0":"post-85137","1":"product","2":"type-product","3":"status-publish","4":"has-post-thumbnail","6":"product_cat-dog","7":"product_cat-dogs-antiparasitic","8":"product_tag-chistotel-maximum","9":"product_tag-ot-bloh-i-kleshhej","10":"product_tag-sobaka","11":"pa_age-pet-vzroslyj","12":"pa_brand-chistotel","13":"pa_packaging-flakon","14":"pa_pet-sobaka","15":"pa_purpose-product-ot-bloh-i-kleshhej","17":"first","18":"instock","19":"sale","20":"shipping-taxable","21":"product-type-simple"},"yoast_head":"<!-- This site is optimized with the Yoast SEO Premium plugin v23.7 (Yoast SEO v27.6) - https:\/\/yoast.com\/product\/yoast-seo-premium-wordpress\/ -->\n<title>Chistotel Maximum \u0428\u0430\u043c\u043f\u0443\u043d\u044c \u0441 \u043c\u0430\u0441\u043b\u043e\u043c \u043b\u0430\u0432\u0430\u043d\u0434\u044b \u043e\u0442 \u0431\u043b\u043e\u0445 \u0438 \u043a\u043b\u0435\u0449\u0435\u0439 \u0434\u043b\u044f \u0441\u043e\u0431\u0430\u043a 250 \u043c\u043b<\/title>\n<meta name=\"description\" content=\"\u041a\u0443\u043f\u0438\u0442\u044c Chistotel Maximum \u0428\u0430\u043c\u043f\u0443\u043d\u044c \u0441 \u043c\u0430\u0441\u043b\u043e\u043c \u043b\u0430\u0432\u0430\u043d\u0434\u044b \u043e\u0442 \u0431\u043b\u043e\u0445 \u0438 \u043a\u043b\u0435\u0449\u0435\u0439 \u0434\u043b\u044f \u0441\u043e\u0431\u0430\u043a 250 \u043c\u043b \u0441 \u0434\u043e\u0441\u0442\u0430\u0432\u043a\u043e\u0439 \u043f\u043e \u041a\u0438\u0448\u0438\u043d\u0435\u0432\u0443 \u0438 \u0432\u0441\u0435\u0439 \u041c\u043e\u043b\u0434\u043e\u0432\u0435 \u043d\u0430 Pet24\" \/>\n<meta name=\"robots\" content=\"index, follow, max-snippet:-1, max-image-preview:large, max-video-preview:-1\" \/>\n<link rel=\"canonical\" href=\"https:\/\/pet24.md\/ro\/produs\/chistotel-maximum-shampun-s-maslom-lavandy-dlya-sobak-250-ml\/\" \/>\n<meta property=\"og:locale\" content=\"ro_RO\" \/>\n<meta property=\"og:type\" content=\"article\" \/>\n<meta property=\"og:title\" content=\"Chistotel Maximum \u0428\u0430\u043c\u043f\u0443\u043d\u044c \u0441 \u043c\u0430\u0441\u043b\u043e\u043c \u043b\u0430\u0432\u0430\u043d\u0434\u044b \u043e\u0442 \u0431\u043b\u043e\u0445 \u0438 \u043a\u043b\u0435\u0449\u0435\u0439 \u0434\u043b\u044f \u0441\u043e\u0431\u0430\u043a 250 \u043c\u043b\" \/>\n<meta property=\"og:description\" content=\"\u041a\u0443\u043f\u0438\u0442\u044c Chistotel Maximum \u0428\u0430\u043c\u043f\u0443\u043d\u044c \u0441 \u043c\u0430\u0441\u043b\u043e\u043c \u043b\u0430\u0432\u0430\u043d\u0434\u044b \u043e\u0442 \u0431\u043b\u043e\u0445 \u0438 \u043a\u043b\u0435\u0449\u0435\u0439 \u0434\u043b\u044f \u0441\u043e\u0431\u0430\u043a 250 \u043c\u043b \u0441 \u0434\u043e\u0441\u0442\u0430\u0432\u043a\u043e\u0439 \u043f\u043e \u041a\u0438\u0448\u0438\u043d\u0435\u0432\u0443 \u0438 \u0432\u0441\u0435\u0439 \u041c\u043e\u043b\u0434\u043e\u0432\u0435 \u043d\u0430 Pet24\" \/>\n<meta property=\"og:url\" content=\"https:\/\/pet24.md\/ro\/produs\/chistotel-maximum-shampun-s-maslom-lavandy-dlya-sobak-250-ml\/\" \/>\n<meta property=\"og:site_name\" content=\"Pet24\" \/>\n<meta property=\"article:publisher\" content=\"https:\/\/www.facebook.com\/pet24.md\" \/>\n<meta property=\"article:modified_time\" content=\"2024-09-22T22:16:21+00:00\" \/>\n<meta property=\"og:image\" content=\"https:\/\/pet24.md\/wp-content\/uploads\/2024\/09\/chistotel-maximum-shampun-s-maslom-lavandy-dlya-sobak-250-ml-1.webp\" \/>\n\t<meta property=\"og:image:width\" content=\"600\" \/>\n\t<meta property=\"og:image:height\" content=\"600\" \/>\n\t<meta property=\"og:image:type\" content=\"image\/webp\" \/>\n<meta name=\"twitter:card\" content=\"summary_large_image\" \/>\n<script type=\"application\/ld+json\" class=\"yoast-schema-graph\">{\"@context\":\"https:\\\/\\\/schema.org\",\"@graph\":[{\"@type\":\"WebPage\",\"@id\":\"https:\\\/\\\/pet24.md\\\/product\\\/chistotel-maximum-shampun-s-maslom-lavandy-dlya-sobak-250-ml\\\/\",\"url\":\"https:\\\/\\\/pet24.md\\\/product\\\/chistotel-maximum-shampun-s-maslom-lavandy-dlya-sobak-250-ml\\\/\",\"name\":\"Chistotel Maximum \u0428\u0430\u043c\u043f\u0443\u043d\u044c \u0441 \u043c\u0430\u0441\u043b\u043e\u043c \u043b\u0430\u0432\u0430\u043d\u0434\u044b \u043e\u0442 \u0431\u043b\u043e\u0445 \u0438 \u043a\u043b\u0435\u0449\u0435\u0439 \u0434\u043b\u044f \u0441\u043e\u0431\u0430\u043a 250 \u043c\u043b\",\"isPartOf\":{\"@id\":\"https:\\\/\\\/pet24.md\\\/#website\"},\"primaryImageOfPage\":{\"@id\":\"https:\\\/\\\/pet24.md\\\/product\\\/chistotel-maximum-shampun-s-maslom-lavandy-dlya-sobak-250-ml\\\/#primaryimage\"},\"image\":{\"@id\":\"https:\\\/\\\/pet24.md\\\/product\\\/chistotel-maximum-shampun-s-maslom-lavandy-dlya-sobak-250-ml\\\/#primaryimage\"},\"thumbnailUrl\":\"https:\\\/\\\/pet24.md\\\/wp-content\\\/uploads\\\/2024\\\/09\\\/chistotel-maximum-shampun-s-maslom-lavandy-dlya-sobak-250-ml-1.webp\",\"datePublished\":\"2024-08-01T11:32:38+00:00\",\"dateModified\":\"2024-09-22T22:16:21+00:00\",\"description\":\"\u041a\u0443\u043f\u0438\u0442\u044c Chistotel Maximum \u0428\u0430\u043c\u043f\u0443\u043d\u044c \u0441 \u043c\u0430\u0441\u043b\u043e\u043c \u043b\u0430\u0432\u0430\u043d\u0434\u044b \u043e\u0442 \u0431\u043b\u043e\u0445 \u0438 \u043a\u043b\u0435\u0449\u0435\u0439 \u0434\u043b\u044f \u0441\u043e\u0431\u0430\u043a 250 \u043c\u043b \u0441 \u0434\u043e\u0441\u0442\u0430\u0432\u043a\u043e\u0439 \u043f\u043e \u041a\u0438\u0448\u0438\u043d\u0435\u0432\u0443 \u0438 \u0432\u0441\u0435\u0439 \u041c\u043e\u043b\u0434\u043e\u0432\u0435 \u043d\u0430 Pet24\",\"breadcrumb\":{\"@id\":\"https:\\\/\\\/pet24.md\\\/product\\\/chistotel-maximum-shampun-s-maslom-lavandy-dlya-sobak-250-ml\\\/#breadcrumb\"},\"inLanguage\":\"ro-RO\",\"potentialAction\":[{\"@type\":\"ReadAction\",\"target\":[\"https:\\\/\\\/pet24.md\\\/product\\\/chistotel-maximum-shampun-s-maslom-lavandy-dlya-sobak-250-ml\\\/\"]}]},{\"@type\":\"ImageObject\",\"inLanguage\":\"ro-RO\",\"@id\":\"https:\\\/\\\/pet24.md\\\/product\\\/chistotel-maximum-shampun-s-maslom-lavandy-dlya-sobak-250-ml\\\/#primaryimage\",\"url\":\"https:\\\/\\\/pet24.md\\\/wp-content\\\/uploads\\\/2024\\\/09\\\/chistotel-maximum-shampun-s-maslom-lavandy-dlya-sobak-250-ml-1.webp\",\"contentUrl\":\"https:\\\/\\\/pet24.md\\\/wp-content\\\/uploads\\\/2024\\\/09\\\/chistotel-maximum-shampun-s-maslom-lavandy-dlya-sobak-250-ml-1.webp\",\"width\":600,\"height\":600,\"caption\":\"Chistotel Maximum \u0428\u0430\u043c\u043f\u0443\u043d\u044c \u0441 \u043c\u0430\u0441\u043b\u043e\u043c \u043b\u0430\u0432\u0430\u043d\u0434\u044b \u0434\u043b\u044f \u0441\u043e\u0431\u0430\u043a 250 \u043c\u043b\"},{\"@type\":\"BreadcrumbList\",\"@id\":\"https:\\\/\\\/pet24.md\\\/product\\\/chistotel-maximum-shampun-s-maslom-lavandy-dlya-sobak-250-ml\\\/#breadcrumb\",\"itemListElement\":[{\"@type\":\"ListItem\",\"position\":1,\"name\":\"\u0413\u043b\u0430\u0432\u043d\u0430\u044f \u0441\u0442\u0440\u0430\u043d\u0438\u0446\u0430\",\"item\":\"https:\\\/\\\/pet24.md\\\/\"},{\"@type\":\"ListItem\",\"position\":2,\"name\":\"\u041c\u0430\u0433\u0430\u0437\u0438\u043d\",\"item\":\"https:\\\/\\\/pet24.md\\\/shop\\\/\"},{\"@type\":\"ListItem\",\"position\":3,\"name\":\"Chistotel Maximum \u0428\u0430\u043c\u043f\u0443\u043d\u044c \u0441 \u043c\u0430\u0441\u043b\u043e\u043c \u043b\u0430\u0432\u0430\u043d\u0434\u044b \u043e\u0442 \u0431\u043b\u043e\u0445 \u0438 \u043a\u043b\u0435\u0449\u0435\u0439 \u0434\u043b\u044f \u0441\u043e\u0431\u0430\u043a 250 \u043c\u043b\"}]},{\"@type\":\"WebSite\",\"@id\":\"https:\\\/\\\/pet24.md\\\/#website\",\"url\":\"https:\\\/\\\/pet24.md\\\/\",\"name\":\"Pet24\",\"description\":\"\u0417\u043e\u043e\u043c\u0430\u0433\u0430\u0437\u0438\u043d \u0442\u043e\u0432\u0430\u0440\u043e\u0432 \u0434\u043b\u044f \u0434\u043e\u043c\u0430\u0448\u043d\u0438\u0445 \u043f\u0438\u0442\u043e\u043c\u0446\u0435\u0432\",\"publisher\":{\"@id\":\"https:\\\/\\\/pet24.md\\\/#organization\"},\"potentialAction\":[{\"@type\":\"SearchAction\",\"target\":{\"@type\":\"EntryPoint\",\"urlTemplate\":\"https:\\\/\\\/pet24.md\\\/?s={search_term_string}\"},\"query-input\":{\"@type\":\"PropertyValueSpecification\",\"valueRequired\":true,\"valueName\":\"search_term_string\"}}],\"inLanguage\":\"ro-RO\"},{\"@type\":\"Organization\",\"@id\":\"https:\\\/\\\/pet24.md\\\/#organization\",\"name\":\"Pet24\",\"url\":\"https:\\\/\\\/pet24.md\\\/\",\"logo\":{\"@type\":\"ImageObject\",\"inLanguage\":\"ro-RO\",\"@id\":\"https:\\\/\\\/pet24.md\\\/#\\\/schema\\\/logo\\\/image\\\/\",\"url\":\"https:\\\/\\\/pet24.md\\\/wp-content\\\/uploads\\\/2024\\\/09\\\/logo.svg\",\"contentUrl\":\"https:\\\/\\\/pet24.md\\\/wp-content\\\/uploads\\\/2024\\\/09\\\/logo.svg\",\"width\":215,\"height\":66,\"caption\":\"Pet24\"},\"image\":{\"@id\":\"https:\\\/\\\/pet24.md\\\/#\\\/schema\\\/logo\\\/image\\\/\"},\"sameAs\":[\"https:\\\/\\\/www.facebook.com\\\/pet24.md\",\"https:\\\/\\\/www.instagram.com\\\/pet24.md\\\/\"],\"telephone\":\"+37360508880\"}]}<\/script>\n<!-- \/ Yoast SEO Premium plugin. -->","yoast_head_json":{"title":"\u0218ampon Chistotel Maximum cu ulei de lavand\u0103 \u00eempotriva puricilor \u0219i c\u0103pu\u0219elor pentru c\u00e2ini 250 ml","description":"\u041a\u0443\u043f\u0438\u0442\u044c Chistotel Maximum \u0428\u0430\u043c\u043f\u0443\u043d\u044c \u0441 \u043c\u0430\u0441\u043b\u043e\u043c \u043b\u0430\u0432\u0430\u043d\u0434\u044b \u043e\u0442 \u0431\u043b\u043e\u0445 \u0438 \u043a\u043b\u0435\u0449\u0435\u0439 \u0434\u043b\u044f \u0441\u043e\u0431\u0430\u043a 250 \u043c\u043b \u0441 \u0434\u043e\u0441\u0442\u0430\u0432\u043a\u043e\u0439 \u043f\u043e \u041a\u0438\u0448\u0438\u043d\u0435\u0432\u0443 \u0438 \u0432\u0441\u0435\u0439 \u041c\u043e\u043b\u0434\u043e\u0432\u0435 \u043d\u0430 Pet24","robots":{"index":"index","follow":"follow","max-snippet":"max-snippet:-1","max-image-preview":"max-image-preview:large","max-video-preview":"max-video-preview:-1"},"canonical":"https:\/\/pet24.md\/ro\/produs\/chistotel-maximum-shampun-s-maslom-lavandy-dlya-sobak-250-ml\/","og_locale":"ro_RO","og_type":"article","og_title":"Chistotel Maximum \u0428\u0430\u043c\u043f\u0443\u043d\u044c \u0441 \u043c\u0430\u0441\u043b\u043e\u043c \u043b\u0430\u0432\u0430\u043d\u0434\u044b \u043e\u0442 \u0431\u043b\u043e\u0445 \u0438 \u043a\u043b\u0435\u0449\u0435\u0439 \u0434\u043b\u044f \u0441\u043e\u0431\u0430\u043a 250 \u043c\u043b","og_description":"\u041a\u0443\u043f\u0438\u0442\u044c Chistotel Maximum \u0428\u0430\u043c\u043f\u0443\u043d\u044c \u0441 \u043c\u0430\u0441\u043b\u043e\u043c \u043b\u0430\u0432\u0430\u043d\u0434\u044b \u043e\u0442 \u0431\u043b\u043e\u0445 \u0438 \u043a\u043b\u0435\u0449\u0435\u0439 \u0434\u043b\u044f \u0441\u043e\u0431\u0430\u043a 250 \u043c\u043b \u0441 \u0434\u043e\u0441\u0442\u0430\u0432\u043a\u043e\u0439 \u043f\u043e \u041a\u0438\u0448\u0438\u043d\u0435\u0432\u0443 \u0438 \u0432\u0441\u0435\u0439 \u041c\u043e\u043b\u0434\u043e\u0432\u0435 \u043d\u0430 Pet24","og_url":"https:\/\/pet24.md\/ro\/produs\/chistotel-maximum-shampun-s-maslom-lavandy-dlya-sobak-250-ml\/","og_site_name":"Pet24","article_publisher":"https:\/\/www.facebook.com\/pet24.md","article_modified_time":"2024-09-22T22:16:21+00:00","og_image":[{"width":600,"height":600,"url":"https:\/\/pet24.md\/wp-content\/uploads\/2024\/09\/chistotel-maximum-shampun-s-maslom-lavandy-dlya-sobak-250-ml-1.webp","type":"image\/webp"}],"twitter_card":"summary_large_image","schema":{"@context":"https:\/\/schema.org","@graph":[{"@type":"WebPage","@id":"https:\/\/pet24.md\/product\/chistotel-maximum-shampun-s-maslom-lavandy-dlya-sobak-250-ml\/","url":"https:\/\/pet24.md\/product\/chistotel-maximum-shampun-s-maslom-lavandy-dlya-sobak-250-ml\/","name":"\u0218ampon Chistotel Maximum cu ulei de lavand\u0103 \u00eempotriva puricilor \u0219i c\u0103pu\u0219elor pentru c\u00e2ini 250 ml","isPartOf":{"@id":"https:\/\/pet24.md\/#website"},"primaryImageOfPage":{"@id":"https:\/\/pet24.md\/product\/chistotel-maximum-shampun-s-maslom-lavandy-dlya-sobak-250-ml\/#primaryimage"},"image":{"@id":"https:\/\/pet24.md\/product\/chistotel-maximum-shampun-s-maslom-lavandy-dlya-sobak-250-ml\/#primaryimage"},"thumbnailUrl":"https:\/\/pet24.md\/wp-content\/uploads\/2024\/09\/chistotel-maximum-shampun-s-maslom-lavandy-dlya-sobak-250-ml-1.webp","datePublished":"2024-08-01T11:32:38+00:00","dateModified":"2024-09-22T22:16:21+00:00","description":"\u041a\u0443\u043f\u0438\u0442\u044c Chistotel Maximum \u0428\u0430\u043c\u043f\u0443\u043d\u044c \u0441 \u043c\u0430\u0441\u043b\u043e\u043c \u043b\u0430\u0432\u0430\u043d\u0434\u044b \u043e\u0442 \u0431\u043b\u043e\u0445 \u0438 \u043a\u043b\u0435\u0449\u0435\u0439 \u0434\u043b\u044f \u0441\u043e\u0431\u0430\u043a 250 \u043c\u043b \u0441 \u0434\u043e\u0441\u0442\u0430\u0432\u043a\u043e\u0439 \u043f\u043e \u041a\u0438\u0448\u0438\u043d\u0435\u0432\u0443 \u0438 \u0432\u0441\u0435\u0439 \u041c\u043e\u043b\u0434\u043e\u0432\u0435 \u043d\u0430 Pet24","breadcrumb":{"@id":"https:\/\/pet24.md\/product\/chistotel-maximum-shampun-s-maslom-lavandy-dlya-sobak-250-ml\/#breadcrumb"},"inLanguage":"ro-RO","potentialAction":[{"@type":"ReadAction","target":["https:\/\/pet24.md\/product\/chistotel-maximum-shampun-s-maslom-lavandy-dlya-sobak-250-ml\/"]}]},{"@type":"ImageObject","inLanguage":"ro-RO","@id":"https:\/\/pet24.md\/product\/chistotel-maximum-shampun-s-maslom-lavandy-dlya-sobak-250-ml\/#primaryimage","url":"https:\/\/pet24.md\/wp-content\/uploads\/2024\/09\/chistotel-maximum-shampun-s-maslom-lavandy-dlya-sobak-250-ml-1.webp","contentUrl":"https:\/\/pet24.md\/wp-content\/uploads\/2024\/09\/chistotel-maximum-shampun-s-maslom-lavandy-dlya-sobak-250-ml-1.webp","width":600,"height":600,"caption":"Chistotel Maximum \u0428\u0430\u043c\u043f\u0443\u043d\u044c \u0441 \u043c\u0430\u0441\u043b\u043e\u043c \u043b\u0430\u0432\u0430\u043d\u0434\u044b \u0434\u043b\u044f \u0441\u043e\u0431\u0430\u043a 250 \u043c\u043b"},{"@type":"BreadcrumbList","@id":"https:\/\/pet24.md\/product\/chistotel-maximum-shampun-s-maslom-lavandy-dlya-sobak-250-ml\/#breadcrumb","itemListElement":[{"@type":"ListItem","position":1,"name":"\u0413\u043b\u0430\u0432\u043d\u0430\u044f \u0441\u0442\u0440\u0430\u043d\u0438\u0446\u0430","item":"https:\/\/pet24.md\/"},{"@type":"ListItem","position":2,"name":"\u041c\u0430\u0433\u0430\u0437\u0438\u043d","item":"https:\/\/pet24.md\/shop\/"},{"@type":"ListItem","position":3,"name":"Chistotel Maximum \u0428\u0430\u043c\u043f\u0443\u043d\u044c \u0441 \u043c\u0430\u0441\u043b\u043e\u043c \u043b\u0430\u0432\u0430\u043d\u0434\u044b \u043e\u0442 \u0431\u043b\u043e\u0445 \u0438 \u043a\u043b\u0435\u0449\u0435\u0439 \u0434\u043b\u044f \u0441\u043e\u0431\u0430\u043a 250 \u043c\u043b"}]},{"@type":"WebSite","@id":"https:\/\/pet24.md\/#website","url":"https:\/\/pet24.md\/","name":"Pet24","description":"Magazin de animale de companie","publisher":{"@id":"https:\/\/pet24.md\/#organization"},"potentialAction":[{"@type":"SearchAction","target":{"@type":"EntryPoint","urlTemplate":"https:\/\/pet24.md\/?s={search_term_string}"},"query-input":{"@type":"PropertyValueSpecification","valueRequired":true,"valueName":"search_term_string"}}],"inLanguage":"ro-RO"},{"@type":"Organization","@id":"https:\/\/pet24.md\/#organization","name":"Pet24","url":"https:\/\/pet24.md\/","logo":{"@type":"ImageObject","inLanguage":"ro-RO","@id":"https:\/\/pet24.md\/#\/schema\/logo\/image\/","url":"https:\/\/pet24.md\/wp-content\/uploads\/2024\/09\/logo.svg","contentUrl":"https:\/\/pet24.md\/wp-content\/uploads\/2024\/09\/logo.svg","width":215,"height":66,"caption":"Pet24"},"image":{"@id":"https:\/\/pet24.md\/#\/schema\/logo\/image\/"},"sameAs":["https:\/\/www.facebook.com\/pet24.md","https:\/\/www.instagram.com\/pet24.md\/"],"telephone":"+37360508880"}]}},"_links":{"self":[{"href":"https:\/\/pet24.md\/ro\/wp-json\/wp\/v2\/product\/85137","targetHints":{"allow":["GET"]}}],"collection":[{"href":"https:\/\/pet24.md\/ro\/wp-json\/wp\/v2\/product"}],"about":[{"href":"https:\/\/pet24.md\/ro\/wp-json\/wp\/v2\/types\/product"}],"replies":[{"embeddable":true,"href":"https:\/\/pet24.md\/ro\/wp-json\/wp\/v2\/comments?post=85137"}],"wp:featuredmedia":[{"embeddable":true,"href":"https:\/\/pet24.md\/ro\/wp-json\/wp\/v2\/media\/91049"}],"wp:attachment":[{"href":"https:\/\/pet24.md\/ro\/wp-json\/wp\/v2\/media?parent=85137"}],"wp:term":[{"taxonomy":"product_brand","embeddable":true,"href":"https:\/\/pet24.md\/ro\/wp-json\/wp\/v2\/product_brand?post=85137"},{"taxonomy":"product_cat","embeddable":true,"href":"https:\/\/pet24.md\/ro\/wp-json\/wp\/v2\/product_cat?post=85137"},{"taxonomy":"product_tag","embeddable":true,"href":"https:\/\/pet24.md\/ro\/wp-json\/wp\/v2\/product_tag?post=85137"}],"curies":[{"name":"wp","href":"https:\/\/api.w.org\/{rel}","templated":true}]}}