{"id":85144,"date":"2024-08-01T11:42:09","date_gmt":"2024-08-01T11:42:09","guid":{"rendered":"https:\/\/pet24.md\/?post_type=product&#038;p=85144"},"modified":"2024-09-22T22:16:22","modified_gmt":"2024-09-22T22:16:22","slug":"chistotel-maximum-shampun-dlya-vzroslyh-koshek-ot-bloh-180-ml","status":"publish","type":"product","link":"https:\/\/pet24.md\/ro\/produs\/chistotel-maximum-shampun-dlya-vzroslyh-koshek-ot-bloh-180-ml\/","title":{"rendered":"Spray antipurici si capuse Chistotel pentru pisici si iepuri, 100 ml."},"content":{"rendered":"<p>Celandine Zoosprey este folosit pentru a distruge acarienii ixodid \u0219i scabia, puricii, p\u0103duchii, p\u0103duchii care paraziteaz\u0103 c\u00e2inii, pisicile \u0219i iepurii decorativi, precum \u0219i pentru a preveni atacurile ectoparazi\u021bilor asupra animalelor.<\/p>\n<h4>Compus:<\/h4>\n<ul>\n<li>Permetrin - 0,35%<\/li>\n<li>Alcool izopropilic<\/li>\n<li>Glicerol<\/li>\n<\/ul>\n<h4>Instructiuni de utilizare:<\/h4>\n<ol>\n<li>Agita\u021bi flaconul cu medicamentul \u00eenainte de utilizare.<\/li>\n<li>\u021aine\u021bi sticla \u00een pozi\u021bie vertical\u0103.<\/li>\n<li>Ap\u0103sa\u021bi capul de pulverizare, \u00eendrept\u00e2nd pistolul cu aerosoli spre suprafa\u021ba de tratat de la o distan\u021b\u0103 de 15-20 cm.<\/li>\n<\/ol>\n<h4>Note:<\/h4>\n<ul>\n<li>Evita\u021bi contactul cu ochii \u0219i mucoasele animalului.<\/li>\n<li>Pentru a preveni linsul medicamentului, pune\u021bi botul pe animal sau fixa\u021bi f\u0103lcile cu o bucl\u0103 de \u00eempletitur\u0103 dup\u0103 tratament.<\/li>\n<li>Repeta\u021bi tratamentele dup\u0103 cum este necesar, dar nu mai mult de o dat\u0103 la 10 zile.<\/li>\n<\/ul>","protected":false},"excerpt":{"rendered":"<p>Celandine Zoosprey este destinat\u0103 distrugerii c\u0103pu\u0219elor, puricilor, p\u0103duchilor \u0219i p\u0103duchilor la c\u00e2ini, pisici \u0219i iepuri decorativi, precum \u0219i pentru a preveni atacurile acestora. Con\u021bine 0,35% permetrin\u0103. Pulveriza\u021bi medicamentul de la o distan\u021b\u0103 de 15-20 cm, evit\u00e2nd contactul cu ochii \u0219i mucoasele. Repeta\u021bi tratamentele nu mai mult de o dat\u0103 la 10 zile.<\/p>","protected":false},"featured_media":91051,"comment_status":"closed","ping_status":"closed","template":"","meta":[],"product_brand":[],"product_cat":[193,566,218],"product_tag":[748,522,202,749,480],"class_list":{"0":"post-85144","1":"product","2":"type-product","3":"status-publish","4":"has-post-thumbnail","6":"product_cat-cat","7":"product_cat-spray-cats","8":"product_cat-cats-antiparasitic","9":"product_tag-chistotel-maximum","10":"product_tag-dlya-krolikov","11":"product_tag-koshka","12":"product_tag-ot-bloh-i-kleshhej","13":"product_tag-sobaka","14":"pa_age-pet-vzroslyj","15":"pa_brand-chistotel","16":"pa_packaging-flakon","17":"pa_pet-koshka","18":"pa_purpose-product-ot-bloh-i-kleshhej","20":"first","21":"instock","22":"sale","23":"shipping-taxable","24":"product-type-simple"},"yoast_head":"<!-- This site is optimized with the Yoast SEO Premium plugin v23.7 (Yoast SEO v27.5) - https:\/\/yoast.com\/product\/yoast-seo-premium-wordpress\/ -->\n<title>Chistotel \u0441\u043f\u0440\u0435\u0439 \u043e\u0442 \u0431\u043b\u043e\u0445 \u0438 \u043a\u043b\u0435\u0449\u0435\u0439 \u0434\u043b\u044f \u043a\u043e\u0448\u0435\u043a \u0438 \u043a\u0440\u043e\u043b\u0438\u043a\u043e\u0432, 100 \u043c\u043b.<\/title>\n<meta name=\"description\" content=\"\u041a\u0443\u043f\u0438\u0442\u044c Chistotel \u0441\u043f\u0440\u0435\u0439 \u043e\u0442 \u0431\u043b\u043e\u0445 \u0438 \u043a\u043b\u0435\u0449\u0435\u0439 \u0434\u043b\u044f \u043a\u043e\u0448\u0435\u043a \u0438 \u043a\u0440\u043e\u043b\u0438\u043a\u043e\u0432, 100 \u043c\u043b. \u0441 \u0434\u043e\u0441\u0442\u0430\u0432\u043a\u043e\u0439 \u043f\u043e \u041a\u0438\u0448\u0438\u043d\u0435\u0432\u0443 \u0438 \u0432\u0441\u0435\u0439 \u041c\u043e\u043b\u0434\u043e\u0432\u0435 \u043d\u0430 Pet24\" \/>\n<meta name=\"robots\" content=\"index, follow, max-snippet:-1, max-image-preview:large, max-video-preview:-1\" \/>\n<link rel=\"canonical\" href=\"https:\/\/pet24.md\/ro\/produs\/chistotel-maximum-shampun-dlya-vzroslyh-koshek-ot-bloh-180-ml\/\" \/>\n<meta property=\"og:locale\" content=\"ro_RO\" \/>\n<meta property=\"og:type\" content=\"article\" \/>\n<meta property=\"og:title\" content=\"Chistotel \u0441\u043f\u0440\u0435\u0439 \u043e\u0442 \u0431\u043b\u043e\u0445 \u0438 \u043a\u043b\u0435\u0449\u0435\u0439 \u0434\u043b\u044f \u043a\u043e\u0448\u0435\u043a \u0438 \u043a\u0440\u043e\u043b\u0438\u043a\u043e\u0432, 100 \u043c\u043b.\" \/>\n<meta property=\"og:description\" content=\"\u041a\u0443\u043f\u0438\u0442\u044c Chistotel \u0441\u043f\u0440\u0435\u0439 \u043e\u0442 \u0431\u043b\u043e\u0445 \u0438 \u043a\u043b\u0435\u0449\u0435\u0439 \u0434\u043b\u044f \u043a\u043e\u0448\u0435\u043a \u0438 \u043a\u0440\u043e\u043b\u0438\u043a\u043e\u0432, 100 \u043c\u043b. \u0441 \u0434\u043e\u0441\u0442\u0430\u0432\u043a\u043e\u0439 \u043f\u043e \u041a\u0438\u0448\u0438\u043d\u0435\u0432\u0443 \u0438 \u0432\u0441\u0435\u0439 \u041c\u043e\u043b\u0434\u043e\u0432\u0435 \u043d\u0430 Pet24\" \/>\n<meta property=\"og:url\" content=\"https:\/\/pet24.md\/ro\/produs\/chistotel-maximum-shampun-dlya-vzroslyh-koshek-ot-bloh-180-ml\/\" \/>\n<meta property=\"og:site_name\" content=\"Pet24\" \/>\n<meta property=\"article:publisher\" content=\"https:\/\/www.facebook.com\/pet24.md\" \/>\n<meta property=\"article:modified_time\" content=\"2024-09-22T22:16:22+00:00\" \/>\n<meta property=\"og:image\" content=\"https:\/\/pet24.md\/wp-content\/uploads\/2024\/09\/chistotel-sprej-dlya-koshek-i-krolikov-100-ml-1.webp\" \/>\n\t<meta property=\"og:image:width\" content=\"600\" \/>\n\t<meta property=\"og:image:height\" content=\"600\" \/>\n\t<meta property=\"og:image:type\" content=\"image\/webp\" \/>\n<meta name=\"twitter:card\" content=\"summary_large_image\" \/>\n<script type=\"application\/ld+json\" class=\"yoast-schema-graph\">{\"@context\":\"https:\\\/\\\/schema.org\",\"@graph\":[{\"@type\":\"WebPage\",\"@id\":\"https:\\\/\\\/pet24.md\\\/product\\\/chistotel-maximum-shampun-dlya-vzroslyh-koshek-ot-bloh-180-ml\\\/\",\"url\":\"https:\\\/\\\/pet24.md\\\/product\\\/chistotel-maximum-shampun-dlya-vzroslyh-koshek-ot-bloh-180-ml\\\/\",\"name\":\"Chistotel \u0441\u043f\u0440\u0435\u0439 \u043e\u0442 \u0431\u043b\u043e\u0445 \u0438 \u043a\u043b\u0435\u0449\u0435\u0439 \u0434\u043b\u044f \u043a\u043e\u0448\u0435\u043a \u0438 \u043a\u0440\u043e\u043b\u0438\u043a\u043e\u0432, 100 \u043c\u043b.\",\"isPartOf\":{\"@id\":\"https:\\\/\\\/pet24.md\\\/#website\"},\"primaryImageOfPage\":{\"@id\":\"https:\\\/\\\/pet24.md\\\/product\\\/chistotel-maximum-shampun-dlya-vzroslyh-koshek-ot-bloh-180-ml\\\/#primaryimage\"},\"image\":{\"@id\":\"https:\\\/\\\/pet24.md\\\/product\\\/chistotel-maximum-shampun-dlya-vzroslyh-koshek-ot-bloh-180-ml\\\/#primaryimage\"},\"thumbnailUrl\":\"https:\\\/\\\/pet24.md\\\/wp-content\\\/uploads\\\/2024\\\/09\\\/chistotel-sprej-dlya-koshek-i-krolikov-100-ml-1.webp\",\"datePublished\":\"2024-08-01T11:42:09+00:00\",\"dateModified\":\"2024-09-22T22:16:22+00:00\",\"description\":\"\u041a\u0443\u043f\u0438\u0442\u044c Chistotel \u0441\u043f\u0440\u0435\u0439 \u043e\u0442 \u0431\u043b\u043e\u0445 \u0438 \u043a\u043b\u0435\u0449\u0435\u0439 \u0434\u043b\u044f \u043a\u043e\u0448\u0435\u043a \u0438 \u043a\u0440\u043e\u043b\u0438\u043a\u043e\u0432, 100 \u043c\u043b. \u0441 \u0434\u043e\u0441\u0442\u0430\u0432\u043a\u043e\u0439 \u043f\u043e \u041a\u0438\u0448\u0438\u043d\u0435\u0432\u0443 \u0438 \u0432\u0441\u0435\u0439 \u041c\u043e\u043b\u0434\u043e\u0432\u0435 \u043d\u0430 Pet24\",\"breadcrumb\":{\"@id\":\"https:\\\/\\\/pet24.md\\\/product\\\/chistotel-maximum-shampun-dlya-vzroslyh-koshek-ot-bloh-180-ml\\\/#breadcrumb\"},\"inLanguage\":\"ro-RO\",\"potentialAction\":[{\"@type\":\"ReadAction\",\"target\":[\"https:\\\/\\\/pet24.md\\\/product\\\/chistotel-maximum-shampun-dlya-vzroslyh-koshek-ot-bloh-180-ml\\\/\"]}]},{\"@type\":\"ImageObject\",\"inLanguage\":\"ro-RO\",\"@id\":\"https:\\\/\\\/pet24.md\\\/product\\\/chistotel-maximum-shampun-dlya-vzroslyh-koshek-ot-bloh-180-ml\\\/#primaryimage\",\"url\":\"https:\\\/\\\/pet24.md\\\/wp-content\\\/uploads\\\/2024\\\/09\\\/chistotel-sprej-dlya-koshek-i-krolikov-100-ml-1.webp\",\"contentUrl\":\"https:\\\/\\\/pet24.md\\\/wp-content\\\/uploads\\\/2024\\\/09\\\/chistotel-sprej-dlya-koshek-i-krolikov-100-ml-1.webp\",\"width\":600,\"height\":600,\"caption\":\"Chistotel \u0441\u043f\u0440\u0435\u0439 \u0434\u043b\u044f \u043a\u043e\u0448\u0435\u043a \u0438 \u043a\u0440\u043e\u043b\u0438\u043a\u043e\u0432\"},{\"@type\":\"BreadcrumbList\",\"@id\":\"https:\\\/\\\/pet24.md\\\/product\\\/chistotel-maximum-shampun-dlya-vzroslyh-koshek-ot-bloh-180-ml\\\/#breadcrumb\",\"itemListElement\":[{\"@type\":\"ListItem\",\"position\":1,\"name\":\"\u0413\u043b\u0430\u0432\u043d\u0430\u044f \u0441\u0442\u0440\u0430\u043d\u0438\u0446\u0430\",\"item\":\"https:\\\/\\\/pet24.md\\\/\"},{\"@type\":\"ListItem\",\"position\":2,\"name\":\"\u041c\u0430\u0433\u0430\u0437\u0438\u043d\",\"item\":\"https:\\\/\\\/pet24.md\\\/shop\\\/\"},{\"@type\":\"ListItem\",\"position\":3,\"name\":\"Chistotel \u0441\u043f\u0440\u0435\u0439 \u043e\u0442 \u0431\u043b\u043e\u0445 \u0438 \u043a\u043b\u0435\u0449\u0435\u0439 \u0434\u043b\u044f \u043a\u043e\u0448\u0435\u043a \u0438 \u043a\u0440\u043e\u043b\u0438\u043a\u043e\u0432, 100 \u043c\u043b.\"}]},{\"@type\":\"WebSite\",\"@id\":\"https:\\\/\\\/pet24.md\\\/#website\",\"url\":\"https:\\\/\\\/pet24.md\\\/\",\"name\":\"Pet24\",\"description\":\"\u0417\u043e\u043e\u043c\u0430\u0433\u0430\u0437\u0438\u043d \u0442\u043e\u0432\u0430\u0440\u043e\u0432 \u0434\u043b\u044f \u0434\u043e\u043c\u0430\u0448\u043d\u0438\u0445 \u043f\u0438\u0442\u043e\u043c\u0446\u0435\u0432\",\"publisher\":{\"@id\":\"https:\\\/\\\/pet24.md\\\/#organization\"},\"potentialAction\":[{\"@type\":\"SearchAction\",\"target\":{\"@type\":\"EntryPoint\",\"urlTemplate\":\"https:\\\/\\\/pet24.md\\\/?s={search_term_string}\"},\"query-input\":{\"@type\":\"PropertyValueSpecification\",\"valueRequired\":true,\"valueName\":\"search_term_string\"}}],\"inLanguage\":\"ro-RO\"},{\"@type\":\"Organization\",\"@id\":\"https:\\\/\\\/pet24.md\\\/#organization\",\"name\":\"Pet24\",\"url\":\"https:\\\/\\\/pet24.md\\\/\",\"logo\":{\"@type\":\"ImageObject\",\"inLanguage\":\"ro-RO\",\"@id\":\"https:\\\/\\\/pet24.md\\\/#\\\/schema\\\/logo\\\/image\\\/\",\"url\":\"https:\\\/\\\/pet24.md\\\/wp-content\\\/uploads\\\/2024\\\/09\\\/logo.svg\",\"contentUrl\":\"https:\\\/\\\/pet24.md\\\/wp-content\\\/uploads\\\/2024\\\/09\\\/logo.svg\",\"width\":215,\"height\":66,\"caption\":\"Pet24\"},\"image\":{\"@id\":\"https:\\\/\\\/pet24.md\\\/#\\\/schema\\\/logo\\\/image\\\/\"},\"sameAs\":[\"https:\\\/\\\/www.facebook.com\\\/pet24.md\",\"https:\\\/\\\/www.instagram.com\\\/pet24.md\\\/\"],\"telephone\":\"+37360508880\"}]}<\/script>\n<!-- \/ Yoast SEO Premium plugin. -->","yoast_head_json":{"title":"Spray antipurici si capuse Chistotel pentru pisici si iepuri, 100 ml.","description":"\u041a\u0443\u043f\u0438\u0442\u044c Chistotel \u0441\u043f\u0440\u0435\u0439 \u043e\u0442 \u0431\u043b\u043e\u0445 \u0438 \u043a\u043b\u0435\u0449\u0435\u0439 \u0434\u043b\u044f \u043a\u043e\u0448\u0435\u043a \u0438 \u043a\u0440\u043e\u043b\u0438\u043a\u043e\u0432, 100 \u043c\u043b. \u0441 \u0434\u043e\u0441\u0442\u0430\u0432\u043a\u043e\u0439 \u043f\u043e \u041a\u0438\u0448\u0438\u043d\u0435\u0432\u0443 \u0438 \u0432\u0441\u0435\u0439 \u041c\u043e\u043b\u0434\u043e\u0432\u0435 \u043d\u0430 Pet24","robots":{"index":"index","follow":"follow","max-snippet":"max-snippet:-1","max-image-preview":"max-image-preview:large","max-video-preview":"max-video-preview:-1"},"canonical":"https:\/\/pet24.md\/ro\/produs\/chistotel-maximum-shampun-dlya-vzroslyh-koshek-ot-bloh-180-ml\/","og_locale":"ro_RO","og_type":"article","og_title":"Chistotel \u0441\u043f\u0440\u0435\u0439 \u043e\u0442 \u0431\u043b\u043e\u0445 \u0438 \u043a\u043b\u0435\u0449\u0435\u0439 \u0434\u043b\u044f \u043a\u043e\u0448\u0435\u043a \u0438 \u043a\u0440\u043e\u043b\u0438\u043a\u043e\u0432, 100 \u043c\u043b.","og_description":"\u041a\u0443\u043f\u0438\u0442\u044c Chistotel \u0441\u043f\u0440\u0435\u0439 \u043e\u0442 \u0431\u043b\u043e\u0445 \u0438 \u043a\u043b\u0435\u0449\u0435\u0439 \u0434\u043b\u044f \u043a\u043e\u0448\u0435\u043a \u0438 \u043a\u0440\u043e\u043b\u0438\u043a\u043e\u0432, 100 \u043c\u043b. \u0441 \u0434\u043e\u0441\u0442\u0430\u0432\u043a\u043e\u0439 \u043f\u043e \u041a\u0438\u0448\u0438\u043d\u0435\u0432\u0443 \u0438 \u0432\u0441\u0435\u0439 \u041c\u043e\u043b\u0434\u043e\u0432\u0435 \u043d\u0430 Pet24","og_url":"https:\/\/pet24.md\/ro\/produs\/chistotel-maximum-shampun-dlya-vzroslyh-koshek-ot-bloh-180-ml\/","og_site_name":"Pet24","article_publisher":"https:\/\/www.facebook.com\/pet24.md","article_modified_time":"2024-09-22T22:16:22+00:00","og_image":[{"width":600,"height":600,"url":"https:\/\/pet24.md\/wp-content\/uploads\/2024\/09\/chistotel-sprej-dlya-koshek-i-krolikov-100-ml-1.webp","type":"image\/webp"}],"twitter_card":"summary_large_image","schema":{"@context":"https:\/\/schema.org","@graph":[{"@type":"WebPage","@id":"https:\/\/pet24.md\/product\/chistotel-maximum-shampun-dlya-vzroslyh-koshek-ot-bloh-180-ml\/","url":"https:\/\/pet24.md\/product\/chistotel-maximum-shampun-dlya-vzroslyh-koshek-ot-bloh-180-ml\/","name":"Spray antipurici si capuse Chistotel pentru pisici si iepuri, 100 ml.","isPartOf":{"@id":"https:\/\/pet24.md\/#website"},"primaryImageOfPage":{"@id":"https:\/\/pet24.md\/product\/chistotel-maximum-shampun-dlya-vzroslyh-koshek-ot-bloh-180-ml\/#primaryimage"},"image":{"@id":"https:\/\/pet24.md\/product\/chistotel-maximum-shampun-dlya-vzroslyh-koshek-ot-bloh-180-ml\/#primaryimage"},"thumbnailUrl":"https:\/\/pet24.md\/wp-content\/uploads\/2024\/09\/chistotel-sprej-dlya-koshek-i-krolikov-100-ml-1.webp","datePublished":"2024-08-01T11:42:09+00:00","dateModified":"2024-09-22T22:16:22+00:00","description":"\u041a\u0443\u043f\u0438\u0442\u044c Chistotel \u0441\u043f\u0440\u0435\u0439 \u043e\u0442 \u0431\u043b\u043e\u0445 \u0438 \u043a\u043b\u0435\u0449\u0435\u0439 \u0434\u043b\u044f \u043a\u043e\u0448\u0435\u043a \u0438 \u043a\u0440\u043e\u043b\u0438\u043a\u043e\u0432, 100 \u043c\u043b. \u0441 \u0434\u043e\u0441\u0442\u0430\u0432\u043a\u043e\u0439 \u043f\u043e \u041a\u0438\u0448\u0438\u043d\u0435\u0432\u0443 \u0438 \u0432\u0441\u0435\u0439 \u041c\u043e\u043b\u0434\u043e\u0432\u0435 \u043d\u0430 Pet24","breadcrumb":{"@id":"https:\/\/pet24.md\/product\/chistotel-maximum-shampun-dlya-vzroslyh-koshek-ot-bloh-180-ml\/#breadcrumb"},"inLanguage":"ro-RO","potentialAction":[{"@type":"ReadAction","target":["https:\/\/pet24.md\/product\/chistotel-maximum-shampun-dlya-vzroslyh-koshek-ot-bloh-180-ml\/"]}]},{"@type":"ImageObject","inLanguage":"ro-RO","@id":"https:\/\/pet24.md\/product\/chistotel-maximum-shampun-dlya-vzroslyh-koshek-ot-bloh-180-ml\/#primaryimage","url":"https:\/\/pet24.md\/wp-content\/uploads\/2024\/09\/chistotel-sprej-dlya-koshek-i-krolikov-100-ml-1.webp","contentUrl":"https:\/\/pet24.md\/wp-content\/uploads\/2024\/09\/chistotel-sprej-dlya-koshek-i-krolikov-100-ml-1.webp","width":600,"height":600,"caption":"Chistotel \u0441\u043f\u0440\u0435\u0439 \u0434\u043b\u044f \u043a\u043e\u0448\u0435\u043a \u0438 \u043a\u0440\u043e\u043b\u0438\u043a\u043e\u0432"},{"@type":"BreadcrumbList","@id":"https:\/\/pet24.md\/product\/chistotel-maximum-shampun-dlya-vzroslyh-koshek-ot-bloh-180-ml\/#breadcrumb","itemListElement":[{"@type":"ListItem","position":1,"name":"\u0413\u043b\u0430\u0432\u043d\u0430\u044f \u0441\u0442\u0440\u0430\u043d\u0438\u0446\u0430","item":"https:\/\/pet24.md\/"},{"@type":"ListItem","position":2,"name":"\u041c\u0430\u0433\u0430\u0437\u0438\u043d","item":"https:\/\/pet24.md\/shop\/"},{"@type":"ListItem","position":3,"name":"Chistotel \u0441\u043f\u0440\u0435\u0439 \u043e\u0442 \u0431\u043b\u043e\u0445 \u0438 \u043a\u043b\u0435\u0449\u0435\u0439 \u0434\u043b\u044f \u043a\u043e\u0448\u0435\u043a \u0438 \u043a\u0440\u043e\u043b\u0438\u043a\u043e\u0432, 100 \u043c\u043b."}]},{"@type":"WebSite","@id":"https:\/\/pet24.md\/#website","url":"https:\/\/pet24.md\/","name":"Pet24","description":"Magazin de animale de companie","publisher":{"@id":"https:\/\/pet24.md\/#organization"},"potentialAction":[{"@type":"SearchAction","target":{"@type":"EntryPoint","urlTemplate":"https:\/\/pet24.md\/?s={search_term_string}"},"query-input":{"@type":"PropertyValueSpecification","valueRequired":true,"valueName":"search_term_string"}}],"inLanguage":"ro-RO"},{"@type":"Organization","@id":"https:\/\/pet24.md\/#organization","name":"Pet24","url":"https:\/\/pet24.md\/","logo":{"@type":"ImageObject","inLanguage":"ro-RO","@id":"https:\/\/pet24.md\/#\/schema\/logo\/image\/","url":"https:\/\/pet24.md\/wp-content\/uploads\/2024\/09\/logo.svg","contentUrl":"https:\/\/pet24.md\/wp-content\/uploads\/2024\/09\/logo.svg","width":215,"height":66,"caption":"Pet24"},"image":{"@id":"https:\/\/pet24.md\/#\/schema\/logo\/image\/"},"sameAs":["https:\/\/www.facebook.com\/pet24.md","https:\/\/www.instagram.com\/pet24.md\/"],"telephone":"+37360508880"}]}},"_links":{"self":[{"href":"https:\/\/pet24.md\/ro\/wp-json\/wp\/v2\/product\/85144","targetHints":{"allow":["GET"]}}],"collection":[{"href":"https:\/\/pet24.md\/ro\/wp-json\/wp\/v2\/product"}],"about":[{"href":"https:\/\/pet24.md\/ro\/wp-json\/wp\/v2\/types\/product"}],"replies":[{"embeddable":true,"href":"https:\/\/pet24.md\/ro\/wp-json\/wp\/v2\/comments?post=85144"}],"wp:featuredmedia":[{"embeddable":true,"href":"https:\/\/pet24.md\/ro\/wp-json\/wp\/v2\/media\/91051"}],"wp:attachment":[{"href":"https:\/\/pet24.md\/ro\/wp-json\/wp\/v2\/media?parent=85144"}],"wp:term":[{"taxonomy":"product_brand","embeddable":true,"href":"https:\/\/pet24.md\/ro\/wp-json\/wp\/v2\/product_brand?post=85144"},{"taxonomy":"product_cat","embeddable":true,"href":"https:\/\/pet24.md\/ro\/wp-json\/wp\/v2\/product_cat?post=85144"},{"taxonomy":"product_tag","embeddable":true,"href":"https:\/\/pet24.md\/ro\/wp-json\/wp\/v2\/product_tag?post=85144"}],"curies":[{"name":"wp","href":"https:\/\/api.w.org\/{rel}","templated":true}]}}