{"id":85168,"date":"2024-08-01T12:31:25","date_gmt":"2024-08-01T12:31:25","guid":{"rendered":"https:\/\/pet24.md\/?post_type=product&#038;p=85168"},"modified":"2024-09-22T22:16:25","modified_gmt":"2024-09-22T22:16:25","slug":"chistotel-max-oshejnik-ot-bloh-i-kleshhej-dlya-malenkih-sobak-i-koshek","status":"publish","type":"product","link":"https:\/\/pet24.md\/ro\/produs\/chistotel-max-oshejnik-ot-bloh-i-kleshhej-dlya-malenkih-sobak-i-koshek\/","title":{"rendered":"Chistotel Max zgarda pentru purici si capuse pentru caini si pisici de talie mica"},"content":{"rendered":"<p>Gulerul Celandine Maximum este folosit pentru a distruge puricii, p\u0103duchii, p\u0103duchii \u0219i c\u0103pu\u0219ele ixodid care paraziteaz\u0103 c\u00e2ini, pisici, c\u0103\u021bei \u0219i pisoi peste 4 luni. De asemenea, protejeaz\u0103 animalele de atacurile parazi\u021bilor, mai ales \u00een sezonul cald, c\u00e2nd activitatea parazi\u021bilor este crescut\u0103.<\/p>\n<p><strong>Avantaje:<\/strong><\/p>\n<ul>\n<li><strong>Spectru larg de ac\u021biune:<\/strong> Eficient \u00eempotriva puricilor, p\u0103duchilor, p\u0103duchilor \u0219i c\u0103pu\u0219elor ixodide.<\/li>\n<li><strong>Protectie de lunga durata:<\/strong> Ofer\u0103 protec\u021bie \u00eempotriva c\u0103pu\u0219elor ixodide timp de 3 luni \u0219i \u00eempotriva insectelor timp de 4 luni.<\/li>\n<li><strong>Recomand\u0103ri de utilizare:<\/strong> Pentru a ob\u021bine un efect maxim, se recomand\u0103 s\u0103 pune\u021bi zgarda pe animal cu 2-3 zile \u00eenainte de contactul a\u0219teptat cu parazi\u021bii.<\/li>\n<\/ul>\n<p><strong>Instructiuni de utilizare:<\/strong><\/p>\n<ol>\n<li><strong>Preg\u0103tirea gulerului:<\/strong> Desface\u021bi gulerul dup\u0103 deschiderea pachetului.<\/li>\n<li><strong>Punerea pe:<\/strong> A\u0219eza\u021bi gulerul pe animal, ajust\u00e2ndu-l astfel \u00eenc\u00e2t s\u0103 existe un spa\u021biu de 1-1,5 cm \u00eentre g\u00e2t \u0219i guler.<\/li>\n<li><strong>Fixare:<\/strong> Fixa\u021bi gulerul cu o clem\u0103 \u0219i t\u0103ia\u021bi excesul de band\u0103.<\/li>\n<\/ol>\n<p><strong>Recomand\u0103ri:<\/strong><\/p>\n<ul>\n<li>Pentru un efect maxim, purta\u021bi gulerul cu 2-3 zile \u00eenainte de contactul a\u0219teptat cu parazi\u021bii.<\/li>\n<li>Uzura constant\u0103 ofer\u0103 protec\u021bie de lung\u0103 durat\u0103.<\/li>\n<\/ul>\n<p><strong>Depozitare:<\/strong><\/p>\n<ul>\n<li>A se pastra in ambalajul original intr-un loc uscat, ferit de lumina directa a soarelui.<\/li>\n<li>A se p\u0103stra departe de alimente \u0219i furaje \u0219i la \u00eendem\u00e2na copiilor.<\/li>\n<\/ul>","protected":false},"excerpt":{"rendered":"<p>Gulerul Celandine Maximum distruge eficient puricii, p\u0103duchii, p\u0103duchii \u0219i c\u0103pu\u0219ele ixodide, oferind protec\u021bie timp de 3 luni \u00eempotriva c\u0103pu\u0219elor \u0219i 4 luni \u00eempotriva insectelor. Este potrivit pentru caini, pisici, catei si pisoi peste 4 luni si se recomanda a fi purtat cu 2-3 zile inainte de expunerea la paraziti.<\/p>","protected":false},"featured_media":91056,"comment_status":"open","ping_status":"closed","template":"","meta":[],"product_brand":[],"product_cat":[136,193,231,218,223],"product_tag":[202,603,480],"class_list":{"0":"post-85168","1":"product","2":"type-product","3":"status-publish","4":"has-post-thumbnail","6":"product_cat-dog","7":"product_cat-cat","8":"product_cat-collar-cats","9":"product_cat-cats-antiparasitic","10":"product_cat-dogs-antiparasitic","11":"product_tag-koshka","12":"product_tag-oshejnik","13":"product_tag-sobaka","14":"pa_age-pet-kotyonok","15":"pa_age-pet-shhenok","16":"pa_brand-chistotel","17":"pa_dlina-sm-65-sm","18":"pa_pet-koshka","19":"pa_pet-sobaka","20":"pa_purpose-product-ot-bloh-i-kleshhej","22":"first","23":"instock","24":"sale","25":"shipping-taxable","26":"product-type-simple"},"yoast_head":"<!-- This site is optimized with the Yoast SEO Premium plugin v23.7 (Yoast SEO v27.6) - https:\/\/yoast.com\/product\/yoast-seo-premium-wordpress\/ -->\n<title>Chistotel Max \u043e\u0448\u0435\u0439\u043d\u0438\u043a \u043e\u0442 \u0431\u043b\u043e\u0445 \u0438 \u043a\u043b\u0435\u0449\u0435\u0439 \u0434\u043b\u044f \u043c\u0430\u043b\u0435\u043d\u044c\u043a\u0438\u0445 \u0441\u043e\u0431\u0430\u043a \u0438 \u043a\u043e\u0448\u0435\u043a<\/title>\n<meta name=\"description\" content=\"\u041a\u0443\u043f\u0438\u0442\u044c Chistotel Max \u043e\u0448\u0435\u0439\u043d\u0438\u043a \u043e\u0442 \u0431\u043b\u043e\u0445 \u0438 \u043a\u043b\u0435\u0449\u0435\u0439 \u0434\u043b\u044f \u043c\u0430\u043b\u0435\u043d\u044c\u043a\u0438\u0445 \u0441\u043e\u0431\u0430\u043a \u0438 \u043a\u043e\u0448\u0435\u043a \u0441 \u0434\u043e\u0441\u0442\u0430\u0432\u043a\u043e\u0439 \u043f\u043e \u041a\u0438\u0448\u0438\u043d\u0435\u0432\u0443 \u0438 \u0432\u0441\u0435\u0439 \u041c\u043e\u043b\u0434\u043e\u0432\u0435 \u043d\u0430 Pet24\" \/>\n<meta name=\"robots\" content=\"index, follow, max-snippet:-1, max-image-preview:large, max-video-preview:-1\" \/>\n<link rel=\"canonical\" href=\"https:\/\/pet24.md\/ro\/produs\/chistotel-max-oshejnik-ot-bloh-i-kleshhej-dlya-malenkih-sobak-i-koshek\/\" \/>\n<meta property=\"og:locale\" content=\"ro_RO\" \/>\n<meta property=\"og:type\" content=\"article\" \/>\n<meta property=\"og:title\" content=\"Chistotel Max \u043e\u0448\u0435\u0439\u043d\u0438\u043a \u043e\u0442 \u0431\u043b\u043e\u0445 \u0438 \u043a\u043b\u0435\u0449\u0435\u0439 \u0434\u043b\u044f \u043c\u0430\u043b\u0435\u043d\u044c\u043a\u0438\u0445 \u0441\u043e\u0431\u0430\u043a \u0438 \u043a\u043e\u0448\u0435\u043a\" \/>\n<meta property=\"og:description\" content=\"\u041a\u0443\u043f\u0438\u0442\u044c Chistotel Max \u043e\u0448\u0435\u0439\u043d\u0438\u043a \u043e\u0442 \u0431\u043b\u043e\u0445 \u0438 \u043a\u043b\u0435\u0449\u0435\u0439 \u0434\u043b\u044f \u043c\u0430\u043b\u0435\u043d\u044c\u043a\u0438\u0445 \u0441\u043e\u0431\u0430\u043a \u0438 \u043a\u043e\u0448\u0435\u043a \u0441 \u0434\u043e\u0441\u0442\u0430\u0432\u043a\u043e\u0439 \u043f\u043e \u041a\u0438\u0448\u0438\u043d\u0435\u0432\u0443 \u0438 \u0432\u0441\u0435\u0439 \u041c\u043e\u043b\u0434\u043e\u0432\u0435 \u043d\u0430 Pet24\" \/>\n<meta property=\"og:url\" content=\"https:\/\/pet24.md\/ro\/produs\/chistotel-max-oshejnik-ot-bloh-i-kleshhej-dlya-malenkih-sobak-i-koshek\/\" \/>\n<meta property=\"og:site_name\" content=\"Pet24\" \/>\n<meta property=\"article:publisher\" content=\"https:\/\/www.facebook.com\/pet24.md\" \/>\n<meta property=\"article:modified_time\" content=\"2024-09-22T22:16:25+00:00\" \/>\n<meta property=\"og:image\" content=\"https:\/\/pet24.md\/wp-content\/uploads\/2024\/09\/chistotel-max-oshejnik-ot-bloh-i-kleshhej-dlya-sobak-i-koshek-1.webp\" \/>\n\t<meta property=\"og:image:width\" content=\"600\" \/>\n\t<meta property=\"og:image:height\" content=\"600\" \/>\n\t<meta property=\"og:image:type\" content=\"image\/webp\" \/>\n<meta name=\"twitter:card\" content=\"summary_large_image\" \/>\n<script type=\"application\/ld+json\" class=\"yoast-schema-graph\">{\"@context\":\"https:\\\/\\\/schema.org\",\"@graph\":[{\"@type\":\"WebPage\",\"@id\":\"https:\\\/\\\/pet24.md\\\/product\\\/chistotel-max-oshejnik-ot-bloh-i-kleshhej-dlya-malenkih-sobak-i-koshek\\\/\",\"url\":\"https:\\\/\\\/pet24.md\\\/product\\\/chistotel-max-oshejnik-ot-bloh-i-kleshhej-dlya-malenkih-sobak-i-koshek\\\/\",\"name\":\"Chistotel Max \u043e\u0448\u0435\u0439\u043d\u0438\u043a \u043e\u0442 \u0431\u043b\u043e\u0445 \u0438 \u043a\u043b\u0435\u0449\u0435\u0439 \u0434\u043b\u044f \u043c\u0430\u043b\u0435\u043d\u044c\u043a\u0438\u0445 \u0441\u043e\u0431\u0430\u043a \u0438 \u043a\u043e\u0448\u0435\u043a\",\"isPartOf\":{\"@id\":\"https:\\\/\\\/pet24.md\\\/#website\"},\"primaryImageOfPage\":{\"@id\":\"https:\\\/\\\/pet24.md\\\/product\\\/chistotel-max-oshejnik-ot-bloh-i-kleshhej-dlya-malenkih-sobak-i-koshek\\\/#primaryimage\"},\"image\":{\"@id\":\"https:\\\/\\\/pet24.md\\\/product\\\/chistotel-max-oshejnik-ot-bloh-i-kleshhej-dlya-malenkih-sobak-i-koshek\\\/#primaryimage\"},\"thumbnailUrl\":\"https:\\\/\\\/pet24.md\\\/wp-content\\\/uploads\\\/2024\\\/09\\\/chistotel-max-oshejnik-ot-bloh-i-kleshhej-dlya-sobak-i-koshek-1.webp\",\"datePublished\":\"2024-08-01T12:31:25+00:00\",\"dateModified\":\"2024-09-22T22:16:25+00:00\",\"description\":\"\u041a\u0443\u043f\u0438\u0442\u044c Chistotel Max \u043e\u0448\u0435\u0439\u043d\u0438\u043a \u043e\u0442 \u0431\u043b\u043e\u0445 \u0438 \u043a\u043b\u0435\u0449\u0435\u0439 \u0434\u043b\u044f \u043c\u0430\u043b\u0435\u043d\u044c\u043a\u0438\u0445 \u0441\u043e\u0431\u0430\u043a \u0438 \u043a\u043e\u0448\u0435\u043a \u0441 \u0434\u043e\u0441\u0442\u0430\u0432\u043a\u043e\u0439 \u043f\u043e \u041a\u0438\u0448\u0438\u043d\u0435\u0432\u0443 \u0438 \u0432\u0441\u0435\u0439 \u041c\u043e\u043b\u0434\u043e\u0432\u0435 \u043d\u0430 Pet24\",\"breadcrumb\":{\"@id\":\"https:\\\/\\\/pet24.md\\\/product\\\/chistotel-max-oshejnik-ot-bloh-i-kleshhej-dlya-malenkih-sobak-i-koshek\\\/#breadcrumb\"},\"inLanguage\":\"ro-RO\",\"potentialAction\":[{\"@type\":\"ReadAction\",\"target\":[\"https:\\\/\\\/pet24.md\\\/product\\\/chistotel-max-oshejnik-ot-bloh-i-kleshhej-dlya-malenkih-sobak-i-koshek\\\/\"]}]},{\"@type\":\"ImageObject\",\"inLanguage\":\"ro-RO\",\"@id\":\"https:\\\/\\\/pet24.md\\\/product\\\/chistotel-max-oshejnik-ot-bloh-i-kleshhej-dlya-malenkih-sobak-i-koshek\\\/#primaryimage\",\"url\":\"https:\\\/\\\/pet24.md\\\/wp-content\\\/uploads\\\/2024\\\/09\\\/chistotel-max-oshejnik-ot-bloh-i-kleshhej-dlya-sobak-i-koshek-1.webp\",\"contentUrl\":\"https:\\\/\\\/pet24.md\\\/wp-content\\\/uploads\\\/2024\\\/09\\\/chistotel-max-oshejnik-ot-bloh-i-kleshhej-dlya-sobak-i-koshek-1.webp\",\"width\":600,\"height\":600,\"caption\":\"Chistotel Max \u043e\u0448\u0435\u0439\u043d\u0438\u043a \u043e\u0442 \u0431\u043b\u043e\u0445 \u0438 \u043a\u043b\u0435\u0449\u0435\u0439 \u0434\u043b\u044f \u0441\u043e\u0431\u0430\u043a \u0438 \u043a\u043e\u0448\u0435\u043a\"},{\"@type\":\"BreadcrumbList\",\"@id\":\"https:\\\/\\\/pet24.md\\\/product\\\/chistotel-max-oshejnik-ot-bloh-i-kleshhej-dlya-malenkih-sobak-i-koshek\\\/#breadcrumb\",\"itemListElement\":[{\"@type\":\"ListItem\",\"position\":1,\"name\":\"\u0413\u043b\u0430\u0432\u043d\u0430\u044f \u0441\u0442\u0440\u0430\u043d\u0438\u0446\u0430\",\"item\":\"https:\\\/\\\/pet24.md\\\/\"},{\"@type\":\"ListItem\",\"position\":2,\"name\":\"\u041c\u0430\u0433\u0430\u0437\u0438\u043d\",\"item\":\"https:\\\/\\\/pet24.md\\\/shop\\\/\"},{\"@type\":\"ListItem\",\"position\":3,\"name\":\"Chistotel Max \u043e\u0448\u0435\u0439\u043d\u0438\u043a \u043e\u0442 \u0431\u043b\u043e\u0445 \u0438 \u043a\u043b\u0435\u0449\u0435\u0439 \u0434\u043b\u044f \u043c\u0430\u043b\u0435\u043d\u044c\u043a\u0438\u0445 \u0441\u043e\u0431\u0430\u043a \u0438 \u043a\u043e\u0448\u0435\u043a\"}]},{\"@type\":\"WebSite\",\"@id\":\"https:\\\/\\\/pet24.md\\\/#website\",\"url\":\"https:\\\/\\\/pet24.md\\\/\",\"name\":\"Pet24\",\"description\":\"\u0417\u043e\u043e\u043c\u0430\u0433\u0430\u0437\u0438\u043d \u0442\u043e\u0432\u0430\u0440\u043e\u0432 \u0434\u043b\u044f \u0434\u043e\u043c\u0430\u0448\u043d\u0438\u0445 \u043f\u0438\u0442\u043e\u043c\u0446\u0435\u0432\",\"publisher\":{\"@id\":\"https:\\\/\\\/pet24.md\\\/#organization\"},\"potentialAction\":[{\"@type\":\"SearchAction\",\"target\":{\"@type\":\"EntryPoint\",\"urlTemplate\":\"https:\\\/\\\/pet24.md\\\/?s={search_term_string}\"},\"query-input\":{\"@type\":\"PropertyValueSpecification\",\"valueRequired\":true,\"valueName\":\"search_term_string\"}}],\"inLanguage\":\"ro-RO\"},{\"@type\":\"Organization\",\"@id\":\"https:\\\/\\\/pet24.md\\\/#organization\",\"name\":\"Pet24\",\"url\":\"https:\\\/\\\/pet24.md\\\/\",\"logo\":{\"@type\":\"ImageObject\",\"inLanguage\":\"ro-RO\",\"@id\":\"https:\\\/\\\/pet24.md\\\/#\\\/schema\\\/logo\\\/image\\\/\",\"url\":\"https:\\\/\\\/pet24.md\\\/wp-content\\\/uploads\\\/2024\\\/09\\\/logo.svg\",\"contentUrl\":\"https:\\\/\\\/pet24.md\\\/wp-content\\\/uploads\\\/2024\\\/09\\\/logo.svg\",\"width\":215,\"height\":66,\"caption\":\"Pet24\"},\"image\":{\"@id\":\"https:\\\/\\\/pet24.md\\\/#\\\/schema\\\/logo\\\/image\\\/\"},\"sameAs\":[\"https:\\\/\\\/www.facebook.com\\\/pet24.md\",\"https:\\\/\\\/www.instagram.com\\\/pet24.md\\\/\"],\"telephone\":\"+37360508880\"}]}<\/script>\n<!-- \/ Yoast SEO Premium plugin. -->","yoast_head_json":{"title":"Chistotel Max zgarda pentru purici si capuse pentru caini si pisici de talie mica","description":"\u041a\u0443\u043f\u0438\u0442\u044c Chistotel Max \u043e\u0448\u0435\u0439\u043d\u0438\u043a \u043e\u0442 \u0431\u043b\u043e\u0445 \u0438 \u043a\u043b\u0435\u0449\u0435\u0439 \u0434\u043b\u044f \u043c\u0430\u043b\u0435\u043d\u044c\u043a\u0438\u0445 \u0441\u043e\u0431\u0430\u043a \u0438 \u043a\u043e\u0448\u0435\u043a \u0441 \u0434\u043e\u0441\u0442\u0430\u0432\u043a\u043e\u0439 \u043f\u043e \u041a\u0438\u0448\u0438\u043d\u0435\u0432\u0443 \u0438 \u0432\u0441\u0435\u0439 \u041c\u043e\u043b\u0434\u043e\u0432\u0435 \u043d\u0430 Pet24","robots":{"index":"index","follow":"follow","max-snippet":"max-snippet:-1","max-image-preview":"max-image-preview:large","max-video-preview":"max-video-preview:-1"},"canonical":"https:\/\/pet24.md\/ro\/produs\/chistotel-max-oshejnik-ot-bloh-i-kleshhej-dlya-malenkih-sobak-i-koshek\/","og_locale":"ro_RO","og_type":"article","og_title":"Chistotel Max \u043e\u0448\u0435\u0439\u043d\u0438\u043a \u043e\u0442 \u0431\u043b\u043e\u0445 \u0438 \u043a\u043b\u0435\u0449\u0435\u0439 \u0434\u043b\u044f \u043c\u0430\u043b\u0435\u043d\u044c\u043a\u0438\u0445 \u0441\u043e\u0431\u0430\u043a \u0438 \u043a\u043e\u0448\u0435\u043a","og_description":"\u041a\u0443\u043f\u0438\u0442\u044c Chistotel Max \u043e\u0448\u0435\u0439\u043d\u0438\u043a \u043e\u0442 \u0431\u043b\u043e\u0445 \u0438 \u043a\u043b\u0435\u0449\u0435\u0439 \u0434\u043b\u044f \u043c\u0430\u043b\u0435\u043d\u044c\u043a\u0438\u0445 \u0441\u043e\u0431\u0430\u043a \u0438 \u043a\u043e\u0448\u0435\u043a \u0441 \u0434\u043e\u0441\u0442\u0430\u0432\u043a\u043e\u0439 \u043f\u043e \u041a\u0438\u0448\u0438\u043d\u0435\u0432\u0443 \u0438 \u0432\u0441\u0435\u0439 \u041c\u043e\u043b\u0434\u043e\u0432\u0435 \u043d\u0430 Pet24","og_url":"https:\/\/pet24.md\/ro\/produs\/chistotel-max-oshejnik-ot-bloh-i-kleshhej-dlya-malenkih-sobak-i-koshek\/","og_site_name":"Pet24","article_publisher":"https:\/\/www.facebook.com\/pet24.md","article_modified_time":"2024-09-22T22:16:25+00:00","og_image":[{"width":600,"height":600,"url":"https:\/\/pet24.md\/wp-content\/uploads\/2024\/09\/chistotel-max-oshejnik-ot-bloh-i-kleshhej-dlya-sobak-i-koshek-1.webp","type":"image\/webp"}],"twitter_card":"summary_large_image","schema":{"@context":"https:\/\/schema.org","@graph":[{"@type":"WebPage","@id":"https:\/\/pet24.md\/product\/chistotel-max-oshejnik-ot-bloh-i-kleshhej-dlya-malenkih-sobak-i-koshek\/","url":"https:\/\/pet24.md\/product\/chistotel-max-oshejnik-ot-bloh-i-kleshhej-dlya-malenkih-sobak-i-koshek\/","name":"Chistotel Max zgarda pentru purici si capuse pentru caini si pisici de talie mica","isPartOf":{"@id":"https:\/\/pet24.md\/#website"},"primaryImageOfPage":{"@id":"https:\/\/pet24.md\/product\/chistotel-max-oshejnik-ot-bloh-i-kleshhej-dlya-malenkih-sobak-i-koshek\/#primaryimage"},"image":{"@id":"https:\/\/pet24.md\/product\/chistotel-max-oshejnik-ot-bloh-i-kleshhej-dlya-malenkih-sobak-i-koshek\/#primaryimage"},"thumbnailUrl":"https:\/\/pet24.md\/wp-content\/uploads\/2024\/09\/chistotel-max-oshejnik-ot-bloh-i-kleshhej-dlya-sobak-i-koshek-1.webp","datePublished":"2024-08-01T12:31:25+00:00","dateModified":"2024-09-22T22:16:25+00:00","description":"\u041a\u0443\u043f\u0438\u0442\u044c Chistotel Max \u043e\u0448\u0435\u0439\u043d\u0438\u043a \u043e\u0442 \u0431\u043b\u043e\u0445 \u0438 \u043a\u043b\u0435\u0449\u0435\u0439 \u0434\u043b\u044f \u043c\u0430\u043b\u0435\u043d\u044c\u043a\u0438\u0445 \u0441\u043e\u0431\u0430\u043a \u0438 \u043a\u043e\u0448\u0435\u043a \u0441 \u0434\u043e\u0441\u0442\u0430\u0432\u043a\u043e\u0439 \u043f\u043e \u041a\u0438\u0448\u0438\u043d\u0435\u0432\u0443 \u0438 \u0432\u0441\u0435\u0439 \u041c\u043e\u043b\u0434\u043e\u0432\u0435 \u043d\u0430 Pet24","breadcrumb":{"@id":"https:\/\/pet24.md\/product\/chistotel-max-oshejnik-ot-bloh-i-kleshhej-dlya-malenkih-sobak-i-koshek\/#breadcrumb"},"inLanguage":"ro-RO","potentialAction":[{"@type":"ReadAction","target":["https:\/\/pet24.md\/product\/chistotel-max-oshejnik-ot-bloh-i-kleshhej-dlya-malenkih-sobak-i-koshek\/"]}]},{"@type":"ImageObject","inLanguage":"ro-RO","@id":"https:\/\/pet24.md\/product\/chistotel-max-oshejnik-ot-bloh-i-kleshhej-dlya-malenkih-sobak-i-koshek\/#primaryimage","url":"https:\/\/pet24.md\/wp-content\/uploads\/2024\/09\/chistotel-max-oshejnik-ot-bloh-i-kleshhej-dlya-sobak-i-koshek-1.webp","contentUrl":"https:\/\/pet24.md\/wp-content\/uploads\/2024\/09\/chistotel-max-oshejnik-ot-bloh-i-kleshhej-dlya-sobak-i-koshek-1.webp","width":600,"height":600,"caption":"Chistotel Max \u043e\u0448\u0435\u0439\u043d\u0438\u043a \u043e\u0442 \u0431\u043b\u043e\u0445 \u0438 \u043a\u043b\u0435\u0449\u0435\u0439 \u0434\u043b\u044f \u0441\u043e\u0431\u0430\u043a \u0438 \u043a\u043e\u0448\u0435\u043a"},{"@type":"BreadcrumbList","@id":"https:\/\/pet24.md\/product\/chistotel-max-oshejnik-ot-bloh-i-kleshhej-dlya-malenkih-sobak-i-koshek\/#breadcrumb","itemListElement":[{"@type":"ListItem","position":1,"name":"\u0413\u043b\u0430\u0432\u043d\u0430\u044f \u0441\u0442\u0440\u0430\u043d\u0438\u0446\u0430","item":"https:\/\/pet24.md\/"},{"@type":"ListItem","position":2,"name":"\u041c\u0430\u0433\u0430\u0437\u0438\u043d","item":"https:\/\/pet24.md\/shop\/"},{"@type":"ListItem","position":3,"name":"Chistotel Max \u043e\u0448\u0435\u0439\u043d\u0438\u043a \u043e\u0442 \u0431\u043b\u043e\u0445 \u0438 \u043a\u043b\u0435\u0449\u0435\u0439 \u0434\u043b\u044f \u043c\u0430\u043b\u0435\u043d\u044c\u043a\u0438\u0445 \u0441\u043e\u0431\u0430\u043a \u0438 \u043a\u043e\u0448\u0435\u043a"}]},{"@type":"WebSite","@id":"https:\/\/pet24.md\/#website","url":"https:\/\/pet24.md\/","name":"Pet24","description":"Magazin de animale de companie","publisher":{"@id":"https:\/\/pet24.md\/#organization"},"potentialAction":[{"@type":"SearchAction","target":{"@type":"EntryPoint","urlTemplate":"https:\/\/pet24.md\/?s={search_term_string}"},"query-input":{"@type":"PropertyValueSpecification","valueRequired":true,"valueName":"search_term_string"}}],"inLanguage":"ro-RO"},{"@type":"Organization","@id":"https:\/\/pet24.md\/#organization","name":"Pet24","url":"https:\/\/pet24.md\/","logo":{"@type":"ImageObject","inLanguage":"ro-RO","@id":"https:\/\/pet24.md\/#\/schema\/logo\/image\/","url":"https:\/\/pet24.md\/wp-content\/uploads\/2024\/09\/logo.svg","contentUrl":"https:\/\/pet24.md\/wp-content\/uploads\/2024\/09\/logo.svg","width":215,"height":66,"caption":"Pet24"},"image":{"@id":"https:\/\/pet24.md\/#\/schema\/logo\/image\/"},"sameAs":["https:\/\/www.facebook.com\/pet24.md","https:\/\/www.instagram.com\/pet24.md\/"],"telephone":"+37360508880"}]}},"_links":{"self":[{"href":"https:\/\/pet24.md\/ro\/wp-json\/wp\/v2\/product\/85168","targetHints":{"allow":["GET"]}}],"collection":[{"href":"https:\/\/pet24.md\/ro\/wp-json\/wp\/v2\/product"}],"about":[{"href":"https:\/\/pet24.md\/ro\/wp-json\/wp\/v2\/types\/product"}],"replies":[{"embeddable":true,"href":"https:\/\/pet24.md\/ro\/wp-json\/wp\/v2\/comments?post=85168"}],"wp:featuredmedia":[{"embeddable":true,"href":"https:\/\/pet24.md\/ro\/wp-json\/wp\/v2\/media\/91056"}],"wp:attachment":[{"href":"https:\/\/pet24.md\/ro\/wp-json\/wp\/v2\/media?parent=85168"}],"wp:term":[{"taxonomy":"product_brand","embeddable":true,"href":"https:\/\/pet24.md\/ro\/wp-json\/wp\/v2\/product_brand?post=85168"},{"taxonomy":"product_cat","embeddable":true,"href":"https:\/\/pet24.md\/ro\/wp-json\/wp\/v2\/product_cat?post=85168"},{"taxonomy":"product_tag","embeddable":true,"href":"https:\/\/pet24.md\/ro\/wp-json\/wp\/v2\/product_tag?post=85168"}],"curies":[{"name":"wp","href":"https:\/\/api.w.org\/{rel}","templated":true}]}}