{"id":85240,"date":"2024-08-01T20:38:18","date_gmt":"2024-08-01T20:38:18","guid":{"rendered":"https:\/\/pet24.md\/?post_type=product&#038;p=85240"},"modified":"2024-09-22T22:16:30","modified_gmt":"2024-09-22T22:16:30","slug":"natura-shlejka-dlya-sobak-xs-s","status":"publish","type":"product","link":"https:\/\/pet24.md\/ro\/produs\/natura-shlejka-dlya-sobak-xs-s\/","title":{"rendered":"Ham NATURA XS, S"},"content":{"rendered":"<p><strong>Ham NATURA pentru c\u00e2ini XS, S pentru plimb\u0103ri \u0219i antrenament zilnic<\/strong><\/p>\n<p><strong>Confort \u0219i stil pentru c\u00e2inele t\u0103u<\/strong><br \/>\nHamul pentru caini NATURA in marimile XS si S este ideal pentru plimbarile si antrenamentele zilnice. Acest ham pentru c\u00e2ini asigur\u0103 confortul \u0219i siguran\u021ba animalului t\u0103u de companie prin designul s\u0103u atent \u0219i materialele de calitate.<\/p>\n<p><strong>Caracteristicile hamului pentru c\u00e2ini:<\/strong><\/p>\n<ul>\n<li><strong>Moale \u0219i confortabil:<\/strong> Hamul pentru c\u00e2ini este realizat din materiale moi. Ofer\u0103 confort animalului t\u0103u de companie.<\/li>\n<li><strong>\u021aes\u0103tur\u0103 permeabil\u0103:<\/strong> Plasa respirabila ofera o buna ventilatie pentru a preveni supraincalzirea.<\/li>\n<li><strong>Benzi reflectorizante:<\/strong> \u00cembun\u0103t\u0103\u021be\u0219te vizibilitatea c\u00e2inelui dvs. \u00een \u00eentuneric pentru un plus de siguran\u021b\u0103.<\/li>\n<li><strong>Material rezistent si durabil:<\/strong> Hamul pentru c\u00e2ini este realizat din materiale rezistente la uzur\u0103 \u0219i durabile. Acest lucru garanteaz\u0103 o durat\u0103 lung\u0103 de via\u021b\u0103.<\/li>\n<li><strong>Design durabil:<\/strong> Echipat cu cataram\u0103 cu inel \u00een D. Acest lucru permite ca for\u021ba de tensiune s\u0103 fie distribuit\u0103 uniform \u0219i previne sufocarea. Designul triplu de siguran\u021b\u0103 include c\u00e2rlig \u0219i bucl\u0103, inel \u00een D dublu \u0219i cataram\u0103 de siguran\u021b\u0103.<\/li>\n<\/ul>\n<p><strong>Cum s\u0103 m\u0103sura\u021bi dimensiunea corect\u0103 pentru un ham pentru c\u00e2ini:<\/strong><\/p>\n<ol>\n<li>M\u0103sura\u021bi cea mai larg\u0103 parte a pieptului c\u00e2inelui dvs. Acesta este de obicei chiar \u00een spatele axilelor.<\/li>\n<li>\u00cenf\u0103\u0219ura\u021bi banda de m\u0103surare \u00een jurul pieptului \u0219i al spatelui. Ar trebui s\u0103 fie str\u00e2ns, dar nu str\u00e2ns.<\/li>\n<\/ol>\n<p><strong>Echipament:<\/strong><\/p>\n<ul>\n<li>1 ham pentru caine<\/li>\n<\/ul>\n<p>Acest ham pentru c\u00e2ini va oferi animalului dumneavoastr\u0103 confort \u0219i siguran\u021b\u0103 \u00een timpul plimb\u0103rilor \u0219i exerci\u021biilor. Vei fi mai calm pentru bun\u0103starea lui.<\/p>","protected":false},"excerpt":{"rendered":"<p>Hamul pentru c\u00e2ini NATURA (XS, S) ofer\u0103 confort \u0219i siguran\u021b\u0103 \u00een timpul plimb\u0103rilor \u0219i exerci\u021biilor, datorit\u0103 materialelor moi, materialului respirabil \u0219i benzilor reflectorizante. Design robust \u0219i durabil, cu sistem triplu de siguran\u021b\u0103 \u0219i distribu\u021bie uniform\u0103 a for\u021bei, previne sufocarea \u0219i men\u021bine animalul de companie confortabil.<\/p>","protected":false},"featured_media":91065,"comment_status":"closed","ping_status":"closed","template":"","meta":[],"product_brand":[],"product_cat":[136,137,774],"product_tag":[734,480,775],"class_list":{"0":"post-85240","1":"product","2":"type-product","3":"status-publish","4":"has-post-thumbnail","6":"product_cat-dog","7":"product_cat-dogs-ammunition","8":"product_cat-dog-harnesses","9":"product_tag-natura","10":"product_tag-sobaka","11":"product_tag-shlejka-dlya-sobak","12":"pa_age-pet-lyuboj-vozrast","13":"pa_brand-natura","14":"pa_pet-sobaka","16":"first","17":"instock","18":"sale","19":"shipping-taxable","20":"product-type-simple"},"yoast_head":"<!-- This site is optimized with the Yoast SEO Premium plugin v23.7 (Yoast SEO v27.5) - https:\/\/yoast.com\/product\/yoast-seo-premium-wordpress\/ -->\n<title>NATURA \u0448\u043b\u0435\u0439\u043a\u0430 \u0434\u043b\u044f \u0441\u043e\u0431\u0430\u043a XS, S<\/title>\n<meta name=\"description\" content=\"\u041a\u0443\u043f\u0438\u0442\u044c NATURA \u0448\u043b\u0435\u0439\u043a\u0430 \u0434\u043b\u044f \u0441\u043e\u0431\u0430\u043a XS, S \u0441 \u0434\u043e\u0441\u0442\u0430\u0432\u043a\u043e\u0439 \u043f\u043e \u041a\u0438\u0448\u0438\u043d\u0435\u0432\u0443 \u0438 \u0432\u0441\u0435\u0439 \u041c\u043e\u043b\u0434\u043e\u0432\u0435 \u043d\u0430 Pet24\" \/>\n<meta name=\"robots\" content=\"index, follow, max-snippet:-1, max-image-preview:large, max-video-preview:-1\" \/>\n<link rel=\"canonical\" href=\"https:\/\/pet24.md\/ro\/produs\/natura-shlejka-dlya-sobak-xs-s\/\" \/>\n<meta property=\"og:locale\" content=\"ro_RO\" \/>\n<meta property=\"og:type\" content=\"article\" \/>\n<meta property=\"og:title\" content=\"NATURA \u0448\u043b\u0435\u0439\u043a\u0430 \u0434\u043b\u044f \u0441\u043e\u0431\u0430\u043a XS, S\" \/>\n<meta property=\"og:description\" content=\"\u041a\u0443\u043f\u0438\u0442\u044c NATURA \u0448\u043b\u0435\u0439\u043a\u0430 \u0434\u043b\u044f \u0441\u043e\u0431\u0430\u043a XS, S \u0441 \u0434\u043e\u0441\u0442\u0430\u0432\u043a\u043e\u0439 \u043f\u043e \u041a\u0438\u0448\u0438\u043d\u0435\u0432\u0443 \u0438 \u0432\u0441\u0435\u0439 \u041c\u043e\u043b\u0434\u043e\u0432\u0435 \u043d\u0430 Pet24\" \/>\n<meta property=\"og:url\" content=\"https:\/\/pet24.md\/ro\/produs\/natura-shlejka-dlya-sobak-xs-s\/\" \/>\n<meta property=\"og:site_name\" content=\"Pet24\" \/>\n<meta property=\"article:publisher\" content=\"https:\/\/www.facebook.com\/pet24.md\" \/>\n<meta property=\"article:modified_time\" content=\"2024-09-22T22:16:30+00:00\" \/>\n<meta property=\"og:image\" content=\"https:\/\/pet24.md\/wp-content\/uploads\/2024\/09\/natura-shlejka-dlya-sobak-ml-1.webp\" \/>\n\t<meta property=\"og:image:width\" content=\"500\" \/>\n\t<meta property=\"og:image:height\" content=\"500\" \/>\n\t<meta property=\"og:image:type\" content=\"image\/webp\" \/>\n<meta name=\"twitter:card\" content=\"summary_large_image\" \/>\n<script type=\"application\/ld+json\" class=\"yoast-schema-graph\">{\"@context\":\"https:\\\/\\\/schema.org\",\"@graph\":[{\"@type\":\"WebPage\",\"@id\":\"https:\\\/\\\/pet24.md\\\/product\\\/natura-shlejka-dlya-sobak-xs-s\\\/\",\"url\":\"https:\\\/\\\/pet24.md\\\/product\\\/natura-shlejka-dlya-sobak-xs-s\\\/\",\"name\":\"NATURA \u0448\u043b\u0435\u0439\u043a\u0430 \u0434\u043b\u044f \u0441\u043e\u0431\u0430\u043a XS, S\",\"isPartOf\":{\"@id\":\"https:\\\/\\\/pet24.md\\\/#website\"},\"primaryImageOfPage\":{\"@id\":\"https:\\\/\\\/pet24.md\\\/product\\\/natura-shlejka-dlya-sobak-xs-s\\\/#primaryimage\"},\"image\":{\"@id\":\"https:\\\/\\\/pet24.md\\\/product\\\/natura-shlejka-dlya-sobak-xs-s\\\/#primaryimage\"},\"thumbnailUrl\":\"https:\\\/\\\/pet24.md\\\/wp-content\\\/uploads\\\/2024\\\/09\\\/natura-shlejka-dlya-sobak-ml-1.webp\",\"datePublished\":\"2024-08-01T20:38:18+00:00\",\"dateModified\":\"2024-09-22T22:16:30+00:00\",\"description\":\"\u041a\u0443\u043f\u0438\u0442\u044c NATURA \u0448\u043b\u0435\u0439\u043a\u0430 \u0434\u043b\u044f \u0441\u043e\u0431\u0430\u043a XS, S \u0441 \u0434\u043e\u0441\u0442\u0430\u0432\u043a\u043e\u0439 \u043f\u043e \u041a\u0438\u0448\u0438\u043d\u0435\u0432\u0443 \u0438 \u0432\u0441\u0435\u0439 \u041c\u043e\u043b\u0434\u043e\u0432\u0435 \u043d\u0430 Pet24\",\"breadcrumb\":{\"@id\":\"https:\\\/\\\/pet24.md\\\/product\\\/natura-shlejka-dlya-sobak-xs-s\\\/#breadcrumb\"},\"inLanguage\":\"ro-RO\",\"potentialAction\":[{\"@type\":\"ReadAction\",\"target\":[\"https:\\\/\\\/pet24.md\\\/product\\\/natura-shlejka-dlya-sobak-xs-s\\\/\"]}]},{\"@type\":\"ImageObject\",\"inLanguage\":\"ro-RO\",\"@id\":\"https:\\\/\\\/pet24.md\\\/product\\\/natura-shlejka-dlya-sobak-xs-s\\\/#primaryimage\",\"url\":\"https:\\\/\\\/pet24.md\\\/wp-content\\\/uploads\\\/2024\\\/09\\\/natura-shlejka-dlya-sobak-ml-1.webp\",\"contentUrl\":\"https:\\\/\\\/pet24.md\\\/wp-content\\\/uploads\\\/2024\\\/09\\\/natura-shlejka-dlya-sobak-ml-1.webp\",\"width\":500,\"height\":500,\"caption\":\"NATURA \u0448\u043b\u0435\u0439\u043a\u0430 \u0434\u043b\u044f \u0441\u043e\u0431\u0430\u043a M\"},{\"@type\":\"BreadcrumbList\",\"@id\":\"https:\\\/\\\/pet24.md\\\/product\\\/natura-shlejka-dlya-sobak-xs-s\\\/#breadcrumb\",\"itemListElement\":[{\"@type\":\"ListItem\",\"position\":1,\"name\":\"\u0413\u043b\u0430\u0432\u043d\u0430\u044f \u0441\u0442\u0440\u0430\u043d\u0438\u0446\u0430\",\"item\":\"https:\\\/\\\/pet24.md\\\/\"},{\"@type\":\"ListItem\",\"position\":2,\"name\":\"\u041c\u0430\u0433\u0430\u0437\u0438\u043d\",\"item\":\"https:\\\/\\\/pet24.md\\\/shop\\\/\"},{\"@type\":\"ListItem\",\"position\":3,\"name\":\"NATURA \u0448\u043b\u0435\u0439\u043a\u0430 \u0434\u043b\u044f \u0441\u043e\u0431\u0430\u043a XS, S\"}]},{\"@type\":\"WebSite\",\"@id\":\"https:\\\/\\\/pet24.md\\\/#website\",\"url\":\"https:\\\/\\\/pet24.md\\\/\",\"name\":\"Pet24\",\"description\":\"\u0417\u043e\u043e\u043c\u0430\u0433\u0430\u0437\u0438\u043d \u0442\u043e\u0432\u0430\u0440\u043e\u0432 \u0434\u043b\u044f \u0434\u043e\u043c\u0430\u0448\u043d\u0438\u0445 \u043f\u0438\u0442\u043e\u043c\u0446\u0435\u0432\",\"publisher\":{\"@id\":\"https:\\\/\\\/pet24.md\\\/#organization\"},\"potentialAction\":[{\"@type\":\"SearchAction\",\"target\":{\"@type\":\"EntryPoint\",\"urlTemplate\":\"https:\\\/\\\/pet24.md\\\/?s={search_term_string}\"},\"query-input\":{\"@type\":\"PropertyValueSpecification\",\"valueRequired\":true,\"valueName\":\"search_term_string\"}}],\"inLanguage\":\"ro-RO\"},{\"@type\":\"Organization\",\"@id\":\"https:\\\/\\\/pet24.md\\\/#organization\",\"name\":\"Pet24\",\"url\":\"https:\\\/\\\/pet24.md\\\/\",\"logo\":{\"@type\":\"ImageObject\",\"inLanguage\":\"ro-RO\",\"@id\":\"https:\\\/\\\/pet24.md\\\/#\\\/schema\\\/logo\\\/image\\\/\",\"url\":\"https:\\\/\\\/pet24.md\\\/wp-content\\\/uploads\\\/2024\\\/09\\\/logo.svg\",\"contentUrl\":\"https:\\\/\\\/pet24.md\\\/wp-content\\\/uploads\\\/2024\\\/09\\\/logo.svg\",\"width\":215,\"height\":66,\"caption\":\"Pet24\"},\"image\":{\"@id\":\"https:\\\/\\\/pet24.md\\\/#\\\/schema\\\/logo\\\/image\\\/\"},\"sameAs\":[\"https:\\\/\\\/www.facebook.com\\\/pet24.md\",\"https:\\\/\\\/www.instagram.com\\\/pet24.md\\\/\"],\"telephone\":\"+37360508880\"}]}<\/script>\n<!-- \/ Yoast SEO Premium plugin. -->","yoast_head_json":{"title":"Ham NATURA XS, S","description":"\u041a\u0443\u043f\u0438\u0442\u044c NATURA \u0448\u043b\u0435\u0439\u043a\u0430 \u0434\u043b\u044f \u0441\u043e\u0431\u0430\u043a XS, S \u0441 \u0434\u043e\u0441\u0442\u0430\u0432\u043a\u043e\u0439 \u043f\u043e \u041a\u0438\u0448\u0438\u043d\u0435\u0432\u0443 \u0438 \u0432\u0441\u0435\u0439 \u041c\u043e\u043b\u0434\u043e\u0432\u0435 \u043d\u0430 Pet24","robots":{"index":"index","follow":"follow","max-snippet":"max-snippet:-1","max-image-preview":"max-image-preview:large","max-video-preview":"max-video-preview:-1"},"canonical":"https:\/\/pet24.md\/ro\/produs\/natura-shlejka-dlya-sobak-xs-s\/","og_locale":"ro_RO","og_type":"article","og_title":"NATURA \u0448\u043b\u0435\u0439\u043a\u0430 \u0434\u043b\u044f \u0441\u043e\u0431\u0430\u043a XS, S","og_description":"\u041a\u0443\u043f\u0438\u0442\u044c NATURA \u0448\u043b\u0435\u0439\u043a\u0430 \u0434\u043b\u044f \u0441\u043e\u0431\u0430\u043a XS, S \u0441 \u0434\u043e\u0441\u0442\u0430\u0432\u043a\u043e\u0439 \u043f\u043e \u041a\u0438\u0448\u0438\u043d\u0435\u0432\u0443 \u0438 \u0432\u0441\u0435\u0439 \u041c\u043e\u043b\u0434\u043e\u0432\u0435 \u043d\u0430 Pet24","og_url":"https:\/\/pet24.md\/ro\/produs\/natura-shlejka-dlya-sobak-xs-s\/","og_site_name":"Pet24","article_publisher":"https:\/\/www.facebook.com\/pet24.md","article_modified_time":"2024-09-22T22:16:30+00:00","og_image":[{"width":500,"height":500,"url":"https:\/\/pet24.md\/wp-content\/uploads\/2024\/09\/natura-shlejka-dlya-sobak-ml-1.webp","type":"image\/webp"}],"twitter_card":"summary_large_image","schema":{"@context":"https:\/\/schema.org","@graph":[{"@type":"WebPage","@id":"https:\/\/pet24.md\/product\/natura-shlejka-dlya-sobak-xs-s\/","url":"https:\/\/pet24.md\/product\/natura-shlejka-dlya-sobak-xs-s\/","name":"Ham NATURA XS, S","isPartOf":{"@id":"https:\/\/pet24.md\/#website"},"primaryImageOfPage":{"@id":"https:\/\/pet24.md\/product\/natura-shlejka-dlya-sobak-xs-s\/#primaryimage"},"image":{"@id":"https:\/\/pet24.md\/product\/natura-shlejka-dlya-sobak-xs-s\/#primaryimage"},"thumbnailUrl":"https:\/\/pet24.md\/wp-content\/uploads\/2024\/09\/natura-shlejka-dlya-sobak-ml-1.webp","datePublished":"2024-08-01T20:38:18+00:00","dateModified":"2024-09-22T22:16:30+00:00","description":"\u041a\u0443\u043f\u0438\u0442\u044c NATURA \u0448\u043b\u0435\u0439\u043a\u0430 \u0434\u043b\u044f \u0441\u043e\u0431\u0430\u043a XS, S \u0441 \u0434\u043e\u0441\u0442\u0430\u0432\u043a\u043e\u0439 \u043f\u043e \u041a\u0438\u0448\u0438\u043d\u0435\u0432\u0443 \u0438 \u0432\u0441\u0435\u0439 \u041c\u043e\u043b\u0434\u043e\u0432\u0435 \u043d\u0430 Pet24","breadcrumb":{"@id":"https:\/\/pet24.md\/product\/natura-shlejka-dlya-sobak-xs-s\/#breadcrumb"},"inLanguage":"ro-RO","potentialAction":[{"@type":"ReadAction","target":["https:\/\/pet24.md\/product\/natura-shlejka-dlya-sobak-xs-s\/"]}]},{"@type":"ImageObject","inLanguage":"ro-RO","@id":"https:\/\/pet24.md\/product\/natura-shlejka-dlya-sobak-xs-s\/#primaryimage","url":"https:\/\/pet24.md\/wp-content\/uploads\/2024\/09\/natura-shlejka-dlya-sobak-ml-1.webp","contentUrl":"https:\/\/pet24.md\/wp-content\/uploads\/2024\/09\/natura-shlejka-dlya-sobak-ml-1.webp","width":500,"height":500,"caption":"NATURA \u0448\u043b\u0435\u0439\u043a\u0430 \u0434\u043b\u044f \u0441\u043e\u0431\u0430\u043a M"},{"@type":"BreadcrumbList","@id":"https:\/\/pet24.md\/product\/natura-shlejka-dlya-sobak-xs-s\/#breadcrumb","itemListElement":[{"@type":"ListItem","position":1,"name":"\u0413\u043b\u0430\u0432\u043d\u0430\u044f \u0441\u0442\u0440\u0430\u043d\u0438\u0446\u0430","item":"https:\/\/pet24.md\/"},{"@type":"ListItem","position":2,"name":"\u041c\u0430\u0433\u0430\u0437\u0438\u043d","item":"https:\/\/pet24.md\/shop\/"},{"@type":"ListItem","position":3,"name":"NATURA \u0448\u043b\u0435\u0439\u043a\u0430 \u0434\u043b\u044f \u0441\u043e\u0431\u0430\u043a XS, S"}]},{"@type":"WebSite","@id":"https:\/\/pet24.md\/#website","url":"https:\/\/pet24.md\/","name":"Pet24","description":"Magazin de animale de companie","publisher":{"@id":"https:\/\/pet24.md\/#organization"},"potentialAction":[{"@type":"SearchAction","target":{"@type":"EntryPoint","urlTemplate":"https:\/\/pet24.md\/?s={search_term_string}"},"query-input":{"@type":"PropertyValueSpecification","valueRequired":true,"valueName":"search_term_string"}}],"inLanguage":"ro-RO"},{"@type":"Organization","@id":"https:\/\/pet24.md\/#organization","name":"Pet24","url":"https:\/\/pet24.md\/","logo":{"@type":"ImageObject","inLanguage":"ro-RO","@id":"https:\/\/pet24.md\/#\/schema\/logo\/image\/","url":"https:\/\/pet24.md\/wp-content\/uploads\/2024\/09\/logo.svg","contentUrl":"https:\/\/pet24.md\/wp-content\/uploads\/2024\/09\/logo.svg","width":215,"height":66,"caption":"Pet24"},"image":{"@id":"https:\/\/pet24.md\/#\/schema\/logo\/image\/"},"sameAs":["https:\/\/www.facebook.com\/pet24.md","https:\/\/www.instagram.com\/pet24.md\/"],"telephone":"+37360508880"}]}},"_links":{"self":[{"href":"https:\/\/pet24.md\/ro\/wp-json\/wp\/v2\/product\/85240","targetHints":{"allow":["GET"]}}],"collection":[{"href":"https:\/\/pet24.md\/ro\/wp-json\/wp\/v2\/product"}],"about":[{"href":"https:\/\/pet24.md\/ro\/wp-json\/wp\/v2\/types\/product"}],"replies":[{"embeddable":true,"href":"https:\/\/pet24.md\/ro\/wp-json\/wp\/v2\/comments?post=85240"}],"wp:featuredmedia":[{"embeddable":true,"href":"https:\/\/pet24.md\/ro\/wp-json\/wp\/v2\/media\/91065"}],"wp:attachment":[{"href":"https:\/\/pet24.md\/ro\/wp-json\/wp\/v2\/media?parent=85240"}],"wp:term":[{"taxonomy":"product_brand","embeddable":true,"href":"https:\/\/pet24.md\/ro\/wp-json\/wp\/v2\/product_brand?post=85240"},{"taxonomy":"product_cat","embeddable":true,"href":"https:\/\/pet24.md\/ro\/wp-json\/wp\/v2\/product_cat?post=85240"},{"taxonomy":"product_tag","embeddable":true,"href":"https:\/\/pet24.md\/ro\/wp-json\/wp\/v2\/product_tag?post=85240"}],"curies":[{"name":"wp","href":"https:\/\/api.w.org\/{rel}","templated":true}]}}