{"id":85254,"date":"2024-08-01T21:09:19","date_gmt":"2024-08-01T21:09:19","guid":{"rendered":"https:\/\/pet24.md\/?post_type=product&#038;p=85254"},"modified":"2024-09-22T22:16:33","modified_gmt":"2024-09-22T22:16:33","slug":"natura-igrushka-dlya-koshek-iz-matatabi","status":"publish","type":"product","link":"https:\/\/pet24.md\/ro\/produs\/natura-igrushka-dlya-koshek-iz-matatabi\/","title":{"rendered":"Juc\u0103rie pisic\u0103 Natura matatabi"},"content":{"rendered":"<p><strong>Juc\u0103rie pisic\u0103 Natura matatabi<\/strong><\/p>\n<p><strong>Stimulare natural\u0103 \u0219i \u00eengrijire pentru din\u021bii pisicii tale<\/strong><br \/>\nJuc\u0103ria pentru pisici Natura Matatabi (Actinidia Polygama) este o plant\u0103 natural\u0103 100% care poate fi folosit\u0103 \u00een forma sa natural\u0103. Matatabi are un puternic efect de stimulare asupra pisicilor, determin\u00e2ndu-le s\u0103 manifeste comportamente distractive, cum ar fi frecarea, rostogolirea \u0219i s\u0103ritura.<\/p>\n<p><strong>Particularitati:<\/strong><\/p>\n<ul>\n<li><strong>Stimulare:<\/strong> Matatabi provoac\u0103 60-70% comportamente amuzante la pisici.<\/li>\n<li><strong>Cur\u0103\u021barea din\u021bilor naturali:<\/strong> Activeaz\u0103 impulsul de mestecat, promov\u00e2nd cur\u0103\u021barea natural\u0103 a din\u021bilor.<\/li>\n<li><strong>Durata ac\u021biunii:<\/strong> Efectul poate dura de la 5 la 30 de minute.<\/li>\n<li><strong>Activitate fizica:<\/strong> Sus\u021bine exerci\u021biile fizice la pisici, \u00een special benefice pentru pisicile cu probleme de greutate.<\/li>\n<li><strong>Siguran\u0163\u0103:<\/strong> Matatabi este mult mai eficient dec\u00e2t catnip \u0219i nu va d\u0103una pisicii tale. Nu provoac\u0103 supradoz\u0103 de joc.<\/li>\n<\/ul>\n<p><strong>Recomand\u0103ri de utilizare:<\/strong> Deoarece matatabi este u\u0219or de digerat, pisica ta poate m\u00e2nca cantit\u0103\u021bi mici. Cu toate acestea, se recomand\u0103 controlul cantit\u0103\u021bii pentru a evita consumul excesiv.<\/p>\n<p>Aceast\u0103 juc\u0103rie este o modalitate excelent\u0103 de a-\u021bi men\u021bine pisica fericit\u0103 \u0219i s\u0103n\u0103toas\u0103.<\/p>","protected":false},"excerpt":{"rendered":"<p>Juc\u0103ria Natura Matatabi pentru pisici stimuleaz\u0103 comportamentul activ \u0219i ajut\u0103 la periajul natural al din\u021bilor, \u00eencuraj\u00e2nd frecarea, rostogolirea \u0219i s\u0103riturile. Matatabi, un produs natural din plante, este un \u00eenlocuitor sigur \u0219i eficient pentru catnip, oferind divertisment de lung\u0103 durat\u0103 \u0219i sprijin pentru activitatea fizic\u0103 pentru pisica dumneavoastr\u0103.<\/p>","protected":false},"featured_media":91073,"comment_status":"closed","ping_status":"closed","template":"","meta":[],"product_brand":[],"product_cat":[777,193],"product_tag":[734,778,202,779],"class_list":{"0":"post-85254","1":"product","2":"type-product","3":"status-publish","4":"has-post-thumbnail","6":"product_cat-cat-toys","7":"product_cat-cat","8":"product_tag-natura","9":"product_tag-igrushka-dlya-koshek","10":"product_tag-koshka","11":"product_tag-matatabi","12":"pa_brand-natura","13":"pa_material-matatabi","14":"pa_pet-koshka","16":"first","17":"instock","18":"sale","19":"shipping-taxable","20":"product-type-simple"},"yoast_head":"<!-- This site is optimized with the Yoast SEO Premium plugin v23.7 (Yoast SEO v27.6) - https:\/\/yoast.com\/product\/yoast-seo-premium-wordpress\/ -->\n<title>Natura \u0438\u0433\u0440\u0443\u0448\u043a\u0430 \u0434\u043b\u044f \u043a\u043e\u0448\u0435\u043a \u0438\u0437 \u043c\u0430\u0442\u0430\u0442\u0430\u0431\u0438<\/title>\n<meta name=\"description\" content=\"\u041a\u0443\u043f\u0438\u0442\u044c Natura \u0438\u0433\u0440\u0443\u0448\u043a\u0430 \u0434\u043b\u044f \u043a\u043e\u0448\u0435\u043a \u0438\u0437 \u043c\u0430\u0442\u0430\u0442\u0430\u0431\u0438 \u0441 \u0434\u043e\u0441\u0442\u0430\u0432\u043a\u043e\u0439 \u043f\u043e \u041a\u0438\u0448\u0438\u043d\u0435\u0432\u0443 \u0438 \u0432\u0441\u0435\u0439 \u041c\u043e\u043b\u0434\u043e\u0432\u0435 \u043d\u0430 Pet24\" \/>\n<meta name=\"robots\" content=\"index, follow, max-snippet:-1, max-image-preview:large, max-video-preview:-1\" \/>\n<link rel=\"canonical\" href=\"https:\/\/pet24.md\/ro\/produs\/natura-igrushka-dlya-koshek-iz-matatabi\/\" \/>\n<meta property=\"og:locale\" content=\"ro_RO\" \/>\n<meta property=\"og:type\" content=\"article\" \/>\n<meta property=\"og:title\" content=\"Natura \u0438\u0433\u0440\u0443\u0448\u043a\u0430 \u0434\u043b\u044f \u043a\u043e\u0448\u0435\u043a \u0438\u0437 \u043c\u0430\u0442\u0430\u0442\u0430\u0431\u0438\" \/>\n<meta property=\"og:description\" content=\"\u041a\u0443\u043f\u0438\u0442\u044c Natura \u0438\u0433\u0440\u0443\u0448\u043a\u0430 \u0434\u043b\u044f \u043a\u043e\u0448\u0435\u043a \u0438\u0437 \u043c\u0430\u0442\u0430\u0442\u0430\u0431\u0438 \u0441 \u0434\u043e\u0441\u0442\u0430\u0432\u043a\u043e\u0439 \u043f\u043e \u041a\u0438\u0448\u0438\u043d\u0435\u0432\u0443 \u0438 \u0432\u0441\u0435\u0439 \u041c\u043e\u043b\u0434\u043e\u0432\u0435 \u043d\u0430 Pet24\" \/>\n<meta property=\"og:url\" content=\"https:\/\/pet24.md\/ro\/produs\/natura-igrushka-dlya-koshek-iz-matatabi\/\" \/>\n<meta property=\"og:site_name\" content=\"Pet24\" \/>\n<meta property=\"article:publisher\" content=\"https:\/\/www.facebook.com\/pet24.md\" \/>\n<meta property=\"article:modified_time\" content=\"2024-09-22T22:16:33+00:00\" \/>\n<meta property=\"og:image\" content=\"https:\/\/pet24.md\/wp-content\/uploads\/2024\/09\/natura-igrushka-dlya-koshek-iz-matatabi-1-1.webp\" \/>\n\t<meta property=\"og:image:width\" content=\"500\" \/>\n\t<meta property=\"og:image:height\" content=\"500\" \/>\n\t<meta property=\"og:image:type\" content=\"image\/webp\" \/>\n<meta name=\"twitter:card\" content=\"summary_large_image\" \/>\n<script type=\"application\/ld+json\" class=\"yoast-schema-graph\">{\"@context\":\"https:\\\/\\\/schema.org\",\"@graph\":[{\"@type\":\"WebPage\",\"@id\":\"https:\\\/\\\/pet24.md\\\/product\\\/natura-igrushka-dlya-koshek-iz-matatabi\\\/\",\"url\":\"https:\\\/\\\/pet24.md\\\/product\\\/natura-igrushka-dlya-koshek-iz-matatabi\\\/\",\"name\":\"Natura \u0438\u0433\u0440\u0443\u0448\u043a\u0430 \u0434\u043b\u044f \u043a\u043e\u0448\u0435\u043a \u0438\u0437 \u043c\u0430\u0442\u0430\u0442\u0430\u0431\u0438\",\"isPartOf\":{\"@id\":\"https:\\\/\\\/pet24.md\\\/#website\"},\"primaryImageOfPage\":{\"@id\":\"https:\\\/\\\/pet24.md\\\/product\\\/natura-igrushka-dlya-koshek-iz-matatabi\\\/#primaryimage\"},\"image\":{\"@id\":\"https:\\\/\\\/pet24.md\\\/product\\\/natura-igrushka-dlya-koshek-iz-matatabi\\\/#primaryimage\"},\"thumbnailUrl\":\"https:\\\/\\\/pet24.md\\\/wp-content\\\/uploads\\\/2024\\\/09\\\/natura-igrushka-dlya-koshek-iz-matatabi-1-1.webp\",\"datePublished\":\"2024-08-01T21:09:19+00:00\",\"dateModified\":\"2024-09-22T22:16:33+00:00\",\"description\":\"\u041a\u0443\u043f\u0438\u0442\u044c Natura \u0438\u0433\u0440\u0443\u0448\u043a\u0430 \u0434\u043b\u044f \u043a\u043e\u0448\u0435\u043a \u0438\u0437 \u043c\u0430\u0442\u0430\u0442\u0430\u0431\u0438 \u0441 \u0434\u043e\u0441\u0442\u0430\u0432\u043a\u043e\u0439 \u043f\u043e \u041a\u0438\u0448\u0438\u043d\u0435\u0432\u0443 \u0438 \u0432\u0441\u0435\u0439 \u041c\u043e\u043b\u0434\u043e\u0432\u0435 \u043d\u0430 Pet24\",\"breadcrumb\":{\"@id\":\"https:\\\/\\\/pet24.md\\\/product\\\/natura-igrushka-dlya-koshek-iz-matatabi\\\/#breadcrumb\"},\"inLanguage\":\"ro-RO\",\"potentialAction\":[{\"@type\":\"ReadAction\",\"target\":[\"https:\\\/\\\/pet24.md\\\/product\\\/natura-igrushka-dlya-koshek-iz-matatabi\\\/\"]}]},{\"@type\":\"ImageObject\",\"inLanguage\":\"ro-RO\",\"@id\":\"https:\\\/\\\/pet24.md\\\/product\\\/natura-igrushka-dlya-koshek-iz-matatabi\\\/#primaryimage\",\"url\":\"https:\\\/\\\/pet24.md\\\/wp-content\\\/uploads\\\/2024\\\/09\\\/natura-igrushka-dlya-koshek-iz-matatabi-1-1.webp\",\"contentUrl\":\"https:\\\/\\\/pet24.md\\\/wp-content\\\/uploads\\\/2024\\\/09\\\/natura-igrushka-dlya-koshek-iz-matatabi-1-1.webp\",\"width\":500,\"height\":500,\"caption\":\"Natura \u0438\u0433\u0440\u0443\u0448\u043a\u0430 \u0434\u043b\u044f \u043a\u043e\u0448\u0435\u043a \u0438\u0437 \u043c\u0430\u0442\u0430\u0442\u0430\u0431\u0438\"},{\"@type\":\"BreadcrumbList\",\"@id\":\"https:\\\/\\\/pet24.md\\\/product\\\/natura-igrushka-dlya-koshek-iz-matatabi\\\/#breadcrumb\",\"itemListElement\":[{\"@type\":\"ListItem\",\"position\":1,\"name\":\"\u0413\u043b\u0430\u0432\u043d\u0430\u044f \u0441\u0442\u0440\u0430\u043d\u0438\u0446\u0430\",\"item\":\"https:\\\/\\\/pet24.md\\\/\"},{\"@type\":\"ListItem\",\"position\":2,\"name\":\"\u041c\u0430\u0433\u0430\u0437\u0438\u043d\",\"item\":\"https:\\\/\\\/pet24.md\\\/shop\\\/\"},{\"@type\":\"ListItem\",\"position\":3,\"name\":\"Natura \u0438\u0433\u0440\u0443\u0448\u043a\u0430 \u0434\u043b\u044f \u043a\u043e\u0448\u0435\u043a \u0438\u0437 \u043c\u0430\u0442\u0430\u0442\u0430\u0431\u0438\"}]},{\"@type\":\"WebSite\",\"@id\":\"https:\\\/\\\/pet24.md\\\/#website\",\"url\":\"https:\\\/\\\/pet24.md\\\/\",\"name\":\"Pet24\",\"description\":\"\u0417\u043e\u043e\u043c\u0430\u0433\u0430\u0437\u0438\u043d \u0442\u043e\u0432\u0430\u0440\u043e\u0432 \u0434\u043b\u044f \u0434\u043e\u043c\u0430\u0448\u043d\u0438\u0445 \u043f\u0438\u0442\u043e\u043c\u0446\u0435\u0432\",\"publisher\":{\"@id\":\"https:\\\/\\\/pet24.md\\\/#organization\"},\"potentialAction\":[{\"@type\":\"SearchAction\",\"target\":{\"@type\":\"EntryPoint\",\"urlTemplate\":\"https:\\\/\\\/pet24.md\\\/?s={search_term_string}\"},\"query-input\":{\"@type\":\"PropertyValueSpecification\",\"valueRequired\":true,\"valueName\":\"search_term_string\"}}],\"inLanguage\":\"ro-RO\"},{\"@type\":\"Organization\",\"@id\":\"https:\\\/\\\/pet24.md\\\/#organization\",\"name\":\"Pet24\",\"url\":\"https:\\\/\\\/pet24.md\\\/\",\"logo\":{\"@type\":\"ImageObject\",\"inLanguage\":\"ro-RO\",\"@id\":\"https:\\\/\\\/pet24.md\\\/#\\\/schema\\\/logo\\\/image\\\/\",\"url\":\"https:\\\/\\\/pet24.md\\\/wp-content\\\/uploads\\\/2024\\\/09\\\/logo.svg\",\"contentUrl\":\"https:\\\/\\\/pet24.md\\\/wp-content\\\/uploads\\\/2024\\\/09\\\/logo.svg\",\"width\":215,\"height\":66,\"caption\":\"Pet24\"},\"image\":{\"@id\":\"https:\\\/\\\/pet24.md\\\/#\\\/schema\\\/logo\\\/image\\\/\"},\"sameAs\":[\"https:\\\/\\\/www.facebook.com\\\/pet24.md\",\"https:\\\/\\\/www.instagram.com\\\/pet24.md\\\/\"],\"telephone\":\"+37360508880\"}]}<\/script>\n<!-- \/ Yoast SEO Premium plugin. -->","yoast_head_json":{"title":"Juc\u0103rie pisic\u0103 Natura matatabi","description":"\u041a\u0443\u043f\u0438\u0442\u044c Natura \u0438\u0433\u0440\u0443\u0448\u043a\u0430 \u0434\u043b\u044f \u043a\u043e\u0448\u0435\u043a \u0438\u0437 \u043c\u0430\u0442\u0430\u0442\u0430\u0431\u0438 \u0441 \u0434\u043e\u0441\u0442\u0430\u0432\u043a\u043e\u0439 \u043f\u043e \u041a\u0438\u0448\u0438\u043d\u0435\u0432\u0443 \u0438 \u0432\u0441\u0435\u0439 \u041c\u043e\u043b\u0434\u043e\u0432\u0435 \u043d\u0430 Pet24","robots":{"index":"index","follow":"follow","max-snippet":"max-snippet:-1","max-image-preview":"max-image-preview:large","max-video-preview":"max-video-preview:-1"},"canonical":"https:\/\/pet24.md\/ro\/produs\/natura-igrushka-dlya-koshek-iz-matatabi\/","og_locale":"ro_RO","og_type":"article","og_title":"Natura \u0438\u0433\u0440\u0443\u0448\u043a\u0430 \u0434\u043b\u044f \u043a\u043e\u0448\u0435\u043a \u0438\u0437 \u043c\u0430\u0442\u0430\u0442\u0430\u0431\u0438","og_description":"\u041a\u0443\u043f\u0438\u0442\u044c Natura \u0438\u0433\u0440\u0443\u0448\u043a\u0430 \u0434\u043b\u044f \u043a\u043e\u0448\u0435\u043a \u0438\u0437 \u043c\u0430\u0442\u0430\u0442\u0430\u0431\u0438 \u0441 \u0434\u043e\u0441\u0442\u0430\u0432\u043a\u043e\u0439 \u043f\u043e \u041a\u0438\u0448\u0438\u043d\u0435\u0432\u0443 \u0438 \u0432\u0441\u0435\u0439 \u041c\u043e\u043b\u0434\u043e\u0432\u0435 \u043d\u0430 Pet24","og_url":"https:\/\/pet24.md\/ro\/produs\/natura-igrushka-dlya-koshek-iz-matatabi\/","og_site_name":"Pet24","article_publisher":"https:\/\/www.facebook.com\/pet24.md","article_modified_time":"2024-09-22T22:16:33+00:00","og_image":[{"width":500,"height":500,"url":"https:\/\/pet24.md\/wp-content\/uploads\/2024\/09\/natura-igrushka-dlya-koshek-iz-matatabi-1-1.webp","type":"image\/webp"}],"twitter_card":"summary_large_image","schema":{"@context":"https:\/\/schema.org","@graph":[{"@type":"WebPage","@id":"https:\/\/pet24.md\/product\/natura-igrushka-dlya-koshek-iz-matatabi\/","url":"https:\/\/pet24.md\/product\/natura-igrushka-dlya-koshek-iz-matatabi\/","name":"Juc\u0103rie pisic\u0103 Natura matatabi","isPartOf":{"@id":"https:\/\/pet24.md\/#website"},"primaryImageOfPage":{"@id":"https:\/\/pet24.md\/product\/natura-igrushka-dlya-koshek-iz-matatabi\/#primaryimage"},"image":{"@id":"https:\/\/pet24.md\/product\/natura-igrushka-dlya-koshek-iz-matatabi\/#primaryimage"},"thumbnailUrl":"https:\/\/pet24.md\/wp-content\/uploads\/2024\/09\/natura-igrushka-dlya-koshek-iz-matatabi-1-1.webp","datePublished":"2024-08-01T21:09:19+00:00","dateModified":"2024-09-22T22:16:33+00:00","description":"\u041a\u0443\u043f\u0438\u0442\u044c Natura \u0438\u0433\u0440\u0443\u0448\u043a\u0430 \u0434\u043b\u044f \u043a\u043e\u0448\u0435\u043a \u0438\u0437 \u043c\u0430\u0442\u0430\u0442\u0430\u0431\u0438 \u0441 \u0434\u043e\u0441\u0442\u0430\u0432\u043a\u043e\u0439 \u043f\u043e \u041a\u0438\u0448\u0438\u043d\u0435\u0432\u0443 \u0438 \u0432\u0441\u0435\u0439 \u041c\u043e\u043b\u0434\u043e\u0432\u0435 \u043d\u0430 Pet24","breadcrumb":{"@id":"https:\/\/pet24.md\/product\/natura-igrushka-dlya-koshek-iz-matatabi\/#breadcrumb"},"inLanguage":"ro-RO","potentialAction":[{"@type":"ReadAction","target":["https:\/\/pet24.md\/product\/natura-igrushka-dlya-koshek-iz-matatabi\/"]}]},{"@type":"ImageObject","inLanguage":"ro-RO","@id":"https:\/\/pet24.md\/product\/natura-igrushka-dlya-koshek-iz-matatabi\/#primaryimage","url":"https:\/\/pet24.md\/wp-content\/uploads\/2024\/09\/natura-igrushka-dlya-koshek-iz-matatabi-1-1.webp","contentUrl":"https:\/\/pet24.md\/wp-content\/uploads\/2024\/09\/natura-igrushka-dlya-koshek-iz-matatabi-1-1.webp","width":500,"height":500,"caption":"Natura \u0438\u0433\u0440\u0443\u0448\u043a\u0430 \u0434\u043b\u044f \u043a\u043e\u0448\u0435\u043a \u0438\u0437 \u043c\u0430\u0442\u0430\u0442\u0430\u0431\u0438"},{"@type":"BreadcrumbList","@id":"https:\/\/pet24.md\/product\/natura-igrushka-dlya-koshek-iz-matatabi\/#breadcrumb","itemListElement":[{"@type":"ListItem","position":1,"name":"\u0413\u043b\u0430\u0432\u043d\u0430\u044f \u0441\u0442\u0440\u0430\u043d\u0438\u0446\u0430","item":"https:\/\/pet24.md\/"},{"@type":"ListItem","position":2,"name":"\u041c\u0430\u0433\u0430\u0437\u0438\u043d","item":"https:\/\/pet24.md\/shop\/"},{"@type":"ListItem","position":3,"name":"Natura \u0438\u0433\u0440\u0443\u0448\u043a\u0430 \u0434\u043b\u044f \u043a\u043e\u0448\u0435\u043a \u0438\u0437 \u043c\u0430\u0442\u0430\u0442\u0430\u0431\u0438"}]},{"@type":"WebSite","@id":"https:\/\/pet24.md\/#website","url":"https:\/\/pet24.md\/","name":"Pet24","description":"Magazin de animale de companie","publisher":{"@id":"https:\/\/pet24.md\/#organization"},"potentialAction":[{"@type":"SearchAction","target":{"@type":"EntryPoint","urlTemplate":"https:\/\/pet24.md\/?s={search_term_string}"},"query-input":{"@type":"PropertyValueSpecification","valueRequired":true,"valueName":"search_term_string"}}],"inLanguage":"ro-RO"},{"@type":"Organization","@id":"https:\/\/pet24.md\/#organization","name":"Pet24","url":"https:\/\/pet24.md\/","logo":{"@type":"ImageObject","inLanguage":"ro-RO","@id":"https:\/\/pet24.md\/#\/schema\/logo\/image\/","url":"https:\/\/pet24.md\/wp-content\/uploads\/2024\/09\/logo.svg","contentUrl":"https:\/\/pet24.md\/wp-content\/uploads\/2024\/09\/logo.svg","width":215,"height":66,"caption":"Pet24"},"image":{"@id":"https:\/\/pet24.md\/#\/schema\/logo\/image\/"},"sameAs":["https:\/\/www.facebook.com\/pet24.md","https:\/\/www.instagram.com\/pet24.md\/"],"telephone":"+37360508880"}]}},"_links":{"self":[{"href":"https:\/\/pet24.md\/ro\/wp-json\/wp\/v2\/product\/85254","targetHints":{"allow":["GET"]}}],"collection":[{"href":"https:\/\/pet24.md\/ro\/wp-json\/wp\/v2\/product"}],"about":[{"href":"https:\/\/pet24.md\/ro\/wp-json\/wp\/v2\/types\/product"}],"replies":[{"embeddable":true,"href":"https:\/\/pet24.md\/ro\/wp-json\/wp\/v2\/comments?post=85254"}],"wp:featuredmedia":[{"embeddable":true,"href":"https:\/\/pet24.md\/ro\/wp-json\/wp\/v2\/media\/91073"}],"wp:attachment":[{"href":"https:\/\/pet24.md\/ro\/wp-json\/wp\/v2\/media?parent=85254"}],"wp:term":[{"taxonomy":"product_brand","embeddable":true,"href":"https:\/\/pet24.md\/ro\/wp-json\/wp\/v2\/product_brand?post=85254"},{"taxonomy":"product_cat","embeddable":true,"href":"https:\/\/pet24.md\/ro\/wp-json\/wp\/v2\/product_cat?post=85254"},{"taxonomy":"product_tag","embeddable":true,"href":"https:\/\/pet24.md\/ro\/wp-json\/wp\/v2\/product_tag?post=85254"}],"curies":[{"name":"wp","href":"https:\/\/api.w.org\/{rel}","templated":true}]}}