{"id":85279,"date":"2024-08-01T21:21:57","date_gmt":"2024-08-01T21:21:57","guid":{"rendered":"https:\/\/pet24.md\/?post_type=product&#038;p=85279"},"modified":"2024-09-22T22:16:34","modified_gmt":"2024-09-22T22:16:34","slug":"rolf-club-kapli-na-holku-dlya-koshek-4-8-kg-pipetka","status":"publish","type":"product","link":"https:\/\/pet24.md\/ro\/produs\/rolf-club-kapli-na-holku-dlya-koshek-4-8-kg-pipetka\/","title":{"rendered":"Rolf Club pic\u0103turi pe greab\u0103n \u00eempotriva puricilor \u0219i c\u0103pu\u0219elor pentru pisici pipeta 4-8 kg"},"content":{"rendered":"<p>\u0218tim c\u0103 parazi\u021bii sunt periculo\u0219i pentru animalele noastre: provoac\u0103 \u0219i transmit boli, adesea mortale. Multe medicamente veterinare ucid c\u0103pu\u0219ele numai dup\u0103 ce acestea mu\u0219c\u0103. Acestea sunt riscuri suplimentare pentru s\u0103n\u0103tate. Nu risca\u021bi s\u0103n\u0103tatea animalului dvs. de companie. Utiliza\u021bi preparatele RolfClub 3D.<\/p>\n<p><strong>RolfClub 3D are trei niveluri puternice de protec\u021bie:<\/strong><\/p>\n<ol>\n<li><strong>Efectul knockdown paralizeaz\u0103 c\u0103pu\u0219a \u00ceNAINTE de mu\u0219c\u0103tur\u0103<\/strong>\n<ul>\n<li>Dup\u0103 doar 2 minute, c\u0103pu\u0219a nu se poate mi\u0219ca \u0219i alege un loc unde s\u0103 mu\u0219te.<\/li>\n<li>Efectul este asigurat de ingredientul activ de ultima generatie - etofenprox.<\/li>\n<\/ul>\n<\/li>\n<li><strong>Distrugerea c\u0103pu\u0219elor, puricilor, p\u0103duchilor, p\u0103duchilor \u0219i a altor parazi\u021bi<\/strong>\n<ul>\n<li>Ingredientul activ fipronil ucide insectele \u0219i acarienii existen\u021bi, oferind protec\u021bie de lung\u0103 durat\u0103.<\/li>\n<\/ul>\n<\/li>\n<li><strong>Protectie impotriva reinfestarii cu insecte<\/strong>\n<ul>\n<li>Ingredientul activ piriproxifen \u00eentrerupe ciclul de dezvoltare al puricilor (\u0219i al altor insecte), protej\u00e2nd animalul de reinfectare.<\/li>\n<\/ul>\n<\/li>\n<\/ol>\n<p><strong>Pic\u0103turile de greab\u0103n RolfClub 3D protejeaz\u0103 pisicile:<\/strong> \u2714 1 lun\u0103 - \u00eempotriva c\u0103pu\u0219elor ixodide (purt\u0103tor de hemobartoneloz\u0103 \u0219i alte boli)<br \/>\n\u2714 2 luni \u2013 de la purici, m\u00e2nc\u0103tori de p\u0103duchi<br \/>\n\u2714 7 zile - \u00eempotriva \u021b\u00e2n\u021barilor, \u021b\u00e2n\u021barilor, muschilor<\/p>\n<p><strong>Poate fi folosit \u0219i pentru a trata:<\/strong> \u2714 Otodectoz\u0103 \u0219i notoedroz\u0103<\/p>\n<p><strong>Utiliza\u021bi RolfClub 3D pentru pisicile de orice ras\u0103:<\/strong> \u2714 Lunar<br \/>\n\u2714 De la 12 s\u0103pt\u0103m\u00e2ni<\/p>\n<p><strong>Ingrediente active:<\/strong> fipronil - 9,8%, etofenprox - 15%, piriproxifen - 2%<\/p>\n<p><strong>EXISTA CONTRAINDICATII. TREBUIE S\u0102 CONSULTATI CU UN SPECIALIST.<\/strong><\/p>\n<p><strong>Instructiuni de utilizare:<\/strong><\/p>\n<ol>\n<li>Aplica\u021bi RolfClub 3D pe pielea din zona greab\u0103nului (\u00eentre omopla\u021bi), r\u0103sp\u00e2ndind blana c\u00e2t mai mult posibil.<\/li>\n<li>Nu freca\u021bi medicamentul cu degetele.<\/li>\n<li>Nu se recomand\u0103 sp\u0103larea animalului cu 2 zile \u00eenainte \u0219i 2 zile dup\u0103 tratament.<\/li>\n<\/ol>","protected":false},"excerpt":{"rendered":"<p>RolfClub 3D - pic\u0103turi pe greab\u0103n pentru pisici, oferind trei niveluri de protec\u021bie \u00eempotriva parazi\u021bilor. Con\u021bine fipronil (9.8%), etofenprox (15%) \u0219i piriproxifen (2%), paraliz\u00e2nd c\u0103pu\u0219ele \u00eenainte de a mu\u0219ca \u0219i \u00eentrerup\u00e2nd ciclul de dezvoltare al puricilor. Protejeaz\u0103 \u00eempotriva c\u0103pu\u0219elor timp de 1 lun\u0103, \u00eempotriva puricilor \u0219i p\u0103duchilor timp de 2 luni, \u00eempotriva \u021b\u00e2n\u021barilor \u0219i muschilor timp de 7 zile. Utiliza\u021bi lunar pentru pisici de orice ras\u0103 \u00eencep\u00e2nd cu 12 s\u0103pt\u0103m\u00e2ni, evit\u00e2nd sp\u0103larea animalului cu 2 zile \u00eenainte \u0219i dup\u0103 tratament.<\/p>","protected":false},"featured_media":91080,"comment_status":"closed","ping_status":"closed","template":"","meta":[],"product_brand":[],"product_cat":[228,193,218],"product_tag":[559,781,202,749],"class_list":{"0":"post-85279","1":"product","2":"type-product","3":"status-publish","4":"has-post-thumbnail","6":"product_cat-antiparasitic-drops-cats","7":"product_cat-cat","8":"product_cat-cats-antiparasitic","9":"product_tag-rolfclub3d","10":"product_tag-kapli","11":"product_tag-koshka","12":"product_tag-ot-bloh-i-kleshhej","13":"pa_age-pet-vzroslyj","14":"pa_brand-rolf-club","15":"pa_packaging-upakovka","16":"pa_pet-koshka","17":"pa_purpose-product-ot-bloh-i-kleshhej","19":"first","20":"instock","21":"sale","22":"shipping-taxable","23":"product-type-simple"},"yoast_head":"<!-- This site is optimized with the Yoast SEO Premium plugin v23.7 (Yoast SEO v27.6) - https:\/\/yoast.com\/product\/yoast-seo-premium-wordpress\/ -->\n<title>Rolf Club \u043a\u0430\u043f\u043b\u0438 \u043d\u0430 \u0445\u043e\u043b\u043a\u0443 \u043e\u0442 \u0431\u043b\u043e\u0445 \u0438 \u043a\u043b\u0435\u0449\u0435\u0439 \u0434\u043b\u044f \u043a\u043e\u0448\u0435\u043a 4-8 \u043a\u0433 \u043f\u0438\u043f\u0435\u0442\u043a\u0430<\/title>\n<meta name=\"description\" content=\"\u041a\u0443\u043f\u0438\u0442\u044c Rolf Club \u043a\u0430\u043f\u043b\u0438 \u043d\u0430 \u0445\u043e\u043b\u043a\u0443 \u043e\u0442 \u0431\u043b\u043e\u0445 \u0438 \u043a\u043b\u0435\u0449\u0435\u0439 \u0434\u043b\u044f \u043a\u043e\u0448\u0435\u043a 4-8 \u043a\u0433 \u043f\u0438\u043f\u0435\u0442\u043a\u0430 \u0441 \u0434\u043e\u0441\u0442\u0430\u0432\u043a\u043e\u0439 \u043f\u043e \u041a\u0438\u0448\u0438\u043d\u0435\u0432\u0443 \u0438 \u0432\u0441\u0435\u0439 \u041c\u043e\u043b\u0434\u043e\u0432\u0435 \u043d\u0430 Pet24\" \/>\n<meta name=\"robots\" content=\"index, follow, max-snippet:-1, max-image-preview:large, max-video-preview:-1\" \/>\n<link rel=\"canonical\" href=\"https:\/\/pet24.md\/ro\/produs\/rolf-club-kapli-na-holku-dlya-koshek-4-8-kg-pipetka\/\" \/>\n<meta property=\"og:locale\" content=\"ro_RO\" \/>\n<meta property=\"og:type\" content=\"article\" \/>\n<meta property=\"og:title\" content=\"Rolf Club \u043a\u0430\u043f\u043b\u0438 \u043d\u0430 \u0445\u043e\u043b\u043a\u0443 \u043e\u0442 \u0431\u043b\u043e\u0445 \u0438 \u043a\u043b\u0435\u0449\u0435\u0439 \u0434\u043b\u044f \u043a\u043e\u0448\u0435\u043a 4-8 \u043a\u0433 \u043f\u0438\u043f\u0435\u0442\u043a\u0430\" \/>\n<meta property=\"og:description\" content=\"\u041a\u0443\u043f\u0438\u0442\u044c Rolf Club \u043a\u0430\u043f\u043b\u0438 \u043d\u0430 \u0445\u043e\u043b\u043a\u0443 \u043e\u0442 \u0431\u043b\u043e\u0445 \u0438 \u043a\u043b\u0435\u0449\u0435\u0439 \u0434\u043b\u044f \u043a\u043e\u0448\u0435\u043a 4-8 \u043a\u0433 \u043f\u0438\u043f\u0435\u0442\u043a\u0430 \u0441 \u0434\u043e\u0441\u0442\u0430\u0432\u043a\u043e\u0439 \u043f\u043e \u041a\u0438\u0448\u0438\u043d\u0435\u0432\u0443 \u0438 \u0432\u0441\u0435\u0439 \u041c\u043e\u043b\u0434\u043e\u0432\u0435 \u043d\u0430 Pet24\" \/>\n<meta property=\"og:url\" content=\"https:\/\/pet24.md\/ro\/produs\/rolf-club-kapli-na-holku-dlya-koshek-4-8-kg-pipetka\/\" \/>\n<meta property=\"og:site_name\" content=\"Pet24\" \/>\n<meta property=\"article:publisher\" content=\"https:\/\/www.facebook.com\/pet24.md\" \/>\n<meta property=\"article:modified_time\" content=\"2024-09-22T22:16:34+00:00\" \/>\n<meta property=\"og:image\" content=\"https:\/\/pet24.md\/wp-content\/uploads\/2024\/09\/rolf-club-kapli-na-holku-dlya-koshek-4-8-kg-pipetka-1.webp\" \/>\n\t<meta property=\"og:image:width\" content=\"600\" \/>\n\t<meta property=\"og:image:height\" content=\"600\" \/>\n\t<meta property=\"og:image:type\" content=\"image\/webp\" \/>\n<meta name=\"twitter:card\" content=\"summary_large_image\" \/>\n<script type=\"application\/ld+json\" class=\"yoast-schema-graph\">{\"@context\":\"https:\\\/\\\/schema.org\",\"@graph\":[{\"@type\":\"WebPage\",\"@id\":\"https:\\\/\\\/pet24.md\\\/product\\\/rolf-club-kapli-na-holku-dlya-koshek-4-8-kg-pipetka\\\/\",\"url\":\"https:\\\/\\\/pet24.md\\\/product\\\/rolf-club-kapli-na-holku-dlya-koshek-4-8-kg-pipetka\\\/\",\"name\":\"Rolf Club \u043a\u0430\u043f\u043b\u0438 \u043d\u0430 \u0445\u043e\u043b\u043a\u0443 \u043e\u0442 \u0431\u043b\u043e\u0445 \u0438 \u043a\u043b\u0435\u0449\u0435\u0439 \u0434\u043b\u044f \u043a\u043e\u0448\u0435\u043a 4-8 \u043a\u0433 \u043f\u0438\u043f\u0435\u0442\u043a\u0430\",\"isPartOf\":{\"@id\":\"https:\\\/\\\/pet24.md\\\/#website\"},\"primaryImageOfPage\":{\"@id\":\"https:\\\/\\\/pet24.md\\\/product\\\/rolf-club-kapli-na-holku-dlya-koshek-4-8-kg-pipetka\\\/#primaryimage\"},\"image\":{\"@id\":\"https:\\\/\\\/pet24.md\\\/product\\\/rolf-club-kapli-na-holku-dlya-koshek-4-8-kg-pipetka\\\/#primaryimage\"},\"thumbnailUrl\":\"https:\\\/\\\/pet24.md\\\/wp-content\\\/uploads\\\/2024\\\/09\\\/rolf-club-kapli-na-holku-dlya-koshek-4-8-kg-pipetka-1.webp\",\"datePublished\":\"2024-08-01T21:21:57+00:00\",\"dateModified\":\"2024-09-22T22:16:34+00:00\",\"description\":\"\u041a\u0443\u043f\u0438\u0442\u044c Rolf Club \u043a\u0430\u043f\u043b\u0438 \u043d\u0430 \u0445\u043e\u043b\u043a\u0443 \u043e\u0442 \u0431\u043b\u043e\u0445 \u0438 \u043a\u043b\u0435\u0449\u0435\u0439 \u0434\u043b\u044f \u043a\u043e\u0448\u0435\u043a 4-8 \u043a\u0433 \u043f\u0438\u043f\u0435\u0442\u043a\u0430 \u0441 \u0434\u043e\u0441\u0442\u0430\u0432\u043a\u043e\u0439 \u043f\u043e \u041a\u0438\u0448\u0438\u043d\u0435\u0432\u0443 \u0438 \u0432\u0441\u0435\u0439 \u041c\u043e\u043b\u0434\u043e\u0432\u0435 \u043d\u0430 Pet24\",\"breadcrumb\":{\"@id\":\"https:\\\/\\\/pet24.md\\\/product\\\/rolf-club-kapli-na-holku-dlya-koshek-4-8-kg-pipetka\\\/#breadcrumb\"},\"inLanguage\":\"ro-RO\",\"potentialAction\":[{\"@type\":\"ReadAction\",\"target\":[\"https:\\\/\\\/pet24.md\\\/product\\\/rolf-club-kapli-na-holku-dlya-koshek-4-8-kg-pipetka\\\/\"]}]},{\"@type\":\"ImageObject\",\"inLanguage\":\"ro-RO\",\"@id\":\"https:\\\/\\\/pet24.md\\\/product\\\/rolf-club-kapli-na-holku-dlya-koshek-4-8-kg-pipetka\\\/#primaryimage\",\"url\":\"https:\\\/\\\/pet24.md\\\/wp-content\\\/uploads\\\/2024\\\/09\\\/rolf-club-kapli-na-holku-dlya-koshek-4-8-kg-pipetka-1.webp\",\"contentUrl\":\"https:\\\/\\\/pet24.md\\\/wp-content\\\/uploads\\\/2024\\\/09\\\/rolf-club-kapli-na-holku-dlya-koshek-4-8-kg-pipetka-1.webp\",\"width\":600,\"height\":600,\"caption\":\"Rolf Club \u043a\u0430\u043f\u043b\u0438 \u043d\u0430 \u0445\u043e\u043b\u043a\u0443 \u0434\u043b\u044f \u043a\u043e\u0448\u0435\u043a 4-8 \u043a\u0433 \u043f\u0438\u043f\u0435\u0442\u043a\u0430\"},{\"@type\":\"BreadcrumbList\",\"@id\":\"https:\\\/\\\/pet24.md\\\/product\\\/rolf-club-kapli-na-holku-dlya-koshek-4-8-kg-pipetka\\\/#breadcrumb\",\"itemListElement\":[{\"@type\":\"ListItem\",\"position\":1,\"name\":\"\u0413\u043b\u0430\u0432\u043d\u0430\u044f \u0441\u0442\u0440\u0430\u043d\u0438\u0446\u0430\",\"item\":\"https:\\\/\\\/pet24.md\\\/\"},{\"@type\":\"ListItem\",\"position\":2,\"name\":\"\u041c\u0430\u0433\u0430\u0437\u0438\u043d\",\"item\":\"https:\\\/\\\/pet24.md\\\/shop\\\/\"},{\"@type\":\"ListItem\",\"position\":3,\"name\":\"Rolf Club \u043a\u0430\u043f\u043b\u0438 \u043d\u0430 \u0445\u043e\u043b\u043a\u0443 \u043e\u0442 \u0431\u043b\u043e\u0445 \u0438 \u043a\u043b\u0435\u0449\u0435\u0439 \u0434\u043b\u044f \u043a\u043e\u0448\u0435\u043a 4-8 \u043a\u0433 \u043f\u0438\u043f\u0435\u0442\u043a\u0430\"}]},{\"@type\":\"WebSite\",\"@id\":\"https:\\\/\\\/pet24.md\\\/#website\",\"url\":\"https:\\\/\\\/pet24.md\\\/\",\"name\":\"Pet24\",\"description\":\"\u0417\u043e\u043e\u043c\u0430\u0433\u0430\u0437\u0438\u043d \u0442\u043e\u0432\u0430\u0440\u043e\u0432 \u0434\u043b\u044f \u0434\u043e\u043c\u0430\u0448\u043d\u0438\u0445 \u043f\u0438\u0442\u043e\u043c\u0446\u0435\u0432\",\"publisher\":{\"@id\":\"https:\\\/\\\/pet24.md\\\/#organization\"},\"potentialAction\":[{\"@type\":\"SearchAction\",\"target\":{\"@type\":\"EntryPoint\",\"urlTemplate\":\"https:\\\/\\\/pet24.md\\\/?s={search_term_string}\"},\"query-input\":{\"@type\":\"PropertyValueSpecification\",\"valueRequired\":true,\"valueName\":\"search_term_string\"}}],\"inLanguage\":\"ro-RO\"},{\"@type\":\"Organization\",\"@id\":\"https:\\\/\\\/pet24.md\\\/#organization\",\"name\":\"Pet24\",\"url\":\"https:\\\/\\\/pet24.md\\\/\",\"logo\":{\"@type\":\"ImageObject\",\"inLanguage\":\"ro-RO\",\"@id\":\"https:\\\/\\\/pet24.md\\\/#\\\/schema\\\/logo\\\/image\\\/\",\"url\":\"https:\\\/\\\/pet24.md\\\/wp-content\\\/uploads\\\/2024\\\/09\\\/logo.svg\",\"contentUrl\":\"https:\\\/\\\/pet24.md\\\/wp-content\\\/uploads\\\/2024\\\/09\\\/logo.svg\",\"width\":215,\"height\":66,\"caption\":\"Pet24\"},\"image\":{\"@id\":\"https:\\\/\\\/pet24.md\\\/#\\\/schema\\\/logo\\\/image\\\/\"},\"sameAs\":[\"https:\\\/\\\/www.facebook.com\\\/pet24.md\",\"https:\\\/\\\/www.instagram.com\\\/pet24.md\\\/\"],\"telephone\":\"+37360508880\"}]}<\/script>\n<!-- \/ Yoast SEO Premium plugin. -->","yoast_head_json":{"title":"Rolf Club pic\u0103turi pe greab\u0103n \u00eempotriva puricilor \u0219i c\u0103pu\u0219elor pentru pisici pipeta 4-8 kg","description":"\u041a\u0443\u043f\u0438\u0442\u044c Rolf Club \u043a\u0430\u043f\u043b\u0438 \u043d\u0430 \u0445\u043e\u043b\u043a\u0443 \u043e\u0442 \u0431\u043b\u043e\u0445 \u0438 \u043a\u043b\u0435\u0449\u0435\u0439 \u0434\u043b\u044f \u043a\u043e\u0448\u0435\u043a 4-8 \u043a\u0433 \u043f\u0438\u043f\u0435\u0442\u043a\u0430 \u0441 \u0434\u043e\u0441\u0442\u0430\u0432\u043a\u043e\u0439 \u043f\u043e \u041a\u0438\u0448\u0438\u043d\u0435\u0432\u0443 \u0438 \u0432\u0441\u0435\u0439 \u041c\u043e\u043b\u0434\u043e\u0432\u0435 \u043d\u0430 Pet24","robots":{"index":"index","follow":"follow","max-snippet":"max-snippet:-1","max-image-preview":"max-image-preview:large","max-video-preview":"max-video-preview:-1"},"canonical":"https:\/\/pet24.md\/ro\/produs\/rolf-club-kapli-na-holku-dlya-koshek-4-8-kg-pipetka\/","og_locale":"ro_RO","og_type":"article","og_title":"Rolf Club \u043a\u0430\u043f\u043b\u0438 \u043d\u0430 \u0445\u043e\u043b\u043a\u0443 \u043e\u0442 \u0431\u043b\u043e\u0445 \u0438 \u043a\u043b\u0435\u0449\u0435\u0439 \u0434\u043b\u044f \u043a\u043e\u0448\u0435\u043a 4-8 \u043a\u0433 \u043f\u0438\u043f\u0435\u0442\u043a\u0430","og_description":"\u041a\u0443\u043f\u0438\u0442\u044c Rolf Club \u043a\u0430\u043f\u043b\u0438 \u043d\u0430 \u0445\u043e\u043b\u043a\u0443 \u043e\u0442 \u0431\u043b\u043e\u0445 \u0438 \u043a\u043b\u0435\u0449\u0435\u0439 \u0434\u043b\u044f \u043a\u043e\u0448\u0435\u043a 4-8 \u043a\u0433 \u043f\u0438\u043f\u0435\u0442\u043a\u0430 \u0441 \u0434\u043e\u0441\u0442\u0430\u0432\u043a\u043e\u0439 \u043f\u043e \u041a\u0438\u0448\u0438\u043d\u0435\u0432\u0443 \u0438 \u0432\u0441\u0435\u0439 \u041c\u043e\u043b\u0434\u043e\u0432\u0435 \u043d\u0430 Pet24","og_url":"https:\/\/pet24.md\/ro\/produs\/rolf-club-kapli-na-holku-dlya-koshek-4-8-kg-pipetka\/","og_site_name":"Pet24","article_publisher":"https:\/\/www.facebook.com\/pet24.md","article_modified_time":"2024-09-22T22:16:34+00:00","og_image":[{"width":600,"height":600,"url":"https:\/\/pet24.md\/wp-content\/uploads\/2024\/09\/rolf-club-kapli-na-holku-dlya-koshek-4-8-kg-pipetka-1.webp","type":"image\/webp"}],"twitter_card":"summary_large_image","schema":{"@context":"https:\/\/schema.org","@graph":[{"@type":"WebPage","@id":"https:\/\/pet24.md\/product\/rolf-club-kapli-na-holku-dlya-koshek-4-8-kg-pipetka\/","url":"https:\/\/pet24.md\/product\/rolf-club-kapli-na-holku-dlya-koshek-4-8-kg-pipetka\/","name":"Rolf Club pic\u0103turi pe greab\u0103n \u00eempotriva puricilor \u0219i c\u0103pu\u0219elor pentru pisici pipeta 4-8 kg","isPartOf":{"@id":"https:\/\/pet24.md\/#website"},"primaryImageOfPage":{"@id":"https:\/\/pet24.md\/product\/rolf-club-kapli-na-holku-dlya-koshek-4-8-kg-pipetka\/#primaryimage"},"image":{"@id":"https:\/\/pet24.md\/product\/rolf-club-kapli-na-holku-dlya-koshek-4-8-kg-pipetka\/#primaryimage"},"thumbnailUrl":"https:\/\/pet24.md\/wp-content\/uploads\/2024\/09\/rolf-club-kapli-na-holku-dlya-koshek-4-8-kg-pipetka-1.webp","datePublished":"2024-08-01T21:21:57+00:00","dateModified":"2024-09-22T22:16:34+00:00","description":"\u041a\u0443\u043f\u0438\u0442\u044c Rolf Club \u043a\u0430\u043f\u043b\u0438 \u043d\u0430 \u0445\u043e\u043b\u043a\u0443 \u043e\u0442 \u0431\u043b\u043e\u0445 \u0438 \u043a\u043b\u0435\u0449\u0435\u0439 \u0434\u043b\u044f \u043a\u043e\u0448\u0435\u043a 4-8 \u043a\u0433 \u043f\u0438\u043f\u0435\u0442\u043a\u0430 \u0441 \u0434\u043e\u0441\u0442\u0430\u0432\u043a\u043e\u0439 \u043f\u043e \u041a\u0438\u0448\u0438\u043d\u0435\u0432\u0443 \u0438 \u0432\u0441\u0435\u0439 \u041c\u043e\u043b\u0434\u043e\u0432\u0435 \u043d\u0430 Pet24","breadcrumb":{"@id":"https:\/\/pet24.md\/product\/rolf-club-kapli-na-holku-dlya-koshek-4-8-kg-pipetka\/#breadcrumb"},"inLanguage":"ro-RO","potentialAction":[{"@type":"ReadAction","target":["https:\/\/pet24.md\/product\/rolf-club-kapli-na-holku-dlya-koshek-4-8-kg-pipetka\/"]}]},{"@type":"ImageObject","inLanguage":"ro-RO","@id":"https:\/\/pet24.md\/product\/rolf-club-kapli-na-holku-dlya-koshek-4-8-kg-pipetka\/#primaryimage","url":"https:\/\/pet24.md\/wp-content\/uploads\/2024\/09\/rolf-club-kapli-na-holku-dlya-koshek-4-8-kg-pipetka-1.webp","contentUrl":"https:\/\/pet24.md\/wp-content\/uploads\/2024\/09\/rolf-club-kapli-na-holku-dlya-koshek-4-8-kg-pipetka-1.webp","width":600,"height":600,"caption":"Rolf Club \u043a\u0430\u043f\u043b\u0438 \u043d\u0430 \u0445\u043e\u043b\u043a\u0443 \u0434\u043b\u044f \u043a\u043e\u0448\u0435\u043a 4-8 \u043a\u0433 \u043f\u0438\u043f\u0435\u0442\u043a\u0430"},{"@type":"BreadcrumbList","@id":"https:\/\/pet24.md\/product\/rolf-club-kapli-na-holku-dlya-koshek-4-8-kg-pipetka\/#breadcrumb","itemListElement":[{"@type":"ListItem","position":1,"name":"\u0413\u043b\u0430\u0432\u043d\u0430\u044f \u0441\u0442\u0440\u0430\u043d\u0438\u0446\u0430","item":"https:\/\/pet24.md\/"},{"@type":"ListItem","position":2,"name":"\u041c\u0430\u0433\u0430\u0437\u0438\u043d","item":"https:\/\/pet24.md\/shop\/"},{"@type":"ListItem","position":3,"name":"Rolf Club \u043a\u0430\u043f\u043b\u0438 \u043d\u0430 \u0445\u043e\u043b\u043a\u0443 \u043e\u0442 \u0431\u043b\u043e\u0445 \u0438 \u043a\u043b\u0435\u0449\u0435\u0439 \u0434\u043b\u044f \u043a\u043e\u0448\u0435\u043a 4-8 \u043a\u0433 \u043f\u0438\u043f\u0435\u0442\u043a\u0430"}]},{"@type":"WebSite","@id":"https:\/\/pet24.md\/#website","url":"https:\/\/pet24.md\/","name":"Pet24","description":"Magazin de animale de companie","publisher":{"@id":"https:\/\/pet24.md\/#organization"},"potentialAction":[{"@type":"SearchAction","target":{"@type":"EntryPoint","urlTemplate":"https:\/\/pet24.md\/?s={search_term_string}"},"query-input":{"@type":"PropertyValueSpecification","valueRequired":true,"valueName":"search_term_string"}}],"inLanguage":"ro-RO"},{"@type":"Organization","@id":"https:\/\/pet24.md\/#organization","name":"Pet24","url":"https:\/\/pet24.md\/","logo":{"@type":"ImageObject","inLanguage":"ro-RO","@id":"https:\/\/pet24.md\/#\/schema\/logo\/image\/","url":"https:\/\/pet24.md\/wp-content\/uploads\/2024\/09\/logo.svg","contentUrl":"https:\/\/pet24.md\/wp-content\/uploads\/2024\/09\/logo.svg","width":215,"height":66,"caption":"Pet24"},"image":{"@id":"https:\/\/pet24.md\/#\/schema\/logo\/image\/"},"sameAs":["https:\/\/www.facebook.com\/pet24.md","https:\/\/www.instagram.com\/pet24.md\/"],"telephone":"+37360508880"}]}},"_links":{"self":[{"href":"https:\/\/pet24.md\/ro\/wp-json\/wp\/v2\/product\/85279","targetHints":{"allow":["GET"]}}],"collection":[{"href":"https:\/\/pet24.md\/ro\/wp-json\/wp\/v2\/product"}],"about":[{"href":"https:\/\/pet24.md\/ro\/wp-json\/wp\/v2\/types\/product"}],"replies":[{"embeddable":true,"href":"https:\/\/pet24.md\/ro\/wp-json\/wp\/v2\/comments?post=85279"}],"wp:featuredmedia":[{"embeddable":true,"href":"https:\/\/pet24.md\/ro\/wp-json\/wp\/v2\/media\/91080"}],"wp:attachment":[{"href":"https:\/\/pet24.md\/ro\/wp-json\/wp\/v2\/media?parent=85279"}],"wp:term":[{"taxonomy":"product_brand","embeddable":true,"href":"https:\/\/pet24.md\/ro\/wp-json\/wp\/v2\/product_brand?post=85279"},{"taxonomy":"product_cat","embeddable":true,"href":"https:\/\/pet24.md\/ro\/wp-json\/wp\/v2\/product_cat?post=85279"},{"taxonomy":"product_tag","embeddable":true,"href":"https:\/\/pet24.md\/ro\/wp-json\/wp\/v2\/product_tag?post=85279"}],"curies":[{"name":"wp","href":"https:\/\/api.w.org\/{rel}","templated":true}]}}