{"id":85280,"date":"2024-08-01T21:22:01","date_gmt":"2024-08-01T21:22:01","guid":{"rendered":"https:\/\/pet24.md\/?post_type=product&#038;p=85280"},"modified":"2024-09-22T22:16:35","modified_gmt":"2024-09-22T22:16:35","slug":"natura-koshachij-lotok-385-x-60-x-405-sm","status":"publish","type":"product","link":"https:\/\/pet24.md\/ro\/produs\/natura-koshachij-lotok-385-x-60-x-405-sm\/","title":{"rendered":"Litier pentru pisici Natura 38,5 x 60 x 40,5 cm"},"content":{"rendered":"<p><strong>ECO NATURA PET Litier pentru pisici<\/strong><\/p>\n<p><strong>Practicitate \u0219i igien\u0103 pentru animalul dvs. de companie<\/strong><br \/>\nAceast\u0103 cutie de gunoi pentru pisici de la ECO NATURA PET este alegerea perfect\u0103 pentru a v\u0103 men\u021bine casa curat\u0103 \u0219i proasp\u0103t\u0103. Tava este foarte practic\u0103 \u0219i igienic de utilizat, datorit\u0103 designului s\u0103u atent \u0219i materialelor de \u00eenalt\u0103 calitate.<\/p>\n<p><strong>Particularitati:<\/strong><\/p>\n<ul>\n<li><strong>Cur\u0103\u021bare u\u0219oar\u0103 \u0219i rapid\u0103:<\/strong> Capacul frontal care se deschide complet face cur\u0103\u021barea t\u0103vii rapid\u0103 \u0219i u\u0219oar\u0103.<\/li>\n<li><strong>Re\u021binerea mirosului:<\/strong> Filtrul de carbon situat deasupra capteaz\u0103 eficient mirosurile \u00een interiorul t\u0103vii.<\/li>\n<li><strong>Dimensiuni compacte:<\/strong> Tava m\u0103soar\u0103 38,5 x 60 x 40,5 cm, fiind u\u0219or de plasat oriunde \u00een cas\u0103.<\/li>\n<\/ul>\n<p>Aceast\u0103 cutie de gunoi pentru pisici va oferi animalului dumneavoastr\u0103 confort \u0219i igien\u0103 \u0219i ve\u021bi g\u0103si c\u0103 este u\u0219or de \u00eengrijit.<\/p>","protected":false},"excerpt":{"rendered":"<p>Cutia de a\u0219ternut pentru pisici ECO NATURA PET v\u0103 men\u021bine casa curat\u0103 \u0219i proasp\u0103t\u0103 datorit\u0103 filtrului de carbon care re\u021bine mirosurile \u0219i a designului u\u0219or de cur\u0103\u021bat. Dimensiunile compacte v\u0103 permit s\u0103 plasa\u021bi comod tava \u00een orice col\u021b al casei dvs.<\/p>\n<div id=\"gtx-trans\" style=\"position: absolute; left: 0px; top: 38px;\">\n<div class=\"gtx-trans-icon\"><\/div>\n<\/div>","protected":false},"featured_media":91081,"comment_status":"closed","ping_status":"closed","template":"","meta":[],"product_brand":[],"product_cat":[291,193,429],"product_tag":[734,782,202],"class_list":{"0":"post-85280","1":"product","2":"type-product","3":"status-publish","4":"has-post-thumbnail","6":"product_cat-cat-accessories","7":"product_cat-cat","8":"product_cat-catlitter-tray","9":"product_tag-natura","10":"product_tag-koshachij-lotok","11":"product_tag-koshka","12":"pa_brand-natura","13":"pa_pet-koshka","15":"first","16":"instock","17":"sale","18":"shipping-taxable","19":"product-type-simple"},"yoast_head":"<!-- This site is optimized with the Yoast SEO Premium plugin v23.7 (Yoast SEO v27.6) - https:\/\/yoast.com\/product\/yoast-seo-premium-wordpress\/ -->\n<title>Natura \u043a\u043e\u0448\u0430\u0447\u0438\u0439 \u043b\u043e\u0442\u043e\u043a 38,5 x 60 x 40,5 \u0441\u043c<\/title>\n<meta name=\"description\" content=\"\u041a\u0443\u043f\u0438\u0442\u044c Natura \u043a\u043e\u0448\u0430\u0447\u0438\u0439 \u043b\u043e\u0442\u043e\u043a 38,5 x 60 x 40,5 \u0441\u043c \u0441 \u0434\u043e\u0441\u0442\u0430\u0432\u043a\u043e\u0439 \u043f\u043e \u041a\u0438\u0448\u0438\u043d\u0435\u0432\u0443 \u0438 \u0432\u0441\u0435\u0439 \u041c\u043e\u043b\u0434\u043e\u0432\u0435 \u043d\u0430 Pet24\" \/>\n<meta name=\"robots\" content=\"index, follow, max-snippet:-1, max-image-preview:large, max-video-preview:-1\" \/>\n<link rel=\"canonical\" href=\"https:\/\/pet24.md\/ro\/produs\/natura-koshachij-lotok-385-x-60-x-405-sm\/\" \/>\n<meta property=\"og:locale\" content=\"ro_RO\" \/>\n<meta property=\"og:type\" content=\"article\" \/>\n<meta property=\"og:title\" content=\"Natura \u043a\u043e\u0448\u0430\u0447\u0438\u0439 \u043b\u043e\u0442\u043e\u043a 38,5 x 60 x 40,5 \u0441\u043c\" \/>\n<meta property=\"og:description\" content=\"\u041a\u0443\u043f\u0438\u0442\u044c Natura \u043a\u043e\u0448\u0430\u0447\u0438\u0439 \u043b\u043e\u0442\u043e\u043a 38,5 x 60 x 40,5 \u0441\u043c \u0441 \u0434\u043e\u0441\u0442\u0430\u0432\u043a\u043e\u0439 \u043f\u043e \u041a\u0438\u0448\u0438\u043d\u0435\u0432\u0443 \u0438 \u0432\u0441\u0435\u0439 \u041c\u043e\u043b\u0434\u043e\u0432\u0435 \u043d\u0430 Pet24\" \/>\n<meta property=\"og:url\" content=\"https:\/\/pet24.md\/ro\/produs\/natura-koshachij-lotok-385-x-60-x-405-sm\/\" \/>\n<meta property=\"og:site_name\" content=\"Pet24\" \/>\n<meta property=\"article:publisher\" content=\"https:\/\/www.facebook.com\/pet24.md\" \/>\n<meta property=\"article:modified_time\" content=\"2024-09-22T22:16:35+00:00\" \/>\n<meta property=\"og:image\" content=\"https:\/\/pet24.md\/wp-content\/uploads\/2024\/09\/natura-koshachij-lotok-385-x-60-x-405-sm-1.webp\" \/>\n\t<meta property=\"og:image:width\" content=\"500\" \/>\n\t<meta property=\"og:image:height\" content=\"500\" \/>\n\t<meta property=\"og:image:type\" content=\"image\/webp\" \/>\n<meta name=\"twitter:card\" content=\"summary_large_image\" \/>\n<script type=\"application\/ld+json\" class=\"yoast-schema-graph\">{\"@context\":\"https:\\\/\\\/schema.org\",\"@graph\":[{\"@type\":\"WebPage\",\"@id\":\"https:\\\/\\\/pet24.md\\\/product\\\/natura-koshachij-lotok-385-x-60-x-405-sm\\\/\",\"url\":\"https:\\\/\\\/pet24.md\\\/product\\\/natura-koshachij-lotok-385-x-60-x-405-sm\\\/\",\"name\":\"Natura \u043a\u043e\u0448\u0430\u0447\u0438\u0439 \u043b\u043e\u0442\u043e\u043a 38,5 x 60 x 40,5 \u0441\u043c\",\"isPartOf\":{\"@id\":\"https:\\\/\\\/pet24.md\\\/#website\"},\"primaryImageOfPage\":{\"@id\":\"https:\\\/\\\/pet24.md\\\/product\\\/natura-koshachij-lotok-385-x-60-x-405-sm\\\/#primaryimage\"},\"image\":{\"@id\":\"https:\\\/\\\/pet24.md\\\/product\\\/natura-koshachij-lotok-385-x-60-x-405-sm\\\/#primaryimage\"},\"thumbnailUrl\":\"https:\\\/\\\/pet24.md\\\/wp-content\\\/uploads\\\/2024\\\/09\\\/natura-koshachij-lotok-385-x-60-x-405-sm-1.webp\",\"datePublished\":\"2024-08-01T21:22:01+00:00\",\"dateModified\":\"2024-09-22T22:16:35+00:00\",\"description\":\"\u041a\u0443\u043f\u0438\u0442\u044c Natura \u043a\u043e\u0448\u0430\u0447\u0438\u0439 \u043b\u043e\u0442\u043e\u043a 38,5 x 60 x 40,5 \u0441\u043c \u0441 \u0434\u043e\u0441\u0442\u0430\u0432\u043a\u043e\u0439 \u043f\u043e \u041a\u0438\u0448\u0438\u043d\u0435\u0432\u0443 \u0438 \u0432\u0441\u0435\u0439 \u041c\u043e\u043b\u0434\u043e\u0432\u0435 \u043d\u0430 Pet24\",\"breadcrumb\":{\"@id\":\"https:\\\/\\\/pet24.md\\\/product\\\/natura-koshachij-lotok-385-x-60-x-405-sm\\\/#breadcrumb\"},\"inLanguage\":\"ro-RO\",\"potentialAction\":[{\"@type\":\"ReadAction\",\"target\":[\"https:\\\/\\\/pet24.md\\\/product\\\/natura-koshachij-lotok-385-x-60-x-405-sm\\\/\"]}]},{\"@type\":\"ImageObject\",\"inLanguage\":\"ro-RO\",\"@id\":\"https:\\\/\\\/pet24.md\\\/product\\\/natura-koshachij-lotok-385-x-60-x-405-sm\\\/#primaryimage\",\"url\":\"https:\\\/\\\/pet24.md\\\/wp-content\\\/uploads\\\/2024\\\/09\\\/natura-koshachij-lotok-385-x-60-x-405-sm-1.webp\",\"contentUrl\":\"https:\\\/\\\/pet24.md\\\/wp-content\\\/uploads\\\/2024\\\/09\\\/natura-koshachij-lotok-385-x-60-x-405-sm-1.webp\",\"width\":500,\"height\":500,\"caption\":\"Natura \u043a\u043e\u0448\u0430\u0447\u0438\u0439 \u043b\u043e\u0442\u043e\u043a 38\"},{\"@type\":\"BreadcrumbList\",\"@id\":\"https:\\\/\\\/pet24.md\\\/product\\\/natura-koshachij-lotok-385-x-60-x-405-sm\\\/#breadcrumb\",\"itemListElement\":[{\"@type\":\"ListItem\",\"position\":1,\"name\":\"\u0413\u043b\u0430\u0432\u043d\u0430\u044f \u0441\u0442\u0440\u0430\u043d\u0438\u0446\u0430\",\"item\":\"https:\\\/\\\/pet24.md\\\/\"},{\"@type\":\"ListItem\",\"position\":2,\"name\":\"\u041c\u0430\u0433\u0430\u0437\u0438\u043d\",\"item\":\"https:\\\/\\\/pet24.md\\\/shop\\\/\"},{\"@type\":\"ListItem\",\"position\":3,\"name\":\"Natura \u043a\u043e\u0448\u0430\u0447\u0438\u0439 \u043b\u043e\u0442\u043e\u043a 38,5 x 60 x 40,5 \u0441\u043c\"}]},{\"@type\":\"WebSite\",\"@id\":\"https:\\\/\\\/pet24.md\\\/#website\",\"url\":\"https:\\\/\\\/pet24.md\\\/\",\"name\":\"Pet24\",\"description\":\"\u0417\u043e\u043e\u043c\u0430\u0433\u0430\u0437\u0438\u043d \u0442\u043e\u0432\u0430\u0440\u043e\u0432 \u0434\u043b\u044f \u0434\u043e\u043c\u0430\u0448\u043d\u0438\u0445 \u043f\u0438\u0442\u043e\u043c\u0446\u0435\u0432\",\"publisher\":{\"@id\":\"https:\\\/\\\/pet24.md\\\/#organization\"},\"potentialAction\":[{\"@type\":\"SearchAction\",\"target\":{\"@type\":\"EntryPoint\",\"urlTemplate\":\"https:\\\/\\\/pet24.md\\\/?s={search_term_string}\"},\"query-input\":{\"@type\":\"PropertyValueSpecification\",\"valueRequired\":true,\"valueName\":\"search_term_string\"}}],\"inLanguage\":\"ro-RO\"},{\"@type\":\"Organization\",\"@id\":\"https:\\\/\\\/pet24.md\\\/#organization\",\"name\":\"Pet24\",\"url\":\"https:\\\/\\\/pet24.md\\\/\",\"logo\":{\"@type\":\"ImageObject\",\"inLanguage\":\"ro-RO\",\"@id\":\"https:\\\/\\\/pet24.md\\\/#\\\/schema\\\/logo\\\/image\\\/\",\"url\":\"https:\\\/\\\/pet24.md\\\/wp-content\\\/uploads\\\/2024\\\/09\\\/logo.svg\",\"contentUrl\":\"https:\\\/\\\/pet24.md\\\/wp-content\\\/uploads\\\/2024\\\/09\\\/logo.svg\",\"width\":215,\"height\":66,\"caption\":\"Pet24\"},\"image\":{\"@id\":\"https:\\\/\\\/pet24.md\\\/#\\\/schema\\\/logo\\\/image\\\/\"},\"sameAs\":[\"https:\\\/\\\/www.facebook.com\\\/pet24.md\",\"https:\\\/\\\/www.instagram.com\\\/pet24.md\\\/\"],\"telephone\":\"+37360508880\"}]}<\/script>\n<!-- \/ Yoast SEO Premium plugin. -->","yoast_head_json":{"title":"Litier pentru pisici Natura 38,5 x 60 x 40,5 cm","description":"\u041a\u0443\u043f\u0438\u0442\u044c Natura \u043a\u043e\u0448\u0430\u0447\u0438\u0439 \u043b\u043e\u0442\u043e\u043a 38,5 x 60 x 40,5 \u0441\u043c \u0441 \u0434\u043e\u0441\u0442\u0430\u0432\u043a\u043e\u0439 \u043f\u043e \u041a\u0438\u0448\u0438\u043d\u0435\u0432\u0443 \u0438 \u0432\u0441\u0435\u0439 \u041c\u043e\u043b\u0434\u043e\u0432\u0435 \u043d\u0430 Pet24","robots":{"index":"index","follow":"follow","max-snippet":"max-snippet:-1","max-image-preview":"max-image-preview:large","max-video-preview":"max-video-preview:-1"},"canonical":"https:\/\/pet24.md\/ro\/produs\/natura-koshachij-lotok-385-x-60-x-405-sm\/","og_locale":"ro_RO","og_type":"article","og_title":"Natura \u043a\u043e\u0448\u0430\u0447\u0438\u0439 \u043b\u043e\u0442\u043e\u043a 38,5 x 60 x 40,5 \u0441\u043c","og_description":"\u041a\u0443\u043f\u0438\u0442\u044c Natura \u043a\u043e\u0448\u0430\u0447\u0438\u0439 \u043b\u043e\u0442\u043e\u043a 38,5 x 60 x 40,5 \u0441\u043c \u0441 \u0434\u043e\u0441\u0442\u0430\u0432\u043a\u043e\u0439 \u043f\u043e \u041a\u0438\u0448\u0438\u043d\u0435\u0432\u0443 \u0438 \u0432\u0441\u0435\u0439 \u041c\u043e\u043b\u0434\u043e\u0432\u0435 \u043d\u0430 Pet24","og_url":"https:\/\/pet24.md\/ro\/produs\/natura-koshachij-lotok-385-x-60-x-405-sm\/","og_site_name":"Pet24","article_publisher":"https:\/\/www.facebook.com\/pet24.md","article_modified_time":"2024-09-22T22:16:35+00:00","og_image":[{"width":500,"height":500,"url":"https:\/\/pet24.md\/wp-content\/uploads\/2024\/09\/natura-koshachij-lotok-385-x-60-x-405-sm-1.webp","type":"image\/webp"}],"twitter_card":"summary_large_image","schema":{"@context":"https:\/\/schema.org","@graph":[{"@type":"WebPage","@id":"https:\/\/pet24.md\/product\/natura-koshachij-lotok-385-x-60-x-405-sm\/","url":"https:\/\/pet24.md\/product\/natura-koshachij-lotok-385-x-60-x-405-sm\/","name":"Litier pentru pisici Natura 38,5 x 60 x 40,5 cm","isPartOf":{"@id":"https:\/\/pet24.md\/#website"},"primaryImageOfPage":{"@id":"https:\/\/pet24.md\/product\/natura-koshachij-lotok-385-x-60-x-405-sm\/#primaryimage"},"image":{"@id":"https:\/\/pet24.md\/product\/natura-koshachij-lotok-385-x-60-x-405-sm\/#primaryimage"},"thumbnailUrl":"https:\/\/pet24.md\/wp-content\/uploads\/2024\/09\/natura-koshachij-lotok-385-x-60-x-405-sm-1.webp","datePublished":"2024-08-01T21:22:01+00:00","dateModified":"2024-09-22T22:16:35+00:00","description":"\u041a\u0443\u043f\u0438\u0442\u044c Natura \u043a\u043e\u0448\u0430\u0447\u0438\u0439 \u043b\u043e\u0442\u043e\u043a 38,5 x 60 x 40,5 \u0441\u043c \u0441 \u0434\u043e\u0441\u0442\u0430\u0432\u043a\u043e\u0439 \u043f\u043e \u041a\u0438\u0448\u0438\u043d\u0435\u0432\u0443 \u0438 \u0432\u0441\u0435\u0439 \u041c\u043e\u043b\u0434\u043e\u0432\u0435 \u043d\u0430 Pet24","breadcrumb":{"@id":"https:\/\/pet24.md\/product\/natura-koshachij-lotok-385-x-60-x-405-sm\/#breadcrumb"},"inLanguage":"ro-RO","potentialAction":[{"@type":"ReadAction","target":["https:\/\/pet24.md\/product\/natura-koshachij-lotok-385-x-60-x-405-sm\/"]}]},{"@type":"ImageObject","inLanguage":"ro-RO","@id":"https:\/\/pet24.md\/product\/natura-koshachij-lotok-385-x-60-x-405-sm\/#primaryimage","url":"https:\/\/pet24.md\/wp-content\/uploads\/2024\/09\/natura-koshachij-lotok-385-x-60-x-405-sm-1.webp","contentUrl":"https:\/\/pet24.md\/wp-content\/uploads\/2024\/09\/natura-koshachij-lotok-385-x-60-x-405-sm-1.webp","width":500,"height":500,"caption":"Natura \u043a\u043e\u0448\u0430\u0447\u0438\u0439 \u043b\u043e\u0442\u043e\u043a 38"},{"@type":"BreadcrumbList","@id":"https:\/\/pet24.md\/product\/natura-koshachij-lotok-385-x-60-x-405-sm\/#breadcrumb","itemListElement":[{"@type":"ListItem","position":1,"name":"\u0413\u043b\u0430\u0432\u043d\u0430\u044f \u0441\u0442\u0440\u0430\u043d\u0438\u0446\u0430","item":"https:\/\/pet24.md\/"},{"@type":"ListItem","position":2,"name":"\u041c\u0430\u0433\u0430\u0437\u0438\u043d","item":"https:\/\/pet24.md\/shop\/"},{"@type":"ListItem","position":3,"name":"Natura \u043a\u043e\u0448\u0430\u0447\u0438\u0439 \u043b\u043e\u0442\u043e\u043a 38,5 x 60 x 40,5 \u0441\u043c"}]},{"@type":"WebSite","@id":"https:\/\/pet24.md\/#website","url":"https:\/\/pet24.md\/","name":"Pet24","description":"Magazin de animale de companie","publisher":{"@id":"https:\/\/pet24.md\/#organization"},"potentialAction":[{"@type":"SearchAction","target":{"@type":"EntryPoint","urlTemplate":"https:\/\/pet24.md\/?s={search_term_string}"},"query-input":{"@type":"PropertyValueSpecification","valueRequired":true,"valueName":"search_term_string"}}],"inLanguage":"ro-RO"},{"@type":"Organization","@id":"https:\/\/pet24.md\/#organization","name":"Pet24","url":"https:\/\/pet24.md\/","logo":{"@type":"ImageObject","inLanguage":"ro-RO","@id":"https:\/\/pet24.md\/#\/schema\/logo\/image\/","url":"https:\/\/pet24.md\/wp-content\/uploads\/2024\/09\/logo.svg","contentUrl":"https:\/\/pet24.md\/wp-content\/uploads\/2024\/09\/logo.svg","width":215,"height":66,"caption":"Pet24"},"image":{"@id":"https:\/\/pet24.md\/#\/schema\/logo\/image\/"},"sameAs":["https:\/\/www.facebook.com\/pet24.md","https:\/\/www.instagram.com\/pet24.md\/"],"telephone":"+37360508880"}]}},"_links":{"self":[{"href":"https:\/\/pet24.md\/ro\/wp-json\/wp\/v2\/product\/85280","targetHints":{"allow":["GET"]}}],"collection":[{"href":"https:\/\/pet24.md\/ro\/wp-json\/wp\/v2\/product"}],"about":[{"href":"https:\/\/pet24.md\/ro\/wp-json\/wp\/v2\/types\/product"}],"replies":[{"embeddable":true,"href":"https:\/\/pet24.md\/ro\/wp-json\/wp\/v2\/comments?post=85280"}],"wp:featuredmedia":[{"embeddable":true,"href":"https:\/\/pet24.md\/ro\/wp-json\/wp\/v2\/media\/91081"}],"wp:attachment":[{"href":"https:\/\/pet24.md\/ro\/wp-json\/wp\/v2\/media?parent=85280"}],"wp:term":[{"taxonomy":"product_brand","embeddable":true,"href":"https:\/\/pet24.md\/ro\/wp-json\/wp\/v2\/product_brand?post=85280"},{"taxonomy":"product_cat","embeddable":true,"href":"https:\/\/pet24.md\/ro\/wp-json\/wp\/v2\/product_cat?post=85280"},{"taxonomy":"product_tag","embeddable":true,"href":"https:\/\/pet24.md\/ro\/wp-json\/wp\/v2\/product_tag?post=85280"}],"curies":[{"name":"wp","href":"https:\/\/api.w.org\/{rel}","templated":true}]}}