{"id":8561,"date":"2020-09-13T22:00:17","date_gmt":"2020-09-13T22:00:17","guid":{"rendered":"https:\/\/pet24.md\/?post_type=product&#038;p=8561"},"modified":"2024-09-22T22:09:15","modified_gmt":"2024-09-22T22:09:15","slug":"vitapol-karmeo-premium-chinchilla-premium-korm-dlya-shinshill","status":"publish","type":"product","link":"https:\/\/pet24.md\/ro\/produs\/vitapol-karmeo-premium-chinchilla-premium-korm-dlya-shinshill\/","title":{"rendered":"Vitapol. Hrana completa Karmeo Premium pentru chinchilla 450 g"},"content":{"rendered":"<h3>Amestecul de baz\u0103 pentru chinchilla<\/h3>\n<p>Acest amestec echilibrat de baz\u0103 este special formulat pentru chinchilla, reduc\u00e2nd cantitatea de cereale \u00een favoarea unei variet\u0103\u021bi de granule \u0219i extrudate, oferind o gam\u0103 larg\u0103 de nutrien\u021bi. Amestecul este \u00eembog\u0103\u021bit cu fructe \u0219i ierburi de cea mai bun\u0103 calitate.<\/p>\n<p><strong>Ingrediente:<\/strong><\/p>\n<ul>\n<li>F\u0103in\u0103 de porumb<\/li>\n<li>f\u0103in\u0103 de gr\u00e2u<\/li>\n<li>t\u0103r\u00e2\u021be de gr\u00e2u<\/li>\n<li>F\u00e2n granulat<\/li>\n<li>Fulgi de porumb<\/li>\n<li>Coji de ov\u0103z<\/li>\n<li>Coji de soia<\/li>\n<li>F\u0103in\u0103 de lucern\u0103<\/li>\n<li>F\u0103in\u0103 din semin\u021be de in (4%)<\/li>\n<li>Gr\u00e2u<\/li>\n<li>Orz<\/li>\n<li>Hri\u015fc\u0103<\/li>\n<li>P\u0103ducel uscat<\/li>\n<li>Semin\u021be de floarea soarelui \u00een dungi<\/li>\n<li>Fulgi de gr\u00e2u<\/li>\n<li>Anghinare uscat\u0103 (1,5%)<\/li>\n<li>Morcovi usca\u021bi (1%)<\/li>\n<li>M\u0103ce\u0219e uscate (1%)<\/li>\n<li>Rowan uscat (1%)<\/li>\n<li>Tort cu floarea soarelui<\/li>\n<li>Cimbru (1%)<\/li>\n<li>Tulpini de patrunjel uscate<\/li>\n<li>Urzica uscata (0,25%)<\/li>\n<li>Scoar\u021b\u0103 de salcie uscat\u0103 (0,25%)<\/li>\n<li>Ramuri uscate de mesteac\u0103n<\/li>\n<li>Frunze uscate de p\u0103p\u0103die (0,25%)<\/li>\n<li>Pulpa de sfecl\u0103 uscat\u0103<\/li>\n<li>Fibre de maz\u0103re<\/li>\n<li>Fosfat monocalcic<\/li>\n<li>Carbonat de calciu<\/li>\n<\/ul>\n<p><strong>Indicatori analitici:<\/strong><\/p>\n<ul>\n<li>Proteine brute (metoda Kjeldahl) min. 11.3%<\/li>\n<li>Gr\u0103simi brute min. 0,88%<\/li>\n<li>Fibr\u0103 brut\u0103 max. 11.99%<\/li>\n<li>Cenu\u0219\u0103 brut\u0103 max. 5.5%<\/li>\n<li>Umiditate max. 12%<\/li>\n<\/ul>\n<h3>Avantaje:<\/h3>\n<ul>\n<li><strong>M\u0103ce\u0219ul<\/strong>: Bogat in vitamina C, contine vitaminele A, B1, B2, E, K, flavonoide, taninuri si acizi organici.<\/li>\n<li><strong>Rowan<\/strong>: efect diuretic si antiinflamator asupra membranei mucoase a intestinelor si stomacului, calmeaza iritatiile hepatice.<\/li>\n<li><strong>Fructe de p\u0103ducel<\/strong>: Contine vitaminele C, PP, B1 si caroten, reduce tensiunea arteriala si are efect calmant.<\/li>\n<li><strong>petale de trandafir<\/strong>: efect vitaminizant \u0219i de \u00eent\u0103rire.<\/li>\n<li><strong>P\u0103p\u0103die<\/strong>: Stimuleaza pofta de mancare si sustine sistemul urinar.<\/li>\n<li><strong>Tuberculi de anghinare uscate<\/strong>: Surs\u0103 natural\u0103 de inulin\u0103, care scade nivelul zah\u0103rului din s\u00e2nge.<\/li>\n<\/ul>\n<h3>Instructiuni de utilizare:<\/h3>\n<p>Hr\u0103ni\u021bi 25-30 g de hran\u0103 pe zi \u00een func\u021bie de greutatea \u0219i v\u00e2rsta animalului. Asigura\u021bi acces constant la ap\u0103 proasp\u0103t\u0103 de b\u0103ut \u0219i f\u00e2n.<\/p>","protected":false},"excerpt":{"rendered":"<p>Compozi\u021bia alimentelor are un efect vitaminizant \u0219i de \u00eent\u0103rire<\/p>","protected":false},"featured_media":89083,"comment_status":"closed","ping_status":"closed","template":"","meta":[],"product_brand":[],"product_cat":[156,169,170],"product_tag":[171,160],"class_list":{"0":"post-8561","1":"product","2":"type-product","3":"status-publish","4":"has-post-thumbnail","6":"product_cat-rodent","7":"product_cat-rodent-food","8":"product_cat-chinchillas-food","9":"product_tag-korm-dlya-shinshill","10":"product_tag-shinshilla","11":"pa_brand-vitapol","12":"pa_pet-gryzun","14":"first","15":"instock","16":"product-type-simple"},"yoast_head":"<!-- This site is optimized with the Yoast SEO Premium plugin v23.7 (Yoast SEO v27.5) - https:\/\/yoast.com\/product\/yoast-seo-premium-wordpress\/ -->\n<title>Vitapol. Karmeo Premium \u043f\u043e\u043b\u043d\u043e\u0440\u0430\u0446\u0438\u043e\u043d\u043d\u044b\u0439 \u043a\u043e\u0440\u043c \u0434\u043b\u044f \u0448\u0438\u043d\u0448\u0438\u043b\u043b 450 \u0433<\/title>\n<meta name=\"description\" content=\"\u041a\u0443\u043f\u0438\u0442\u044c Vitapol. Karmeo Premium \u043f\u043e\u043b\u043d\u043e\u0440\u0430\u0446\u0438\u043e\u043d\u043d\u044b\u0439 \u043a\u043e\u0440\u043c \u0434\u043b\u044f \u0448\u0438\u043d\u0448\u0438\u043b\u043b 450 \u0433 \u0441 \u0434\u043e\u0441\u0442\u0430\u0432\u043a\u043e\u0439 \u043f\u043e \u041a\u0438\u0448\u0438\u043d\u0435\u0432\u0443 \u0438 \u0432\u0441\u0435\u0439 \u041c\u043e\u043b\u0434\u043e\u0432\u0435 \u043d\u0430 Pet24\" \/>\n<meta name=\"robots\" content=\"index, follow, max-snippet:-1, max-image-preview:large, max-video-preview:-1\" \/>\n<link rel=\"canonical\" href=\"https:\/\/pet24.md\/ro\/produs\/vitapol-karmeo-premium-chinchilla-premium-korm-dlya-shinshill\/\" \/>\n<meta property=\"og:locale\" content=\"ro_RO\" \/>\n<meta property=\"og:type\" content=\"article\" \/>\n<meta property=\"og:title\" content=\"Vitapol. Karmeo Premium \u043f\u043e\u043b\u043d\u043e\u0440\u0430\u0446\u0438\u043e\u043d\u043d\u044b\u0439 \u043a\u043e\u0440\u043c \u0434\u043b\u044f \u0448\u0438\u043d\u0448\u0438\u043b\u043b 450 \u0433\" \/>\n<meta property=\"og:description\" content=\"\u041a\u0443\u043f\u0438\u0442\u044c Vitapol. Karmeo Premium \u043f\u043e\u043b\u043d\u043e\u0440\u0430\u0446\u0438\u043e\u043d\u043d\u044b\u0439 \u043a\u043e\u0440\u043c \u0434\u043b\u044f \u0448\u0438\u043d\u0448\u0438\u043b\u043b 450 \u0433 \u0441 \u0434\u043e\u0441\u0442\u0430\u0432\u043a\u043e\u0439 \u043f\u043e \u041a\u0438\u0448\u0438\u043d\u0435\u0432\u0443 \u0438 \u0432\u0441\u0435\u0439 \u041c\u043e\u043b\u0434\u043e\u0432\u0435 \u043d\u0430 Pet24\" \/>\n<meta property=\"og:url\" content=\"https:\/\/pet24.md\/ro\/produs\/vitapol-karmeo-premium-chinchilla-premium-korm-dlya-shinshill\/\" \/>\n<meta property=\"og:site_name\" content=\"Pet24\" \/>\n<meta property=\"article:publisher\" content=\"https:\/\/www.facebook.com\/pet24.md\" \/>\n<meta property=\"article:modified_time\" content=\"2024-09-22T22:09:15+00:00\" \/>\n<meta property=\"og:image\" content=\"https:\/\/pet24.md\/wp-content\/uploads\/2024\/09\/vitapol-karmeo-premium-polnoraczionnyj-korm-dlya-shinshill-450-g.webp\" \/>\n\t<meta property=\"og:image:width\" content=\"600\" \/>\n\t<meta property=\"og:image:height\" content=\"600\" \/>\n\t<meta property=\"og:image:type\" content=\"image\/webp\" \/>\n<meta name=\"twitter:card\" content=\"summary_large_image\" \/>\n<script type=\"application\/ld+json\" class=\"yoast-schema-graph\">{\"@context\":\"https:\\\/\\\/schema.org\",\"@graph\":[{\"@type\":\"WebPage\",\"@id\":\"https:\\\/\\\/pet24.md\\\/product\\\/vitapol-karmeo-premium-chinchilla-premium-korm-dlya-shinshill\\\/\",\"url\":\"https:\\\/\\\/pet24.md\\\/product\\\/vitapol-karmeo-premium-chinchilla-premium-korm-dlya-shinshill\\\/\",\"name\":\"Vitapol. Karmeo Premium \u043f\u043e\u043b\u043d\u043e\u0440\u0430\u0446\u0438\u043e\u043d\u043d\u044b\u0439 \u043a\u043e\u0440\u043c \u0434\u043b\u044f \u0448\u0438\u043d\u0448\u0438\u043b\u043b 450 \u0433\",\"isPartOf\":{\"@id\":\"https:\\\/\\\/pet24.md\\\/#website\"},\"primaryImageOfPage\":{\"@id\":\"https:\\\/\\\/pet24.md\\\/product\\\/vitapol-karmeo-premium-chinchilla-premium-korm-dlya-shinshill\\\/#primaryimage\"},\"image\":{\"@id\":\"https:\\\/\\\/pet24.md\\\/product\\\/vitapol-karmeo-premium-chinchilla-premium-korm-dlya-shinshill\\\/#primaryimage\"},\"thumbnailUrl\":\"https:\\\/\\\/pet24.md\\\/wp-content\\\/uploads\\\/2024\\\/09\\\/vitapol-karmeo-premium-polnoraczionnyj-korm-dlya-shinshill-450-g.webp\",\"datePublished\":\"2020-09-13T22:00:17+00:00\",\"dateModified\":\"2024-09-22T22:09:15+00:00\",\"description\":\"\u041a\u0443\u043f\u0438\u0442\u044c Vitapol. Karmeo Premium \u043f\u043e\u043b\u043d\u043e\u0440\u0430\u0446\u0438\u043e\u043d\u043d\u044b\u0439 \u043a\u043e\u0440\u043c \u0434\u043b\u044f \u0448\u0438\u043d\u0448\u0438\u043b\u043b 450 \u0433 \u0441 \u0434\u043e\u0441\u0442\u0430\u0432\u043a\u043e\u0439 \u043f\u043e \u041a\u0438\u0448\u0438\u043d\u0435\u0432\u0443 \u0438 \u0432\u0441\u0435\u0439 \u041c\u043e\u043b\u0434\u043e\u0432\u0435 \u043d\u0430 Pet24\",\"breadcrumb\":{\"@id\":\"https:\\\/\\\/pet24.md\\\/product\\\/vitapol-karmeo-premium-chinchilla-premium-korm-dlya-shinshill\\\/#breadcrumb\"},\"inLanguage\":\"ro-RO\",\"potentialAction\":[{\"@type\":\"ReadAction\",\"target\":[\"https:\\\/\\\/pet24.md\\\/product\\\/vitapol-karmeo-premium-chinchilla-premium-korm-dlya-shinshill\\\/\"]}]},{\"@type\":\"ImageObject\",\"inLanguage\":\"ro-RO\",\"@id\":\"https:\\\/\\\/pet24.md\\\/product\\\/vitapol-karmeo-premium-chinchilla-premium-korm-dlya-shinshill\\\/#primaryimage\",\"url\":\"https:\\\/\\\/pet24.md\\\/wp-content\\\/uploads\\\/2024\\\/09\\\/vitapol-karmeo-premium-polnoraczionnyj-korm-dlya-shinshill-450-g.webp\",\"contentUrl\":\"https:\\\/\\\/pet24.md\\\/wp-content\\\/uploads\\\/2024\\\/09\\\/vitapol-karmeo-premium-polnoraczionnyj-korm-dlya-shinshill-450-g.webp\",\"width\":600,\"height\":600,\"caption\":\"vitapol karmeo premium polnoraczionnyj korm dlya shinshill 450 g\"},{\"@type\":\"BreadcrumbList\",\"@id\":\"https:\\\/\\\/pet24.md\\\/product\\\/vitapol-karmeo-premium-chinchilla-premium-korm-dlya-shinshill\\\/#breadcrumb\",\"itemListElement\":[{\"@type\":\"ListItem\",\"position\":1,\"name\":\"\u0413\u043b\u0430\u0432\u043d\u0430\u044f \u0441\u0442\u0440\u0430\u043d\u0438\u0446\u0430\",\"item\":\"https:\\\/\\\/pet24.md\\\/\"},{\"@type\":\"ListItem\",\"position\":2,\"name\":\"\u041c\u0430\u0433\u0430\u0437\u0438\u043d\",\"item\":\"https:\\\/\\\/pet24.md\\\/shop\\\/\"},{\"@type\":\"ListItem\",\"position\":3,\"name\":\"Vitapol. Karmeo Premium \u043f\u043e\u043b\u043d\u043e\u0440\u0430\u0446\u0438\u043e\u043d\u043d\u044b\u0439 \u043a\u043e\u0440\u043c \u0434\u043b\u044f \u0448\u0438\u043d\u0448\u0438\u043b\u043b 450 \u0433\"}]},{\"@type\":\"WebSite\",\"@id\":\"https:\\\/\\\/pet24.md\\\/#website\",\"url\":\"https:\\\/\\\/pet24.md\\\/\",\"name\":\"Pet24\",\"description\":\"\u0417\u043e\u043e\u043c\u0430\u0433\u0430\u0437\u0438\u043d \u0442\u043e\u0432\u0430\u0440\u043e\u0432 \u0434\u043b\u044f \u0434\u043e\u043c\u0430\u0448\u043d\u0438\u0445 \u043f\u0438\u0442\u043e\u043c\u0446\u0435\u0432\",\"publisher\":{\"@id\":\"https:\\\/\\\/pet24.md\\\/#organization\"},\"potentialAction\":[{\"@type\":\"SearchAction\",\"target\":{\"@type\":\"EntryPoint\",\"urlTemplate\":\"https:\\\/\\\/pet24.md\\\/?s={search_term_string}\"},\"query-input\":{\"@type\":\"PropertyValueSpecification\",\"valueRequired\":true,\"valueName\":\"search_term_string\"}}],\"inLanguage\":\"ro-RO\"},{\"@type\":\"Organization\",\"@id\":\"https:\\\/\\\/pet24.md\\\/#organization\",\"name\":\"Pet24\",\"url\":\"https:\\\/\\\/pet24.md\\\/\",\"logo\":{\"@type\":\"ImageObject\",\"inLanguage\":\"ro-RO\",\"@id\":\"https:\\\/\\\/pet24.md\\\/#\\\/schema\\\/logo\\\/image\\\/\",\"url\":\"https:\\\/\\\/pet24.md\\\/wp-content\\\/uploads\\\/2024\\\/09\\\/logo.svg\",\"contentUrl\":\"https:\\\/\\\/pet24.md\\\/wp-content\\\/uploads\\\/2024\\\/09\\\/logo.svg\",\"width\":215,\"height\":66,\"caption\":\"Pet24\"},\"image\":{\"@id\":\"https:\\\/\\\/pet24.md\\\/#\\\/schema\\\/logo\\\/image\\\/\"},\"sameAs\":[\"https:\\\/\\\/www.facebook.com\\\/pet24.md\",\"https:\\\/\\\/www.instagram.com\\\/pet24.md\\\/\"],\"telephone\":\"+37360508880\"}]}<\/script>\n<!-- \/ Yoast SEO Premium plugin. -->","yoast_head_json":{"title":"Vitapol. Hrana completa Karmeo Premium pentru chinchilla 450 g","description":"\u041a\u0443\u043f\u0438\u0442\u044c Vitapol. Karmeo Premium \u043f\u043e\u043b\u043d\u043e\u0440\u0430\u0446\u0438\u043e\u043d\u043d\u044b\u0439 \u043a\u043e\u0440\u043c \u0434\u043b\u044f \u0448\u0438\u043d\u0448\u0438\u043b\u043b 450 \u0433 \u0441 \u0434\u043e\u0441\u0442\u0430\u0432\u043a\u043e\u0439 \u043f\u043e \u041a\u0438\u0448\u0438\u043d\u0435\u0432\u0443 \u0438 \u0432\u0441\u0435\u0439 \u041c\u043e\u043b\u0434\u043e\u0432\u0435 \u043d\u0430 Pet24","robots":{"index":"index","follow":"follow","max-snippet":"max-snippet:-1","max-image-preview":"max-image-preview:large","max-video-preview":"max-video-preview:-1"},"canonical":"https:\/\/pet24.md\/ro\/produs\/vitapol-karmeo-premium-chinchilla-premium-korm-dlya-shinshill\/","og_locale":"ro_RO","og_type":"article","og_title":"Vitapol. Karmeo Premium \u043f\u043e\u043b\u043d\u043e\u0440\u0430\u0446\u0438\u043e\u043d\u043d\u044b\u0439 \u043a\u043e\u0440\u043c \u0434\u043b\u044f \u0448\u0438\u043d\u0448\u0438\u043b\u043b 450 \u0433","og_description":"\u041a\u0443\u043f\u0438\u0442\u044c Vitapol. Karmeo Premium \u043f\u043e\u043b\u043d\u043e\u0440\u0430\u0446\u0438\u043e\u043d\u043d\u044b\u0439 \u043a\u043e\u0440\u043c \u0434\u043b\u044f \u0448\u0438\u043d\u0448\u0438\u043b\u043b 450 \u0433 \u0441 \u0434\u043e\u0441\u0442\u0430\u0432\u043a\u043e\u0439 \u043f\u043e \u041a\u0438\u0448\u0438\u043d\u0435\u0432\u0443 \u0438 \u0432\u0441\u0435\u0439 \u041c\u043e\u043b\u0434\u043e\u0432\u0435 \u043d\u0430 Pet24","og_url":"https:\/\/pet24.md\/ro\/produs\/vitapol-karmeo-premium-chinchilla-premium-korm-dlya-shinshill\/","og_site_name":"Pet24","article_publisher":"https:\/\/www.facebook.com\/pet24.md","article_modified_time":"2024-09-22T22:09:15+00:00","og_image":[{"width":600,"height":600,"url":"https:\/\/pet24.md\/wp-content\/uploads\/2024\/09\/vitapol-karmeo-premium-polnoraczionnyj-korm-dlya-shinshill-450-g.webp","type":"image\/webp"}],"twitter_card":"summary_large_image","schema":{"@context":"https:\/\/schema.org","@graph":[{"@type":"WebPage","@id":"https:\/\/pet24.md\/product\/vitapol-karmeo-premium-chinchilla-premium-korm-dlya-shinshill\/","url":"https:\/\/pet24.md\/product\/vitapol-karmeo-premium-chinchilla-premium-korm-dlya-shinshill\/","name":"Vitapol. Hrana completa Karmeo Premium pentru chinchilla 450 g","isPartOf":{"@id":"https:\/\/pet24.md\/#website"},"primaryImageOfPage":{"@id":"https:\/\/pet24.md\/product\/vitapol-karmeo-premium-chinchilla-premium-korm-dlya-shinshill\/#primaryimage"},"image":{"@id":"https:\/\/pet24.md\/product\/vitapol-karmeo-premium-chinchilla-premium-korm-dlya-shinshill\/#primaryimage"},"thumbnailUrl":"https:\/\/pet24.md\/wp-content\/uploads\/2024\/09\/vitapol-karmeo-premium-polnoraczionnyj-korm-dlya-shinshill-450-g.webp","datePublished":"2020-09-13T22:00:17+00:00","dateModified":"2024-09-22T22:09:15+00:00","description":"\u041a\u0443\u043f\u0438\u0442\u044c Vitapol. Karmeo Premium \u043f\u043e\u043b\u043d\u043e\u0440\u0430\u0446\u0438\u043e\u043d\u043d\u044b\u0439 \u043a\u043e\u0440\u043c \u0434\u043b\u044f \u0448\u0438\u043d\u0448\u0438\u043b\u043b 450 \u0433 \u0441 \u0434\u043e\u0441\u0442\u0430\u0432\u043a\u043e\u0439 \u043f\u043e \u041a\u0438\u0448\u0438\u043d\u0435\u0432\u0443 \u0438 \u0432\u0441\u0435\u0439 \u041c\u043e\u043b\u0434\u043e\u0432\u0435 \u043d\u0430 Pet24","breadcrumb":{"@id":"https:\/\/pet24.md\/product\/vitapol-karmeo-premium-chinchilla-premium-korm-dlya-shinshill\/#breadcrumb"},"inLanguage":"ro-RO","potentialAction":[{"@type":"ReadAction","target":["https:\/\/pet24.md\/product\/vitapol-karmeo-premium-chinchilla-premium-korm-dlya-shinshill\/"]}]},{"@type":"ImageObject","inLanguage":"ro-RO","@id":"https:\/\/pet24.md\/product\/vitapol-karmeo-premium-chinchilla-premium-korm-dlya-shinshill\/#primaryimage","url":"https:\/\/pet24.md\/wp-content\/uploads\/2024\/09\/vitapol-karmeo-premium-polnoraczionnyj-korm-dlya-shinshill-450-g.webp","contentUrl":"https:\/\/pet24.md\/wp-content\/uploads\/2024\/09\/vitapol-karmeo-premium-polnoraczionnyj-korm-dlya-shinshill-450-g.webp","width":600,"height":600,"caption":"vitapol karmeo premium polnoraczionnyj korm dlya shinshill 450 g"},{"@type":"BreadcrumbList","@id":"https:\/\/pet24.md\/product\/vitapol-karmeo-premium-chinchilla-premium-korm-dlya-shinshill\/#breadcrumb","itemListElement":[{"@type":"ListItem","position":1,"name":"\u0413\u043b\u0430\u0432\u043d\u0430\u044f \u0441\u0442\u0440\u0430\u043d\u0438\u0446\u0430","item":"https:\/\/pet24.md\/"},{"@type":"ListItem","position":2,"name":"\u041c\u0430\u0433\u0430\u0437\u0438\u043d","item":"https:\/\/pet24.md\/shop\/"},{"@type":"ListItem","position":3,"name":"Vitapol. Karmeo Premium \u043f\u043e\u043b\u043d\u043e\u0440\u0430\u0446\u0438\u043e\u043d\u043d\u044b\u0439 \u043a\u043e\u0440\u043c \u0434\u043b\u044f \u0448\u0438\u043d\u0448\u0438\u043b\u043b 450 \u0433"}]},{"@type":"WebSite","@id":"https:\/\/pet24.md\/#website","url":"https:\/\/pet24.md\/","name":"Pet24","description":"Magazin de animale de companie","publisher":{"@id":"https:\/\/pet24.md\/#organization"},"potentialAction":[{"@type":"SearchAction","target":{"@type":"EntryPoint","urlTemplate":"https:\/\/pet24.md\/?s={search_term_string}"},"query-input":{"@type":"PropertyValueSpecification","valueRequired":true,"valueName":"search_term_string"}}],"inLanguage":"ro-RO"},{"@type":"Organization","@id":"https:\/\/pet24.md\/#organization","name":"Pet24","url":"https:\/\/pet24.md\/","logo":{"@type":"ImageObject","inLanguage":"ro-RO","@id":"https:\/\/pet24.md\/#\/schema\/logo\/image\/","url":"https:\/\/pet24.md\/wp-content\/uploads\/2024\/09\/logo.svg","contentUrl":"https:\/\/pet24.md\/wp-content\/uploads\/2024\/09\/logo.svg","width":215,"height":66,"caption":"Pet24"},"image":{"@id":"https:\/\/pet24.md\/#\/schema\/logo\/image\/"},"sameAs":["https:\/\/www.facebook.com\/pet24.md","https:\/\/www.instagram.com\/pet24.md\/"],"telephone":"+37360508880"}]}},"_links":{"self":[{"href":"https:\/\/pet24.md\/ro\/wp-json\/wp\/v2\/product\/8561","targetHints":{"allow":["GET"]}}],"collection":[{"href":"https:\/\/pet24.md\/ro\/wp-json\/wp\/v2\/product"}],"about":[{"href":"https:\/\/pet24.md\/ro\/wp-json\/wp\/v2\/types\/product"}],"replies":[{"embeddable":true,"href":"https:\/\/pet24.md\/ro\/wp-json\/wp\/v2\/comments?post=8561"}],"wp:featuredmedia":[{"embeddable":true,"href":"https:\/\/pet24.md\/ro\/wp-json\/wp\/v2\/media\/89083"}],"wp:attachment":[{"href":"https:\/\/pet24.md\/ro\/wp-json\/wp\/v2\/media?parent=8561"}],"wp:term":[{"taxonomy":"product_brand","embeddable":true,"href":"https:\/\/pet24.md\/ro\/wp-json\/wp\/v2\/product_brand?post=8561"},{"taxonomy":"product_cat","embeddable":true,"href":"https:\/\/pet24.md\/ro\/wp-json\/wp\/v2\/product_cat?post=8561"},{"taxonomy":"product_tag","embeddable":true,"href":"https:\/\/pet24.md\/ro\/wp-json\/wp\/v2\/product_tag?post=8561"}],"curies":[{"name":"wp","href":"https:\/\/api.w.org\/{rel}","templated":true}]}}