{"id":86127,"date":"2024-08-12T15:16:13","date_gmt":"2024-08-12T15:16:13","guid":{"rendered":"https:\/\/pet24.md\/?post_type=product&#038;p=86127"},"modified":"2024-09-22T22:17:06","modified_gmt":"2024-09-22T22:17:06","slug":"4dog-shampun-s-hlorgeksidinom-dlya-sobak-500-ml","status":"publish","type":"product","link":"https:\/\/pet24.md\/ro\/produs\/4dog-shampun-s-hlorgeksidinom-dlya-sobak-500-ml\/","title":{"rendered":"4\u0218ampon pentru c\u00e2ini cu clorhexidin\u0103 pentru c\u00e2ini, 500 ml"},"content":{"rendered":"<p><strong>Sampon cu clorhexidina pentru caini, 500 ml<\/strong><\/p>\n<p>\u0218amponul este conceput special pentru \u00eengrijirea pielii \u0219i a blanii c\u00e2inilor. Are efect antiseptic \u0219i este ideal pentru utilizarea zilnic\u0103 dup\u0103 mers pe jos.<\/p>\n<p>\u0218amponul \u00eendep\u0103rteaz\u0103 eficient impurit\u0103\u021bile \u0219i cur\u0103\u021b\u0103 \u00een profunzime blana f\u0103r\u0103 a-i deteriora structura. Dup\u0103 folosirea \u0219amponului, l\u00e2na devine moale \u0219i cap\u0103t\u0103 o arom\u0103 u\u0219oar\u0103. Este usor de pieptanat si capata o stralucire naturala.<\/p>\n<p>Datorit\u0103 con\u021binutului de extract natural de tei \u0219i alantoin\u0103, \u0219amponul hidrateaz\u0103 \u0219i calmeaz\u0103 pielea, oferindu-i \u00eengrijirea necesar\u0103.<\/p>\n<p><strong>Instructiuni de utilizare:<\/strong><\/p>\n<ul>\n<li>Uda\u021bi blana c\u00e2inelui cu ap\u0103 cald\u0103.<\/li>\n<li>Aplica\u021bi o cantitate suficient\u0103 de \u0219ampon \u0219i crea\u021bi o spum\u0103.<\/li>\n<li>L\u0103sa\u021bi spuma pe strat timp de 5-10 minute, apoi cl\u0103ti\u021bi bine.<\/li>\n<li>Repeta\u021bi procedura dac\u0103 este necesar.<\/li>\n<li>Evita\u021bi s\u0103 v\u0103 introduce\u021bi \u0219amponul \u00een ochi.<\/li>\n<li>Dup\u0103 baie, usca\u021bi haina cu un prosop sau un usc\u0103tor de p\u0103r.<\/li>\n<\/ul>\n<p><strong>Conditii de pastrare:<\/strong><\/p>\n<p>\u0218amponul trebuie p\u0103strat \u00eentr-un loc ferit de lumina soarelui. Nu-l expune\u021bi la temperaturi sub 5\u00b0C sau peste 25\u00b0C.<\/p>\n<p><strong>Compus:<\/strong> ap\u0103, laureth sulfat de sodiu, cocamidopropil betain\u0103, clorur\u0103 de sodiu, clorhexidin\u0103 digluconat, glicerin\u0103, alantoin\u0103, extract de flori de tei cordat, arom\u0103 de metilcloroizotiazolinon\u0103, metilizotiazolinon\u0103.<\/p>\n<p>Comanda astazi sampon cu clorhexidina pentru caini, 500 ml si asigura-ti animalului tau o alimentatie si sanatate adecvata!<\/p>","protected":false},"excerpt":{"rendered":"<p>\u015eampon <strong>4 C\u00e2ine cu clorhexidin\u0103 pentru c\u00e2ini<\/strong>, 500 ml \u2013 acest sampon pentru caini este special conceput pentru pielea si blana cainilor si are efect antiseptic.<\/p>","protected":false},"featured_media":91160,"comment_status":"closed","ping_status":"closed","template":"","meta":[],"product_brand":[],"product_cat":[136,451,801],"product_tag":[813,821,818,814,240,764],"class_list":{"0":"post-86127","1":"product","2":"type-product","3":"status-publish","4":"has-post-thumbnail","6":"product_cat-dog","7":"product_cat-dogs-care","8":"product_cat-dog-shampoos","9":"product_tag-4dog","10":"product_tag-aloe-vera","11":"product_tag-antibakterialnyj","12":"product_tag-blestyashhaya-sherst","13":"product_tag-vzroslaya-sobaka","14":"product_tag-shampun","15":"pa_age-pet-vzroslyj","16":"pa_brand-4dog","17":"pa_packaging-flakon-plastmassovyj","18":"pa_pet-sobaka","19":"pa_purpose-product-uhod-za-sherstyu","20":"pa_purpose-product-chuvstvitelnaya-kozha","21":"pa_volume-500-ml","23":"first","24":"instock","25":"shipping-taxable","26":"product-type-simple"},"yoast_head":"<!-- This site is optimized with the Yoast SEO Premium plugin v23.7 (Yoast SEO v27.5) - https:\/\/yoast.com\/product\/yoast-seo-premium-wordpress\/ -->\n<title>4Dog \u0448\u0430\u043c\u043f\u0443\u043d\u044c \u0441 \u0445\u043b\u043e\u0440\u0433\u0435\u043a\u0441\u0438\u0434\u0438\u043d\u043e\u043c \u0434\u043b\u044f \u0441\u043e\u0431\u0430\u043a, 500 \u043c\u043b<\/title>\n<meta name=\"description\" content=\"\u041a\u0443\u043f\u0438\u0442\u044c 4Dog \u0448\u0430\u043c\u043f\u0443\u043d\u044c \u0441 \u0445\u043b\u043e\u0440\u0433\u0435\u043a\u0441\u0438\u0434\u0438\u043d\u043e\u043c \u0434\u043b\u044f \u0441\u043e\u0431\u0430\u043a, 500 \u043c\u043b \u0441 \u0434\u043e\u0441\u0442\u0430\u0432\u043a\u043e\u0439 \u043f\u043e \u041a\u0438\u0448\u0438\u043d\u0435\u0432\u0443 \u0438 \u0432\u0441\u0435\u0439 \u041c\u043e\u043b\u0434\u043e\u0432\u0435 \u043d\u0430 Pet24\" \/>\n<meta name=\"robots\" content=\"index, follow, max-snippet:-1, max-image-preview:large, max-video-preview:-1\" \/>\n<link rel=\"canonical\" href=\"https:\/\/pet24.md\/ro\/produs\/4dog-shampun-s-hlorgeksidinom-dlya-sobak-500-ml\/\" \/>\n<meta property=\"og:locale\" content=\"ro_RO\" \/>\n<meta property=\"og:type\" content=\"article\" \/>\n<meta property=\"og:title\" content=\"4Dog \u0448\u0430\u043c\u043f\u0443\u043d\u044c \u0441 \u0445\u043b\u043e\u0440\u0433\u0435\u043a\u0441\u0438\u0434\u0438\u043d\u043e\u043c \u0434\u043b\u044f \u0441\u043e\u0431\u0430\u043a, 500 \u043c\u043b\" \/>\n<meta property=\"og:description\" content=\"\u041a\u0443\u043f\u0438\u0442\u044c 4Dog \u0448\u0430\u043c\u043f\u0443\u043d\u044c \u0441 \u0445\u043b\u043e\u0440\u0433\u0435\u043a\u0441\u0438\u0434\u0438\u043d\u043e\u043c \u0434\u043b\u044f \u0441\u043e\u0431\u0430\u043a, 500 \u043c\u043b \u0441 \u0434\u043e\u0441\u0442\u0430\u0432\u043a\u043e\u0439 \u043f\u043e \u041a\u0438\u0448\u0438\u043d\u0435\u0432\u0443 \u0438 \u0432\u0441\u0435\u0439 \u041c\u043e\u043b\u0434\u043e\u0432\u0435 \u043d\u0430 Pet24\" \/>\n<meta property=\"og:url\" content=\"https:\/\/pet24.md\/ro\/produs\/4dog-shampun-s-hlorgeksidinom-dlya-sobak-500-ml\/\" \/>\n<meta property=\"og:site_name\" content=\"Pet24\" \/>\n<meta property=\"article:publisher\" content=\"https:\/\/www.facebook.com\/pet24.md\" \/>\n<meta property=\"article:modified_time\" content=\"2024-09-22T22:17:06+00:00\" \/>\n<meta property=\"og:image\" content=\"https:\/\/pet24.md\/wp-content\/uploads\/2024\/09\/4dog-shampun-s-hlorgeksidinom-dlya-sobak-500-ml-1.webp\" \/>\n\t<meta property=\"og:image:width\" content=\"600\" \/>\n\t<meta property=\"og:image:height\" content=\"600\" \/>\n\t<meta property=\"og:image:type\" content=\"image\/webp\" \/>\n<meta name=\"twitter:card\" content=\"summary_large_image\" \/>\n<script type=\"application\/ld+json\" class=\"yoast-schema-graph\">{\"@context\":\"https:\\\/\\\/schema.org\",\"@graph\":[{\"@type\":\"WebPage\",\"@id\":\"https:\\\/\\\/pet24.md\\\/product\\\/4dog-shampun-s-hlorgeksidinom-dlya-sobak-500-ml\\\/\",\"url\":\"https:\\\/\\\/pet24.md\\\/product\\\/4dog-shampun-s-hlorgeksidinom-dlya-sobak-500-ml\\\/\",\"name\":\"4Dog \u0448\u0430\u043c\u043f\u0443\u043d\u044c \u0441 \u0445\u043b\u043e\u0440\u0433\u0435\u043a\u0441\u0438\u0434\u0438\u043d\u043e\u043c \u0434\u043b\u044f \u0441\u043e\u0431\u0430\u043a, 500 \u043c\u043b\",\"isPartOf\":{\"@id\":\"https:\\\/\\\/pet24.md\\\/#website\"},\"primaryImageOfPage\":{\"@id\":\"https:\\\/\\\/pet24.md\\\/product\\\/4dog-shampun-s-hlorgeksidinom-dlya-sobak-500-ml\\\/#primaryimage\"},\"image\":{\"@id\":\"https:\\\/\\\/pet24.md\\\/product\\\/4dog-shampun-s-hlorgeksidinom-dlya-sobak-500-ml\\\/#primaryimage\"},\"thumbnailUrl\":\"https:\\\/\\\/pet24.md\\\/wp-content\\\/uploads\\\/2024\\\/09\\\/4dog-shampun-s-hlorgeksidinom-dlya-sobak-500-ml-1.webp\",\"datePublished\":\"2024-08-12T15:16:13+00:00\",\"dateModified\":\"2024-09-22T22:17:06+00:00\",\"description\":\"\u041a\u0443\u043f\u0438\u0442\u044c 4Dog \u0448\u0430\u043c\u043f\u0443\u043d\u044c \u0441 \u0445\u043b\u043e\u0440\u0433\u0435\u043a\u0441\u0438\u0434\u0438\u043d\u043e\u043c \u0434\u043b\u044f \u0441\u043e\u0431\u0430\u043a, 500 \u043c\u043b \u0441 \u0434\u043e\u0441\u0442\u0430\u0432\u043a\u043e\u0439 \u043f\u043e \u041a\u0438\u0448\u0438\u043d\u0435\u0432\u0443 \u0438 \u0432\u0441\u0435\u0439 \u041c\u043e\u043b\u0434\u043e\u0432\u0435 \u043d\u0430 Pet24\",\"breadcrumb\":{\"@id\":\"https:\\\/\\\/pet24.md\\\/product\\\/4dog-shampun-s-hlorgeksidinom-dlya-sobak-500-ml\\\/#breadcrumb\"},\"inLanguage\":\"ro-RO\",\"potentialAction\":[{\"@type\":\"ReadAction\",\"target\":[\"https:\\\/\\\/pet24.md\\\/product\\\/4dog-shampun-s-hlorgeksidinom-dlya-sobak-500-ml\\\/\"]}]},{\"@type\":\"ImageObject\",\"inLanguage\":\"ro-RO\",\"@id\":\"https:\\\/\\\/pet24.md\\\/product\\\/4dog-shampun-s-hlorgeksidinom-dlya-sobak-500-ml\\\/#primaryimage\",\"url\":\"https:\\\/\\\/pet24.md\\\/wp-content\\\/uploads\\\/2024\\\/09\\\/4dog-shampun-s-hlorgeksidinom-dlya-sobak-500-ml-1.webp\",\"contentUrl\":\"https:\\\/\\\/pet24.md\\\/wp-content\\\/uploads\\\/2024\\\/09\\\/4dog-shampun-s-hlorgeksidinom-dlya-sobak-500-ml-1.webp\",\"width\":600,\"height\":600,\"caption\":\"4Dog \u0448\u0430\u043c\u043f\u0443\u043d\u044c \u0441 \u0445\u043b\u043e\u0440\u0433\u0435\u043a\u0441\u0438\u0434\u0438\u043d\u043e\u043c \u0434\u043b\u044f \u0441\u043e\u0431\u0430\u043a\"},{\"@type\":\"BreadcrumbList\",\"@id\":\"https:\\\/\\\/pet24.md\\\/product\\\/4dog-shampun-s-hlorgeksidinom-dlya-sobak-500-ml\\\/#breadcrumb\",\"itemListElement\":[{\"@type\":\"ListItem\",\"position\":1,\"name\":\"\u0413\u043b\u0430\u0432\u043d\u0430\u044f \u0441\u0442\u0440\u0430\u043d\u0438\u0446\u0430\",\"item\":\"https:\\\/\\\/pet24.md\\\/\"},{\"@type\":\"ListItem\",\"position\":2,\"name\":\"\u041c\u0430\u0433\u0430\u0437\u0438\u043d\",\"item\":\"https:\\\/\\\/pet24.md\\\/shop\\\/\"},{\"@type\":\"ListItem\",\"position\":3,\"name\":\"4Dog \u0448\u0430\u043c\u043f\u0443\u043d\u044c \u0441 \u0445\u043b\u043e\u0440\u0433\u0435\u043a\u0441\u0438\u0434\u0438\u043d\u043e\u043c \u0434\u043b\u044f \u0441\u043e\u0431\u0430\u043a, 500 \u043c\u043b\"}]},{\"@type\":\"WebSite\",\"@id\":\"https:\\\/\\\/pet24.md\\\/#website\",\"url\":\"https:\\\/\\\/pet24.md\\\/\",\"name\":\"Pet24\",\"description\":\"\u0417\u043e\u043e\u043c\u0430\u0433\u0430\u0437\u0438\u043d \u0442\u043e\u0432\u0430\u0440\u043e\u0432 \u0434\u043b\u044f \u0434\u043e\u043c\u0430\u0448\u043d\u0438\u0445 \u043f\u0438\u0442\u043e\u043c\u0446\u0435\u0432\",\"publisher\":{\"@id\":\"https:\\\/\\\/pet24.md\\\/#organization\"},\"potentialAction\":[{\"@type\":\"SearchAction\",\"target\":{\"@type\":\"EntryPoint\",\"urlTemplate\":\"https:\\\/\\\/pet24.md\\\/?s={search_term_string}\"},\"query-input\":{\"@type\":\"PropertyValueSpecification\",\"valueRequired\":true,\"valueName\":\"search_term_string\"}}],\"inLanguage\":\"ro-RO\"},{\"@type\":\"Organization\",\"@id\":\"https:\\\/\\\/pet24.md\\\/#organization\",\"name\":\"Pet24\",\"url\":\"https:\\\/\\\/pet24.md\\\/\",\"logo\":{\"@type\":\"ImageObject\",\"inLanguage\":\"ro-RO\",\"@id\":\"https:\\\/\\\/pet24.md\\\/#\\\/schema\\\/logo\\\/image\\\/\",\"url\":\"https:\\\/\\\/pet24.md\\\/wp-content\\\/uploads\\\/2024\\\/09\\\/logo.svg\",\"contentUrl\":\"https:\\\/\\\/pet24.md\\\/wp-content\\\/uploads\\\/2024\\\/09\\\/logo.svg\",\"width\":215,\"height\":66,\"caption\":\"Pet24\"},\"image\":{\"@id\":\"https:\\\/\\\/pet24.md\\\/#\\\/schema\\\/logo\\\/image\\\/\"},\"sameAs\":[\"https:\\\/\\\/www.facebook.com\\\/pet24.md\",\"https:\\\/\\\/www.instagram.com\\\/pet24.md\\\/\"],\"telephone\":\"+37360508880\"}]}<\/script>\n<!-- \/ Yoast SEO Premium plugin. -->","yoast_head_json":{"title":"4\u0218ampon pentru c\u00e2ini cu clorhexidin\u0103 pentru c\u00e2ini, 500 ml","description":"\u041a\u0443\u043f\u0438\u0442\u044c 4Dog \u0448\u0430\u043c\u043f\u0443\u043d\u044c \u0441 \u0445\u043b\u043e\u0440\u0433\u0435\u043a\u0441\u0438\u0434\u0438\u043d\u043e\u043c \u0434\u043b\u044f \u0441\u043e\u0431\u0430\u043a, 500 \u043c\u043b \u0441 \u0434\u043e\u0441\u0442\u0430\u0432\u043a\u043e\u0439 \u043f\u043e \u041a\u0438\u0448\u0438\u043d\u0435\u0432\u0443 \u0438 \u0432\u0441\u0435\u0439 \u041c\u043e\u043b\u0434\u043e\u0432\u0435 \u043d\u0430 Pet24","robots":{"index":"index","follow":"follow","max-snippet":"max-snippet:-1","max-image-preview":"max-image-preview:large","max-video-preview":"max-video-preview:-1"},"canonical":"https:\/\/pet24.md\/ro\/produs\/4dog-shampun-s-hlorgeksidinom-dlya-sobak-500-ml\/","og_locale":"ro_RO","og_type":"article","og_title":"4Dog \u0448\u0430\u043c\u043f\u0443\u043d\u044c \u0441 \u0445\u043b\u043e\u0440\u0433\u0435\u043a\u0441\u0438\u0434\u0438\u043d\u043e\u043c \u0434\u043b\u044f \u0441\u043e\u0431\u0430\u043a, 500 \u043c\u043b","og_description":"\u041a\u0443\u043f\u0438\u0442\u044c 4Dog \u0448\u0430\u043c\u043f\u0443\u043d\u044c \u0441 \u0445\u043b\u043e\u0440\u0433\u0435\u043a\u0441\u0438\u0434\u0438\u043d\u043e\u043c \u0434\u043b\u044f \u0441\u043e\u0431\u0430\u043a, 500 \u043c\u043b \u0441 \u0434\u043e\u0441\u0442\u0430\u0432\u043a\u043e\u0439 \u043f\u043e \u041a\u0438\u0448\u0438\u043d\u0435\u0432\u0443 \u0438 \u0432\u0441\u0435\u0439 \u041c\u043e\u043b\u0434\u043e\u0432\u0435 \u043d\u0430 Pet24","og_url":"https:\/\/pet24.md\/ro\/produs\/4dog-shampun-s-hlorgeksidinom-dlya-sobak-500-ml\/","og_site_name":"Pet24","article_publisher":"https:\/\/www.facebook.com\/pet24.md","article_modified_time":"2024-09-22T22:17:06+00:00","og_image":[{"width":600,"height":600,"url":"https:\/\/pet24.md\/wp-content\/uploads\/2024\/09\/4dog-shampun-s-hlorgeksidinom-dlya-sobak-500-ml-1.webp","type":"image\/webp"}],"twitter_card":"summary_large_image","schema":{"@context":"https:\/\/schema.org","@graph":[{"@type":"WebPage","@id":"https:\/\/pet24.md\/product\/4dog-shampun-s-hlorgeksidinom-dlya-sobak-500-ml\/","url":"https:\/\/pet24.md\/product\/4dog-shampun-s-hlorgeksidinom-dlya-sobak-500-ml\/","name":"4\u0218ampon pentru c\u00e2ini cu clorhexidin\u0103 pentru c\u00e2ini, 500 ml","isPartOf":{"@id":"https:\/\/pet24.md\/#website"},"primaryImageOfPage":{"@id":"https:\/\/pet24.md\/product\/4dog-shampun-s-hlorgeksidinom-dlya-sobak-500-ml\/#primaryimage"},"image":{"@id":"https:\/\/pet24.md\/product\/4dog-shampun-s-hlorgeksidinom-dlya-sobak-500-ml\/#primaryimage"},"thumbnailUrl":"https:\/\/pet24.md\/wp-content\/uploads\/2024\/09\/4dog-shampun-s-hlorgeksidinom-dlya-sobak-500-ml-1.webp","datePublished":"2024-08-12T15:16:13+00:00","dateModified":"2024-09-22T22:17:06+00:00","description":"\u041a\u0443\u043f\u0438\u0442\u044c 4Dog \u0448\u0430\u043c\u043f\u0443\u043d\u044c \u0441 \u0445\u043b\u043e\u0440\u0433\u0435\u043a\u0441\u0438\u0434\u0438\u043d\u043e\u043c \u0434\u043b\u044f \u0441\u043e\u0431\u0430\u043a, 500 \u043c\u043b \u0441 \u0434\u043e\u0441\u0442\u0430\u0432\u043a\u043e\u0439 \u043f\u043e \u041a\u0438\u0448\u0438\u043d\u0435\u0432\u0443 \u0438 \u0432\u0441\u0435\u0439 \u041c\u043e\u043b\u0434\u043e\u0432\u0435 \u043d\u0430 Pet24","breadcrumb":{"@id":"https:\/\/pet24.md\/product\/4dog-shampun-s-hlorgeksidinom-dlya-sobak-500-ml\/#breadcrumb"},"inLanguage":"ro-RO","potentialAction":[{"@type":"ReadAction","target":["https:\/\/pet24.md\/product\/4dog-shampun-s-hlorgeksidinom-dlya-sobak-500-ml\/"]}]},{"@type":"ImageObject","inLanguage":"ro-RO","@id":"https:\/\/pet24.md\/product\/4dog-shampun-s-hlorgeksidinom-dlya-sobak-500-ml\/#primaryimage","url":"https:\/\/pet24.md\/wp-content\/uploads\/2024\/09\/4dog-shampun-s-hlorgeksidinom-dlya-sobak-500-ml-1.webp","contentUrl":"https:\/\/pet24.md\/wp-content\/uploads\/2024\/09\/4dog-shampun-s-hlorgeksidinom-dlya-sobak-500-ml-1.webp","width":600,"height":600,"caption":"4Dog \u0448\u0430\u043c\u043f\u0443\u043d\u044c \u0441 \u0445\u043b\u043e\u0440\u0433\u0435\u043a\u0441\u0438\u0434\u0438\u043d\u043e\u043c \u0434\u043b\u044f \u0441\u043e\u0431\u0430\u043a"},{"@type":"BreadcrumbList","@id":"https:\/\/pet24.md\/product\/4dog-shampun-s-hlorgeksidinom-dlya-sobak-500-ml\/#breadcrumb","itemListElement":[{"@type":"ListItem","position":1,"name":"\u0413\u043b\u0430\u0432\u043d\u0430\u044f \u0441\u0442\u0440\u0430\u043d\u0438\u0446\u0430","item":"https:\/\/pet24.md\/"},{"@type":"ListItem","position":2,"name":"\u041c\u0430\u0433\u0430\u0437\u0438\u043d","item":"https:\/\/pet24.md\/shop\/"},{"@type":"ListItem","position":3,"name":"4Dog \u0448\u0430\u043c\u043f\u0443\u043d\u044c \u0441 \u0445\u043b\u043e\u0440\u0433\u0435\u043a\u0441\u0438\u0434\u0438\u043d\u043e\u043c \u0434\u043b\u044f \u0441\u043e\u0431\u0430\u043a, 500 \u043c\u043b"}]},{"@type":"WebSite","@id":"https:\/\/pet24.md\/#website","url":"https:\/\/pet24.md\/","name":"Pet24","description":"Magazin de animale de companie","publisher":{"@id":"https:\/\/pet24.md\/#organization"},"potentialAction":[{"@type":"SearchAction","target":{"@type":"EntryPoint","urlTemplate":"https:\/\/pet24.md\/?s={search_term_string}"},"query-input":{"@type":"PropertyValueSpecification","valueRequired":true,"valueName":"search_term_string"}}],"inLanguage":"ro-RO"},{"@type":"Organization","@id":"https:\/\/pet24.md\/#organization","name":"Pet24","url":"https:\/\/pet24.md\/","logo":{"@type":"ImageObject","inLanguage":"ro-RO","@id":"https:\/\/pet24.md\/#\/schema\/logo\/image\/","url":"https:\/\/pet24.md\/wp-content\/uploads\/2024\/09\/logo.svg","contentUrl":"https:\/\/pet24.md\/wp-content\/uploads\/2024\/09\/logo.svg","width":215,"height":66,"caption":"Pet24"},"image":{"@id":"https:\/\/pet24.md\/#\/schema\/logo\/image\/"},"sameAs":["https:\/\/www.facebook.com\/pet24.md","https:\/\/www.instagram.com\/pet24.md\/"],"telephone":"+37360508880"}]}},"_links":{"self":[{"href":"https:\/\/pet24.md\/ro\/wp-json\/wp\/v2\/product\/86127","targetHints":{"allow":["GET"]}}],"collection":[{"href":"https:\/\/pet24.md\/ro\/wp-json\/wp\/v2\/product"}],"about":[{"href":"https:\/\/pet24.md\/ro\/wp-json\/wp\/v2\/types\/product"}],"replies":[{"embeddable":true,"href":"https:\/\/pet24.md\/ro\/wp-json\/wp\/v2\/comments?post=86127"}],"wp:featuredmedia":[{"embeddable":true,"href":"https:\/\/pet24.md\/ro\/wp-json\/wp\/v2\/media\/91160"}],"wp:attachment":[{"href":"https:\/\/pet24.md\/ro\/wp-json\/wp\/v2\/media?parent=86127"}],"wp:term":[{"taxonomy":"product_brand","embeddable":true,"href":"https:\/\/pet24.md\/ro\/wp-json\/wp\/v2\/product_brand?post=86127"},{"taxonomy":"product_cat","embeddable":true,"href":"https:\/\/pet24.md\/ro\/wp-json\/wp\/v2\/product_cat?post=86127"},{"taxonomy":"product_tag","embeddable":true,"href":"https:\/\/pet24.md\/ro\/wp-json\/wp\/v2\/product_tag?post=86127"}],"curies":[{"name":"wp","href":"https:\/\/api.w.org\/{rel}","templated":true}]}}