{"id":86139,"date":"2024-08-12T13:38:17","date_gmt":"2024-08-12T13:38:17","guid":{"rendered":"https:\/\/pet24.md\/?post_type=product&#038;p=86139"},"modified":"2024-09-22T22:17:03","modified_gmt":"2024-09-22T22:17:03","slug":"4dog-pelenki-dlya-sobak-60x90sm-10-sht","status":"publish","type":"product","link":"https:\/\/pet24.md\/ro\/produs\/4dog-pelenki-dlya-sobak-60x90sm-10-sht\/","title":{"rendered":"4 Scutece pentru c\u00e2ini 60\u00d790cm, 10 buc"},"content":{"rendered":"<p><strong>Scutece absorbante 4Dog 60x90cm 10buc<\/strong> \u2013 un asistent util atunci c\u00e2nd antreneaz\u0103 c\u0103\u021bei sau c\u00e2nd nu este posibil s\u0103 faci plimb\u0103ri zilnice.<\/p>\n<p>\u2014 Scutecele 4DOG re\u021bin lichidele, \u00eempiedic\u00e2ndu-le s\u0103 se r\u0103sp\u00e2ndeasc\u0103 pe sol.<\/p>\n<p><strong>INSTRUCTIUNI DE UTILIZARE:<\/strong><\/p>\n<ul>\n<li>A\u0219eza\u021bi covora\u0219ul cu partea alb\u0103 \u00een sus pe suprafe\u021bele pe care dori\u021bi s\u0103 le proteja\u021bi: patul c\u0103\u021belu\u0219ului dvs., mobila din cas\u0103 (canapea), covor, podele din lemn de esen\u021b\u0103 tare etc.<\/li>\n<li>Covora\u0219ul se fixeaz\u0103 u\u0219or cu band\u0103 adeziv\u0103 la col\u021buri.<\/li>\n<\/ul>\n<p><strong>Con\u021bine polimeri super absorban\u021bi.<\/strong><\/p>\n<ul>\n<li>Nu folosi\u021bi foarfece sau alte obiecte t\u0103ietoare pentru a t\u0103ia covorul;<\/li>\n<li>Nu l\u0103sa\u021bi c\u00e2inele s\u0103 mestece sau s\u0103 \u00eenghit\u0103 p\u0103r\u021bi din el;<\/li>\n<li>Din cauza pericolului de sufocare, nu l\u0103sa\u021bi scutecele la \u00eendem\u00e2na copiilor mici.<\/li>\n<li>Nu arunca\u021bi scutecele uzate \u00een toalet\u0103.<\/li>\n<\/ul>\n<p><strong>Formular de eliberare:<\/strong><br \/>\n10 buc.<\/p>","protected":false},"excerpt":{"rendered":"<p><strong>Scutece absorbante Maxi pentru caini<\/strong> este un asistent indispensabil \u00een \u00eengrijirea animalului t\u0103u de companie. Sunt special concepute pentru c\u00e2ini \u0219i sunt ideale pentru dresarea la toalet\u0103 a unui c\u0103\u021bel, \u00eengrijirea animalelor \u00een v\u00e2rst\u0103 sau bolnave, precum \u0219i pentru c\u0103l\u0103torii \u0219i expozi\u021bii.<\/p>","protected":false},"featured_media":91154,"comment_status":"closed","ping_status":"closed","template":"","meta":[],"product_brand":[],"product_cat":[136,452,451],"product_tag":[813,240,788,225],"class_list":{"0":"post-86139","1":"product","2":"type-product","3":"status-publish","4":"has-post-thumbnail","6":"product_cat-dog","7":"product_cat-dog-nappies","8":"product_cat-dogs-care","9":"product_tag-4dog","10":"product_tag-vzroslaya-sobaka","11":"product_tag-pelenki","12":"product_tag-shhenok","13":"pa_age-pet-shhenok","14":"pa_brand-4dog","15":"pa_pet-sobaka","17":"first","18":"instock","19":"shipping-taxable","20":"product-type-simple"},"yoast_head":"<!-- This site is optimized with the Yoast SEO Premium plugin v23.7 (Yoast SEO v27.5) - https:\/\/yoast.com\/product\/yoast-seo-premium-wordpress\/ -->\n<title>4Dog \u043f\u0435\u043b\u0435\u043d\u043a\u0438 \u0434\u043b\u044f \u0441\u043e\u0431\u0430\u043a 60x90\u0441\u043c, 10 \u0448\u0442<\/title>\n<meta name=\"description\" content=\"\u041a\u0443\u043f\u0438\u0442\u044c 4Dog \u043f\u0435\u043b\u0435\u043d\u043a\u0438 \u0434\u043b\u044f \u0441\u043e\u0431\u0430\u043a 60x90\u0441\u043c, 10 \u0448\u0442 \u0441 \u0434\u043e\u0441\u0442\u0430\u0432\u043a\u043e\u0439 \u043f\u043e \u041a\u0438\u0448\u0438\u043d\u0435\u0432\u0443 \u0438 \u0432\u0441\u0435\u0439 \u041c\u043e\u043b\u0434\u043e\u0432\u0435 \u043d\u0430 Pet24\" \/>\n<meta name=\"robots\" content=\"index, follow, max-snippet:-1, max-image-preview:large, max-video-preview:-1\" \/>\n<link rel=\"canonical\" href=\"https:\/\/pet24.md\/ro\/produs\/4dog-pelenki-dlya-sobak-60x90sm-10-sht\/\" \/>\n<meta property=\"og:locale\" content=\"ro_RO\" \/>\n<meta property=\"og:type\" content=\"article\" \/>\n<meta property=\"og:title\" content=\"4Dog \u043f\u0435\u043b\u0435\u043d\u043a\u0438 \u0434\u043b\u044f \u0441\u043e\u0431\u0430\u043a 60x90\u0441\u043c, 10 \u0448\u0442\" \/>\n<meta property=\"og:description\" content=\"\u041a\u0443\u043f\u0438\u0442\u044c 4Dog \u043f\u0435\u043b\u0435\u043d\u043a\u0438 \u0434\u043b\u044f \u0441\u043e\u0431\u0430\u043a 60x90\u0441\u043c, 10 \u0448\u0442 \u0441 \u0434\u043e\u0441\u0442\u0430\u0432\u043a\u043e\u0439 \u043f\u043e \u041a\u0438\u0448\u0438\u043d\u0435\u0432\u0443 \u0438 \u0432\u0441\u0435\u0439 \u041c\u043e\u043b\u0434\u043e\u0432\u0435 \u043d\u0430 Pet24\" \/>\n<meta property=\"og:url\" content=\"https:\/\/pet24.md\/ro\/produs\/4dog-pelenki-dlya-sobak-60x90sm-10-sht\/\" \/>\n<meta property=\"og:site_name\" content=\"Pet24\" \/>\n<meta property=\"article:publisher\" content=\"https:\/\/www.facebook.com\/pet24.md\" \/>\n<meta property=\"article:modified_time\" content=\"2024-09-22T22:17:03+00:00\" \/>\n<meta property=\"og:image\" content=\"https:\/\/pet24.md\/wp-content\/uploads\/2024\/09\/4dog-pelenki-dlya-sobak-60x90sm-10-sht-1.webp\" \/>\n\t<meta property=\"og:image:width\" content=\"600\" \/>\n\t<meta property=\"og:image:height\" content=\"600\" \/>\n\t<meta property=\"og:image:type\" content=\"image\/webp\" \/>\n<meta name=\"twitter:card\" content=\"summary_large_image\" \/>\n<script type=\"application\/ld+json\" class=\"yoast-schema-graph\">{\"@context\":\"https:\\\/\\\/schema.org\",\"@graph\":[{\"@type\":\"WebPage\",\"@id\":\"https:\\\/\\\/pet24.md\\\/product\\\/4dog-pelenki-dlya-sobak-60x90sm-10-sht\\\/\",\"url\":\"https:\\\/\\\/pet24.md\\\/product\\\/4dog-pelenki-dlya-sobak-60x90sm-10-sht\\\/\",\"name\":\"4Dog \u043f\u0435\u043b\u0435\u043d\u043a\u0438 \u0434\u043b\u044f \u0441\u043e\u0431\u0430\u043a 60x90\u0441\u043c, 10 \u0448\u0442\",\"isPartOf\":{\"@id\":\"https:\\\/\\\/pet24.md\\\/#website\"},\"primaryImageOfPage\":{\"@id\":\"https:\\\/\\\/pet24.md\\\/product\\\/4dog-pelenki-dlya-sobak-60x90sm-10-sht\\\/#primaryimage\"},\"image\":{\"@id\":\"https:\\\/\\\/pet24.md\\\/product\\\/4dog-pelenki-dlya-sobak-60x90sm-10-sht\\\/#primaryimage\"},\"thumbnailUrl\":\"https:\\\/\\\/pet24.md\\\/wp-content\\\/uploads\\\/2024\\\/09\\\/4dog-pelenki-dlya-sobak-60x90sm-10-sht-1.webp\",\"datePublished\":\"2024-08-12T13:38:17+00:00\",\"dateModified\":\"2024-09-22T22:17:03+00:00\",\"description\":\"\u041a\u0443\u043f\u0438\u0442\u044c 4Dog \u043f\u0435\u043b\u0435\u043d\u043a\u0438 \u0434\u043b\u044f \u0441\u043e\u0431\u0430\u043a 60x90\u0441\u043c, 10 \u0448\u0442 \u0441 \u0434\u043e\u0441\u0442\u0430\u0432\u043a\u043e\u0439 \u043f\u043e \u041a\u0438\u0448\u0438\u043d\u0435\u0432\u0443 \u0438 \u0432\u0441\u0435\u0439 \u041c\u043e\u043b\u0434\u043e\u0432\u0435 \u043d\u0430 Pet24\",\"breadcrumb\":{\"@id\":\"https:\\\/\\\/pet24.md\\\/product\\\/4dog-pelenki-dlya-sobak-60x90sm-10-sht\\\/#breadcrumb\"},\"inLanguage\":\"ro-RO\",\"potentialAction\":[{\"@type\":\"ReadAction\",\"target\":[\"https:\\\/\\\/pet24.md\\\/product\\\/4dog-pelenki-dlya-sobak-60x90sm-10-sht\\\/\"]}]},{\"@type\":\"ImageObject\",\"inLanguage\":\"ro-RO\",\"@id\":\"https:\\\/\\\/pet24.md\\\/product\\\/4dog-pelenki-dlya-sobak-60x90sm-10-sht\\\/#primaryimage\",\"url\":\"https:\\\/\\\/pet24.md\\\/wp-content\\\/uploads\\\/2024\\\/09\\\/4dog-pelenki-dlya-sobak-60x90sm-10-sht-1.webp\",\"contentUrl\":\"https:\\\/\\\/pet24.md\\\/wp-content\\\/uploads\\\/2024\\\/09\\\/4dog-pelenki-dlya-sobak-60x90sm-10-sht-1.webp\",\"width\":600,\"height\":600,\"caption\":\"4Dog \u043f\u0435\u043b\u0435\u043d\u043a\u0438 \u0434\u043b\u044f \u0441\u043e\u0431\u0430\u043a 60x90\u0441\u043c\"},{\"@type\":\"BreadcrumbList\",\"@id\":\"https:\\\/\\\/pet24.md\\\/product\\\/4dog-pelenki-dlya-sobak-60x90sm-10-sht\\\/#breadcrumb\",\"itemListElement\":[{\"@type\":\"ListItem\",\"position\":1,\"name\":\"\u0413\u043b\u0430\u0432\u043d\u0430\u044f \u0441\u0442\u0440\u0430\u043d\u0438\u0446\u0430\",\"item\":\"https:\\\/\\\/pet24.md\\\/\"},{\"@type\":\"ListItem\",\"position\":2,\"name\":\"\u041c\u0430\u0433\u0430\u0437\u0438\u043d\",\"item\":\"https:\\\/\\\/pet24.md\\\/shop\\\/\"},{\"@type\":\"ListItem\",\"position\":3,\"name\":\"4Dog \u043f\u0435\u043b\u0435\u043d\u043a\u0438 \u0434\u043b\u044f \u0441\u043e\u0431\u0430\u043a 60&#215;90\u0441\u043c, 10 \u0448\u0442\"}]},{\"@type\":\"WebSite\",\"@id\":\"https:\\\/\\\/pet24.md\\\/#website\",\"url\":\"https:\\\/\\\/pet24.md\\\/\",\"name\":\"Pet24\",\"description\":\"\u0417\u043e\u043e\u043c\u0430\u0433\u0430\u0437\u0438\u043d \u0442\u043e\u0432\u0430\u0440\u043e\u0432 \u0434\u043b\u044f \u0434\u043e\u043c\u0430\u0448\u043d\u0438\u0445 \u043f\u0438\u0442\u043e\u043c\u0446\u0435\u0432\",\"publisher\":{\"@id\":\"https:\\\/\\\/pet24.md\\\/#organization\"},\"potentialAction\":[{\"@type\":\"SearchAction\",\"target\":{\"@type\":\"EntryPoint\",\"urlTemplate\":\"https:\\\/\\\/pet24.md\\\/?s={search_term_string}\"},\"query-input\":{\"@type\":\"PropertyValueSpecification\",\"valueRequired\":true,\"valueName\":\"search_term_string\"}}],\"inLanguage\":\"ro-RO\"},{\"@type\":\"Organization\",\"@id\":\"https:\\\/\\\/pet24.md\\\/#organization\",\"name\":\"Pet24\",\"url\":\"https:\\\/\\\/pet24.md\\\/\",\"logo\":{\"@type\":\"ImageObject\",\"inLanguage\":\"ro-RO\",\"@id\":\"https:\\\/\\\/pet24.md\\\/#\\\/schema\\\/logo\\\/image\\\/\",\"url\":\"https:\\\/\\\/pet24.md\\\/wp-content\\\/uploads\\\/2024\\\/09\\\/logo.svg\",\"contentUrl\":\"https:\\\/\\\/pet24.md\\\/wp-content\\\/uploads\\\/2024\\\/09\\\/logo.svg\",\"width\":215,\"height\":66,\"caption\":\"Pet24\"},\"image\":{\"@id\":\"https:\\\/\\\/pet24.md\\\/#\\\/schema\\\/logo\\\/image\\\/\"},\"sameAs\":[\"https:\\\/\\\/www.facebook.com\\\/pet24.md\",\"https:\\\/\\\/www.instagram.com\\\/pet24.md\\\/\"],\"telephone\":\"+37360508880\"}]}<\/script>\n<!-- \/ Yoast SEO Premium plugin. -->","yoast_head_json":{"title":"4Dog \u043f\u0435\u043b\u0435\u043d\u043a\u0438 \u0434\u043b\u044f \u0441\u043e\u0431\u0430\u043a 60x90\u0441\u043c, 10 \u0448\u0442","description":"\u041a\u0443\u043f\u0438\u0442\u044c 4Dog \u043f\u0435\u043b\u0435\u043d\u043a\u0438 \u0434\u043b\u044f \u0441\u043e\u0431\u0430\u043a 60x90\u0441\u043c, 10 \u0448\u0442 \u0441 \u0434\u043e\u0441\u0442\u0430\u0432\u043a\u043e\u0439 \u043f\u043e \u041a\u0438\u0448\u0438\u043d\u0435\u0432\u0443 \u0438 \u0432\u0441\u0435\u0439 \u041c\u043e\u043b\u0434\u043e\u0432\u0435 \u043d\u0430 Pet24","robots":{"index":"index","follow":"follow","max-snippet":"max-snippet:-1","max-image-preview":"max-image-preview:large","max-video-preview":"max-video-preview:-1"},"canonical":"https:\/\/pet24.md\/ro\/produs\/4dog-pelenki-dlya-sobak-60x90sm-10-sht\/","og_locale":"ro_RO","og_type":"article","og_title":"4Dog \u043f\u0435\u043b\u0435\u043d\u043a\u0438 \u0434\u043b\u044f \u0441\u043e\u0431\u0430\u043a 60x90\u0441\u043c, 10 \u0448\u0442","og_description":"\u041a\u0443\u043f\u0438\u0442\u044c 4Dog \u043f\u0435\u043b\u0435\u043d\u043a\u0438 \u0434\u043b\u044f \u0441\u043e\u0431\u0430\u043a 60x90\u0441\u043c, 10 \u0448\u0442 \u0441 \u0434\u043e\u0441\u0442\u0430\u0432\u043a\u043e\u0439 \u043f\u043e \u041a\u0438\u0448\u0438\u043d\u0435\u0432\u0443 \u0438 \u0432\u0441\u0435\u0439 \u041c\u043e\u043b\u0434\u043e\u0432\u0435 \u043d\u0430 Pet24","og_url":"https:\/\/pet24.md\/ro\/produs\/4dog-pelenki-dlya-sobak-60x90sm-10-sht\/","og_site_name":"Pet24","article_publisher":"https:\/\/www.facebook.com\/pet24.md","article_modified_time":"2024-09-22T22:17:03+00:00","og_image":[{"width":600,"height":600,"url":"https:\/\/pet24.md\/wp-content\/uploads\/2024\/09\/4dog-pelenki-dlya-sobak-60x90sm-10-sht-1.webp","type":"image\/webp"}],"twitter_card":"summary_large_image","schema":{"@context":"https:\/\/schema.org","@graph":[{"@type":"WebPage","@id":"https:\/\/pet24.md\/product\/4dog-pelenki-dlya-sobak-60x90sm-10-sht\/","url":"https:\/\/pet24.md\/product\/4dog-pelenki-dlya-sobak-60x90sm-10-sht\/","name":"4Dog \u043f\u0435\u043b\u0435\u043d\u043a\u0438 \u0434\u043b\u044f \u0441\u043e\u0431\u0430\u043a 60x90\u0441\u043c, 10 \u0448\u0442","isPartOf":{"@id":"https:\/\/pet24.md\/#website"},"primaryImageOfPage":{"@id":"https:\/\/pet24.md\/product\/4dog-pelenki-dlya-sobak-60x90sm-10-sht\/#primaryimage"},"image":{"@id":"https:\/\/pet24.md\/product\/4dog-pelenki-dlya-sobak-60x90sm-10-sht\/#primaryimage"},"thumbnailUrl":"https:\/\/pet24.md\/wp-content\/uploads\/2024\/09\/4dog-pelenki-dlya-sobak-60x90sm-10-sht-1.webp","datePublished":"2024-08-12T13:38:17+00:00","dateModified":"2024-09-22T22:17:03+00:00","description":"\u041a\u0443\u043f\u0438\u0442\u044c 4Dog \u043f\u0435\u043b\u0435\u043d\u043a\u0438 \u0434\u043b\u044f \u0441\u043e\u0431\u0430\u043a 60x90\u0441\u043c, 10 \u0448\u0442 \u0441 \u0434\u043e\u0441\u0442\u0430\u0432\u043a\u043e\u0439 \u043f\u043e \u041a\u0438\u0448\u0438\u043d\u0435\u0432\u0443 \u0438 \u0432\u0441\u0435\u0439 \u041c\u043e\u043b\u0434\u043e\u0432\u0435 \u043d\u0430 Pet24","breadcrumb":{"@id":"https:\/\/pet24.md\/product\/4dog-pelenki-dlya-sobak-60x90sm-10-sht\/#breadcrumb"},"inLanguage":"ro-RO","potentialAction":[{"@type":"ReadAction","target":["https:\/\/pet24.md\/product\/4dog-pelenki-dlya-sobak-60x90sm-10-sht\/"]}]},{"@type":"ImageObject","inLanguage":"ro-RO","@id":"https:\/\/pet24.md\/product\/4dog-pelenki-dlya-sobak-60x90sm-10-sht\/#primaryimage","url":"https:\/\/pet24.md\/wp-content\/uploads\/2024\/09\/4dog-pelenki-dlya-sobak-60x90sm-10-sht-1.webp","contentUrl":"https:\/\/pet24.md\/wp-content\/uploads\/2024\/09\/4dog-pelenki-dlya-sobak-60x90sm-10-sht-1.webp","width":600,"height":600,"caption":"4Dog \u043f\u0435\u043b\u0435\u043d\u043a\u0438 \u0434\u043b\u044f \u0441\u043e\u0431\u0430\u043a 60x90\u0441\u043c"},{"@type":"BreadcrumbList","@id":"https:\/\/pet24.md\/product\/4dog-pelenki-dlya-sobak-60x90sm-10-sht\/#breadcrumb","itemListElement":[{"@type":"ListItem","position":1,"name":"\u0413\u043b\u0430\u0432\u043d\u0430\u044f \u0441\u0442\u0440\u0430\u043d\u0438\u0446\u0430","item":"https:\/\/pet24.md\/"},{"@type":"ListItem","position":2,"name":"\u041c\u0430\u0433\u0430\u0437\u0438\u043d","item":"https:\/\/pet24.md\/shop\/"},{"@type":"ListItem","position":3,"name":"4Dog \u043f\u0435\u043b\u0435\u043d\u043a\u0438 \u0434\u043b\u044f \u0441\u043e\u0431\u0430\u043a 60&#215;90\u0441\u043c, 10 \u0448\u0442"}]},{"@type":"WebSite","@id":"https:\/\/pet24.md\/#website","url":"https:\/\/pet24.md\/","name":"Pet24","description":"Magazin de animale de companie","publisher":{"@id":"https:\/\/pet24.md\/#organization"},"potentialAction":[{"@type":"SearchAction","target":{"@type":"EntryPoint","urlTemplate":"https:\/\/pet24.md\/?s={search_term_string}"},"query-input":{"@type":"PropertyValueSpecification","valueRequired":true,"valueName":"search_term_string"}}],"inLanguage":"ro-RO"},{"@type":"Organization","@id":"https:\/\/pet24.md\/#organization","name":"Pet24","url":"https:\/\/pet24.md\/","logo":{"@type":"ImageObject","inLanguage":"ro-RO","@id":"https:\/\/pet24.md\/#\/schema\/logo\/image\/","url":"https:\/\/pet24.md\/wp-content\/uploads\/2024\/09\/logo.svg","contentUrl":"https:\/\/pet24.md\/wp-content\/uploads\/2024\/09\/logo.svg","width":215,"height":66,"caption":"Pet24"},"image":{"@id":"https:\/\/pet24.md\/#\/schema\/logo\/image\/"},"sameAs":["https:\/\/www.facebook.com\/pet24.md","https:\/\/www.instagram.com\/pet24.md\/"],"telephone":"+37360508880"}]}},"_links":{"self":[{"href":"https:\/\/pet24.md\/ro\/wp-json\/wp\/v2\/product\/86139","targetHints":{"allow":["GET"]}}],"collection":[{"href":"https:\/\/pet24.md\/ro\/wp-json\/wp\/v2\/product"}],"about":[{"href":"https:\/\/pet24.md\/ro\/wp-json\/wp\/v2\/types\/product"}],"replies":[{"embeddable":true,"href":"https:\/\/pet24.md\/ro\/wp-json\/wp\/v2\/comments?post=86139"}],"wp:featuredmedia":[{"embeddable":true,"href":"https:\/\/pet24.md\/ro\/wp-json\/wp\/v2\/media\/91154"}],"wp:attachment":[{"href":"https:\/\/pet24.md\/ro\/wp-json\/wp\/v2\/media?parent=86139"}],"wp:term":[{"taxonomy":"product_brand","embeddable":true,"href":"https:\/\/pet24.md\/ro\/wp-json\/wp\/v2\/product_brand?post=86139"},{"taxonomy":"product_cat","embeddable":true,"href":"https:\/\/pet24.md\/ro\/wp-json\/wp\/v2\/product_cat?post=86139"},{"taxonomy":"product_tag","embeddable":true,"href":"https:\/\/pet24.md\/ro\/wp-json\/wp\/v2\/product_tag?post=86139"}],"curies":[{"name":"wp","href":"https:\/\/api.w.org\/{rel}","templated":true}]}}