{"id":86159,"date":"2024-08-12T09:52:17","date_gmt":"2024-08-12T09:52:17","guid":{"rendered":"https:\/\/pet24.md\/?post_type=product&#038;p=86159"},"modified":"2024-09-22T22:16:58","modified_gmt":"2024-09-22T22:16:58","slug":"dr-trend-napolnitel-dlya-koshachih-tualetov-s-aromatom-detskoj-prisypki-5l","status":"publish","type":"product","link":"https:\/\/pet24.md\/ro\/produs\/dr-trend-napolnitel-dlya-koshachih-tualetov-s-aromatom-detskoj-prisypki-5l\/","title":{"rendered":"Dr. A\u0219ternut pentru pisici Trend bentonit\u0103 cu parfum de pudr\u0103 pentru copii, 5l"},"content":{"rendered":"<p><strong>Dr. A\u0219ternut pentru pisici Trend cu parfum de pudr\u0103 pentru copii, 5l<\/strong><\/p>\n<p>Umplere DR. TREND este solu\u021bia perfect\u0103 pentru \u00eengrijirea animalului t\u0103u de companie. Este conceput special pentru confortul \u0219i cur\u0103\u021benia casei tale.<\/p>\n<p>Descoperi\u021bi puterea magic\u0103 a cur\u0103\u021beniei cu Dr. Trend Premium! Acest a\u0219ternut de bentonit\u0103 cu parfum de pudr\u0103 va oferi o baie cu adev\u0103rat luxoas\u0103 bebelu\u0219ului t\u0103u de blan\u0103.<\/p>\n<p>\u00cen plus, a\u0219ternutul nostru premium din bentonit\u0103 are o absorb\u021bie superioar\u0103. Este mai u\u0219or ca niciodat\u0103 s\u0103-\u021bi p\u0103strezi cutia de gunoi curat\u0103.<\/p>\n<p>Comanda Dr. Trend Premium pentru pisoi \u201ePudra pentru copii\u201d 5 l chiar acum \u0219i transform\u0103-\u021bi sarcinile zilnice de \u00eengrijire \u00een pl\u0103cere!<\/p>\n<p>Ai grij\u0103 de pisica ta cu dragoste - alege Dr. A\u0219ternut alb de bentonit\u0103 super premium cu parfum de pudr\u0103 pentru copii!<\/p>\n<div class=\"chat__screen-group svelte-83jbhs\">\n<div class=\"chat__message svelte-83jbhs\">\n<div class=\"message svelte-eetqr message_last\">\n<div class=\"context_menu_container svelte-kwa1qi context_menu_container_last\">\n<div class=\"context_menu svelte-kwa1qi\">\n<div class=\"context_menu__menu_container svelte-kwa1qi\">\n<p><b>Particularitati:<\/b><\/p>\n<ul>\n<li>Praf sc\u0103zut (99.3% f\u0103r\u0103 praf)<\/li>\n<li>100% natural \u0219i ecologic<\/li>\n<li>Super aglomer\u0103ri \u2013 aglomer\u0103ri permanente care fac cur\u0103\u021barea mai u\u0219oar\u0103.<\/li>\n<li>Cur\u0103\u021bare rapid\u0103 \u0219i u\u0219oar\u0103<\/li>\n<li>Economii \u0219i prospe\u021bime de lung\u0103 durat\u0103.<\/li>\n<li>Fabricat din cea mai fin\u0103 bentonit\u0103 alb\u0103<\/li>\n<li>Geanta reciclabila<\/li>\n<\/ul>\n<\/div>\n<\/div>\n<\/div>\n<\/div>\n<\/div>\n<\/div>","protected":false},"excerpt":{"rendered":"<p>Dr. A\u0219ternut pentru pisici Trend cu parfum de pudr\u0103 pentru copii, 5 l Filler DR. TREND este solu\u021bia ideal\u0103 pentru a avea grij\u0103 de...<\/p>","protected":false},"featured_media":91144,"comment_status":"closed","ping_status":"closed","template":"","meta":[],"product_brand":[],"product_cat":[195,193,194],"product_tag":[789,457,332,212,830],"class_list":{"0":"post-86159","1":"product","2":"type-product","3":"status-publish","4":"has-post-thumbnail","6":"product_cat-bentonite-calitter","7":"product_cat-cat","8":"product_cat-cat-litter","9":"product_tag-dr-trend","10":"product_tag-bentonit","11":"product_tag-vzroslaya-koshka","12":"product_tag-napolnitel-dlya-koshachego-tualeta","13":"product_tag-s-aromatom-detskoj-pudry","14":"pa_age-pet-lyuboj-vozrast","15":"pa_brand-dr-trend","16":"pa_filler-bentonit","17":"pa_fragrance-s-zapahom-detskoj-pudry","18":"pa_pet-koshka","19":"pa_volume-5-l","21":"first","22":"instock","23":"shipping-taxable","24":"product-type-simple"},"yoast_head":"<!-- This site is optimized with the Yoast SEO Premium plugin v23.7 (Yoast SEO v27.5) - https:\/\/yoast.com\/product\/yoast-seo-premium-wordpress\/ -->\n<title>Dr. Trend \u0431\u0435\u043d\u0442\u043e\u043d\u0438\u0442\u043e\u0432\u044b\u0439 \u043d\u0430\u043f\u043e\u043b\u043d\u0438\u0442\u0435\u043b\u044c \u0434\u043b\u044f \u043a\u043e\u0448\u0430\u0447\u044c\u0438\u0445 \u0442\u0443\u0430\u043b\u0435\u0442\u043e\u0432 \u0441 \u0430\u0440\u043e\u043c\u0430\u0442\u043e\u043c \u0434\u0435\u0442\u0441\u043a\u043e\u0439 \u043f\u0440\u0438\u0441\u044b\u043f\u043a\u0438, 5\u043b<\/title>\n<meta name=\"description\" content=\"\u041a\u0443\u043f\u0438\u0442\u044c Dr. Trend \u0431\u0435\u043d\u0442\u043e\u043d\u0438\u0442\u043e\u0432\u044b\u0439 \u043d\u0430\u043f\u043e\u043b\u043d\u0438\u0442\u0435\u043b\u044c \u0434\u043b\u044f \u043a\u043e\u0448\u0430\u0447\u044c\u0438\u0445 \u0442\u0443\u0430\u043b\u0435\u0442\u043e\u0432 \u0441 \u0430\u0440\u043e\u043c\u0430\u0442\u043e\u043c \u0434\u0435\u0442\u0441\u043a\u043e\u0439 \u043f\u0440\u0438\u0441\u044b\u043f\u043a\u0438, 5\u043b \u0441 \u0434\u043e\u0441\u0442\u0430\u0432\u043a\u043e\u0439 \u043f\u043e \u041a\u0438\u0448\u0438\u043d\u0435\u0432\u0443 \u0438 \u0432\u0441\u0435\u0439 \u041c\u043e\u043b\u0434\u043e\u0432\u0435 \u043d\u0430 Pet24\" \/>\n<meta name=\"robots\" content=\"index, follow, max-snippet:-1, max-image-preview:large, max-video-preview:-1\" \/>\n<link rel=\"canonical\" href=\"https:\/\/pet24.md\/ro\/produs\/dr-trend-napolnitel-dlya-koshachih-tualetov-s-aromatom-detskoj-prisypki-5l\/\" \/>\n<meta property=\"og:locale\" content=\"ro_RO\" \/>\n<meta property=\"og:type\" content=\"article\" \/>\n<meta property=\"og:title\" content=\"Dr. Trend \u0431\u0435\u043d\u0442\u043e\u043d\u0438\u0442\u043e\u0432\u044b\u0439 \u043d\u0430\u043f\u043e\u043b\u043d\u0438\u0442\u0435\u043b\u044c \u0434\u043b\u044f \u043a\u043e\u0448\u0430\u0447\u044c\u0438\u0445 \u0442\u0443\u0430\u043b\u0435\u0442\u043e\u0432 \u0441 \u0430\u0440\u043e\u043c\u0430\u0442\u043e\u043c \u0434\u0435\u0442\u0441\u043a\u043e\u0439 \u043f\u0440\u0438\u0441\u044b\u043f\u043a\u0438, 5\u043b\" \/>\n<meta property=\"og:description\" content=\"\u041a\u0443\u043f\u0438\u0442\u044c Dr. Trend \u0431\u0435\u043d\u0442\u043e\u043d\u0438\u0442\u043e\u0432\u044b\u0439 \u043d\u0430\u043f\u043e\u043b\u043d\u0438\u0442\u0435\u043b\u044c \u0434\u043b\u044f \u043a\u043e\u0448\u0430\u0447\u044c\u0438\u0445 \u0442\u0443\u0430\u043b\u0435\u0442\u043e\u0432 \u0441 \u0430\u0440\u043e\u043c\u0430\u0442\u043e\u043c \u0434\u0435\u0442\u0441\u043a\u043e\u0439 \u043f\u0440\u0438\u0441\u044b\u043f\u043a\u0438, 5\u043b \u0441 \u0434\u043e\u0441\u0442\u0430\u0432\u043a\u043e\u0439 \u043f\u043e \u041a\u0438\u0448\u0438\u043d\u0435\u0432\u0443 \u0438 \u0432\u0441\u0435\u0439 \u041c\u043e\u043b\u0434\u043e\u0432\u0435 \u043d\u0430 Pet24\" \/>\n<meta property=\"og:url\" content=\"https:\/\/pet24.md\/ro\/produs\/dr-trend-napolnitel-dlya-koshachih-tualetov-s-aromatom-detskoj-prisypki-5l\/\" \/>\n<meta property=\"og:site_name\" content=\"Pet24\" \/>\n<meta property=\"article:publisher\" content=\"https:\/\/www.facebook.com\/pet24.md\" \/>\n<meta property=\"article:modified_time\" content=\"2024-09-22T22:16:58+00:00\" \/>\n<meta property=\"og:image\" content=\"https:\/\/pet24.md\/wp-content\/uploads\/2024\/09\/dr-trend-napolnitel-dlya-koshachih-tualetov-s-aromatom-detskoj-prisypki-5l-1.webp\" \/>\n\t<meta property=\"og:image:width\" content=\"600\" \/>\n\t<meta property=\"og:image:height\" content=\"600\" \/>\n\t<meta property=\"og:image:type\" content=\"image\/webp\" \/>\n<meta name=\"twitter:card\" content=\"summary_large_image\" \/>\n<script type=\"application\/ld+json\" class=\"yoast-schema-graph\">{\"@context\":\"https:\\\/\\\/schema.org\",\"@graph\":[{\"@type\":\"WebPage\",\"@id\":\"https:\\\/\\\/pet24.md\\\/product\\\/dr-trend-napolnitel-dlya-koshachih-tualetov-s-aromatom-detskoj-prisypki-5l\\\/\",\"url\":\"https:\\\/\\\/pet24.md\\\/product\\\/dr-trend-napolnitel-dlya-koshachih-tualetov-s-aromatom-detskoj-prisypki-5l\\\/\",\"name\":\"Dr. Trend \u0431\u0435\u043d\u0442\u043e\u043d\u0438\u0442\u043e\u0432\u044b\u0439 \u043d\u0430\u043f\u043e\u043b\u043d\u0438\u0442\u0435\u043b\u044c \u0434\u043b\u044f \u043a\u043e\u0448\u0430\u0447\u044c\u0438\u0445 \u0442\u0443\u0430\u043b\u0435\u0442\u043e\u0432 \u0441 \u0430\u0440\u043e\u043c\u0430\u0442\u043e\u043c \u0434\u0435\u0442\u0441\u043a\u043e\u0439 \u043f\u0440\u0438\u0441\u044b\u043f\u043a\u0438, 5\u043b\",\"isPartOf\":{\"@id\":\"https:\\\/\\\/pet24.md\\\/#website\"},\"primaryImageOfPage\":{\"@id\":\"https:\\\/\\\/pet24.md\\\/product\\\/dr-trend-napolnitel-dlya-koshachih-tualetov-s-aromatom-detskoj-prisypki-5l\\\/#primaryimage\"},\"image\":{\"@id\":\"https:\\\/\\\/pet24.md\\\/product\\\/dr-trend-napolnitel-dlya-koshachih-tualetov-s-aromatom-detskoj-prisypki-5l\\\/#primaryimage\"},\"thumbnailUrl\":\"https:\\\/\\\/pet24.md\\\/wp-content\\\/uploads\\\/2024\\\/09\\\/dr-trend-napolnitel-dlya-koshachih-tualetov-s-aromatom-detskoj-prisypki-5l-1.webp\",\"datePublished\":\"2024-08-12T09:52:17+00:00\",\"dateModified\":\"2024-09-22T22:16:58+00:00\",\"description\":\"\u041a\u0443\u043f\u0438\u0442\u044c Dr. Trend \u0431\u0435\u043d\u0442\u043e\u043d\u0438\u0442\u043e\u0432\u044b\u0439 \u043d\u0430\u043f\u043e\u043b\u043d\u0438\u0442\u0435\u043b\u044c \u0434\u043b\u044f \u043a\u043e\u0448\u0430\u0447\u044c\u0438\u0445 \u0442\u0443\u0430\u043b\u0435\u0442\u043e\u0432 \u0441 \u0430\u0440\u043e\u043c\u0430\u0442\u043e\u043c \u0434\u0435\u0442\u0441\u043a\u043e\u0439 \u043f\u0440\u0438\u0441\u044b\u043f\u043a\u0438, 5\u043b \u0441 \u0434\u043e\u0441\u0442\u0430\u0432\u043a\u043e\u0439 \u043f\u043e \u041a\u0438\u0448\u0438\u043d\u0435\u0432\u0443 \u0438 \u0432\u0441\u0435\u0439 \u041c\u043e\u043b\u0434\u043e\u0432\u0435 \u043d\u0430 Pet24\",\"breadcrumb\":{\"@id\":\"https:\\\/\\\/pet24.md\\\/product\\\/dr-trend-napolnitel-dlya-koshachih-tualetov-s-aromatom-detskoj-prisypki-5l\\\/#breadcrumb\"},\"inLanguage\":\"ro-RO\",\"potentialAction\":[{\"@type\":\"ReadAction\",\"target\":[\"https:\\\/\\\/pet24.md\\\/product\\\/dr-trend-napolnitel-dlya-koshachih-tualetov-s-aromatom-detskoj-prisypki-5l\\\/\"]}]},{\"@type\":\"ImageObject\",\"inLanguage\":\"ro-RO\",\"@id\":\"https:\\\/\\\/pet24.md\\\/product\\\/dr-trend-napolnitel-dlya-koshachih-tualetov-s-aromatom-detskoj-prisypki-5l\\\/#primaryimage\",\"url\":\"https:\\\/\\\/pet24.md\\\/wp-content\\\/uploads\\\/2024\\\/09\\\/dr-trend-napolnitel-dlya-koshachih-tualetov-s-aromatom-detskoj-prisypki-5l-1.webp\",\"contentUrl\":\"https:\\\/\\\/pet24.md\\\/wp-content\\\/uploads\\\/2024\\\/09\\\/dr-trend-napolnitel-dlya-koshachih-tualetov-s-aromatom-detskoj-prisypki-5l-1.webp\",\"width\":600,\"height\":600,\"caption\":\"Dr. Trend \u043d\u0430\u043f\u043e\u043b\u043d\u0438\u0442\u0435\u043b\u044c \u0434\u043b\u044f \u043a\u043e\u0448\u0430\u0447\u044c\u0438\u0445 \u0442\u0443\u0430\u043b\u0435\u0442\u043e\u0432 \u0441 \u0430\u0440\u043e\u043c\u0430\u0442\u043e\u043c \u0434\u0435\u0442\u0441\u043a\u043e\u0439 \u043f\u0440\u0438\u0441\u044b\u043f\u043a\u0438\"},{\"@type\":\"BreadcrumbList\",\"@id\":\"https:\\\/\\\/pet24.md\\\/product\\\/dr-trend-napolnitel-dlya-koshachih-tualetov-s-aromatom-detskoj-prisypki-5l\\\/#breadcrumb\",\"itemListElement\":[{\"@type\":\"ListItem\",\"position\":1,\"name\":\"\u0413\u043b\u0430\u0432\u043d\u0430\u044f \u0441\u0442\u0440\u0430\u043d\u0438\u0446\u0430\",\"item\":\"https:\\\/\\\/pet24.md\\\/\"},{\"@type\":\"ListItem\",\"position\":2,\"name\":\"\u041c\u0430\u0433\u0430\u0437\u0438\u043d\",\"item\":\"https:\\\/\\\/pet24.md\\\/shop\\\/\"},{\"@type\":\"ListItem\",\"position\":3,\"name\":\"Dr. Trend \u0431\u0435\u043d\u0442\u043e\u043d\u0438\u0442\u043e\u0432\u044b\u0439 \u043d\u0430\u043f\u043e\u043b\u043d\u0438\u0442\u0435\u043b\u044c \u0434\u043b\u044f \u043a\u043e\u0448\u0430\u0447\u044c\u0438\u0445 \u0442\u0443\u0430\u043b\u0435\u0442\u043e\u0432 \u0441 \u0430\u0440\u043e\u043c\u0430\u0442\u043e\u043c \u0434\u0435\u0442\u0441\u043a\u043e\u0439 \u043f\u0440\u0438\u0441\u044b\u043f\u043a\u0438, 5\u043b\"}]},{\"@type\":\"WebSite\",\"@id\":\"https:\\\/\\\/pet24.md\\\/#website\",\"url\":\"https:\\\/\\\/pet24.md\\\/\",\"name\":\"Pet24\",\"description\":\"\u0417\u043e\u043e\u043c\u0430\u0433\u0430\u0437\u0438\u043d \u0442\u043e\u0432\u0430\u0440\u043e\u0432 \u0434\u043b\u044f \u0434\u043e\u043c\u0430\u0448\u043d\u0438\u0445 \u043f\u0438\u0442\u043e\u043c\u0446\u0435\u0432\",\"publisher\":{\"@id\":\"https:\\\/\\\/pet24.md\\\/#organization\"},\"potentialAction\":[{\"@type\":\"SearchAction\",\"target\":{\"@type\":\"EntryPoint\",\"urlTemplate\":\"https:\\\/\\\/pet24.md\\\/?s={search_term_string}\"},\"query-input\":{\"@type\":\"PropertyValueSpecification\",\"valueRequired\":true,\"valueName\":\"search_term_string\"}}],\"inLanguage\":\"ro-RO\"},{\"@type\":\"Organization\",\"@id\":\"https:\\\/\\\/pet24.md\\\/#organization\",\"name\":\"Pet24\",\"url\":\"https:\\\/\\\/pet24.md\\\/\",\"logo\":{\"@type\":\"ImageObject\",\"inLanguage\":\"ro-RO\",\"@id\":\"https:\\\/\\\/pet24.md\\\/#\\\/schema\\\/logo\\\/image\\\/\",\"url\":\"https:\\\/\\\/pet24.md\\\/wp-content\\\/uploads\\\/2024\\\/09\\\/logo.svg\",\"contentUrl\":\"https:\\\/\\\/pet24.md\\\/wp-content\\\/uploads\\\/2024\\\/09\\\/logo.svg\",\"width\":215,\"height\":66,\"caption\":\"Pet24\"},\"image\":{\"@id\":\"https:\\\/\\\/pet24.md\\\/#\\\/schema\\\/logo\\\/image\\\/\"},\"sameAs\":[\"https:\\\/\\\/www.facebook.com\\\/pet24.md\",\"https:\\\/\\\/www.instagram.com\\\/pet24.md\\\/\"],\"telephone\":\"+37360508880\"}]}<\/script>\n<!-- \/ Yoast SEO Premium plugin. -->","yoast_head_json":{"title":"Dr. A\u0219ternut pentru pisici Trend bentonit\u0103 cu parfum de pudr\u0103 pentru copii, 5l","description":"\u041a\u0443\u043f\u0438\u0442\u044c Dr. Trend \u0431\u0435\u043d\u0442\u043e\u043d\u0438\u0442\u043e\u0432\u044b\u0439 \u043d\u0430\u043f\u043e\u043b\u043d\u0438\u0442\u0435\u043b\u044c \u0434\u043b\u044f \u043a\u043e\u0448\u0430\u0447\u044c\u0438\u0445 \u0442\u0443\u0430\u043b\u0435\u0442\u043e\u0432 \u0441 \u0430\u0440\u043e\u043c\u0430\u0442\u043e\u043c \u0434\u0435\u0442\u0441\u043a\u043e\u0439 \u043f\u0440\u0438\u0441\u044b\u043f\u043a\u0438, 5\u043b \u0441 \u0434\u043e\u0441\u0442\u0430\u0432\u043a\u043e\u0439 \u043f\u043e \u041a\u0438\u0448\u0438\u043d\u0435\u0432\u0443 \u0438 \u0432\u0441\u0435\u0439 \u041c\u043e\u043b\u0434\u043e\u0432\u0435 \u043d\u0430 Pet24","robots":{"index":"index","follow":"follow","max-snippet":"max-snippet:-1","max-image-preview":"max-image-preview:large","max-video-preview":"max-video-preview:-1"},"canonical":"https:\/\/pet24.md\/ro\/produs\/dr-trend-napolnitel-dlya-koshachih-tualetov-s-aromatom-detskoj-prisypki-5l\/","og_locale":"ro_RO","og_type":"article","og_title":"Dr. Trend \u0431\u0435\u043d\u0442\u043e\u043d\u0438\u0442\u043e\u0432\u044b\u0439 \u043d\u0430\u043f\u043e\u043b\u043d\u0438\u0442\u0435\u043b\u044c \u0434\u043b\u044f \u043a\u043e\u0448\u0430\u0447\u044c\u0438\u0445 \u0442\u0443\u0430\u043b\u0435\u0442\u043e\u0432 \u0441 \u0430\u0440\u043e\u043c\u0430\u0442\u043e\u043c \u0434\u0435\u0442\u0441\u043a\u043e\u0439 \u043f\u0440\u0438\u0441\u044b\u043f\u043a\u0438, 5\u043b","og_description":"\u041a\u0443\u043f\u0438\u0442\u044c Dr. Trend \u0431\u0435\u043d\u0442\u043e\u043d\u0438\u0442\u043e\u0432\u044b\u0439 \u043d\u0430\u043f\u043e\u043b\u043d\u0438\u0442\u0435\u043b\u044c \u0434\u043b\u044f \u043a\u043e\u0448\u0430\u0447\u044c\u0438\u0445 \u0442\u0443\u0430\u043b\u0435\u0442\u043e\u0432 \u0441 \u0430\u0440\u043e\u043c\u0430\u0442\u043e\u043c \u0434\u0435\u0442\u0441\u043a\u043e\u0439 \u043f\u0440\u0438\u0441\u044b\u043f\u043a\u0438, 5\u043b \u0441 \u0434\u043e\u0441\u0442\u0430\u0432\u043a\u043e\u0439 \u043f\u043e \u041a\u0438\u0448\u0438\u043d\u0435\u0432\u0443 \u0438 \u0432\u0441\u0435\u0439 \u041c\u043e\u043b\u0434\u043e\u0432\u0435 \u043d\u0430 Pet24","og_url":"https:\/\/pet24.md\/ro\/produs\/dr-trend-napolnitel-dlya-koshachih-tualetov-s-aromatom-detskoj-prisypki-5l\/","og_site_name":"Pet24","article_publisher":"https:\/\/www.facebook.com\/pet24.md","article_modified_time":"2024-09-22T22:16:58+00:00","og_image":[{"width":600,"height":600,"url":"https:\/\/pet24.md\/wp-content\/uploads\/2024\/09\/dr-trend-napolnitel-dlya-koshachih-tualetov-s-aromatom-detskoj-prisypki-5l-1.webp","type":"image\/webp"}],"twitter_card":"summary_large_image","schema":{"@context":"https:\/\/schema.org","@graph":[{"@type":"WebPage","@id":"https:\/\/pet24.md\/product\/dr-trend-napolnitel-dlya-koshachih-tualetov-s-aromatom-detskoj-prisypki-5l\/","url":"https:\/\/pet24.md\/product\/dr-trend-napolnitel-dlya-koshachih-tualetov-s-aromatom-detskoj-prisypki-5l\/","name":"Dr. A\u0219ternut pentru pisici Trend bentonit\u0103 cu parfum de pudr\u0103 pentru copii, 5l","isPartOf":{"@id":"https:\/\/pet24.md\/#website"},"primaryImageOfPage":{"@id":"https:\/\/pet24.md\/product\/dr-trend-napolnitel-dlya-koshachih-tualetov-s-aromatom-detskoj-prisypki-5l\/#primaryimage"},"image":{"@id":"https:\/\/pet24.md\/product\/dr-trend-napolnitel-dlya-koshachih-tualetov-s-aromatom-detskoj-prisypki-5l\/#primaryimage"},"thumbnailUrl":"https:\/\/pet24.md\/wp-content\/uploads\/2024\/09\/dr-trend-napolnitel-dlya-koshachih-tualetov-s-aromatom-detskoj-prisypki-5l-1.webp","datePublished":"2024-08-12T09:52:17+00:00","dateModified":"2024-09-22T22:16:58+00:00","description":"\u041a\u0443\u043f\u0438\u0442\u044c Dr. Trend \u0431\u0435\u043d\u0442\u043e\u043d\u0438\u0442\u043e\u0432\u044b\u0439 \u043d\u0430\u043f\u043e\u043b\u043d\u0438\u0442\u0435\u043b\u044c \u0434\u043b\u044f \u043a\u043e\u0448\u0430\u0447\u044c\u0438\u0445 \u0442\u0443\u0430\u043b\u0435\u0442\u043e\u0432 \u0441 \u0430\u0440\u043e\u043c\u0430\u0442\u043e\u043c \u0434\u0435\u0442\u0441\u043a\u043e\u0439 \u043f\u0440\u0438\u0441\u044b\u043f\u043a\u0438, 5\u043b \u0441 \u0434\u043e\u0441\u0442\u0430\u0432\u043a\u043e\u0439 \u043f\u043e \u041a\u0438\u0448\u0438\u043d\u0435\u0432\u0443 \u0438 \u0432\u0441\u0435\u0439 \u041c\u043e\u043b\u0434\u043e\u0432\u0435 \u043d\u0430 Pet24","breadcrumb":{"@id":"https:\/\/pet24.md\/product\/dr-trend-napolnitel-dlya-koshachih-tualetov-s-aromatom-detskoj-prisypki-5l\/#breadcrumb"},"inLanguage":"ro-RO","potentialAction":[{"@type":"ReadAction","target":["https:\/\/pet24.md\/product\/dr-trend-napolnitel-dlya-koshachih-tualetov-s-aromatom-detskoj-prisypki-5l\/"]}]},{"@type":"ImageObject","inLanguage":"ro-RO","@id":"https:\/\/pet24.md\/product\/dr-trend-napolnitel-dlya-koshachih-tualetov-s-aromatom-detskoj-prisypki-5l\/#primaryimage","url":"https:\/\/pet24.md\/wp-content\/uploads\/2024\/09\/dr-trend-napolnitel-dlya-koshachih-tualetov-s-aromatom-detskoj-prisypki-5l-1.webp","contentUrl":"https:\/\/pet24.md\/wp-content\/uploads\/2024\/09\/dr-trend-napolnitel-dlya-koshachih-tualetov-s-aromatom-detskoj-prisypki-5l-1.webp","width":600,"height":600,"caption":"Dr. Trend \u043d\u0430\u043f\u043e\u043b\u043d\u0438\u0442\u0435\u043b\u044c \u0434\u043b\u044f \u043a\u043e\u0448\u0430\u0447\u044c\u0438\u0445 \u0442\u0443\u0430\u043b\u0435\u0442\u043e\u0432 \u0441 \u0430\u0440\u043e\u043c\u0430\u0442\u043e\u043c \u0434\u0435\u0442\u0441\u043a\u043e\u0439 \u043f\u0440\u0438\u0441\u044b\u043f\u043a\u0438"},{"@type":"BreadcrumbList","@id":"https:\/\/pet24.md\/product\/dr-trend-napolnitel-dlya-koshachih-tualetov-s-aromatom-detskoj-prisypki-5l\/#breadcrumb","itemListElement":[{"@type":"ListItem","position":1,"name":"\u0413\u043b\u0430\u0432\u043d\u0430\u044f \u0441\u0442\u0440\u0430\u043d\u0438\u0446\u0430","item":"https:\/\/pet24.md\/"},{"@type":"ListItem","position":2,"name":"\u041c\u0430\u0433\u0430\u0437\u0438\u043d","item":"https:\/\/pet24.md\/shop\/"},{"@type":"ListItem","position":3,"name":"Dr. Trend \u0431\u0435\u043d\u0442\u043e\u043d\u0438\u0442\u043e\u0432\u044b\u0439 \u043d\u0430\u043f\u043e\u043b\u043d\u0438\u0442\u0435\u043b\u044c \u0434\u043b\u044f \u043a\u043e\u0448\u0430\u0447\u044c\u0438\u0445 \u0442\u0443\u0430\u043b\u0435\u0442\u043e\u0432 \u0441 \u0430\u0440\u043e\u043c\u0430\u0442\u043e\u043c \u0434\u0435\u0442\u0441\u043a\u043e\u0439 \u043f\u0440\u0438\u0441\u044b\u043f\u043a\u0438, 5\u043b"}]},{"@type":"WebSite","@id":"https:\/\/pet24.md\/#website","url":"https:\/\/pet24.md\/","name":"Pet24","description":"Magazin de animale de companie","publisher":{"@id":"https:\/\/pet24.md\/#organization"},"potentialAction":[{"@type":"SearchAction","target":{"@type":"EntryPoint","urlTemplate":"https:\/\/pet24.md\/?s={search_term_string}"},"query-input":{"@type":"PropertyValueSpecification","valueRequired":true,"valueName":"search_term_string"}}],"inLanguage":"ro-RO"},{"@type":"Organization","@id":"https:\/\/pet24.md\/#organization","name":"Pet24","url":"https:\/\/pet24.md\/","logo":{"@type":"ImageObject","inLanguage":"ro-RO","@id":"https:\/\/pet24.md\/#\/schema\/logo\/image\/","url":"https:\/\/pet24.md\/wp-content\/uploads\/2024\/09\/logo.svg","contentUrl":"https:\/\/pet24.md\/wp-content\/uploads\/2024\/09\/logo.svg","width":215,"height":66,"caption":"Pet24"},"image":{"@id":"https:\/\/pet24.md\/#\/schema\/logo\/image\/"},"sameAs":["https:\/\/www.facebook.com\/pet24.md","https:\/\/www.instagram.com\/pet24.md\/"],"telephone":"+37360508880"}]}},"_links":{"self":[{"href":"https:\/\/pet24.md\/ro\/wp-json\/wp\/v2\/product\/86159","targetHints":{"allow":["GET"]}}],"collection":[{"href":"https:\/\/pet24.md\/ro\/wp-json\/wp\/v2\/product"}],"about":[{"href":"https:\/\/pet24.md\/ro\/wp-json\/wp\/v2\/types\/product"}],"replies":[{"embeddable":true,"href":"https:\/\/pet24.md\/ro\/wp-json\/wp\/v2\/comments?post=86159"}],"wp:featuredmedia":[{"embeddable":true,"href":"https:\/\/pet24.md\/ro\/wp-json\/wp\/v2\/media\/91144"}],"wp:attachment":[{"href":"https:\/\/pet24.md\/ro\/wp-json\/wp\/v2\/media?parent=86159"}],"wp:term":[{"taxonomy":"product_brand","embeddable":true,"href":"https:\/\/pet24.md\/ro\/wp-json\/wp\/v2\/product_brand?post=86159"},{"taxonomy":"product_cat","embeddable":true,"href":"https:\/\/pet24.md\/ro\/wp-json\/wp\/v2\/product_cat?post=86159"},{"taxonomy":"product_tag","embeddable":true,"href":"https:\/\/pet24.md\/ro\/wp-json\/wp\/v2\/product_tag?post=86159"}],"curies":[{"name":"wp","href":"https:\/\/api.w.org\/{rel}","templated":true}]}}