{"id":86176,"date":"2024-08-11T23:31:28","date_gmt":"2024-08-11T23:31:28","guid":{"rendered":"https:\/\/pet24.md\/?post_type=product&#038;p=86176"},"modified":"2024-09-22T22:16:55","modified_gmt":"2024-09-22T22:16:55","slug":"dr-trend-shampun-antibakterialnyj-dlya-sobak-i-koshek-250-ml","status":"publish","type":"product","link":"https:\/\/pet24.md\/ro\/produs\/dr-trend-shampun-antibakterialnyj-dlya-sobak-i-koshek-250-ml\/","title":{"rendered":"Sampon antibacterian Dr.Trend pentru caini si pisici, 250 ml"},"content":{"rendered":"<h3><strong><span class=\"alice-fade-word\">\u015eampon <\/span><\/strong><strong><span class=\"alice-fade-word\">Dr.Trend<\/span><span class=\"alice-fade-word\"> antibacterian pentru c\u00e2ini \u0219i pisici<\/span><\/strong><\/h3>\n<p>Dr. Sampon antibacterian trendy pentru caini si pisici, 250 ml este un produs eficient pentru ingrijirea blanii si a pielii animalului tau. \u0218amponul are un efect antibacterian, care ajut\u0103 la prevenirea dezvolt\u0103rii bacteriilor \u0219i ciupercilor pe pielea animalului.<\/p>\n<p>Produsul este fabricat din ingrediente naturale care sunt bl\u00e2nde cu pielea \u0219i blana animalului. \u0218amponul nu provoac\u0103 irita\u021bii sau reac\u021bii alergice, a\u0219a c\u0103 este potrivit chiar \u0219i pentru cele mai sensibile animale de companie.<br \/>\n\u0218amponul este u\u0219or de aplicat \u0219i de cl\u0103tit f\u0103r\u0103 a l\u0103sa reziduuri pe blan\u0103. Dup\u0103 utilizare, haina devine moale, str\u0103lucitoare \u0219i u\u0219or de piept\u0103nat.<\/p>\n<p>Dr. Trend este prezentat \u00eentr-o sticl\u0103 convenabil\u0103 de 250 ml. Va dura mult timp, ceea ce o face o alegere economic\u0103 pentru \u00eengrijirea animalului dvs. de companie.<\/p>\n<p>Dr. Tendin\u021ba se refer\u0103 la \u00eengrijirea frumuse\u021bii \u0219i a s\u0103n\u0103t\u0103\u021bii animalului t\u0103u de companie.<\/p>\n<h4>Particularitati:<\/h4>\n<ul>\n<li>pH neutru<\/li>\n<li>Cur\u0103\u021b\u0103 \u0219i \u00eemprosp\u0103teaz\u0103 eficient blana.<\/li>\n<li>Sprijin\u0103 pielea \u0219i blana s\u0103n\u0103toas\u0103.<\/li>\n<li>U\u0219or de utilizat \u0219i cl\u0103tit.<\/li>\n<li>Potrivit pentru utilizare obi\u0219nuit\u0103.<\/li>\n<\/ul>\n<p>Comanda astazi sampon antibacterian pentru caini si pisici, 250 ml si asigura-ti animalului tau o hrana si sanatate adecvata!<\/p>","protected":false},"excerpt":{"rendered":"<p>Dr. Sampon antibacterian trendy pentru caini si pisici, 250 ml este un produs eficient pentru ingrijirea blanii si a pielii animalului tau. \u0218amponul are un efect antibacterian, care ajut\u0103 la prevenirea dezvolt\u0103rii bacteriilor \u0219i ciupercilor pe pielea animalului.<\/p>","protected":false},"featured_media":91135,"comment_status":"closed","ping_status":"closed","template":"","meta":[],"product_brand":[],"product_cat":[136,193,802,451,803,801],"product_tag":[789,818,332,240,764],"class_list":{"0":"post-86176","1":"product","2":"type-product","3":"status-publish","4":"has-post-thumbnail","6":"product_cat-dog","7":"product_cat-cat","8":"product_cat-cats-care","9":"product_cat-dogs-care","10":"product_cat-cats-shampoos","11":"product_cat-dog-shampoos","12":"product_tag-dr-trend","13":"product_tag-antibakterialnyj","14":"product_tag-vzroslaya-koshka","15":"product_tag-vzroslaya-sobaka","16":"product_tag-shampun","17":"pa_age-pet-vzroslyj","18":"pa_brand-dr-trend","19":"pa_packaging-flakon-plastmassovyj","20":"pa_pet-koshka","21":"pa_pet-sobaka","22":"pa_purpose-product-antibakterialnyj","23":"pa_volume-250-ml","25":"first","26":"instock","27":"shipping-taxable","28":"product-type-simple"},"yoast_head":"<!-- This site is optimized with the Yoast SEO Premium plugin v23.7 (Yoast SEO v27.5) - https:\/\/yoast.com\/product\/yoast-seo-premium-wordpress\/ -->\n<title>Dr.Trend \u0448\u0430\u043c\u043f\u0443\u043d\u044c \u0430\u043d\u0442\u0438\u0431\u0430\u043a\u0442\u0435\u0440\u0438\u0430\u043b\u044c\u043d\u044b\u0439 \u0434\u043b\u044f \u0441\u043e\u0431\u0430\u043a \u0438 \u043a\u043e\u0448\u0435\u043a, 250 \u043c\u043b<\/title>\n<meta name=\"description\" content=\"\u041a\u0443\u043f\u0438\u0442\u044c Dr.Trend \u0448\u0430\u043c\u043f\u0443\u043d\u044c \u0430\u043d\u0442\u0438\u0431\u0430\u043a\u0442\u0435\u0440\u0438\u0430\u043b\u044c\u043d\u044b\u0439 \u0434\u043b\u044f \u0441\u043e\u0431\u0430\u043a \u0438 \u043a\u043e\u0448\u0435\u043a, 250 \u043c\u043b \u0441 \u0434\u043e\u0441\u0442\u0430\u0432\u043a\u043e\u0439 \u043f\u043e \u041a\u0438\u0448\u0438\u043d\u0435\u0432\u0443 \u0438 \u0432\u0441\u0435\u0439 \u041c\u043e\u043b\u0434\u043e\u0432\u0435 \u043d\u0430 Pet24\" \/>\n<meta name=\"robots\" content=\"index, follow, max-snippet:-1, max-image-preview:large, max-video-preview:-1\" \/>\n<link rel=\"canonical\" href=\"https:\/\/pet24.md\/ro\/produs\/dr-trend-shampun-antibakterialnyj-dlya-sobak-i-koshek-250-ml\/\" \/>\n<meta property=\"og:locale\" content=\"ro_RO\" \/>\n<meta property=\"og:type\" content=\"article\" \/>\n<meta property=\"og:title\" content=\"Dr.Trend \u0448\u0430\u043c\u043f\u0443\u043d\u044c \u0430\u043d\u0442\u0438\u0431\u0430\u043a\u0442\u0435\u0440\u0438\u0430\u043b\u044c\u043d\u044b\u0439 \u0434\u043b\u044f \u0441\u043e\u0431\u0430\u043a \u0438 \u043a\u043e\u0448\u0435\u043a, 250 \u043c\u043b\" \/>\n<meta property=\"og:description\" content=\"\u041a\u0443\u043f\u0438\u0442\u044c Dr.Trend \u0448\u0430\u043c\u043f\u0443\u043d\u044c \u0430\u043d\u0442\u0438\u0431\u0430\u043a\u0442\u0435\u0440\u0438\u0430\u043b\u044c\u043d\u044b\u0439 \u0434\u043b\u044f \u0441\u043e\u0431\u0430\u043a \u0438 \u043a\u043e\u0448\u0435\u043a, 250 \u043c\u043b \u0441 \u0434\u043e\u0441\u0442\u0430\u0432\u043a\u043e\u0439 \u043f\u043e \u041a\u0438\u0448\u0438\u043d\u0435\u0432\u0443 \u0438 \u0432\u0441\u0435\u0439 \u041c\u043e\u043b\u0434\u043e\u0432\u0435 \u043d\u0430 Pet24\" \/>\n<meta property=\"og:url\" content=\"https:\/\/pet24.md\/ro\/produs\/dr-trend-shampun-antibakterialnyj-dlya-sobak-i-koshek-250-ml\/\" \/>\n<meta property=\"og:site_name\" content=\"Pet24\" \/>\n<meta property=\"article:publisher\" content=\"https:\/\/www.facebook.com\/pet24.md\" \/>\n<meta property=\"article:modified_time\" content=\"2024-09-22T22:16:55+00:00\" \/>\n<meta property=\"og:image\" content=\"https:\/\/pet24.md\/wp-content\/uploads\/2024\/09\/dr-trend-dr-trend-shampun-antibakterialnyj-dlya-sobak-i-koshek-250-ml-1.webp\" \/>\n\t<meta property=\"og:image:width\" content=\"1000\" \/>\n\t<meta property=\"og:image:height\" content=\"1000\" \/>\n\t<meta property=\"og:image:type\" content=\"image\/webp\" \/>\n<meta name=\"twitter:card\" content=\"summary_large_image\" \/>\n<script type=\"application\/ld+json\" class=\"yoast-schema-graph\">{\"@context\":\"https:\\\/\\\/schema.org\",\"@graph\":[{\"@type\":\"WebPage\",\"@id\":\"https:\\\/\\\/pet24.md\\\/product\\\/dr-trend-shampun-antibakterialnyj-dlya-sobak-i-koshek-250-ml\\\/\",\"url\":\"https:\\\/\\\/pet24.md\\\/product\\\/dr-trend-shampun-antibakterialnyj-dlya-sobak-i-koshek-250-ml\\\/\",\"name\":\"Dr.Trend \u0448\u0430\u043c\u043f\u0443\u043d\u044c \u0430\u043d\u0442\u0438\u0431\u0430\u043a\u0442\u0435\u0440\u0438\u0430\u043b\u044c\u043d\u044b\u0439 \u0434\u043b\u044f \u0441\u043e\u0431\u0430\u043a \u0438 \u043a\u043e\u0448\u0435\u043a, 250 \u043c\u043b\",\"isPartOf\":{\"@id\":\"https:\\\/\\\/pet24.md\\\/#website\"},\"primaryImageOfPage\":{\"@id\":\"https:\\\/\\\/pet24.md\\\/product\\\/dr-trend-shampun-antibakterialnyj-dlya-sobak-i-koshek-250-ml\\\/#primaryimage\"},\"image\":{\"@id\":\"https:\\\/\\\/pet24.md\\\/product\\\/dr-trend-shampun-antibakterialnyj-dlya-sobak-i-koshek-250-ml\\\/#primaryimage\"},\"thumbnailUrl\":\"https:\\\/\\\/pet24.md\\\/wp-content\\\/uploads\\\/2024\\\/09\\\/dr-trend-dr-trend-shampun-antibakterialnyj-dlya-sobak-i-koshek-250-ml-1.webp\",\"datePublished\":\"2024-08-11T23:31:28+00:00\",\"dateModified\":\"2024-09-22T22:16:55+00:00\",\"description\":\"\u041a\u0443\u043f\u0438\u0442\u044c Dr.Trend \u0448\u0430\u043c\u043f\u0443\u043d\u044c \u0430\u043d\u0442\u0438\u0431\u0430\u043a\u0442\u0435\u0440\u0438\u0430\u043b\u044c\u043d\u044b\u0439 \u0434\u043b\u044f \u0441\u043e\u0431\u0430\u043a \u0438 \u043a\u043e\u0448\u0435\u043a, 250 \u043c\u043b \u0441 \u0434\u043e\u0441\u0442\u0430\u0432\u043a\u043e\u0439 \u043f\u043e \u041a\u0438\u0448\u0438\u043d\u0435\u0432\u0443 \u0438 \u0432\u0441\u0435\u0439 \u041c\u043e\u043b\u0434\u043e\u0432\u0435 \u043d\u0430 Pet24\",\"breadcrumb\":{\"@id\":\"https:\\\/\\\/pet24.md\\\/product\\\/dr-trend-shampun-antibakterialnyj-dlya-sobak-i-koshek-250-ml\\\/#breadcrumb\"},\"inLanguage\":\"ro-RO\",\"potentialAction\":[{\"@type\":\"ReadAction\",\"target\":[\"https:\\\/\\\/pet24.md\\\/product\\\/dr-trend-shampun-antibakterialnyj-dlya-sobak-i-koshek-250-ml\\\/\"]}]},{\"@type\":\"ImageObject\",\"inLanguage\":\"ro-RO\",\"@id\":\"https:\\\/\\\/pet24.md\\\/product\\\/dr-trend-shampun-antibakterialnyj-dlya-sobak-i-koshek-250-ml\\\/#primaryimage\",\"url\":\"https:\\\/\\\/pet24.md\\\/wp-content\\\/uploads\\\/2024\\\/09\\\/dr-trend-dr-trend-shampun-antibakterialnyj-dlya-sobak-i-koshek-250-ml-1.webp\",\"contentUrl\":\"https:\\\/\\\/pet24.md\\\/wp-content\\\/uploads\\\/2024\\\/09\\\/dr-trend-dr-trend-shampun-antibakterialnyj-dlya-sobak-i-koshek-250-ml-1.webp\",\"width\":1000,\"height\":1000,\"caption\":\"Dr.Trend Dr Trend \u0448\u0430\u043c\u043f\u0443\u043d\u044c \u0430\u043d\u0442\u0438\u0431\u0430\u043a\u0442\u0435\u0440\u0438\u0430\u043b\u044c\u043d\u044b\u0439 \u0434\u043b\u044f \u0441\u043e\u0431\u0430\u043a \u0438 \u043a\u043e\u0448\u0435\u043a\"},{\"@type\":\"BreadcrumbList\",\"@id\":\"https:\\\/\\\/pet24.md\\\/product\\\/dr-trend-shampun-antibakterialnyj-dlya-sobak-i-koshek-250-ml\\\/#breadcrumb\",\"itemListElement\":[{\"@type\":\"ListItem\",\"position\":1,\"name\":\"\u0413\u043b\u0430\u0432\u043d\u0430\u044f \u0441\u0442\u0440\u0430\u043d\u0438\u0446\u0430\",\"item\":\"https:\\\/\\\/pet24.md\\\/\"},{\"@type\":\"ListItem\",\"position\":2,\"name\":\"\u041c\u0430\u0433\u0430\u0437\u0438\u043d\",\"item\":\"https:\\\/\\\/pet24.md\\\/shop\\\/\"},{\"@type\":\"ListItem\",\"position\":3,\"name\":\"Dr.Trend \u0448\u0430\u043c\u043f\u0443\u043d\u044c \u0430\u043d\u0442\u0438\u0431\u0430\u043a\u0442\u0435\u0440\u0438\u0430\u043b\u044c\u043d\u044b\u0439 \u0434\u043b\u044f \u0441\u043e\u0431\u0430\u043a \u0438 \u043a\u043e\u0448\u0435\u043a, 250 \u043c\u043b\"}]},{\"@type\":\"WebSite\",\"@id\":\"https:\\\/\\\/pet24.md\\\/#website\",\"url\":\"https:\\\/\\\/pet24.md\\\/\",\"name\":\"Pet24\",\"description\":\"\u0417\u043e\u043e\u043c\u0430\u0433\u0430\u0437\u0438\u043d \u0442\u043e\u0432\u0430\u0440\u043e\u0432 \u0434\u043b\u044f \u0434\u043e\u043c\u0430\u0448\u043d\u0438\u0445 \u043f\u0438\u0442\u043e\u043c\u0446\u0435\u0432\",\"publisher\":{\"@id\":\"https:\\\/\\\/pet24.md\\\/#organization\"},\"potentialAction\":[{\"@type\":\"SearchAction\",\"target\":{\"@type\":\"EntryPoint\",\"urlTemplate\":\"https:\\\/\\\/pet24.md\\\/?s={search_term_string}\"},\"query-input\":{\"@type\":\"PropertyValueSpecification\",\"valueRequired\":true,\"valueName\":\"search_term_string\"}}],\"inLanguage\":\"ro-RO\"},{\"@type\":\"Organization\",\"@id\":\"https:\\\/\\\/pet24.md\\\/#organization\",\"name\":\"Pet24\",\"url\":\"https:\\\/\\\/pet24.md\\\/\",\"logo\":{\"@type\":\"ImageObject\",\"inLanguage\":\"ro-RO\",\"@id\":\"https:\\\/\\\/pet24.md\\\/#\\\/schema\\\/logo\\\/image\\\/\",\"url\":\"https:\\\/\\\/pet24.md\\\/wp-content\\\/uploads\\\/2024\\\/09\\\/logo.svg\",\"contentUrl\":\"https:\\\/\\\/pet24.md\\\/wp-content\\\/uploads\\\/2024\\\/09\\\/logo.svg\",\"width\":215,\"height\":66,\"caption\":\"Pet24\"},\"image\":{\"@id\":\"https:\\\/\\\/pet24.md\\\/#\\\/schema\\\/logo\\\/image\\\/\"},\"sameAs\":[\"https:\\\/\\\/www.facebook.com\\\/pet24.md\",\"https:\\\/\\\/www.instagram.com\\\/pet24.md\\\/\"],\"telephone\":\"+37360508880\"}]}<\/script>\n<!-- \/ Yoast SEO Premium plugin. -->","yoast_head_json":{"title":"Sampon antibacterian Dr.Trend pentru caini si pisici, 250 ml","description":"\u041a\u0443\u043f\u0438\u0442\u044c Dr.Trend \u0448\u0430\u043c\u043f\u0443\u043d\u044c \u0430\u043d\u0442\u0438\u0431\u0430\u043a\u0442\u0435\u0440\u0438\u0430\u043b\u044c\u043d\u044b\u0439 \u0434\u043b\u044f \u0441\u043e\u0431\u0430\u043a \u0438 \u043a\u043e\u0448\u0435\u043a, 250 \u043c\u043b \u0441 \u0434\u043e\u0441\u0442\u0430\u0432\u043a\u043e\u0439 \u043f\u043e \u041a\u0438\u0448\u0438\u043d\u0435\u0432\u0443 \u0438 \u0432\u0441\u0435\u0439 \u041c\u043e\u043b\u0434\u043e\u0432\u0435 \u043d\u0430 Pet24","robots":{"index":"index","follow":"follow","max-snippet":"max-snippet:-1","max-image-preview":"max-image-preview:large","max-video-preview":"max-video-preview:-1"},"canonical":"https:\/\/pet24.md\/ro\/produs\/dr-trend-shampun-antibakterialnyj-dlya-sobak-i-koshek-250-ml\/","og_locale":"ro_RO","og_type":"article","og_title":"Dr.Trend \u0448\u0430\u043c\u043f\u0443\u043d\u044c \u0430\u043d\u0442\u0438\u0431\u0430\u043a\u0442\u0435\u0440\u0438\u0430\u043b\u044c\u043d\u044b\u0439 \u0434\u043b\u044f \u0441\u043e\u0431\u0430\u043a \u0438 \u043a\u043e\u0448\u0435\u043a, 250 \u043c\u043b","og_description":"\u041a\u0443\u043f\u0438\u0442\u044c Dr.Trend \u0448\u0430\u043c\u043f\u0443\u043d\u044c \u0430\u043d\u0442\u0438\u0431\u0430\u043a\u0442\u0435\u0440\u0438\u0430\u043b\u044c\u043d\u044b\u0439 \u0434\u043b\u044f \u0441\u043e\u0431\u0430\u043a \u0438 \u043a\u043e\u0448\u0435\u043a, 250 \u043c\u043b \u0441 \u0434\u043e\u0441\u0442\u0430\u0432\u043a\u043e\u0439 \u043f\u043e \u041a\u0438\u0448\u0438\u043d\u0435\u0432\u0443 \u0438 \u0432\u0441\u0435\u0439 \u041c\u043e\u043b\u0434\u043e\u0432\u0435 \u043d\u0430 Pet24","og_url":"https:\/\/pet24.md\/ro\/produs\/dr-trend-shampun-antibakterialnyj-dlya-sobak-i-koshek-250-ml\/","og_site_name":"Pet24","article_publisher":"https:\/\/www.facebook.com\/pet24.md","article_modified_time":"2024-09-22T22:16:55+00:00","og_image":[{"width":1000,"height":1000,"url":"https:\/\/pet24.md\/wp-content\/uploads\/2024\/09\/dr-trend-dr-trend-shampun-antibakterialnyj-dlya-sobak-i-koshek-250-ml-1.webp","type":"image\/webp"}],"twitter_card":"summary_large_image","schema":{"@context":"https:\/\/schema.org","@graph":[{"@type":"WebPage","@id":"https:\/\/pet24.md\/product\/dr-trend-shampun-antibakterialnyj-dlya-sobak-i-koshek-250-ml\/","url":"https:\/\/pet24.md\/product\/dr-trend-shampun-antibakterialnyj-dlya-sobak-i-koshek-250-ml\/","name":"Sampon antibacterian Dr.Trend pentru caini si pisici, 250 ml","isPartOf":{"@id":"https:\/\/pet24.md\/#website"},"primaryImageOfPage":{"@id":"https:\/\/pet24.md\/product\/dr-trend-shampun-antibakterialnyj-dlya-sobak-i-koshek-250-ml\/#primaryimage"},"image":{"@id":"https:\/\/pet24.md\/product\/dr-trend-shampun-antibakterialnyj-dlya-sobak-i-koshek-250-ml\/#primaryimage"},"thumbnailUrl":"https:\/\/pet24.md\/wp-content\/uploads\/2024\/09\/dr-trend-dr-trend-shampun-antibakterialnyj-dlya-sobak-i-koshek-250-ml-1.webp","datePublished":"2024-08-11T23:31:28+00:00","dateModified":"2024-09-22T22:16:55+00:00","description":"\u041a\u0443\u043f\u0438\u0442\u044c Dr.Trend \u0448\u0430\u043c\u043f\u0443\u043d\u044c \u0430\u043d\u0442\u0438\u0431\u0430\u043a\u0442\u0435\u0440\u0438\u0430\u043b\u044c\u043d\u044b\u0439 \u0434\u043b\u044f \u0441\u043e\u0431\u0430\u043a \u0438 \u043a\u043e\u0448\u0435\u043a, 250 \u043c\u043b \u0441 \u0434\u043e\u0441\u0442\u0430\u0432\u043a\u043e\u0439 \u043f\u043e \u041a\u0438\u0448\u0438\u043d\u0435\u0432\u0443 \u0438 \u0432\u0441\u0435\u0439 \u041c\u043e\u043b\u0434\u043e\u0432\u0435 \u043d\u0430 Pet24","breadcrumb":{"@id":"https:\/\/pet24.md\/product\/dr-trend-shampun-antibakterialnyj-dlya-sobak-i-koshek-250-ml\/#breadcrumb"},"inLanguage":"ro-RO","potentialAction":[{"@type":"ReadAction","target":["https:\/\/pet24.md\/product\/dr-trend-shampun-antibakterialnyj-dlya-sobak-i-koshek-250-ml\/"]}]},{"@type":"ImageObject","inLanguage":"ro-RO","@id":"https:\/\/pet24.md\/product\/dr-trend-shampun-antibakterialnyj-dlya-sobak-i-koshek-250-ml\/#primaryimage","url":"https:\/\/pet24.md\/wp-content\/uploads\/2024\/09\/dr-trend-dr-trend-shampun-antibakterialnyj-dlya-sobak-i-koshek-250-ml-1.webp","contentUrl":"https:\/\/pet24.md\/wp-content\/uploads\/2024\/09\/dr-trend-dr-trend-shampun-antibakterialnyj-dlya-sobak-i-koshek-250-ml-1.webp","width":1000,"height":1000,"caption":"Dr.Trend Dr Trend \u0448\u0430\u043c\u043f\u0443\u043d\u044c \u0430\u043d\u0442\u0438\u0431\u0430\u043a\u0442\u0435\u0440\u0438\u0430\u043b\u044c\u043d\u044b\u0439 \u0434\u043b\u044f \u0441\u043e\u0431\u0430\u043a \u0438 \u043a\u043e\u0448\u0435\u043a"},{"@type":"BreadcrumbList","@id":"https:\/\/pet24.md\/product\/dr-trend-shampun-antibakterialnyj-dlya-sobak-i-koshek-250-ml\/#breadcrumb","itemListElement":[{"@type":"ListItem","position":1,"name":"\u0413\u043b\u0430\u0432\u043d\u0430\u044f \u0441\u0442\u0440\u0430\u043d\u0438\u0446\u0430","item":"https:\/\/pet24.md\/"},{"@type":"ListItem","position":2,"name":"\u041c\u0430\u0433\u0430\u0437\u0438\u043d","item":"https:\/\/pet24.md\/shop\/"},{"@type":"ListItem","position":3,"name":"Dr.Trend \u0448\u0430\u043c\u043f\u0443\u043d\u044c \u0430\u043d\u0442\u0438\u0431\u0430\u043a\u0442\u0435\u0440\u0438\u0430\u043b\u044c\u043d\u044b\u0439 \u0434\u043b\u044f \u0441\u043e\u0431\u0430\u043a \u0438 \u043a\u043e\u0448\u0435\u043a, 250 \u043c\u043b"}]},{"@type":"WebSite","@id":"https:\/\/pet24.md\/#website","url":"https:\/\/pet24.md\/","name":"Pet24","description":"Magazin de animale de companie","publisher":{"@id":"https:\/\/pet24.md\/#organization"},"potentialAction":[{"@type":"SearchAction","target":{"@type":"EntryPoint","urlTemplate":"https:\/\/pet24.md\/?s={search_term_string}"},"query-input":{"@type":"PropertyValueSpecification","valueRequired":true,"valueName":"search_term_string"}}],"inLanguage":"ro-RO"},{"@type":"Organization","@id":"https:\/\/pet24.md\/#organization","name":"Pet24","url":"https:\/\/pet24.md\/","logo":{"@type":"ImageObject","inLanguage":"ro-RO","@id":"https:\/\/pet24.md\/#\/schema\/logo\/image\/","url":"https:\/\/pet24.md\/wp-content\/uploads\/2024\/09\/logo.svg","contentUrl":"https:\/\/pet24.md\/wp-content\/uploads\/2024\/09\/logo.svg","width":215,"height":66,"caption":"Pet24"},"image":{"@id":"https:\/\/pet24.md\/#\/schema\/logo\/image\/"},"sameAs":["https:\/\/www.facebook.com\/pet24.md","https:\/\/www.instagram.com\/pet24.md\/"],"telephone":"+37360508880"}]}},"_links":{"self":[{"href":"https:\/\/pet24.md\/ro\/wp-json\/wp\/v2\/product\/86176","targetHints":{"allow":["GET"]}}],"collection":[{"href":"https:\/\/pet24.md\/ro\/wp-json\/wp\/v2\/product"}],"about":[{"href":"https:\/\/pet24.md\/ro\/wp-json\/wp\/v2\/types\/product"}],"replies":[{"embeddable":true,"href":"https:\/\/pet24.md\/ro\/wp-json\/wp\/v2\/comments?post=86176"}],"wp:featuredmedia":[{"embeddable":true,"href":"https:\/\/pet24.md\/ro\/wp-json\/wp\/v2\/media\/91135"}],"wp:attachment":[{"href":"https:\/\/pet24.md\/ro\/wp-json\/wp\/v2\/media?parent=86176"}],"wp:term":[{"taxonomy":"product_brand","embeddable":true,"href":"https:\/\/pet24.md\/ro\/wp-json\/wp\/v2\/product_brand?post=86176"},{"taxonomy":"product_cat","embeddable":true,"href":"https:\/\/pet24.md\/ro\/wp-json\/wp\/v2\/product_cat?post=86176"},{"taxonomy":"product_tag","embeddable":true,"href":"https:\/\/pet24.md\/ro\/wp-json\/wp\/v2\/product_tag?post=86176"}],"curies":[{"name":"wp","href":"https:\/\/api.w.org\/{rel}","templated":true}]}}