{"id":8636,"date":"2020-09-18T13:11:02","date_gmt":"2020-09-18T13:11:02","guid":{"rendered":"https:\/\/pet24.md\/?post_type=product&#038;p=8636"},"modified":"2024-11-07T14:34:07","modified_gmt":"2024-11-07T14:34:07","slug":"napolnitel-dlya-koshachego-tualeta-chistjulya-universal-5-kg","status":"publish","type":"product","link":"https:\/\/pet24.md\/ro\/produs\/napolnitel-dlya-koshachego-tualeta-chistjulya-universal-5-kg\/","title":{"rendered":"Neat Universal. A\u0219ternut de bentonit\u0103 pentru a\u0219ternut de pisici 5 kg. Granule 2-3 mm"},"content":{"rendered":"<h3>A\u0219ternut igienic de bentonit\u0103 pentru pisici Chistulya Universal 5 kg, 7 litri<\/h3>\n<p><strong>Descriere:<\/strong> Litierul universal pentru pisici Chistulya este ideal pentru a v\u0103 men\u021bine animalul de companie curat \u0219i confortabil. Fabricat din bentonit\u0103 de \u00eenalt\u0103 calitate, asigur\u0103 o absorb\u021bie eficient\u0103 a umidit\u0103\u021bii, form\u00e2nd rapid bulg\u0103ri compacte la contactul cu lichidul. Granulele au dimensiuni de 2-3 mm, ceea ce contribuie la o func\u021bionare eficient\u0103 \u0219i pe termen lung.<\/p>\n<p><strong>Specificatii:<\/strong><\/p>\n<ul>\n<li><strong>Material:<\/strong> Bentonit\u0103 de \u00eenalt\u0103 calitate.<\/li>\n<li><strong>Greutate:<\/strong> 5 kg.<\/li>\n<li><strong>Volum:<\/strong> 7 litri.<\/li>\n<li><strong>Dimensiunea granulelor:<\/strong> 2-3 mm.<\/li>\n<li><strong>Formarea de bulg\u0103ri:<\/strong> Umiditatea care intr\u0103 \u00een umplutur\u0103 formeaz\u0103 rapid bulg\u0103ri compacte.<\/li>\n<li><strong>Durabilitate:<\/strong> Asigur\u0103 o durat\u0103 lung\u0103 de via\u021b\u0103 datorit\u0103 absorb\u021biei eficiente a lichidului.<\/li>\n<li><strong>Siguran\u021ba mediului<\/strong> Sigur pentru mediu \u0219i s\u0103n\u0103tatea pisicilor.<\/li>\n<\/ul>","protected":false},"excerpt":{"rendered":"<p>Litierul igienic universal pentru pisici din bentonit\u0103 Chistulya 5 kg, 7 litri Descriere: Litierul igienic universal pentru pisici Chistulya este ideal pentru\u2026<\/p>","protected":false},"featured_media":89094,"comment_status":"closed","ping_status":"closed","template":"","meta":[],"product_brand":[],"product_cat":[195,193,194],"product_tag":[196,202,158],"class_list":{"0":"post-8636","1":"product","2":"type-product","3":"status-publish","4":"has-post-thumbnail","6":"product_cat-bentonite-calitter","7":"product_cat-cat","8":"product_cat-cat-litter","9":"product_tag-koshachij-tualet","10":"product_tag-koshka","11":"product_tag-napolnitel","12":"pa_age-pet-lyuboj-vozrast","13":"pa_brand-chistyulya","14":"pa_filler-bentonit","15":"pa_pet-koshka","16":"pa_weight-5-kg","18":"first","19":"instock","20":"product-type-simple"},"yoast_head":"<!-- This site is optimized with the Yoast SEO Premium plugin v23.7 (Yoast SEO v27.5) - https:\/\/yoast.com\/product\/yoast-seo-premium-wordpress\/ -->\n<title>\u0427\u0438\u0441\u0442\u044e\u043b\u044f \u0423\u043d\u0438\u0432\u0435\u0440\u0441\u0430\u043b. \u0411\u0435\u043d\u0442\u043e\u043d\u0438\u0442\u043e\u0432\u044b\u0439 \u043d\u0430\u043f\u043e\u043b\u043d\u0438\u0442\u0435\u043b\u044c \u0434\u043b\u044f \u043a\u043e\u0448\u0430\u0447\u044c\u0435\u0433\u043e \u0442\u0443\u0430\u043b\u0435\u0442\u0430 5 \u043a\u0433. \u0413\u0440\u0430\u043d\u0443\u043b\u0430 2-3 \u043c\u043c<\/title>\n<meta name=\"description\" content=\"\u041a\u0443\u043f\u0438\u0442\u044c \u0427\u0438\u0441\u0442\u044e\u043b\u044f \u0423\u043d\u0438\u0432\u0435\u0440\u0441\u0430\u043b. \u0411\u0435\u043d\u0442\u043e\u043d\u0438\u0442\u043e\u0432\u044b\u0439 \u043d\u0430\u043f\u043e\u043b\u043d\u0438\u0442\u0435\u043b\u044c \u0434\u043b\u044f \u043a\u043e\u0448\u0430\u0447\u044c\u0435\u0433\u043e \u0442\u0443\u0430\u043b\u0435\u0442\u0430 5 \u043a\u0433. \u0413\u0440\u0430\u043d\u0443\u043b\u0430 2-3 \u043c\u043c \u0441 \u0434\u043e\u0441\u0442\u0430\u0432\u043a\u043e\u0439 \u043f\u043e \u041a\u0438\u0448\u0438\u043d\u0435\u0432\u0443 \u0438 \u0432\u0441\u0435\u0439 \u041c\u043e\u043b\u0434\u043e\u0432\u0435 \u043d\u0430 Pet24\" \/>\n<meta name=\"robots\" content=\"index, follow, max-snippet:-1, max-image-preview:large, max-video-preview:-1\" \/>\n<link rel=\"canonical\" href=\"https:\/\/pet24.md\/ro\/produs\/napolnitel-dlya-koshachego-tualeta-chistjulya-universal-5-kg\/\" \/>\n<meta property=\"og:locale\" content=\"ro_RO\" \/>\n<meta property=\"og:type\" content=\"article\" \/>\n<meta property=\"og:title\" content=\"\u0427\u0438\u0441\u0442\u044e\u043b\u044f \u0423\u043d\u0438\u0432\u0435\u0440\u0441\u0430\u043b. \u0411\u0435\u043d\u0442\u043e\u043d\u0438\u0442\u043e\u0432\u044b\u0439 \u043d\u0430\u043f\u043e\u043b\u043d\u0438\u0442\u0435\u043b\u044c \u0434\u043b\u044f \u043a\u043e\u0448\u0430\u0447\u044c\u0435\u0433\u043e \u0442\u0443\u0430\u043b\u0435\u0442\u0430 5 \u043a\u0433. \u0413\u0440\u0430\u043d\u0443\u043b\u0430 2-3 \u043c\u043c\" \/>\n<meta property=\"og:description\" content=\"\u041a\u0443\u043f\u0438\u0442\u044c \u0427\u0438\u0441\u0442\u044e\u043b\u044f \u0423\u043d\u0438\u0432\u0435\u0440\u0441\u0430\u043b. \u0411\u0435\u043d\u0442\u043e\u043d\u0438\u0442\u043e\u0432\u044b\u0439 \u043d\u0430\u043f\u043e\u043b\u043d\u0438\u0442\u0435\u043b\u044c \u0434\u043b\u044f \u043a\u043e\u0448\u0430\u0447\u044c\u0435\u0433\u043e \u0442\u0443\u0430\u043b\u0435\u0442\u0430 5 \u043a\u0433. \u0413\u0440\u0430\u043d\u0443\u043b\u0430 2-3 \u043c\u043c \u0441 \u0434\u043e\u0441\u0442\u0430\u0432\u043a\u043e\u0439 \u043f\u043e \u041a\u0438\u0448\u0438\u043d\u0435\u0432\u0443 \u0438 \u0432\u0441\u0435\u0439 \u041c\u043e\u043b\u0434\u043e\u0432\u0435 \u043d\u0430 Pet24\" \/>\n<meta property=\"og:url\" content=\"https:\/\/pet24.md\/ro\/produs\/napolnitel-dlya-koshachego-tualeta-chistjulya-universal-5-kg\/\" \/>\n<meta property=\"og:site_name\" content=\"Pet24\" \/>\n<meta property=\"article:publisher\" content=\"https:\/\/www.facebook.com\/pet24.md\" \/>\n<meta property=\"article:modified_time\" content=\"2024-11-07T14:34:07+00:00\" \/>\n<meta property=\"og:image\" content=\"https:\/\/pet24.md\/wp-content\/uploads\/2024\/09\/chistyulya-universal-bentonitovyj-napolnitel-dlya-koshachego-tualeta-5-kg-granula-2-3-mm.webp\" \/>\n\t<meta property=\"og:image:width\" content=\"600\" \/>\n\t<meta property=\"og:image:height\" content=\"600\" \/>\n\t<meta property=\"og:image:type\" content=\"image\/webp\" \/>\n<meta name=\"twitter:card\" content=\"summary_large_image\" \/>\n<script type=\"application\/ld+json\" class=\"yoast-schema-graph\">{\"@context\":\"https:\\\/\\\/schema.org\",\"@graph\":[{\"@type\":\"WebPage\",\"@id\":\"https:\\\/\\\/pet24.md\\\/product\\\/napolnitel-dlya-koshachego-tualeta-chistjulya-universal-5-kg\\\/\",\"url\":\"https:\\\/\\\/pet24.md\\\/product\\\/napolnitel-dlya-koshachego-tualeta-chistjulya-universal-5-kg\\\/\",\"name\":\"\u0427\u0438\u0441\u0442\u044e\u043b\u044f \u0423\u043d\u0438\u0432\u0435\u0440\u0441\u0430\u043b. \u0411\u0435\u043d\u0442\u043e\u043d\u0438\u0442\u043e\u0432\u044b\u0439 \u043d\u0430\u043f\u043e\u043b\u043d\u0438\u0442\u0435\u043b\u044c \u0434\u043b\u044f \u043a\u043e\u0448\u0430\u0447\u044c\u0435\u0433\u043e \u0442\u0443\u0430\u043b\u0435\u0442\u0430 5 \u043a\u0433. \u0413\u0440\u0430\u043d\u0443\u043b\u0430 2-3 \u043c\u043c\",\"isPartOf\":{\"@id\":\"https:\\\/\\\/pet24.md\\\/#website\"},\"primaryImageOfPage\":{\"@id\":\"https:\\\/\\\/pet24.md\\\/product\\\/napolnitel-dlya-koshachego-tualeta-chistjulya-universal-5-kg\\\/#primaryimage\"},\"image\":{\"@id\":\"https:\\\/\\\/pet24.md\\\/product\\\/napolnitel-dlya-koshachego-tualeta-chistjulya-universal-5-kg\\\/#primaryimage\"},\"thumbnailUrl\":\"https:\\\/\\\/pet24.md\\\/wp-content\\\/uploads\\\/2024\\\/09\\\/chistyulya-universal-bentonitovyj-napolnitel-dlya-koshachego-tualeta-5-kg-granula-2-3-mm.webp\",\"datePublished\":\"2020-09-18T13:11:02+00:00\",\"dateModified\":\"2024-11-07T14:34:07+00:00\",\"description\":\"\u041a\u0443\u043f\u0438\u0442\u044c \u0427\u0438\u0441\u0442\u044e\u043b\u044f \u0423\u043d\u0438\u0432\u0435\u0440\u0441\u0430\u043b. \u0411\u0435\u043d\u0442\u043e\u043d\u0438\u0442\u043e\u0432\u044b\u0439 \u043d\u0430\u043f\u043e\u043b\u043d\u0438\u0442\u0435\u043b\u044c \u0434\u043b\u044f \u043a\u043e\u0448\u0430\u0447\u044c\u0435\u0433\u043e \u0442\u0443\u0430\u043b\u0435\u0442\u0430 5 \u043a\u0433. \u0413\u0440\u0430\u043d\u0443\u043b\u0430 2-3 \u043c\u043c \u0441 \u0434\u043e\u0441\u0442\u0430\u0432\u043a\u043e\u0439 \u043f\u043e \u041a\u0438\u0448\u0438\u043d\u0435\u0432\u0443 \u0438 \u0432\u0441\u0435\u0439 \u041c\u043e\u043b\u0434\u043e\u0432\u0435 \u043d\u0430 Pet24\",\"breadcrumb\":{\"@id\":\"https:\\\/\\\/pet24.md\\\/product\\\/napolnitel-dlya-koshachego-tualeta-chistjulya-universal-5-kg\\\/#breadcrumb\"},\"inLanguage\":\"ro-RO\",\"potentialAction\":[{\"@type\":\"ReadAction\",\"target\":[\"https:\\\/\\\/pet24.md\\\/product\\\/napolnitel-dlya-koshachego-tualeta-chistjulya-universal-5-kg\\\/\"]}]},{\"@type\":\"ImageObject\",\"inLanguage\":\"ro-RO\",\"@id\":\"https:\\\/\\\/pet24.md\\\/product\\\/napolnitel-dlya-koshachego-tualeta-chistjulya-universal-5-kg\\\/#primaryimage\",\"url\":\"https:\\\/\\\/pet24.md\\\/wp-content\\\/uploads\\\/2024\\\/09\\\/chistyulya-universal-bentonitovyj-napolnitel-dlya-koshachego-tualeta-5-kg-granula-2-3-mm.webp\",\"contentUrl\":\"https:\\\/\\\/pet24.md\\\/wp-content\\\/uploads\\\/2024\\\/09\\\/chistyulya-universal-bentonitovyj-napolnitel-dlya-koshachego-tualeta-5-kg-granula-2-3-mm.webp\",\"width\":600,\"height\":600,\"caption\":\"chistyulya universal bentonitovyj napolnitel dlya koshachego tualeta 5 kg granula 2 3 mm\"},{\"@type\":\"BreadcrumbList\",\"@id\":\"https:\\\/\\\/pet24.md\\\/product\\\/napolnitel-dlya-koshachego-tualeta-chistjulya-universal-5-kg\\\/#breadcrumb\",\"itemListElement\":[{\"@type\":\"ListItem\",\"position\":1,\"name\":\"\u0413\u043b\u0430\u0432\u043d\u0430\u044f \u0441\u0442\u0440\u0430\u043d\u0438\u0446\u0430\",\"item\":\"https:\\\/\\\/pet24.md\\\/\"},{\"@type\":\"ListItem\",\"position\":2,\"name\":\"\u041c\u0430\u0433\u0430\u0437\u0438\u043d\",\"item\":\"https:\\\/\\\/pet24.md\\\/shop\\\/\"},{\"@type\":\"ListItem\",\"position\":3,\"name\":\"\u0427\u0438\u0441\u0442\u044e\u043b\u044f \u0423\u043d\u0438\u0432\u0435\u0440\u0441\u0430\u043b. \u0411\u0435\u043d\u0442\u043e\u043d\u0438\u0442\u043e\u0432\u044b\u0439 \u043d\u0430\u043f\u043e\u043b\u043d\u0438\u0442\u0435\u043b\u044c \u0434\u043b\u044f \u043a\u043e\u0448\u0430\u0447\u044c\u0435\u0433\u043e \u0442\u0443\u0430\u043b\u0435\u0442\u0430 5 \u043a\u0433. \u0413\u0440\u0430\u043d\u0443\u043b\u0430 2-3 \u043c\u043c\"}]},{\"@type\":\"WebSite\",\"@id\":\"https:\\\/\\\/pet24.md\\\/#website\",\"url\":\"https:\\\/\\\/pet24.md\\\/\",\"name\":\"Pet24\",\"description\":\"\u0417\u043e\u043e\u043c\u0430\u0433\u0430\u0437\u0438\u043d \u0442\u043e\u0432\u0430\u0440\u043e\u0432 \u0434\u043b\u044f \u0434\u043e\u043c\u0430\u0448\u043d\u0438\u0445 \u043f\u0438\u0442\u043e\u043c\u0446\u0435\u0432\",\"publisher\":{\"@id\":\"https:\\\/\\\/pet24.md\\\/#organization\"},\"potentialAction\":[{\"@type\":\"SearchAction\",\"target\":{\"@type\":\"EntryPoint\",\"urlTemplate\":\"https:\\\/\\\/pet24.md\\\/?s={search_term_string}\"},\"query-input\":{\"@type\":\"PropertyValueSpecification\",\"valueRequired\":true,\"valueName\":\"search_term_string\"}}],\"inLanguage\":\"ro-RO\"},{\"@type\":\"Organization\",\"@id\":\"https:\\\/\\\/pet24.md\\\/#organization\",\"name\":\"Pet24\",\"url\":\"https:\\\/\\\/pet24.md\\\/\",\"logo\":{\"@type\":\"ImageObject\",\"inLanguage\":\"ro-RO\",\"@id\":\"https:\\\/\\\/pet24.md\\\/#\\\/schema\\\/logo\\\/image\\\/\",\"url\":\"https:\\\/\\\/pet24.md\\\/wp-content\\\/uploads\\\/2024\\\/09\\\/logo.svg\",\"contentUrl\":\"https:\\\/\\\/pet24.md\\\/wp-content\\\/uploads\\\/2024\\\/09\\\/logo.svg\",\"width\":215,\"height\":66,\"caption\":\"Pet24\"},\"image\":{\"@id\":\"https:\\\/\\\/pet24.md\\\/#\\\/schema\\\/logo\\\/image\\\/\"},\"sameAs\":[\"https:\\\/\\\/www.facebook.com\\\/pet24.md\",\"https:\\\/\\\/www.instagram.com\\\/pet24.md\\\/\"],\"telephone\":\"+37360508880\"}]}<\/script>\n<!-- \/ Yoast SEO Premium plugin. -->","yoast_head_json":{"title":"Neat Universal. A\u0219ternut de bentonit\u0103 pentru a\u0219ternut de pisici 5 kg. Granule 2-3 mm","description":"\u041a\u0443\u043f\u0438\u0442\u044c \u0427\u0438\u0441\u0442\u044e\u043b\u044f \u0423\u043d\u0438\u0432\u0435\u0440\u0441\u0430\u043b. \u0411\u0435\u043d\u0442\u043e\u043d\u0438\u0442\u043e\u0432\u044b\u0439 \u043d\u0430\u043f\u043e\u043b\u043d\u0438\u0442\u0435\u043b\u044c \u0434\u043b\u044f \u043a\u043e\u0448\u0430\u0447\u044c\u0435\u0433\u043e \u0442\u0443\u0430\u043b\u0435\u0442\u0430 5 \u043a\u0433. \u0413\u0440\u0430\u043d\u0443\u043b\u0430 2-3 \u043c\u043c \u0441 \u0434\u043e\u0441\u0442\u0430\u0432\u043a\u043e\u0439 \u043f\u043e \u041a\u0438\u0448\u0438\u043d\u0435\u0432\u0443 \u0438 \u0432\u0441\u0435\u0439 \u041c\u043e\u043b\u0434\u043e\u0432\u0435 \u043d\u0430 Pet24","robots":{"index":"index","follow":"follow","max-snippet":"max-snippet:-1","max-image-preview":"max-image-preview:large","max-video-preview":"max-video-preview:-1"},"canonical":"https:\/\/pet24.md\/ro\/produs\/napolnitel-dlya-koshachego-tualeta-chistjulya-universal-5-kg\/","og_locale":"ro_RO","og_type":"article","og_title":"\u0427\u0438\u0441\u0442\u044e\u043b\u044f \u0423\u043d\u0438\u0432\u0435\u0440\u0441\u0430\u043b. \u0411\u0435\u043d\u0442\u043e\u043d\u0438\u0442\u043e\u0432\u044b\u0439 \u043d\u0430\u043f\u043e\u043b\u043d\u0438\u0442\u0435\u043b\u044c \u0434\u043b\u044f \u043a\u043e\u0448\u0430\u0447\u044c\u0435\u0433\u043e \u0442\u0443\u0430\u043b\u0435\u0442\u0430 5 \u043a\u0433. \u0413\u0440\u0430\u043d\u0443\u043b\u0430 2-3 \u043c\u043c","og_description":"\u041a\u0443\u043f\u0438\u0442\u044c \u0427\u0438\u0441\u0442\u044e\u043b\u044f \u0423\u043d\u0438\u0432\u0435\u0440\u0441\u0430\u043b. \u0411\u0435\u043d\u0442\u043e\u043d\u0438\u0442\u043e\u0432\u044b\u0439 \u043d\u0430\u043f\u043e\u043b\u043d\u0438\u0442\u0435\u043b\u044c \u0434\u043b\u044f \u043a\u043e\u0448\u0430\u0447\u044c\u0435\u0433\u043e \u0442\u0443\u0430\u043b\u0435\u0442\u0430 5 \u043a\u0433. \u0413\u0440\u0430\u043d\u0443\u043b\u0430 2-3 \u043c\u043c \u0441 \u0434\u043e\u0441\u0442\u0430\u0432\u043a\u043e\u0439 \u043f\u043e \u041a\u0438\u0448\u0438\u043d\u0435\u0432\u0443 \u0438 \u0432\u0441\u0435\u0439 \u041c\u043e\u043b\u0434\u043e\u0432\u0435 \u043d\u0430 Pet24","og_url":"https:\/\/pet24.md\/ro\/produs\/napolnitel-dlya-koshachego-tualeta-chistjulya-universal-5-kg\/","og_site_name":"Pet24","article_publisher":"https:\/\/www.facebook.com\/pet24.md","article_modified_time":"2024-11-07T14:34:07+00:00","og_image":[{"width":600,"height":600,"url":"https:\/\/pet24.md\/wp-content\/uploads\/2024\/09\/chistyulya-universal-bentonitovyj-napolnitel-dlya-koshachego-tualeta-5-kg-granula-2-3-mm.webp","type":"image\/webp"}],"twitter_card":"summary_large_image","schema":{"@context":"https:\/\/schema.org","@graph":[{"@type":"WebPage","@id":"https:\/\/pet24.md\/product\/napolnitel-dlya-koshachego-tualeta-chistjulya-universal-5-kg\/","url":"https:\/\/pet24.md\/product\/napolnitel-dlya-koshachego-tualeta-chistjulya-universal-5-kg\/","name":"Neat Universal. A\u0219ternut de bentonit\u0103 pentru a\u0219ternut de pisici 5 kg. Granule 2-3 mm","isPartOf":{"@id":"https:\/\/pet24.md\/#website"},"primaryImageOfPage":{"@id":"https:\/\/pet24.md\/product\/napolnitel-dlya-koshachego-tualeta-chistjulya-universal-5-kg\/#primaryimage"},"image":{"@id":"https:\/\/pet24.md\/product\/napolnitel-dlya-koshachego-tualeta-chistjulya-universal-5-kg\/#primaryimage"},"thumbnailUrl":"https:\/\/pet24.md\/wp-content\/uploads\/2024\/09\/chistyulya-universal-bentonitovyj-napolnitel-dlya-koshachego-tualeta-5-kg-granula-2-3-mm.webp","datePublished":"2020-09-18T13:11:02+00:00","dateModified":"2024-11-07T14:34:07+00:00","description":"\u041a\u0443\u043f\u0438\u0442\u044c \u0427\u0438\u0441\u0442\u044e\u043b\u044f \u0423\u043d\u0438\u0432\u0435\u0440\u0441\u0430\u043b. \u0411\u0435\u043d\u0442\u043e\u043d\u0438\u0442\u043e\u0432\u044b\u0439 \u043d\u0430\u043f\u043e\u043b\u043d\u0438\u0442\u0435\u043b\u044c \u0434\u043b\u044f \u043a\u043e\u0448\u0430\u0447\u044c\u0435\u0433\u043e \u0442\u0443\u0430\u043b\u0435\u0442\u0430 5 \u043a\u0433. \u0413\u0440\u0430\u043d\u0443\u043b\u0430 2-3 \u043c\u043c \u0441 \u0434\u043e\u0441\u0442\u0430\u0432\u043a\u043e\u0439 \u043f\u043e \u041a\u0438\u0448\u0438\u043d\u0435\u0432\u0443 \u0438 \u0432\u0441\u0435\u0439 \u041c\u043e\u043b\u0434\u043e\u0432\u0435 \u043d\u0430 Pet24","breadcrumb":{"@id":"https:\/\/pet24.md\/product\/napolnitel-dlya-koshachego-tualeta-chistjulya-universal-5-kg\/#breadcrumb"},"inLanguage":"ro-RO","potentialAction":[{"@type":"ReadAction","target":["https:\/\/pet24.md\/product\/napolnitel-dlya-koshachego-tualeta-chistjulya-universal-5-kg\/"]}]},{"@type":"ImageObject","inLanguage":"ro-RO","@id":"https:\/\/pet24.md\/product\/napolnitel-dlya-koshachego-tualeta-chistjulya-universal-5-kg\/#primaryimage","url":"https:\/\/pet24.md\/wp-content\/uploads\/2024\/09\/chistyulya-universal-bentonitovyj-napolnitel-dlya-koshachego-tualeta-5-kg-granula-2-3-mm.webp","contentUrl":"https:\/\/pet24.md\/wp-content\/uploads\/2024\/09\/chistyulya-universal-bentonitovyj-napolnitel-dlya-koshachego-tualeta-5-kg-granula-2-3-mm.webp","width":600,"height":600,"caption":"chistyulya universal bentonitovyj napolnitel dlya koshachego tualeta 5 kg granula 2 3 mm"},{"@type":"BreadcrumbList","@id":"https:\/\/pet24.md\/product\/napolnitel-dlya-koshachego-tualeta-chistjulya-universal-5-kg\/#breadcrumb","itemListElement":[{"@type":"ListItem","position":1,"name":"\u0413\u043b\u0430\u0432\u043d\u0430\u044f \u0441\u0442\u0440\u0430\u043d\u0438\u0446\u0430","item":"https:\/\/pet24.md\/"},{"@type":"ListItem","position":2,"name":"\u041c\u0430\u0433\u0430\u0437\u0438\u043d","item":"https:\/\/pet24.md\/shop\/"},{"@type":"ListItem","position":3,"name":"\u0427\u0438\u0441\u0442\u044e\u043b\u044f \u0423\u043d\u0438\u0432\u0435\u0440\u0441\u0430\u043b. \u0411\u0435\u043d\u0442\u043e\u043d\u0438\u0442\u043e\u0432\u044b\u0439 \u043d\u0430\u043f\u043e\u043b\u043d\u0438\u0442\u0435\u043b\u044c \u0434\u043b\u044f \u043a\u043e\u0448\u0430\u0447\u044c\u0435\u0433\u043e \u0442\u0443\u0430\u043b\u0435\u0442\u0430 5 \u043a\u0433. \u0413\u0440\u0430\u043d\u0443\u043b\u0430 2-3 \u043c\u043c"}]},{"@type":"WebSite","@id":"https:\/\/pet24.md\/#website","url":"https:\/\/pet24.md\/","name":"Pet24","description":"Magazin de animale de companie","publisher":{"@id":"https:\/\/pet24.md\/#organization"},"potentialAction":[{"@type":"SearchAction","target":{"@type":"EntryPoint","urlTemplate":"https:\/\/pet24.md\/?s={search_term_string}"},"query-input":{"@type":"PropertyValueSpecification","valueRequired":true,"valueName":"search_term_string"}}],"inLanguage":"ro-RO"},{"@type":"Organization","@id":"https:\/\/pet24.md\/#organization","name":"Pet24","url":"https:\/\/pet24.md\/","logo":{"@type":"ImageObject","inLanguage":"ro-RO","@id":"https:\/\/pet24.md\/#\/schema\/logo\/image\/","url":"https:\/\/pet24.md\/wp-content\/uploads\/2024\/09\/logo.svg","contentUrl":"https:\/\/pet24.md\/wp-content\/uploads\/2024\/09\/logo.svg","width":215,"height":66,"caption":"Pet24"},"image":{"@id":"https:\/\/pet24.md\/#\/schema\/logo\/image\/"},"sameAs":["https:\/\/www.facebook.com\/pet24.md","https:\/\/www.instagram.com\/pet24.md\/"],"telephone":"+37360508880"}]}},"_links":{"self":[{"href":"https:\/\/pet24.md\/ro\/wp-json\/wp\/v2\/product\/8636","targetHints":{"allow":["GET"]}}],"collection":[{"href":"https:\/\/pet24.md\/ro\/wp-json\/wp\/v2\/product"}],"about":[{"href":"https:\/\/pet24.md\/ro\/wp-json\/wp\/v2\/types\/product"}],"replies":[{"embeddable":true,"href":"https:\/\/pet24.md\/ro\/wp-json\/wp\/v2\/comments?post=8636"}],"wp:featuredmedia":[{"embeddable":true,"href":"https:\/\/pet24.md\/ro\/wp-json\/wp\/v2\/media\/89094"}],"wp:attachment":[{"href":"https:\/\/pet24.md\/ro\/wp-json\/wp\/v2\/media?parent=8636"}],"wp:term":[{"taxonomy":"product_brand","embeddable":true,"href":"https:\/\/pet24.md\/ro\/wp-json\/wp\/v2\/product_brand?post=8636"},{"taxonomy":"product_cat","embeddable":true,"href":"https:\/\/pet24.md\/ro\/wp-json\/wp\/v2\/product_cat?post=8636"},{"taxonomy":"product_tag","embeddable":true,"href":"https:\/\/pet24.md\/ro\/wp-json\/wp\/v2\/product_tag?post=8636"}],"curies":[{"name":"wp","href":"https:\/\/api.w.org\/{rel}","templated":true}]}}