{"id":8666,"date":"2020-09-28T10:45:59","date_gmt":"2020-09-28T10:45:59","guid":{"rendered":"https:\/\/pet24.md\/?post_type=product&#038;p=8666"},"modified":"2024-09-22T22:09:20","modified_gmt":"2024-09-22T22:09:20","slug":"gigienicheskij-napolnitel-dlya-koshek-bars-elit-5-kg","status":"publish","type":"product","link":"https:\/\/pet24.md\/ro\/produs\/gigienicheskij-napolnitel-dlya-koshek-bars-elit-5-kg\/","title":{"rendered":"Baruri Elite. A\u0219ternut igienic de bentonit\u0103 pentru a\u0219ternut pisici 5 kg. Granule 4-5 mm"},"content":{"rendered":"<h3>Litier igienic pentru pisici Bars Elite 5 kg, 7 litri<\/h3>\n<p><strong>Granule:<\/strong> 4-5 mm<\/p>\n<p>Litierul igienic Bars Elite este conceput pentru a oferi o solu\u021bie de igien\u0103 eficient\u0103 \u0219i confortabil\u0103 pentru pisica dumneavoastr\u0103. Cu granule de 4-5 mm, acest a\u0219ternut absoarbe rapid umezeala \u00een aglomer\u0103ri compacte, f\u0103c\u00e2nd mai u\u0219or de cur\u0103\u021bat \u0219i men\u021binerea curat\u0103 a toaletei.<\/p>\n<p><strong>Specificatii:<\/strong><\/p>\n<ul>\n<li><strong>Absorb\u021bie eficient\u0103:<\/strong> Granulele absorb rapid lichidele, form\u00e2nd cocoloa\u0219e u\u0219or de \u00eendep\u0103rtat.<\/li>\n<li><strong>Controlul mirosurilor:<\/strong> Neutralizeaz\u0103 mirosurile nepl\u0103cute, men\u021bin\u00e2nd prospe\u021bimea \u0219i o atmosfer\u0103 pl\u0103cut\u0103.<\/li>\n<li><strong>Produs ecologic:<\/strong> Fabricat din materiale naturale, sigur pentru animale \u0219i oameni.<\/li>\n<li><strong>Fara praf:<\/strong> Minimizeaz\u0103 formarea de praf, prevenind iritarea c\u0103ilor respiratorii.<\/li>\n<li><strong>Durabilitate:<\/strong> Ambalajul de 5 kg (7 litri) asigur\u0103 utilizarea pe termen lung.<\/li>\n<\/ul>","protected":false},"excerpt":{"rendered":"<p>\u0413\u0438\u0433\u0438\u0435\u043d\u0438\u0447\u0435\u0441\u043a\u0438\u0439 \u043d\u0430\u043f\u043e\u043b\u043d\u0438\u0442\u0435\u043b\u044c \u0434\u043b\u044f \u043a\u043e\u0448\u0430\u0447\u044c\u0435\u0433\u043e \u0442\u0443\u0430\u043b\u0435\u0442\u0430 Bars Elite 5 \u043a\u0433, 7 \u043b\u0438\u0442\u0440\u043e\u0432 \u0413\u0440\u0430\u043d\u0443\u043b\u044b: 4-5 \u043c\u043c \u0413\u0438\u0433\u0438\u0435\u043d\u0438\u0447\u0435\u0441\u043a\u0438\u0439 \u043d\u0430\u043f\u043e\u043b\u043d\u0438\u0442\u0435\u043b\u044c Bars Elite \u043f\u0440\u0435\u0434\u043d\u0430\u0437\u043d\u0430\u0447\u0435\u043d \u0434\u043b\u044f \u043e\u0431\u0435\u0441\u043f\u0435\u0447\u0435\u043d\u0438\u044f \u044d\u0444\u0444\u0435\u043a\u0442\u0438\u0432\u043d\u043e\u0433\u043e&hellip;<\/p>","protected":false},"featured_media":89100,"comment_status":"closed","ping_status":"closed","template":"","meta":[],"product_brand":[],"product_cat":[195,193,194],"product_tag":[211,196,158,212],"class_list":{"0":"post-8666","1":"product","2":"type-product","3":"status-publish","4":"has-post-thumbnail","6":"product_cat-bentonite-calitter","7":"product_cat-cat","8":"product_cat-cat-litter","9":"product_tag-bars","10":"product_tag-koshachij-tualet","11":"product_tag-napolnitel","12":"product_tag-napolnitel-dlya-koshachego-tualeta","13":"pa_age-pet-lyuboj-vozrast","14":"pa_brand-bars","15":"pa_filler-bentonit","16":"pa_pet-koshka","17":"pa_size-4-5-mm","18":"pa_weight-5-kg","20":"first","21":"instock","22":"product-type-simple"},"yoast_head":"<!-- This site is optimized with the Yoast SEO Premium plugin v23.7 (Yoast SEO v27.5) - https:\/\/yoast.com\/product\/yoast-seo-premium-wordpress\/ -->\n<title>\u0411\u0430\u0440\u0441 \u042d\u043b\u0438\u0442. \u0413\u0438\u0433\u0438\u0435\u043d\u0438\u0447\u0435\u0441\u043a\u0438\u0439 \u0411\u0435\u043d\u0442\u043e\u043d\u0438\u0442\u043e\u0432\u044b\u0439 \u043d\u0430\u043f\u043e\u043b\u043d\u0438\u0442\u0435\u043b\u044c \u0434\u043b\u044f \u043a\u043e\u0448\u0430\u0447\u044c\u0435\u0433\u043e \u0442\u0443\u0430\u043b\u0435\u0442\u0430 5 \u043a\u0433. \u0413\u0440\u0430\u043d\u0443\u043b\u0430 4-5 \u043c\u043c<\/title>\n<meta name=\"description\" content=\"\u041a\u0443\u043f\u0438\u0442\u044c \u0411\u0430\u0440\u0441 \u042d\u043b\u0438\u0442. \u0413\u0438\u0433\u0438\u0435\u043d\u0438\u0447\u0435\u0441\u043a\u0438\u0439 \u0411\u0435\u043d\u0442\u043e\u043d\u0438\u0442\u043e\u0432\u044b\u0439 \u043d\u0430\u043f\u043e\u043b\u043d\u0438\u0442\u0435\u043b\u044c \u0434\u043b\u044f \u043a\u043e\u0448\u0430\u0447\u044c\u0435\u0433\u043e \u0442\u0443\u0430\u043b\u0435\u0442\u0430 5 \u043a\u0433. \u0413\u0440\u0430\u043d\u0443\u043b\u0430 4-5 \u043c\u043c \u0441 \u0434\u043e\u0441\u0442\u0430\u0432\u043a\u043e\u0439 \u043f\u043e \u041a\u0438\u0448\u0438\u043d\u0435\u0432\u0443 \u0438 \u0432\u0441\u0435\u0439 \u041c\u043e\u043b\u0434\u043e\u0432\u0435 \u043d\u0430 Pet24\" \/>\n<meta name=\"robots\" content=\"index, follow, max-snippet:-1, max-image-preview:large, max-video-preview:-1\" \/>\n<link rel=\"canonical\" href=\"https:\/\/pet24.md\/ro\/produs\/gigienicheskij-napolnitel-dlya-koshek-bars-elit-5-kg\/\" \/>\n<meta property=\"og:locale\" content=\"ro_RO\" \/>\n<meta property=\"og:type\" content=\"article\" \/>\n<meta property=\"og:title\" content=\"\u0411\u0430\u0440\u0441 \u042d\u043b\u0438\u0442. \u0413\u0438\u0433\u0438\u0435\u043d\u0438\u0447\u0435\u0441\u043a\u0438\u0439 \u0411\u0435\u043d\u0442\u043e\u043d\u0438\u0442\u043e\u0432\u044b\u0439 \u043d\u0430\u043f\u043e\u043b\u043d\u0438\u0442\u0435\u043b\u044c \u0434\u043b\u044f \u043a\u043e\u0448\u0430\u0447\u044c\u0435\u0433\u043e \u0442\u0443\u0430\u043b\u0435\u0442\u0430 5 \u043a\u0433. \u0413\u0440\u0430\u043d\u0443\u043b\u0430 4-5 \u043c\u043c\" \/>\n<meta property=\"og:description\" content=\"\u041a\u0443\u043f\u0438\u0442\u044c \u0411\u0430\u0440\u0441 \u042d\u043b\u0438\u0442. \u0413\u0438\u0433\u0438\u0435\u043d\u0438\u0447\u0435\u0441\u043a\u0438\u0439 \u0411\u0435\u043d\u0442\u043e\u043d\u0438\u0442\u043e\u0432\u044b\u0439 \u043d\u0430\u043f\u043e\u043b\u043d\u0438\u0442\u0435\u043b\u044c \u0434\u043b\u044f \u043a\u043e\u0448\u0430\u0447\u044c\u0435\u0433\u043e \u0442\u0443\u0430\u043b\u0435\u0442\u0430 5 \u043a\u0433. \u0413\u0440\u0430\u043d\u0443\u043b\u0430 4-5 \u043c\u043c \u0441 \u0434\u043e\u0441\u0442\u0430\u0432\u043a\u043e\u0439 \u043f\u043e \u041a\u0438\u0448\u0438\u043d\u0435\u0432\u0443 \u0438 \u0432\u0441\u0435\u0439 \u041c\u043e\u043b\u0434\u043e\u0432\u0435 \u043d\u0430 Pet24\" \/>\n<meta property=\"og:url\" content=\"https:\/\/pet24.md\/ro\/produs\/gigienicheskij-napolnitel-dlya-koshek-bars-elit-5-kg\/\" \/>\n<meta property=\"og:site_name\" content=\"Pet24\" \/>\n<meta property=\"article:publisher\" content=\"https:\/\/www.facebook.com\/pet24.md\" \/>\n<meta property=\"article:modified_time\" content=\"2024-09-22T22:09:20+00:00\" \/>\n<meta property=\"og:image\" content=\"https:\/\/pet24.md\/wp-content\/uploads\/2024\/09\/bars-elit-gigienicheskij-bentonitovyj-napolnitel-dlya-koshachego-tualeta-5-kg-granula-4-5-mm.webp\" \/>\n\t<meta property=\"og:image:width\" content=\"583\" \/>\n\t<meta property=\"og:image:height\" content=\"600\" \/>\n\t<meta property=\"og:image:type\" content=\"image\/webp\" \/>\n<meta name=\"twitter:card\" content=\"summary_large_image\" \/>\n<script type=\"application\/ld+json\" class=\"yoast-schema-graph\">{\"@context\":\"https:\\\/\\\/schema.org\",\"@graph\":[{\"@type\":\"WebPage\",\"@id\":\"https:\\\/\\\/pet24.md\\\/product\\\/gigienicheskij-napolnitel-dlya-koshek-bars-elit-5-kg\\\/\",\"url\":\"https:\\\/\\\/pet24.md\\\/product\\\/gigienicheskij-napolnitel-dlya-koshek-bars-elit-5-kg\\\/\",\"name\":\"\u0411\u0430\u0440\u0441 \u042d\u043b\u0438\u0442. \u0413\u0438\u0433\u0438\u0435\u043d\u0438\u0447\u0435\u0441\u043a\u0438\u0439 \u0411\u0435\u043d\u0442\u043e\u043d\u0438\u0442\u043e\u0432\u044b\u0439 \u043d\u0430\u043f\u043e\u043b\u043d\u0438\u0442\u0435\u043b\u044c \u0434\u043b\u044f \u043a\u043e\u0448\u0430\u0447\u044c\u0435\u0433\u043e \u0442\u0443\u0430\u043b\u0435\u0442\u0430 5 \u043a\u0433. \u0413\u0440\u0430\u043d\u0443\u043b\u0430 4-5 \u043c\u043c\",\"isPartOf\":{\"@id\":\"https:\\\/\\\/pet24.md\\\/#website\"},\"primaryImageOfPage\":{\"@id\":\"https:\\\/\\\/pet24.md\\\/product\\\/gigienicheskij-napolnitel-dlya-koshek-bars-elit-5-kg\\\/#primaryimage\"},\"image\":{\"@id\":\"https:\\\/\\\/pet24.md\\\/product\\\/gigienicheskij-napolnitel-dlya-koshek-bars-elit-5-kg\\\/#primaryimage\"},\"thumbnailUrl\":\"https:\\\/\\\/pet24.md\\\/wp-content\\\/uploads\\\/2024\\\/09\\\/bars-elit-gigienicheskij-bentonitovyj-napolnitel-dlya-koshachego-tualeta-5-kg-granula-4-5-mm.webp\",\"datePublished\":\"2020-09-28T10:45:59+00:00\",\"dateModified\":\"2024-09-22T22:09:20+00:00\",\"description\":\"\u041a\u0443\u043f\u0438\u0442\u044c \u0411\u0430\u0440\u0441 \u042d\u043b\u0438\u0442. \u0413\u0438\u0433\u0438\u0435\u043d\u0438\u0447\u0435\u0441\u043a\u0438\u0439 \u0411\u0435\u043d\u0442\u043e\u043d\u0438\u0442\u043e\u0432\u044b\u0439 \u043d\u0430\u043f\u043e\u043b\u043d\u0438\u0442\u0435\u043b\u044c \u0434\u043b\u044f \u043a\u043e\u0448\u0430\u0447\u044c\u0435\u0433\u043e \u0442\u0443\u0430\u043b\u0435\u0442\u0430 5 \u043a\u0433. \u0413\u0440\u0430\u043d\u0443\u043b\u0430 4-5 \u043c\u043c \u0441 \u0434\u043e\u0441\u0442\u0430\u0432\u043a\u043e\u0439 \u043f\u043e \u041a\u0438\u0448\u0438\u043d\u0435\u0432\u0443 \u0438 \u0432\u0441\u0435\u0439 \u041c\u043e\u043b\u0434\u043e\u0432\u0435 \u043d\u0430 Pet24\",\"breadcrumb\":{\"@id\":\"https:\\\/\\\/pet24.md\\\/product\\\/gigienicheskij-napolnitel-dlya-koshek-bars-elit-5-kg\\\/#breadcrumb\"},\"inLanguage\":\"ro-RO\",\"potentialAction\":[{\"@type\":\"ReadAction\",\"target\":[\"https:\\\/\\\/pet24.md\\\/product\\\/gigienicheskij-napolnitel-dlya-koshek-bars-elit-5-kg\\\/\"]}]},{\"@type\":\"ImageObject\",\"inLanguage\":\"ro-RO\",\"@id\":\"https:\\\/\\\/pet24.md\\\/product\\\/gigienicheskij-napolnitel-dlya-koshek-bars-elit-5-kg\\\/#primaryimage\",\"url\":\"https:\\\/\\\/pet24.md\\\/wp-content\\\/uploads\\\/2024\\\/09\\\/bars-elit-gigienicheskij-bentonitovyj-napolnitel-dlya-koshachego-tualeta-5-kg-granula-4-5-mm.webp\",\"contentUrl\":\"https:\\\/\\\/pet24.md\\\/wp-content\\\/uploads\\\/2024\\\/09\\\/bars-elit-gigienicheskij-bentonitovyj-napolnitel-dlya-koshachego-tualeta-5-kg-granula-4-5-mm.webp\",\"width\":583,\"height\":600,\"caption\":\"bars elit gigienicheskij bentonitovyj napolnitel dlya koshachego tualeta 5 kg granula 4 5 mm\"},{\"@type\":\"BreadcrumbList\",\"@id\":\"https:\\\/\\\/pet24.md\\\/product\\\/gigienicheskij-napolnitel-dlya-koshek-bars-elit-5-kg\\\/#breadcrumb\",\"itemListElement\":[{\"@type\":\"ListItem\",\"position\":1,\"name\":\"\u0413\u043b\u0430\u0432\u043d\u0430\u044f \u0441\u0442\u0440\u0430\u043d\u0438\u0446\u0430\",\"item\":\"https:\\\/\\\/pet24.md\\\/\"},{\"@type\":\"ListItem\",\"position\":2,\"name\":\"\u041c\u0430\u0433\u0430\u0437\u0438\u043d\",\"item\":\"https:\\\/\\\/pet24.md\\\/shop\\\/\"},{\"@type\":\"ListItem\",\"position\":3,\"name\":\"\u0411\u0430\u0440\u0441 \u042d\u043b\u0438\u0442. \u0413\u0438\u0433\u0438\u0435\u043d\u0438\u0447\u0435\u0441\u043a\u0438\u0439 \u0411\u0435\u043d\u0442\u043e\u043d\u0438\u0442\u043e\u0432\u044b\u0439 \u043d\u0430\u043f\u043e\u043b\u043d\u0438\u0442\u0435\u043b\u044c \u0434\u043b\u044f \u043a\u043e\u0448\u0430\u0447\u044c\u0435\u0433\u043e \u0442\u0443\u0430\u043b\u0435\u0442\u0430 5 \u043a\u0433. \u0413\u0440\u0430\u043d\u0443\u043b\u0430 4-5 \u043c\u043c\"}]},{\"@type\":\"WebSite\",\"@id\":\"https:\\\/\\\/pet24.md\\\/#website\",\"url\":\"https:\\\/\\\/pet24.md\\\/\",\"name\":\"Pet24\",\"description\":\"\u0417\u043e\u043e\u043c\u0430\u0433\u0430\u0437\u0438\u043d \u0442\u043e\u0432\u0430\u0440\u043e\u0432 \u0434\u043b\u044f \u0434\u043e\u043c\u0430\u0448\u043d\u0438\u0445 \u043f\u0438\u0442\u043e\u043c\u0446\u0435\u0432\",\"publisher\":{\"@id\":\"https:\\\/\\\/pet24.md\\\/#organization\"},\"potentialAction\":[{\"@type\":\"SearchAction\",\"target\":{\"@type\":\"EntryPoint\",\"urlTemplate\":\"https:\\\/\\\/pet24.md\\\/?s={search_term_string}\"},\"query-input\":{\"@type\":\"PropertyValueSpecification\",\"valueRequired\":true,\"valueName\":\"search_term_string\"}}],\"inLanguage\":\"ro-RO\"},{\"@type\":\"Organization\",\"@id\":\"https:\\\/\\\/pet24.md\\\/#organization\",\"name\":\"Pet24\",\"url\":\"https:\\\/\\\/pet24.md\\\/\",\"logo\":{\"@type\":\"ImageObject\",\"inLanguage\":\"ro-RO\",\"@id\":\"https:\\\/\\\/pet24.md\\\/#\\\/schema\\\/logo\\\/image\\\/\",\"url\":\"https:\\\/\\\/pet24.md\\\/wp-content\\\/uploads\\\/2024\\\/09\\\/logo.svg\",\"contentUrl\":\"https:\\\/\\\/pet24.md\\\/wp-content\\\/uploads\\\/2024\\\/09\\\/logo.svg\",\"width\":215,\"height\":66,\"caption\":\"Pet24\"},\"image\":{\"@id\":\"https:\\\/\\\/pet24.md\\\/#\\\/schema\\\/logo\\\/image\\\/\"},\"sameAs\":[\"https:\\\/\\\/www.facebook.com\\\/pet24.md\",\"https:\\\/\\\/www.instagram.com\\\/pet24.md\\\/\"],\"telephone\":\"+37360508880\"}]}<\/script>\n<!-- \/ Yoast SEO Premium plugin. -->","yoast_head_json":{"title":"Baruri Elite. A\u0219ternut igienic de bentonit\u0103 pentru a\u0219ternut pisici 5 kg. Granule 4-5 mm","description":"\u041a\u0443\u043f\u0438\u0442\u044c \u0411\u0430\u0440\u0441 \u042d\u043b\u0438\u0442. \u0413\u0438\u0433\u0438\u0435\u043d\u0438\u0447\u0435\u0441\u043a\u0438\u0439 \u0411\u0435\u043d\u0442\u043e\u043d\u0438\u0442\u043e\u0432\u044b\u0439 \u043d\u0430\u043f\u043e\u043b\u043d\u0438\u0442\u0435\u043b\u044c \u0434\u043b\u044f \u043a\u043e\u0448\u0430\u0447\u044c\u0435\u0433\u043e \u0442\u0443\u0430\u043b\u0435\u0442\u0430 5 \u043a\u0433. \u0413\u0440\u0430\u043d\u0443\u043b\u0430 4-5 \u043c\u043c \u0441 \u0434\u043e\u0441\u0442\u0430\u0432\u043a\u043e\u0439 \u043f\u043e \u041a\u0438\u0448\u0438\u043d\u0435\u0432\u0443 \u0438 \u0432\u0441\u0435\u0439 \u041c\u043e\u043b\u0434\u043e\u0432\u0435 \u043d\u0430 Pet24","robots":{"index":"index","follow":"follow","max-snippet":"max-snippet:-1","max-image-preview":"max-image-preview:large","max-video-preview":"max-video-preview:-1"},"canonical":"https:\/\/pet24.md\/ro\/produs\/gigienicheskij-napolnitel-dlya-koshek-bars-elit-5-kg\/","og_locale":"ro_RO","og_type":"article","og_title":"\u0411\u0430\u0440\u0441 \u042d\u043b\u0438\u0442. \u0413\u0438\u0433\u0438\u0435\u043d\u0438\u0447\u0435\u0441\u043a\u0438\u0439 \u0411\u0435\u043d\u0442\u043e\u043d\u0438\u0442\u043e\u0432\u044b\u0439 \u043d\u0430\u043f\u043e\u043b\u043d\u0438\u0442\u0435\u043b\u044c \u0434\u043b\u044f \u043a\u043e\u0448\u0430\u0447\u044c\u0435\u0433\u043e \u0442\u0443\u0430\u043b\u0435\u0442\u0430 5 \u043a\u0433. \u0413\u0440\u0430\u043d\u0443\u043b\u0430 4-5 \u043c\u043c","og_description":"\u041a\u0443\u043f\u0438\u0442\u044c \u0411\u0430\u0440\u0441 \u042d\u043b\u0438\u0442. \u0413\u0438\u0433\u0438\u0435\u043d\u0438\u0447\u0435\u0441\u043a\u0438\u0439 \u0411\u0435\u043d\u0442\u043e\u043d\u0438\u0442\u043e\u0432\u044b\u0439 \u043d\u0430\u043f\u043e\u043b\u043d\u0438\u0442\u0435\u043b\u044c \u0434\u043b\u044f \u043a\u043e\u0448\u0430\u0447\u044c\u0435\u0433\u043e \u0442\u0443\u0430\u043b\u0435\u0442\u0430 5 \u043a\u0433. \u0413\u0440\u0430\u043d\u0443\u043b\u0430 4-5 \u043c\u043c \u0441 \u0434\u043e\u0441\u0442\u0430\u0432\u043a\u043e\u0439 \u043f\u043e \u041a\u0438\u0448\u0438\u043d\u0435\u0432\u0443 \u0438 \u0432\u0441\u0435\u0439 \u041c\u043e\u043b\u0434\u043e\u0432\u0435 \u043d\u0430 Pet24","og_url":"https:\/\/pet24.md\/ro\/produs\/gigienicheskij-napolnitel-dlya-koshek-bars-elit-5-kg\/","og_site_name":"Pet24","article_publisher":"https:\/\/www.facebook.com\/pet24.md","article_modified_time":"2024-09-22T22:09:20+00:00","og_image":[{"width":583,"height":600,"url":"https:\/\/pet24.md\/wp-content\/uploads\/2024\/09\/bars-elit-gigienicheskij-bentonitovyj-napolnitel-dlya-koshachego-tualeta-5-kg-granula-4-5-mm.webp","type":"image\/webp"}],"twitter_card":"summary_large_image","schema":{"@context":"https:\/\/schema.org","@graph":[{"@type":"WebPage","@id":"https:\/\/pet24.md\/product\/gigienicheskij-napolnitel-dlya-koshek-bars-elit-5-kg\/","url":"https:\/\/pet24.md\/product\/gigienicheskij-napolnitel-dlya-koshek-bars-elit-5-kg\/","name":"Baruri Elite. A\u0219ternut igienic de bentonit\u0103 pentru a\u0219ternut pisici 5 kg. Granule 4-5 mm","isPartOf":{"@id":"https:\/\/pet24.md\/#website"},"primaryImageOfPage":{"@id":"https:\/\/pet24.md\/product\/gigienicheskij-napolnitel-dlya-koshek-bars-elit-5-kg\/#primaryimage"},"image":{"@id":"https:\/\/pet24.md\/product\/gigienicheskij-napolnitel-dlya-koshek-bars-elit-5-kg\/#primaryimage"},"thumbnailUrl":"https:\/\/pet24.md\/wp-content\/uploads\/2024\/09\/bars-elit-gigienicheskij-bentonitovyj-napolnitel-dlya-koshachego-tualeta-5-kg-granula-4-5-mm.webp","datePublished":"2020-09-28T10:45:59+00:00","dateModified":"2024-09-22T22:09:20+00:00","description":"\u041a\u0443\u043f\u0438\u0442\u044c \u0411\u0430\u0440\u0441 \u042d\u043b\u0438\u0442. \u0413\u0438\u0433\u0438\u0435\u043d\u0438\u0447\u0435\u0441\u043a\u0438\u0439 \u0411\u0435\u043d\u0442\u043e\u043d\u0438\u0442\u043e\u0432\u044b\u0439 \u043d\u0430\u043f\u043e\u043b\u043d\u0438\u0442\u0435\u043b\u044c \u0434\u043b\u044f \u043a\u043e\u0448\u0430\u0447\u044c\u0435\u0433\u043e \u0442\u0443\u0430\u043b\u0435\u0442\u0430 5 \u043a\u0433. \u0413\u0440\u0430\u043d\u0443\u043b\u0430 4-5 \u043c\u043c \u0441 \u0434\u043e\u0441\u0442\u0430\u0432\u043a\u043e\u0439 \u043f\u043e \u041a\u0438\u0448\u0438\u043d\u0435\u0432\u0443 \u0438 \u0432\u0441\u0435\u0439 \u041c\u043e\u043b\u0434\u043e\u0432\u0435 \u043d\u0430 Pet24","breadcrumb":{"@id":"https:\/\/pet24.md\/product\/gigienicheskij-napolnitel-dlya-koshek-bars-elit-5-kg\/#breadcrumb"},"inLanguage":"ro-RO","potentialAction":[{"@type":"ReadAction","target":["https:\/\/pet24.md\/product\/gigienicheskij-napolnitel-dlya-koshek-bars-elit-5-kg\/"]}]},{"@type":"ImageObject","inLanguage":"ro-RO","@id":"https:\/\/pet24.md\/product\/gigienicheskij-napolnitel-dlya-koshek-bars-elit-5-kg\/#primaryimage","url":"https:\/\/pet24.md\/wp-content\/uploads\/2024\/09\/bars-elit-gigienicheskij-bentonitovyj-napolnitel-dlya-koshachego-tualeta-5-kg-granula-4-5-mm.webp","contentUrl":"https:\/\/pet24.md\/wp-content\/uploads\/2024\/09\/bars-elit-gigienicheskij-bentonitovyj-napolnitel-dlya-koshachego-tualeta-5-kg-granula-4-5-mm.webp","width":583,"height":600,"caption":"bars elit gigienicheskij bentonitovyj napolnitel dlya koshachego tualeta 5 kg granula 4 5 mm"},{"@type":"BreadcrumbList","@id":"https:\/\/pet24.md\/product\/gigienicheskij-napolnitel-dlya-koshek-bars-elit-5-kg\/#breadcrumb","itemListElement":[{"@type":"ListItem","position":1,"name":"\u0413\u043b\u0430\u0432\u043d\u0430\u044f \u0441\u0442\u0440\u0430\u043d\u0438\u0446\u0430","item":"https:\/\/pet24.md\/"},{"@type":"ListItem","position":2,"name":"\u041c\u0430\u0433\u0430\u0437\u0438\u043d","item":"https:\/\/pet24.md\/shop\/"},{"@type":"ListItem","position":3,"name":"\u0411\u0430\u0440\u0441 \u042d\u043b\u0438\u0442. \u0413\u0438\u0433\u0438\u0435\u043d\u0438\u0447\u0435\u0441\u043a\u0438\u0439 \u0411\u0435\u043d\u0442\u043e\u043d\u0438\u0442\u043e\u0432\u044b\u0439 \u043d\u0430\u043f\u043e\u043b\u043d\u0438\u0442\u0435\u043b\u044c \u0434\u043b\u044f \u043a\u043e\u0448\u0430\u0447\u044c\u0435\u0433\u043e \u0442\u0443\u0430\u043b\u0435\u0442\u0430 5 \u043a\u0433. \u0413\u0440\u0430\u043d\u0443\u043b\u0430 4-5 \u043c\u043c"}]},{"@type":"WebSite","@id":"https:\/\/pet24.md\/#website","url":"https:\/\/pet24.md\/","name":"Pet24","description":"Magazin de animale de companie","publisher":{"@id":"https:\/\/pet24.md\/#organization"},"potentialAction":[{"@type":"SearchAction","target":{"@type":"EntryPoint","urlTemplate":"https:\/\/pet24.md\/?s={search_term_string}"},"query-input":{"@type":"PropertyValueSpecification","valueRequired":true,"valueName":"search_term_string"}}],"inLanguage":"ro-RO"},{"@type":"Organization","@id":"https:\/\/pet24.md\/#organization","name":"Pet24","url":"https:\/\/pet24.md\/","logo":{"@type":"ImageObject","inLanguage":"ro-RO","@id":"https:\/\/pet24.md\/#\/schema\/logo\/image\/","url":"https:\/\/pet24.md\/wp-content\/uploads\/2024\/09\/logo.svg","contentUrl":"https:\/\/pet24.md\/wp-content\/uploads\/2024\/09\/logo.svg","width":215,"height":66,"caption":"Pet24"},"image":{"@id":"https:\/\/pet24.md\/#\/schema\/logo\/image\/"},"sameAs":["https:\/\/www.facebook.com\/pet24.md","https:\/\/www.instagram.com\/pet24.md\/"],"telephone":"+37360508880"}]}},"_links":{"self":[{"href":"https:\/\/pet24.md\/ro\/wp-json\/wp\/v2\/product\/8666","targetHints":{"allow":["GET"]}}],"collection":[{"href":"https:\/\/pet24.md\/ro\/wp-json\/wp\/v2\/product"}],"about":[{"href":"https:\/\/pet24.md\/ro\/wp-json\/wp\/v2\/types\/product"}],"replies":[{"embeddable":true,"href":"https:\/\/pet24.md\/ro\/wp-json\/wp\/v2\/comments?post=8666"}],"wp:featuredmedia":[{"embeddable":true,"href":"https:\/\/pet24.md\/ro\/wp-json\/wp\/v2\/media\/89100"}],"wp:attachment":[{"href":"https:\/\/pet24.md\/ro\/wp-json\/wp\/v2\/media?parent=8666"}],"wp:term":[{"taxonomy":"product_brand","embeddable":true,"href":"https:\/\/pet24.md\/ro\/wp-json\/wp\/v2\/product_brand?post=8666"},{"taxonomy":"product_cat","embeddable":true,"href":"https:\/\/pet24.md\/ro\/wp-json\/wp\/v2\/product_cat?post=8666"},{"taxonomy":"product_tag","embeddable":true,"href":"https:\/\/pet24.md\/ro\/wp-json\/wp\/v2\/product_tag?post=8666"}],"curies":[{"name":"wp","href":"https:\/\/api.w.org\/{rel}","templated":true}]}}