{"id":8678,"date":"2020-09-28T11:34:34","date_gmt":"2020-09-28T11:34:34","guid":{"rendered":"https:\/\/pet24.md\/?post_type=product&#038;p=8678"},"modified":"2025-03-04T20:45:06","modified_gmt":"2025-03-04T20:45:06","slug":"supercat-standart-drevesnyj-napolnitel-dlya-koshachego-tualeta","status":"publish","type":"product","link":"https:\/\/pet24.md\/ro\/produs\/supercat-standart-drevesnyj-napolnitel-dlya-koshachego-tualeta\/","title":{"rendered":"Guler. Supercat. A\u0219ternut din lemn pentru a\u0219ternut pisici 3 kg"},"content":{"rendered":"<h3>Litierul SuperCat<\/h3>\n<p>Noul a\u0219ternut din lemn SuperCat este un a\u0219ternut excelent pentru pisici. Are multe avantaje care \u00eel fac util \u0219i func\u021bional pentru confortul animalelor de companie care locuiesc \u00een case \u0219i apartamente. Datorit\u0103 aromei sale, umplutura atrage animalele \u0219i creeaz\u0103 un miros pl\u0103cut \u00een camer\u0103.<\/p>\n<p>SuperCat este fabricat din rumegu\u0219 natural, prietenos cu mediul, comprimat din pini. Pele\u021bii de umplutur\u0103 sunt special formula\u021bi pentru a ajuta la eliminarea mirosurilor mai eficient dec\u00e2t alte materiale de umplutur\u0103 pentru lemn. In plus, granulele au un diametru de doar 8 mm si sunt echipate cu aditivi speciali pentru antrenarea animalului la toaleta. La contactul cu lichidul, granulele se umfla rapid, absorb urina de pisic\u0103 \u0219i emit un miros pl\u0103cut. Experimentul a constatat c\u0103 3 kg de umplutur\u0103 absoarbe cu u\u0219urin\u021b\u0103 p\u00e2n\u0103 la 10 litri de lichid!<\/p>\n<p>Datorit\u0103 bazei sale naturale de pin, SuperCat absoarbe \u0219i re\u021bine eficient mirosurile nepl\u0103cute de urin\u0103 timp de p\u00e2n\u0103 la 4 zile (\u00een func\u021bie de temperatura camerei \u0219i de volumul excrementelor de la animalele de companie). Acest lucru v\u0103 permite s\u0103 v\u0103 schimba\u021bi a\u0219ternutul pentru pisici mai rar \u0219i s\u0103 v\u0103 p\u0103stra\u021bi casa proasp\u0103t\u0103 \u0219i curat\u0103.<\/p>\n<p>SuperCat nu con\u021bine praf mineral, care este periculos pentru tractul respirator al oamenilor \u0219i animalelor. Dac\u0103 animalul t\u0103u de companie curios gust\u0103 umplutura, nu-\u021bi face griji - SuperCat este absolut inofensiv pentru corpul pisicii.<\/p>\n<p>Umplutura este u\u0219or de eliminat. Dup\u0103 absorb\u021bia umidit\u0103\u021bii, granulele se transform\u0103 \u00een rumegu\u0219 obi\u0219nuit, care poate fi aruncat \u00een siguran\u021b\u0103 \u00een toalet\u0103 (f\u0103r\u0103 a \u00eenfunda conductele de scurgere) sau folosit ca \u00eengr\u0103\u0219\u0103m\u00e2nt pentru flori \u0219i paturi.<\/p>\n<p>O caracteristic\u0103 important\u0103 a SuperCat este c\u0103 nu se lipe\u0219te de labele pisicilor. \u00cen acest fel, animalul t\u0103u de companie va ar\u0103ta curat \u0219i ordonat \u0219i vei evita \u00eempr\u0103\u0219tierea gunoiului \u00een jurul apartamentului.<\/p>\n<p><strong>Greutate:<\/strong> 3 kg<\/p>","protected":false},"excerpt":{"rendered":"<p>Fabricat din rumegu\u0219 comprimat natural, prietenos cu mediul, de la conifere<\/p>","protected":false},"featured_media":89103,"comment_status":"closed","ping_status":"closed","template":"","meta":[],"product_brand":[],"product_cat":[207,193,194],"product_tag":[165,208,196],"class_list":{"0":"post-8678","1":"product","2":"type-product","3":"status-publish","4":"has-post-thumbnail","6":"product_cat-wooden-catlitter","7":"product_cat-cat","8":"product_cat-cat-litter","9":"product_tag-collar","10":"product_tag-drevesnyj-napolnitel","11":"product_tag-koshachij-tualet","12":"pa_age-pet-lyuboj-vozrast","13":"pa_brand-collar","14":"pa_filler-drevesnyj","15":"pa_pet-koshka","16":"pa_weight-3-kg","18":"first","19":"instock","20":"product-type-simple"},"yoast_head":"<!-- This site is optimized with the Yoast SEO Premium plugin v23.7 (Yoast SEO v27.5) - https:\/\/yoast.com\/product\/yoast-seo-premium-wordpress\/ -->\n<title>Collar. Supercat. \u0414\u0440\u0435\u0432\u0435\u0441\u043d\u044b\u0439 \u043d\u0430\u043f\u043e\u043b\u043d\u0438\u0442\u0435\u043b\u044c \u0434\u043b\u044f \u043a\u043e\u0448\u0430\u0447\u044c\u0435\u0433\u043e \u0442\u0443\u0430\u043b\u0435\u0442\u0430 3 \u043a\u0433<\/title>\n<meta name=\"description\" content=\"\u041a\u0443\u043f\u0438\u0442\u044c Collar. Supercat. \u0414\u0440\u0435\u0432\u0435\u0441\u043d\u044b\u0439 \u043d\u0430\u043f\u043e\u043b\u043d\u0438\u0442\u0435\u043b\u044c \u0434\u043b\u044f \u043a\u043e\u0448\u0430\u0447\u044c\u0435\u0433\u043e \u0442\u0443\u0430\u043b\u0435\u0442\u0430 3 \u043a\u0433 \u0441 \u0434\u043e\u0441\u0442\u0430\u0432\u043a\u043e\u0439 \u043f\u043e \u041a\u0438\u0448\u0438\u043d\u0435\u0432\u0443 \u0438 \u0432\u0441\u0435\u0439 \u041c\u043e\u043b\u0434\u043e\u0432\u0435 \u043d\u0430 Pet24\" \/>\n<meta name=\"robots\" content=\"index, follow, max-snippet:-1, max-image-preview:large, max-video-preview:-1\" \/>\n<link rel=\"canonical\" href=\"https:\/\/pet24.md\/ro\/produs\/supercat-standart-drevesnyj-napolnitel-dlya-koshachego-tualeta\/\" \/>\n<meta property=\"og:locale\" content=\"ro_RO\" \/>\n<meta property=\"og:type\" content=\"article\" \/>\n<meta property=\"og:title\" content=\"Collar. Supercat. \u0414\u0440\u0435\u0432\u0435\u0441\u043d\u044b\u0439 \u043d\u0430\u043f\u043e\u043b\u043d\u0438\u0442\u0435\u043b\u044c \u0434\u043b\u044f \u043a\u043e\u0448\u0430\u0447\u044c\u0435\u0433\u043e \u0442\u0443\u0430\u043b\u0435\u0442\u0430 3 \u043a\u0433\" \/>\n<meta property=\"og:description\" content=\"\u041a\u0443\u043f\u0438\u0442\u044c Collar. Supercat. \u0414\u0440\u0435\u0432\u0435\u0441\u043d\u044b\u0439 \u043d\u0430\u043f\u043e\u043b\u043d\u0438\u0442\u0435\u043b\u044c \u0434\u043b\u044f \u043a\u043e\u0448\u0430\u0447\u044c\u0435\u0433\u043e \u0442\u0443\u0430\u043b\u0435\u0442\u0430 3 \u043a\u0433 \u0441 \u0434\u043e\u0441\u0442\u0430\u0432\u043a\u043e\u0439 \u043f\u043e \u041a\u0438\u0448\u0438\u043d\u0435\u0432\u0443 \u0438 \u0432\u0441\u0435\u0439 \u041c\u043e\u043b\u0434\u043e\u0432\u0435 \u043d\u0430 Pet24\" \/>\n<meta property=\"og:url\" content=\"https:\/\/pet24.md\/ro\/produs\/supercat-standart-drevesnyj-napolnitel-dlya-koshachego-tualeta\/\" \/>\n<meta property=\"og:site_name\" content=\"Pet24\" \/>\n<meta property=\"article:publisher\" content=\"https:\/\/www.facebook.com\/pet24.md\" \/>\n<meta property=\"article:modified_time\" content=\"2025-03-04T20:45:06+00:00\" \/>\n<meta property=\"og:image\" content=\"https:\/\/pet24.md\/wp-content\/uploads\/2024\/09\/novyj-proekt10-1.webp\" \/>\n\t<meta property=\"og:image:width\" content=\"583\" \/>\n\t<meta property=\"og:image:height\" content=\"600\" \/>\n\t<meta property=\"og:image:type\" content=\"image\/webp\" \/>\n<meta name=\"twitter:card\" content=\"summary_large_image\" \/>\n<script type=\"application\/ld+json\" class=\"yoast-schema-graph\">{\"@context\":\"https:\\\/\\\/schema.org\",\"@graph\":[{\"@type\":\"WebPage\",\"@id\":\"https:\\\/\\\/pet24.md\\\/product\\\/supercat-standart-drevesnyj-napolnitel-dlya-koshachego-tualeta\\\/\",\"url\":\"https:\\\/\\\/pet24.md\\\/product\\\/supercat-standart-drevesnyj-napolnitel-dlya-koshachego-tualeta\\\/\",\"name\":\"Collar. Supercat. \u0414\u0440\u0435\u0432\u0435\u0441\u043d\u044b\u0439 \u043d\u0430\u043f\u043e\u043b\u043d\u0438\u0442\u0435\u043b\u044c \u0434\u043b\u044f \u043a\u043e\u0448\u0430\u0447\u044c\u0435\u0433\u043e \u0442\u0443\u0430\u043b\u0435\u0442\u0430 3 \u043a\u0433\",\"isPartOf\":{\"@id\":\"https:\\\/\\\/pet24.md\\\/#website\"},\"primaryImageOfPage\":{\"@id\":\"https:\\\/\\\/pet24.md\\\/product\\\/supercat-standart-drevesnyj-napolnitel-dlya-koshachego-tualeta\\\/#primaryimage\"},\"image\":{\"@id\":\"https:\\\/\\\/pet24.md\\\/product\\\/supercat-standart-drevesnyj-napolnitel-dlya-koshachego-tualeta\\\/#primaryimage\"},\"thumbnailUrl\":\"https:\\\/\\\/pet24.md\\\/wp-content\\\/uploads\\\/2024\\\/09\\\/novyj-proekt10-1.webp\",\"datePublished\":\"2020-09-28T11:34:34+00:00\",\"dateModified\":\"2025-03-04T20:45:06+00:00\",\"description\":\"\u041a\u0443\u043f\u0438\u0442\u044c Collar. Supercat. \u0414\u0440\u0435\u0432\u0435\u0441\u043d\u044b\u0439 \u043d\u0430\u043f\u043e\u043b\u043d\u0438\u0442\u0435\u043b\u044c \u0434\u043b\u044f \u043a\u043e\u0448\u0430\u0447\u044c\u0435\u0433\u043e \u0442\u0443\u0430\u043b\u0435\u0442\u0430 3 \u043a\u0433 \u0441 \u0434\u043e\u0441\u0442\u0430\u0432\u043a\u043e\u0439 \u043f\u043e \u041a\u0438\u0448\u0438\u043d\u0435\u0432\u0443 \u0438 \u0432\u0441\u0435\u0439 \u041c\u043e\u043b\u0434\u043e\u0432\u0435 \u043d\u0430 Pet24\",\"breadcrumb\":{\"@id\":\"https:\\\/\\\/pet24.md\\\/product\\\/supercat-standart-drevesnyj-napolnitel-dlya-koshachego-tualeta\\\/#breadcrumb\"},\"inLanguage\":\"ro-RO\",\"potentialAction\":[{\"@type\":\"ReadAction\",\"target\":[\"https:\\\/\\\/pet24.md\\\/product\\\/supercat-standart-drevesnyj-napolnitel-dlya-koshachego-tualeta\\\/\"]}]},{\"@type\":\"ImageObject\",\"inLanguage\":\"ro-RO\",\"@id\":\"https:\\\/\\\/pet24.md\\\/product\\\/supercat-standart-drevesnyj-napolnitel-dlya-koshachego-tualeta\\\/#primaryimage\",\"url\":\"https:\\\/\\\/pet24.md\\\/wp-content\\\/uploads\\\/2024\\\/09\\\/novyj-proekt10-1.webp\",\"contentUrl\":\"https:\\\/\\\/pet24.md\\\/wp-content\\\/uploads\\\/2024\\\/09\\\/novyj-proekt10-1.webp\",\"width\":583,\"height\":600,\"caption\":\"novyj proekt10 1\"},{\"@type\":\"BreadcrumbList\",\"@id\":\"https:\\\/\\\/pet24.md\\\/product\\\/supercat-standart-drevesnyj-napolnitel-dlya-koshachego-tualeta\\\/#breadcrumb\",\"itemListElement\":[{\"@type\":\"ListItem\",\"position\":1,\"name\":\"\u0413\u043b\u0430\u0432\u043d\u0430\u044f \u0441\u0442\u0440\u0430\u043d\u0438\u0446\u0430\",\"item\":\"https:\\\/\\\/pet24.md\\\/\"},{\"@type\":\"ListItem\",\"position\":2,\"name\":\"\u041c\u0430\u0433\u0430\u0437\u0438\u043d\",\"item\":\"https:\\\/\\\/pet24.md\\\/shop\\\/\"},{\"@type\":\"ListItem\",\"position\":3,\"name\":\"Collar. Supercat. \u0414\u0440\u0435\u0432\u0435\u0441\u043d\u044b\u0439 \u043d\u0430\u043f\u043e\u043b\u043d\u0438\u0442\u0435\u043b\u044c \u0434\u043b\u044f \u043a\u043e\u0448\u0430\u0447\u044c\u0435\u0433\u043e \u0442\u0443\u0430\u043b\u0435\u0442\u0430 3 \u043a\u0433\"}]},{\"@type\":\"WebSite\",\"@id\":\"https:\\\/\\\/pet24.md\\\/#website\",\"url\":\"https:\\\/\\\/pet24.md\\\/\",\"name\":\"Pet24\",\"description\":\"\u0417\u043e\u043e\u043c\u0430\u0433\u0430\u0437\u0438\u043d \u0442\u043e\u0432\u0430\u0440\u043e\u0432 \u0434\u043b\u044f \u0434\u043e\u043c\u0430\u0448\u043d\u0438\u0445 \u043f\u0438\u0442\u043e\u043c\u0446\u0435\u0432\",\"publisher\":{\"@id\":\"https:\\\/\\\/pet24.md\\\/#organization\"},\"potentialAction\":[{\"@type\":\"SearchAction\",\"target\":{\"@type\":\"EntryPoint\",\"urlTemplate\":\"https:\\\/\\\/pet24.md\\\/?s={search_term_string}\"},\"query-input\":{\"@type\":\"PropertyValueSpecification\",\"valueRequired\":true,\"valueName\":\"search_term_string\"}}],\"inLanguage\":\"ro-RO\"},{\"@type\":\"Organization\",\"@id\":\"https:\\\/\\\/pet24.md\\\/#organization\",\"name\":\"Pet24\",\"url\":\"https:\\\/\\\/pet24.md\\\/\",\"logo\":{\"@type\":\"ImageObject\",\"inLanguage\":\"ro-RO\",\"@id\":\"https:\\\/\\\/pet24.md\\\/#\\\/schema\\\/logo\\\/image\\\/\",\"url\":\"https:\\\/\\\/pet24.md\\\/wp-content\\\/uploads\\\/2024\\\/09\\\/logo.svg\",\"contentUrl\":\"https:\\\/\\\/pet24.md\\\/wp-content\\\/uploads\\\/2024\\\/09\\\/logo.svg\",\"width\":215,\"height\":66,\"caption\":\"Pet24\"},\"image\":{\"@id\":\"https:\\\/\\\/pet24.md\\\/#\\\/schema\\\/logo\\\/image\\\/\"},\"sameAs\":[\"https:\\\/\\\/www.facebook.com\\\/pet24.md\",\"https:\\\/\\\/www.instagram.com\\\/pet24.md\\\/\"],\"telephone\":\"+37360508880\"}]}<\/script>\n<!-- \/ Yoast SEO Premium plugin. -->","yoast_head_json":{"title":"Guler. Supercat. A\u0219ternut din lemn pentru a\u0219ternut pisici 3 kg","description":"\u041a\u0443\u043f\u0438\u0442\u044c Collar. Supercat. \u0414\u0440\u0435\u0432\u0435\u0441\u043d\u044b\u0439 \u043d\u0430\u043f\u043e\u043b\u043d\u0438\u0442\u0435\u043b\u044c \u0434\u043b\u044f \u043a\u043e\u0448\u0430\u0447\u044c\u0435\u0433\u043e \u0442\u0443\u0430\u043b\u0435\u0442\u0430 3 \u043a\u0433 \u0441 \u0434\u043e\u0441\u0442\u0430\u0432\u043a\u043e\u0439 \u043f\u043e \u041a\u0438\u0448\u0438\u043d\u0435\u0432\u0443 \u0438 \u0432\u0441\u0435\u0439 \u041c\u043e\u043b\u0434\u043e\u0432\u0435 \u043d\u0430 Pet24","robots":{"index":"index","follow":"follow","max-snippet":"max-snippet:-1","max-image-preview":"max-image-preview:large","max-video-preview":"max-video-preview:-1"},"canonical":"https:\/\/pet24.md\/ro\/produs\/supercat-standart-drevesnyj-napolnitel-dlya-koshachego-tualeta\/","og_locale":"ro_RO","og_type":"article","og_title":"Collar. Supercat. \u0414\u0440\u0435\u0432\u0435\u0441\u043d\u044b\u0439 \u043d\u0430\u043f\u043e\u043b\u043d\u0438\u0442\u0435\u043b\u044c \u0434\u043b\u044f \u043a\u043e\u0448\u0430\u0447\u044c\u0435\u0433\u043e \u0442\u0443\u0430\u043b\u0435\u0442\u0430 3 \u043a\u0433","og_description":"\u041a\u0443\u043f\u0438\u0442\u044c Collar. Supercat. \u0414\u0440\u0435\u0432\u0435\u0441\u043d\u044b\u0439 \u043d\u0430\u043f\u043e\u043b\u043d\u0438\u0442\u0435\u043b\u044c \u0434\u043b\u044f \u043a\u043e\u0448\u0430\u0447\u044c\u0435\u0433\u043e \u0442\u0443\u0430\u043b\u0435\u0442\u0430 3 \u043a\u0433 \u0441 \u0434\u043e\u0441\u0442\u0430\u0432\u043a\u043e\u0439 \u043f\u043e \u041a\u0438\u0448\u0438\u043d\u0435\u0432\u0443 \u0438 \u0432\u0441\u0435\u0439 \u041c\u043e\u043b\u0434\u043e\u0432\u0435 \u043d\u0430 Pet24","og_url":"https:\/\/pet24.md\/ro\/produs\/supercat-standart-drevesnyj-napolnitel-dlya-koshachego-tualeta\/","og_site_name":"Pet24","article_publisher":"https:\/\/www.facebook.com\/pet24.md","article_modified_time":"2025-03-04T20:45:06+00:00","og_image":[{"width":583,"height":600,"url":"https:\/\/pet24.md\/wp-content\/uploads\/2024\/09\/novyj-proekt10-1.webp","type":"image\/webp"}],"twitter_card":"summary_large_image","schema":{"@context":"https:\/\/schema.org","@graph":[{"@type":"WebPage","@id":"https:\/\/pet24.md\/product\/supercat-standart-drevesnyj-napolnitel-dlya-koshachego-tualeta\/","url":"https:\/\/pet24.md\/product\/supercat-standart-drevesnyj-napolnitel-dlya-koshachego-tualeta\/","name":"Guler. Supercat. A\u0219ternut din lemn pentru a\u0219ternut pisici 3 kg","isPartOf":{"@id":"https:\/\/pet24.md\/#website"},"primaryImageOfPage":{"@id":"https:\/\/pet24.md\/product\/supercat-standart-drevesnyj-napolnitel-dlya-koshachego-tualeta\/#primaryimage"},"image":{"@id":"https:\/\/pet24.md\/product\/supercat-standart-drevesnyj-napolnitel-dlya-koshachego-tualeta\/#primaryimage"},"thumbnailUrl":"https:\/\/pet24.md\/wp-content\/uploads\/2024\/09\/novyj-proekt10-1.webp","datePublished":"2020-09-28T11:34:34+00:00","dateModified":"2025-03-04T20:45:06+00:00","description":"\u041a\u0443\u043f\u0438\u0442\u044c Collar. Supercat. \u0414\u0440\u0435\u0432\u0435\u0441\u043d\u044b\u0439 \u043d\u0430\u043f\u043e\u043b\u043d\u0438\u0442\u0435\u043b\u044c \u0434\u043b\u044f \u043a\u043e\u0448\u0430\u0447\u044c\u0435\u0433\u043e \u0442\u0443\u0430\u043b\u0435\u0442\u0430 3 \u043a\u0433 \u0441 \u0434\u043e\u0441\u0442\u0430\u0432\u043a\u043e\u0439 \u043f\u043e \u041a\u0438\u0448\u0438\u043d\u0435\u0432\u0443 \u0438 \u0432\u0441\u0435\u0439 \u041c\u043e\u043b\u0434\u043e\u0432\u0435 \u043d\u0430 Pet24","breadcrumb":{"@id":"https:\/\/pet24.md\/product\/supercat-standart-drevesnyj-napolnitel-dlya-koshachego-tualeta\/#breadcrumb"},"inLanguage":"ro-RO","potentialAction":[{"@type":"ReadAction","target":["https:\/\/pet24.md\/product\/supercat-standart-drevesnyj-napolnitel-dlya-koshachego-tualeta\/"]}]},{"@type":"ImageObject","inLanguage":"ro-RO","@id":"https:\/\/pet24.md\/product\/supercat-standart-drevesnyj-napolnitel-dlya-koshachego-tualeta\/#primaryimage","url":"https:\/\/pet24.md\/wp-content\/uploads\/2024\/09\/novyj-proekt10-1.webp","contentUrl":"https:\/\/pet24.md\/wp-content\/uploads\/2024\/09\/novyj-proekt10-1.webp","width":583,"height":600,"caption":"novyj proekt10 1"},{"@type":"BreadcrumbList","@id":"https:\/\/pet24.md\/product\/supercat-standart-drevesnyj-napolnitel-dlya-koshachego-tualeta\/#breadcrumb","itemListElement":[{"@type":"ListItem","position":1,"name":"\u0413\u043b\u0430\u0432\u043d\u0430\u044f \u0441\u0442\u0440\u0430\u043d\u0438\u0446\u0430","item":"https:\/\/pet24.md\/"},{"@type":"ListItem","position":2,"name":"\u041c\u0430\u0433\u0430\u0437\u0438\u043d","item":"https:\/\/pet24.md\/shop\/"},{"@type":"ListItem","position":3,"name":"Collar. Supercat. \u0414\u0440\u0435\u0432\u0435\u0441\u043d\u044b\u0439 \u043d\u0430\u043f\u043e\u043b\u043d\u0438\u0442\u0435\u043b\u044c \u0434\u043b\u044f \u043a\u043e\u0448\u0430\u0447\u044c\u0435\u0433\u043e \u0442\u0443\u0430\u043b\u0435\u0442\u0430 3 \u043a\u0433"}]},{"@type":"WebSite","@id":"https:\/\/pet24.md\/#website","url":"https:\/\/pet24.md\/","name":"Pet24","description":"Magazin de animale de companie","publisher":{"@id":"https:\/\/pet24.md\/#organization"},"potentialAction":[{"@type":"SearchAction","target":{"@type":"EntryPoint","urlTemplate":"https:\/\/pet24.md\/?s={search_term_string}"},"query-input":{"@type":"PropertyValueSpecification","valueRequired":true,"valueName":"search_term_string"}}],"inLanguage":"ro-RO"},{"@type":"Organization","@id":"https:\/\/pet24.md\/#organization","name":"Pet24","url":"https:\/\/pet24.md\/","logo":{"@type":"ImageObject","inLanguage":"ro-RO","@id":"https:\/\/pet24.md\/#\/schema\/logo\/image\/","url":"https:\/\/pet24.md\/wp-content\/uploads\/2024\/09\/logo.svg","contentUrl":"https:\/\/pet24.md\/wp-content\/uploads\/2024\/09\/logo.svg","width":215,"height":66,"caption":"Pet24"},"image":{"@id":"https:\/\/pet24.md\/#\/schema\/logo\/image\/"},"sameAs":["https:\/\/www.facebook.com\/pet24.md","https:\/\/www.instagram.com\/pet24.md\/"],"telephone":"+37360508880"}]}},"_links":{"self":[{"href":"https:\/\/pet24.md\/ro\/wp-json\/wp\/v2\/product\/8678","targetHints":{"allow":["GET"]}}],"collection":[{"href":"https:\/\/pet24.md\/ro\/wp-json\/wp\/v2\/product"}],"about":[{"href":"https:\/\/pet24.md\/ro\/wp-json\/wp\/v2\/types\/product"}],"replies":[{"embeddable":true,"href":"https:\/\/pet24.md\/ro\/wp-json\/wp\/v2\/comments?post=8678"}],"wp:featuredmedia":[{"embeddable":true,"href":"https:\/\/pet24.md\/ro\/wp-json\/wp\/v2\/media\/89103"}],"wp:attachment":[{"href":"https:\/\/pet24.md\/ro\/wp-json\/wp\/v2\/media?parent=8678"}],"wp:term":[{"taxonomy":"product_brand","embeddable":true,"href":"https:\/\/pet24.md\/ro\/wp-json\/wp\/v2\/product_brand?post=8678"},{"taxonomy":"product_cat","embeddable":true,"href":"https:\/\/pet24.md\/ro\/wp-json\/wp\/v2\/product_cat?post=8678"},{"taxonomy":"product_tag","embeddable":true,"href":"https:\/\/pet24.md\/ro\/wp-json\/wp\/v2\/product_tag?post=8678"}],"curies":[{"name":"wp","href":"https:\/\/api.w.org\/{rel}","templated":true}]}}