{"id":8746,"date":"2020-09-30T18:17:35","date_gmt":"2020-09-30T18:17:35","guid":{"rendered":"https:\/\/pet24.md\/?post_type=product&#038;p=8746"},"modified":"2024-09-22T22:09:24","modified_gmt":"2024-09-22T22:09:24","slug":"oshejnik-insektoakaricidnyj-komfort-dlya-kotov-35-5sm","status":"publish","type":"product","link":"https:\/\/pet24.md\/ro\/produs\/oshejnik-insektoakaricidnyj-komfort-dlya-kotov-35-5sm\/","title":{"rendered":"Guler insectoacaricid \u201eComfort\u201d pentru pisici (35*5cm)"},"content":{"rendered":"<div class=\"bx-catalog-tab-body-container\">\n<div class=\"container\">\n<div id=\"cat_tab_YhevtrTab_Detail_Text_cont\" class=\"\">\n<div class=\"item_info_section\">\n<div class=\"bx_item_description\">\n<h3>Guler confortabil pentru pisici<\/h3>\n<p><strong>Descriere:<\/strong> Gulerul Comfort este o band\u0103 polimeric\u0103 de culoare \u00eenchis\u0103, cu un miros caracteristic componentelor. Se folose\u0219te pentru uz extern la pisicile afectate de purici \u0219i c\u0103pu\u0219e, precum \u0219i \u00een scop preventiv. Gulerul este fixat \u00een jurul g\u00e2tului animalului.<\/p>\n<p><strong>Perioada de utilizare:<\/strong> Pentru a controla puricii \u0219i c\u0103pu\u0219ele, gulerul trebuie \u00eenlocuit la fiecare 4 luni. Gulerul Comfort poate fi folosit la pisoi de la varsta de 8 saptamani.<\/p>\n<p><strong>Compus:<\/strong> 1 g de guler con\u021bine substan\u021ba activ\u0103:<\/p>\n<ul>\n<li>diazinon - 60 mg.<\/li>\n<\/ul>\n<p><strong>Propriet\u0103\u021bi farmacologice:<\/strong> ATCvet QP53A, produse medicinale veterinare de uz extern \u00eempotriva ectoparazi\u021bilor (QP53AF15, diazinon). Substan\u021ba activ\u0103 diazinon apar\u021bine grupului de compu\u0219i organofosforici, esteri ai acidului tiofosforic. Ac\u021bioneaz\u0103 asupra ectoparazi\u021bilor (purici, p\u0103duchi, c\u0103pu\u0219e) care paraziteaz\u0103 pielea animalelor. Diazinonul blocheaz\u0103 ganglionii nervo\u0219i periferici ai ectoparazitului, provoc\u00e2nd neurotoxicitate, ceea ce duce la tulburarea coordon\u0103rii mi\u0219c\u0103rilor, paralizie, letargie \u0219i moarte.<\/p>\n<p><strong>Aplica\u021bie:<\/strong> Prevenirea \u0219i tratamentul c\u00e2inilor \u0219i pisicilor pentru bolile cauzate de ectoparazi\u021bi: purici (Ctenocephalus spp.), c\u0103pu\u0219e parazitare (Dermacentor pictus, Dermacentor marginatus, Rhipicephalus bursa, Ixodes ricinus) cu sifonapteroz\u0103 \u0219i lignatoz\u0103 la c\u00e2ini \u0219i pisici.<\/p>\n<p><strong>Dozare:<\/strong> Scoate\u021bi gulerul din ambalaj \u0219i pune\u021bi-l pe g\u00e2tul animalului, fix\u00e2ndu-l \u00een a\u0219a fel \u00eenc\u00e2t s\u0103 existe un spa\u021biu mic de 1,0-1,5 cm \u00eentre g\u00e2t \u0219i guler. Fixa\u021bi cu o clem\u0103 \u0219i t\u0103ia\u021bi orice exces de band\u0103. Gulerul trebuie s\u0103 fie liber \u00een jurul g\u00e2tului \u0219i s\u0103 nu limiteze cre\u0219terea animalului. Un guler bine montat ar trebui s\u0103 se mi\u0219te liber atunci c\u00e2nd este asigurat.<\/p>\n<p><strong>Contraindicatii:<\/strong> A nu se utiliza la pisoii cu v\u00e2rsta sub 8 s\u0103pt\u0103m\u00e2ni. Gulerul nu este recomandat animalelor subnutrite, b\u0103tr\u00e2ne, gestante sau care al\u0103pteaz\u0103.<\/p>\n<p><strong>Aten\u021bion\u0103ri:<\/strong> Pentru animalele \u00een cre\u0219tere, l\u0103sa\u021bi spa\u021biu pentru a sl\u0103bi gulerul pe m\u0103sur\u0103 ce animalul cre\u0219te. Nu deschide\u021bi ambalajul gulerului p\u00e2n\u0103 la utilizarea imediat\u0103. \u00cen cazuri rare, poate ap\u0103rea sensibilitate individual\u0103 la produs, manifestat\u0103 prin salivare \u0219i irita\u021bie local\u0103 a pielii. Dac\u0103 apare irita\u021bia pielii, gulerul trebuie \u00eendep\u0103rtat.<\/p>\n<p><strong>Formular de eliberare:<\/strong> Gulerul, lung de 35\u00b12 cm, este ambalat \u00eentr-o pung\u0103 de plastic plasat\u0103 \u00eentr-o cutie de carton.<\/p>\n<p><strong>Depozitare:<\/strong> \u00centr-un loc uscat, ferit de lumin\u0103, la o temperatur\u0103 de 5 p\u00e2n\u0103 la 25\u00b0C, separat de alimente, ap\u0103 \u0219i alimente.<\/p>\n<p><strong>Data maxim\u0103 \u00eenainte:<\/strong> 2 ani, dup\u0103 deschiderea ambalajului - 4 luni.<\/p>\n<\/div>\n<\/div>\n<\/div>\n<\/div>\n<\/div>","protected":false},"excerpt":{"rendered":"<p>\u041e\u0448\u0435\u0439\u043d\u0438\u043a Comfort \u0434\u043b\u044f \u043a\u043e\u0448\u0435\u043a \u041e\u043f\u0438\u0441\u0430\u043d\u0438\u0435: \u041e\u0448\u0435\u0439\u043d\u0438\u043a Comfort \u043f\u0440\u0435\u0434\u0441\u0442\u0430\u0432\u043b\u044f\u0435\u0442 \u0441\u043e\u0431\u043e\u0439 \u043f\u043e\u043b\u0438\u043c\u0435\u0440\u043d\u0443\u044e \u043b\u0435\u043d\u0442\u0443 \u0442\u0435\u043c\u043d\u043e\u0433\u043e \u0446\u0432\u0435\u0442\u0430 \u0441 \u0445\u0430\u0440\u0430\u043a\u0442\u0435\u0440\u043d\u044b\u043c \u0437\u0430\u043f\u0430\u0445\u043e\u043c \u043a\u043e\u043c\u043f\u043e\u043d\u0435\u043d\u0442\u043e\u0432. \u041f\u0440\u0438\u043c\u0435\u043d\u044f\u0435\u0442\u0441\u044f \u0434\u043b\u044f \u043d\u0430\u0440\u0443\u0436\u043d\u043e\u0433\u043e \u0438\u0441\u043f\u043e\u043b\u044c\u0437\u043e\u0432\u0430\u043d\u0438\u044f \u0443&hellip;<\/p>","protected":false},"featured_media":89132,"comment_status":"closed","ping_status":"closed","template":"","meta":[],"product_brand":[],"product_cat":[193,231,218],"product_tag":[232],"class_list":{"0":"post-8746","1":"product","2":"type-product","3":"status-publish","4":"has-post-thumbnail","6":"product_cat-cat","7":"product_cat-collar-cats","8":"product_cat-cats-antiparasitic","9":"product_tag-oshejniki","10":"pa_age-pet-vzroslyj","11":"pa_brand-barer","12":"pa_dlina-sm-35-sm","13":"pa_pet-koshka","15":"first","16":"outofstock","17":"product-type-simple"},"yoast_head":"<!-- This site is optimized with the Yoast SEO Premium plugin v23.7 (Yoast SEO v27.5) - https:\/\/yoast.com\/product\/yoast-seo-premium-wordpress\/ -->\n<title>\u041e\u0448\u0435\u0439\u043d\u0438\u043a \u0438\u043d\u0441\u0435\u043a\u0442\u043e\u0430\u043a\u0430\u0440\u0438\u0446\u0438\u0434\u043d\u044b\u0439 &quot;\u041a\u043e\u043c\u0444\u043e\u0440\u0442&quot; \u0434\u043b\u044f \u043a\u043e\u0442\u043e\u0432 (35*5\u0441\u043c)<\/title>\n<meta name=\"description\" content=\"\u041a\u0443\u043f\u0438\u0442\u044c \u041e\u0448\u0435\u0439\u043d\u0438\u043a \u0438\u043d\u0441\u0435\u043a\u0442\u043e\u0430\u043a\u0430\u0440\u0438\u0446\u0438\u0434\u043d\u044b\u0439 &quot;\u041a\u043e\u043c\u0444\u043e\u0440\u0442&quot; \u0434\u043b\u044f \u043a\u043e\u0442\u043e\u0432 (35*5\u0441\u043c) \u0441 \u0434\u043e\u0441\u0442\u0430\u0432\u043a\u043e\u0439 \u043f\u043e \u041a\u0438\u0448\u0438\u043d\u0435\u0432\u0443 \u0438 \u0432\u0441\u0435\u0439 \u041c\u043e\u043b\u0434\u043e\u0432\u0435 \u043d\u0430 Pet24\" \/>\n<meta name=\"robots\" content=\"index, follow, max-snippet:-1, max-image-preview:large, max-video-preview:-1\" \/>\n<link rel=\"canonical\" href=\"https:\/\/pet24.md\/ro\/produs\/oshejnik-insektoakaricidnyj-komfort-dlya-kotov-35-5sm\/\" \/>\n<meta property=\"og:locale\" content=\"ro_RO\" \/>\n<meta property=\"og:type\" content=\"article\" \/>\n<meta property=\"og:title\" content=\"\u041e\u0448\u0435\u0439\u043d\u0438\u043a \u0438\u043d\u0441\u0435\u043a\u0442\u043e\u0430\u043a\u0430\u0440\u0438\u0446\u0438\u0434\u043d\u044b\u0439 &quot;\u041a\u043e\u043c\u0444\u043e\u0440\u0442&quot; \u0434\u043b\u044f \u043a\u043e\u0442\u043e\u0432 (35*5\u0441\u043c)\" \/>\n<meta property=\"og:description\" content=\"\u041a\u0443\u043f\u0438\u0442\u044c \u041e\u0448\u0435\u0439\u043d\u0438\u043a \u0438\u043d\u0441\u0435\u043a\u0442\u043e\u0430\u043a\u0430\u0440\u0438\u0446\u0438\u0434\u043d\u044b\u0439 &quot;\u041a\u043e\u043c\u0444\u043e\u0440\u0442&quot; \u0434\u043b\u044f \u043a\u043e\u0442\u043e\u0432 (35*5\u0441\u043c) \u0441 \u0434\u043e\u0441\u0442\u0430\u0432\u043a\u043e\u0439 \u043f\u043e \u041a\u0438\u0448\u0438\u043d\u0435\u0432\u0443 \u0438 \u0432\u0441\u0435\u0439 \u041c\u043e\u043b\u0434\u043e\u0432\u0435 \u043d\u0430 Pet24\" \/>\n<meta property=\"og:url\" content=\"https:\/\/pet24.md\/ro\/produs\/oshejnik-insektoakaricidnyj-komfort-dlya-kotov-35-5sm\/\" \/>\n<meta property=\"og:site_name\" content=\"Pet24\" \/>\n<meta property=\"article:publisher\" content=\"https:\/\/www.facebook.com\/pet24.md\" \/>\n<meta property=\"article:modified_time\" content=\"2024-09-22T22:09:24+00:00\" \/>\n<meta property=\"og:image\" content=\"https:\/\/pet24.md\/wp-content\/uploads\/2024\/09\/oshejnik-insektoakariczidnyj-komfort-dlya-kotov-355sm.webp\" \/>\n\t<meta property=\"og:image:width\" content=\"600\" \/>\n\t<meta property=\"og:image:height\" content=\"450\" \/>\n\t<meta property=\"og:image:type\" content=\"image\/webp\" \/>\n<meta name=\"twitter:card\" content=\"summary_large_image\" \/>\n<script type=\"application\/ld+json\" class=\"yoast-schema-graph\">{\"@context\":\"https:\\\/\\\/schema.org\",\"@graph\":[{\"@type\":\"WebPage\",\"@id\":\"https:\\\/\\\/pet24.md\\\/product\\\/oshejnik-insektoakaricidnyj-komfort-dlya-kotov-35-5sm\\\/\",\"url\":\"https:\\\/\\\/pet24.md\\\/product\\\/oshejnik-insektoakaricidnyj-komfort-dlya-kotov-35-5sm\\\/\",\"name\":\"\u041e\u0448\u0435\u0439\u043d\u0438\u043a \u0438\u043d\u0441\u0435\u043a\u0442\u043e\u0430\u043a\u0430\u0440\u0438\u0446\u0438\u0434\u043d\u044b\u0439 \\\"\u041a\u043e\u043c\u0444\u043e\u0440\u0442\\\" \u0434\u043b\u044f \u043a\u043e\u0442\u043e\u0432 (35*5\u0441\u043c)\",\"isPartOf\":{\"@id\":\"https:\\\/\\\/pet24.md\\\/#website\"},\"primaryImageOfPage\":{\"@id\":\"https:\\\/\\\/pet24.md\\\/product\\\/oshejnik-insektoakaricidnyj-komfort-dlya-kotov-35-5sm\\\/#primaryimage\"},\"image\":{\"@id\":\"https:\\\/\\\/pet24.md\\\/product\\\/oshejnik-insektoakaricidnyj-komfort-dlya-kotov-35-5sm\\\/#primaryimage\"},\"thumbnailUrl\":\"https:\\\/\\\/pet24.md\\\/wp-content\\\/uploads\\\/2024\\\/09\\\/oshejnik-insektoakariczidnyj-komfort-dlya-kotov-355sm.webp\",\"datePublished\":\"2020-09-30T18:17:35+00:00\",\"dateModified\":\"2024-09-22T22:09:24+00:00\",\"description\":\"\u041a\u0443\u043f\u0438\u0442\u044c \u041e\u0448\u0435\u0439\u043d\u0438\u043a \u0438\u043d\u0441\u0435\u043a\u0442\u043e\u0430\u043a\u0430\u0440\u0438\u0446\u0438\u0434\u043d\u044b\u0439 \\\"\u041a\u043e\u043c\u0444\u043e\u0440\u0442\\\" \u0434\u043b\u044f \u043a\u043e\u0442\u043e\u0432 (35*5\u0441\u043c) \u0441 \u0434\u043e\u0441\u0442\u0430\u0432\u043a\u043e\u0439 \u043f\u043e \u041a\u0438\u0448\u0438\u043d\u0435\u0432\u0443 \u0438 \u0432\u0441\u0435\u0439 \u041c\u043e\u043b\u0434\u043e\u0432\u0435 \u043d\u0430 Pet24\",\"breadcrumb\":{\"@id\":\"https:\\\/\\\/pet24.md\\\/product\\\/oshejnik-insektoakaricidnyj-komfort-dlya-kotov-35-5sm\\\/#breadcrumb\"},\"inLanguage\":\"ro-RO\",\"potentialAction\":[{\"@type\":\"ReadAction\",\"target\":[\"https:\\\/\\\/pet24.md\\\/product\\\/oshejnik-insektoakaricidnyj-komfort-dlya-kotov-35-5sm\\\/\"]}]},{\"@type\":\"ImageObject\",\"inLanguage\":\"ro-RO\",\"@id\":\"https:\\\/\\\/pet24.md\\\/product\\\/oshejnik-insektoakaricidnyj-komfort-dlya-kotov-35-5sm\\\/#primaryimage\",\"url\":\"https:\\\/\\\/pet24.md\\\/wp-content\\\/uploads\\\/2024\\\/09\\\/oshejnik-insektoakariczidnyj-komfort-dlya-kotov-355sm.webp\",\"contentUrl\":\"https:\\\/\\\/pet24.md\\\/wp-content\\\/uploads\\\/2024\\\/09\\\/oshejnik-insektoakariczidnyj-komfort-dlya-kotov-355sm.webp\",\"width\":600,\"height\":450,\"caption\":\"oshejnik insektoakariczidnyj komfort dlya kotov 355sm\"},{\"@type\":\"BreadcrumbList\",\"@id\":\"https:\\\/\\\/pet24.md\\\/product\\\/oshejnik-insektoakaricidnyj-komfort-dlya-kotov-35-5sm\\\/#breadcrumb\",\"itemListElement\":[{\"@type\":\"ListItem\",\"position\":1,\"name\":\"\u0413\u043b\u0430\u0432\u043d\u0430\u044f \u0441\u0442\u0440\u0430\u043d\u0438\u0446\u0430\",\"item\":\"https:\\\/\\\/pet24.md\\\/\"},{\"@type\":\"ListItem\",\"position\":2,\"name\":\"\u041c\u0430\u0433\u0430\u0437\u0438\u043d\",\"item\":\"https:\\\/\\\/pet24.md\\\/shop\\\/\"},{\"@type\":\"ListItem\",\"position\":3,\"name\":\"\u041e\u0448\u0435\u0439\u043d\u0438\u043a \u0438\u043d\u0441\u0435\u043a\u0442\u043e\u0430\u043a\u0430\u0440\u0438\u0446\u0438\u0434\u043d\u044b\u0439 &#8220;\u041a\u043e\u043c\u0444\u043e\u0440\u0442&#8221; \u0434\u043b\u044f \u043a\u043e\u0442\u043e\u0432 (35*5\u0441\u043c)\"}]},{\"@type\":\"WebSite\",\"@id\":\"https:\\\/\\\/pet24.md\\\/#website\",\"url\":\"https:\\\/\\\/pet24.md\\\/\",\"name\":\"Pet24\",\"description\":\"\u0417\u043e\u043e\u043c\u0430\u0433\u0430\u0437\u0438\u043d \u0442\u043e\u0432\u0430\u0440\u043e\u0432 \u0434\u043b\u044f \u0434\u043e\u043c\u0430\u0448\u043d\u0438\u0445 \u043f\u0438\u0442\u043e\u043c\u0446\u0435\u0432\",\"publisher\":{\"@id\":\"https:\\\/\\\/pet24.md\\\/#organization\"},\"potentialAction\":[{\"@type\":\"SearchAction\",\"target\":{\"@type\":\"EntryPoint\",\"urlTemplate\":\"https:\\\/\\\/pet24.md\\\/?s={search_term_string}\"},\"query-input\":{\"@type\":\"PropertyValueSpecification\",\"valueRequired\":true,\"valueName\":\"search_term_string\"}}],\"inLanguage\":\"ro-RO\"},{\"@type\":\"Organization\",\"@id\":\"https:\\\/\\\/pet24.md\\\/#organization\",\"name\":\"Pet24\",\"url\":\"https:\\\/\\\/pet24.md\\\/\",\"logo\":{\"@type\":\"ImageObject\",\"inLanguage\":\"ro-RO\",\"@id\":\"https:\\\/\\\/pet24.md\\\/#\\\/schema\\\/logo\\\/image\\\/\",\"url\":\"https:\\\/\\\/pet24.md\\\/wp-content\\\/uploads\\\/2024\\\/09\\\/logo.svg\",\"contentUrl\":\"https:\\\/\\\/pet24.md\\\/wp-content\\\/uploads\\\/2024\\\/09\\\/logo.svg\",\"width\":215,\"height\":66,\"caption\":\"Pet24\"},\"image\":{\"@id\":\"https:\\\/\\\/pet24.md\\\/#\\\/schema\\\/logo\\\/image\\\/\"},\"sameAs\":[\"https:\\\/\\\/www.facebook.com\\\/pet24.md\",\"https:\\\/\\\/www.instagram.com\\\/pet24.md\\\/\"],\"telephone\":\"+37360508880\"}]}<\/script>\n<!-- \/ Yoast SEO Premium plugin. -->","yoast_head_json":{"title":"\u041e\u0448\u0435\u0439\u043d\u0438\u043a \u0438\u043d\u0441\u0435\u043a\u0442\u043e\u0430\u043a\u0430\u0440\u0438\u0446\u0438\u0434\u043d\u044b\u0439 \"\u041a\u043e\u043c\u0444\u043e\u0440\u0442\" \u0434\u043b\u044f \u043a\u043e\u0442\u043e\u0432 (35*5\u0441\u043c)","description":"\u041a\u0443\u043f\u0438\u0442\u044c \u041e\u0448\u0435\u0439\u043d\u0438\u043a \u0438\u043d\u0441\u0435\u043a\u0442\u043e\u0430\u043a\u0430\u0440\u0438\u0446\u0438\u0434\u043d\u044b\u0439 \"\u041a\u043e\u043c\u0444\u043e\u0440\u0442\" \u0434\u043b\u044f \u043a\u043e\u0442\u043e\u0432 (35*5\u0441\u043c) \u0441 \u0434\u043e\u0441\u0442\u0430\u0432\u043a\u043e\u0439 \u043f\u043e \u041a\u0438\u0448\u0438\u043d\u0435\u0432\u0443 \u0438 \u0432\u0441\u0435\u0439 \u041c\u043e\u043b\u0434\u043e\u0432\u0435 \u043d\u0430 Pet24","robots":{"index":"index","follow":"follow","max-snippet":"max-snippet:-1","max-image-preview":"max-image-preview:large","max-video-preview":"max-video-preview:-1"},"canonical":"https:\/\/pet24.md\/ro\/produs\/oshejnik-insektoakaricidnyj-komfort-dlya-kotov-35-5sm\/","og_locale":"ro_RO","og_type":"article","og_title":"\u041e\u0448\u0435\u0439\u043d\u0438\u043a \u0438\u043d\u0441\u0435\u043a\u0442\u043e\u0430\u043a\u0430\u0440\u0438\u0446\u0438\u0434\u043d\u044b\u0439 \"\u041a\u043e\u043c\u0444\u043e\u0440\u0442\" \u0434\u043b\u044f \u043a\u043e\u0442\u043e\u0432 (35*5\u0441\u043c)","og_description":"\u041a\u0443\u043f\u0438\u0442\u044c \u041e\u0448\u0435\u0439\u043d\u0438\u043a \u0438\u043d\u0441\u0435\u043a\u0442\u043e\u0430\u043a\u0430\u0440\u0438\u0446\u0438\u0434\u043d\u044b\u0439 \"\u041a\u043e\u043c\u0444\u043e\u0440\u0442\" \u0434\u043b\u044f \u043a\u043e\u0442\u043e\u0432 (35*5\u0441\u043c) \u0441 \u0434\u043e\u0441\u0442\u0430\u0432\u043a\u043e\u0439 \u043f\u043e \u041a\u0438\u0448\u0438\u043d\u0435\u0432\u0443 \u0438 \u0432\u0441\u0435\u0439 \u041c\u043e\u043b\u0434\u043e\u0432\u0435 \u043d\u0430 Pet24","og_url":"https:\/\/pet24.md\/ro\/produs\/oshejnik-insektoakaricidnyj-komfort-dlya-kotov-35-5sm\/","og_site_name":"Pet24","article_publisher":"https:\/\/www.facebook.com\/pet24.md","article_modified_time":"2024-09-22T22:09:24+00:00","og_image":[{"width":600,"height":450,"url":"https:\/\/pet24.md\/wp-content\/uploads\/2024\/09\/oshejnik-insektoakariczidnyj-komfort-dlya-kotov-355sm.webp","type":"image\/webp"}],"twitter_card":"summary_large_image","schema":{"@context":"https:\/\/schema.org","@graph":[{"@type":"WebPage","@id":"https:\/\/pet24.md\/product\/oshejnik-insektoakaricidnyj-komfort-dlya-kotov-35-5sm\/","url":"https:\/\/pet24.md\/product\/oshejnik-insektoakaricidnyj-komfort-dlya-kotov-35-5sm\/","name":"\u041e\u0448\u0435\u0439\u043d\u0438\u043a \u0438\u043d\u0441\u0435\u043a\u0442\u043e\u0430\u043a\u0430\u0440\u0438\u0446\u0438\u0434\u043d\u044b\u0439 \"\u041a\u043e\u043c\u0444\u043e\u0440\u0442\" \u0434\u043b\u044f \u043a\u043e\u0442\u043e\u0432 (35*5\u0441\u043c)","isPartOf":{"@id":"https:\/\/pet24.md\/#website"},"primaryImageOfPage":{"@id":"https:\/\/pet24.md\/product\/oshejnik-insektoakaricidnyj-komfort-dlya-kotov-35-5sm\/#primaryimage"},"image":{"@id":"https:\/\/pet24.md\/product\/oshejnik-insektoakaricidnyj-komfort-dlya-kotov-35-5sm\/#primaryimage"},"thumbnailUrl":"https:\/\/pet24.md\/wp-content\/uploads\/2024\/09\/oshejnik-insektoakariczidnyj-komfort-dlya-kotov-355sm.webp","datePublished":"2020-09-30T18:17:35+00:00","dateModified":"2024-09-22T22:09:24+00:00","description":"\u041a\u0443\u043f\u0438\u0442\u044c \u041e\u0448\u0435\u0439\u043d\u0438\u043a \u0438\u043d\u0441\u0435\u043a\u0442\u043e\u0430\u043a\u0430\u0440\u0438\u0446\u0438\u0434\u043d\u044b\u0439 \"\u041a\u043e\u043c\u0444\u043e\u0440\u0442\" \u0434\u043b\u044f \u043a\u043e\u0442\u043e\u0432 (35*5\u0441\u043c) \u0441 \u0434\u043e\u0441\u0442\u0430\u0432\u043a\u043e\u0439 \u043f\u043e \u041a\u0438\u0448\u0438\u043d\u0435\u0432\u0443 \u0438 \u0432\u0441\u0435\u0439 \u041c\u043e\u043b\u0434\u043e\u0432\u0435 \u043d\u0430 Pet24","breadcrumb":{"@id":"https:\/\/pet24.md\/product\/oshejnik-insektoakaricidnyj-komfort-dlya-kotov-35-5sm\/#breadcrumb"},"inLanguage":"ro-RO","potentialAction":[{"@type":"ReadAction","target":["https:\/\/pet24.md\/product\/oshejnik-insektoakaricidnyj-komfort-dlya-kotov-35-5sm\/"]}]},{"@type":"ImageObject","inLanguage":"ro-RO","@id":"https:\/\/pet24.md\/product\/oshejnik-insektoakaricidnyj-komfort-dlya-kotov-35-5sm\/#primaryimage","url":"https:\/\/pet24.md\/wp-content\/uploads\/2024\/09\/oshejnik-insektoakariczidnyj-komfort-dlya-kotov-355sm.webp","contentUrl":"https:\/\/pet24.md\/wp-content\/uploads\/2024\/09\/oshejnik-insektoakariczidnyj-komfort-dlya-kotov-355sm.webp","width":600,"height":450,"caption":"oshejnik insektoakariczidnyj komfort dlya kotov 355sm"},{"@type":"BreadcrumbList","@id":"https:\/\/pet24.md\/product\/oshejnik-insektoakaricidnyj-komfort-dlya-kotov-35-5sm\/#breadcrumb","itemListElement":[{"@type":"ListItem","position":1,"name":"\u0413\u043b\u0430\u0432\u043d\u0430\u044f \u0441\u0442\u0440\u0430\u043d\u0438\u0446\u0430","item":"https:\/\/pet24.md\/"},{"@type":"ListItem","position":2,"name":"\u041c\u0430\u0433\u0430\u0437\u0438\u043d","item":"https:\/\/pet24.md\/shop\/"},{"@type":"ListItem","position":3,"name":"\u041e\u0448\u0435\u0439\u043d\u0438\u043a \u0438\u043d\u0441\u0435\u043a\u0442\u043e\u0430\u043a\u0430\u0440\u0438\u0446\u0438\u0434\u043d\u044b\u0439 &#8220;\u041a\u043e\u043c\u0444\u043e\u0440\u0442&#8221; \u0434\u043b\u044f \u043a\u043e\u0442\u043e\u0432 (35*5\u0441\u043c)"}]},{"@type":"WebSite","@id":"https:\/\/pet24.md\/#website","url":"https:\/\/pet24.md\/","name":"Pet24","description":"Magazin de animale de companie","publisher":{"@id":"https:\/\/pet24.md\/#organization"},"potentialAction":[{"@type":"SearchAction","target":{"@type":"EntryPoint","urlTemplate":"https:\/\/pet24.md\/?s={search_term_string}"},"query-input":{"@type":"PropertyValueSpecification","valueRequired":true,"valueName":"search_term_string"}}],"inLanguage":"ro-RO"},{"@type":"Organization","@id":"https:\/\/pet24.md\/#organization","name":"Pet24","url":"https:\/\/pet24.md\/","logo":{"@type":"ImageObject","inLanguage":"ro-RO","@id":"https:\/\/pet24.md\/#\/schema\/logo\/image\/","url":"https:\/\/pet24.md\/wp-content\/uploads\/2024\/09\/logo.svg","contentUrl":"https:\/\/pet24.md\/wp-content\/uploads\/2024\/09\/logo.svg","width":215,"height":66,"caption":"Pet24"},"image":{"@id":"https:\/\/pet24.md\/#\/schema\/logo\/image\/"},"sameAs":["https:\/\/www.facebook.com\/pet24.md","https:\/\/www.instagram.com\/pet24.md\/"],"telephone":"+37360508880"}]}},"_links":{"self":[{"href":"https:\/\/pet24.md\/ro\/wp-json\/wp\/v2\/product\/8746","targetHints":{"allow":["GET"]}}],"collection":[{"href":"https:\/\/pet24.md\/ro\/wp-json\/wp\/v2\/product"}],"about":[{"href":"https:\/\/pet24.md\/ro\/wp-json\/wp\/v2\/types\/product"}],"replies":[{"embeddable":true,"href":"https:\/\/pet24.md\/ro\/wp-json\/wp\/v2\/comments?post=8746"}],"wp:featuredmedia":[{"embeddable":true,"href":"https:\/\/pet24.md\/ro\/wp-json\/wp\/v2\/media\/89132"}],"wp:attachment":[{"href":"https:\/\/pet24.md\/ro\/wp-json\/wp\/v2\/media?parent=8746"}],"wp:term":[{"taxonomy":"product_brand","embeddable":true,"href":"https:\/\/pet24.md\/ro\/wp-json\/wp\/v2\/product_brand?post=8746"},{"taxonomy":"product_cat","embeddable":true,"href":"https:\/\/pet24.md\/ro\/wp-json\/wp\/v2\/product_cat?post=8746"},{"taxonomy":"product_tag","embeddable":true,"href":"https:\/\/pet24.md\/ro\/wp-json\/wp\/v2\/product_tag?post=8746"}],"curies":[{"name":"wp","href":"https:\/\/api.w.org\/{rel}","templated":true}]}}