{"id":8769,"date":"2020-10-06T18:25:13","date_gmt":"2020-10-06T18:25:13","guid":{"rendered":"https:\/\/pet24.md\/?post_type=product&#038;p=8769"},"modified":"2024-09-22T22:09:26","modified_gmt":"2024-09-22T22:09:26","slug":"letajushhaya-tarelka-flajber-diametr-22-sm","status":"publish","type":"product","link":"https:\/\/pet24.md\/ro\/produs\/letajushhaya-tarelka-flajber-diametr-22-sm\/","title":{"rendered":"Farfurie zbur\u0103toare Flyber, diametru 22 cm"},"content":{"rendered":"<h3>Flyber \u2013 Prima farfurie zbur\u0103toare cu dou\u0103 fe\u021be pentru c\u00e2ini \u0219i st\u0103p\u00e2nii lor<\/h3>\n<h4>Descriere<\/h4>\n<p>Face\u021bi cuno\u0219tin\u021b\u0103 cu Flyber, prima farfurie zbur\u0103toare reversibil\u0103 conceput\u0103 special pentru c\u00e2ini \u0219i st\u0103p\u00e2nii acestora. Datorit\u0103 dimensiunii, formei \u0219i materialului unic optim, Flyber este ideal pentru a se juca cu c\u00e2ini de diferite rase \u0219i m\u0103rimi. Chiar \u0219i c\u00e2inii care anterior nu au manifestat niciun interes pentru farfuriile zbur\u0103toare nu pot rezista Flyber. Spre deosebire de frisbe-urile sportive, \u00eel po\u021bi mu\u0219ca. Este o adevarata placere pentru caine cand dintii lui patrund usor in material. \u0218i chiar dac\u0103 nu prinde farfuria \u00een zbor, o poate ridica cu u\u0219urin\u021b\u0103 de la p\u0103m\u00e2nt, primind o recompens\u0103 binemeritat\u0103.<\/p>\n<h4>Principalele avantaje ale Flyber:<\/h4>\n<ul>\n<li><strong>Fa\u021b\u0103 dubl\u0103:<\/strong> Diverse c\u0103i de zbor.<\/li>\n<li><strong>Material unic:<\/strong> C\u00e2inelui \u00eei place.<\/li>\n<li><strong>Forma unica:<\/strong> U\u0219or de ridicat de la suprafa\u021b\u0103 pe ambele p\u0103r\u021bi.<\/li>\n<li><strong>Nu se \u00eeneac\u0103 \u00een ap\u0103.<\/strong><\/li>\n<li><strong>Nu se rupe.<\/strong><\/li>\n<li><strong>Sigur pentru din\u021bii \u0219i gingiile c\u00e2inelui t\u0103u.<\/strong><\/li>\n<li><strong>Potrivit pentru joac\u0103 \u00een aer liber \u0219i \u00een interior.<\/strong><\/li>\n<\/ul>\n<h4>Avantaje<\/h4>\n<ul>\n<li><strong>Stimulare fizic\u0103 \u0219i mental\u0103:<\/strong> Flyber ofer\u0103 o modalitate excelent\u0103 pentru cainele dvs. de a r\u0103m\u00e2ne activ \u0219i s\u0103n\u0103tos, stimul\u00e2nd \u00een acela\u0219i timp at\u00e2t corpul, c\u00e2t \u0219i mintea.<\/li>\n<li><strong>Durabilitate:<\/strong> Materialul durabil asigur\u0103 o utilizare de lung\u0103 durat\u0103, chiar \u0219i pentru c\u00e2inii energici.<\/li>\n<li><strong>Siguran\u0163\u0103:<\/strong> Conceput pentru a men\u021bine din\u021bii \u0219i gingiile c\u00e2inelui \u00een siguran\u021b\u0103, prevenind r\u0103nirea.<\/li>\n<li><strong>Versatilitate:<\/strong> Ideal pentru o varietate de condi\u021bii de joc, at\u00e2t pe ap\u0103, c\u00e2t \u0219i pe uscat.<\/li>\n<\/ul>\n<h4>Recomand\u0103ri<\/h4>\n<ul>\n<li><strong>Joc sub supraveghere:<\/strong> Este recomandat s\u0103 v\u0103 supraveghea\u021bi c\u00e2inele \u00een timpul jocului pentru a preveni \u00eenghi\u021birea juc\u0103riei sau a pieselor acesteia.<\/li>\n<li><strong>\u00cengrijire:<\/strong> Verifica\u021bi regulat juc\u0103ria pentru a v\u0103 asigura c\u0103 nu exist\u0103 p\u0103r\u021bi deteriorate care ar putea reprezenta un pericol pentru c\u00e2inele dvs.<\/li>\n<\/ul>\n<p>Flyber este alegerea perfect\u0103 pentru a oferi c\u00e2inelui t\u0103u distrac\u021bie \u0219i divertisment sigur, aduc\u00e2ndu-i bucurie \u0219i exerci\u021bii \u00een fiecare zi.<\/p>\n<p><iframe title=\"Juc\u0103rie c\u00e2ine Flyber | Opinie farfurie zbur\u0103toare pentru c\u00e2ini | Flyber - Recenzie juc\u0103rie pentru c\u00e2ini\" width=\"1160\" height=\"653\" src=\"https:\/\/www.youtube.com\/embed\/sB3fr8H_jfc?feature=oembed\" frameborder=\"0\" allow=\"accelerometer; autoplay; clipboard-write; encrypted-media; gyroscope; picture-in-picture; web-share\" referrerpolicy=\"strict-origin-when-cross-origin\" allowfullscreen><\/iframe><\/p>","protected":false},"excerpt":{"rendered":"<p>Principalele caracteristici ale Flyber:<\/p>\n<p>Bilateral. Diverse c\u0103i de zbor.<br \/>\nMaterial unic. C\u00e2inilor le place<br \/>\nForma unica. U\u0219or de ridicat de la suprafa\u021b\u0103 din orice parte.<br \/>\nNu se scufund\u0103 \u00een ap\u0103.<br \/>\nNu se rupe.<br \/>\nSigur pentru din\u021bii \u0219i gingiile c\u00e2inelui t\u0103u.<br \/>\nPotrivit pentru joac\u0103 \u00een aer liber \u0219i \u00een interior<\/p>","protected":false},"featured_media":89139,"comment_status":"closed","ping_status":"closed","template":"","meta":[],"product_brand":[],"product_cat":[136,237,246],"product_tag":[166],"class_list":{"0":"post-8769","1":"product","2":"type-product","3":"status-publish","4":"has-post-thumbnail","6":"product_cat-dog","7":"product_cat-training-dogs","8":"product_cat-frisbee-dogs","9":"product_tag-igrushki","10":"pa_age-pet-lyuboj-vozrast","11":"pa_brand-collar","12":"pa_breed-size-dlya-vseh-porod","13":"pa_diameter-sm-22-sm","14":"pa_pet-sobaka","16":"first","17":"outofstock","18":"product-type-simple"},"yoast_head":"<!-- This site is optimized with the Yoast SEO Premium plugin v23.7 (Yoast SEO v27.6) - https:\/\/yoast.com\/product\/yoast-seo-premium-wordpress\/ -->\n<title>\u041b\u0435\u0442\u0430\u044e\u0449\u0430\u044f \u0442\u0430\u0440\u0435\u043b\u043a\u0430 \u0424\u043b\u0430\u0439\u0431\u0435\u0440, \u0434\u0438\u0430\u043c\u0435\u0442\u0440 22 \u0441\u043c<\/title>\n<meta name=\"description\" content=\"\u041a\u0443\u043f\u0438\u0442\u044c \u041b\u0435\u0442\u0430\u044e\u0449\u0430\u044f \u0442\u0430\u0440\u0435\u043b\u043a\u0430 \u0424\u043b\u0430\u0439\u0431\u0435\u0440, \u0434\u0438\u0430\u043c\u0435\u0442\u0440 22 \u0441\u043c \u0441 \u0434\u043e\u0441\u0442\u0430\u0432\u043a\u043e\u0439 \u043f\u043e \u041a\u0438\u0448\u0438\u043d\u0435\u0432\u0443 \u0438 \u0432\u0441\u0435\u0439 \u041c\u043e\u043b\u0434\u043e\u0432\u0435 \u043d\u0430 Pet24\" \/>\n<meta name=\"robots\" content=\"index, follow, max-snippet:-1, max-image-preview:large, max-video-preview:-1\" \/>\n<link rel=\"canonical\" href=\"https:\/\/pet24.md\/ro\/produs\/letajushhaya-tarelka-flajber-diametr-22-sm\/\" \/>\n<meta property=\"og:locale\" content=\"ro_RO\" \/>\n<meta property=\"og:type\" content=\"article\" \/>\n<meta property=\"og:title\" content=\"\u041b\u0435\u0442\u0430\u044e\u0449\u0430\u044f \u0442\u0430\u0440\u0435\u043b\u043a\u0430 \u0424\u043b\u0430\u0439\u0431\u0435\u0440, \u0434\u0438\u0430\u043c\u0435\u0442\u0440 22 \u0441\u043c\" \/>\n<meta property=\"og:description\" content=\"\u041a\u0443\u043f\u0438\u0442\u044c \u041b\u0435\u0442\u0430\u044e\u0449\u0430\u044f \u0442\u0430\u0440\u0435\u043b\u043a\u0430 \u0424\u043b\u0430\u0439\u0431\u0435\u0440, \u0434\u0438\u0430\u043c\u0435\u0442\u0440 22 \u0441\u043c \u0441 \u0434\u043e\u0441\u0442\u0430\u0432\u043a\u043e\u0439 \u043f\u043e \u041a\u0438\u0448\u0438\u043d\u0435\u0432\u0443 \u0438 \u0432\u0441\u0435\u0439 \u041c\u043e\u043b\u0434\u043e\u0432\u0435 \u043d\u0430 Pet24\" \/>\n<meta property=\"og:url\" content=\"https:\/\/pet24.md\/ro\/produs\/letajushhaya-tarelka-flajber-diametr-22-sm\/\" \/>\n<meta property=\"og:site_name\" content=\"Pet24\" \/>\n<meta property=\"article:publisher\" content=\"https:\/\/www.facebook.com\/pet24.md\" \/>\n<meta property=\"article:modified_time\" content=\"2024-09-22T22:09:26+00:00\" \/>\n<meta property=\"og:image\" content=\"https:\/\/pet24.md\/wp-content\/uploads\/2024\/09\/novyj-proekt22.webp\" \/>\n\t<meta property=\"og:image:width\" content=\"583\" \/>\n\t<meta property=\"og:image:height\" content=\"600\" \/>\n\t<meta property=\"og:image:type\" content=\"image\/webp\" \/>\n<meta name=\"twitter:card\" content=\"summary_large_image\" \/>\n<script type=\"application\/ld+json\" class=\"yoast-schema-graph\">{\"@context\":\"https:\\\/\\\/schema.org\",\"@graph\":[{\"@type\":\"WebPage\",\"@id\":\"https:\\\/\\\/pet24.md\\\/product\\\/letajushhaya-tarelka-flajber-diametr-22-sm\\\/\",\"url\":\"https:\\\/\\\/pet24.md\\\/product\\\/letajushhaya-tarelka-flajber-diametr-22-sm\\\/\",\"name\":\"\u041b\u0435\u0442\u0430\u044e\u0449\u0430\u044f \u0442\u0430\u0440\u0435\u043b\u043a\u0430 \u0424\u043b\u0430\u0439\u0431\u0435\u0440, \u0434\u0438\u0430\u043c\u0435\u0442\u0440 22 \u0441\u043c\",\"isPartOf\":{\"@id\":\"https:\\\/\\\/pet24.md\\\/#website\"},\"primaryImageOfPage\":{\"@id\":\"https:\\\/\\\/pet24.md\\\/product\\\/letajushhaya-tarelka-flajber-diametr-22-sm\\\/#primaryimage\"},\"image\":{\"@id\":\"https:\\\/\\\/pet24.md\\\/product\\\/letajushhaya-tarelka-flajber-diametr-22-sm\\\/#primaryimage\"},\"thumbnailUrl\":\"https:\\\/\\\/pet24.md\\\/wp-content\\\/uploads\\\/2024\\\/09\\\/novyj-proekt22.webp\",\"datePublished\":\"2020-10-06T18:25:13+00:00\",\"dateModified\":\"2024-09-22T22:09:26+00:00\",\"description\":\"\u041a\u0443\u043f\u0438\u0442\u044c \u041b\u0435\u0442\u0430\u044e\u0449\u0430\u044f \u0442\u0430\u0440\u0435\u043b\u043a\u0430 \u0424\u043b\u0430\u0439\u0431\u0435\u0440, \u0434\u0438\u0430\u043c\u0435\u0442\u0440 22 \u0441\u043c \u0441 \u0434\u043e\u0441\u0442\u0430\u0432\u043a\u043e\u0439 \u043f\u043e \u041a\u0438\u0448\u0438\u043d\u0435\u0432\u0443 \u0438 \u0432\u0441\u0435\u0439 \u041c\u043e\u043b\u0434\u043e\u0432\u0435 \u043d\u0430 Pet24\",\"breadcrumb\":{\"@id\":\"https:\\\/\\\/pet24.md\\\/product\\\/letajushhaya-tarelka-flajber-diametr-22-sm\\\/#breadcrumb\"},\"inLanguage\":\"ro-RO\",\"potentialAction\":[{\"@type\":\"ReadAction\",\"target\":[\"https:\\\/\\\/pet24.md\\\/product\\\/letajushhaya-tarelka-flajber-diametr-22-sm\\\/\"]}]},{\"@type\":\"ImageObject\",\"inLanguage\":\"ro-RO\",\"@id\":\"https:\\\/\\\/pet24.md\\\/product\\\/letajushhaya-tarelka-flajber-diametr-22-sm\\\/#primaryimage\",\"url\":\"https:\\\/\\\/pet24.md\\\/wp-content\\\/uploads\\\/2024\\\/09\\\/novyj-proekt22.webp\",\"contentUrl\":\"https:\\\/\\\/pet24.md\\\/wp-content\\\/uploads\\\/2024\\\/09\\\/novyj-proekt22.webp\",\"width\":583,\"height\":600,\"caption\":\"novyj proekt22\"},{\"@type\":\"BreadcrumbList\",\"@id\":\"https:\\\/\\\/pet24.md\\\/product\\\/letajushhaya-tarelka-flajber-diametr-22-sm\\\/#breadcrumb\",\"itemListElement\":[{\"@type\":\"ListItem\",\"position\":1,\"name\":\"\u0413\u043b\u0430\u0432\u043d\u0430\u044f \u0441\u0442\u0440\u0430\u043d\u0438\u0446\u0430\",\"item\":\"https:\\\/\\\/pet24.md\\\/\"},{\"@type\":\"ListItem\",\"position\":2,\"name\":\"\u041c\u0430\u0433\u0430\u0437\u0438\u043d\",\"item\":\"https:\\\/\\\/pet24.md\\\/shop\\\/\"},{\"@type\":\"ListItem\",\"position\":3,\"name\":\"\u041b\u0435\u0442\u0430\u044e\u0449\u0430\u044f \u0442\u0430\u0440\u0435\u043b\u043a\u0430 \u0424\u043b\u0430\u0439\u0431\u0435\u0440, \u0434\u0438\u0430\u043c\u0435\u0442\u0440 22 \u0441\u043c\"}]},{\"@type\":\"WebSite\",\"@id\":\"https:\\\/\\\/pet24.md\\\/#website\",\"url\":\"https:\\\/\\\/pet24.md\\\/\",\"name\":\"Pet24\",\"description\":\"\u0417\u043e\u043e\u043c\u0430\u0433\u0430\u0437\u0438\u043d \u0442\u043e\u0432\u0430\u0440\u043e\u0432 \u0434\u043b\u044f \u0434\u043e\u043c\u0430\u0448\u043d\u0438\u0445 \u043f\u0438\u0442\u043e\u043c\u0446\u0435\u0432\",\"publisher\":{\"@id\":\"https:\\\/\\\/pet24.md\\\/#organization\"},\"potentialAction\":[{\"@type\":\"SearchAction\",\"target\":{\"@type\":\"EntryPoint\",\"urlTemplate\":\"https:\\\/\\\/pet24.md\\\/?s={search_term_string}\"},\"query-input\":{\"@type\":\"PropertyValueSpecification\",\"valueRequired\":true,\"valueName\":\"search_term_string\"}}],\"inLanguage\":\"ro-RO\"},{\"@type\":\"Organization\",\"@id\":\"https:\\\/\\\/pet24.md\\\/#organization\",\"name\":\"Pet24\",\"url\":\"https:\\\/\\\/pet24.md\\\/\",\"logo\":{\"@type\":\"ImageObject\",\"inLanguage\":\"ro-RO\",\"@id\":\"https:\\\/\\\/pet24.md\\\/#\\\/schema\\\/logo\\\/image\\\/\",\"url\":\"https:\\\/\\\/pet24.md\\\/wp-content\\\/uploads\\\/2024\\\/09\\\/logo.svg\",\"contentUrl\":\"https:\\\/\\\/pet24.md\\\/wp-content\\\/uploads\\\/2024\\\/09\\\/logo.svg\",\"width\":215,\"height\":66,\"caption\":\"Pet24\"},\"image\":{\"@id\":\"https:\\\/\\\/pet24.md\\\/#\\\/schema\\\/logo\\\/image\\\/\"},\"sameAs\":[\"https:\\\/\\\/www.facebook.com\\\/pet24.md\",\"https:\\\/\\\/www.instagram.com\\\/pet24.md\\\/\"],\"telephone\":\"+37360508880\"}]}<\/script>\n<!-- \/ Yoast SEO Premium plugin. -->","yoast_head_json":{"title":"Farfurie zbur\u0103toare Flyber, diametru 22 cm","description":"\u041a\u0443\u043f\u0438\u0442\u044c \u041b\u0435\u0442\u0430\u044e\u0449\u0430\u044f \u0442\u0430\u0440\u0435\u043b\u043a\u0430 \u0424\u043b\u0430\u0439\u0431\u0435\u0440, \u0434\u0438\u0430\u043c\u0435\u0442\u0440 22 \u0441\u043c \u0441 \u0434\u043e\u0441\u0442\u0430\u0432\u043a\u043e\u0439 \u043f\u043e \u041a\u0438\u0448\u0438\u043d\u0435\u0432\u0443 \u0438 \u0432\u0441\u0435\u0439 \u041c\u043e\u043b\u0434\u043e\u0432\u0435 \u043d\u0430 Pet24","robots":{"index":"index","follow":"follow","max-snippet":"max-snippet:-1","max-image-preview":"max-image-preview:large","max-video-preview":"max-video-preview:-1"},"canonical":"https:\/\/pet24.md\/ro\/produs\/letajushhaya-tarelka-flajber-diametr-22-sm\/","og_locale":"ro_RO","og_type":"article","og_title":"\u041b\u0435\u0442\u0430\u044e\u0449\u0430\u044f \u0442\u0430\u0440\u0435\u043b\u043a\u0430 \u0424\u043b\u0430\u0439\u0431\u0435\u0440, \u0434\u0438\u0430\u043c\u0435\u0442\u0440 22 \u0441\u043c","og_description":"\u041a\u0443\u043f\u0438\u0442\u044c \u041b\u0435\u0442\u0430\u044e\u0449\u0430\u044f \u0442\u0430\u0440\u0435\u043b\u043a\u0430 \u0424\u043b\u0430\u0439\u0431\u0435\u0440, \u0434\u0438\u0430\u043c\u0435\u0442\u0440 22 \u0441\u043c \u0441 \u0434\u043e\u0441\u0442\u0430\u0432\u043a\u043e\u0439 \u043f\u043e \u041a\u0438\u0448\u0438\u043d\u0435\u0432\u0443 \u0438 \u0432\u0441\u0435\u0439 \u041c\u043e\u043b\u0434\u043e\u0432\u0435 \u043d\u0430 Pet24","og_url":"https:\/\/pet24.md\/ro\/produs\/letajushhaya-tarelka-flajber-diametr-22-sm\/","og_site_name":"Pet24","article_publisher":"https:\/\/www.facebook.com\/pet24.md","article_modified_time":"2024-09-22T22:09:26+00:00","og_image":[{"width":583,"height":600,"url":"https:\/\/pet24.md\/wp-content\/uploads\/2024\/09\/novyj-proekt22.webp","type":"image\/webp"}],"twitter_card":"summary_large_image","schema":{"@context":"https:\/\/schema.org","@graph":[{"@type":"WebPage","@id":"https:\/\/pet24.md\/product\/letajushhaya-tarelka-flajber-diametr-22-sm\/","url":"https:\/\/pet24.md\/product\/letajushhaya-tarelka-flajber-diametr-22-sm\/","name":"Farfurie zbur\u0103toare Flyber, diametru 22 cm","isPartOf":{"@id":"https:\/\/pet24.md\/#website"},"primaryImageOfPage":{"@id":"https:\/\/pet24.md\/product\/letajushhaya-tarelka-flajber-diametr-22-sm\/#primaryimage"},"image":{"@id":"https:\/\/pet24.md\/product\/letajushhaya-tarelka-flajber-diametr-22-sm\/#primaryimage"},"thumbnailUrl":"https:\/\/pet24.md\/wp-content\/uploads\/2024\/09\/novyj-proekt22.webp","datePublished":"2020-10-06T18:25:13+00:00","dateModified":"2024-09-22T22:09:26+00:00","description":"\u041a\u0443\u043f\u0438\u0442\u044c \u041b\u0435\u0442\u0430\u044e\u0449\u0430\u044f \u0442\u0430\u0440\u0435\u043b\u043a\u0430 \u0424\u043b\u0430\u0439\u0431\u0435\u0440, \u0434\u0438\u0430\u043c\u0435\u0442\u0440 22 \u0441\u043c \u0441 \u0434\u043e\u0441\u0442\u0430\u0432\u043a\u043e\u0439 \u043f\u043e \u041a\u0438\u0448\u0438\u043d\u0435\u0432\u0443 \u0438 \u0432\u0441\u0435\u0439 \u041c\u043e\u043b\u0434\u043e\u0432\u0435 \u043d\u0430 Pet24","breadcrumb":{"@id":"https:\/\/pet24.md\/product\/letajushhaya-tarelka-flajber-diametr-22-sm\/#breadcrumb"},"inLanguage":"ro-RO","potentialAction":[{"@type":"ReadAction","target":["https:\/\/pet24.md\/product\/letajushhaya-tarelka-flajber-diametr-22-sm\/"]}]},{"@type":"ImageObject","inLanguage":"ro-RO","@id":"https:\/\/pet24.md\/product\/letajushhaya-tarelka-flajber-diametr-22-sm\/#primaryimage","url":"https:\/\/pet24.md\/wp-content\/uploads\/2024\/09\/novyj-proekt22.webp","contentUrl":"https:\/\/pet24.md\/wp-content\/uploads\/2024\/09\/novyj-proekt22.webp","width":583,"height":600,"caption":"novyj proekt22"},{"@type":"BreadcrumbList","@id":"https:\/\/pet24.md\/product\/letajushhaya-tarelka-flajber-diametr-22-sm\/#breadcrumb","itemListElement":[{"@type":"ListItem","position":1,"name":"\u0413\u043b\u0430\u0432\u043d\u0430\u044f \u0441\u0442\u0440\u0430\u043d\u0438\u0446\u0430","item":"https:\/\/pet24.md\/"},{"@type":"ListItem","position":2,"name":"\u041c\u0430\u0433\u0430\u0437\u0438\u043d","item":"https:\/\/pet24.md\/shop\/"},{"@type":"ListItem","position":3,"name":"\u041b\u0435\u0442\u0430\u044e\u0449\u0430\u044f \u0442\u0430\u0440\u0435\u043b\u043a\u0430 \u0424\u043b\u0430\u0439\u0431\u0435\u0440, \u0434\u0438\u0430\u043c\u0435\u0442\u0440 22 \u0441\u043c"}]},{"@type":"WebSite","@id":"https:\/\/pet24.md\/#website","url":"https:\/\/pet24.md\/","name":"Pet24","description":"Magazin de animale de companie","publisher":{"@id":"https:\/\/pet24.md\/#organization"},"potentialAction":[{"@type":"SearchAction","target":{"@type":"EntryPoint","urlTemplate":"https:\/\/pet24.md\/?s={search_term_string}"},"query-input":{"@type":"PropertyValueSpecification","valueRequired":true,"valueName":"search_term_string"}}],"inLanguage":"ro-RO"},{"@type":"Organization","@id":"https:\/\/pet24.md\/#organization","name":"Pet24","url":"https:\/\/pet24.md\/","logo":{"@type":"ImageObject","inLanguage":"ro-RO","@id":"https:\/\/pet24.md\/#\/schema\/logo\/image\/","url":"https:\/\/pet24.md\/wp-content\/uploads\/2024\/09\/logo.svg","contentUrl":"https:\/\/pet24.md\/wp-content\/uploads\/2024\/09\/logo.svg","width":215,"height":66,"caption":"Pet24"},"image":{"@id":"https:\/\/pet24.md\/#\/schema\/logo\/image\/"},"sameAs":["https:\/\/www.facebook.com\/pet24.md","https:\/\/www.instagram.com\/pet24.md\/"],"telephone":"+37360508880"}]}},"_links":{"self":[{"href":"https:\/\/pet24.md\/ro\/wp-json\/wp\/v2\/product\/8769","targetHints":{"allow":["GET"]}}],"collection":[{"href":"https:\/\/pet24.md\/ro\/wp-json\/wp\/v2\/product"}],"about":[{"href":"https:\/\/pet24.md\/ro\/wp-json\/wp\/v2\/types\/product"}],"replies":[{"embeddable":true,"href":"https:\/\/pet24.md\/ro\/wp-json\/wp\/v2\/comments?post=8769"}],"wp:featuredmedia":[{"embeddable":true,"href":"https:\/\/pet24.md\/ro\/wp-json\/wp\/v2\/media\/89139"}],"wp:attachment":[{"href":"https:\/\/pet24.md\/ro\/wp-json\/wp\/v2\/media?parent=8769"}],"wp:term":[{"taxonomy":"product_brand","embeddable":true,"href":"https:\/\/pet24.md\/ro\/wp-json\/wp\/v2\/product_brand?post=8769"},{"taxonomy":"product_cat","embeddable":true,"href":"https:\/\/pet24.md\/ro\/wp-json\/wp\/v2\/product_cat?post=8769"},{"taxonomy":"product_tag","embeddable":true,"href":"https:\/\/pet24.md\/ro\/wp-json\/wp\/v2\/product_tag?post=8769"}],"curies":[{"name":"wp","href":"https:\/\/api.w.org\/{rel}","templated":true}]}}